{"id":9669,"date":"2025-06-06T15:10:34","date_gmt":"2025-06-06T08:10:34","guid":{"rendered":"https:\/\/bsartstudio.vn\/products\/mid-autumn-lantern-festival-in-pig-moon-world-art-print\/"},"modified":"2026-01-08T15:46:08","modified_gmt":"2026-01-08T08:46:08","slug":"mid-autumn-lantern-festival-in-pig-moon-world-art-print","status":"publish","type":"product","link":"https:\/\/bsartstudio.vn\/vi\/products\/mid-autumn-lantern-festival-in-pig-moon-world-art-print\/","title":{"rendered":"R\u01b0\u1edbc \u0110\u00e8n Trung Thu t\u1ea1i Th\u1ebf Gi\u1edbi Pig Moon \u2013 Tranh in"},"content":{"rendered":"<h1><strong><span style=\"font-size: 18pt;\">R\u01b0\u1edbc \u0110\u00e8n Trung Thu t\u1ea1i Th\u1ebf Gi\u1edbi Pig Moon \u2013 Tranh in<\/span><\/strong><\/h1>\n<p><span style=\"color: #000000;\"><strong>\u201cR\u01b0\u1edbc \u0110\u00e8n Trung Thu t\u1ea1i Th\u1ebf Gi\u1edbi Pig Moon\u201d<\/strong> l\u00e0 m\u1ed9t b\u1ee9c tranh r\u1ef1c r\u1ee1 v\u00e0 \u0111\u1ea7y ni\u1ec1m vui, t\u00e1i hi\u1ec7n kh\u00f4ng kh\u00ed r\u1ed9n r\u00e0ng c\u1ee7a \u0111\u00eam Trung Thu t\u1ea1i th\u1ebf gi\u1edbi mi\u1ec1n c\u1ed5 t\u00edch Pig Moon do B\/S Art Studio s\u00e1ng t\u1ea1o.<\/span><\/p>\n<p><span style=\"color: #000000;\">L\u1ea5y c\u1ea3m h\u1ee9ng t\u1eeb nh\u1eefng nh\u00e2n v\u1eadt trong c\u00e1c cu\u1ed1n truy\u1ec7n tranh c\u1ed5 t\u00edch nh\u01b0 N\u00e0ng G\u1ea1o, Pig Moon, C\u1ecdp Hope, Ch\u1ecb D\u1eadu, B\u00f2 S\u1eefa, Chu\u1ed9t, M\u00e8o, C\u00e1, G\u00e0, Ch\u00f3, \u1ebech&#8230;, t\u00e1c ph\u1ea9m \u0111\u01b0a ng\u01b0\u1eddi xem tr\u1edf l\u1ea1i tu\u1ed5i th\u01a1 v\u1edbi c\u1ea3m x\u00fac trong tr\u1ebbo, h\u1ed3n nhi\u00ean. Khung c\u1ea3nh \u0111\u00eam tr\u0103ng hi\u1ec7n l\u00ean trong gam m\u00e0u h\u1ed3ng \u2013 v\u00e0ng \u1ea5m \u00e1p, \u00e1nh tr\u0103ng huy\u1ec1n \u1ea3o t\u1ecfa s\u00e1ng tr\u00ean m\u1eb7t s\u00f4ng t\u0129nh l\u1eb7ng. C\u00e1c lo\u00e0i v\u1eadt \u2013 m\u1ed7i nh\u00e2n v\u1eadt mang c\u00e1 t\u00ednh ri\u00eang \u2013 c\u00f9ng nhau r\u01b0\u1edbc \u0111\u00e8n Trung Thu, c\u01b0\u1eddi \u0111\u00f9a, nh\u1ea3y m\u00faa vui v\u1ebb b\u00ean c\u1ea1nh d\u00f2ng s\u00f4ng \u00eam \u0111\u1ec1m.<\/span><\/p>\n<p><span style=\"color: #000000;\">\u0110\u00e2y kh\u00f4ng ch\u1ec9 l\u00e0 l\u1ec5 h\u1ed9i c\u1ee7a \u00e1nh s\u00e1ng, m\u00e0 c\u00f2n l\u00e0 l\u1ec5 h\u1ed9i c\u1ee7a t\u00ecnh b\u1ea1n, k\u00fd \u1ee9c v\u00e0 s\u1ef1 g\u1eafn k\u1ebft. B\u1ee9c tranh l\u00e0 s\u1ef1 k\u1ebft h\u1ee3p gi\u1eefa tranh minh h\u1ecda thi\u1ebfu nhi v\u00e0 m\u1ef9 thu\u1eadt d\u00e2n gian \u0111\u01b0\u01a1ng \u0111\u1ea1i, \u1ea9n ch\u1ee9a chi\u1ec1u s\u00e2u c\u1ea3m x\u00fac v\u00e0 v\u0103n h\u00f3a.<\/span><\/p>\n<p class=\"wp-block-heading has-vivid-cyan-blue-color has-text-color has-link-color wp-elements-dd2e64f5e46f5d3addc834bb99947c53\"><a href=\"https:\/\/bsartstudio.vn\/vi\/nhan-vat-pig-moon-tim-hieu-van-hoa-viet-nam-thong-qua-sach-truyen-co-tich-nghe-thuat\/\" target=\"_blank\" rel=\"noopener\"><strong>Pig Moon<\/strong><\/a> <span style=\"color: #000000;\">\u2013 nh\u00e2n v\u1eadt ch\u00ednh trong s\u00e1ch truy\u1ec7n c\u1ed5 t\u00edch <strong>\u201cTr\u00e2u V\u00e0ng v\u00e0 C\u1eadu B\u00e9 &#8211; S\u1ef1 Huy\u1ec1n Di\u1ec7u c\u1ee7a \u00c1nh Tr\u0103ng\u201d.<\/strong><\/span><\/p>\n<p><span style=\"color: #000000;\">\u2013 B\u1ed9 s\u01b0u t\u1eadp Pig Moon:<\/span> <a href=\"https:\/\/bsartstudio.vn\/vi\/products-category\/the-gioi-trau-vang-pig-moon\/bo-suu-tap-pig-moon\/\" target=\"_blank\" rel=\"noopener\">Pig Moon\u2019s products<\/a><\/p>\n<p><span style=\"color: #000000;\">Li\u00ean h\u1ec7 ch\u00fang t\u00f4i \u0111\u1ec3 bi\u1ebft th\u00eam th\u00f4ng tin ho\u1eb7c \u0111\u1eb7t h\u00e0ng:<\/span> <span style=\"color: #0000ff;\">bsartstudioworkshop@gmail.com<\/span><\/p>\n","protected":false},"excerpt":{"rendered":"<p><span style=\"color: #000000;\"><strong>\u201cR\u01b0\u1edbc \u0110\u00e8n Trung Thu t\u1ea1i Th\u1ebf Gi\u1edbi Pig Moon\u201d <\/strong>v\u1edbi thi\u1ebft k\u1ebf nh\u00e2n v\u1eadt \u0111\u1ed9c \u0111\u00e1o v\u00e0 th\u00f4ng \u0111i\u1ec7p \u1ea9n d\u1ea5u , \u0111\u00e2y s\u1ebd l\u00e0 m\u00f3n qu\u00e0 \u00fd ngh\u0129a v\u00e0 \u0111\u1ed9c \u0111\u00e1o \u0111\u1ec3 b\u1ea1n l\u1ef1a ch\u1ecdn d\u00e0nh t\u1eb7ng ng\u01b0\u1eddi th\u00e2n, b\u1ea1n b\u00e8 v\u00e0 \u0111\u1ed1i t\u00e1c. <\/span><br \/>\n<span style=\"color: #000000;\">T\u00e1c ph\u1ea9m ngh\u1ec7 thu\u1eadt in \u1ea5n trang tr\u00ed \u0111\u1ed9c \u0111\u00e1o. Qu\u00e0 t\u1eb7ng v\u0103n h\u00f3a Vi\u1ec7t Nam.<\/span><\/p>\n<p><span style=\"color: #000000;\">Ch\u1ea5t li\u1ec7u: Tranh in ch\u1ea5t l\u01b0\u1ee3ng cao tr\u00ean Gi\u1ea5y M\u1ef9 Thu\u1eadt<\/span><\/p>\n<p><span style=\"color: #000000;\"><strong>K\u00edch th\u01b0\u1edbc Kh\u00f4ng khung:<\/strong><\/span><\/p>\n<p><span style=\"color: #000000;\">Size: 42cm x 30cm:<strong> 450.000 VND (18 $)<\/strong><\/span><\/p>\n<p><span style=\"color: #000000;\"><strong>K\u00edch th\u01b0\u1edbc C\u00f3 khung:<\/strong><\/span><\/p>\n<p><span style=\"color: #000000;\">Size: 45cm x 33cm: <strong>750.000 VND (30 $)<\/strong><\/span><\/p>\n<p><span style=\"color: #000000;\">G\u1eedi email cho ch\u00fang t\u00f4i:<\/span> <span style=\"color: #0000ff;\">bsartstudioworkshop@gmail.com<\/span> <span style=\"color: #000000;\">\u0111\u1ec3 l\u1ef1a ch\u1ecdn khung v\u00e0 k\u00edch th\u01b0\u1edbc.<\/span><\/p>\n","protected":false},"featured_media":9664,"template":"","meta":{"_et_pb_use_builder":"","_et_pb_old_content":"","_et_gb_content_width":""},"product_cat":[191,190,193,59,70,429,73],"product_tag":[694,645,646,181,702,686,687,688],"yoast_head":"<!-- This site is optimized with the Yoast SEO plugin v24.5 - https:\/\/yoast.com\/wordpress\/plugins\/seo\/ -->\n<title>R\u01b0\u1edbc \u0110\u00e8n Trung Thu t\u1ea1i Th\u1ebf Gi\u1edbi Pig Moon \u2013 Tranh in - B\/S Art Studio<\/title>\n<meta name=\"description\" content=\"R\u01b0\u1edbc \u0110\u00e8n Trung Thu - M\u1ed9t b\u1ee9c tranh c\u1ed5 t\u00edch lung linh d\u01b0\u1edbi \u00e1nh tr\u0103ng Trung Thu \u2013 n\u01a1i k\u00fd \u1ee9c tu\u1ed5i th\u01a1 v\u00e0 t\u00ecnh b\u1ea1n c\u00f9ng nhau t\u1ecfa s\u00e1ng\" \/>\n<meta name=\"robots\" content=\"index, follow, max-snippet:-1, max-image-preview:large, max-video-preview:-1\" \/>\n<link rel=\"canonical\" href=\"https:\/\/bsartstudio.vn\/vi\/products\/mid-autumn-lantern-festival-in-pig-moon-world-art-print\/\" \/>\n<meta property=\"og:locale\" content=\"vi_VN\" \/>\n<meta property=\"og:type\" content=\"article\" \/>\n<meta property=\"og:title\" content=\"R\u01b0\u1edbc \u0110\u00e8n Trung Thu t\u1ea1i Th\u1ebf Gi\u1edbi Pig Moon \u2013 Tranh in - B\/S Art Studio\" \/>\n<meta property=\"og:description\" content=\"R\u01b0\u1edbc \u0110\u00e8n Trung Thu - M\u1ed9t b\u1ee9c tranh c\u1ed5 t\u00edch lung linh d\u01b0\u1edbi \u00e1nh tr\u0103ng Trung Thu \u2013 n\u01a1i k\u00fd \u1ee9c tu\u1ed5i th\u01a1 v\u00e0 t\u00ecnh b\u1ea1n c\u00f9ng nhau t\u1ecfa s\u00e1ng\" \/>\n<meta property=\"og:url\" content=\"https:\/\/bsartstudio.vn\/vi\/products\/mid-autumn-lantern-festival-in-pig-moon-world-art-print\/\" \/>\n<meta property=\"og:site_name\" content=\"B\/S Art Studio\" \/>\n<meta property=\"article:modified_time\" content=\"2026-01-08T08:46:08+00:00\" \/>\n<meta property=\"og:image\" content=\"https:\/\/bsartstudio.vn\/wp-content\/uploads\/2025\/06\/Mid-Autumn-Lantern-Festival-in-Pig-Moon-World-2.jpg\" \/>\n\t<meta property=\"og:image:width\" content=\"1920\" \/>\n\t<meta property=\"og:image:height\" content=\"1920\" \/>\n\t<meta property=\"og:image:type\" content=\"image\/jpeg\" \/>\n<meta name=\"twitter:card\" content=\"summary_large_image\" \/>\n<meta name=\"twitter:label1\" content=\"Est. reading time\" \/>\n\t<meta name=\"twitter:data1\" content=\"2 minutes\" \/>\n<script type=\"application\/ld+json\" class=\"yoast-schema-graph\">{\"@context\":\"https:\/\/schema.org\",\"@graph\":[{\"@type\":\"WebPage\",\"@id\":\"https:\/\/bsartstudio.vn\/vi\/products\/mid-autumn-lantern-festival-in-pig-moon-world-art-print\/\",\"url\":\"https:\/\/bsartstudio.vn\/vi\/products\/mid-autumn-lantern-festival-in-pig-moon-world-art-print\/\",\"name\":\"R\u01b0\u1edbc \u0110\u00e8n Trung Thu t\u1ea1i Th\u1ebf Gi\u1edbi Pig Moon \u2013 Tranh in - B\/S Art Studio\",\"isPartOf\":{\"@id\":\"https:\/\/bsartstudio.vn\/ja\/#website\"},\"primaryImageOfPage\":{\"@id\":\"https:\/\/bsartstudio.vn\/vi\/products\/mid-autumn-lantern-festival-in-pig-moon-world-art-print\/#primaryimage\"},\"image\":{\"@id\":\"https:\/\/bsartstudio.vn\/vi\/products\/mid-autumn-lantern-festival-in-pig-moon-world-art-print\/#primaryimage\"},\"thumbnailUrl\":\"https:\/\/bsartstudio.vn\/wp-content\/uploads\/2025\/06\/Mid-Autumn-Lantern-Festival-in-Pig-Moon-World-2.jpg\",\"datePublished\":\"2025-06-06T08:10:34+00:00\",\"dateModified\":\"2026-01-08T08:46:08+00:00\",\"description\":\"R\u01b0\u1edbc \u0110\u00e8n Trung Thu - M\u1ed9t b\u1ee9c tranh c\u1ed5 t\u00edch lung linh d\u01b0\u1edbi \u00e1nh tr\u0103ng Trung Thu \u2013 n\u01a1i k\u00fd \u1ee9c tu\u1ed5i th\u01a1 v\u00e0 t\u00ecnh b\u1ea1n c\u00f9ng nhau t\u1ecfa s\u00e1ng\",\"breadcrumb\":{\"@id\":\"https:\/\/bsartstudio.vn\/vi\/products\/mid-autumn-lantern-festival-in-pig-moon-world-art-print\/#breadcrumb\"},\"inLanguage\":\"vi-VN\",\"potentialAction\":[{\"@type\":\"ReadAction\",\"target\":[\"https:\/\/bsartstudio.vn\/vi\/products\/mid-autumn-lantern-festival-in-pig-moon-world-art-print\/\"]}]},{\"@type\":\"ImageObject\",\"inLanguage\":\"vi-VN\",\"@id\":\"https:\/\/bsartstudio.vn\/vi\/products\/mid-autumn-lantern-festival-in-pig-moon-world-art-print\/#primaryimage\",\"url\":\"https:\/\/bsartstudio.vn\/wp-content\/uploads\/2025\/06\/Mid-Autumn-Lantern-Festival-in-Pig-Moon-World-2.jpg\",\"contentUrl\":\"https:\/\/bsartstudio.vn\/wp-content\/uploads\/2025\/06\/Mid-Autumn-Lantern-Festival-in-Pig-Moon-World-2.jpg\",\"width\":1920,\"height\":1920,\"caption\":\"R\u01b0\u1edbc \u0110\u00e8n Trung Thu t\u1ea1i Th\u1ebf Gi\u1edbi Pig Moon\"},{\"@type\":\"BreadcrumbList\",\"@id\":\"https:\/\/bsartstudio.vn\/vi\/products\/mid-autumn-lantern-festival-in-pig-moon-world-art-print\/#breadcrumb\",\"itemListElement\":[{\"@type\":\"ListItem\",\"position\":1,\"name\":\"Home\",\"item\":\"https:\/\/bsartstudio.vn\/en\/\"},{\"@type\":\"ListItem\",\"position\":2,\"name\":\"Shop\",\"item\":\"https:\/\/bsartstudio.vn\/en\/shop\/\"},{\"@type\":\"ListItem\",\"position\":3,\"name\":\"R\u01b0\u1edbc \u0110\u00e8n Trung Thu t\u1ea1i Th\u1ebf Gi\u1edbi Pig Moon \u2013 Tranh in\"}]},{\"@type\":\"WebSite\",\"@id\":\"https:\/\/bsartstudio.vn\/ja\/#website\",\"url\":\"https:\/\/bsartstudio.vn\/ja\/\",\"name\":\"B\/S Art Studio\",\"description\":\"\",\"publisher\":{\"@id\":\"https:\/\/bsartstudio.vn\/ja\/#organization\"},\"potentialAction\":[{\"@type\":\"SearchAction\",\"target\":{\"@type\":\"EntryPoint\",\"urlTemplate\":\"https:\/\/bsartstudio.vn\/ja\/?s={search_term_string}\"},\"query-input\":{\"@type\":\"PropertyValueSpecification\",\"valueRequired\":true,\"valueName\":\"search_term_string\"}}],\"inLanguage\":\"vi-VN\"},{\"@type\":\"Organization\",\"@id\":\"https:\/\/bsartstudio.vn\/ja\/#organization\",\"name\":\"B\/S Art Studio\",\"url\":\"https:\/\/bsartstudio.vn\/ja\/\",\"logo\":{\"@type\":\"ImageObject\",\"inLanguage\":\"vi-VN\",\"@id\":\"https:\/\/bsartstudio.vn\/ja\/#\/schema\/logo\/image\/\",\"url\":\"https:\/\/bsartstudio.vn\/wp-content\/uploads\/2020\/03\/54526018_2272576089468053_1525084505319145472_n.jpg\",\"contentUrl\":\"https:\/\/bsartstudio.vn\/wp-content\/uploads\/2020\/03\/54526018_2272576089468053_1525084505319145472_n.jpg\",\"width\":958,\"height\":958,\"caption\":\"B\/S Art Studio\"},\"image\":{\"@id\":\"https:\/\/bsartstudio.vn\/ja\/#\/schema\/logo\/image\/\"}}]}<\/script>\n<!-- \/ Yoast SEO plugin. -->","yoast_head_json":{"title":"R\u01b0\u1edbc \u0110\u00e8n Trung Thu t\u1ea1i Th\u1ebf Gi\u1edbi Pig Moon \u2013 Tranh in - B\/S Art Studio","description":"R\u01b0\u1edbc \u0110\u00e8n Trung Thu - M\u1ed9t b\u1ee9c tranh c\u1ed5 t\u00edch lung linh d\u01b0\u1edbi \u00e1nh tr\u0103ng Trung Thu \u2013 n\u01a1i k\u00fd \u1ee9c tu\u1ed5i th\u01a1 v\u00e0 t\u00ecnh b\u1ea1n c\u00f9ng nhau t\u1ecfa s\u00e1ng","robots":{"index":"index","follow":"follow","max-snippet":"max-snippet:-1","max-image-preview":"max-image-preview:large","max-video-preview":"max-video-preview:-1"},"canonical":"https:\/\/bsartstudio.vn\/vi\/products\/mid-autumn-lantern-festival-in-pig-moon-world-art-print\/","og_locale":"vi_VN","og_type":"article","og_title":"R\u01b0\u1edbc \u0110\u00e8n Trung Thu t\u1ea1i Th\u1ebf Gi\u1edbi Pig Moon \u2013 Tranh in - B\/S Art Studio","og_description":"R\u01b0\u1edbc \u0110\u00e8n Trung Thu - M\u1ed9t b\u1ee9c tranh c\u1ed5 t\u00edch lung linh d\u01b0\u1edbi \u00e1nh tr\u0103ng Trung Thu \u2013 n\u01a1i k\u00fd \u1ee9c tu\u1ed5i th\u01a1 v\u00e0 t\u00ecnh b\u1ea1n c\u00f9ng nhau t\u1ecfa s\u00e1ng","og_url":"https:\/\/bsartstudio.vn\/vi\/products\/mid-autumn-lantern-festival-in-pig-moon-world-art-print\/","og_site_name":"B\/S Art Studio","article_modified_time":"2026-01-08T08:46:08+00:00","og_image":[{"width":1920,"height":1920,"url":"https:\/\/bsartstudio.vn\/wp-content\/uploads\/2025\/06\/Mid-Autumn-Lantern-Festival-in-Pig-Moon-World-2.jpg","type":"image\/jpeg"}],"twitter_card":"summary_large_image","twitter_misc":{"Est. reading time":"2 minutes"},"schema":{"@context":"https:\/\/schema.org","@graph":[{"@type":"WebPage","@id":"https:\/\/bsartstudio.vn\/vi\/products\/mid-autumn-lantern-festival-in-pig-moon-world-art-print\/","url":"https:\/\/bsartstudio.vn\/vi\/products\/mid-autumn-lantern-festival-in-pig-moon-world-art-print\/","name":"R\u01b0\u1edbc \u0110\u00e8n Trung Thu t\u1ea1i Th\u1ebf Gi\u1edbi Pig Moon \u2013 Tranh in - B\/S Art Studio","isPartOf":{"@id":"https:\/\/bsartstudio.vn\/ja\/#website"},"primaryImageOfPage":{"@id":"https:\/\/bsartstudio.vn\/vi\/products\/mid-autumn-lantern-festival-in-pig-moon-world-art-print\/#primaryimage"},"image":{"@id":"https:\/\/bsartstudio.vn\/vi\/products\/mid-autumn-lantern-festival-in-pig-moon-world-art-print\/#primaryimage"},"thumbnailUrl":"https:\/\/bsartstudio.vn\/wp-content\/uploads\/2025\/06\/Mid-Autumn-Lantern-Festival-in-Pig-Moon-World-2.jpg","datePublished":"2025-06-06T08:10:34+00:00","dateModified":"2026-01-08T08:46:08+00:00","description":"R\u01b0\u1edbc \u0110\u00e8n Trung Thu - M\u1ed9t b\u1ee9c tranh c\u1ed5 t\u00edch lung linh d\u01b0\u1edbi \u00e1nh tr\u0103ng Trung Thu \u2013 n\u01a1i k\u00fd \u1ee9c tu\u1ed5i th\u01a1 v\u00e0 t\u00ecnh b\u1ea1n c\u00f9ng nhau t\u1ecfa s\u00e1ng","breadcrumb":{"@id":"https:\/\/bsartstudio.vn\/vi\/products\/mid-autumn-lantern-festival-in-pig-moon-world-art-print\/#breadcrumb"},"inLanguage":"vi-VN","potentialAction":[{"@type":"ReadAction","target":["https:\/\/bsartstudio.vn\/vi\/products\/mid-autumn-lantern-festival-in-pig-moon-world-art-print\/"]}]},{"@type":"ImageObject","inLanguage":"vi-VN","@id":"https:\/\/bsartstudio.vn\/vi\/products\/mid-autumn-lantern-festival-in-pig-moon-world-art-print\/#primaryimage","url":"https:\/\/bsartstudio.vn\/wp-content\/uploads\/2025\/06\/Mid-Autumn-Lantern-Festival-in-Pig-Moon-World-2.jpg","contentUrl":"https:\/\/bsartstudio.vn\/wp-content\/uploads\/2025\/06\/Mid-Autumn-Lantern-Festival-in-Pig-Moon-World-2.jpg","width":1920,"height":1920,"caption":"R\u01b0\u1edbc \u0110\u00e8n Trung Thu t\u1ea1i Th\u1ebf Gi\u1edbi Pig Moon"},{"@type":"BreadcrumbList","@id":"https:\/\/bsartstudio.vn\/vi\/products\/mid-autumn-lantern-festival-in-pig-moon-world-art-print\/#breadcrumb","itemListElement":[{"@type":"ListItem","position":1,"name":"Home","item":"https:\/\/bsartstudio.vn\/en\/"},{"@type":"ListItem","position":2,"name":"Shop","item":"https:\/\/bsartstudio.vn\/en\/shop\/"},{"@type":"ListItem","position":3,"name":"R\u01b0\u1edbc \u0110\u00e8n Trung Thu t\u1ea1i Th\u1ebf Gi\u1edbi Pig Moon \u2013 Tranh in"}]},{"@type":"WebSite","@id":"https:\/\/bsartstudio.vn\/ja\/#website","url":"https:\/\/bsartstudio.vn\/ja\/","name":"B\/S Art Studio","description":"","publisher":{"@id":"https:\/\/bsartstudio.vn\/ja\/#organization"},"potentialAction":[{"@type":"SearchAction","target":{"@type":"EntryPoint","urlTemplate":"https:\/\/bsartstudio.vn\/ja\/?s={search_term_string}"},"query-input":{"@type":"PropertyValueSpecification","valueRequired":true,"valueName":"search_term_string"}}],"inLanguage":"vi-VN"},{"@type":"Organization","@id":"https:\/\/bsartstudio.vn\/ja\/#organization","name":"B\/S Art Studio","url":"https:\/\/bsartstudio.vn\/ja\/","logo":{"@type":"ImageObject","inLanguage":"vi-VN","@id":"https:\/\/bsartstudio.vn\/ja\/#\/schema\/logo\/image\/","url":"https:\/\/bsartstudio.vn\/wp-content\/uploads\/2020\/03\/54526018_2272576089468053_1525084505319145472_n.jpg","contentUrl":"https:\/\/bsartstudio.vn\/wp-content\/uploads\/2020\/03\/54526018_2272576089468053_1525084505319145472_n.jpg","width":958,"height":958,"caption":"B\/S Art Studio"},"image":{"@id":"https:\/\/bsartstudio.vn\/ja\/#\/schema\/logo\/image\/"}}]}},"_links":{"self":[{"href":"https:\/\/bsartstudio.vn\/vi\/wp-json\/wp\/v2\/product\/9669"}],"collection":[{"href":"https:\/\/bsartstudio.vn\/vi\/wp-json\/wp\/v2\/product"}],"about":[{"href":"https:\/\/bsartstudio.vn\/vi\/wp-json\/wp\/v2\/types\/product"}],"wp:featuredmedia":[{"embeddable":true,"href":"https:\/\/bsartstudio.vn\/vi\/wp-json\/wp\/v2\/media\/9664"}],"wp:attachment":[{"href":"https:\/\/bsartstudio.vn\/vi\/wp-json\/wp\/v2\/media?parent=9669"}],"wp:term":[{"taxonomy":"product_cat","embeddable":true,"href":"https:\/\/bsartstudio.vn\/vi\/wp-json\/wp\/v2\/product_cat?post=9669"},{"taxonomy":"product_tag","embeddable":true,"href":"https:\/\/bsartstudio.vn\/vi\/wp-json\/wp\/v2\/product_tag?post=9669"}],"curies":[{"name":"wp","href":"https:\/\/api.w.org\/{rel}","templated":true}]}}