{"id":9656,"date":"2025-05-29T15:46:23","date_gmt":"2025-05-29T08:46:23","guid":{"rendered":"https:\/\/bsartstudio.vn\/products\/the-garden-of-legends-pig-moons-tea-ceremony-art-print\/"},"modified":"2026-01-13T15:07:09","modified_gmt":"2026-01-13T08:07:09","slug":"the-garden-of-legends-pig-moons-tea-ceremony-art-print","status":"publish","type":"product","link":"https:\/\/bsartstudio.vn\/vi\/products\/the-garden-of-legends-pig-moons-tea-ceremony-art-print\/","title":{"rendered":"V\u01b0\u1eddn S\u1eed T\u00edch \u2013 Pig Moon Th\u01b0\u1edfng Tr\u00e0  \u2013 Tranh In"},"content":{"rendered":"<h1><span style=\"color: #000000;\"><strong><span style=\"font-size: 18pt;\">V\u01b0\u1eddn S\u1eed T\u00edch \u2013 Pig Moon Th\u01b0\u1edfng Tr\u00e0 \u2013 Tranh In \u2013 Tranh Trang Tr\u00ed<\/span><\/strong><\/span><\/h1>\n<p><span style=\"color: #000000;\"><strong>&#8220;V\u01b0\u1eddn S\u1eed T\u00edch \u2013 Pig Moon Th\u01b0\u1edfng Tr\u00e0<\/strong>&#8221; l\u00e0 m\u1ed9t t\u00e1c ph\u1ea9m ngh\u1ec7 thu\u1eadt \u0111\u1ed9c \u0111\u00e1o l\u1ea5y c\u1ea3m h\u1ee9ng t\u1eeb th\u1ebf Bonsai \u201cNg\u01b0\u1ee3c\u201d \u2013 hay c\u00f2n g\u1ecdi l\u00e0 th\u1ebf \u0110\u00e1o Nguy\u1ec7t, m\u1ed9t phong c\u00e1ch t\u1ea1o h\u00ecnh c\u00e2y c\u1ea3nh \u0111\u1ea7y ch\u1ea5t th\u01a1 c\u1ee7a ngh\u1ec7 nh\u00e2n Vi\u1ec7t Nam. B\u1ee9c tranh t\u00e1i hi\u1ec7n m\u1ed9t kh\u00f4ng gian v\u1eeba h\u01b0 v\u1eeba th\u1ef1c \u2013 n\u01a1i g\u1eb7p g\u1ee1 c\u1ee7a thi\u00ean nhi\u00ean, con ng\u01b0\u1eddi v\u00e0 tr\u00ed tu\u1ec7 v\u01b0\u1ee3t th\u1eddi gian.<\/span><\/p>\n<p><span style=\"color: #000000;\">Trong khung c\u1ea3nh giao h\u00f2a gi\u1eefa tr\u1eddi v\u00e0 \u0111\u1ea5t, nh\u00e2n v\u1eadt Pig Moon v\u00e0 Ti\u1ec3u Th\u01b0 \u0111ang th\u01b0\u1edfng tr\u00e0 c\u00f9ng m\u1ed9t c\u1ee5 gi\u00e0 \u2013 h\u00ecnh \u1ea3nh bi\u1ec3u tr\u01b0ng cho tri th\u1ee9c v\u00e0 kinh nghi\u1ec7m s\u1ed1ng. Th\u00f4ng qua \u1ea5m tr\u00e0 ngon, cu\u1ed9c g\u1eb7p g\u1ee1 \u1ea5y l\u00e0 m\u1ed9t cu\u1ed9c tr\u00f2 chuy\u1ec7n xuy\u00ean th\u1ebf h\u1ec7, n\u01a1i ng\u01b0\u1eddi tr\u1ebb h\u1ecdc c\u00e1ch s\u1ed1ng \u0111\u1eb9p v\u00e0 s\u00e2u s\u1eafc t\u1eeb nh\u1eefng b\u00e0i h\u1ecdc c\u1ee7a ng\u01b0\u1eddi \u0111i tr\u01b0\u1edbc.<\/span><\/p>\n<p><span style=\"color: #000000;\"><strong>Th\u00f4ng \u0111i\u1ec7p ngh\u1ec7 thu\u1eadt:<\/strong><\/span><\/p>\n<p><span style=\"color: #000000;\">T\u00e1c ph\u1ea9m kh\u00f4ng ch\u1ec9 l\u00e0 s\u1ef1 k\u1ebft h\u1ee3p tinh t\u1ebf gi\u1eefa m\u1ef9 thu\u1eadt v\u00e0 thi ca, m\u00e0 c\u00f2n g\u1eedi g\u1eafm m\u1ed9t th\u00f4ng \u0111i\u1ec7p s\u00e2u s\u1eafc v\u1ec1 gi\u00e1o d\u1ee5c nh\u00e2n c\u00e1ch v\u00e0 gi\u00e1 tr\u1ecb s\u1ed1ng. Ngh\u1ec7 thu\u1eadt, trong &#8220;V\u01b0\u1eddn S\u1eed T\u00edch&#8221;, l\u00e0 c\u1ea7u n\u1ed1i gi\u1eefa qu\u00e1 kh\u1ee9 v\u00e0 hi\u1ec7n t\u1ea1i \u2013 l\u00e0 h\u00e0nh tr\u00ecnh t\u00ecm v\u1ec1 v\u1edbi Ch\u00e2n \u2013 Thi\u1ec7n \u2013 M\u1ef9 th\u00f4ng qua s\u1ef1 th\u1ea5u c\u1ea3m v\u1edbi thi\u00ean nhi\u00ean v\u00e0 con ng\u01b0\u1eddi.<\/span><\/p>\n<p><span style=\"color: #000000;\"><strong>Th\u01a1 \u0111\u1ec1 t\u1eb7ng t\u00e1c ph\u1ea9m:<\/strong><\/span><\/p>\n<p><span style=\"color: #000000;\">V\u01b0\u1eddn s\u1eed t\u00edch \u0111\u00e1 c\u01b0\u1eddi m\u00e2y n\u01b0\u1edbc<\/span><\/p>\n<p><span style=\"color: #000000;\">Ch\u1ed1n \u0111\u00e0o vi\u00ean, th\u01a1 d\u1ea1o kh\u00f3i s\u01b0\u01a1ng<\/span><\/p>\n<p><span style=\"color: #000000;\">Cao sang qu\u00e1n m\u1ed9ng b\u00ean \u0111\u01b0\u1eddng<\/span><\/p>\n<p><span style=\"color: #000000;\">Ho\u00e1 v\u0103n huy\u1ec1n tho\u1ea1i vi\u1ebft ch\u01b0\u01a1ng non t\u00f9ng<\/span><\/p>\n<p><span style=\"color: #000000;\">\u2013 Thi\u1ec1n s\u01b0 Minh \u0110\u1ee9c Tri\u1ec1u T\u00e2m \u1ea2nh<\/span><\/p>\n<p class=\"wp-block-heading has-vivid-cyan-blue-color has-text-color has-link-color wp-elements-dd2e64f5e46f5d3addc834bb99947c53\"><span style=\"color: #000000;\"><a style=\"color: #000000;\" href=\"https:\/\/bsartstudio.vn\/vi\/nhan-vat-pig-moon-tim-hieu-van-hoa-viet-nam-thong-qua-sach-truyen-co-tich-nghe-thuat\/\" target=\"_blank\" rel=\"noopener\"><strong>Pig Moon<\/strong><\/a> \u2013 nh\u00e2n v\u1eadt ch\u00ednh trong s\u00e1ch truy\u1ec7n c\u1ed5 t\u00edch <strong>\u201cTr\u00e2u V\u00e0ng v\u00e0 C\u1eadu B\u00e9 &#8211; S\u1ef1 Huy\u1ec1n Di\u1ec7u c\u1ee7a \u00c1nh Tr\u0103ng\u201d.<\/strong><\/span><\/p>\n<p><span style=\"color: #000000;\">\u2013 B\u1ed9 s\u01b0u t\u1eadp Pig Moon: <a style=\"color: #000000;\" href=\"https:\/\/bsartstudio.vn\/vi\/products-category\/the-gioi-trau-vang-pig-moon\/bo-suu-tap-pig-moon\/\" target=\"_blank\" rel=\"noopener\"><span style=\"color: #0000ff;\">Pig Moon\u2019s products<\/span><\/a><\/span><\/p>\n<p><span style=\"color: #000000;\">Li\u00ean h\u1ec7 ch\u00fang t\u00f4i \u0111\u1ec3 bi\u1ebft th\u00eam th\u00f4ng tin ho\u1eb7c \u0111\u1eb7t h\u00e0ng:<\/span><span style=\"color: #0000ff;\"> <strong>artproduct@bsartstudio.vn<\/strong><\/span><\/p>\n","protected":false},"excerpt":{"rendered":"<p><span style=\"color: #000000;\"><strong>V\u01b0\u1eddn S\u1eed T\u00edch \u2013 Pig Moon Th\u01b0\u1edfng Tr\u00e0 <\/strong>v\u1edbi thi\u1ebft k\u1ebf nh\u00e2n v\u1eadt \u0111\u1ed9c \u0111\u00e1o v\u00e0 th\u00f4ng \u0111i\u1ec7p \u1ea9n d\u1ea5u , \u0111\u00e2y s\u1ebd l\u00e0 m\u00f3n qu\u00e0 \u00fd ngh\u0129a v\u00e0 \u0111\u1ed9c \u0111\u00e1o \u0111\u1ec3 b\u1ea1n l\u1ef1a ch\u1ecdn d\u00e0nh t\u1eb7ng ng\u01b0\u1eddi th\u00e2n, b\u1ea1n b\u00e8 v\u00e0 \u0111\u1ed1i t\u00e1c. <\/span><br \/>\n<span style=\"color: #000000;\">T\u00e1c ph\u1ea9m ngh\u1ec7 thu\u1eadt in \u1ea5n trang tr\u00ed \u0111\u1ed9c \u0111\u00e1o. Qu\u00e0 t\u1eb7ng v\u0103n h\u00f3a Vi\u1ec7t Nam.<\/span><\/p>\n<p><span style=\"color: #000000;\">Ch\u1ea5t li\u1ec7u: Tranh in ch\u1ea5t l\u01b0\u1ee3ng cao tr\u00ean Gi\u1ea5y M\u1ef9 Thu\u1eadt<\/span><\/p>\n<p><span style=\"color: #000000;\"><strong>K\u00edch th\u01b0\u1edbc Kh\u00f4ng khung:<\/strong><\/span><\/p>\n<p><span style=\"color: #000000;\">Size: 42cm x 30cm:<strong> 450.000 VND (18 $)<\/strong><\/span><\/p>\n<p><span style=\"color: #000000;\"><strong>K\u00edch th\u01b0\u1edbc C\u00f3 khung:<\/strong><\/span><\/p>\n<p><span style=\"color: #000000;\">Size: 45cm x 33cm: <strong>750.000 VND (30 $)<\/strong><\/span><\/p>\n<p><span style=\"color: #000000;\">G\u1eedi email cho ch\u00fang t\u00f4i: <strong><span style=\"color: #0000ff;\">artproduct@bsartstudio.vn<\/span><\/strong>\u00a0\u0111\u1ec3 l\u1ef1a ch\u1ecdn khung v\u00e0 k\u00edch th\u01b0\u1edbc.<\/span><\/p>\n<p><span style=\"color: #000000;\">\u00a0<\/span><\/p>\n","protected":false},"featured_media":9651,"template":"","meta":{"_et_pb_use_builder":"","_et_pb_old_content":"","_et_gb_content_width":""},"product_cat":[190,59,70,429,73,63],"product_tag":[698,126,692,181,389,390,699,686],"yoast_head":"<!-- This site is optimized with the Yoast SEO plugin v24.5 - https:\/\/yoast.com\/wordpress\/plugins\/seo\/ -->\n<title>V\u01b0\u1eddn S\u1eed T\u00edch \u2013 Pig Moon Th\u01b0\u1edfng Tr\u00e0 \u2013 Tranh In - B\/S Art Studio<\/title>\n<meta name=\"description\" content=\"V\u01b0\u1eddn S\u1eed T\u00edch l\u00e0 c\u1ea7u n\u1ed1i gi\u1eefa qu\u00e1 kh\u1ee9 v\u00e0 hi\u1ec7n t\u1ea1i \u2013 l\u00e0 h\u00e0nh tr\u00ecnh t\u00ecm v\u1ec1 v\u1edbi Ch\u00e2n \u2013 Thi\u1ec7n \u2013 M\u1ef9 th\u00f4ng qua s\u1ef1 th\u1ea5u c\u1ea3m v\u1edbi thi\u00ean nhi\u00ean v\u00e0 con ng\u01b0\u1eddi.\" \/>\n<meta name=\"robots\" content=\"index, follow, max-snippet:-1, max-image-preview:large, max-video-preview:-1\" \/>\n<link rel=\"canonical\" href=\"https:\/\/bsartstudio.vn\/vi\/products\/the-garden-of-legends-pig-moons-tea-ceremony-art-print\/\" \/>\n<meta property=\"og:locale\" content=\"vi_VN\" \/>\n<meta property=\"og:type\" content=\"article\" \/>\n<meta property=\"og:title\" content=\"V\u01b0\u1eddn S\u1eed T\u00edch \u2013 Pig Moon Th\u01b0\u1edfng Tr\u00e0 \u2013 Tranh In - B\/S Art Studio\" \/>\n<meta property=\"og:description\" content=\"V\u01b0\u1eddn S\u1eed T\u00edch l\u00e0 c\u1ea7u n\u1ed1i gi\u1eefa qu\u00e1 kh\u1ee9 v\u00e0 hi\u1ec7n t\u1ea1i \u2013 l\u00e0 h\u00e0nh tr\u00ecnh t\u00ecm v\u1ec1 v\u1edbi Ch\u00e2n \u2013 Thi\u1ec7n \u2013 M\u1ef9 th\u00f4ng qua s\u1ef1 th\u1ea5u c\u1ea3m v\u1edbi thi\u00ean nhi\u00ean v\u00e0 con ng\u01b0\u1eddi.\" \/>\n<meta property=\"og:url\" content=\"https:\/\/bsartstudio.vn\/vi\/products\/the-garden-of-legends-pig-moons-tea-ceremony-art-print\/\" \/>\n<meta property=\"og:site_name\" content=\"B\/S Art Studio\" \/>\n<meta property=\"article:modified_time\" content=\"2026-01-13T08:07:09+00:00\" \/>\n<meta property=\"og:image\" content=\"https:\/\/bsartstudio.vn\/wp-content\/uploads\/2025\/05\/The-Garden-of-Legends-2.jpg\" \/>\n\t<meta property=\"og:image:width\" content=\"1920\" \/>\n\t<meta property=\"og:image:height\" content=\"1920\" \/>\n\t<meta property=\"og:image:type\" content=\"image\/jpeg\" \/>\n<meta name=\"twitter:card\" content=\"summary_large_image\" \/>\n<meta name=\"twitter:label1\" content=\"Est. reading time\" \/>\n\t<meta name=\"twitter:data1\" content=\"2 minutes\" \/>\n<script type=\"application\/ld+json\" class=\"yoast-schema-graph\">{\"@context\":\"https:\/\/schema.org\",\"@graph\":[{\"@type\":\"WebPage\",\"@id\":\"https:\/\/bsartstudio.vn\/vi\/products\/the-garden-of-legends-pig-moons-tea-ceremony-art-print\/\",\"url\":\"https:\/\/bsartstudio.vn\/vi\/products\/the-garden-of-legends-pig-moons-tea-ceremony-art-print\/\",\"name\":\"V\u01b0\u1eddn S\u1eed T\u00edch \u2013 Pig Moon Th\u01b0\u1edfng Tr\u00e0 \u2013 Tranh In - B\/S Art Studio\",\"isPartOf\":{\"@id\":\"https:\/\/bsartstudio.vn\/ja\/#website\"},\"primaryImageOfPage\":{\"@id\":\"https:\/\/bsartstudio.vn\/vi\/products\/the-garden-of-legends-pig-moons-tea-ceremony-art-print\/#primaryimage\"},\"image\":{\"@id\":\"https:\/\/bsartstudio.vn\/vi\/products\/the-garden-of-legends-pig-moons-tea-ceremony-art-print\/#primaryimage\"},\"thumbnailUrl\":\"https:\/\/bsartstudio.vn\/wp-content\/uploads\/2025\/05\/The-Garden-of-Legends-2.jpg\",\"datePublished\":\"2025-05-29T08:46:23+00:00\",\"dateModified\":\"2026-01-13T08:07:09+00:00\",\"description\":\"V\u01b0\u1eddn S\u1eed T\u00edch l\u00e0 c\u1ea7u n\u1ed1i gi\u1eefa qu\u00e1 kh\u1ee9 v\u00e0 hi\u1ec7n t\u1ea1i \u2013 l\u00e0 h\u00e0nh tr\u00ecnh t\u00ecm v\u1ec1 v\u1edbi Ch\u00e2n \u2013 Thi\u1ec7n \u2013 M\u1ef9 th\u00f4ng qua s\u1ef1 th\u1ea5u c\u1ea3m v\u1edbi thi\u00ean nhi\u00ean v\u00e0 con ng\u01b0\u1eddi.\",\"breadcrumb\":{\"@id\":\"https:\/\/bsartstudio.vn\/vi\/products\/the-garden-of-legends-pig-moons-tea-ceremony-art-print\/#breadcrumb\"},\"inLanguage\":\"vi-VN\",\"potentialAction\":[{\"@type\":\"ReadAction\",\"target\":[\"https:\/\/bsartstudio.vn\/vi\/products\/the-garden-of-legends-pig-moons-tea-ceremony-art-print\/\"]}]},{\"@type\":\"ImageObject\",\"inLanguage\":\"vi-VN\",\"@id\":\"https:\/\/bsartstudio.vn\/vi\/products\/the-garden-of-legends-pig-moons-tea-ceremony-art-print\/#primaryimage\",\"url\":\"https:\/\/bsartstudio.vn\/wp-content\/uploads\/2025\/05\/The-Garden-of-Legends-2.jpg\",\"contentUrl\":\"https:\/\/bsartstudio.vn\/wp-content\/uploads\/2025\/05\/The-Garden-of-Legends-2.jpg\",\"width\":1920,\"height\":1920,\"caption\":\"V\u01b0\u1eddn S\u1eed T\u00edch \u2013 Pig Moon Th\u01b0\u1edfng Tr\u00e0\"},{\"@type\":\"BreadcrumbList\",\"@id\":\"https:\/\/bsartstudio.vn\/vi\/products\/the-garden-of-legends-pig-moons-tea-ceremony-art-print\/#breadcrumb\",\"itemListElement\":[{\"@type\":\"ListItem\",\"position\":1,\"name\":\"Home\",\"item\":\"https:\/\/bsartstudio.vn\/en\/\"},{\"@type\":\"ListItem\",\"position\":2,\"name\":\"Shop\",\"item\":\"https:\/\/bsartstudio.vn\/en\/shop\/\"},{\"@type\":\"ListItem\",\"position\":3,\"name\":\"V\u01b0\u1eddn S\u1eed T\u00edch \u2013 Pig Moon Th\u01b0\u1edfng Tr\u00e0 \u2013 Tranh In\"}]},{\"@type\":\"WebSite\",\"@id\":\"https:\/\/bsartstudio.vn\/ja\/#website\",\"url\":\"https:\/\/bsartstudio.vn\/ja\/\",\"name\":\"B\/S Art Studio\",\"description\":\"\",\"publisher\":{\"@id\":\"https:\/\/bsartstudio.vn\/ja\/#organization\"},\"potentialAction\":[{\"@type\":\"SearchAction\",\"target\":{\"@type\":\"EntryPoint\",\"urlTemplate\":\"https:\/\/bsartstudio.vn\/ja\/?s={search_term_string}\"},\"query-input\":{\"@type\":\"PropertyValueSpecification\",\"valueRequired\":true,\"valueName\":\"search_term_string\"}}],\"inLanguage\":\"vi-VN\"},{\"@type\":\"Organization\",\"@id\":\"https:\/\/bsartstudio.vn\/ja\/#organization\",\"name\":\"B\/S Art Studio\",\"url\":\"https:\/\/bsartstudio.vn\/ja\/\",\"logo\":{\"@type\":\"ImageObject\",\"inLanguage\":\"vi-VN\",\"@id\":\"https:\/\/bsartstudio.vn\/ja\/#\/schema\/logo\/image\/\",\"url\":\"https:\/\/bsartstudio.vn\/wp-content\/uploads\/2020\/03\/54526018_2272576089468053_1525084505319145472_n.jpg\",\"contentUrl\":\"https:\/\/bsartstudio.vn\/wp-content\/uploads\/2020\/03\/54526018_2272576089468053_1525084505319145472_n.jpg\",\"width\":958,\"height\":958,\"caption\":\"B\/S Art Studio\"},\"image\":{\"@id\":\"https:\/\/bsartstudio.vn\/ja\/#\/schema\/logo\/image\/\"}}]}<\/script>\n<!-- \/ Yoast SEO plugin. -->","yoast_head_json":{"title":"V\u01b0\u1eddn S\u1eed T\u00edch \u2013 Pig Moon Th\u01b0\u1edfng Tr\u00e0 \u2013 Tranh In - B\/S Art Studio","description":"V\u01b0\u1eddn S\u1eed T\u00edch l\u00e0 c\u1ea7u n\u1ed1i gi\u1eefa qu\u00e1 kh\u1ee9 v\u00e0 hi\u1ec7n t\u1ea1i \u2013 l\u00e0 h\u00e0nh tr\u00ecnh t\u00ecm v\u1ec1 v\u1edbi Ch\u00e2n \u2013 Thi\u1ec7n \u2013 M\u1ef9 th\u00f4ng qua s\u1ef1 th\u1ea5u c\u1ea3m v\u1edbi thi\u00ean nhi\u00ean v\u00e0 con ng\u01b0\u1eddi.","robots":{"index":"index","follow":"follow","max-snippet":"max-snippet:-1","max-image-preview":"max-image-preview:large","max-video-preview":"max-video-preview:-1"},"canonical":"https:\/\/bsartstudio.vn\/vi\/products\/the-garden-of-legends-pig-moons-tea-ceremony-art-print\/","og_locale":"vi_VN","og_type":"article","og_title":"V\u01b0\u1eddn S\u1eed T\u00edch \u2013 Pig Moon Th\u01b0\u1edfng Tr\u00e0 \u2013 Tranh In - B\/S Art Studio","og_description":"V\u01b0\u1eddn S\u1eed T\u00edch l\u00e0 c\u1ea7u n\u1ed1i gi\u1eefa qu\u00e1 kh\u1ee9 v\u00e0 hi\u1ec7n t\u1ea1i \u2013 l\u00e0 h\u00e0nh tr\u00ecnh t\u00ecm v\u1ec1 v\u1edbi Ch\u00e2n \u2013 Thi\u1ec7n \u2013 M\u1ef9 th\u00f4ng qua s\u1ef1 th\u1ea5u c\u1ea3m v\u1edbi thi\u00ean nhi\u00ean v\u00e0 con ng\u01b0\u1eddi.","og_url":"https:\/\/bsartstudio.vn\/vi\/products\/the-garden-of-legends-pig-moons-tea-ceremony-art-print\/","og_site_name":"B\/S Art Studio","article_modified_time":"2026-01-13T08:07:09+00:00","og_image":[{"width":1920,"height":1920,"url":"https:\/\/bsartstudio.vn\/wp-content\/uploads\/2025\/05\/The-Garden-of-Legends-2.jpg","type":"image\/jpeg"}],"twitter_card":"summary_large_image","twitter_misc":{"Est. reading time":"2 minutes"},"schema":{"@context":"https:\/\/schema.org","@graph":[{"@type":"WebPage","@id":"https:\/\/bsartstudio.vn\/vi\/products\/the-garden-of-legends-pig-moons-tea-ceremony-art-print\/","url":"https:\/\/bsartstudio.vn\/vi\/products\/the-garden-of-legends-pig-moons-tea-ceremony-art-print\/","name":"V\u01b0\u1eddn S\u1eed T\u00edch \u2013 Pig Moon Th\u01b0\u1edfng Tr\u00e0 \u2013 Tranh In - B\/S Art Studio","isPartOf":{"@id":"https:\/\/bsartstudio.vn\/ja\/#website"},"primaryImageOfPage":{"@id":"https:\/\/bsartstudio.vn\/vi\/products\/the-garden-of-legends-pig-moons-tea-ceremony-art-print\/#primaryimage"},"image":{"@id":"https:\/\/bsartstudio.vn\/vi\/products\/the-garden-of-legends-pig-moons-tea-ceremony-art-print\/#primaryimage"},"thumbnailUrl":"https:\/\/bsartstudio.vn\/wp-content\/uploads\/2025\/05\/The-Garden-of-Legends-2.jpg","datePublished":"2025-05-29T08:46:23+00:00","dateModified":"2026-01-13T08:07:09+00:00","description":"V\u01b0\u1eddn S\u1eed T\u00edch l\u00e0 c\u1ea7u n\u1ed1i gi\u1eefa qu\u00e1 kh\u1ee9 v\u00e0 hi\u1ec7n t\u1ea1i \u2013 l\u00e0 h\u00e0nh tr\u00ecnh t\u00ecm v\u1ec1 v\u1edbi Ch\u00e2n \u2013 Thi\u1ec7n \u2013 M\u1ef9 th\u00f4ng qua s\u1ef1 th\u1ea5u c\u1ea3m v\u1edbi thi\u00ean nhi\u00ean v\u00e0 con ng\u01b0\u1eddi.","breadcrumb":{"@id":"https:\/\/bsartstudio.vn\/vi\/products\/the-garden-of-legends-pig-moons-tea-ceremony-art-print\/#breadcrumb"},"inLanguage":"vi-VN","potentialAction":[{"@type":"ReadAction","target":["https:\/\/bsartstudio.vn\/vi\/products\/the-garden-of-legends-pig-moons-tea-ceremony-art-print\/"]}]},{"@type":"ImageObject","inLanguage":"vi-VN","@id":"https:\/\/bsartstudio.vn\/vi\/products\/the-garden-of-legends-pig-moons-tea-ceremony-art-print\/#primaryimage","url":"https:\/\/bsartstudio.vn\/wp-content\/uploads\/2025\/05\/The-Garden-of-Legends-2.jpg","contentUrl":"https:\/\/bsartstudio.vn\/wp-content\/uploads\/2025\/05\/The-Garden-of-Legends-2.jpg","width":1920,"height":1920,"caption":"V\u01b0\u1eddn S\u1eed T\u00edch \u2013 Pig Moon Th\u01b0\u1edfng Tr\u00e0"},{"@type":"BreadcrumbList","@id":"https:\/\/bsartstudio.vn\/vi\/products\/the-garden-of-legends-pig-moons-tea-ceremony-art-print\/#breadcrumb","itemListElement":[{"@type":"ListItem","position":1,"name":"Home","item":"https:\/\/bsartstudio.vn\/en\/"},{"@type":"ListItem","position":2,"name":"Shop","item":"https:\/\/bsartstudio.vn\/en\/shop\/"},{"@type":"ListItem","position":3,"name":"V\u01b0\u1eddn S\u1eed T\u00edch \u2013 Pig Moon Th\u01b0\u1edfng Tr\u00e0 \u2013 Tranh In"}]},{"@type":"WebSite","@id":"https:\/\/bsartstudio.vn\/ja\/#website","url":"https:\/\/bsartstudio.vn\/ja\/","name":"B\/S Art Studio","description":"","publisher":{"@id":"https:\/\/bsartstudio.vn\/ja\/#organization"},"potentialAction":[{"@type":"SearchAction","target":{"@type":"EntryPoint","urlTemplate":"https:\/\/bsartstudio.vn\/ja\/?s={search_term_string}"},"query-input":{"@type":"PropertyValueSpecification","valueRequired":true,"valueName":"search_term_string"}}],"inLanguage":"vi-VN"},{"@type":"Organization","@id":"https:\/\/bsartstudio.vn\/ja\/#organization","name":"B\/S Art Studio","url":"https:\/\/bsartstudio.vn\/ja\/","logo":{"@type":"ImageObject","inLanguage":"vi-VN","@id":"https:\/\/bsartstudio.vn\/ja\/#\/schema\/logo\/image\/","url":"https:\/\/bsartstudio.vn\/wp-content\/uploads\/2020\/03\/54526018_2272576089468053_1525084505319145472_n.jpg","contentUrl":"https:\/\/bsartstudio.vn\/wp-content\/uploads\/2020\/03\/54526018_2272576089468053_1525084505319145472_n.jpg","width":958,"height":958,"caption":"B\/S Art Studio"},"image":{"@id":"https:\/\/bsartstudio.vn\/ja\/#\/schema\/logo\/image\/"}}]}},"_links":{"self":[{"href":"https:\/\/bsartstudio.vn\/vi\/wp-json\/wp\/v2\/product\/9656"}],"collection":[{"href":"https:\/\/bsartstudio.vn\/vi\/wp-json\/wp\/v2\/product"}],"about":[{"href":"https:\/\/bsartstudio.vn\/vi\/wp-json\/wp\/v2\/types\/product"}],"wp:featuredmedia":[{"embeddable":true,"href":"https:\/\/bsartstudio.vn\/vi\/wp-json\/wp\/v2\/media\/9651"}],"wp:attachment":[{"href":"https:\/\/bsartstudio.vn\/vi\/wp-json\/wp\/v2\/media?parent=9656"}],"wp:term":[{"taxonomy":"product_cat","embeddable":true,"href":"https:\/\/bsartstudio.vn\/vi\/wp-json\/wp\/v2\/product_cat?post=9656"},{"taxonomy":"product_tag","embeddable":true,"href":"https:\/\/bsartstudio.vn\/vi\/wp-json\/wp\/v2\/product_tag?post=9656"}],"curies":[{"name":"wp","href":"https:\/\/api.w.org\/{rel}","templated":true}]}}