{"id":9608,"date":"2025-05-16T19:08:59","date_gmt":"2025-05-16T12:08:59","guid":{"rendered":"https:\/\/bsartstudio.vn\/products\/golden-hues-on-terraced-fields-art-print-wall-art-decor\/"},"modified":"2026-01-13T16:06:52","modified_gmt":"2026-01-13T09:06:52","slug":"golden-hues-on-terraced-fields-art-print-wall-art-decor","status":"publish","type":"product","link":"https:\/\/bsartstudio.vn\/vi\/products\/golden-hues-on-terraced-fields-art-print-wall-art-decor\/","title":{"rendered":"S\u1eafc V\u00e0ng Tr\u00ean Ru\u1ed9ng B\u1eadc Thang \u2013 Tranh In \u2013 Tranh Trang Tr\u00ed"},"content":{"rendered":"<h1><strong><span style=\"font-size: 18pt;\">S\u1eafc V\u00e0ng Tr\u00ean Ru\u1ed9ng B\u1eadc Thang \u2013 Tranh In \u2013 Tranh Trang Tr\u00ed<\/span><\/strong><\/h1>\n<p><span style=\"color: #000000;\">Pig Moon v\u00e0 C\u1eadu B\u00e9 &#8211; h\u00e0nh tr\u00ecnh kh\u00e1m ph\u00e1 v\u1ebb \u0111\u1eb9p v\u00f9ng T\u00e2y B\u1eafc m\u00f9a l\u00faa v\u00e0ng<\/span><\/p>\n<p><span style=\"color: #000000;\">Gi\u1eefa s\u1eafc tr\u1eddi ho\u00e0ng h\u00f4n, Pig Moon v\u00e0 C\u1eadu B\u00e9 b\u0103ng qua nh\u1eefng th\u1eeda ru\u1ed9ng b\u1eadc thang v\u00e0ng \u00f3ng, n\u01a1i m\u00f9a l\u00faa ch\u00edn n\u1edf r\u1ed9 nh\u01b0 nh\u1eefng c\u01a1n s\u00f3ng l\u0103n nh\u1eb9 tr\u00ean l\u01b0ng n\u00fai. Nh\u1eefng th\u1eeda ru\u1ed9ng t\u1ea7ng t\u1ea7ng, l\u1edbp l\u1edbp n\u1ed1i ti\u1ebfp nhau, \u00f4m l\u1ea5y s\u01b0\u1eddn n\u00fai xanh th\u1eb3m, t\u1ea1o n\u00ean khung c\u1ea3nh \u0111\u1ea5t tr\u1eddi h\u00f9ng v\u0129, n\u00ean th\u01a1 v\u00e0 \u1ea5m \u00e1p.<\/span><\/p>\n<p><span style=\"color: #000000;\">&#8220;<strong>S\u1eafc V\u00e0ng Tr\u00ean Ru\u1ed9ng B\u1eadc Thang<\/strong>&#8221; l\u00e0 t\u00e1c ph\u1ea9m \u0111\u01b0\u1ee3c th\u1ef1c hi\u1ec7n b\u1eb1ng ch\u00ec m\u00e0u tr\u00ean gi\u1ea5y m\u1ef9 thu\u1eadt, v\u1edbi mong mu\u1ed1n l\u01b0u gi\u1eef m\u1ed9t kho\u1ea3nh kh\u1eafc b\u00ecnh y\u00ean v\u00e0 nh\u1eb9 nh\u00e0ng c\u1ee7a thi\u00ean nhi\u00ean T\u00e2y B\u1eafc, Vi\u1ec7t Nam \u2013 n\u01a1i con ng\u01b0\u1eddi v\u00e0 thi\u00ean nhi\u00ean s\u1ed1ng h\u00f2a quy\u1ec7n trong nh\u1ecbp \u0111i\u1ec7u c\u1ee7a \u0111\u1ea5t tr\u1eddi.<\/span><\/p>\n<p class=\"wp-block-heading has-vivid-cyan-blue-color has-text-color has-link-color wp-elements-dd2e64f5e46f5d3addc834bb99947c53\"><a href=\"https:\/\/bsartstudio.vn\/vi\/nhan-vat-pig-moon-tim-hieu-van-hoa-viet-nam-thong-qua-sach-truyen-co-tich-nghe-thuat\/\" target=\"_blank\" rel=\"noopener\"><span style=\"color: #0000ff;\"><strong>Pig Moon<\/strong><\/span><\/a> \u2013 <span style=\"color: #000000;\">nh\u00e2n v\u1eadt ch\u00ednh trong s\u00e1ch truy\u1ec7n c\u1ed5 t\u00edch song ng\u1eef <strong>&#8220;Tr\u00e2u V\u00e0ng v\u00e0 C\u1eadu B\u00e9 &#8211; S\u1ef1 huy\u1ec1n di\u1ec7u c\u1ee7a \u00c1nh Tr\u0103ng&#8221;<\/strong><\/span><\/p>\n<p><span style=\"color: #000000;\">\u2013 B\u1ed9 s\u01b0u t\u1eadp c\u00e1c s\u1ea3n ph\u1ea9m c\u1ee7a Pig Moon: <a style=\"color: #000000;\" href=\"https:\/\/bsartstudio.vn\/vi\/products-category\/the-gioi-trau-vang-pig-moon\/bo-suu-tap-pig-moon\/\" target=\"_blank\" rel=\"noopener\"><span style=\"color: #0000ff;\">Pig Moon\u2019s products<\/span><\/a><\/span><\/p>\n<p><span style=\"color: #000000;\">G\u1eedi email cho ch\u00fang t\u00f4i: <span style=\"color: #0000ff;\"><strong>artproduct@bsartstudio.vn<\/strong><\/span><\/span><\/p>\n","protected":false},"excerpt":{"rendered":"<p><span style=\"color: #000000;\"><strong>S\u1eafc V\u00e0ng Tr\u00ean Ru\u1ed9ng B\u1eadc Thang<\/strong> v\u1edbi thi\u1ebft k\u1ebf nh\u00e2n v\u1eadt \u0111\u1ed9c \u0111\u00e1o v\u00e0 th\u00f4ng \u0111i\u1ec7p \u1ea9n d\u1ea5u , \u0111\u00e2y s\u1ebd l\u00e0 m\u00f3n qu\u00e0 \u00fd ngh\u0129a v\u00e0 \u0111\u1ed9c \u0111\u00e1o \u0111\u1ec3 b\u1ea1n l\u1ef1a ch\u1ecdn d\u00e0nh t\u1eb7ng ng\u01b0\u1eddi th\u00e2n, b\u1ea1n b\u00e8 v\u00e0 \u0111\u1ed1i t\u00e1c. <\/span><br \/>\n<span style=\"color: #000000;\">T\u00e1c ph\u1ea9m ngh\u1ec7 thu\u1eadt in \u1ea5n trang tr\u00ed \u0111\u1ed9c \u0111\u00e1o. Qu\u00e0 t\u1eb7ng v\u0103n h\u00f3a Vi\u1ec7t Nam.<\/span><\/p>\n<p><span style=\"color: #000000;\">Ch\u1ea5t li\u1ec7u: Tranh in ch\u1ea5t l\u01b0\u1ee3ng cao tr\u00ean Gi\u1ea5y M\u1ef9 Thu\u1eadt<\/span><\/p>\n<p><span style=\"color: #000000;\"><strong>K\u00edch th\u01b0\u1edbc Kh\u00f4ng khung:<\/strong><\/span><\/p>\n<p><span style=\"color: #000000;\">Size: 42cm x 30cm:<strong> 450.000 VND (18 $)<\/strong><\/span><\/p>\n<p><span style=\"color: #000000;\"><strong>K\u00edch th\u01b0\u1edbc C\u00f3 khung:<\/strong><\/span><\/p>\n<p><span style=\"color: #000000;\">Size: 45cm x 33cm: <strong>750.000 VND (30 $)<\/strong><\/span><\/p>\n<p><span style=\"color: #000000;\">G\u1eedi email cho ch\u00fang t\u00f4i: <strong><span style=\"color: #0000ff;\">artproduct@bsartstudio.vn<\/span><\/strong> \u0111\u1ec3 l\u1ef1a ch\u1ecdn khung v\u00e0 k\u00edch th\u01b0\u1edbc.<\/span><\/p>\n","protected":false},"featured_media":9606,"template":"","meta":{"_et_pb_use_builder":"","_et_pb_old_content":"","_et_gb_content_width":""},"product_cat":[190,59,70,429,73,63],"product_tag":[181,122,684,685,686,687,688],"yoast_head":"<!-- This site is optimized with the Yoast SEO plugin v24.5 - https:\/\/yoast.com\/wordpress\/plugins\/seo\/ -->\n<title>S\u1eafc V\u00e0ng Tr\u00ean Ru\u1ed9ng B\u1eadc Thang \u2013 Tranh In \u2013 Tranh Trang Tr\u00ed - B\/S Art Studio<\/title>\n<meta name=\"description\" content=\"S\u1eafc V\u00e0ng Tr\u00ean Ru\u1ed9ng B\u1eadc Thang \u2013 Tranh In Pig Moon v\u00e0 C\u1eadu B\u00e9 b\u0103ng qua nh\u1eefng th\u1eeda ru\u1ed9ng b\u1eadc thang v\u00e0ng \u00f3ng, n\u01a1i m\u00f9a l\u00faa ch\u00edn n\u1edf r\u1ed9 nh\u01b0 nh\u1eefng c\u01a1n s\u00f3ng l\u0103n nh\u1eb9 tr\u00ean l\u01b0ng n\u00fai.\" \/>\n<meta name=\"robots\" content=\"index, follow, max-snippet:-1, max-image-preview:large, max-video-preview:-1\" \/>\n<link rel=\"canonical\" href=\"https:\/\/bsartstudio.vn\/vi\/products\/golden-hues-on-terraced-fields-art-print-wall-art-decor\/\" \/>\n<meta property=\"og:locale\" content=\"vi_VN\" \/>\n<meta property=\"og:type\" content=\"article\" \/>\n<meta property=\"og:title\" content=\"S\u1eafc V\u00e0ng Tr\u00ean Ru\u1ed9ng B\u1eadc Thang \u2013 Tranh In \u2013 Tranh Trang Tr\u00ed - B\/S Art Studio\" \/>\n<meta property=\"og:description\" content=\"S\u1eafc V\u00e0ng Tr\u00ean Ru\u1ed9ng B\u1eadc Thang \u2013 Tranh In Pig Moon v\u00e0 C\u1eadu B\u00e9 b\u0103ng qua nh\u1eefng th\u1eeda ru\u1ed9ng b\u1eadc thang v\u00e0ng \u00f3ng, n\u01a1i m\u00f9a l\u00faa ch\u00edn n\u1edf r\u1ed9 nh\u01b0 nh\u1eefng c\u01a1n s\u00f3ng l\u0103n nh\u1eb9 tr\u00ean l\u01b0ng n\u00fai.\" \/>\n<meta property=\"og:url\" content=\"https:\/\/bsartstudio.vn\/vi\/products\/golden-hues-on-terraced-fields-art-print-wall-art-decor\/\" \/>\n<meta property=\"og:site_name\" content=\"B\/S Art Studio\" \/>\n<meta property=\"article:modified_time\" content=\"2026-01-13T09:06:52+00:00\" \/>\n<meta property=\"og:image\" content=\"https:\/\/bsartstudio.vn\/wp-content\/uploads\/2025\/05\/Golden-Hues-On-Terraced-Fields-Art-Print-4.jpg\" \/>\n\t<meta property=\"og:image:width\" content=\"1920\" \/>\n\t<meta property=\"og:image:height\" content=\"1920\" \/>\n\t<meta property=\"og:image:type\" content=\"image\/jpeg\" \/>\n<meta name=\"twitter:card\" content=\"summary_large_image\" \/>\n<meta name=\"twitter:label1\" content=\"Est. reading time\" \/>\n\t<meta name=\"twitter:data1\" content=\"2 minutes\" \/>\n<script type=\"application\/ld+json\" class=\"yoast-schema-graph\">{\"@context\":\"https:\/\/schema.org\",\"@graph\":[{\"@type\":\"WebPage\",\"@id\":\"https:\/\/bsartstudio.vn\/vi\/products\/golden-hues-on-terraced-fields-art-print-wall-art-decor\/\",\"url\":\"https:\/\/bsartstudio.vn\/vi\/products\/golden-hues-on-terraced-fields-art-print-wall-art-decor\/\",\"name\":\"S\u1eafc V\u00e0ng Tr\u00ean Ru\u1ed9ng B\u1eadc Thang \u2013 Tranh In \u2013 Tranh Trang Tr\u00ed - B\/S Art Studio\",\"isPartOf\":{\"@id\":\"https:\/\/bsartstudio.vn\/ja\/#website\"},\"primaryImageOfPage\":{\"@id\":\"https:\/\/bsartstudio.vn\/vi\/products\/golden-hues-on-terraced-fields-art-print-wall-art-decor\/#primaryimage\"},\"image\":{\"@id\":\"https:\/\/bsartstudio.vn\/vi\/products\/golden-hues-on-terraced-fields-art-print-wall-art-decor\/#primaryimage\"},\"thumbnailUrl\":\"https:\/\/bsartstudio.vn\/wp-content\/uploads\/2025\/05\/Golden-Hues-On-Terraced-Fields-Art-Print-4.jpg\",\"datePublished\":\"2025-05-16T12:08:59+00:00\",\"dateModified\":\"2026-01-13T09:06:52+00:00\",\"description\":\"S\u1eafc V\u00e0ng Tr\u00ean Ru\u1ed9ng B\u1eadc Thang \u2013 Tranh In Pig Moon v\u00e0 C\u1eadu B\u00e9 b\u0103ng qua nh\u1eefng th\u1eeda ru\u1ed9ng b\u1eadc thang v\u00e0ng \u00f3ng, n\u01a1i m\u00f9a l\u00faa ch\u00edn n\u1edf r\u1ed9 nh\u01b0 nh\u1eefng c\u01a1n s\u00f3ng l\u0103n nh\u1eb9 tr\u00ean l\u01b0ng n\u00fai.\",\"breadcrumb\":{\"@id\":\"https:\/\/bsartstudio.vn\/vi\/products\/golden-hues-on-terraced-fields-art-print-wall-art-decor\/#breadcrumb\"},\"inLanguage\":\"vi-VN\",\"potentialAction\":[{\"@type\":\"ReadAction\",\"target\":[\"https:\/\/bsartstudio.vn\/vi\/products\/golden-hues-on-terraced-fields-art-print-wall-art-decor\/\"]}]},{\"@type\":\"ImageObject\",\"inLanguage\":\"vi-VN\",\"@id\":\"https:\/\/bsartstudio.vn\/vi\/products\/golden-hues-on-terraced-fields-art-print-wall-art-decor\/#primaryimage\",\"url\":\"https:\/\/bsartstudio.vn\/wp-content\/uploads\/2025\/05\/Golden-Hues-On-Terraced-Fields-Art-Print-4.jpg\",\"contentUrl\":\"https:\/\/bsartstudio.vn\/wp-content\/uploads\/2025\/05\/Golden-Hues-On-Terraced-Fields-Art-Print-4.jpg\",\"width\":1920,\"height\":1920,\"caption\":\"S\u1eafc V\u00e0ng Tr\u00ean Ru\u1ed9ng B\u1eadc Thang \u2013 Tranh In\"},{\"@type\":\"BreadcrumbList\",\"@id\":\"https:\/\/bsartstudio.vn\/vi\/products\/golden-hues-on-terraced-fields-art-print-wall-art-decor\/#breadcrumb\",\"itemListElement\":[{\"@type\":\"ListItem\",\"position\":1,\"name\":\"Home\",\"item\":\"https:\/\/bsartstudio.vn\/en\/\"},{\"@type\":\"ListItem\",\"position\":2,\"name\":\"Shop\",\"item\":\"https:\/\/bsartstudio.vn\/en\/shop\/\"},{\"@type\":\"ListItem\",\"position\":3,\"name\":\"S\u1eafc V\u00e0ng Tr\u00ean Ru\u1ed9ng B\u1eadc Thang \u2013 Tranh In \u2013 Tranh Trang Tr\u00ed\"}]},{\"@type\":\"WebSite\",\"@id\":\"https:\/\/bsartstudio.vn\/ja\/#website\",\"url\":\"https:\/\/bsartstudio.vn\/ja\/\",\"name\":\"B\/S Art Studio\",\"description\":\"\",\"publisher\":{\"@id\":\"https:\/\/bsartstudio.vn\/ja\/#organization\"},\"potentialAction\":[{\"@type\":\"SearchAction\",\"target\":{\"@type\":\"EntryPoint\",\"urlTemplate\":\"https:\/\/bsartstudio.vn\/ja\/?s={search_term_string}\"},\"query-input\":{\"@type\":\"PropertyValueSpecification\",\"valueRequired\":true,\"valueName\":\"search_term_string\"}}],\"inLanguage\":\"vi-VN\"},{\"@type\":\"Organization\",\"@id\":\"https:\/\/bsartstudio.vn\/ja\/#organization\",\"name\":\"B\/S Art Studio\",\"url\":\"https:\/\/bsartstudio.vn\/ja\/\",\"logo\":{\"@type\":\"ImageObject\",\"inLanguage\":\"vi-VN\",\"@id\":\"https:\/\/bsartstudio.vn\/ja\/#\/schema\/logo\/image\/\",\"url\":\"https:\/\/bsartstudio.vn\/wp-content\/uploads\/2020\/03\/54526018_2272576089468053_1525084505319145472_n.jpg\",\"contentUrl\":\"https:\/\/bsartstudio.vn\/wp-content\/uploads\/2020\/03\/54526018_2272576089468053_1525084505319145472_n.jpg\",\"width\":958,\"height\":958,\"caption\":\"B\/S Art Studio\"},\"image\":{\"@id\":\"https:\/\/bsartstudio.vn\/ja\/#\/schema\/logo\/image\/\"}}]}<\/script>\n<!-- \/ Yoast SEO plugin. -->","yoast_head_json":{"title":"S\u1eafc V\u00e0ng Tr\u00ean Ru\u1ed9ng B\u1eadc Thang \u2013 Tranh In \u2013 Tranh Trang Tr\u00ed - B\/S Art Studio","description":"S\u1eafc V\u00e0ng Tr\u00ean Ru\u1ed9ng B\u1eadc Thang \u2013 Tranh In Pig Moon v\u00e0 C\u1eadu B\u00e9 b\u0103ng qua nh\u1eefng th\u1eeda ru\u1ed9ng b\u1eadc thang v\u00e0ng \u00f3ng, n\u01a1i m\u00f9a l\u00faa ch\u00edn n\u1edf r\u1ed9 nh\u01b0 nh\u1eefng c\u01a1n s\u00f3ng l\u0103n nh\u1eb9 tr\u00ean l\u01b0ng n\u00fai.","robots":{"index":"index","follow":"follow","max-snippet":"max-snippet:-1","max-image-preview":"max-image-preview:large","max-video-preview":"max-video-preview:-1"},"canonical":"https:\/\/bsartstudio.vn\/vi\/products\/golden-hues-on-terraced-fields-art-print-wall-art-decor\/","og_locale":"vi_VN","og_type":"article","og_title":"S\u1eafc V\u00e0ng Tr\u00ean Ru\u1ed9ng B\u1eadc Thang \u2013 Tranh In \u2013 Tranh Trang Tr\u00ed - B\/S Art Studio","og_description":"S\u1eafc V\u00e0ng Tr\u00ean Ru\u1ed9ng B\u1eadc Thang \u2013 Tranh In Pig Moon v\u00e0 C\u1eadu B\u00e9 b\u0103ng qua nh\u1eefng th\u1eeda ru\u1ed9ng b\u1eadc thang v\u00e0ng \u00f3ng, n\u01a1i m\u00f9a l\u00faa ch\u00edn n\u1edf r\u1ed9 nh\u01b0 nh\u1eefng c\u01a1n s\u00f3ng l\u0103n nh\u1eb9 tr\u00ean l\u01b0ng n\u00fai.","og_url":"https:\/\/bsartstudio.vn\/vi\/products\/golden-hues-on-terraced-fields-art-print-wall-art-decor\/","og_site_name":"B\/S Art Studio","article_modified_time":"2026-01-13T09:06:52+00:00","og_image":[{"width":1920,"height":1920,"url":"https:\/\/bsartstudio.vn\/wp-content\/uploads\/2025\/05\/Golden-Hues-On-Terraced-Fields-Art-Print-4.jpg","type":"image\/jpeg"}],"twitter_card":"summary_large_image","twitter_misc":{"Est. reading time":"2 minutes"},"schema":{"@context":"https:\/\/schema.org","@graph":[{"@type":"WebPage","@id":"https:\/\/bsartstudio.vn\/vi\/products\/golden-hues-on-terraced-fields-art-print-wall-art-decor\/","url":"https:\/\/bsartstudio.vn\/vi\/products\/golden-hues-on-terraced-fields-art-print-wall-art-decor\/","name":"S\u1eafc V\u00e0ng Tr\u00ean Ru\u1ed9ng B\u1eadc Thang \u2013 Tranh In \u2013 Tranh Trang Tr\u00ed - B\/S Art Studio","isPartOf":{"@id":"https:\/\/bsartstudio.vn\/ja\/#website"},"primaryImageOfPage":{"@id":"https:\/\/bsartstudio.vn\/vi\/products\/golden-hues-on-terraced-fields-art-print-wall-art-decor\/#primaryimage"},"image":{"@id":"https:\/\/bsartstudio.vn\/vi\/products\/golden-hues-on-terraced-fields-art-print-wall-art-decor\/#primaryimage"},"thumbnailUrl":"https:\/\/bsartstudio.vn\/wp-content\/uploads\/2025\/05\/Golden-Hues-On-Terraced-Fields-Art-Print-4.jpg","datePublished":"2025-05-16T12:08:59+00:00","dateModified":"2026-01-13T09:06:52+00:00","description":"S\u1eafc V\u00e0ng Tr\u00ean Ru\u1ed9ng B\u1eadc Thang \u2013 Tranh In Pig Moon v\u00e0 C\u1eadu B\u00e9 b\u0103ng qua nh\u1eefng th\u1eeda ru\u1ed9ng b\u1eadc thang v\u00e0ng \u00f3ng, n\u01a1i m\u00f9a l\u00faa ch\u00edn n\u1edf r\u1ed9 nh\u01b0 nh\u1eefng c\u01a1n s\u00f3ng l\u0103n nh\u1eb9 tr\u00ean l\u01b0ng n\u00fai.","breadcrumb":{"@id":"https:\/\/bsartstudio.vn\/vi\/products\/golden-hues-on-terraced-fields-art-print-wall-art-decor\/#breadcrumb"},"inLanguage":"vi-VN","potentialAction":[{"@type":"ReadAction","target":["https:\/\/bsartstudio.vn\/vi\/products\/golden-hues-on-terraced-fields-art-print-wall-art-decor\/"]}]},{"@type":"ImageObject","inLanguage":"vi-VN","@id":"https:\/\/bsartstudio.vn\/vi\/products\/golden-hues-on-terraced-fields-art-print-wall-art-decor\/#primaryimage","url":"https:\/\/bsartstudio.vn\/wp-content\/uploads\/2025\/05\/Golden-Hues-On-Terraced-Fields-Art-Print-4.jpg","contentUrl":"https:\/\/bsartstudio.vn\/wp-content\/uploads\/2025\/05\/Golden-Hues-On-Terraced-Fields-Art-Print-4.jpg","width":1920,"height":1920,"caption":"S\u1eafc V\u00e0ng Tr\u00ean Ru\u1ed9ng B\u1eadc Thang \u2013 Tranh In"},{"@type":"BreadcrumbList","@id":"https:\/\/bsartstudio.vn\/vi\/products\/golden-hues-on-terraced-fields-art-print-wall-art-decor\/#breadcrumb","itemListElement":[{"@type":"ListItem","position":1,"name":"Home","item":"https:\/\/bsartstudio.vn\/en\/"},{"@type":"ListItem","position":2,"name":"Shop","item":"https:\/\/bsartstudio.vn\/en\/shop\/"},{"@type":"ListItem","position":3,"name":"S\u1eafc V\u00e0ng Tr\u00ean Ru\u1ed9ng B\u1eadc Thang \u2013 Tranh In \u2013 Tranh Trang Tr\u00ed"}]},{"@type":"WebSite","@id":"https:\/\/bsartstudio.vn\/ja\/#website","url":"https:\/\/bsartstudio.vn\/ja\/","name":"B\/S Art Studio","description":"","publisher":{"@id":"https:\/\/bsartstudio.vn\/ja\/#organization"},"potentialAction":[{"@type":"SearchAction","target":{"@type":"EntryPoint","urlTemplate":"https:\/\/bsartstudio.vn\/ja\/?s={search_term_string}"},"query-input":{"@type":"PropertyValueSpecification","valueRequired":true,"valueName":"search_term_string"}}],"inLanguage":"vi-VN"},{"@type":"Organization","@id":"https:\/\/bsartstudio.vn\/ja\/#organization","name":"B\/S Art Studio","url":"https:\/\/bsartstudio.vn\/ja\/","logo":{"@type":"ImageObject","inLanguage":"vi-VN","@id":"https:\/\/bsartstudio.vn\/ja\/#\/schema\/logo\/image\/","url":"https:\/\/bsartstudio.vn\/wp-content\/uploads\/2020\/03\/54526018_2272576089468053_1525084505319145472_n.jpg","contentUrl":"https:\/\/bsartstudio.vn\/wp-content\/uploads\/2020\/03\/54526018_2272576089468053_1525084505319145472_n.jpg","width":958,"height":958,"caption":"B\/S Art Studio"},"image":{"@id":"https:\/\/bsartstudio.vn\/ja\/#\/schema\/logo\/image\/"}}]}},"_links":{"self":[{"href":"https:\/\/bsartstudio.vn\/vi\/wp-json\/wp\/v2\/product\/9608"}],"collection":[{"href":"https:\/\/bsartstudio.vn\/vi\/wp-json\/wp\/v2\/product"}],"about":[{"href":"https:\/\/bsartstudio.vn\/vi\/wp-json\/wp\/v2\/types\/product"}],"wp:featuredmedia":[{"embeddable":true,"href":"https:\/\/bsartstudio.vn\/vi\/wp-json\/wp\/v2\/media\/9606"}],"wp:attachment":[{"href":"https:\/\/bsartstudio.vn\/vi\/wp-json\/wp\/v2\/media?parent=9608"}],"wp:term":[{"taxonomy":"product_cat","embeddable":true,"href":"https:\/\/bsartstudio.vn\/vi\/wp-json\/wp\/v2\/product_cat?post=9608"},{"taxonomy":"product_tag","embeddable":true,"href":"https:\/\/bsartstudio.vn\/vi\/wp-json\/wp\/v2\/product_tag?post=9608"}],"curies":[{"name":"wp","href":"https:\/\/api.w.org\/{rel}","templated":true}]}}