{"id":9461,"date":"2025-04-24T16:17:28","date_gmt":"2025-04-24T09:17:29","guid":{"rendered":"https:\/\/bsartstudio.vn\/?post_type=product&#038;p=9461"},"modified":"2026-01-13T16:09:45","modified_gmt":"2026-01-13T09:09:45","slug":"tram-chau-tich-thuy-tranh-in-tranh-trang-tri","status":"publish","type":"product","link":"https:\/\/bsartstudio.vn\/vi\/products\/tram-chau-tich-thuy-tranh-in-tranh-trang-tri\/","title":{"rendered":"Tr\u1ea7m Ch\u00e2u T\u1ecbch Th\u1ee7y &#8211; Tranh In &#8211; Tranh Trang Tr\u00ed"},"content":{"rendered":"<h1><span style=\"font-size: 14pt;\"><strong><span class=\"HwtZe\" lang=\"vi\" style=\"color: #0000ff;\"><span class=\"jCAhz ChMk0b\"><span class=\"ryNqvb\">Tr\u1ea7m Ch\u00e2u T\u1ecbch Th\u1ee7y (Ng\u1ecdc \u1ea8n \u1edf \u0110\u00e1y S\u00f4ng) &#8211; Tranh in<\/span><\/span><\/span><\/strong><\/span><\/h1>\n<p><strong><span class=\"HwtZe\" lang=\"vi\"><span class=\"jCAhz ChMk0b\"><span class=\"ryNqvb\">T<span style=\"color: #000000;\">r\u1ea7m Ch\u00e2u T\u1ecbch Th\u1ee7y (Ng\u1ecdc \u1ea8n \u1edf \u0110\u00e1y S\u00f4ng) <\/span><\/span><\/span><\/span><\/strong><span class=\"HwtZe\" lang=\"vi\" style=\"color: #000000;\"><span class=\"jCAhz ChMk0b\"><span class=\"ryNqvb\">m\u00f4 t\u1ea3 &#8220;Ch\u00fa R\u1ed3ng nh\u1ecf c\u1ee7a \u0110\u1ed3ng b\u1eb1ng s\u00f4ng C\u1eedu Long&#8221;, con gi\u00e1p c\u1ee7a n\u0103m 2024, n\u1eb1m c\u1ea1nh h\u00e0i c\u1ed1t c\u1ee7a R\u1ed3ng m\u1eb9 v\u0129 \u0111\u1ea1i &#8211; m\u1ed9t bi\u1ec3u t\u01b0\u1ee3ng \u0111au th\u01b0\u01a1ng c\u1ee7a m\u1ed9t d\u00f2ng s\u00f4ng t\u1eebng h\u00f9ng v\u0129 nh\u01b0ng gi\u1edd \u0111\u00e3 c\u1ea1n kh\u00f4.<\/span><\/span> <\/span><\/p>\n<p><span class=\"HwtZe\" lang=\"vi\" style=\"color: #000000;\"><span class=\"jCAhz ChMk0b\"><span class=\"ryNqvb\">S\u00f4ng Mekong ch\u1ea3y v\u00e0o Vi\u1ec7t Nam, chia th\u00e0nh 9 nh\u00e1nh \u0111\u01b0\u1ee3c g\u1ecdi l\u00e0 &#8220;S\u00f4ng C\u1eedu Long&#8221;.<\/span><\/span> <span class=\"jCAhz ChMk0b\"><span class=\"ryNqvb\">Tuy nhi\u00ean, do bi\u1ebfn \u0111\u1ed5i kh\u00ed h\u1eadu v\u00e0 t\u00e1c \u0111\u1ed9ng c\u1ee7a con ng\u01b0\u1eddi \u0111\u1ebfn m\u00f4i tr\u01b0\u1eddng, 2 trong s\u1ed1 9 nh\u00e1nh \u0111\u00e3 bi\u1ebfn m\u1ea5t.<\/span><\/span> <\/span><\/p>\n<p><span class=\"HwtZe\" lang=\"vi\" style=\"color: #000000;\"><span class=\"jCAhz ChMk0b\"><span class=\"ryNqvb\"><strong>&#8220;R\u1ed3ng nh\u1ecf Mekong&#8221;<\/strong> l\u00e0 h\u00ecnh \u1ea3nh c\u1ee7a nh\u1eefng nh\u00e1nh s\u00f4ng \u0111\u00e3 bi\u1ebfn m\u1ea5t, ch\u1ec9 c\u00f2n l\u1ea1i m\u1ed9t ao n\u01b0\u1edbc ph\u00f9 sa &#8220;b\u00e9o v\u00e0 \u0111\u1ea7y \u0111\u1eb7n&#8221;.<\/span><\/span> <\/span><\/p>\n<p><span class=\"HwtZe\" lang=\"vi\" style=\"color: #000000;\"><span class=\"jCAhz ChMk0b\"><span class=\"ryNqvb\">T\u00e1c ph\u1ea9m &#8220;<strong>Tr\u1ea7m Ch\u00e2u T\u1ecbch Th\u1ee7y (Ng\u1ecdc \u1ea8n \u1edf \u0110\u00e1y S\u00f4ng)<\/strong>&#8221; l\u00e0 l\u1eddi nh\u1eafc nh\u1edf \u0111au th\u01b0\u01a1ng v\u1ec1 s\u1ef1 mong manh c\u1ee7a thi\u00ean nhi\u00ean v\u00e0 tr\u00e1ch nhi\u1ec7m c\u1ee7a ch\u00fang ta trong vi\u1ec7c b\u1ea3o v\u1ec7 m\u00f4i tr\u01b0\u1eddng.<\/span><\/span> <span class=\"jCAhz ChMk0b\"><span class=\"ryNqvb\">Hy v\u1ecdng r\u1eb1ng trong t\u01b0\u01a1ng lai, s\u1ebd kh\u00f4ng c\u00f2n nh\u00e1nh s\u00f4ng n\u00e0o b\u1ecb m\u1ea5t n\u1eefa.<\/span><\/span> <\/span><\/p>\n<p><span class=\"HwtZe\" lang=\"vi\" style=\"color: #000000;\"><span class=\"jCAhz ChMk0b\"><span class=\"ryNqvb\"><strong>\u00dd ngh\u0129a t\u00e1c ph\u1ea9m ngh\u1ec7 thu\u1eadt:<\/strong> <\/span><\/span><\/span><\/p>\n<p><span class=\"HwtZe\" lang=\"vi\" style=\"color: #000000;\"><span class=\"jCAhz ChMk0b\"><span class=\"ryNqvb\">Cu\u1ed9c s\u1ed1ng \u0111\u1ea7y r\u1eaby m\u1ea5t m\u00e1t v\u00e0 kh\u00f3 kh\u0103n, nh\u1eefng kho\u1ea3nh kh\u1eafc t\u01b0\u1edfng ch\u1eebng nh\u01b0 kh\u00f4ng th\u1ec3 v\u01b0\u1ee3t qua.<\/span><\/span> <span class=\"jCAhz ChMk0b\"><span class=\"ryNqvb\">Tuy nhi\u00ean, ngay c\u1ea3 trong nh\u1eefng th\u00e1ch th\u1ee9c \u0111\u00f3, v\u1eabn lu\u00f4n c\u00f3 m\u1ed9t \u00e1nh s\u00e1ng mang t\u00ean Hy v\u1ecdng &#8211; s\u1ee9c m\u1ea1nh gi\u00fap ch\u00fang ta ti\u1ebfn v\u1ec1 ph\u00eda tr\u01b0\u1edbc, bi\u1ebfn nh\u1eefng \u0111i\u1ec1u b\u00ecnh th\u01b0\u1eddng th\u00e0nh \u0111i\u1ec1u g\u00ec \u0111\u00f3 th\u1ef1c s\u1ef1 k\u1ef3 di\u1ec7u v\u00e0 phi th\u01b0\u1eddng.<\/span><\/span><span class=\"jCAhz ChMk0b\"><span class=\"ryNqvb\"> Gi\u1ed1ng nh\u01b0 chi\u1ebfc h\u1ed9p Pandora, n\u01a1i ch\u1ee9a \u0111\u1ef1ng m\u1ecdi n\u1ed7i bu\u1ed3n c\u1ee7a th\u1ebf gi\u1edbi, \u1edf t\u1eadn c\u00f9ng b\u00ean d\u01b0\u1edbi v\u1eabn l\u00e0 Hy v\u1ecdng &#8211; d\u1eabn d\u1eaft nh\u00e2n lo\u1ea1i \u0111\u1ebfn m\u1ed9t t\u01b0\u01a1ng lai t\u01b0\u01a1i s\u00e1ng h\u01a1n.<\/span><\/span><\/span><\/p>\n<p><span style=\"color: #000000;\">Nh\u1ea5p\u00a0<span style=\"color: #0000ff;\"><a style=\"color: #0000ff;\" href=\"https:\/\/bsartstudio.vn\/vi\/products-category\/the-gioi-trau-vang-pig-moon\/bo-suu-tap-rong-nho-mekong\/\" target=\"_blank\" rel=\"noopener\">here<\/a><\/span> \u0111\u1ec3 xem th\u00eam c\u00e1c s\u1ea3n ph\u1ea9m ngh\u1ec7 thu\u1eadt trong b\u1ed9 s\u01b0u t\u1eadp c\u1ee7a &#8220;R\u1ed3ng nh\u1ecf Mekong&#8221;<\/span><\/p>\n<p><span style=\"color: #000000;\">Xin li\u00ean h\u1ec7 ch\u00fang t\u00f4i: <span style=\"color: #0000ff;\"><strong>artproduct@bsartstudio.vn<\/strong> <\/span>\u0111\u1ec3 bi\u1ebft th\u00eam th\u00f4ng tin ho\u1eb7c l\u1ef1a ch\u1ecdn K\u00edch th\u01b0\u1edbc tranh<\/span><\/p>\n<div dir=\"auto\"><span style=\"color: #000000;\">Tranh trang tr\u00ed<\/span><\/div>\n<div dir=\"auto\"><span style=\"color: #000000;\">Qu\u00e0 T\u1eb7ng Ngh\u1ec7 Thu\u1eadt<\/span><\/div>\n<div dir=\"auto\"><span style=\"color: #000000;\">Tranh v\u1ebd R\u1ed3ng<\/span><\/div>\n<div dir=\"auto\"><span style=\"color: #000000;\">C\u00e1i ch\u1ebft c\u1ee7a m\u1ed9t d\u00f2ng s\u00f4ng<\/span><\/div>\n<div dir=\"auto\"><span style=\"color: #000000;\">Tia Hy V\u1ecdng<\/span><\/div>\n<div dir=\"auto\"><span style=\"color: #000000;\">bsartstudio<\/span><\/div>\n<div dir=\"auto\">\u00a0<\/div>\n","protected":false},"excerpt":{"rendered":"<h1><span style=\"font-size: 14pt; color: #000000;\"><strong>Tr\u1ea7m Ch\u00e2u T\u1ecbch Th\u1ee7y &#8211; Tranh In &#8211; Tranh Trang Tr\u00ed<\/strong><\/span><\/h1>\n<p><span style=\"color: #000000;\">Thi\u1ebft k\u1ebf nh\u00e2n v\u1eadt \u0111\u1ed9c \u0111\u00e1o v\u00e0 th\u00f4ng \u0111i\u1ec7p \u1ea9n d\u1ea5u , \u0111\u00e2y s\u1ebd l\u00e0 m\u00f3n qu\u00e0 \u00fd ngh\u0129a v\u00e0 \u0111\u1ed9c \u0111\u00e1o \u0111\u1ec3 b\u1ea1n l\u1ef1a ch\u1ecdn d\u00e0nh t\u1eb7ng ng\u01b0\u1eddi th\u00e2n, b\u1ea1n b\u00e8 v\u00e0 \u0111\u1ed1i t\u00e1c. <\/span><br \/>\n<span style=\"color: #000000;\">T\u00e1c ph\u1ea9m ngh\u1ec7 thu\u1eadt in \u1ea5n trang tr\u00ed \u0111\u1ed9c \u0111\u00e1o. Qu\u00e0 t\u1eb7ng v\u0103n h\u00f3a Vi\u1ec7t Nam.<\/span><\/p>\n<p><span style=\"color: #000000;\">Ch\u1ea5t li\u1ec7u: Tranh in ch\u1ea5t l\u01b0\u1ee3ng cao tr\u00ean Gi\u1ea5y M\u1ef9 Thu\u1eadt<\/span><\/p>\n<p><span style=\"color: #000000;\"><strong>K\u00edch th\u01b0\u1edbc Kh\u00f4ng khung:<\/strong><\/span><\/p>\n<p><span style=\"color: #000000;\">Size: 42cm x 30cm: <strong>500.000 VND (20 $)<\/strong><\/span><\/p>\n<p><span style=\"color: #000000;\"><strong>K\u00edch th\u01b0\u1edbc C\u00f3 khung:<\/strong><\/span><\/p>\n<p><span style=\"color: #000000;\">Size: 45cm x 33cm: <strong>800.000 VND (31 $)<\/strong><\/span><\/p>\n<p><span style=\"color: #000000;\">G\u1eedi email cho ch\u00fang t\u00f4i: <span style=\"color: #0000ff;\"><strong>artproduct@bsartstudio.vn<\/strong><\/span> \u0111\u1ec3 l\u1ef1a ch\u1ecdn k\u00edch th\u01b0\u1edbc v\u00e0 khung<\/span><\/p>\n<p>&nbsp;<\/p>\n","protected":false},"featured_media":9465,"template":"","meta":{"_et_pb_use_builder":"","_et_pb_old_content":"","_et_gb_content_width":""},"product_cat":[656,59,70,429,73],"product_tag":[370,472,367,364,369,661,662,660,389,390],"yoast_head":"<!-- This site is optimized with the Yoast SEO plugin v24.5 - https:\/\/yoast.com\/wordpress\/plugins\/seo\/ -->\n<title>Tr\u1ea7m Ch\u00e2u T\u1ecbch Th\u1ee7y - Tranh In - Tranh Trang Tr\u00ed - B\/S Art Studio<\/title>\n<meta name=\"description\" content=\"Tr\u1ea7m Ch\u00e2u T\u1ecbch Th\u1ee7y - Tranh In - l\u00e0 l\u1eddi nh\u1eafc nh\u1edf \u0111au th\u01b0\u01a1ng v\u1ec1 s\u1ef1 mong manh c\u1ee7a thi\u00ean nhi\u00ean v\u00e0 tr\u00e1ch nhi\u1ec7m c\u1ee7a ch\u00fang ta trong vi\u1ec7c b\u1ea3o v\u1ec7 m\u00f4i tr\u01b0\u1eddng.\" \/>\n<meta name=\"robots\" content=\"index, follow, max-snippet:-1, max-image-preview:large, max-video-preview:-1\" \/>\n<link rel=\"canonical\" href=\"https:\/\/bsartstudio.vn\/vi\/products\/tram-chau-tich-thuy-tranh-in-tranh-trang-tri\/\" \/>\n<meta property=\"og:locale\" content=\"vi_VN\" \/>\n<meta property=\"og:type\" content=\"article\" \/>\n<meta property=\"og:title\" content=\"Tr\u1ea7m Ch\u00e2u T\u1ecbch Th\u1ee7y - Tranh In - Tranh Trang Tr\u00ed - B\/S Art Studio\" \/>\n<meta property=\"og:description\" content=\"Tr\u1ea7m Ch\u00e2u T\u1ecbch Th\u1ee7y - Tranh In - l\u00e0 l\u1eddi nh\u1eafc nh\u1edf \u0111au th\u01b0\u01a1ng v\u1ec1 s\u1ef1 mong manh c\u1ee7a thi\u00ean nhi\u00ean v\u00e0 tr\u00e1ch nhi\u1ec7m c\u1ee7a ch\u00fang ta trong vi\u1ec7c b\u1ea3o v\u1ec7 m\u00f4i tr\u01b0\u1eddng.\" \/>\n<meta property=\"og:url\" content=\"https:\/\/bsartstudio.vn\/vi\/products\/tram-chau-tich-thuy-tranh-in-tranh-trang-tri\/\" \/>\n<meta property=\"og:site_name\" content=\"B\/S Art Studio\" \/>\n<meta property=\"article:modified_time\" content=\"2026-01-13T09:09:45+00:00\" \/>\n<meta property=\"og:image\" content=\"https:\/\/bsartstudio.vn\/wp-content\/uploads\/2025\/04\/The-Pearl-Of-Hope-2.jpg\" \/>\n\t<meta property=\"og:image:width\" content=\"1920\" \/>\n\t<meta property=\"og:image:height\" content=\"1920\" \/>\n\t<meta property=\"og:image:type\" content=\"image\/jpeg\" \/>\n<meta name=\"twitter:card\" content=\"summary_large_image\" \/>\n<meta name=\"twitter:label1\" content=\"Est. reading time\" \/>\n\t<meta name=\"twitter:data1\" content=\"2 minutes\" \/>\n<script type=\"application\/ld+json\" class=\"yoast-schema-graph\">{\"@context\":\"https:\/\/schema.org\",\"@graph\":[{\"@type\":\"WebPage\",\"@id\":\"https:\/\/bsartstudio.vn\/vi\/products\/tram-chau-tich-thuy-tranh-in-tranh-trang-tri\/\",\"url\":\"https:\/\/bsartstudio.vn\/vi\/products\/tram-chau-tich-thuy-tranh-in-tranh-trang-tri\/\",\"name\":\"Tr\u1ea7m Ch\u00e2u T\u1ecbch Th\u1ee7y - Tranh In - Tranh Trang Tr\u00ed - B\/S Art Studio\",\"isPartOf\":{\"@id\":\"https:\/\/bsartstudio.vn\/ja\/#website\"},\"primaryImageOfPage\":{\"@id\":\"https:\/\/bsartstudio.vn\/vi\/products\/tram-chau-tich-thuy-tranh-in-tranh-trang-tri\/#primaryimage\"},\"image\":{\"@id\":\"https:\/\/bsartstudio.vn\/vi\/products\/tram-chau-tich-thuy-tranh-in-tranh-trang-tri\/#primaryimage\"},\"thumbnailUrl\":\"https:\/\/bsartstudio.vn\/wp-content\/uploads\/2025\/04\/The-Pearl-Of-Hope-2.jpg\",\"datePublished\":\"2025-04-24T09:17:29+00:00\",\"dateModified\":\"2026-01-13T09:09:45+00:00\",\"description\":\"Tr\u1ea7m Ch\u00e2u T\u1ecbch Th\u1ee7y - Tranh In - l\u00e0 l\u1eddi nh\u1eafc nh\u1edf \u0111au th\u01b0\u01a1ng v\u1ec1 s\u1ef1 mong manh c\u1ee7a thi\u00ean nhi\u00ean v\u00e0 tr\u00e1ch nhi\u1ec7m c\u1ee7a ch\u00fang ta trong vi\u1ec7c b\u1ea3o v\u1ec7 m\u00f4i tr\u01b0\u1eddng.\",\"breadcrumb\":{\"@id\":\"https:\/\/bsartstudio.vn\/vi\/products\/tram-chau-tich-thuy-tranh-in-tranh-trang-tri\/#breadcrumb\"},\"inLanguage\":\"vi-VN\",\"potentialAction\":[{\"@type\":\"ReadAction\",\"target\":[\"https:\/\/bsartstudio.vn\/vi\/products\/tram-chau-tich-thuy-tranh-in-tranh-trang-tri\/\"]}]},{\"@type\":\"ImageObject\",\"inLanguage\":\"vi-VN\",\"@id\":\"https:\/\/bsartstudio.vn\/vi\/products\/tram-chau-tich-thuy-tranh-in-tranh-trang-tri\/#primaryimage\",\"url\":\"https:\/\/bsartstudio.vn\/wp-content\/uploads\/2025\/04\/The-Pearl-Of-Hope-2.jpg\",\"contentUrl\":\"https:\/\/bsartstudio.vn\/wp-content\/uploads\/2025\/04\/The-Pearl-Of-Hope-2.jpg\",\"width\":1920,\"height\":1920,\"caption\":\"Tr\u1ea7m Ch\u00e2u T\u1ecbch Th\u1ee7y - Tranh In - Tranh Trang Tr\u00ed\"},{\"@type\":\"BreadcrumbList\",\"@id\":\"https:\/\/bsartstudio.vn\/vi\/products\/tram-chau-tich-thuy-tranh-in-tranh-trang-tri\/#breadcrumb\",\"itemListElement\":[{\"@type\":\"ListItem\",\"position\":1,\"name\":\"Home\",\"item\":\"https:\/\/bsartstudio.vn\/en\/\"},{\"@type\":\"ListItem\",\"position\":2,\"name\":\"Shop\",\"item\":\"https:\/\/bsartstudio.vn\/en\/shop\/\"},{\"@type\":\"ListItem\",\"position\":3,\"name\":\"Tr\u1ea7m Ch\u00e2u T\u1ecbch Th\u1ee7y &#8211; Tranh In &#8211; Tranh Trang Tr\u00ed\"}]},{\"@type\":\"WebSite\",\"@id\":\"https:\/\/bsartstudio.vn\/ja\/#website\",\"url\":\"https:\/\/bsartstudio.vn\/ja\/\",\"name\":\"B\/S Art Studio\",\"description\":\"\",\"publisher\":{\"@id\":\"https:\/\/bsartstudio.vn\/ja\/#organization\"},\"potentialAction\":[{\"@type\":\"SearchAction\",\"target\":{\"@type\":\"EntryPoint\",\"urlTemplate\":\"https:\/\/bsartstudio.vn\/ja\/?s={search_term_string}\"},\"query-input\":{\"@type\":\"PropertyValueSpecification\",\"valueRequired\":true,\"valueName\":\"search_term_string\"}}],\"inLanguage\":\"vi-VN\"},{\"@type\":\"Organization\",\"@id\":\"https:\/\/bsartstudio.vn\/ja\/#organization\",\"name\":\"B\/S Art Studio\",\"url\":\"https:\/\/bsartstudio.vn\/ja\/\",\"logo\":{\"@type\":\"ImageObject\",\"inLanguage\":\"vi-VN\",\"@id\":\"https:\/\/bsartstudio.vn\/ja\/#\/schema\/logo\/image\/\",\"url\":\"https:\/\/bsartstudio.vn\/wp-content\/uploads\/2020\/03\/54526018_2272576089468053_1525084505319145472_n.jpg\",\"contentUrl\":\"https:\/\/bsartstudio.vn\/wp-content\/uploads\/2020\/03\/54526018_2272576089468053_1525084505319145472_n.jpg\",\"width\":958,\"height\":958,\"caption\":\"B\/S Art Studio\"},\"image\":{\"@id\":\"https:\/\/bsartstudio.vn\/ja\/#\/schema\/logo\/image\/\"}}]}<\/script>\n<!-- \/ Yoast SEO plugin. -->","yoast_head_json":{"title":"Tr\u1ea7m Ch\u00e2u T\u1ecbch Th\u1ee7y - Tranh In - Tranh Trang Tr\u00ed - B\/S Art Studio","description":"Tr\u1ea7m Ch\u00e2u T\u1ecbch Th\u1ee7y - Tranh In - l\u00e0 l\u1eddi nh\u1eafc nh\u1edf \u0111au th\u01b0\u01a1ng v\u1ec1 s\u1ef1 mong manh c\u1ee7a thi\u00ean nhi\u00ean v\u00e0 tr\u00e1ch nhi\u1ec7m c\u1ee7a ch\u00fang ta trong vi\u1ec7c b\u1ea3o v\u1ec7 m\u00f4i tr\u01b0\u1eddng.","robots":{"index":"index","follow":"follow","max-snippet":"max-snippet:-1","max-image-preview":"max-image-preview:large","max-video-preview":"max-video-preview:-1"},"canonical":"https:\/\/bsartstudio.vn\/vi\/products\/tram-chau-tich-thuy-tranh-in-tranh-trang-tri\/","og_locale":"vi_VN","og_type":"article","og_title":"Tr\u1ea7m Ch\u00e2u T\u1ecbch Th\u1ee7y - Tranh In - Tranh Trang Tr\u00ed - B\/S Art Studio","og_description":"Tr\u1ea7m Ch\u00e2u T\u1ecbch Th\u1ee7y - Tranh In - l\u00e0 l\u1eddi nh\u1eafc nh\u1edf \u0111au th\u01b0\u01a1ng v\u1ec1 s\u1ef1 mong manh c\u1ee7a thi\u00ean nhi\u00ean v\u00e0 tr\u00e1ch nhi\u1ec7m c\u1ee7a ch\u00fang ta trong vi\u1ec7c b\u1ea3o v\u1ec7 m\u00f4i tr\u01b0\u1eddng.","og_url":"https:\/\/bsartstudio.vn\/vi\/products\/tram-chau-tich-thuy-tranh-in-tranh-trang-tri\/","og_site_name":"B\/S Art Studio","article_modified_time":"2026-01-13T09:09:45+00:00","og_image":[{"width":1920,"height":1920,"url":"https:\/\/bsartstudio.vn\/wp-content\/uploads\/2025\/04\/The-Pearl-Of-Hope-2.jpg","type":"image\/jpeg"}],"twitter_card":"summary_large_image","twitter_misc":{"Est. reading time":"2 minutes"},"schema":{"@context":"https:\/\/schema.org","@graph":[{"@type":"WebPage","@id":"https:\/\/bsartstudio.vn\/vi\/products\/tram-chau-tich-thuy-tranh-in-tranh-trang-tri\/","url":"https:\/\/bsartstudio.vn\/vi\/products\/tram-chau-tich-thuy-tranh-in-tranh-trang-tri\/","name":"Tr\u1ea7m Ch\u00e2u T\u1ecbch Th\u1ee7y - Tranh In - Tranh Trang Tr\u00ed - B\/S Art Studio","isPartOf":{"@id":"https:\/\/bsartstudio.vn\/ja\/#website"},"primaryImageOfPage":{"@id":"https:\/\/bsartstudio.vn\/vi\/products\/tram-chau-tich-thuy-tranh-in-tranh-trang-tri\/#primaryimage"},"image":{"@id":"https:\/\/bsartstudio.vn\/vi\/products\/tram-chau-tich-thuy-tranh-in-tranh-trang-tri\/#primaryimage"},"thumbnailUrl":"https:\/\/bsartstudio.vn\/wp-content\/uploads\/2025\/04\/The-Pearl-Of-Hope-2.jpg","datePublished":"2025-04-24T09:17:29+00:00","dateModified":"2026-01-13T09:09:45+00:00","description":"Tr\u1ea7m Ch\u00e2u T\u1ecbch Th\u1ee7y - Tranh In - l\u00e0 l\u1eddi nh\u1eafc nh\u1edf \u0111au th\u01b0\u01a1ng v\u1ec1 s\u1ef1 mong manh c\u1ee7a thi\u00ean nhi\u00ean v\u00e0 tr\u00e1ch nhi\u1ec7m c\u1ee7a ch\u00fang ta trong vi\u1ec7c b\u1ea3o v\u1ec7 m\u00f4i tr\u01b0\u1eddng.","breadcrumb":{"@id":"https:\/\/bsartstudio.vn\/vi\/products\/tram-chau-tich-thuy-tranh-in-tranh-trang-tri\/#breadcrumb"},"inLanguage":"vi-VN","potentialAction":[{"@type":"ReadAction","target":["https:\/\/bsartstudio.vn\/vi\/products\/tram-chau-tich-thuy-tranh-in-tranh-trang-tri\/"]}]},{"@type":"ImageObject","inLanguage":"vi-VN","@id":"https:\/\/bsartstudio.vn\/vi\/products\/tram-chau-tich-thuy-tranh-in-tranh-trang-tri\/#primaryimage","url":"https:\/\/bsartstudio.vn\/wp-content\/uploads\/2025\/04\/The-Pearl-Of-Hope-2.jpg","contentUrl":"https:\/\/bsartstudio.vn\/wp-content\/uploads\/2025\/04\/The-Pearl-Of-Hope-2.jpg","width":1920,"height":1920,"caption":"Tr\u1ea7m Ch\u00e2u T\u1ecbch Th\u1ee7y - Tranh In - Tranh Trang Tr\u00ed"},{"@type":"BreadcrumbList","@id":"https:\/\/bsartstudio.vn\/vi\/products\/tram-chau-tich-thuy-tranh-in-tranh-trang-tri\/#breadcrumb","itemListElement":[{"@type":"ListItem","position":1,"name":"Home","item":"https:\/\/bsartstudio.vn\/en\/"},{"@type":"ListItem","position":2,"name":"Shop","item":"https:\/\/bsartstudio.vn\/en\/shop\/"},{"@type":"ListItem","position":3,"name":"Tr\u1ea7m Ch\u00e2u T\u1ecbch Th\u1ee7y &#8211; Tranh In &#8211; Tranh Trang Tr\u00ed"}]},{"@type":"WebSite","@id":"https:\/\/bsartstudio.vn\/ja\/#website","url":"https:\/\/bsartstudio.vn\/ja\/","name":"B\/S Art Studio","description":"","publisher":{"@id":"https:\/\/bsartstudio.vn\/ja\/#organization"},"potentialAction":[{"@type":"SearchAction","target":{"@type":"EntryPoint","urlTemplate":"https:\/\/bsartstudio.vn\/ja\/?s={search_term_string}"},"query-input":{"@type":"PropertyValueSpecification","valueRequired":true,"valueName":"search_term_string"}}],"inLanguage":"vi-VN"},{"@type":"Organization","@id":"https:\/\/bsartstudio.vn\/ja\/#organization","name":"B\/S Art Studio","url":"https:\/\/bsartstudio.vn\/ja\/","logo":{"@type":"ImageObject","inLanguage":"vi-VN","@id":"https:\/\/bsartstudio.vn\/ja\/#\/schema\/logo\/image\/","url":"https:\/\/bsartstudio.vn\/wp-content\/uploads\/2020\/03\/54526018_2272576089468053_1525084505319145472_n.jpg","contentUrl":"https:\/\/bsartstudio.vn\/wp-content\/uploads\/2020\/03\/54526018_2272576089468053_1525084505319145472_n.jpg","width":958,"height":958,"caption":"B\/S Art Studio"},"image":{"@id":"https:\/\/bsartstudio.vn\/ja\/#\/schema\/logo\/image\/"}}]}},"_links":{"self":[{"href":"https:\/\/bsartstudio.vn\/vi\/wp-json\/wp\/v2\/product\/9461"}],"collection":[{"href":"https:\/\/bsartstudio.vn\/vi\/wp-json\/wp\/v2\/product"}],"about":[{"href":"https:\/\/bsartstudio.vn\/vi\/wp-json\/wp\/v2\/types\/product"}],"wp:featuredmedia":[{"embeddable":true,"href":"https:\/\/bsartstudio.vn\/vi\/wp-json\/wp\/v2\/media\/9465"}],"wp:attachment":[{"href":"https:\/\/bsartstudio.vn\/vi\/wp-json\/wp\/v2\/media?parent=9461"}],"wp:term":[{"taxonomy":"product_cat","embeddable":true,"href":"https:\/\/bsartstudio.vn\/vi\/wp-json\/wp\/v2\/product_cat?post=9461"},{"taxonomy":"product_tag","embeddable":true,"href":"https:\/\/bsartstudio.vn\/vi\/wp-json\/wp\/v2\/product_tag?post=9461"}],"curies":[{"name":"wp","href":"https:\/\/api.w.org\/{rel}","templated":true}]}}