{"id":9418,"date":"2025-04-23T11:15:26","date_gmt":"2025-04-23T04:15:27","guid":{"rendered":"https:\/\/bsartstudio.vn\/?post_type=product&#038;p=9418"},"modified":"2026-01-13T16:12:00","modified_gmt":"2026-01-13T09:12:00","slug":"mam-xanh-hy-vong-tranh-in-tranh-trang-tri-copy","status":"publish","type":"product","link":"https:\/\/bsartstudio.vn\/vi\/products\/mam-xanh-hy-vong-tranh-in-tranh-trang-tri-copy\/","title":{"rendered":"Th\u1ea7n Bi\u1ec3n &#8211; Tranh In &#8211; Tranh Trang Tr\u00ed"},"content":{"rendered":"<h1><span style=\"font-size: 14pt;\"><strong><span class=\"HwtZe\" lang=\"vi\" style=\"color: #0000ff;\"><span class=\"jCAhz ChMk0b\"><span class=\"ryNqvb\">Th\u1ea7n Bi\u1ec3n &#8211; Tranh in <\/span><\/span><\/span><\/strong><span class=\"HwtZe\" lang=\"vi\" style=\"color: #000000;\"><span class=\"jCAhz ChMk0b\"><span class=\"ryNqvb\">t\u1eeb s\u00e1ch truy\u1ec7n<\/span><\/span><\/span><strong><span class=\"HwtZe\" lang=\"vi\" style=\"color: #0000ff;\"><span class=\"jCAhz ChMk0b\"><span class=\"ryNqvb\"> &#8220;N\u00e0ng Tr\u0103ng v\u00e0 Ba H\u1ea1t L\u00faa Th\u1ea7n&#8221; <\/span><\/span><\/span><\/strong><\/span><\/h1>\n<p><span class=\"HwtZe\" lang=\"vi\" style=\"color: #000000;\"><span class=\"jCAhz ChMk0b\"><span class=\"ryNqvb\"><strong>\u201cTh\u1ea7n Bi\u1ec3n<\/strong>\u201d l\u00e0 m\u1ed9t t\u00e1c ph\u1ea9m ngh\u1ec7 thu\u1eadt uy nghi\u00eam v\u00e0 mang t\u00ednh bi\u1ec3u t\u01b0\u1ee3ng l\u1ea5y c\u1ea3m h\u1ee9ng t\u1eeb nh\u00e2n v\u1eadt ch\u00ednh trong truy\u1ec7n ngh\u1ec7 thu\u1eadt <strong>\u201cN\u00e0ng Tr\u0103ng v\u00e0 Ba H\u1ea1t L\u00faa Th\u1ea7n\u201d<\/strong> v\u00e0 nh\u00e2n v\u1eadt B\u00e0 G\u1ea1o.<\/span><\/span><span class=\"jCAhz ChMk0b\"><span class=\"ryNqvb\"> Trong t\u00e1c ph\u1ea9m ngh\u1ec7 thu\u1eadt n\u00e0y, N\u00e0ng G\u1ea1o \u0111\u1ee9ng hi\u00ean ngang tr\u00ean m\u1ed9t chi\u1ebfc thuy\u1ec1n l\u1edbn, b\u0103ng qua \u0111\u1ea1i d\u01b0\u01a1ng bao la v\u1edbi s\u1ee9 m\u1ec7nh mang l\u1ea1i hy v\u1ecdng, ni\u1ec1m tin v\u00e0 quy\u1ebft t\u00e2m cho nh\u1eefng ng\u01b0\u1eddi \u0111\u00e3 l\u1ea1c l\u1ed1i.<\/span><\/span><span class=\"jCAhz ChMk0b\"><span class=\"ryNqvb\"> <br \/>\n\u0110i c\u00f9ng n\u00e0ng l\u00e0 C\u00e1 Voi Xanh &#8211; \u0111\u01b0\u1ee3c t\u00f4n k\u00ednh trong v\u0103n h\u00f3a Vi\u1ec7t Nam nh\u01b0 v\u1ecb th\u1ea7n b\u1ea3o v\u1ec7 bi\u1ec3n c\u1ea3.<\/span><\/span> <span class=\"jCAhz ChMk0b\"><span class=\"ryNqvb\">\u0110\u01b0\u1ee3c g\u1ecdi l\u00e0 Th\u1ea7n Bi\u1ec3n, c\u00e1 voi t\u01b0\u1ee3ng tr\u01b0ng cho s\u1ef1 b\u1ea3o v\u1ec7, tr\u00ed tu\u1ec7 v\u00e0 s\u1ee9c m\u1ea1nh v\u00f4 bi\u00ean c\u1ee7a thi\u00ean nhi\u00ean.<\/span><\/span><\/span><\/p>\n<h2><strong><span class=\"HwtZe\" lang=\"vi\" style=\"color: #0000ff;\"><span class=\"jCAhz ChMk0b\"><span class=\"ryNqvb\"><span style=\"font-size: 14pt;\">S\u00e1ch truy\u1ec7n c\u1ed5 t\u00edch ngh\u1ec7 thu\u1eadt &#8220;N\u00e0ng Tr\u0103ng v\u00e0 Ba H\u1ea1t L\u00faa Th\u1ea7n&#8221;<\/span> <\/span><\/span><\/span><\/strong><\/h2>\n<p><span style=\"color: #000000;\">C\u00e2u chuy\u1ec7n l\u00e0 h\u00e0nh tr\u00ecnh <strong>\u201cN\u00e0ng G\u1ea1o\u201d<\/strong> kh\u00e1m ph\u00e1 nh\u1eefng \u0111i\u1ec1u b\u00ed \u1ea9n b\u00ean trong <strong>Ba H\u1ea1t L\u00faa Th\u1ea7n\u201d, <\/strong> v\u01b0\u1ee3t qua nh\u1eefng sai l\u1ea7m v\u00e0 t\u00ecm ki\u1ebfm tri th\u1ee9c th\u00f4ng qua bi\u1ec3u t\u01b0\u1ee3ng <strong>\u201c\u00c1nh Tr\u0103ng Khuy\u1ebft\u201d.<\/strong> N\u00e0ng \u0111\u00e3 gi\u00fap d\u00e2n l\u00e0ng t\u00ecm l\u1ea1i \u0111\u01b0\u1ee3c gi\u00e1 tr\u1ecb b\u1ea3n th\u00e2n, s\u1ef1 t\u1ef1 t\u00f4n v\u00e0 tho\u00e1t kh\u1ecfi \u00e1ch th\u1ed1ng tr\u1ecb c\u1ee7a l\u00e3o M\u00e8o. T\u1eeb \u0111\u00f3, mang l\u1ea1i cu\u1ed9c s\u1ed1ng \u1ea5m no, h\u1ea1nh ph\u00fac kh\u00f4ng ch\u1ec9 cho d\u00e2n l\u00e0ng Chu\u1ed9t m\u00e0 c\u1ea3 nh\u1eefng v\u00f9ng \u0111\u1ea5t kh\u00e1c.<\/span><\/p>\n<p><span style=\"color: #000000;\">H\u00ecnh \u1ea3nh <strong>\u201cBa H\u1ea1t L\u00faa Th\u1ea7n\u201d \u0111\u1ea1i di\u1ec7n cho \u201cl\u00f2ng hi\u1ebfu th\u1ea3o, s\u1ef1 d\u0169ng c\u1ea3m v\u00e0 t\u1ea5m l\u00f2ng nh\u00e2n \u00e1i\u201d <\/strong>c\u0169ng ch\u00ednh l\u00e0 nh\u1eefng gi\u00e1 tr\u1ecb c\u1ed1t l\u00f5i gi\u00fap cho m\u1ed7i con ng\u01b0\u1eddi c\u00f3 th\u1ec3 ki\u00ean c\u01b0\u1eddng, v\u01b0\u1ee3t qua \u0111\u01b0\u1ee3c nh\u1eefng tr\u1edf ng\u1ea1i, kh\u00f3 kh\u0103n v\u00e0 t\u00ecm ki\u1ebfm \u0111\u00fang gi\u00e1 tr\u1ecb, \u00fd ngh\u0129a c\u1ee7a cu\u1ed9c s\u1ed1ng. \u0110\u00e2y c\u0169ng l\u00e0 m\u1ed9t trong nh\u1eefng \u0111\u1ee9c t\u00ednh t\u1ed1t \u0111\u1eb9p \u0111\u01b0\u1ee3c truy\u1ec1n l\u1ea1i t\u1eeb x\u01b0a \u0111\u1ebfn n\u00e0y c\u1ee7a ng\u01b0\u1eddi Vi\u1ec7t Nam.<\/span><\/p>\n<p class=\"has-black-color has-text-color has-link-color wp-elements-0a129b351a618a34747056805de37094\"><span style=\"color: #000000;\">Nh\u1ea5p <span style=\"color: #0000ff;\"><strong><a style=\"color: #0000ff;\" href=\"https:\/\/bsartstudio.vn\/vi\/products\/nang-trang-va-ba-hat-lua-than\/\" target=\"_blank\" rel=\"noreferrer noopener\">v\u00e0o \u0111\u00e2y<\/a><\/strong><\/span> \u0111\u1ec3 mua s\u00e1ch <strong>\u201cN\u00e0ng Tr\u0103ng v\u00e0 Ba H\u1ea1t L\u00faa Th\u1ea7n\u201d<\/strong><\/span><\/p>\n<p class=\"has-vivid-cyan-blue-color has-text-color has-link-color wp-elements-6fbc84f56401ff4728185714b77563ff\"><span style=\"color: #000000;\">Nh\u1ea5p<span style=\"color: #0000ff;\"><strong> <a style=\"color: #0000ff;\" href=\"https:\/\/www.amazon.com\/dp\/B0CPW91SPQ\">v\u00e0o \u0111\u00e2y<\/a><\/strong><\/span> \u0111\u1ec3 mua s\u00e1ch <strong>\u201cN\u00e0ng Tr\u0103ng v\u00e0 Ba H\u1ea1t L\u00faa Th\u1ea7n\u201d<\/strong> tr\u00ean Amazon<strong>.<\/strong><\/span><\/p>\n<p><span style=\"color: #000000;\">Nh\u1ea5p <span style=\"color: #0000ff;\"><a style=\"color: #0000ff;\" href=\"https:\/\/bsartstudio.vn\/vi\/products-category\/the-gioi-trau-vang-pig-moon\/bo-suu-tap-nang-gao\/\" target=\"_blank\" rel=\"noopener\">here<\/a><\/span> \u0111\u1ec3 xem th\u00eam c\u00e1c s\u1ea3n ph\u1ea9m ngh\u1ec7 thu\u1eadt trong b\u1ed9 s\u01b0u t\u1eadp c\u1ee7a &#8220;N\u00e0ng G\u1ea1o&#8221;<\/span><\/p>\n<p>&nbsp;<\/p>\n<div dir=\"auto\"><span style=\"color: #000000;\">Tranh ngh\u1ec7 thu\u1eadt<\/span><\/div>\n<div dir=\"auto\"><span style=\"color: #000000;\">Qu\u00e0 t\u1eb7ng ngh\u1ec7 thu\u1eadt<\/span><\/div>\n<div dir=\"auto\"><span style=\"color: #000000;\">Tranh trang tr\u00ed<\/span><\/div>\n<div dir=\"auto\"><span style=\"color: #000000;\">Tranh in<\/span><br \/>\n<span style=\"color: #000000;\">Th\u1ea7n Bi\u1ec3n<\/span><br \/>\n<span style=\"color: #000000;\">bsartstudio<\/span><\/div>\n","protected":false},"excerpt":{"rendered":"<h1><strong><span style=\"font-size: 18pt;\">Th\u1ea7n Bi\u1ec3n &#8211; Tranh In &#8211; Tranh Trang Tr\u00ed<\/span><\/strong><\/h1>\n<ul>\n<li>\n<p><span style=\"color: #000000;\">V\u1edbi m\u00e0u s\u1eafc t\u01b0\u01a1i vui v\u00e0 thi\u1ebft k\u1ebf nh\u00e2n v\u1eadt \u0111\u1ed9c \u0111\u00e1o, \u0111\u00e2y s\u1ebd l\u00e0 m\u00f3n qu\u00e0 \u00fd ngh\u0129a v\u00e0 \u0111\u1ed9c \u0111\u00e1o \u0111\u1ec3 b\u1ea1n l\u1ef1a ch\u1ecdn d\u00e0nh t\u1eb7ng ng\u01b0\u1eddi th\u00e2n, b\u1ea1n b\u00e8 v\u00e0 \u0111\u1ed1i t\u00e1c. <\/span><br \/>\n<span style=\"color: #000000;\">T\u00e1c ph\u1ea9m ngh\u1ec7 thu\u1eadt in \u1ea5n trang tr\u00ed \u0111\u1ed9c \u0111\u00e1o. Qu\u00e0 t\u1eb7ng v\u0103n h\u00f3a Vi\u1ec7t Nam.<\/span><\/p>\n<p><span style=\"color: #000000;\">Ch\u1ea5t li\u1ec7u: Tranh in ch\u1ea5t l\u01b0\u1ee3ng cao tr\u00ean Gi\u1ea5y M\u1ef9 Thu\u1eadt<\/span><\/p>\n<p><span style=\"color: #000000;\"><strong>K\u00edch th\u01b0\u1edbc Kh\u00f4ng khung:<\/strong><\/span><\/p>\n<p><span style=\"color: #000000;\">Size: 42cm x 30cm: <strong>450.000 VND (18 $)<\/strong><\/span><\/p>\n<p><span style=\"color: #000000;\"><strong>K\u00edch th\u01b0\u1edbc C\u00f3 khung:<\/strong><\/span><\/p>\n<p><span style=\"color: #000000;\">Size: 45cm x 33cm: <strong>750.000 VND (29 $)<\/strong><\/span><\/p>\n<p><span style=\"color: #000000;\">G\u1eedi email cho ch\u00fang t\u00f4i: <span style=\"color: #0000ff;\"><strong>artproduct@bsartstudio.vn<\/strong><\/span> \u0111\u1ec3 l\u1ef1a ch\u1ecdn k\u00edch th\u01b0\u1edbc v\u00e0 khung<\/span><\/p>\n<\/li>\n<\/ul>\n<p>&nbsp;<\/p>\n","protected":false},"featured_media":9428,"template":"","meta":{"_et_pb_use_builder":"","_et_pb_old_content":"","_et_gb_content_width":""},"product_cat":[191,59,70,429,73],"product_tag":[370,645,646,764,391,364,369,647,389,390],"yoast_head":"<!-- This site is optimized with the Yoast SEO plugin v24.5 - https:\/\/yoast.com\/wordpress\/plugins\/seo\/ -->\n<title>Th\u1ea7n Bi\u1ec3n - Tranh In - Tranh Trang Tr\u00ed - B\/S Art Studio<\/title>\n<meta name=\"description\" content=\"Tranh In Th\u1ea7n Bi\u1ec3n - C\u00e1 Voi t\u01b0\u1ee3ng tr\u01b0ng cho s\u1ef1 b\u1ea3o v\u1ec7, tr\u00ed tu\u1ec7 &amp; s\u1ee9c m\u1ea1nh v\u00f4 bi\u00ean c\u1ee7a thi\u00ean nhi\u00ean c\u00f9ng N\u00e0ng G\u1ea1o l\u00e0 bi\u1ec3u t\u01b0\u1ee3ng c\u1ee7a s\u1ef1 hi\u1ebfu th\u1ea3o, l\u00f2ng d\u0169ng c\u1ea3m &amp; chia s\u1ebb.\" \/>\n<meta name=\"robots\" content=\"index, follow, max-snippet:-1, max-image-preview:large, max-video-preview:-1\" \/>\n<link rel=\"canonical\" href=\"https:\/\/bsartstudio.vn\/vi\/products\/mam-xanh-hy-vong-tranh-in-tranh-trang-tri-copy\/\" \/>\n<meta property=\"og:locale\" content=\"vi_VN\" \/>\n<meta property=\"og:type\" content=\"article\" \/>\n<meta property=\"og:title\" content=\"Th\u1ea7n Bi\u1ec3n - Tranh In - Tranh Trang Tr\u00ed - B\/S Art Studio\" \/>\n<meta property=\"og:description\" content=\"Tranh In Th\u1ea7n Bi\u1ec3n - C\u00e1 Voi t\u01b0\u1ee3ng tr\u01b0ng cho s\u1ef1 b\u1ea3o v\u1ec7, tr\u00ed tu\u1ec7 &amp; s\u1ee9c m\u1ea1nh v\u00f4 bi\u00ean c\u1ee7a thi\u00ean nhi\u00ean c\u00f9ng N\u00e0ng G\u1ea1o l\u00e0 bi\u1ec3u t\u01b0\u1ee3ng c\u1ee7a s\u1ef1 hi\u1ebfu th\u1ea3o, l\u00f2ng d\u0169ng c\u1ea3m &amp; chia s\u1ebb.\" \/>\n<meta property=\"og:url\" content=\"https:\/\/bsartstudio.vn\/vi\/products\/mam-xanh-hy-vong-tranh-in-tranh-trang-tri-copy\/\" \/>\n<meta property=\"og:site_name\" content=\"B\/S Art Studio\" \/>\n<meta property=\"article:modified_time\" content=\"2026-01-13T09:12:00+00:00\" \/>\n<meta property=\"og:image\" content=\"https:\/\/bsartstudio.vn\/wp-content\/uploads\/2025\/04\/The-God-Of-Ocean-3.jpg\" \/>\n\t<meta property=\"og:image:width\" content=\"1920\" \/>\n\t<meta property=\"og:image:height\" content=\"1920\" \/>\n\t<meta property=\"og:image:type\" content=\"image\/jpeg\" \/>\n<meta name=\"twitter:card\" content=\"summary_large_image\" \/>\n<meta name=\"twitter:label1\" content=\"Est. reading time\" \/>\n\t<meta name=\"twitter:data1\" content=\"2 minutes\" \/>\n<script type=\"application\/ld+json\" class=\"yoast-schema-graph\">{\"@context\":\"https:\/\/schema.org\",\"@graph\":[{\"@type\":\"WebPage\",\"@id\":\"https:\/\/bsartstudio.vn\/vi\/products\/mam-xanh-hy-vong-tranh-in-tranh-trang-tri-copy\/\",\"url\":\"https:\/\/bsartstudio.vn\/vi\/products\/mam-xanh-hy-vong-tranh-in-tranh-trang-tri-copy\/\",\"name\":\"Th\u1ea7n Bi\u1ec3n - Tranh In - Tranh Trang Tr\u00ed - B\/S Art Studio\",\"isPartOf\":{\"@id\":\"https:\/\/bsartstudio.vn\/ja\/#website\"},\"primaryImageOfPage\":{\"@id\":\"https:\/\/bsartstudio.vn\/vi\/products\/mam-xanh-hy-vong-tranh-in-tranh-trang-tri-copy\/#primaryimage\"},\"image\":{\"@id\":\"https:\/\/bsartstudio.vn\/vi\/products\/mam-xanh-hy-vong-tranh-in-tranh-trang-tri-copy\/#primaryimage\"},\"thumbnailUrl\":\"https:\/\/bsartstudio.vn\/wp-content\/uploads\/2025\/04\/The-God-Of-Ocean-3.jpg\",\"datePublished\":\"2025-04-23T04:15:27+00:00\",\"dateModified\":\"2026-01-13T09:12:00+00:00\",\"description\":\"Tranh In Th\u1ea7n Bi\u1ec3n - C\u00e1 Voi t\u01b0\u1ee3ng tr\u01b0ng cho s\u1ef1 b\u1ea3o v\u1ec7, tr\u00ed tu\u1ec7 & s\u1ee9c m\u1ea1nh v\u00f4 bi\u00ean c\u1ee7a thi\u00ean nhi\u00ean c\u00f9ng N\u00e0ng G\u1ea1o l\u00e0 bi\u1ec3u t\u01b0\u1ee3ng c\u1ee7a s\u1ef1 hi\u1ebfu th\u1ea3o, l\u00f2ng d\u0169ng c\u1ea3m & chia s\u1ebb.\",\"breadcrumb\":{\"@id\":\"https:\/\/bsartstudio.vn\/vi\/products\/mam-xanh-hy-vong-tranh-in-tranh-trang-tri-copy\/#breadcrumb\"},\"inLanguage\":\"vi-VN\",\"potentialAction\":[{\"@type\":\"ReadAction\",\"target\":[\"https:\/\/bsartstudio.vn\/vi\/products\/mam-xanh-hy-vong-tranh-in-tranh-trang-tri-copy\/\"]}]},{\"@type\":\"ImageObject\",\"inLanguage\":\"vi-VN\",\"@id\":\"https:\/\/bsartstudio.vn\/vi\/products\/mam-xanh-hy-vong-tranh-in-tranh-trang-tri-copy\/#primaryimage\",\"url\":\"https:\/\/bsartstudio.vn\/wp-content\/uploads\/2025\/04\/The-God-Of-Ocean-3.jpg\",\"contentUrl\":\"https:\/\/bsartstudio.vn\/wp-content\/uploads\/2025\/04\/The-God-Of-Ocean-3.jpg\",\"width\":1920,\"height\":1920,\"caption\":\"Th\u1ea7n Bi\u1ec3n - Tranh In - Tranh Trang Tr\u00ed\"},{\"@type\":\"BreadcrumbList\",\"@id\":\"https:\/\/bsartstudio.vn\/vi\/products\/mam-xanh-hy-vong-tranh-in-tranh-trang-tri-copy\/#breadcrumb\",\"itemListElement\":[{\"@type\":\"ListItem\",\"position\":1,\"name\":\"Home\",\"item\":\"https:\/\/bsartstudio.vn\/en\/\"},{\"@type\":\"ListItem\",\"position\":2,\"name\":\"Shop\",\"item\":\"https:\/\/bsartstudio.vn\/en\/shop\/\"},{\"@type\":\"ListItem\",\"position\":3,\"name\":\"Th\u1ea7n Bi\u1ec3n &#8211; Tranh In &#8211; Tranh Trang Tr\u00ed\"}]},{\"@type\":\"WebSite\",\"@id\":\"https:\/\/bsartstudio.vn\/ja\/#website\",\"url\":\"https:\/\/bsartstudio.vn\/ja\/\",\"name\":\"B\/S Art Studio\",\"description\":\"\",\"publisher\":{\"@id\":\"https:\/\/bsartstudio.vn\/ja\/#organization\"},\"potentialAction\":[{\"@type\":\"SearchAction\",\"target\":{\"@type\":\"EntryPoint\",\"urlTemplate\":\"https:\/\/bsartstudio.vn\/ja\/?s={search_term_string}\"},\"query-input\":{\"@type\":\"PropertyValueSpecification\",\"valueRequired\":true,\"valueName\":\"search_term_string\"}}],\"inLanguage\":\"vi-VN\"},{\"@type\":\"Organization\",\"@id\":\"https:\/\/bsartstudio.vn\/ja\/#organization\",\"name\":\"B\/S Art Studio\",\"url\":\"https:\/\/bsartstudio.vn\/ja\/\",\"logo\":{\"@type\":\"ImageObject\",\"inLanguage\":\"vi-VN\",\"@id\":\"https:\/\/bsartstudio.vn\/ja\/#\/schema\/logo\/image\/\",\"url\":\"https:\/\/bsartstudio.vn\/wp-content\/uploads\/2020\/03\/54526018_2272576089468053_1525084505319145472_n.jpg\",\"contentUrl\":\"https:\/\/bsartstudio.vn\/wp-content\/uploads\/2020\/03\/54526018_2272576089468053_1525084505319145472_n.jpg\",\"width\":958,\"height\":958,\"caption\":\"B\/S Art Studio\"},\"image\":{\"@id\":\"https:\/\/bsartstudio.vn\/ja\/#\/schema\/logo\/image\/\"}}]}<\/script>\n<!-- \/ Yoast SEO plugin. -->","yoast_head_json":{"title":"Th\u1ea7n Bi\u1ec3n - Tranh In - Tranh Trang Tr\u00ed - B\/S Art Studio","description":"Tranh In Th\u1ea7n Bi\u1ec3n - C\u00e1 Voi t\u01b0\u1ee3ng tr\u01b0ng cho s\u1ef1 b\u1ea3o v\u1ec7, tr\u00ed tu\u1ec7 & s\u1ee9c m\u1ea1nh v\u00f4 bi\u00ean c\u1ee7a thi\u00ean nhi\u00ean c\u00f9ng N\u00e0ng G\u1ea1o l\u00e0 bi\u1ec3u t\u01b0\u1ee3ng c\u1ee7a s\u1ef1 hi\u1ebfu th\u1ea3o, l\u00f2ng d\u0169ng c\u1ea3m & chia s\u1ebb.","robots":{"index":"index","follow":"follow","max-snippet":"max-snippet:-1","max-image-preview":"max-image-preview:large","max-video-preview":"max-video-preview:-1"},"canonical":"https:\/\/bsartstudio.vn\/vi\/products\/mam-xanh-hy-vong-tranh-in-tranh-trang-tri-copy\/","og_locale":"vi_VN","og_type":"article","og_title":"Th\u1ea7n Bi\u1ec3n - Tranh In - Tranh Trang Tr\u00ed - B\/S Art Studio","og_description":"Tranh In Th\u1ea7n Bi\u1ec3n - C\u00e1 Voi t\u01b0\u1ee3ng tr\u01b0ng cho s\u1ef1 b\u1ea3o v\u1ec7, tr\u00ed tu\u1ec7 & s\u1ee9c m\u1ea1nh v\u00f4 bi\u00ean c\u1ee7a thi\u00ean nhi\u00ean c\u00f9ng N\u00e0ng G\u1ea1o l\u00e0 bi\u1ec3u t\u01b0\u1ee3ng c\u1ee7a s\u1ef1 hi\u1ebfu th\u1ea3o, l\u00f2ng d\u0169ng c\u1ea3m & chia s\u1ebb.","og_url":"https:\/\/bsartstudio.vn\/vi\/products\/mam-xanh-hy-vong-tranh-in-tranh-trang-tri-copy\/","og_site_name":"B\/S Art Studio","article_modified_time":"2026-01-13T09:12:00+00:00","og_image":[{"width":1920,"height":1920,"url":"https:\/\/bsartstudio.vn\/wp-content\/uploads\/2025\/04\/The-God-Of-Ocean-3.jpg","type":"image\/jpeg"}],"twitter_card":"summary_large_image","twitter_misc":{"Est. reading time":"2 minutes"},"schema":{"@context":"https:\/\/schema.org","@graph":[{"@type":"WebPage","@id":"https:\/\/bsartstudio.vn\/vi\/products\/mam-xanh-hy-vong-tranh-in-tranh-trang-tri-copy\/","url":"https:\/\/bsartstudio.vn\/vi\/products\/mam-xanh-hy-vong-tranh-in-tranh-trang-tri-copy\/","name":"Th\u1ea7n Bi\u1ec3n - Tranh In - Tranh Trang Tr\u00ed - B\/S Art Studio","isPartOf":{"@id":"https:\/\/bsartstudio.vn\/ja\/#website"},"primaryImageOfPage":{"@id":"https:\/\/bsartstudio.vn\/vi\/products\/mam-xanh-hy-vong-tranh-in-tranh-trang-tri-copy\/#primaryimage"},"image":{"@id":"https:\/\/bsartstudio.vn\/vi\/products\/mam-xanh-hy-vong-tranh-in-tranh-trang-tri-copy\/#primaryimage"},"thumbnailUrl":"https:\/\/bsartstudio.vn\/wp-content\/uploads\/2025\/04\/The-God-Of-Ocean-3.jpg","datePublished":"2025-04-23T04:15:27+00:00","dateModified":"2026-01-13T09:12:00+00:00","description":"Tranh In Th\u1ea7n Bi\u1ec3n - C\u00e1 Voi t\u01b0\u1ee3ng tr\u01b0ng cho s\u1ef1 b\u1ea3o v\u1ec7, tr\u00ed tu\u1ec7 & s\u1ee9c m\u1ea1nh v\u00f4 bi\u00ean c\u1ee7a thi\u00ean nhi\u00ean c\u00f9ng N\u00e0ng G\u1ea1o l\u00e0 bi\u1ec3u t\u01b0\u1ee3ng c\u1ee7a s\u1ef1 hi\u1ebfu th\u1ea3o, l\u00f2ng d\u0169ng c\u1ea3m & chia s\u1ebb.","breadcrumb":{"@id":"https:\/\/bsartstudio.vn\/vi\/products\/mam-xanh-hy-vong-tranh-in-tranh-trang-tri-copy\/#breadcrumb"},"inLanguage":"vi-VN","potentialAction":[{"@type":"ReadAction","target":["https:\/\/bsartstudio.vn\/vi\/products\/mam-xanh-hy-vong-tranh-in-tranh-trang-tri-copy\/"]}]},{"@type":"ImageObject","inLanguage":"vi-VN","@id":"https:\/\/bsartstudio.vn\/vi\/products\/mam-xanh-hy-vong-tranh-in-tranh-trang-tri-copy\/#primaryimage","url":"https:\/\/bsartstudio.vn\/wp-content\/uploads\/2025\/04\/The-God-Of-Ocean-3.jpg","contentUrl":"https:\/\/bsartstudio.vn\/wp-content\/uploads\/2025\/04\/The-God-Of-Ocean-3.jpg","width":1920,"height":1920,"caption":"Th\u1ea7n Bi\u1ec3n - Tranh In - Tranh Trang Tr\u00ed"},{"@type":"BreadcrumbList","@id":"https:\/\/bsartstudio.vn\/vi\/products\/mam-xanh-hy-vong-tranh-in-tranh-trang-tri-copy\/#breadcrumb","itemListElement":[{"@type":"ListItem","position":1,"name":"Home","item":"https:\/\/bsartstudio.vn\/en\/"},{"@type":"ListItem","position":2,"name":"Shop","item":"https:\/\/bsartstudio.vn\/en\/shop\/"},{"@type":"ListItem","position":3,"name":"Th\u1ea7n Bi\u1ec3n &#8211; Tranh In &#8211; Tranh Trang Tr\u00ed"}]},{"@type":"WebSite","@id":"https:\/\/bsartstudio.vn\/ja\/#website","url":"https:\/\/bsartstudio.vn\/ja\/","name":"B\/S Art Studio","description":"","publisher":{"@id":"https:\/\/bsartstudio.vn\/ja\/#organization"},"potentialAction":[{"@type":"SearchAction","target":{"@type":"EntryPoint","urlTemplate":"https:\/\/bsartstudio.vn\/ja\/?s={search_term_string}"},"query-input":{"@type":"PropertyValueSpecification","valueRequired":true,"valueName":"search_term_string"}}],"inLanguage":"vi-VN"},{"@type":"Organization","@id":"https:\/\/bsartstudio.vn\/ja\/#organization","name":"B\/S Art Studio","url":"https:\/\/bsartstudio.vn\/ja\/","logo":{"@type":"ImageObject","inLanguage":"vi-VN","@id":"https:\/\/bsartstudio.vn\/ja\/#\/schema\/logo\/image\/","url":"https:\/\/bsartstudio.vn\/wp-content\/uploads\/2020\/03\/54526018_2272576089468053_1525084505319145472_n.jpg","contentUrl":"https:\/\/bsartstudio.vn\/wp-content\/uploads\/2020\/03\/54526018_2272576089468053_1525084505319145472_n.jpg","width":958,"height":958,"caption":"B\/S Art Studio"},"image":{"@id":"https:\/\/bsartstudio.vn\/ja\/#\/schema\/logo\/image\/"}}]}},"_links":{"self":[{"href":"https:\/\/bsartstudio.vn\/vi\/wp-json\/wp\/v2\/product\/9418"}],"collection":[{"href":"https:\/\/bsartstudio.vn\/vi\/wp-json\/wp\/v2\/product"}],"about":[{"href":"https:\/\/bsartstudio.vn\/vi\/wp-json\/wp\/v2\/types\/product"}],"wp:featuredmedia":[{"embeddable":true,"href":"https:\/\/bsartstudio.vn\/vi\/wp-json\/wp\/v2\/media\/9428"}],"wp:attachment":[{"href":"https:\/\/bsartstudio.vn\/vi\/wp-json\/wp\/v2\/media?parent=9418"}],"wp:term":[{"taxonomy":"product_cat","embeddable":true,"href":"https:\/\/bsartstudio.vn\/vi\/wp-json\/wp\/v2\/product_cat?post=9418"},{"taxonomy":"product_tag","embeddable":true,"href":"https:\/\/bsartstudio.vn\/vi\/wp-json\/wp\/v2\/product_tag?post=9418"}],"curies":[{"name":"wp","href":"https:\/\/api.w.org\/{rel}","templated":true}]}}