{"id":9402,"date":"2025-04-22T13:18:02","date_gmt":"2025-04-22T06:18:04","guid":{"rendered":"https:\/\/bsartstudio.vn\/?post_type=product&#038;p=9402"},"modified":"2026-01-13T16:15:18","modified_gmt":"2026-01-13T09:15:18","slug":"dem-cua-nhung-giac-mo-tranh-in-tranh-trang-tri-copy","status":"publish","type":"product","link":"https:\/\/bsartstudio.vn\/vi\/products\/dem-cua-nhung-giac-mo-tranh-in-tranh-trang-tri-copy\/","title":{"rendered":"M\u1ea7m Xanh Hy V\u1ecdng &#8211; Tranh In &#8211; Tranh Trang Tr\u00ed"},"content":{"rendered":"<h1><strong><span class=\"HwtZe\" lang=\"vi\" style=\"color: #0000ff;\"><span class=\"jCAhz ChMk0b\"><span class=\"ryNqvb\"><span style=\"font-size: 18pt;\">M\u1ea7m Xanh Hy V\u1ecdng &#8211; Tranh in t\u1eeb s\u00e1ch truy\u1ec7n &#8220;M\u1ea7m Xanh Hy V\u1ecdng&#8221;<\/span> <\/span><\/span><\/span><\/strong><\/h1>\n<p><span class=\"HwtZe\" lang=\"vi\" style=\"color: #000000;\"><span class=\"jCAhz ChMk0b\"><span class=\"ryNqvb\"><strong>M\u1ea7m Xanh Hy V\u1ecdng &#8211;\u00a0<\/strong><span class=\"x193iq5w xeuugli x13faqbe x1vvkbs x1xmvt09 x1lliihq x1s928wv xhkezso x1gmr53x x1cpjm7i x1fgarty x1943h6x xudqn12 x3x7a5m x6prxxf xvq8zen xo1l8bm xzsf02u x1yc453h\" dir=\"auto\">l\u00e0 phi\u00ean b\u1ea3n minh h\u1ecda c\u1ee7a b\u00eca s\u00e1ch truy<strong>\u1ec7n c\u1ed5 t\u00edch <\/strong><span class=\"HwtZe\" lang=\"vi\"><strong>&#8220;M\u1ea7m Xanh Hy V\u1ecdng&#8221;<\/strong><\/span>\u0111\u01b0\u1ee3c r\u1ea5t nhi\u1ec1u \u0111\u1ed9c gi\u1ea3 y\u00eau th\u00edch.<\/span><\/span><\/span> <\/span><\/p>\n<h2><strong><span class=\"HwtZe\" lang=\"vi\" style=\"color: #0000ff;\"><span class=\"jCAhz ChMk0b\"><span class=\"ryNqvb\"><span style=\"font-size: 14pt;\">S\u00e1ch truy\u1ec7n c\u1ed5 t\u00edch ngh\u1ec7 thu\u1eadt &#8220;M\u1ea7m Xanh Hy V\u1ecdng&#8221;<\/span> <\/span><\/span><\/span><\/strong><\/h2>\n<p><span class=\"HwtZe\" lang=\"vi\" style=\"color: #000000;\"><span class=\"jCAhz ChMk0b\"><span class=\"ryNqvb\">C\u00e2u chuy\u1ec7n k\u1ec3 v\u1ec1 m\u1ed9t ch\u00fa h\u1ed5 con sinh ra v\u00e0o m\u00f9a xu\u00e2n, \u0111\u01b0\u1ee3c b\u1ed1 m\u1eb9 \u0111\u1eb7t t\u00ean l\u00e0 Hope, t\u01b0\u1ee3ng tr\u01b0ng cho m\u1ed9t kh\u1edfi \u0111\u1ea7u m\u1edbi t\u01b0\u01a1i s\u00e1ng v\u00e0 l\u1ea1c quan.<\/span><\/span><\/span><\/p>\n<p><span class=\"HwtZe\" lang=\"vi\" style=\"color: #000000;\"><span class=\"jCAhz ChMk0b\"><span class=\"ryNqvb\">Khu r\u1eebng nguy\u00ean sinh n\u01a1i gia \u0111\u00ecnh Hope v\u00e0 c\u00e1c lo\u00e0i \u0111\u1ed9ng v\u1eadt kh\u00e1c sinh s\u1ed1ng d\u1ea7n xu\u1ea5t hi\u1ec7n d\u1ea5u hi\u1ec7u x\u00e2m l\u1ea5n c\u1ee7a con ng\u01b0\u1eddi.<\/span><\/span> <\/span><\/p>\n<p><span class=\"HwtZe\" lang=\"vi\" style=\"color: #000000;\"><span class=\"jCAhz ChMk0b\"><span class=\"ryNqvb\">R\u1ed3i m\u1ed9t ng\u00e0y, to\u00e0n b\u1ed9 khu r\u1eebng b\u1ecb thi\u00eau r\u1ee5i ho\u00e0n to\u00e0n.<\/span><\/span><span class=\"jCAhz ChMk0b\"><span class=\"ryNqvb\"> V\u1edbi s\u1ee9c l\u1ef1c nh\u1ecf b\u00e9 c\u1ee7a m\u00ecnh, Hope ch\u1ec9 c\u00f3 th\u1ec3 b\u1ea3o v\u1ec7 \u0111\u01b0\u1ee3c m\u1ed9t m\u1ea7m non duy nh\u1ea5t.<\/span><\/span> <\/span><\/p>\n<p><span class=\"HwtZe\" lang=\"vi\" style=\"color: #000000;\"><span class=\"jCAhz ChMk0b\"><span class=\"ryNqvb\">Hope tin r\u1eb1ng t\u1eeb m\u1ea7m non cu\u1ed1i c\u00f9ng n\u00e0y, m\u1ed9t ng\u00e0y n\u00e0o \u0111\u00f3 c\u1eadu c\u00f3 th\u1ec3 kh\u00f4i ph\u1ee5c l\u1ea1i nh\u1eefng khu r\u1eebng \u0111\u00e3 m\u1ea5t v\u00e0 h\u1ec7 sinh th\u00e1i c\u1ee7a khu r\u1eebng r\u1ed9ng l\u1edbn.<\/span><\/span><\/span><\/p>\n<p><span style=\"color: #000000;\">Nh\u1ea5n <span style=\"color: #0000ff;\"><a style=\"color: #0000ff;\" href=\"https:\/\/www.youtube.com\/watch?v=qSXTjlUukP0\" target=\"_blank\" rel=\"noopener\">v\u00e0o \u0111\u00e2y<\/a> <\/span>\u0111\u1ec3 xem th\u00eam v\u1ec1 Trailer gi\u1edbi thi\u1ec7u s\u00e1ch.<\/span><\/p>\n<p><span style=\"color: #000000;\">Nh\u1ea5n <span style=\"color: #0000ff;\"><a style=\"color: #0000ff;\" href=\"https:\/\/bsartstudio.vn\/vi\/products-category\/the-gioi-trau-vang-pig-moon\/bo-suu-tap-hope\/\" target=\"_blank\" rel=\"noopener\">v\u00e0o \u0111\u00e2y<\/a><\/span> \u0111\u1ec3 xem th\u00eam <strong>c\u00e1c s\u1ea3n ph\u1ea9m c\u1ee7a C\u1ecdp Hope<\/strong><\/span><\/p>\n<p>&nbsp;<\/p>\n<div dir=\"auto\"><span style=\"color: #000000;\">Tranh C\u1ecdp<br \/>\nTranh thi\u00ean nhi\u00ean<br \/>\nTranh trang tr\u00ed<br \/>\nQu\u00e0 t\u1eb7ng ngh\u1ec7 thu\u1eadt<br \/>\nY\u00eau thi\u00ean nhi\u00ean<br \/>\nB\u1ea3o v\u1ec7 r\u1eebng xanh<br \/>\nBSArtStudio<\/span><\/div>\n","protected":false},"excerpt":{"rendered":"<h1><span style=\"font-size: 18pt; color: #000000;\"><strong>&#8220;M\u1ea7m Xanh Hy V\u1ecdng&#8221; &#8211; Tranh In<\/strong><\/span><\/h1>\n<ul>\n<li>\n<p><span style=\"color: #000000;\">V\u1edbi m\u00e0u s\u1eafc t\u01b0\u01a1i vui v\u00e0 thi\u1ebft k\u1ebf nh\u00e2n v\u1eadt \u0111\u1ed9c \u0111\u00e1o, \u0111\u00e2y s\u1ebd l\u00e0 m\u00f3n qu\u00e0 \u00fd ngh\u0129a v\u00e0 \u0111\u1ed9c \u0111\u00e1o \u0111\u1ec3 b\u1ea1n l\u1ef1a ch\u1ecdn d\u00e0nh t\u1eb7ng ng\u01b0\u1eddi th\u00e2n, b\u1ea1n b\u00e8 v\u00e0 \u0111\u1ed1i t\u00e1c. <\/span><br \/>\n<span style=\"color: #000000;\">T\u00e1c ph\u1ea9m ngh\u1ec7 thu\u1eadt in \u1ea5n trang tr\u00ed \u0111\u1ed9c \u0111\u00e1o. Qu\u00e0 t\u1eb7ng v\u0103n h\u00f3a Vi\u1ec7t Nam.<\/span><\/p>\n<p><span style=\"color: #000000;\">Ch\u1ea5t li\u1ec7u: Tranh in ch\u1ea5t l\u01b0\u1ee3ng cao tr\u00ean Gi\u1ea5y M\u1ef9 Thu\u1eadt<\/span><\/p>\n<p><span style=\"color: #000000;\"><strong>K\u00edch th\u01b0\u1edbc Kh\u00f4ng khung:<\/strong><\/span><\/p>\n<p><span style=\"color: #000000;\">Size: 30cm x 30cm: <strong>290.000 VND (12 $)<\/strong><\/span><\/p>\n<p><span style=\"color: #000000;\"><strong>K\u00edch th\u01b0\u1edbc C\u00f3 khung:<\/strong><\/span><\/p>\n<p><span style=\"color: #000000;\">Size: 33cm x 33cm: <strong>650.000 VND (26 $)<\/strong><\/span><\/p>\n<p><span style=\"color: #000000;\">G\u1eedi email cho ch\u00fang t\u00f4i: <span style=\"color: #0000ff;\"><strong>artproduct@bsartstudio.vn<\/strong><\/span> \u0111\u1ec3 l\u1ef1a ch\u1ecdn k\u00edch th\u01b0\u1edbc v\u00e0 khung<\/span><\/p>\n<\/li>\n<\/ul>\n<p>&nbsp;<\/p>\n","protected":false},"featured_media":10091,"template":"","meta":{"_et_pb_use_builder":"","_et_pb_old_content":"","_et_gb_content_width":""},"product_cat":[192,59,70,429,73],"product_tag":[372,370,371,367,171,764,364,369,374,389,390],"yoast_head":"<!-- This site is optimized with the Yoast SEO plugin v24.5 - https:\/\/yoast.com\/wordpress\/plugins\/seo\/ -->\n<title>M\u1ea7m Xanh Hy V\u1ecdng - Tranh In - Tranh Trang Tr\u00ed - B\/S Art Studio<\/title>\n<meta name=\"description\" content=\"Tranh in M\u1ea7m Xanh Hy V\u1ecdng b\u1ea3o v\u1ec7 m\u1ea7m xanh cu\u1ed1i c\u00f9ng c\u1ee7a khu r\u1eebng, t\u01b0\u1ee3ng tr\u01b0ng cho vi\u1ec7c b\u1ea3o t\u1ed3n s\u1ef1 s\u1ed1ng v\u00e0 thi\u00ean nhi\u00ean cho c\u00e1c th\u1ebf h\u1ec7 t\u01b0\u01a1ng lai.\" \/>\n<meta name=\"robots\" content=\"index, follow, max-snippet:-1, max-image-preview:large, max-video-preview:-1\" \/>\n<link rel=\"canonical\" href=\"https:\/\/bsartstudio.vn\/vi\/products\/dem-cua-nhung-giac-mo-tranh-in-tranh-trang-tri-copy\/\" \/>\n<meta property=\"og:locale\" content=\"vi_VN\" \/>\n<meta property=\"og:type\" content=\"article\" \/>\n<meta property=\"og:title\" content=\"M\u1ea7m Xanh Hy V\u1ecdng - Tranh In - Tranh Trang Tr\u00ed - B\/S Art Studio\" \/>\n<meta property=\"og:description\" content=\"Tranh in M\u1ea7m Xanh Hy V\u1ecdng b\u1ea3o v\u1ec7 m\u1ea7m xanh cu\u1ed1i c\u00f9ng c\u1ee7a khu r\u1eebng, t\u01b0\u1ee3ng tr\u01b0ng cho vi\u1ec7c b\u1ea3o t\u1ed3n s\u1ef1 s\u1ed1ng v\u00e0 thi\u00ean nhi\u00ean cho c\u00e1c th\u1ebf h\u1ec7 t\u01b0\u01a1ng lai.\" \/>\n<meta property=\"og:url\" content=\"https:\/\/bsartstudio.vn\/vi\/products\/dem-cua-nhung-giac-mo-tranh-in-tranh-trang-tri-copy\/\" \/>\n<meta property=\"og:site_name\" content=\"B\/S Art Studio\" \/>\n<meta property=\"article:modified_time\" content=\"2026-01-13T09:15:18+00:00\" \/>\n<meta property=\"og:image\" content=\"https:\/\/bsartstudio.vn\/wp-content\/uploads\/2025\/04\/The-Sprout-Of-Hope-3.jpg\" \/>\n\t<meta property=\"og:image:width\" content=\"1920\" \/>\n\t<meta property=\"og:image:height\" content=\"1920\" \/>\n\t<meta property=\"og:image:type\" content=\"image\/jpeg\" \/>\n<meta name=\"twitter:card\" content=\"summary_large_image\" \/>\n<meta name=\"twitter:label1\" content=\"Est. reading time\" \/>\n\t<meta name=\"twitter:data1\" content=\"2 minutes\" \/>\n<script type=\"application\/ld+json\" class=\"yoast-schema-graph\">{\"@context\":\"https:\/\/schema.org\",\"@graph\":[{\"@type\":\"WebPage\",\"@id\":\"https:\/\/bsartstudio.vn\/vi\/products\/dem-cua-nhung-giac-mo-tranh-in-tranh-trang-tri-copy\/\",\"url\":\"https:\/\/bsartstudio.vn\/vi\/products\/dem-cua-nhung-giac-mo-tranh-in-tranh-trang-tri-copy\/\",\"name\":\"M\u1ea7m Xanh Hy V\u1ecdng - Tranh In - Tranh Trang Tr\u00ed - B\/S Art Studio\",\"isPartOf\":{\"@id\":\"https:\/\/bsartstudio.vn\/ja\/#website\"},\"primaryImageOfPage\":{\"@id\":\"https:\/\/bsartstudio.vn\/vi\/products\/dem-cua-nhung-giac-mo-tranh-in-tranh-trang-tri-copy\/#primaryimage\"},\"image\":{\"@id\":\"https:\/\/bsartstudio.vn\/vi\/products\/dem-cua-nhung-giac-mo-tranh-in-tranh-trang-tri-copy\/#primaryimage\"},\"thumbnailUrl\":\"https:\/\/bsartstudio.vn\/wp-content\/uploads\/2025\/04\/The-Sprout-Of-Hope-3.jpg\",\"datePublished\":\"2025-04-22T06:18:04+00:00\",\"dateModified\":\"2026-01-13T09:15:18+00:00\",\"description\":\"Tranh in M\u1ea7m Xanh Hy V\u1ecdng b\u1ea3o v\u1ec7 m\u1ea7m xanh cu\u1ed1i c\u00f9ng c\u1ee7a khu r\u1eebng, t\u01b0\u1ee3ng tr\u01b0ng cho vi\u1ec7c b\u1ea3o t\u1ed3n s\u1ef1 s\u1ed1ng v\u00e0 thi\u00ean nhi\u00ean cho c\u00e1c th\u1ebf h\u1ec7 t\u01b0\u01a1ng lai.\",\"breadcrumb\":{\"@id\":\"https:\/\/bsartstudio.vn\/vi\/products\/dem-cua-nhung-giac-mo-tranh-in-tranh-trang-tri-copy\/#breadcrumb\"},\"inLanguage\":\"vi-VN\",\"potentialAction\":[{\"@type\":\"ReadAction\",\"target\":[\"https:\/\/bsartstudio.vn\/vi\/products\/dem-cua-nhung-giac-mo-tranh-in-tranh-trang-tri-copy\/\"]}]},{\"@type\":\"ImageObject\",\"inLanguage\":\"vi-VN\",\"@id\":\"https:\/\/bsartstudio.vn\/vi\/products\/dem-cua-nhung-giac-mo-tranh-in-tranh-trang-tri-copy\/#primaryimage\",\"url\":\"https:\/\/bsartstudio.vn\/wp-content\/uploads\/2025\/04\/The-Sprout-Of-Hope-3.jpg\",\"contentUrl\":\"https:\/\/bsartstudio.vn\/wp-content\/uploads\/2025\/04\/The-Sprout-Of-Hope-3.jpg\",\"width\":1920,\"height\":1920,\"caption\":\"The Sprout Of Hope (3)\"},{\"@type\":\"BreadcrumbList\",\"@id\":\"https:\/\/bsartstudio.vn\/vi\/products\/dem-cua-nhung-giac-mo-tranh-in-tranh-trang-tri-copy\/#breadcrumb\",\"itemListElement\":[{\"@type\":\"ListItem\",\"position\":1,\"name\":\"Home\",\"item\":\"https:\/\/bsartstudio.vn\/en\/\"},{\"@type\":\"ListItem\",\"position\":2,\"name\":\"Shop\",\"item\":\"https:\/\/bsartstudio.vn\/en\/shop\/\"},{\"@type\":\"ListItem\",\"position\":3,\"name\":\"M\u1ea7m Xanh Hy V\u1ecdng &#8211; Tranh In &#8211; Tranh Trang Tr\u00ed\"}]},{\"@type\":\"WebSite\",\"@id\":\"https:\/\/bsartstudio.vn\/ja\/#website\",\"url\":\"https:\/\/bsartstudio.vn\/ja\/\",\"name\":\"B\/S Art Studio\",\"description\":\"\",\"publisher\":{\"@id\":\"https:\/\/bsartstudio.vn\/ja\/#organization\"},\"potentialAction\":[{\"@type\":\"SearchAction\",\"target\":{\"@type\":\"EntryPoint\",\"urlTemplate\":\"https:\/\/bsartstudio.vn\/ja\/?s={search_term_string}\"},\"query-input\":{\"@type\":\"PropertyValueSpecification\",\"valueRequired\":true,\"valueName\":\"search_term_string\"}}],\"inLanguage\":\"vi-VN\"},{\"@type\":\"Organization\",\"@id\":\"https:\/\/bsartstudio.vn\/ja\/#organization\",\"name\":\"B\/S Art Studio\",\"url\":\"https:\/\/bsartstudio.vn\/ja\/\",\"logo\":{\"@type\":\"ImageObject\",\"inLanguage\":\"vi-VN\",\"@id\":\"https:\/\/bsartstudio.vn\/ja\/#\/schema\/logo\/image\/\",\"url\":\"https:\/\/bsartstudio.vn\/wp-content\/uploads\/2020\/03\/54526018_2272576089468053_1525084505319145472_n.jpg\",\"contentUrl\":\"https:\/\/bsartstudio.vn\/wp-content\/uploads\/2020\/03\/54526018_2272576089468053_1525084505319145472_n.jpg\",\"width\":958,\"height\":958,\"caption\":\"B\/S Art Studio\"},\"image\":{\"@id\":\"https:\/\/bsartstudio.vn\/ja\/#\/schema\/logo\/image\/\"}}]}<\/script>\n<!-- \/ Yoast SEO plugin. -->","yoast_head_json":{"title":"M\u1ea7m Xanh Hy V\u1ecdng - Tranh In - Tranh Trang Tr\u00ed - B\/S Art Studio","description":"Tranh in M\u1ea7m Xanh Hy V\u1ecdng b\u1ea3o v\u1ec7 m\u1ea7m xanh cu\u1ed1i c\u00f9ng c\u1ee7a khu r\u1eebng, t\u01b0\u1ee3ng tr\u01b0ng cho vi\u1ec7c b\u1ea3o t\u1ed3n s\u1ef1 s\u1ed1ng v\u00e0 thi\u00ean nhi\u00ean cho c\u00e1c th\u1ebf h\u1ec7 t\u01b0\u01a1ng lai.","robots":{"index":"index","follow":"follow","max-snippet":"max-snippet:-1","max-image-preview":"max-image-preview:large","max-video-preview":"max-video-preview:-1"},"canonical":"https:\/\/bsartstudio.vn\/vi\/products\/dem-cua-nhung-giac-mo-tranh-in-tranh-trang-tri-copy\/","og_locale":"vi_VN","og_type":"article","og_title":"M\u1ea7m Xanh Hy V\u1ecdng - Tranh In - Tranh Trang Tr\u00ed - B\/S Art Studio","og_description":"Tranh in M\u1ea7m Xanh Hy V\u1ecdng b\u1ea3o v\u1ec7 m\u1ea7m xanh cu\u1ed1i c\u00f9ng c\u1ee7a khu r\u1eebng, t\u01b0\u1ee3ng tr\u01b0ng cho vi\u1ec7c b\u1ea3o t\u1ed3n s\u1ef1 s\u1ed1ng v\u00e0 thi\u00ean nhi\u00ean cho c\u00e1c th\u1ebf h\u1ec7 t\u01b0\u01a1ng lai.","og_url":"https:\/\/bsartstudio.vn\/vi\/products\/dem-cua-nhung-giac-mo-tranh-in-tranh-trang-tri-copy\/","og_site_name":"B\/S Art Studio","article_modified_time":"2026-01-13T09:15:18+00:00","og_image":[{"width":1920,"height":1920,"url":"https:\/\/bsartstudio.vn\/wp-content\/uploads\/2025\/04\/The-Sprout-Of-Hope-3.jpg","type":"image\/jpeg"}],"twitter_card":"summary_large_image","twitter_misc":{"Est. reading time":"2 minutes"},"schema":{"@context":"https:\/\/schema.org","@graph":[{"@type":"WebPage","@id":"https:\/\/bsartstudio.vn\/vi\/products\/dem-cua-nhung-giac-mo-tranh-in-tranh-trang-tri-copy\/","url":"https:\/\/bsartstudio.vn\/vi\/products\/dem-cua-nhung-giac-mo-tranh-in-tranh-trang-tri-copy\/","name":"M\u1ea7m Xanh Hy V\u1ecdng - Tranh In - Tranh Trang Tr\u00ed - B\/S Art Studio","isPartOf":{"@id":"https:\/\/bsartstudio.vn\/ja\/#website"},"primaryImageOfPage":{"@id":"https:\/\/bsartstudio.vn\/vi\/products\/dem-cua-nhung-giac-mo-tranh-in-tranh-trang-tri-copy\/#primaryimage"},"image":{"@id":"https:\/\/bsartstudio.vn\/vi\/products\/dem-cua-nhung-giac-mo-tranh-in-tranh-trang-tri-copy\/#primaryimage"},"thumbnailUrl":"https:\/\/bsartstudio.vn\/wp-content\/uploads\/2025\/04\/The-Sprout-Of-Hope-3.jpg","datePublished":"2025-04-22T06:18:04+00:00","dateModified":"2026-01-13T09:15:18+00:00","description":"Tranh in M\u1ea7m Xanh Hy V\u1ecdng b\u1ea3o v\u1ec7 m\u1ea7m xanh cu\u1ed1i c\u00f9ng c\u1ee7a khu r\u1eebng, t\u01b0\u1ee3ng tr\u01b0ng cho vi\u1ec7c b\u1ea3o t\u1ed3n s\u1ef1 s\u1ed1ng v\u00e0 thi\u00ean nhi\u00ean cho c\u00e1c th\u1ebf h\u1ec7 t\u01b0\u01a1ng lai.","breadcrumb":{"@id":"https:\/\/bsartstudio.vn\/vi\/products\/dem-cua-nhung-giac-mo-tranh-in-tranh-trang-tri-copy\/#breadcrumb"},"inLanguage":"vi-VN","potentialAction":[{"@type":"ReadAction","target":["https:\/\/bsartstudio.vn\/vi\/products\/dem-cua-nhung-giac-mo-tranh-in-tranh-trang-tri-copy\/"]}]},{"@type":"ImageObject","inLanguage":"vi-VN","@id":"https:\/\/bsartstudio.vn\/vi\/products\/dem-cua-nhung-giac-mo-tranh-in-tranh-trang-tri-copy\/#primaryimage","url":"https:\/\/bsartstudio.vn\/wp-content\/uploads\/2025\/04\/The-Sprout-Of-Hope-3.jpg","contentUrl":"https:\/\/bsartstudio.vn\/wp-content\/uploads\/2025\/04\/The-Sprout-Of-Hope-3.jpg","width":1920,"height":1920,"caption":"The Sprout Of Hope (3)"},{"@type":"BreadcrumbList","@id":"https:\/\/bsartstudio.vn\/vi\/products\/dem-cua-nhung-giac-mo-tranh-in-tranh-trang-tri-copy\/#breadcrumb","itemListElement":[{"@type":"ListItem","position":1,"name":"Home","item":"https:\/\/bsartstudio.vn\/en\/"},{"@type":"ListItem","position":2,"name":"Shop","item":"https:\/\/bsartstudio.vn\/en\/shop\/"},{"@type":"ListItem","position":3,"name":"M\u1ea7m Xanh Hy V\u1ecdng &#8211; Tranh In &#8211; Tranh Trang Tr\u00ed"}]},{"@type":"WebSite","@id":"https:\/\/bsartstudio.vn\/ja\/#website","url":"https:\/\/bsartstudio.vn\/ja\/","name":"B\/S Art Studio","description":"","publisher":{"@id":"https:\/\/bsartstudio.vn\/ja\/#organization"},"potentialAction":[{"@type":"SearchAction","target":{"@type":"EntryPoint","urlTemplate":"https:\/\/bsartstudio.vn\/ja\/?s={search_term_string}"},"query-input":{"@type":"PropertyValueSpecification","valueRequired":true,"valueName":"search_term_string"}}],"inLanguage":"vi-VN"},{"@type":"Organization","@id":"https:\/\/bsartstudio.vn\/ja\/#organization","name":"B\/S Art Studio","url":"https:\/\/bsartstudio.vn\/ja\/","logo":{"@type":"ImageObject","inLanguage":"vi-VN","@id":"https:\/\/bsartstudio.vn\/ja\/#\/schema\/logo\/image\/","url":"https:\/\/bsartstudio.vn\/wp-content\/uploads\/2020\/03\/54526018_2272576089468053_1525084505319145472_n.jpg","contentUrl":"https:\/\/bsartstudio.vn\/wp-content\/uploads\/2020\/03\/54526018_2272576089468053_1525084505319145472_n.jpg","width":958,"height":958,"caption":"B\/S Art Studio"},"image":{"@id":"https:\/\/bsartstudio.vn\/ja\/#\/schema\/logo\/image\/"}}]}},"_links":{"self":[{"href":"https:\/\/bsartstudio.vn\/vi\/wp-json\/wp\/v2\/product\/9402"}],"collection":[{"href":"https:\/\/bsartstudio.vn\/vi\/wp-json\/wp\/v2\/product"}],"about":[{"href":"https:\/\/bsartstudio.vn\/vi\/wp-json\/wp\/v2\/types\/product"}],"wp:featuredmedia":[{"embeddable":true,"href":"https:\/\/bsartstudio.vn\/vi\/wp-json\/wp\/v2\/media\/10091"}],"wp:attachment":[{"href":"https:\/\/bsartstudio.vn\/vi\/wp-json\/wp\/v2\/media?parent=9402"}],"wp:term":[{"taxonomy":"product_cat","embeddable":true,"href":"https:\/\/bsartstudio.vn\/vi\/wp-json\/wp\/v2\/product_cat?post=9402"},{"taxonomy":"product_tag","embeddable":true,"href":"https:\/\/bsartstudio.vn\/vi\/wp-json\/wp\/v2\/product_tag?post=9402"}],"curies":[{"name":"wp","href":"https:\/\/api.w.org\/{rel}","templated":true}]}}