{"id":9272,"date":"2025-03-03T15:24:23","date_gmt":"2025-03-03T08:24:23","guid":{"rendered":"https:\/\/bsartstudio.vn\/?post_type=product&#038;p=9272"},"modified":"2025-03-06T12:07:00","modified_gmt":"2025-03-06T05:07:00","slug":"tranh-in-long-den-trung-thu-copy","status":"publish","type":"product","link":"https:\/\/bsartstudio.vn\/vi\/products\/tranh-in-long-den-trung-thu-copy\/","title":{"rendered":"Tranh In &#8211; Ngh\u1ec7 Nh\u00e2n L\u00e0m N\u00f3n L\u00e1"},"content":{"rendered":"<h1><span style=\"color: #000000; font-size: 18pt;\"><strong>Tranh In &#8220;Ngh\u1ec7 Nh\u00e2n L\u00e0m N\u00f3n L\u00e1&#8221; &#8211; B\u1ed9 s\u01b0u t\u1eadp phong c\u00e1ch V\u1ebd Hoa V\u0103n Chi Ti\u1ebft<\/strong><\/span><\/h1>\n<p><span style=\"color: #000000;\">B\u1ed9 s\u01b0u t\u1eadp tranh in <strong>&#8220;Ngh\u1ec7 Nh\u00e2n Vi\u1ec7t&#8221;<\/strong> m\u01b0\u1ee3n h\u00ecnh \u1ea3nh c\u00e1c thi\u1ebfu n\u1eef trong trang ph\u1ee5c c\u00e1ch \u0111i\u1ec7u d\u1ef1a tr\u00ean \u00c1o D\u00e0i truy\u1ec1n th\u1ed1ng, k\u1ebft h\u1ee3p nhi\u1ec1u hoa v\u0103n, h\u1ecda ti\u1ebft v\u00e0 bi\u1ec3u t\u01b0\u1ee3ng \u0111\u1ea1i di\u1ec7n cho nh\u1eefng ngh\u1ec1 th\u1ee7 c\u00f4ng truy\u1ec1n th\u1ed1ng c\u1ee7a Vi\u1ec7t Nam nh\u1eb1m th\u1ec3 hi\u1ec7n cho s\u1ef1 kh\u00e9o l\u00e9o, tinh t\u1ebf c\u1ee7a nh\u1eefng ngh\u1ec7 nh\u00e2n.<\/span><\/p>\n<p><span style=\"color: #000000;\">Th\u00f4ng qua b\u1ed9 tranh &#8220;Ngh\u1ec7 Nh\u00e2n Vi\u1ec7t&#8221; Bam Bi mong mu\u1ed1n gi\u1edbi thi\u1ec7u nh\u1eefng &#8220;Gi\u00e1 Tr\u1ecb V\u01b0\u1ee3t Th\u1eddi Gian&#8221; l\u00e0 ki\u1ebfn th\u1ee9c v\u00e0 k\u1ef9 thu\u1eadt&#8230; s\u1ebd \u0111\u01b0\u1ee3c g\u00ecn gi\u1eef, b\u1ea3o t\u1ed3n v\u00e0 ph\u00e1t huy.<\/span><\/p>\n<p><span style=\"color: #000000;\">Ch\u00ednh \u0111i\u1ec1u n\u00e0y s\u1ebd l\u00e0 &#8220;s\u1ee3i d\u00e2y g\u1eafn k\u1ebft&#8221;, gi\u00fap ch\u00fang ta tr\u00f2 chuy\u1ec7n v\u1edbi Qu\u00e1 Kh\u1ee9, hi\u1ec3u \u0111\u01b0\u1ee3c c\u00e1c gi\u00e1 tr\u1ecb c\u1ee7a Hi\u1ec7n T\u1ea1i, v\u00e0 h\u01b0\u1edbng \u0111\u1ebfn T\u01b0\u01a1ng Lai.<\/span><\/p>\n<p><span style=\"color: #000000;\">Bam Bi hy v\u1ecdng b\u1ed9 tranh n\u00e0y c\u00f3 th\u1ec3 gi\u1edbi thi\u1ec7u v\u00e0 g\u00f3p ph\u1ea7n g\u00ecn gi\u1eef c\u00e1c ng\u00e0nh ngh\u1ec1 th\u1ee7 c\u00f4ng truy\u1ec1n th\u1ed1ng c\u1ee7a d\u00e2n t\u1ed9c. \u0110\u1ed3ng th\u1eddi, c\u00f3 th\u1ec3 truy\u1ec1n c\u1ea3m h\u1ee9ng cho nh\u1eefng b\u1ea1n tr\u1ebb \u0111am m\u00ea ngh\u1ec7 thu\u1eadt ti\u1ebfp t\u1ee5c g\u00ecn gi\u1eef n\u00e9t \u0111\u1eb7c s\u1eafc c\u1ee7a v\u0103n h\u00f3a Vi\u1ec7t.<\/span><\/p>\n<h2><span style=\"font-size: 14pt;\"><strong>Tranh In &#8220;Ngh\u1ec7 Nh\u00e2n L\u00e0m N\u00f3n L\u00e1&#8221;<\/strong><\/span><\/h2>\n<p><span style=\"color: #000000;\">N\u00f3n L\u00e1 Vi\u1ec7t Nam c\u00f3 l\u1ecbch s\u1eed kho\u1ea3ng 5.000 n\u0103m.<\/span><\/p>\n<p><span style=\"color: #000000;\">Theo truy\u1ec1n thuy\u1ebft, m\u1ed9t n\u1eef th\u1ea7n \u0111\u00e3 t\u1eebng t\u1eeb tr\u00ean tr\u1eddi xu\u1ea5t hi\u1ec7n trong m\u1ed9t tr\u1eadn m\u01b0 b\u00e3o l\u1edbn. Ng\u01b0\u1eddi \u0111\u1ed9i m\u1ed9t chi\u1ebfc m\u0169 kh\u1ed5ng l\u1ed3 l\u00e0m t\u1eeb nh\u1eefng chi\u1ebfc l\u00e1 l\u1edbn kh\u00e2u l\u1ea1i v\u1edbi nhau b\u1eb1ng tre. Chi\u1ebfc m\u0169 c\u1ee7a ng\u01b0\u1eddi \u0111\u00e3 che m\u01b0a v\u00e0 b\u1ea3o v\u1ec7 cho ng\u01b0\u1eddi d\u00e2n. Sau \u0111\u00f3 n\u1eef th\u1ea7n c\u00f2n d\u1ea1y h\u1ecd c\u00e1ch tr\u1ed3ng tr\u1ecdt.<\/span><\/p>\n<p><span style=\"color: #000000;\">\u0110\u1ec3 t\u00f4n vinh b\u00e0, m\u1ed9t ng\u00f4i \u0111\u1ec1n \u0111\u00e3 \u0111\u01b0\u1ee3c x\u00e2y d\u1ef1ng v\u00e0 m\u1ecdi ng\u01b0\u1eddi b\u1eaft \u0111\u1ea7u l\u00e0m ra nh\u1eefng chi\u1ebfc m\u0169 t\u01b0\u01a1ng t\u1ef1 b\u1eb1ng l\u00e1 r\u1eebng v\u00e0 khung tre. Cho \u0111\u1ebfn ng\u00e0y nay, N\u00f3n L\u00e1 v\u1eabn \u0111\u01b0\u1ee3c nh\u1eefng ngh\u1ec7 nh\u00e2n l\u00e0nh ngh\u1ec1 l\u00e0m th\u1ee7 c\u00f4ng t\u1eebng chi\u1ebfc. Kh\u00f4ng ch\u1ec9 l\u00e0 m\u1ed9t v\u1eadt d\u1ee5ng thi\u1ebft y\u1ebfu \u0111\u1ed1i v\u1edbi ng\u01b0\u1eddi n\u00f4ng d\u00e2n, N\u00f3n L\u00e1 c\u00f2n t\u01b0\u1ee3ng tr\u01b0ng cho s\u1ef1 duy\u00ean d\u00e1ng v\u00e0 v\u1ebb \u0111\u1eb9p t\u00e2m h\u1ed3n c\u1ee7a ng\u01b0\u1eddi ph\u1ee5 n\u1eef Vi\u1ec7t Nam. V\u00e0 N\u00f3n L\u00e1 \u0111\u00e3 tr\u1edf th\u00e0nh bi\u1ec3u t\u01b0\u1ee3ng v\u0103n h\u00f3a Vi\u1ec7t Nam.<\/span><\/p>\n<p><span style=\"color: #000000;\">Nh\u1ea5p <span style=\"color: #0000ff;\"><a style=\"color: #0000ff;\" href=\"https:\/\/bsartstudio.vn\/vi\/products-category\/tac-pham-nghe-thuat\/tranh-ve-hoa-van-chi-tiet-tranh-voi-hoa-tiet-cung-dinh\/\" target=\"_blank\" rel=\"noopener\">v\u00e0o \u0111\u00e2y<\/a><\/span> \u0111\u1ec3 mua c\u00e1c t\u00e1c ph\u1ea9m trong b\u1ed9 s\u01b0u t\u1eadp.<\/span><\/p>\n<p><span style=\"color: #000000;\">H\u00e3y g\u1eedi mail cho ch\u00fang t\u00f4i: <span style=\"color: #0000ff;\">bsartstudioworkshop@gmail.com<\/span> \u0111\u1ec3 \u0111\u1eb7t mua Tranh ho\u1eb7c c\u1ea7n gi\u1ea3i \u0111\u00e1p b\u1ea5t c\u1ee9 th\u1eafc m\u1eafc n\u00e0o.<\/span><\/p>\n<p><span style=\"color: #000000;\">#gift #art #artprint #wallart #artsouvenir #painting #drawing #tranhintrangtr\u00ed #tranhinngh\u1ec7thu\u1eadt #detailedartstyle #Tranh_v\u1ebd #Tranh_in #tranh_trang_tr\u00ed #truy\u1ec1n_th\u1ed1ng #decor #trang_tr\u00ed_nh\u00e0 #v\u0103n_h\u00f3a_Vi\u1ec7t #qu\u00e0_t\u1eb7ng<\/span><\/p>\n","protected":false},"excerpt":{"rendered":"<p><span class=\"HwtZe\" lang=\"vi\" style=\"color: #000000;\"><span class=\"jCAhz ChMk0b\"><span class=\"ryNqvb\">V\u1edbi m\u00e0u s\u1eafc t\u01b0\u01a1i vui v\u00e0 thi\u1ebft k\u1ebf nh\u00e2n v\u1eadt \u0111\u1ed9c \u0111\u00e1o, \u0111\u00e2y s\u1ebd l\u00e0 m\u00f3n qu\u00e0 \u00fd ngh\u0129a v\u00e0 \u0111\u1ed9c \u0111\u00e1o \u0111\u1ec3 b\u1ea1n l\u1ef1a ch\u1ecdn cho ng\u01b0\u1eddi th\u00e2n v\u00e0 b\u1ea1n b\u00e8.<\/span><\/span><span class=\"jCAhz ChMk0b\"><span class=\"ryNqvb\"> Tranh trang tr\u00ed t\u01b0\u1eddng \u0111\u1ed9c \u0111\u00e1o.<\/span><\/span> <span class=\"jCAhz\"><span class=\"ryNqvb\">Qu\u00e0 t\u1eb7ng v\u0103n h\u00f3a Vi\u1ec7t Nam.<\/span><\/span><\/span><\/p>\n<p><span class=\"HwtZe\" lang=\"vi\" style=\"color: #000000;\"><span class=\"jCAhz JpY6Fd\"><span class=\"ryNqvb\"> Ch\u1ea5t li\u1ec7u: In ch\u1ea5t l\u01b0\u1ee3ng cao tr\u00ean Gi\u1ea5y m\u1ef9 thu\u1eadt <\/span><\/span><\/span><\/p>\n<p><span class=\"HwtZe\" lang=\"vi\" style=\"color: #000000;\"><span class=\"jCAhz JpY6Fd\"><span class=\"ryNqvb\">Khung: Khung g\u1ed7 c\u00f4ng nghi\u1ec7p + mica <\/span><\/span><\/span><\/p>\n<p><span class=\"HwtZe\" lang=\"vi\" style=\"color: #000000;\"><span class=\"jCAhz JpY6Fd\"><span class=\"ryNqvb\">Gi\u00e1 TRANH KH\u00d4NG C\u00d3 KHUNG <\/span><\/span><\/span><\/p>\n<p><span class=\"HwtZe\" lang=\"vi\" style=\"color: #000000;\"><span class=\"jCAhz JpY6Fd\"><span class=\"ryNqvb\">K\u00edch th\u01b0\u1edbc: 42cm x 30cm: 500.000 VND (20 $) <\/span><\/span><\/span><\/p>\n<p><span class=\"HwtZe\" lang=\"vi\" style=\"color: #000000;\"><span class=\"jCAhz JpY6Fd\"><span class=\"ryNqvb\">Gi\u00e1 TRANH C\u00d3 KHUNG <\/span><\/span><\/span><\/p>\n<p><span class=\"HwtZe\" lang=\"vi\" style=\"color: #000000;\"><span class=\"jCAhz JpY6Fd\"><span class=\"ryNqvb\">K\u00edch th\u01b0\u1edbc: 45cm x 33cm: 800.000 VND (32 $) <\/span><\/span><\/span><\/p>\n<p><span class=\"HwtZe\" lang=\"vi\" style=\"color: #000000;\"><span class=\"jCAhz JpY6Fd\"><span class=\"ryNqvb\">Vui l\u00f2ng g\u1eedi email cho ch\u00fang t\u00f4i theo \u0111\u1ecba ch\u1ec9: <span style=\"color: #0000ff;\">bsartstudioworkshop@gmail.com<\/span> \u0111\u1ec3 ch\u1ecdn k\u00edch th\u01b0\u1edbc<\/span><\/span><\/span><\/p>\n","protected":false},"featured_media":9275,"template":"","meta":{"_et_pb_use_builder":"","_et_pb_old_content":"","_et_gb_content_width":""},"product_cat":[59,429,62],"product_tag":[471,297,458,389,453,390,231],"yoast_head":"<!-- This site is optimized with the Yoast SEO plugin v24.5 - https:\/\/yoast.com\/wordpress\/plugins\/seo\/ -->\n<title>Tranh in Ngh\u1ec7 nh\u00e2n l\u00e0m N\u00f3n L\u00e1 - B\/S Art Studio<\/title>\n<meta name=\"description\" content=\"Tranh in ngh\u1ec7 thu\u1eadt l\u00e0 s\u1ef1 k\u1ebft h\u1ee3p h\u00e0i h\u00f2a gi\u1eefa c\u00e1c h\u1ecda ti\u1ebft, hoa v\u0103n v\u00e0 bi\u1ec3u t\u01b0\u1ee3ng ph\u1ee9c t\u1ea1p \u0111\u1ea1i di\u1ec7n cho ngh\u1ec1 th\u1ee7 c\u00f4ng truy\u1ec1n th\u1ed1ng c\u1ee7a Vi\u1ec7t Nam.\" \/>\n<meta name=\"robots\" content=\"index, follow, max-snippet:-1, max-image-preview:large, max-video-preview:-1\" \/>\n<link rel=\"canonical\" href=\"https:\/\/bsartstudio.vn\/vi\/products\/tranh-in-long-den-trung-thu-copy\/\" \/>\n<meta property=\"og:locale\" content=\"vi_VN\" \/>\n<meta property=\"og:type\" content=\"article\" \/>\n<meta property=\"og:title\" content=\"Tranh in Ngh\u1ec7 nh\u00e2n l\u00e0m N\u00f3n L\u00e1 - B\/S Art Studio\" \/>\n<meta property=\"og:description\" content=\"Tranh in ngh\u1ec7 thu\u1eadt l\u00e0 s\u1ef1 k\u1ebft h\u1ee3p h\u00e0i h\u00f2a gi\u1eefa c\u00e1c h\u1ecda ti\u1ebft, hoa v\u0103n v\u00e0 bi\u1ec3u t\u01b0\u1ee3ng ph\u1ee9c t\u1ea1p \u0111\u1ea1i di\u1ec7n cho ngh\u1ec1 th\u1ee7 c\u00f4ng truy\u1ec1n th\u1ed1ng c\u1ee7a Vi\u1ec7t Nam.\" \/>\n<meta property=\"og:url\" content=\"https:\/\/bsartstudio.vn\/vi\/products\/tranh-in-long-den-trung-thu-copy\/\" \/>\n<meta property=\"og:site_name\" content=\"B\/S Art Studio\" \/>\n<meta property=\"article:modified_time\" content=\"2025-03-06T05:07:00+00:00\" \/>\n<meta property=\"og:image\" content=\"https:\/\/bsartstudio.vn\/wp-content\/uploads\/2025\/03\/Craftswoman-making-Vietnamese-Conical-Hat-2.jpg\" \/>\n\t<meta property=\"og:image:width\" content=\"1920\" \/>\n\t<meta property=\"og:image:height\" content=\"1920\" \/>\n\t<meta property=\"og:image:type\" content=\"image\/jpeg\" \/>\n<meta name=\"twitter:card\" content=\"summary_large_image\" \/>\n<meta name=\"twitter:label1\" content=\"Est. reading time\" \/>\n\t<meta name=\"twitter:data1\" content=\"3 minutes\" \/>\n<script type=\"application\/ld+json\" class=\"yoast-schema-graph\">{\"@context\":\"https:\/\/schema.org\",\"@graph\":[{\"@type\":\"WebPage\",\"@id\":\"https:\/\/bsartstudio.vn\/vi\/products\/tranh-in-long-den-trung-thu-copy\/\",\"url\":\"https:\/\/bsartstudio.vn\/vi\/products\/tranh-in-long-den-trung-thu-copy\/\",\"name\":\"Tranh in Ngh\u1ec7 nh\u00e2n l\u00e0m N\u00f3n L\u00e1 - B\/S Art Studio\",\"isPartOf\":{\"@id\":\"https:\/\/bsartstudio.vn\/ja\/#website\"},\"primaryImageOfPage\":{\"@id\":\"https:\/\/bsartstudio.vn\/vi\/products\/tranh-in-long-den-trung-thu-copy\/#primaryimage\"},\"image\":{\"@id\":\"https:\/\/bsartstudio.vn\/vi\/products\/tranh-in-long-den-trung-thu-copy\/#primaryimage\"},\"thumbnailUrl\":\"https:\/\/bsartstudio.vn\/wp-content\/uploads\/2025\/03\/Craftswoman-making-Vietnamese-Conical-Hat-2.jpg\",\"datePublished\":\"2025-03-03T08:24:23+00:00\",\"dateModified\":\"2025-03-06T05:07:00+00:00\",\"description\":\"Tranh in ngh\u1ec7 thu\u1eadt l\u00e0 s\u1ef1 k\u1ebft h\u1ee3p h\u00e0i h\u00f2a gi\u1eefa c\u00e1c h\u1ecda ti\u1ebft, hoa v\u0103n v\u00e0 bi\u1ec3u t\u01b0\u1ee3ng ph\u1ee9c t\u1ea1p \u0111\u1ea1i di\u1ec7n cho ngh\u1ec1 th\u1ee7 c\u00f4ng truy\u1ec1n th\u1ed1ng c\u1ee7a Vi\u1ec7t Nam.\",\"breadcrumb\":{\"@id\":\"https:\/\/bsartstudio.vn\/vi\/products\/tranh-in-long-den-trung-thu-copy\/#breadcrumb\"},\"inLanguage\":\"vi-VN\",\"potentialAction\":[{\"@type\":\"ReadAction\",\"target\":[\"https:\/\/bsartstudio.vn\/vi\/products\/tranh-in-long-den-trung-thu-copy\/\"]}]},{\"@type\":\"ImageObject\",\"inLanguage\":\"vi-VN\",\"@id\":\"https:\/\/bsartstudio.vn\/vi\/products\/tranh-in-long-den-trung-thu-copy\/#primaryimage\",\"url\":\"https:\/\/bsartstudio.vn\/wp-content\/uploads\/2025\/03\/Craftswoman-making-Vietnamese-Conical-Hat-2.jpg\",\"contentUrl\":\"https:\/\/bsartstudio.vn\/wp-content\/uploads\/2025\/03\/Craftswoman-making-Vietnamese-Conical-Hat-2.jpg\",\"width\":1920,\"height\":1920,\"caption\":\"Ngh\u1ec7 nh\u00e2n l\u00e0m N\u00f3n L\u00e1\"},{\"@type\":\"BreadcrumbList\",\"@id\":\"https:\/\/bsartstudio.vn\/vi\/products\/tranh-in-long-den-trung-thu-copy\/#breadcrumb\",\"itemListElement\":[{\"@type\":\"ListItem\",\"position\":1,\"name\":\"Home\",\"item\":\"https:\/\/bsartstudio.vn\/en\/\"},{\"@type\":\"ListItem\",\"position\":2,\"name\":\"Shop\",\"item\":\"https:\/\/bsartstudio.vn\/en\/shop\/\"},{\"@type\":\"ListItem\",\"position\":3,\"name\":\"Tranh In &#8211; Ngh\u1ec7 Nh\u00e2n L\u00e0m N\u00f3n L\u00e1\"}]},{\"@type\":\"WebSite\",\"@id\":\"https:\/\/bsartstudio.vn\/ja\/#website\",\"url\":\"https:\/\/bsartstudio.vn\/ja\/\",\"name\":\"B\/S Art Studio\",\"description\":\"\",\"publisher\":{\"@id\":\"https:\/\/bsartstudio.vn\/ja\/#organization\"},\"potentialAction\":[{\"@type\":\"SearchAction\",\"target\":{\"@type\":\"EntryPoint\",\"urlTemplate\":\"https:\/\/bsartstudio.vn\/ja\/?s={search_term_string}\"},\"query-input\":{\"@type\":\"PropertyValueSpecification\",\"valueRequired\":true,\"valueName\":\"search_term_string\"}}],\"inLanguage\":\"vi-VN\"},{\"@type\":\"Organization\",\"@id\":\"https:\/\/bsartstudio.vn\/ja\/#organization\",\"name\":\"B\/S Art Studio\",\"url\":\"https:\/\/bsartstudio.vn\/ja\/\",\"logo\":{\"@type\":\"ImageObject\",\"inLanguage\":\"vi-VN\",\"@id\":\"https:\/\/bsartstudio.vn\/ja\/#\/schema\/logo\/image\/\",\"url\":\"https:\/\/bsartstudio.vn\/wp-content\/uploads\/2020\/03\/54526018_2272576089468053_1525084505319145472_n.jpg\",\"contentUrl\":\"https:\/\/bsartstudio.vn\/wp-content\/uploads\/2020\/03\/54526018_2272576089468053_1525084505319145472_n.jpg\",\"width\":958,\"height\":958,\"caption\":\"B\/S Art Studio\"},\"image\":{\"@id\":\"https:\/\/bsartstudio.vn\/ja\/#\/schema\/logo\/image\/\"}}]}<\/script>\n<!-- \/ Yoast SEO plugin. -->","yoast_head_json":{"title":"Tranh in Ngh\u1ec7 nh\u00e2n l\u00e0m N\u00f3n L\u00e1 - B\/S Art Studio","description":"Tranh in ngh\u1ec7 thu\u1eadt l\u00e0 s\u1ef1 k\u1ebft h\u1ee3p h\u00e0i h\u00f2a gi\u1eefa c\u00e1c h\u1ecda ti\u1ebft, hoa v\u0103n v\u00e0 bi\u1ec3u t\u01b0\u1ee3ng ph\u1ee9c t\u1ea1p \u0111\u1ea1i di\u1ec7n cho ngh\u1ec1 th\u1ee7 c\u00f4ng truy\u1ec1n th\u1ed1ng c\u1ee7a Vi\u1ec7t Nam.","robots":{"index":"index","follow":"follow","max-snippet":"max-snippet:-1","max-image-preview":"max-image-preview:large","max-video-preview":"max-video-preview:-1"},"canonical":"https:\/\/bsartstudio.vn\/vi\/products\/tranh-in-long-den-trung-thu-copy\/","og_locale":"vi_VN","og_type":"article","og_title":"Tranh in Ngh\u1ec7 nh\u00e2n l\u00e0m N\u00f3n L\u00e1 - B\/S Art Studio","og_description":"Tranh in ngh\u1ec7 thu\u1eadt l\u00e0 s\u1ef1 k\u1ebft h\u1ee3p h\u00e0i h\u00f2a gi\u1eefa c\u00e1c h\u1ecda ti\u1ebft, hoa v\u0103n v\u00e0 bi\u1ec3u t\u01b0\u1ee3ng ph\u1ee9c t\u1ea1p \u0111\u1ea1i di\u1ec7n cho ngh\u1ec1 th\u1ee7 c\u00f4ng truy\u1ec1n th\u1ed1ng c\u1ee7a Vi\u1ec7t Nam.","og_url":"https:\/\/bsartstudio.vn\/vi\/products\/tranh-in-long-den-trung-thu-copy\/","og_site_name":"B\/S Art Studio","article_modified_time":"2025-03-06T05:07:00+00:00","og_image":[{"width":1920,"height":1920,"url":"https:\/\/bsartstudio.vn\/wp-content\/uploads\/2025\/03\/Craftswoman-making-Vietnamese-Conical-Hat-2.jpg","type":"image\/jpeg"}],"twitter_card":"summary_large_image","twitter_misc":{"Est. reading time":"3 minutes"},"schema":{"@context":"https:\/\/schema.org","@graph":[{"@type":"WebPage","@id":"https:\/\/bsartstudio.vn\/vi\/products\/tranh-in-long-den-trung-thu-copy\/","url":"https:\/\/bsartstudio.vn\/vi\/products\/tranh-in-long-den-trung-thu-copy\/","name":"Tranh in Ngh\u1ec7 nh\u00e2n l\u00e0m N\u00f3n L\u00e1 - B\/S Art Studio","isPartOf":{"@id":"https:\/\/bsartstudio.vn\/ja\/#website"},"primaryImageOfPage":{"@id":"https:\/\/bsartstudio.vn\/vi\/products\/tranh-in-long-den-trung-thu-copy\/#primaryimage"},"image":{"@id":"https:\/\/bsartstudio.vn\/vi\/products\/tranh-in-long-den-trung-thu-copy\/#primaryimage"},"thumbnailUrl":"https:\/\/bsartstudio.vn\/wp-content\/uploads\/2025\/03\/Craftswoman-making-Vietnamese-Conical-Hat-2.jpg","datePublished":"2025-03-03T08:24:23+00:00","dateModified":"2025-03-06T05:07:00+00:00","description":"Tranh in ngh\u1ec7 thu\u1eadt l\u00e0 s\u1ef1 k\u1ebft h\u1ee3p h\u00e0i h\u00f2a gi\u1eefa c\u00e1c h\u1ecda ti\u1ebft, hoa v\u0103n v\u00e0 bi\u1ec3u t\u01b0\u1ee3ng ph\u1ee9c t\u1ea1p \u0111\u1ea1i di\u1ec7n cho ngh\u1ec1 th\u1ee7 c\u00f4ng truy\u1ec1n th\u1ed1ng c\u1ee7a Vi\u1ec7t Nam.","breadcrumb":{"@id":"https:\/\/bsartstudio.vn\/vi\/products\/tranh-in-long-den-trung-thu-copy\/#breadcrumb"},"inLanguage":"vi-VN","potentialAction":[{"@type":"ReadAction","target":["https:\/\/bsartstudio.vn\/vi\/products\/tranh-in-long-den-trung-thu-copy\/"]}]},{"@type":"ImageObject","inLanguage":"vi-VN","@id":"https:\/\/bsartstudio.vn\/vi\/products\/tranh-in-long-den-trung-thu-copy\/#primaryimage","url":"https:\/\/bsartstudio.vn\/wp-content\/uploads\/2025\/03\/Craftswoman-making-Vietnamese-Conical-Hat-2.jpg","contentUrl":"https:\/\/bsartstudio.vn\/wp-content\/uploads\/2025\/03\/Craftswoman-making-Vietnamese-Conical-Hat-2.jpg","width":1920,"height":1920,"caption":"Ngh\u1ec7 nh\u00e2n l\u00e0m N\u00f3n L\u00e1"},{"@type":"BreadcrumbList","@id":"https:\/\/bsartstudio.vn\/vi\/products\/tranh-in-long-den-trung-thu-copy\/#breadcrumb","itemListElement":[{"@type":"ListItem","position":1,"name":"Home","item":"https:\/\/bsartstudio.vn\/en\/"},{"@type":"ListItem","position":2,"name":"Shop","item":"https:\/\/bsartstudio.vn\/en\/shop\/"},{"@type":"ListItem","position":3,"name":"Tranh In &#8211; Ngh\u1ec7 Nh\u00e2n L\u00e0m N\u00f3n L\u00e1"}]},{"@type":"WebSite","@id":"https:\/\/bsartstudio.vn\/ja\/#website","url":"https:\/\/bsartstudio.vn\/ja\/","name":"B\/S Art Studio","description":"","publisher":{"@id":"https:\/\/bsartstudio.vn\/ja\/#organization"},"potentialAction":[{"@type":"SearchAction","target":{"@type":"EntryPoint","urlTemplate":"https:\/\/bsartstudio.vn\/ja\/?s={search_term_string}"},"query-input":{"@type":"PropertyValueSpecification","valueRequired":true,"valueName":"search_term_string"}}],"inLanguage":"vi-VN"},{"@type":"Organization","@id":"https:\/\/bsartstudio.vn\/ja\/#organization","name":"B\/S Art Studio","url":"https:\/\/bsartstudio.vn\/ja\/","logo":{"@type":"ImageObject","inLanguage":"vi-VN","@id":"https:\/\/bsartstudio.vn\/ja\/#\/schema\/logo\/image\/","url":"https:\/\/bsartstudio.vn\/wp-content\/uploads\/2020\/03\/54526018_2272576089468053_1525084505319145472_n.jpg","contentUrl":"https:\/\/bsartstudio.vn\/wp-content\/uploads\/2020\/03\/54526018_2272576089468053_1525084505319145472_n.jpg","width":958,"height":958,"caption":"B\/S Art Studio"},"image":{"@id":"https:\/\/bsartstudio.vn\/ja\/#\/schema\/logo\/image\/"}}]}},"_links":{"self":[{"href":"https:\/\/bsartstudio.vn\/vi\/wp-json\/wp\/v2\/product\/9272"}],"collection":[{"href":"https:\/\/bsartstudio.vn\/vi\/wp-json\/wp\/v2\/product"}],"about":[{"href":"https:\/\/bsartstudio.vn\/vi\/wp-json\/wp\/v2\/types\/product"}],"wp:featuredmedia":[{"embeddable":true,"href":"https:\/\/bsartstudio.vn\/vi\/wp-json\/wp\/v2\/media\/9275"}],"wp:attachment":[{"href":"https:\/\/bsartstudio.vn\/vi\/wp-json\/wp\/v2\/media?parent=9272"}],"wp:term":[{"taxonomy":"product_cat","embeddable":true,"href":"https:\/\/bsartstudio.vn\/vi\/wp-json\/wp\/v2\/product_cat?post=9272"},{"taxonomy":"product_tag","embeddable":true,"href":"https:\/\/bsartstudio.vn\/vi\/wp-json\/wp\/v2\/product_tag?post=9272"}],"curies":[{"name":"wp","href":"https:\/\/api.w.org\/{rel}","templated":true}]}}