{"id":9243,"date":"2025-02-23T14:44:19","date_gmt":"2025-02-23T07:44:19","guid":{"rendered":"https:\/\/bsartstudio.vn\/products\/chi-dau-buoi-chieu-ta-tranh-in-tranh-trang-tri\/"},"modified":"2025-03-06T12:13:57","modified_gmt":"2025-03-06T05:13:57","slug":"chi-dau-buoi-chieu-ta-tranh-in-tranh-trang-tri","status":"publish","type":"product","link":"https:\/\/bsartstudio.vn\/vi\/products\/chi-dau-buoi-chieu-ta-tranh-in-tranh-trang-tri\/","title":{"rendered":"Ch\u1ecb D\u1eadu Bu\u1ed5i Chi\u1ec1u T\u00e0 &#8211; Tranh In \u2013 Tranh Trang Tr\u00ed"},"content":{"rendered":"<h1><span style=\"font-size: 18pt; color: #000000;\"><b>&#8220;Ch\u1ecb D\u1eadu Bu\u1ed5i Chi\u1ec1u T\u00e0&#8221; Tranh In &#8211; Tranh Trang Tr\u00ed<\/b><\/span><\/h1>\n<p><span style=\"color: #000000;\"><b>&#8220;Ch\u1ecb D\u1eadu Bu\u1ed5i Chi\u1ec1u T\u00e0&#8221; <\/b>n\u1eb1m trong b\u1ed9 s\u01b0u t\u1eadp tranh <b><strong>\u201cN\u00e9t \u0110\u1eb9p Th\u1ea7m L\u1eb7ng C\u1ee7a Ng\u01b0\u1eddi Ph\u1ee5 N\u1eef Tr\u00ean Kh\u1eafp Th\u1ec5 Gi\u1edbi<\/strong><\/b><\/span><\/p>\n<p><span style=\"color: #000000;\">B\u1ed9 s\u01b0u t\u1eadp tranh <strong>\u201cN\u00e9t \u0110\u1eb9p Th\u1ea7m L\u1eb7ng C\u1ee7a Ng\u01b0\u1eddi Ph\u1ee5 N\u1eef\u201d<\/strong> g\u1ed3m 5 t\u00e1c ph\u1ea9m \u0111\u1ea7y c\u1ea3m x\u00fac, t\u00e1i hi\u1ec7n h\u00ecnh \u1ea3nh <strong>Ch\u1ecb D\u1eadu<\/strong> \u2013 bi\u1ec3u t\u01b0\u1ee3ng c\u1ee7a s\u1ef1 hy sinh, ki\u00ean c\u01b0\u1eddng v\u00e0 l\u00f2ng nh\u00e2n h\u1eadu. B\u1ed9 tranh kh\u00f4ng ch\u1ec9 t\u00f4n vinh nh\u1eefng ng\u01b0\u1eddi ph\u1ee5 n\u1eef Vi\u1ec7t Nam t\u1ea3o t\u1ea7n, v\u1ea5t v\u1ea3 v\u00ec gia \u0111\u00ecnh m\u00e0 c\u00f2n kh\u1eafc h\u1ecda v\u1ebb \u0111\u1eb9p chung c\u1ee7a ng\u01b0\u1eddi ph\u1ee5 n\u1eef tr\u00ean kh\u1eafp th\u1ebf gi\u1edbi \u2013 nh\u1eefng con ng\u01b0\u1eddi th\u1ea7m l\u1eb7ng, lu\u00f4n \u0111\u1eb7t h\u1ea1nh ph\u00fac c\u1ee7a ng\u01b0\u1eddi th\u00e2n l\u00ean tr\u00ean b\u1ea3n th\u00e2n m\u00ecnh.<\/span><\/p>\n<h2><span style=\"font-size: 14pt; color: #000000;\"><strong>N\u1ed9i dung v\u00e0 \u00fd ngh\u0129a t\u00e1c ph\u1ea9m Tranh V\u1ebd <\/strong><strong>\u201cCh\u1ecb D\u1eadu Bu\u1ed5i Chi\u1ec1u T\u00e0\u201d<\/strong><\/span><\/h2>\n<p><span style=\"color: #000000;\">C\u00e1nh C\u00f2 c\u00f5ng n\u1eafng c\u00f5ng m\u01b0a<\/span><\/p>\n<p><span style=\"color: #000000;\">M\u1eb9 t\u00f4i c\u00f5ng c\u1ea3 b\u1ed1n m\u00f9a gi\u00f3 s\u01b0\u01a1ng<\/span><\/p>\n<p><span style=\"color: #000000;\"><strong>\u201cCh\u1ecb D\u1eadu Trong Nh\u1eefng Ng\u00e0y M\u01b0a Gi\u00f4ng, N\u1eafng G\u1eaft, Chi\u1ec1u T\u00e0 V\u00e0 \u0110\u00eam Khuya\u201d<\/strong> \u2013 D\u00f9 m\u01b0a b\u00e3o hay n\u1eafng ch\u00e1y, d\u00f9 b\u00ecnh minh l\u00f3 d\u1ea1ng hay m\u00e0n \u0111\u00eam bu\u00f4ng xu\u1ed1ng, ch\u1ecb v\u1eabn l\u1eb7ng l\u1ebd b\u01b0\u1edbc \u0111i v\u1edbi \u0111\u00f4i quang g\u00e1nh tr\u00ean vai. M\u1ed9t ng\u01b0\u1eddi ph\u1ee5 n\u1eef nh\u1ecf b\u00e9 nh\u01b0ng \u0111\u1ea7y ngh\u1ecb l\u1ef1c, kh\u00f4ng qu\u1ea3n nh\u1ecdc nh\u1eb1n, ch\u1ec9 mong ki\u1ebfm \u0111\u1ee7 ti\u1ec1n lo cho con, vun v\u00e9n m\u00e1i \u1ea5m gia \u0111\u00ecnh.<\/span><\/p>\n<p><span style=\"color: #000000;\"><strong>Th\u00f4ng \u0111i\u1ec7p b\u1ed9 tranh mu\u1ed1n g\u1eedi g\u1eafm:<\/strong><\/span><br \/>\n<span style=\"color: #000000;\">H\u00e3y y\u00eau th\u01b0\u01a1ng, tr\u00e2n tr\u1ecdng nh\u1eefng ng\u01b0\u1eddi ph\u1ee5 n\u1eef trong gia \u0111\u00ecnh b\u1ea1n \u2013 nh\u1eefng ng\u01b0\u1eddi \u0111\u00e3 v\u00e0 \u0111ang \u00e2m th\u1ea7m hy sinh \u0111\u1ec3 mang l\u1ea1i h\u1ea1nh ph\u00fac cho nh\u1eefng ng\u01b0\u1eddi h\u1ecd y\u00eau th\u01b0\u01a1ng. <strong>B\u1edfi \u0111\u1eb1ng sau m\u1ed7i ng\u01b0\u1eddi ph\u1ee5 n\u1eef, d\u00f9 m\u1ea1nh m\u1ebd \u0111\u1ebfn \u0111\u00e2u, c\u0169ng c\u00f3 nh\u1eefng ph\u00fat gi\u00e2y l\u1eb7ng l\u1ebd mang theo nh\u1eefng \u01b0\u1edbc m\u01a1 ch\u01b0a tr\u1ecdn v\u1eb9n.<\/strong><\/span><\/p>\n<p><span style=\"color: #000000;\">Nh\u1ea5n <a style=\"color: #000000;\" href=\"https:\/\/www.instagram.com\/bs_artstudio\/\" target=\"_blank\" rel=\"noopener\"><span style=\"color: #0000ff;\">v\u00e0o \u0111\u00e2y<\/span><\/a> \u0111\u1ec3 xem c\u00e1c t\u00e1c ph\u1ea9m c\u1ee7a B\u1ed9 S\u01b0u T\u1eadp.<\/span><\/p>\n<p><span style=\"color: #000000;\">Nh\u1ea5n <a style=\"color: #000000;\" href=\"https:\/\/bsartstudio.vn\/vi\/products-category\/tac-pham-nghe-thuat\/ve-dep-diu-dang-va-tham-lang-cua-nguoi-phu-nu\/\" target=\"_blank\" rel=\"noopener\"><span style=\"color: #0000ff;\">v\u00e0o \u0111\u00e2y<\/span><\/a> \u0111\u1ec3 mua c\u00e1c t\u00e1c ph\u1ea9m c\u1ee7a b\u1ed9 s\u01b0u t\u1eadp.<\/span><\/p>\n<p><span style=\"color: #000000;\">G\u1eedi mail cho ch\u00fang t\u00f4i: <span style=\"color: #0000ff;\">bsartstudioworkshop@gmail.com<\/span> \u0111\u1ec3 bi\u1ebft th\u00eam th\u00f4ng tin chi ti\u1ebft.<\/span><\/p>\n<p><span style=\"color: #000000;\">#gift #art #artprint #wallart #artsouvenir #painting #drawing #tranhintrangtr\u00ed #tranhinngh\u1ec7thu\u1eadt #beautywomen #Tranh_v\u1ebd #Tranh_in #tranh_trang_tr\u00ed #truy\u1ec1n_th\u1ed1ng #decor #trang_tr\u00ed_nh\u00e0 #v\u0103n_h\u00f3a_Vi\u1ec7t #qu\u00e0_t\u1eb7ng #MsDaupainting<\/span><\/p>\n","protected":false},"excerpt":{"rendered":"<p><span style=\"color: #000000;\">V\u1edbi m\u00e0u s\u1eafc t\u01b0\u01a1i vui v\u00e0 thi\u1ebft k\u1ebf nh\u00e2n v\u1eadt \u0111\u1ed9c \u0111\u00e1o, \u0111\u00e2y s\u1ebd l\u00e0 m\u00f3n qu\u00e0 \u00fd ngh\u0129a v\u00e0 \u0111\u1ed9c \u0111\u00e1o \u0111\u1ec3 b\u1ea1n l\u1ef1a ch\u1ecdn d\u00e0nh t\u1eb7ng ng\u01b0\u1eddi th\u00e2n, b\u1ea1n b\u00e8 v\u00e0 \u0111\u1ed1i t\u00e1c<\/span><br \/>\n<span style=\"color: #000000;\">T\u00e1c ph\u1ea9m ngh\u1ec7 thu\u1eadt in \u1ea5n trang tr\u00ed \u0111\u1ed9c \u0111\u00e1o. Qu\u00e0 t\u1eb7ng v\u0103n h\u00f3a Vi\u1ec7t Nam.<\/span><\/p>\n<p><span style=\"color: #000000;\">Ch\u1ea5t li\u1ec7u: Tranh in ch\u1ea5t l\u01b0\u1ee3ng cao tr\u00ean Gi\u1ea5y M\u1ef9 Thu\u1eadt<\/span><\/p>\n<p><span style=\"color: #000000;\"><strong>K\u00edch th\u01b0\u1edbc Kh\u00f4ng khung:<\/strong><\/span><\/p>\n<p><span style=\"color: #000000;\">Size: 20cm x 20cm: <strong>190.000 VND (8 $)<\/strong><\/span><\/p>\n<p><span style=\"color: #000000;\">Size: 30cm x 30cm: <strong>290.000 VND (12 $)<\/strong><\/span><\/p>\n<p><span style=\"color: #000000;\"><strong>K\u00edch th\u01b0\u1edbc C\u00f3 khung:<\/strong><\/span><\/p>\n<p><span style=\"color: #000000;\">Size: 23cm x 23cm: <strong>450.000 VND (18 $)<\/strong><\/span><\/p>\n<p><span style=\"color: #000000;\">Size: 33cm x 33cm: <strong>650.000 VND (26 $)<\/strong><\/span><\/p>\n<p><span style=\"color: #000000;\">G\u1eedi email cho ch\u00fang t\u00f4i: <span style=\"color: #0000ff;\">bsartstudioworkshop@gmail.com<\/span> \u0111\u1ec3 l\u1ef1a ch\u1ecdn k\u00edch th\u01b0\u1edbc v\u00e0 khung<\/span><\/p>\n","protected":false},"featured_media":9210,"template":"","meta":{"_et_pb_use_builder":"","_et_pb_old_content":"","_et_gb_content_width":""},"product_cat":[59,429,287],"product_tag":[174,450,171,232,297,298,231,155],"yoast_head":"<!-- This site is optimized with the Yoast SEO plugin v24.5 - https:\/\/yoast.com\/wordpress\/plugins\/seo\/ -->\n<title>Tranh Trang Tr\u00ed &quot;Ch\u1ecb D\u1eadu Bu\u1ed5i chi\u1ec1u T\u00e0&quot; - Qu\u00e0 T\u1eb7ng Ngh\u1ec7 Thu\u1eadt | B\/S Art Studio<\/title>\n<meta name=\"description\" content=\"T\u00e1c ph\u1ea9m ngh\u1ec7 thu\u1eadt in \u1ea5n trang tr\u00ed \u0111\u1ed9c \u0111\u00e1o, m\u00f3n qu\u00e0 \u00fd ngh\u0129a v\u00e0 \u0111\u1ed9c \u0111\u00e1o \u0111\u1ec3 b\u1ea1n l\u1ef1a ch\u1ecdn d\u00e0nh t\u1eb7ng ng\u01b0\u1eddi th\u00e2n, b\u1ea1n b\u00e8 v\u00e0 \u0111\u1ed1i t\u00e1c.\" \/>\n<meta name=\"robots\" content=\"index, follow, max-snippet:-1, max-image-preview:large, max-video-preview:-1\" \/>\n<link rel=\"canonical\" href=\"https:\/\/bsartstudio.vn\/vi\/products\/chi-dau-buoi-chieu-ta-tranh-in-tranh-trang-tri\/\" \/>\n<meta property=\"og:locale\" content=\"vi_VN\" \/>\n<meta property=\"og:type\" content=\"article\" \/>\n<meta property=\"og:title\" content=\"Tranh Trang Tr\u00ed &quot;Ch\u1ecb D\u1eadu Bu\u1ed5i chi\u1ec1u T\u00e0&quot; - Qu\u00e0 T\u1eb7ng Ngh\u1ec7 Thu\u1eadt | B\/S Art Studio\" \/>\n<meta property=\"og:description\" content=\"T\u00e1c ph\u1ea9m ngh\u1ec7 thu\u1eadt in \u1ea5n trang tr\u00ed \u0111\u1ed9c \u0111\u00e1o, m\u00f3n qu\u00e0 \u00fd ngh\u0129a v\u00e0 \u0111\u1ed9c \u0111\u00e1o \u0111\u1ec3 b\u1ea1n l\u1ef1a ch\u1ecdn d\u00e0nh t\u1eb7ng ng\u01b0\u1eddi th\u00e2n, b\u1ea1n b\u00e8 v\u00e0 \u0111\u1ed1i t\u00e1c.\" \/>\n<meta property=\"og:url\" content=\"https:\/\/bsartstudio.vn\/vi\/products\/chi-dau-buoi-chieu-ta-tranh-in-tranh-trang-tri\/\" \/>\n<meta property=\"og:site_name\" content=\"B\/S Art Studio\" \/>\n<meta property=\"article:modified_time\" content=\"2025-03-06T05:13:57+00:00\" \/>\n<meta property=\"og:image\" content=\"https:\/\/bsartstudio.vn\/wp-content\/uploads\/2025\/02\/Ms.-Dau-in-the-Twilight-S-1.jpg\" \/>\n\t<meta property=\"og:image:width\" content=\"1920\" \/>\n\t<meta property=\"og:image:height\" content=\"1920\" \/>\n\t<meta property=\"og:image:type\" content=\"image\/jpeg\" \/>\n<meta name=\"twitter:card\" content=\"summary_large_image\" \/>\n<meta name=\"twitter:label1\" content=\"Est. reading time\" \/>\n\t<meta name=\"twitter:data1\" content=\"3 minutes\" \/>\n<script type=\"application\/ld+json\" class=\"yoast-schema-graph\">{\"@context\":\"https:\/\/schema.org\",\"@graph\":[{\"@type\":\"WebPage\",\"@id\":\"https:\/\/bsartstudio.vn\/vi\/products\/chi-dau-buoi-chieu-ta-tranh-in-tranh-trang-tri\/\",\"url\":\"https:\/\/bsartstudio.vn\/vi\/products\/chi-dau-buoi-chieu-ta-tranh-in-tranh-trang-tri\/\",\"name\":\"Tranh Trang Tr\u00ed \\\"Ch\u1ecb D\u1eadu Bu\u1ed5i chi\u1ec1u T\u00e0\\\" - Qu\u00e0 T\u1eb7ng Ngh\u1ec7 Thu\u1eadt | B\/S Art Studio\",\"isPartOf\":{\"@id\":\"https:\/\/bsartstudio.vn\/ja\/#website\"},\"primaryImageOfPage\":{\"@id\":\"https:\/\/bsartstudio.vn\/vi\/products\/chi-dau-buoi-chieu-ta-tranh-in-tranh-trang-tri\/#primaryimage\"},\"image\":{\"@id\":\"https:\/\/bsartstudio.vn\/vi\/products\/chi-dau-buoi-chieu-ta-tranh-in-tranh-trang-tri\/#primaryimage\"},\"thumbnailUrl\":\"https:\/\/bsartstudio.vn\/wp-content\/uploads\/2025\/02\/Ms.-Dau-in-the-Twilight-S-1.jpg\",\"datePublished\":\"2025-02-23T07:44:19+00:00\",\"dateModified\":\"2025-03-06T05:13:57+00:00\",\"description\":\"T\u00e1c ph\u1ea9m ngh\u1ec7 thu\u1eadt in \u1ea5n trang tr\u00ed \u0111\u1ed9c \u0111\u00e1o, m\u00f3n qu\u00e0 \u00fd ngh\u0129a v\u00e0 \u0111\u1ed9c \u0111\u00e1o \u0111\u1ec3 b\u1ea1n l\u1ef1a ch\u1ecdn d\u00e0nh t\u1eb7ng ng\u01b0\u1eddi th\u00e2n, b\u1ea1n b\u00e8 v\u00e0 \u0111\u1ed1i t\u00e1c.\",\"breadcrumb\":{\"@id\":\"https:\/\/bsartstudio.vn\/vi\/products\/chi-dau-buoi-chieu-ta-tranh-in-tranh-trang-tri\/#breadcrumb\"},\"inLanguage\":\"vi-VN\",\"potentialAction\":[{\"@type\":\"ReadAction\",\"target\":[\"https:\/\/bsartstudio.vn\/vi\/products\/chi-dau-buoi-chieu-ta-tranh-in-tranh-trang-tri\/\"]}]},{\"@type\":\"ImageObject\",\"inLanguage\":\"vi-VN\",\"@id\":\"https:\/\/bsartstudio.vn\/vi\/products\/chi-dau-buoi-chieu-ta-tranh-in-tranh-trang-tri\/#primaryimage\",\"url\":\"https:\/\/bsartstudio.vn\/wp-content\/uploads\/2025\/02\/Ms.-Dau-in-the-Twilight-S-1.jpg\",\"contentUrl\":\"https:\/\/bsartstudio.vn\/wp-content\/uploads\/2025\/02\/Ms.-Dau-in-the-Twilight-S-1.jpg\",\"width\":1920,\"height\":1920,\"caption\":\"\\\"Ch\u1ecb D\u1eadu Bu\u1ed5i Chi\u1ec1u T\u00e0\\\" Tranh In \u201cN\u00e9t \u0110\u1eb9p Th\u1ea7m L\u1eb7ng C\u1ee7a Ng\u01b0\u1eddi Ph\u1ee5 N\u1eef\\\"\"},{\"@type\":\"BreadcrumbList\",\"@id\":\"https:\/\/bsartstudio.vn\/vi\/products\/chi-dau-buoi-chieu-ta-tranh-in-tranh-trang-tri\/#breadcrumb\",\"itemListElement\":[{\"@type\":\"ListItem\",\"position\":1,\"name\":\"Home\",\"item\":\"https:\/\/bsartstudio.vn\/en\/\"},{\"@type\":\"ListItem\",\"position\":2,\"name\":\"Shop\",\"item\":\"https:\/\/bsartstudio.vn\/en\/shop\/\"},{\"@type\":\"ListItem\",\"position\":3,\"name\":\"Ch\u1ecb D\u1eadu Bu\u1ed5i Chi\u1ec1u T\u00e0 &#8211; Tranh In \u2013 Tranh Trang Tr\u00ed\"}]},{\"@type\":\"WebSite\",\"@id\":\"https:\/\/bsartstudio.vn\/ja\/#website\",\"url\":\"https:\/\/bsartstudio.vn\/ja\/\",\"name\":\"B\/S Art Studio\",\"description\":\"\",\"publisher\":{\"@id\":\"https:\/\/bsartstudio.vn\/ja\/#organization\"},\"potentialAction\":[{\"@type\":\"SearchAction\",\"target\":{\"@type\":\"EntryPoint\",\"urlTemplate\":\"https:\/\/bsartstudio.vn\/ja\/?s={search_term_string}\"},\"query-input\":{\"@type\":\"PropertyValueSpecification\",\"valueRequired\":true,\"valueName\":\"search_term_string\"}}],\"inLanguage\":\"vi-VN\"},{\"@type\":\"Organization\",\"@id\":\"https:\/\/bsartstudio.vn\/ja\/#organization\",\"name\":\"B\/S Art Studio\",\"url\":\"https:\/\/bsartstudio.vn\/ja\/\",\"logo\":{\"@type\":\"ImageObject\",\"inLanguage\":\"vi-VN\",\"@id\":\"https:\/\/bsartstudio.vn\/ja\/#\/schema\/logo\/image\/\",\"url\":\"https:\/\/bsartstudio.vn\/wp-content\/uploads\/2020\/03\/54526018_2272576089468053_1525084505319145472_n.jpg\",\"contentUrl\":\"https:\/\/bsartstudio.vn\/wp-content\/uploads\/2020\/03\/54526018_2272576089468053_1525084505319145472_n.jpg\",\"width\":958,\"height\":958,\"caption\":\"B\/S Art Studio\"},\"image\":{\"@id\":\"https:\/\/bsartstudio.vn\/ja\/#\/schema\/logo\/image\/\"}}]}<\/script>\n<!-- \/ Yoast SEO plugin. -->","yoast_head_json":{"title":"Tranh Trang Tr\u00ed \"Ch\u1ecb D\u1eadu Bu\u1ed5i chi\u1ec1u T\u00e0\" - Qu\u00e0 T\u1eb7ng Ngh\u1ec7 Thu\u1eadt | B\/S Art Studio","description":"T\u00e1c ph\u1ea9m ngh\u1ec7 thu\u1eadt in \u1ea5n trang tr\u00ed \u0111\u1ed9c \u0111\u00e1o, m\u00f3n qu\u00e0 \u00fd ngh\u0129a v\u00e0 \u0111\u1ed9c \u0111\u00e1o \u0111\u1ec3 b\u1ea1n l\u1ef1a ch\u1ecdn d\u00e0nh t\u1eb7ng ng\u01b0\u1eddi th\u00e2n, b\u1ea1n b\u00e8 v\u00e0 \u0111\u1ed1i t\u00e1c.","robots":{"index":"index","follow":"follow","max-snippet":"max-snippet:-1","max-image-preview":"max-image-preview:large","max-video-preview":"max-video-preview:-1"},"canonical":"https:\/\/bsartstudio.vn\/vi\/products\/chi-dau-buoi-chieu-ta-tranh-in-tranh-trang-tri\/","og_locale":"vi_VN","og_type":"article","og_title":"Tranh Trang Tr\u00ed \"Ch\u1ecb D\u1eadu Bu\u1ed5i chi\u1ec1u T\u00e0\" - Qu\u00e0 T\u1eb7ng Ngh\u1ec7 Thu\u1eadt | B\/S Art Studio","og_description":"T\u00e1c ph\u1ea9m ngh\u1ec7 thu\u1eadt in \u1ea5n trang tr\u00ed \u0111\u1ed9c \u0111\u00e1o, m\u00f3n qu\u00e0 \u00fd ngh\u0129a v\u00e0 \u0111\u1ed9c \u0111\u00e1o \u0111\u1ec3 b\u1ea1n l\u1ef1a ch\u1ecdn d\u00e0nh t\u1eb7ng ng\u01b0\u1eddi th\u00e2n, b\u1ea1n b\u00e8 v\u00e0 \u0111\u1ed1i t\u00e1c.","og_url":"https:\/\/bsartstudio.vn\/vi\/products\/chi-dau-buoi-chieu-ta-tranh-in-tranh-trang-tri\/","og_site_name":"B\/S Art Studio","article_modified_time":"2025-03-06T05:13:57+00:00","og_image":[{"width":1920,"height":1920,"url":"https:\/\/bsartstudio.vn\/wp-content\/uploads\/2025\/02\/Ms.-Dau-in-the-Twilight-S-1.jpg","type":"image\/jpeg"}],"twitter_card":"summary_large_image","twitter_misc":{"Est. reading time":"3 minutes"},"schema":{"@context":"https:\/\/schema.org","@graph":[{"@type":"WebPage","@id":"https:\/\/bsartstudio.vn\/vi\/products\/chi-dau-buoi-chieu-ta-tranh-in-tranh-trang-tri\/","url":"https:\/\/bsartstudio.vn\/vi\/products\/chi-dau-buoi-chieu-ta-tranh-in-tranh-trang-tri\/","name":"Tranh Trang Tr\u00ed \"Ch\u1ecb D\u1eadu Bu\u1ed5i chi\u1ec1u T\u00e0\" - Qu\u00e0 T\u1eb7ng Ngh\u1ec7 Thu\u1eadt | B\/S Art Studio","isPartOf":{"@id":"https:\/\/bsartstudio.vn\/ja\/#website"},"primaryImageOfPage":{"@id":"https:\/\/bsartstudio.vn\/vi\/products\/chi-dau-buoi-chieu-ta-tranh-in-tranh-trang-tri\/#primaryimage"},"image":{"@id":"https:\/\/bsartstudio.vn\/vi\/products\/chi-dau-buoi-chieu-ta-tranh-in-tranh-trang-tri\/#primaryimage"},"thumbnailUrl":"https:\/\/bsartstudio.vn\/wp-content\/uploads\/2025\/02\/Ms.-Dau-in-the-Twilight-S-1.jpg","datePublished":"2025-02-23T07:44:19+00:00","dateModified":"2025-03-06T05:13:57+00:00","description":"T\u00e1c ph\u1ea9m ngh\u1ec7 thu\u1eadt in \u1ea5n trang tr\u00ed \u0111\u1ed9c \u0111\u00e1o, m\u00f3n qu\u00e0 \u00fd ngh\u0129a v\u00e0 \u0111\u1ed9c \u0111\u00e1o \u0111\u1ec3 b\u1ea1n l\u1ef1a ch\u1ecdn d\u00e0nh t\u1eb7ng ng\u01b0\u1eddi th\u00e2n, b\u1ea1n b\u00e8 v\u00e0 \u0111\u1ed1i t\u00e1c.","breadcrumb":{"@id":"https:\/\/bsartstudio.vn\/vi\/products\/chi-dau-buoi-chieu-ta-tranh-in-tranh-trang-tri\/#breadcrumb"},"inLanguage":"vi-VN","potentialAction":[{"@type":"ReadAction","target":["https:\/\/bsartstudio.vn\/vi\/products\/chi-dau-buoi-chieu-ta-tranh-in-tranh-trang-tri\/"]}]},{"@type":"ImageObject","inLanguage":"vi-VN","@id":"https:\/\/bsartstudio.vn\/vi\/products\/chi-dau-buoi-chieu-ta-tranh-in-tranh-trang-tri\/#primaryimage","url":"https:\/\/bsartstudio.vn\/wp-content\/uploads\/2025\/02\/Ms.-Dau-in-the-Twilight-S-1.jpg","contentUrl":"https:\/\/bsartstudio.vn\/wp-content\/uploads\/2025\/02\/Ms.-Dau-in-the-Twilight-S-1.jpg","width":1920,"height":1920,"caption":"\"Ch\u1ecb D\u1eadu Bu\u1ed5i Chi\u1ec1u T\u00e0\" Tranh In \u201cN\u00e9t \u0110\u1eb9p Th\u1ea7m L\u1eb7ng C\u1ee7a Ng\u01b0\u1eddi Ph\u1ee5 N\u1eef\""},{"@type":"BreadcrumbList","@id":"https:\/\/bsartstudio.vn\/vi\/products\/chi-dau-buoi-chieu-ta-tranh-in-tranh-trang-tri\/#breadcrumb","itemListElement":[{"@type":"ListItem","position":1,"name":"Home","item":"https:\/\/bsartstudio.vn\/en\/"},{"@type":"ListItem","position":2,"name":"Shop","item":"https:\/\/bsartstudio.vn\/en\/shop\/"},{"@type":"ListItem","position":3,"name":"Ch\u1ecb D\u1eadu Bu\u1ed5i Chi\u1ec1u T\u00e0 &#8211; Tranh In \u2013 Tranh Trang Tr\u00ed"}]},{"@type":"WebSite","@id":"https:\/\/bsartstudio.vn\/ja\/#website","url":"https:\/\/bsartstudio.vn\/ja\/","name":"B\/S Art Studio","description":"","publisher":{"@id":"https:\/\/bsartstudio.vn\/ja\/#organization"},"potentialAction":[{"@type":"SearchAction","target":{"@type":"EntryPoint","urlTemplate":"https:\/\/bsartstudio.vn\/ja\/?s={search_term_string}"},"query-input":{"@type":"PropertyValueSpecification","valueRequired":true,"valueName":"search_term_string"}}],"inLanguage":"vi-VN"},{"@type":"Organization","@id":"https:\/\/bsartstudio.vn\/ja\/#organization","name":"B\/S Art Studio","url":"https:\/\/bsartstudio.vn\/ja\/","logo":{"@type":"ImageObject","inLanguage":"vi-VN","@id":"https:\/\/bsartstudio.vn\/ja\/#\/schema\/logo\/image\/","url":"https:\/\/bsartstudio.vn\/wp-content\/uploads\/2020\/03\/54526018_2272576089468053_1525084505319145472_n.jpg","contentUrl":"https:\/\/bsartstudio.vn\/wp-content\/uploads\/2020\/03\/54526018_2272576089468053_1525084505319145472_n.jpg","width":958,"height":958,"caption":"B\/S Art Studio"},"image":{"@id":"https:\/\/bsartstudio.vn\/ja\/#\/schema\/logo\/image\/"}}]}},"_links":{"self":[{"href":"https:\/\/bsartstudio.vn\/vi\/wp-json\/wp\/v2\/product\/9243"}],"collection":[{"href":"https:\/\/bsartstudio.vn\/vi\/wp-json\/wp\/v2\/product"}],"about":[{"href":"https:\/\/bsartstudio.vn\/vi\/wp-json\/wp\/v2\/types\/product"}],"wp:featuredmedia":[{"embeddable":true,"href":"https:\/\/bsartstudio.vn\/vi\/wp-json\/wp\/v2\/media\/9210"}],"wp:attachment":[{"href":"https:\/\/bsartstudio.vn\/vi\/wp-json\/wp\/v2\/media?parent=9243"}],"wp:term":[{"taxonomy":"product_cat","embeddable":true,"href":"https:\/\/bsartstudio.vn\/vi\/wp-json\/wp\/v2\/product_cat?post=9243"},{"taxonomy":"product_tag","embeddable":true,"href":"https:\/\/bsartstudio.vn\/vi\/wp-json\/wp\/v2\/product_tag?post=9243"}],"curies":[{"name":"wp","href":"https:\/\/api.w.org\/{rel}","templated":true}]}}