{"id":8651,"date":"2025-01-14T19:22:04","date_gmt":"2025-01-16T07:34:11","guid":{"rendered":"https:\/\/bsartstudio.vn\/products\/ran-binh-an-tranh-in-tranh-12-con-giap-ran-at-ty-cau-chuc-may-man\/"},"modified":"2025-12-29T12:42:51","modified_gmt":"2025-12-29T05:42:51","slug":"ran-binh-an-tranh-in-tranh-12-con-giap-ran-at-ty-cau-chuc-may-man","status":"publish","type":"product","link":"https:\/\/bsartstudio.vn\/vi\/products\/ran-binh-an-tranh-in-tranh-12-con-giap-ran-at-ty-cau-chuc-may-man\/","title":{"rendered":"R\u1eaeN B\u00ecnh An &#8211; Tranh in ngh\u1ec7 thu\u1eadt \u2013 S\u00e1ng t\u1ea1o 12 Con Gi\u00e1p c\u00f9ng Tranh \u0110\u00f4ng H\u1ed3"},"content":{"rendered":"<h1><strong><span style=\"font-size: 18pt; color: #0000ff;\">R\u1eaeN B\u00ecnh An &#8211; Tranh in ngh\u1ec7 thu\u1eadt \u2013 S\u00e1ng t\u1ea1o 12 Con Gi\u00e1p c\u00f9ng Tranh \u0110\u00f4ng H\u1ed3<\/span><\/strong><\/h1>\n<p><span style=\"color: #000000;\"><strong>&#8220;R\u1eaeN &#8211; B\u00ecnh An&#8221; &#8211; L\u00e0 con Gi\u00e1p c\u1ee7a n\u0103m \u1ea4t T\u1ef5.<br \/>\n<\/strong><\/span><\/p>\n<p><span style=\"color: #000000;\">Ngh\u1ec7 thu\u1eadt \u0110\u1ed3ng H\u1ed3 l\u00e0 ngh\u1ec7 thu\u1eadt d\u00e2n gian truy\u1ec1n th\u1ed1ng c\u1ee7a Vi\u1ec7t Nam d\u00f2ng tranh n\u00e0y \u0111\u00e3 c\u00f3 l\u1ecbch s\u1eed t\u1eeb 1000 n\u0103m tr\u01b0\u1edbc.<br \/>\nNgh\u1ec7 thu\u1eadt \u0110\u1ed3ng H\u1ed3 \u0111\u00e3 c\u00f3 gi\u00e1 tr\u1ecb l\u1ecbch s\u1eed l\u00e2u \u0111\u1eddi v\u00e0 g\u1eafn li\u1ec1n v\u1edbi \u0111\u1eddi s\u1ed1ng tinh th\u1ea7n c\u1ee7a ng\u01b0\u1eddi d\u00e2n Vi\u1ec7t Nam n\u00ean d\u00f2ng tranh n\u00e0y \u0111\u00e3 \u0111\u01b0\u1ee3c \u0111\u01b0a v\u00e0o danh m\u1ee5c di s\u1ea3n v\u0103n h\u00f3a phi v\u1eadt th\u1ec3 qu\u1ed1c gia.<br \/>\nV\u1edbi t\u00ecnh y\u00eau d\u00e0nh cho v\u0103n h\u00f3a ngh\u1ec7 thu\u1eadt Vi\u1ec7t Nam v\u00e0 mong mu\u1ed1n g\u00ecn gi\u1eef c\u00e1c gi\u00e1 tr\u1ecb truy\u1ec1n th\u1ed1ng, B\/S Art Studio \u0111\u00e3 k\u1ebft h\u1ee3p nh\u1eefng \u0111\u1eb7c tr\u01b0ng c\u1ee7a d\u00f2ng tranh \u0110\u00f4ng H\u1ed3 v\u1edbi m\u1ed9t lo\u1ea1i h\u00ecnh ngh\u1ec7 thu\u1eadt hi\u1ec7n \u0111\u1ea1i Doodle Art \u0111\u1ec3 t\u1ea1o n\u00ean phong c\u00e1ch \u0110\u1ed3ng H\u1ed3 m\u1edbi.<br \/>\nH\u00e0ng n\u0103m, B\/S Art Studio s\u00e1ng t\u1ea1o nh\u00e2n v\u1eadt d\u1ef1a theo con gi\u00e1p c\u1ee7a n\u0103m v\u1edbi phong c\u00e1ch \u0110\u00f4ng H\u1ed3 m\u1edbi v\u00e0 \u1ee9ng d\u1ee5ng v\u00e0o c\u00e1c s\u1ea3n ph\u1ea9m ngh\u1ec7 thu\u1eadt.<\/span><\/p>\n<h2><span style=\"font-size: 14pt;\"><strong>&#8220;R\u1eaeN &#8211; B\u00ecnh An&#8221;- Tranh in ngh\u1ec7 thu\u1eadt \u2013 S\u00e1ng t\u1ea1o 12 Con Gi\u00e1p c\u00f9ng Tranh \u0110\u00f4ng H\u1ed3<\/strong><\/span><\/h2>\n<p><span style=\"color: #000000;\">Ng\u00e0y x\u01b0a, c\u00f3 m\u1ed9t c\u00f4 ti\u00ean nh\u1ecf \u0111ang h\u1ecdc th\u00eau.Nh\u01b0ng v\u00ec c\u00f2n nh\u1ecf, c\u00f4 ham ch\u01a1i v\u00e0 \u0111\u00e3 tr\u1ed1n h\u1ecdc. C\u00f4 ch\u1ea1y \u0111\u1ebfn v\u00f9ng m\u01b0a sao b\u0103ng \u0111\u1ec3 vui \u0111\u00f9a v\u1edbi nh\u1eefng ng\u00f4i sao. B\u1ed7ng m\u1ed9t ng\u00f4i sao b\u0103ng r\u01a1i xu\u1ed1ng, c\u1eaft \u0111\u1ee9t s\u1ee3i ch\u1ec9 th\u00eau c\u1ee7a c\u00f4. S\u1ee3i ch\u1ec9 r\u01a1i xu\u1ed1ng tr\u1ea7n gian. T\u1eeb \u0111\u00f3, n\u00f3 h\u00f3a th\u00e0nh m\u1ed9t b\u00e9 R\u1eafn xinh x\u1eafn.<\/span><\/p>\n<p><span style=\"color: #000000;\"><span class=\"HwtZe\" lang=\"vi\"><span class=\"jCAhz ChMk0b\"><span class=\"ryNqvb\">T\u00ean c\u1ee7a b\u00e9 R\u1eafn l\u00e0 N\u1ebft Na, l\u1ea5y c\u1ea3m h\u1ee9ng t\u1eeb c\u00e2u chuy\u1ec7n v\u1ec1 &#8220;S\u1ee3i Ch\u1ec9&#8221;, t\u01b0\u1ee3ng tr\u01b0ng cho &#8220;s\u1ef1 k\u1ebft n\u1ed1i v\u00e0 th\u1ed1ng nh\u1ea5t&#8221;, truy\u1ec1n t\u1ea3i l\u1eddi ch\u00fac v\u1ec1 m\u1ed9t n\u0103m m\u1edbi h\u1ea1nh ph\u00fac v\u00e0 b\u00ecnh an.<\/span><\/span><\/span><\/span><\/p>\n<p><span style=\"color: #000000;\"><strong>Tham gia workshop &#8220;V\u1ebd v\u00e0 S\u00e1ng t\u1ea1o c\u00f9ng ngh\u1ec7 thu\u1eadt \u0110\u00f4ng H\u1ed3&#8221; tr\u00ean N\u00f3n L\u00e1 ho\u1eb7c G\u1ed7 mini :<\/strong><\/span><\/p>\n<ul>\n<li><span style=\"color: #000000;\"><a href=\"https:\/\/bsartstudio.vn\/en\/experiences-events\/\" target=\"_blank\" rel=\"noopener\">Book workshop<\/a> on our website.<\/span><\/li>\n<\/ul>\n<ul>\n<li><span style=\"color: #000000;\"><a href=\"https:\/\/www.airbnb.com\/experiences\/383364?guests=1&amp;adults=1&amp;s=67&amp;unique_share_id=f8bbc6e6-5dfe-414c-b482-5910e750d092\" target=\"_blank\" rel=\"noopener\">Book workshop<\/a> on Airbnb.<\/span><\/li>\n<\/ul>\n<p><span style=\"color: #000000;\">Li\u00ean h\u1ec7 ch\u00fang t\u00f4i: <span style=\"color: #0000ff;\">bsartstudioworkshop@gmail.com<\/span> \u0111\u1ec3 th\u00eam th\u00f4ng tin chi ti\u1ebft.<\/span><\/p>\n<p><span style=\"color: #000000;\">#bsartstudio #thingtodo_hochiminhcity #drawingworkshop #paintingworkshop #artgallery #artsouvenir #v\u1ebd #tr\u1ea3inghi\u1ec7m #v\u1ebd_tranh #n\u00f3n_l\u00e1 #tranh_tr\u00ean_N\u00f3n_L\u00e1 #v\u1ebd_g\u1ed7 #tranh_\u0110\u00f4ng_H\u1ed3 #vietnameseculture #artclass #artsouvenir<\/span><\/p>\n","protected":false},"excerpt":{"rendered":"<p><span style=\"color: #000000;\">V\u1edbi m\u00e0u s\u1eafc t\u01b0\u01a1i vui v\u00e0 thi\u1ebft k\u1ebf nh\u00e2n v\u1eadt \u0111\u1ed9c \u0111\u00e1o, \u0111\u00e2y s\u1ebd l\u00e0 m\u00f3n qu\u00e0 \u00fd ngh\u0129a v\u00e0 \u0111\u1ed9c \u0111\u00e1o \u0111\u1ec3 b\u1ea1n l\u1ef1a ch\u1ecdn d\u00e0nh t\u1eb7ng ng\u01b0\u1eddi th\u00e2n, b\u1ea1n b\u00e8 v\u00e0 \u0111\u1ed1i t\u00e1c<\/span><br \/>\n<span style=\"color: #000000;\">T\u00e1c ph\u1ea9m ngh\u1ec7 thu\u1eadt in \u1ea5n trang tr\u00ed \u0111\u1ed9c \u0111\u00e1o. Qu\u00e0 t\u1eb7ng v\u0103n h\u00f3a Vi\u1ec7t Nam.<\/span><\/p>\n<p><span style=\"color: #000000;\">Ch\u1ea5t li\u1ec7u: Tranh in ch\u1ea5t l\u01b0\u1ee3ng cao tr\u00ean Gi\u1ea5y M\u1ef9 Thu\u1eadt<\/span><\/p>\n<p><span style=\"color: #000000;\"><strong>K\u00edch th\u01b0\u1edbc Kh\u00f4ng khung:<\/strong><\/span><\/p>\n<p><span style=\"color: #000000;\">Size: 20cm x 20cm: 190.000 VND (8 $)<\/span><\/p>\n<p><span style=\"color: #000000;\">Size: 30cm x 30cm: 290.000 VND (12 $)<\/span><\/p>\n<p><span style=\"color: #000000;\"><strong>K\u00edch th\u01b0\u1edbc C\u00f3 khung:<\/strong><\/span><\/p>\n<p><span style=\"color: #000000;\">Size: 23cm x 23cm: 450.000 VND (18 $)<\/span><\/p>\n<p><span style=\"color: #000000;\">Size: 33cm x 33cm 650.000 VND (26 $)<\/span><\/p>\n<p><span style=\n\n<\/p>\n","protected":false},"featured_media":8646,"template":"","meta":{"_et_pb_use_builder":"","_et_pb_old_content":"","_et_gb_content_width":""},"product_cat":[64,59,429],"product_tag":[174,171,156,232,391,389,230,390,231,155],"yoast_head":"<!-- This site is optimized with the Yoast SEO plugin v24.5 - https:\/\/yoast.com\/wordpress\/plugins\/seo\/ -->\n<title>R\u1eaeN B\u00ecnh An - Tranh in ngh\u1ec7 thu\u1eadt \u2013 S\u00e1ng t\u1ea1o 12 Con Gi\u00e1p c\u00f9ng Tranh \u0110\u00f4ng H\u1ed3 -Qu\u00e0 T\u1eb7ng V\u0103n H\u00f3a Ngh\u1ec7 Thu\u1eadt Vi\u1ec7t Nam - B\/S Art Studio<\/title>\n<meta name=\"description\" content=\"&quot;R\u1eaeN - B\u00ecnh An&quot; v\u1edbi m\u00e0u s\u1eafc t\u01b0\u01a1i vui, thi\u1ebft k\u1ebf h\u00ecnh d\u00e1ng \u0111\u1ed9c \u0111\u00e1o s\u1ebd l\u00e0 m\u00f3n qu\u00e0 t\u1eb7ng ngh\u1ec7 thu\u1eadt v\u0103n h\u00f3a Vi\u1ec7t Nam \u00fd ngh\u0129a v\u00e0 \u0111\u1ed9c \u0111\u00e1o.\" \/>\n<meta name=\"robots\" content=\"index, follow, max-snippet:-1, max-image-preview:large, max-video-preview:-1\" \/>\n<link rel=\"canonical\" href=\"https:\/\/bsartstudio.vn\/vi\/products\/ran-binh-an-tranh-in-tranh-12-con-giap-ran-at-ty-cau-chuc-may-man\/\" \/>\n<meta property=\"og:locale\" content=\"vi_VN\" \/>\n<meta property=\"og:type\" content=\"article\" \/>\n<meta property=\"og:title\" content=\"R\u1eaeN B\u00ecnh An - Tranh in ngh\u1ec7 thu\u1eadt \u2013 S\u00e1ng t\u1ea1o 12 Con Gi\u00e1p c\u00f9ng Tranh \u0110\u00f4ng H\u1ed3 -Qu\u00e0 T\u1eb7ng V\u0103n H\u00f3a Ngh\u1ec7 Thu\u1eadt Vi\u1ec7t Nam - B\/S Art Studio\" \/>\n<meta property=\"og:description\" content=\"&quot;R\u1eaeN - B\u00ecnh An&quot; v\u1edbi m\u00e0u s\u1eafc t\u01b0\u01a1i vui, thi\u1ebft k\u1ebf h\u00ecnh d\u00e1ng \u0111\u1ed9c \u0111\u00e1o s\u1ebd l\u00e0 m\u00f3n qu\u00e0 t\u1eb7ng ngh\u1ec7 thu\u1eadt v\u0103n h\u00f3a Vi\u1ec7t Nam \u00fd ngh\u0129a v\u00e0 \u0111\u1ed9c \u0111\u00e1o.\" \/>\n<meta property=\"og:url\" content=\"https:\/\/bsartstudio.vn\/vi\/products\/ran-binh-an-tranh-in-tranh-12-con-giap-ran-at-ty-cau-chuc-may-man\/\" \/>\n<meta property=\"og:site_name\" content=\"B\/S Art Studio\" \/>\n<meta property=\"article:modified_time\" content=\"2025-12-29T05:42:51+00:00\" \/>\n<meta property=\"og:image\" content=\"https:\/\/bsartstudio.vn\/wp-content\/uploads\/2025\/01\/6.-TY-co-Khung.jpg\" \/>\n\t<meta property=\"og:image:width\" content=\"1920\" \/>\n\t<meta property=\"og:image:height\" content=\"1920\" \/>\n\t<meta property=\"og:image:type\" content=\"image\/jpeg\" \/>\n<meta name=\"twitter:card\" content=\"summary_large_image\" \/>\n<meta name=\"twitter:label1\" content=\"Est. reading time\" \/>\n\t<meta name=\"twitter:data1\" content=\"3 minutes\" \/>\n<script type=\"application\/ld+json\" class=\"yoast-schema-graph\">{\"@context\":\"https:\/\/schema.org\",\"@graph\":[{\"@type\":\"WebPage\",\"@id\":\"https:\/\/bsartstudio.vn\/vi\/products\/ran-binh-an-tranh-in-tranh-12-con-giap-ran-at-ty-cau-chuc-may-man\/\",\"url\":\"https:\/\/bsartstudio.vn\/vi\/products\/ran-binh-an-tranh-in-tranh-12-con-giap-ran-at-ty-cau-chuc-may-man\/\",\"name\":\"R\u1eaeN B\u00ecnh An - Tranh in ngh\u1ec7 thu\u1eadt \u2013 S\u00e1ng t\u1ea1o 12 Con Gi\u00e1p c\u00f9ng Tranh \u0110\u00f4ng H\u1ed3 -Qu\u00e0 T\u1eb7ng V\u0103n H\u00f3a Ngh\u1ec7 Thu\u1eadt Vi\u1ec7t Nam - B\/S Art Studio\",\"isPartOf\":{\"@id\":\"https:\/\/bsartstudio.vn\/ja\/#website\"},\"primaryImageOfPage\":{\"@id\":\"https:\/\/bsartstudio.vn\/vi\/products\/ran-binh-an-tranh-in-tranh-12-con-giap-ran-at-ty-cau-chuc-may-man\/#primaryimage\"},\"image\":{\"@id\":\"https:\/\/bsartstudio.vn\/vi\/products\/ran-binh-an-tranh-in-tranh-12-con-giap-ran-at-ty-cau-chuc-may-man\/#primaryimage\"},\"thumbnailUrl\":\"https:\/\/bsartstudio.vn\/wp-content\/uploads\/2025\/01\/6.-TY-co-Khung.jpg\",\"datePublished\":\"2025-01-16T07:34:11+00:00\",\"dateModified\":\"2025-12-29T05:42:51+00:00\",\"description\":\"\\\"R\u1eaeN - B\u00ecnh An\\\" v\u1edbi m\u00e0u s\u1eafc t\u01b0\u01a1i vui, thi\u1ebft k\u1ebf h\u00ecnh d\u00e1ng \u0111\u1ed9c \u0111\u00e1o s\u1ebd l\u00e0 m\u00f3n qu\u00e0 t\u1eb7ng ngh\u1ec7 thu\u1eadt v\u0103n h\u00f3a Vi\u1ec7t Nam \u00fd ngh\u0129a v\u00e0 \u0111\u1ed9c \u0111\u00e1o.\",\"breadcrumb\":{\"@id\":\"https:\/\/bsartstudio.vn\/vi\/products\/ran-binh-an-tranh-in-tranh-12-con-giap-ran-at-ty-cau-chuc-may-man\/#breadcrumb\"},\"inLanguage\":\"vi-VN\",\"potentialAction\":[{\"@type\":\"ReadAction\",\"target\":[\"https:\/\/bsartstudio.vn\/vi\/products\/ran-binh-an-tranh-in-tranh-12-con-giap-ran-at-ty-cau-chuc-may-man\/\"]}]},{\"@type\":\"ImageObject\",\"inLanguage\":\"vi-VN\",\"@id\":\"https:\/\/bsartstudio.vn\/vi\/products\/ran-binh-an-tranh-in-tranh-12-con-giap-ran-at-ty-cau-chuc-may-man\/#primaryimage\",\"url\":\"https:\/\/bsartstudio.vn\/wp-content\/uploads\/2025\/01\/6.-TY-co-Khung.jpg\",\"contentUrl\":\"https:\/\/bsartstudio.vn\/wp-content\/uploads\/2025\/01\/6.-TY-co-Khung.jpg\",\"width\":1920,\"height\":1920,\"caption\":\"\u1ea4t T\u1ef5 - Snake Peaceful\"},{\"@type\":\"BreadcrumbList\",\"@id\":\"https:\/\/bsartstudio.vn\/vi\/products\/ran-binh-an-tranh-in-tranh-12-con-giap-ran-at-ty-cau-chuc-may-man\/#breadcrumb\",\"itemListElement\":[{\"@type\":\"ListItem\",\"position\":1,\"name\":\"Home\",\"item\":\"https:\/\/bsartstudio.vn\/en\/\"},{\"@type\":\"ListItem\",\"position\":2,\"name\":\"Shop\",\"item\":\"https:\/\/bsartstudio.vn\/en\/shop\/\"},{\"@type\":\"ListItem\",\"position\":3,\"name\":\"R\u1eaeN B\u00ecnh An &#8211; Tranh in ngh\u1ec7 thu\u1eadt \u2013 S\u00e1ng t\u1ea1o 12 Con Gi\u00e1p c\u00f9ng Tranh \u0110\u00f4ng H\u1ed3\"}]},{\"@type\":\"WebSite\",\"@id\":\"https:\/\/bsartstudio.vn\/ja\/#website\",\"url\":\"https:\/\/bsartstudio.vn\/ja\/\",\"name\":\"B\/S Art Studio\",\"description\":\"\",\"publisher\":{\"@id\":\"https:\/\/bsartstudio.vn\/ja\/#organization\"},\"potentialAction\":[{\"@type\":\"SearchAction\",\"target\":{\"@type\":\"EntryPoint\",\"urlTemplate\":\"https:\/\/bsartstudio.vn\/ja\/?s={search_term_string}\"},\"query-input\":{\"@type\":\"PropertyValueSpecification\",\"valueRequired\":true,\"valueName\":\"search_term_string\"}}],\"inLanguage\":\"vi-VN\"},{\"@type\":\"Organization\",\"@id\":\"https:\/\/bsartstudio.vn\/ja\/#organization\",\"name\":\"B\/S Art Studio\",\"url\":\"https:\/\/bsartstudio.vn\/ja\/\",\"logo\":{\"@type\":\"ImageObject\",\"inLanguage\":\"vi-VN\",\"@id\":\"https:\/\/bsartstudio.vn\/ja\/#\/schema\/logo\/image\/\",\"url\":\"https:\/\/bsartstudio.vn\/wp-content\/uploads\/2020\/03\/54526018_2272576089468053_1525084505319145472_n.jpg\",\"contentUrl\":\"https:\/\/bsartstudio.vn\/wp-content\/uploads\/2020\/03\/54526018_2272576089468053_1525084505319145472_n.jpg\",\"width\":958,\"height\":958,\"caption\":\"B\/S Art Studio\"},\"image\":{\"@id\":\"https:\/\/bsartstudio.vn\/ja\/#\/schema\/logo\/image\/\"}}]}<\/script>\n<!-- \/ Yoast SEO plugin. -->","yoast_head_json":{"title":"R\u1eaeN B\u00ecnh An - Tranh in ngh\u1ec7 thu\u1eadt \u2013 S\u00e1ng t\u1ea1o 12 Con Gi\u00e1p c\u00f9ng Tranh \u0110\u00f4ng H\u1ed3 -Qu\u00e0 T\u1eb7ng V\u0103n H\u00f3a Ngh\u1ec7 Thu\u1eadt Vi\u1ec7t Nam - B\/S Art Studio","description":"\"R\u1eaeN - B\u00ecnh An\" v\u1edbi m\u00e0u s\u1eafc t\u01b0\u01a1i vui, thi\u1ebft k\u1ebf h\u00ecnh d\u00e1ng \u0111\u1ed9c \u0111\u00e1o s\u1ebd l\u00e0 m\u00f3n qu\u00e0 t\u1eb7ng ngh\u1ec7 thu\u1eadt v\u0103n h\u00f3a Vi\u1ec7t Nam \u00fd ngh\u0129a v\u00e0 \u0111\u1ed9c \u0111\u00e1o.","robots":{"index":"index","follow":"follow","max-snippet":"max-snippet:-1","max-image-preview":"max-image-preview:large","max-video-preview":"max-video-preview:-1"},"canonical":"https:\/\/bsartstudio.vn\/vi\/products\/ran-binh-an-tranh-in-tranh-12-con-giap-ran-at-ty-cau-chuc-may-man\/","og_locale":"vi_VN","og_type":"article","og_title":"R\u1eaeN B\u00ecnh An - Tranh in ngh\u1ec7 thu\u1eadt \u2013 S\u00e1ng t\u1ea1o 12 Con Gi\u00e1p c\u00f9ng Tranh \u0110\u00f4ng H\u1ed3 -Qu\u00e0 T\u1eb7ng V\u0103n H\u00f3a Ngh\u1ec7 Thu\u1eadt Vi\u1ec7t Nam - B\/S Art Studio","og_description":"\"R\u1eaeN - B\u00ecnh An\" v\u1edbi m\u00e0u s\u1eafc t\u01b0\u01a1i vui, thi\u1ebft k\u1ebf h\u00ecnh d\u00e1ng \u0111\u1ed9c \u0111\u00e1o s\u1ebd l\u00e0 m\u00f3n qu\u00e0 t\u1eb7ng ngh\u1ec7 thu\u1eadt v\u0103n h\u00f3a Vi\u1ec7t Nam \u00fd ngh\u0129a v\u00e0 \u0111\u1ed9c \u0111\u00e1o.","og_url":"https:\/\/bsartstudio.vn\/vi\/products\/ran-binh-an-tranh-in-tranh-12-con-giap-ran-at-ty-cau-chuc-may-man\/","og_site_name":"B\/S Art Studio","article_modified_time":"2025-12-29T05:42:51+00:00","og_image":[{"width":1920,"height":1920,"url":"https:\/\/bsartstudio.vn\/wp-content\/uploads\/2025\/01\/6.-TY-co-Khung.jpg","type":"image\/jpeg"}],"twitter_card":"summary_large_image","twitter_misc":{"Est. reading time":"3 minutes"},"schema":{"@context":"https:\/\/schema.org","@graph":[{"@type":"WebPage","@id":"https:\/\/bsartstudio.vn\/vi\/products\/ran-binh-an-tranh-in-tranh-12-con-giap-ran-at-ty-cau-chuc-may-man\/","url":"https:\/\/bsartstudio.vn\/vi\/products\/ran-binh-an-tranh-in-tranh-12-con-giap-ran-at-ty-cau-chuc-may-man\/","name":"R\u1eaeN B\u00ecnh An - Tranh in ngh\u1ec7 thu\u1eadt \u2013 S\u00e1ng t\u1ea1o 12 Con Gi\u00e1p c\u00f9ng Tranh \u0110\u00f4ng H\u1ed3 -Qu\u00e0 T\u1eb7ng V\u0103n H\u00f3a Ngh\u1ec7 Thu\u1eadt Vi\u1ec7t Nam - B\/S Art Studio","isPartOf":{"@id":"https:\/\/bsartstudio.vn\/ja\/#website"},"primaryImageOfPage":{"@id":"https:\/\/bsartstudio.vn\/vi\/products\/ran-binh-an-tranh-in-tranh-12-con-giap-ran-at-ty-cau-chuc-may-man\/#primaryimage"},"image":{"@id":"https:\/\/bsartstudio.vn\/vi\/products\/ran-binh-an-tranh-in-tranh-12-con-giap-ran-at-ty-cau-chuc-may-man\/#primaryimage"},"thumbnailUrl":"https:\/\/bsartstudio.vn\/wp-content\/uploads\/2025\/01\/6.-TY-co-Khung.jpg","datePublished":"2025-01-16T07:34:11+00:00","dateModified":"2025-12-29T05:42:51+00:00","description":"\"R\u1eaeN - B\u00ecnh An\" v\u1edbi m\u00e0u s\u1eafc t\u01b0\u01a1i vui, thi\u1ebft k\u1ebf h\u00ecnh d\u00e1ng \u0111\u1ed9c \u0111\u00e1o s\u1ebd l\u00e0 m\u00f3n qu\u00e0 t\u1eb7ng ngh\u1ec7 thu\u1eadt v\u0103n h\u00f3a Vi\u1ec7t Nam \u00fd ngh\u0129a v\u00e0 \u0111\u1ed9c \u0111\u00e1o.","breadcrumb":{"@id":"https:\/\/bsartstudio.vn\/vi\/products\/ran-binh-an-tranh-in-tranh-12-con-giap-ran-at-ty-cau-chuc-may-man\/#breadcrumb"},"inLanguage":"vi-VN","potentialAction":[{"@type":"ReadAction","target":["https:\/\/bsartstudio.vn\/vi\/products\/ran-binh-an-tranh-in-tranh-12-con-giap-ran-at-ty-cau-chuc-may-man\/"]}]},{"@type":"ImageObject","inLanguage":"vi-VN","@id":"https:\/\/bsartstudio.vn\/vi\/products\/ran-binh-an-tranh-in-tranh-12-con-giap-ran-at-ty-cau-chuc-may-man\/#primaryimage","url":"https:\/\/bsartstudio.vn\/wp-content\/uploads\/2025\/01\/6.-TY-co-Khung.jpg","contentUrl":"https:\/\/bsartstudio.vn\/wp-content\/uploads\/2025\/01\/6.-TY-co-Khung.jpg","width":1920,"height":1920,"caption":"\u1ea4t T\u1ef5 - Snake Peaceful"},{"@type":"BreadcrumbList","@id":"https:\/\/bsartstudio.vn\/vi\/products\/ran-binh-an-tranh-in-tranh-12-con-giap-ran-at-ty-cau-chuc-may-man\/#breadcrumb","itemListElement":[{"@type":"ListItem","position":1,"name":"Home","item":"https:\/\/bsartstudio.vn\/en\/"},{"@type":"ListItem","position":2,"name":"Shop","item":"https:\/\/bsartstudio.vn\/en\/shop\/"},{"@type":"ListItem","position":3,"name":"R\u1eaeN B\u00ecnh An &#8211; Tranh in ngh\u1ec7 thu\u1eadt \u2013 S\u00e1ng t\u1ea1o 12 Con Gi\u00e1p c\u00f9ng Tranh \u0110\u00f4ng H\u1ed3"}]},{"@type":"WebSite","@id":"https:\/\/bsartstudio.vn\/ja\/#website","url":"https:\/\/bsartstudio.vn\/ja\/","name":"B\/S Art Studio","description":"","publisher":{"@id":"https:\/\/bsartstudio.vn\/ja\/#organization"},"potentialAction":[{"@type":"SearchAction","target":{"@type":"EntryPoint","urlTemplate":"https:\/\/bsartstudio.vn\/ja\/?s={search_term_string}"},"query-input":{"@type":"PropertyValueSpecification","valueRequired":true,"valueName":"search_term_string"}}],"inLanguage":"vi-VN"},{"@type":"Organization","@id":"https:\/\/bsartstudio.vn\/ja\/#organization","name":"B\/S Art Studio","url":"https:\/\/bsartstudio.vn\/ja\/","logo":{"@type":"ImageObject","inLanguage":"vi-VN","@id":"https:\/\/bsartstudio.vn\/ja\/#\/schema\/logo\/image\/","url":"https:\/\/bsartstudio.vn\/wp-content\/uploads\/2020\/03\/54526018_2272576089468053_1525084505319145472_n.jpg","contentUrl":"https:\/\/bsartstudio.vn\/wp-content\/uploads\/2020\/03\/54526018_2272576089468053_1525084505319145472_n.jpg","width":958,"height":958,"caption":"B\/S Art Studio"},"image":{"@id":"https:\/\/bsartstudio.vn\/ja\/#\/schema\/logo\/image\/"}}]}},"_links":{"self":[{"href":"https:\/\/bsartstudio.vn\/vi\/wp-json\/wp\/v2\/product\/8651"}],"collection":[{"href":"https:\/\/bsartstudio.vn\/vi\/wp-json\/wp\/v2\/product"}],"about":[{"href":"https:\/\/bsartstudio.vn\/vi\/wp-json\/wp\/v2\/types\/product"}],"wp:featuredmedia":[{"embeddable":true,"href":"https:\/\/bsartstudio.vn\/vi\/wp-json\/wp\/v2\/media\/8646"}],"wp:attachment":[{"href":"https:\/\/bsartstudio.vn\/vi\/wp-json\/wp\/v2\/media?parent=8651"}],"wp:term":[{"taxonomy":"product_cat","embeddable":true,"href":"https:\/\/bsartstudio.vn\/vi\/wp-json\/wp\/v2\/product_cat?post=8651"},{"taxonomy":"product_tag","embeddable":true,"href":"https:\/\/bsartstudio.vn\/vi\/wp-json\/wp\/v2\/product_tag?post=8651"}],"curies":[{"name":"wp","href":"https:\/\/api.w.org\/{rel}","templated":true}]}}