{"id":6829,"date":"2024-03-24T14:06:59","date_gmt":"2024-03-24T07:06:59","guid":{"rendered":"https:\/\/bsartstudio.vn\/products\/tranh-in-nghe-thuat-meo-cat-tuong\/"},"modified":"2026-01-01T13:55:18","modified_gmt":"2026-01-01T06:55:18","slug":"tranh-in-nghe-thuat-meo-cat-tuong","status":"publish","type":"product","link":"https:\/\/bsartstudio.vn\/vi\/products\/tranh-in-nghe-thuat-meo-cat-tuong\/","title":{"rendered":"M\u00c8O &#8211; C\u00e1t T\u01b0\u1eddng &#8211; Tranh in ngh\u1ec7 thu\u1eadt \u2013 S\u00e1ng t\u1ea1o 12 Con Gi\u00e1p c\u00f9ng Tranh \u0110\u00f4ng H\u1ed3"},"content":{"rendered":"<h1><strong><span style=\"font-size: 18pt; color: #0000ff;\">&#8220;M\u00c8O &#8211; C\u00e1t T\u01b0\u1eddng&#8221; &#8211; Tranh in ngh\u1ec7 thu\u1eadt \u2013 S\u00e1ng t\u1ea1o 12 Con Gi\u00e1p c\u00f9ng Tranh \u0110\u00f4ng H\u1ed3<\/span><\/strong><\/h1>\n<p><span style=\"color: #000000;\"><strong>&#8220;M\u00c8O &#8211; C\u00e1t T\u01b0\u1eddng&#8221; &#8211; L\u00e0 con Gi\u00e1p c\u1ee7a n\u0103m Qu\u00fd M\u00e3o.<br \/>\n<\/strong><\/span><\/p>\n<p><span style=\"color: #000000;\">Ngh\u1ec7 thu\u1eadt \u0110\u1ed3ng H\u1ed3 l\u00e0 ngh\u1ec7 thu\u1eadt d\u00e2n gian truy\u1ec1n th\u1ed1ng c\u1ee7a Vi\u1ec7t Nam d\u00f2ng tranh n\u00e0y \u0111\u00e3 c\u00f3 l\u1ecbch s\u1eed t\u1eeb 1000 n\u0103m tr\u01b0\u1edbc.<br \/>\nNgh\u1ec7 thu\u1eadt \u0110\u1ed3ng H\u1ed3 \u0111\u00e3 c\u00f3 gi\u00e1 tr\u1ecb l\u1ecbch s\u1eed l\u00e2u \u0111\u1eddi v\u00e0 g\u1eafn li\u1ec1n v\u1edbi \u0111\u1eddi s\u1ed1ng tinh th\u1ea7n c\u1ee7a ng\u01b0\u1eddi d\u00e2n Vi\u1ec7t Nam n\u00ean d\u00f2ng tranh n\u00e0y \u0111\u00e3 \u0111\u01b0\u1ee3c \u0111\u01b0a v\u00e0o danh m\u1ee5c di s\u1ea3n v\u0103n h\u00f3a phi v\u1eadt th\u1ec3 qu\u1ed1c gia.<br \/>\nV\u1edbi t\u00ecnh y\u00eau d\u00e0nh cho v\u0103n h\u00f3a ngh\u1ec7 thu\u1eadt Vi\u1ec7t Nam v\u00e0 mong mu\u1ed1n g\u00ecn gi\u1eef c\u00e1c gi\u00e1 tr\u1ecb truy\u1ec1n th\u1ed1ng, B\/S Art Studio \u0111\u00e3 k\u1ebft h\u1ee3p nh\u1eefng \u0111\u1eb7c tr\u01b0ng c\u1ee7a d\u00f2ng tranh \u0110\u00f4ng H\u1ed3 v\u1edbi m\u1ed9t lo\u1ea1i h\u00ecnh ngh\u1ec7 thu\u1eadt hi\u1ec7n \u0111\u1ea1i Doodle Art \u0111\u1ec3 t\u1ea1o n\u00ean phong c\u00e1ch \u0110\u1ed3ng H\u1ed3 m\u1edbi.<br \/>\nH\u00e0ng n\u0103m, B\/S Art Studio s\u00e1ng t\u1ea1o nh\u00e2n v\u1eadt d\u1ef1a theo con gi\u00e1p c\u1ee7a n\u0103m v\u1edbi phong c\u00e1ch \u0110\u00f4ng H\u1ed3 m\u1edbi v\u00e0 \u1ee9ng d\u1ee5ng v\u00e0o c\u00e1c s\u1ea3n ph\u1ea9m ngh\u1ec7 thu\u1eadt.<\/span><\/p>\n<h2><span style=\"font-size: 14pt;\"><strong>&#8220;M\u00c8O &#8211; C\u00e1t T\u01b0\u1eddng&#8221; &#8211; Tranh in ngh\u1ec7 thu\u1eadt \u2013 S\u00e1ng t\u1ea1o 12 Con Gi\u00e1p c\u00f9ng Tranh \u0110\u00f4ng H\u1ed3<\/strong><\/span><\/h2>\n<p><span style=\"color: #000000;\">B\u00e9 M\u00e8o l\u00e0 con ch\u00e1u c\u1ee7a nh\u00e2n v\u1eadt L\u00e3o M\u00e8o trong truy\u1ec7n c\u1ed5 t\u00edch &#8220;N\u00e0ng Tr\u0103ng v\u00e0 Ba H\u1ea1t L\u00faa Th\u1ea7n&#8221;.<\/span><\/p>\n<p><span style=\"color: #000000;\"><strong>Tham gia workshop &#8220;V\u1ebd v\u00e0 S\u00e1ng t\u1ea1o c\u00f9ng ngh\u1ec7 thu\u1eadt \u0110\u00f4ng H\u1ed3&#8221; tr\u00ean N\u00f3n L\u00e1 ho\u1eb7c G\u1ed7 mini :<\/strong><\/span><\/p>\n<ul>\n<li><span style=\"color: #000000;\">\u0110\u1eb7t ch\u1ed7 tr\u1ef1c ti\u1ebfp t\u1eeb website:<\/span> <a href=\"https:\/\/bsartstudio.vn\/en\/experiences-events\/\">https:\/\/bsartstudio.vn\/en\/experiences-events\/<\/a><\/li>\n<li><span style=\"color: #000000;\">\u0110\u1eb7t ch\u1ed7 tr\u00ean n\u1ec1n t\u1ea3ng Airbnb: <\/span><a href=\"https:\/\/www.airbnb.com\/experiences\/383364?guests=1&amp;adults=1&amp;s=67&amp;unique_share_id=f8bbc6e6-5dfe-414c-b482-5910e750d092\">https:\/\/www.airbnb.com\/experiences\/383364?guests=1&amp;adults=1&amp;s=67&amp;unique_share_id=f8bbc6e6-5dfe-414c-b482-5910e750d092<\/a><\/li>\n<\/ul>\n<p><span style=\"color: #000000;\">Tranh T\u1ebft 12 Con Gi\u00e1p,<\/span><br \/>\n<span style=\"color: #000000;\">B\u1ed9 s\u01b0u t\u1eadp T\u1ebft,<\/span><br \/>\n<span style=\"color: #000000;\">Tranh T\u1ebft,<\/span><br \/>\n<span style=\"color: #000000;\">Tranh v\u1ebd lo\u00e0i v\u1eadt,<\/span><br \/>\n<span style=\"color: #000000;\">V\u0103n H\u00f3a Vi\u1ec7t Nam,<\/span><br \/>\n<span style=\"color: #000000;\">Qu\u00e0 t\u1eb7ng phong th\u1ee7y,<\/span><br \/>\n<span style=\"color: #000000;\">Tranh T\u1ebft Phong Th\u1ee7y,<\/span><br \/>\n<span style=\"color: #000000;\">Qu\u00e0 T\u1ebft,<\/span><br \/>\n<span style=\"color: #000000;\">Tranh \u0110\u00f4ng H\u1ed3<\/span><\/p>\n","protected":false},"excerpt":{"rendered":"<p><span style=\"color: #000000;\">Ch\u1ea5t li\u1ec7u: Tranh in ch\u1ea5t l\u01b0\u1ee3ng cao tr\u00ean Gi\u1ea5y M\u1ef9 Thu\u1eadt<\/span><br \/>\n<span style=\"color: #000000;\">K\u00edch th\u01b0\u1edbc kh\u00f4ng khung: 20cm x 20cm<\/span><br \/>\n<span style=\"color: #000000;\">K\u00edch th\u01b0\u1edbc c\u00f3 khung: 24cm x 24cm<\/span><br \/>\n<span style=\"color: #000000;\">Khung tranh: khung g\u1ed7 c\u00f4ng nghi\u1ec7p + mica<\/span><\/p>\n<p><span style=\"color: #000000;\">V\u1edbi m\u00e0u s\u1eafc t\u01b0\u01a1i vui v\u00e0 thi\u1ebft k\u1ebf nh\u00e2n v\u1eadt \u0111\u1ed9c \u0111\u00e1o, \u0111\u00e2y s\u1ebd l\u00e0 m\u00f3n qu\u00e0 \u00fd ngh\u0129a v\u00e0 \u0111\u1ed9c \u0111\u00e1o \u0111\u1ec3 b\u1ea1n l\u1ef1a ch\u1ecdn d\u00e0nh t\u1eb7ng ng\u01b0\u1eddi th\u00e2n, b\u1ea1n b\u00e8 v\u00e0 \u0111\u1ed1i t\u00e1c<\/span><br \/>\n<span style=\"color: #000000;\">T\u00e1c ph\u1ea9m ngh\u1ec7 thu\u1eadt in \u1ea5n trang tr\u00ed \u0111\u1ed9c \u0111\u00e1o. Qu\u00e0 t\u1eb7ng v\u0103n h\u00f3a Vi\u1ec7t Nam.<\/span><\/p>\n","protected":false},"featured_media":6713,"template":"","meta":{"_et_pb_use_builder":"","_et_pb_old_content":"","_et_gb_content_width":""},"product_cat":[64,59,429],"product_tag":[174,171,156,232,230,231,155],"yoast_head":"<!-- This site is optimized with the Yoast SEO plugin v24.5 - https:\/\/yoast.com\/wordpress\/plugins\/seo\/ -->\n<title>M\u00c8O - C\u00e1t T\u01b0\u1eddng - Tranh in ngh\u1ec7 thu\u1eadt \u2013 S\u00e1ng t\u1ea1o 12 Con Gi\u00e1p c\u00f9ng Tranh \u0110\u00f4ng H\u1ed3 -Qu\u00e0 T\u1eb7ng V\u0103n H\u00f3a Ngh\u1ec7 Thu\u1eadt Vi\u1ec7t Nam - B\/S Art Studio<\/title>\n<meta name=\"description\" content=\"M\u00c8O - C\u00e1t T\u01b0\u1eddng v\u1edbi m\u00e0u s\u1eafc t\u01b0\u01a1i vui, thi\u1ebft k\u1ebf h\u00ecnh d\u00e1ng \u0111\u1ed9c \u0111\u00e1o s\u1ebd l\u00e0 m\u00f3n qu\u00e0 t\u1eb7ng ngh\u1ec7 thu\u1eadt v\u0103n h\u00f3a Vi\u1ec7t Nam \u00fd ngh\u0129a v\u00e0 \u0111\u1ed9c \u0111\u00e1o.\" \/>\n<meta name=\"robots\" content=\"index, follow, max-snippet:-1, max-image-preview:large, max-video-preview:-1\" \/>\n<link rel=\"canonical\" href=\"https:\/\/bsartstudio.vn\/en\/products\/cat-good-fortune-zodiac-animal\/\" \/>\n<meta property=\"og:locale\" content=\"vi_VN\" \/>\n<meta property=\"og:type\" content=\"article\" \/>\n<meta property=\"og:title\" content=\"M\u00c8O - C\u00e1t T\u01b0\u1eddng - Tranh in ngh\u1ec7 thu\u1eadt \u2013 S\u00e1ng t\u1ea1o 12 Con Gi\u00e1p c\u00f9ng Tranh \u0110\u00f4ng H\u1ed3 -Qu\u00e0 T\u1eb7ng V\u0103n H\u00f3a Ngh\u1ec7 Thu\u1eadt Vi\u1ec7t Nam - B\/S Art Studio\" \/>\n<meta property=\"og:description\" content=\"M\u00c8O - C\u00e1t T\u01b0\u1eddng v\u1edbi m\u00e0u s\u1eafc t\u01b0\u01a1i vui, thi\u1ebft k\u1ebf h\u00ecnh d\u00e1ng \u0111\u1ed9c \u0111\u00e1o s\u1ebd l\u00e0 m\u00f3n qu\u00e0 t\u1eb7ng ngh\u1ec7 thu\u1eadt v\u0103n h\u00f3a Vi\u1ec7t Nam \u00fd ngh\u0129a v\u00e0 \u0111\u1ed9c \u0111\u00e1o.\" \/>\n<meta property=\"og:url\" content=\"https:\/\/bsartstudio.vn\/en\/products\/cat-good-fortune-zodiac-animal\/\" \/>\n<meta property=\"og:site_name\" content=\"B\/S Art Studio\" \/>\n<meta property=\"article:modified_time\" content=\"2026-01-01T06:55:18+00:00\" \/>\n<meta property=\"og:image\" content=\"https:\/\/bsartstudio.vn\/wp-content\/uploads\/2024\/02\/4.Mao-co-Khung.jpg\" \/>\n\t<meta property=\"og:image:width\" content=\"1920\" \/>\n\t<meta property=\"og:image:height\" content=\"1920\" \/>\n\t<meta property=\"og:image:type\" content=\"image\/jpeg\" \/>\n<meta name=\"twitter:card\" content=\"summary_large_image\" \/>\n<meta name=\"twitter:label1\" content=\"Est. reading time\" \/>\n\t<meta name=\"twitter:data1\" content=\"2 minutes\" \/>\n<script type=\"application\/ld+json\" class=\"yoast-schema-graph\">{\"@context\":\"https:\/\/schema.org\",\"@graph\":[{\"@type\":\"WebPage\",\"@id\":\"https:\/\/bsartstudio.vn\/en\/products\/cat-good-fortune-zodiac-animal\/\",\"url\":\"https:\/\/bsartstudio.vn\/en\/products\/cat-good-fortune-zodiac-animal\/\",\"name\":\"M\u00c8O - C\u00e1t T\u01b0\u1eddng - Tranh in ngh\u1ec7 thu\u1eadt \u2013 S\u00e1ng t\u1ea1o 12 Con Gi\u00e1p c\u00f9ng Tranh \u0110\u00f4ng H\u1ed3 -Qu\u00e0 T\u1eb7ng V\u0103n H\u00f3a Ngh\u1ec7 Thu\u1eadt Vi\u1ec7t Nam - B\/S Art Studio\",\"isPartOf\":{\"@id\":\"https:\/\/bsartstudio.vn\/ja\/#website\"},\"primaryImageOfPage\":{\"@id\":\"https:\/\/bsartstudio.vn\/en\/products\/cat-good-fortune-zodiac-animal\/#primaryimage\"},\"image\":{\"@id\":\"https:\/\/bsartstudio.vn\/en\/products\/cat-good-fortune-zodiac-animal\/#primaryimage\"},\"thumbnailUrl\":\"https:\/\/bsartstudio.vn\/wp-content\/uploads\/2024\/02\/4.Mao-co-Khung.jpg\",\"datePublished\":\"2024-03-24T07:06:59+00:00\",\"dateModified\":\"2026-01-01T06:55:18+00:00\",\"description\":\"M\u00c8O - C\u00e1t T\u01b0\u1eddng v\u1edbi m\u00e0u s\u1eafc t\u01b0\u01a1i vui, thi\u1ebft k\u1ebf h\u00ecnh d\u00e1ng \u0111\u1ed9c \u0111\u00e1o s\u1ebd l\u00e0 m\u00f3n qu\u00e0 t\u1eb7ng ngh\u1ec7 thu\u1eadt v\u0103n h\u00f3a Vi\u1ec7t Nam \u00fd ngh\u0129a v\u00e0 \u0111\u1ed9c \u0111\u00e1o.\",\"breadcrumb\":{\"@id\":\"https:\/\/bsartstudio.vn\/en\/products\/cat-good-fortune-zodiac-animal\/#breadcrumb\"},\"inLanguage\":\"vi-VN\",\"potentialAction\":[{\"@type\":\"ReadAction\",\"target\":[\"https:\/\/bsartstudio.vn\/en\/products\/cat-good-fortune-zodiac-animal\/\"]}]},{\"@type\":\"ImageObject\",\"inLanguage\":\"vi-VN\",\"@id\":\"https:\/\/bsartstudio.vn\/en\/products\/cat-good-fortune-zodiac-animal\/#primaryimage\",\"url\":\"https:\/\/bsartstudio.vn\/wp-content\/uploads\/2024\/02\/4.Mao-co-Khung.jpg\",\"contentUrl\":\"https:\/\/bsartstudio.vn\/wp-content\/uploads\/2024\/02\/4.Mao-co-Khung.jpg\",\"width\":1920,\"height\":1920,\"caption\":\"CAT Good Fortune Zodiac Animal\"},{\"@type\":\"BreadcrumbList\",\"@id\":\"https:\/\/bsartstudio.vn\/en\/products\/cat-good-fortune-zodiac-animal\/#breadcrumb\",\"itemListElement\":[{\"@type\":\"ListItem\",\"position\":1,\"name\":\"Home\",\"item\":\"https:\/\/bsartstudio.vn\/en\/\"},{\"@type\":\"ListItem\",\"position\":2,\"name\":\"Shop\",\"item\":\"https:\/\/bsartstudio.vn\/en\/shop\/\"},{\"@type\":\"ListItem\",\"position\":3,\"name\":\"M\u00c8O &#8211; C\u00e1t T\u01b0\u1eddng &#8211; Tranh in ngh\u1ec7 thu\u1eadt \u2013 S\u00e1ng t\u1ea1o 12 Con Gi\u00e1p c\u00f9ng Tranh \u0110\u00f4ng H\u1ed3\"}]},{\"@type\":\"WebSite\",\"@id\":\"https:\/\/bsartstudio.vn\/ja\/#website\",\"url\":\"https:\/\/bsartstudio.vn\/ja\/\",\"name\":\"B\/S Art Studio\",\"description\":\"\",\"publisher\":{\"@id\":\"https:\/\/bsartstudio.vn\/ja\/#organization\"},\"potentialAction\":[{\"@type\":\"SearchAction\",\"target\":{\"@type\":\"EntryPoint\",\"urlTemplate\":\"https:\/\/bsartstudio.vn\/ja\/?s={search_term_string}\"},\"query-input\":{\"@type\":\"PropertyValueSpecification\",\"valueRequired\":true,\"valueName\":\"search_term_string\"}}],\"inLanguage\":\"vi-VN\"},{\"@type\":\"Organization\",\"@id\":\"https:\/\/bsartstudio.vn\/ja\/#organization\",\"name\":\"B\/S Art Studio\",\"url\":\"https:\/\/bsartstudio.vn\/ja\/\",\"logo\":{\"@type\":\"ImageObject\",\"inLanguage\":\"vi-VN\",\"@id\":\"https:\/\/bsartstudio.vn\/ja\/#\/schema\/logo\/image\/\",\"url\":\"https:\/\/bsartstudio.vn\/wp-content\/uploads\/2020\/03\/54526018_2272576089468053_1525084505319145472_n.jpg\",\"contentUrl\":\"https:\/\/bsartstudio.vn\/wp-content\/uploads\/2020\/03\/54526018_2272576089468053_1525084505319145472_n.jpg\",\"width\":958,\"height\":958,\"caption\":\"B\/S Art Studio\"},\"image\":{\"@id\":\"https:\/\/bsartstudio.vn\/ja\/#\/schema\/logo\/image\/\"}}]}<\/script>\n<!-- \/ Yoast SEO plugin. -->","yoast_head_json":{"title":"M\u00c8O - C\u00e1t T\u01b0\u1eddng - Tranh in ngh\u1ec7 thu\u1eadt \u2013 S\u00e1ng t\u1ea1o 12 Con Gi\u00e1p c\u00f9ng Tranh \u0110\u00f4ng H\u1ed3 -Qu\u00e0 T\u1eb7ng V\u0103n H\u00f3a Ngh\u1ec7 Thu\u1eadt Vi\u1ec7t Nam - B\/S Art Studio","description":"M\u00c8O - C\u00e1t T\u01b0\u1eddng v\u1edbi m\u00e0u s\u1eafc t\u01b0\u01a1i vui, thi\u1ebft k\u1ebf h\u00ecnh d\u00e1ng \u0111\u1ed9c \u0111\u00e1o s\u1ebd l\u00e0 m\u00f3n qu\u00e0 t\u1eb7ng ngh\u1ec7 thu\u1eadt v\u0103n h\u00f3a Vi\u1ec7t Nam \u00fd ngh\u0129a v\u00e0 \u0111\u1ed9c \u0111\u00e1o.","robots":{"index":"index","follow":"follow","max-snippet":"max-snippet:-1","max-image-preview":"max-image-preview:large","max-video-preview":"max-video-preview:-1"},"canonical":"https:\/\/bsartstudio.vn\/en\/products\/cat-good-fortune-zodiac-animal\/","og_locale":"vi_VN","og_type":"article","og_title":"M\u00c8O - C\u00e1t T\u01b0\u1eddng - Tranh in ngh\u1ec7 thu\u1eadt \u2013 S\u00e1ng t\u1ea1o 12 Con Gi\u00e1p c\u00f9ng Tranh \u0110\u00f4ng H\u1ed3 -Qu\u00e0 T\u1eb7ng V\u0103n H\u00f3a Ngh\u1ec7 Thu\u1eadt Vi\u1ec7t Nam - B\/S Art Studio","og_description":"M\u00c8O - C\u00e1t T\u01b0\u1eddng v\u1edbi m\u00e0u s\u1eafc t\u01b0\u01a1i vui, thi\u1ebft k\u1ebf h\u00ecnh d\u00e1ng \u0111\u1ed9c \u0111\u00e1o s\u1ebd l\u00e0 m\u00f3n qu\u00e0 t\u1eb7ng ngh\u1ec7 thu\u1eadt v\u0103n h\u00f3a Vi\u1ec7t Nam \u00fd ngh\u0129a v\u00e0 \u0111\u1ed9c \u0111\u00e1o.","og_url":"https:\/\/bsartstudio.vn\/en\/products\/cat-good-fortune-zodiac-animal\/","og_site_name":"B\/S Art Studio","article_modified_time":"2026-01-01T06:55:18+00:00","og_image":[{"width":1920,"height":1920,"url":"https:\/\/bsartstudio.vn\/wp-content\/uploads\/2024\/02\/4.Mao-co-Khung.jpg","type":"image\/jpeg"}],"twitter_card":"summary_large_image","twitter_misc":{"Est. reading time":"2 minutes"},"schema":{"@context":"https:\/\/schema.org","@graph":[{"@type":"WebPage","@id":"https:\/\/bsartstudio.vn\/en\/products\/cat-good-fortune-zodiac-animal\/","url":"https:\/\/bsartstudio.vn\/en\/products\/cat-good-fortune-zodiac-animal\/","name":"M\u00c8O - C\u00e1t T\u01b0\u1eddng - Tranh in ngh\u1ec7 thu\u1eadt \u2013 S\u00e1ng t\u1ea1o 12 Con Gi\u00e1p c\u00f9ng Tranh \u0110\u00f4ng H\u1ed3 -Qu\u00e0 T\u1eb7ng V\u0103n H\u00f3a Ngh\u1ec7 Thu\u1eadt Vi\u1ec7t Nam - B\/S Art Studio","isPartOf":{"@id":"https:\/\/bsartstudio.vn\/ja\/#website"},"primaryImageOfPage":{"@id":"https:\/\/bsartstudio.vn\/en\/products\/cat-good-fortune-zodiac-animal\/#primaryimage"},"image":{"@id":"https:\/\/bsartstudio.vn\/en\/products\/cat-good-fortune-zodiac-animal\/#primaryimage"},"thumbnailUrl":"https:\/\/bsartstudio.vn\/wp-content\/uploads\/2024\/02\/4.Mao-co-Khung.jpg","datePublished":"2024-03-24T07:06:59+00:00","dateModified":"2026-01-01T06:55:18+00:00","description":"M\u00c8O - C\u00e1t T\u01b0\u1eddng v\u1edbi m\u00e0u s\u1eafc t\u01b0\u01a1i vui, thi\u1ebft k\u1ebf h\u00ecnh d\u00e1ng \u0111\u1ed9c \u0111\u00e1o s\u1ebd l\u00e0 m\u00f3n qu\u00e0 t\u1eb7ng ngh\u1ec7 thu\u1eadt v\u0103n h\u00f3a Vi\u1ec7t Nam \u00fd ngh\u0129a v\u00e0 \u0111\u1ed9c \u0111\u00e1o.","breadcrumb":{"@id":"https:\/\/bsartstudio.vn\/en\/products\/cat-good-fortune-zodiac-animal\/#breadcrumb"},"inLanguage":"vi-VN","potentialAction":[{"@type":"ReadAction","target":["https:\/\/bsartstudio.vn\/en\/products\/cat-good-fortune-zodiac-animal\/"]}]},{"@type":"ImageObject","inLanguage":"vi-VN","@id":"https:\/\/bsartstudio.vn\/en\/products\/cat-good-fortune-zodiac-animal\/#primaryimage","url":"https:\/\/bsartstudio.vn\/wp-content\/uploads\/2024\/02\/4.Mao-co-Khung.jpg","contentUrl":"https:\/\/bsartstudio.vn\/wp-content\/uploads\/2024\/02\/4.Mao-co-Khung.jpg","width":1920,"height":1920,"caption":"CAT Good Fortune Zodiac Animal"},{"@type":"BreadcrumbList","@id":"https:\/\/bsartstudio.vn\/en\/products\/cat-good-fortune-zodiac-animal\/#breadcrumb","itemListElement":[{"@type":"ListItem","position":1,"name":"Home","item":"https:\/\/bsartstudio.vn\/en\/"},{"@type":"ListItem","position":2,"name":"Shop","item":"https:\/\/bsartstudio.vn\/en\/shop\/"},{"@type":"ListItem","position":3,"name":"M\u00c8O &#8211; C\u00e1t T\u01b0\u1eddng &#8211; Tranh in ngh\u1ec7 thu\u1eadt \u2013 S\u00e1ng t\u1ea1o 12 Con Gi\u00e1p c\u00f9ng Tranh \u0110\u00f4ng H\u1ed3"}]},{"@type":"WebSite","@id":"https:\/\/bsartstudio.vn\/ja\/#website","url":"https:\/\/bsartstudio.vn\/ja\/","name":"B\/S Art Studio","description":"","publisher":{"@id":"https:\/\/bsartstudio.vn\/ja\/#organization"},"potentialAction":[{"@type":"SearchAction","target":{"@type":"EntryPoint","urlTemplate":"https:\/\/bsartstudio.vn\/ja\/?s={search_term_string}"},"query-input":{"@type":"PropertyValueSpecification","valueRequired":true,"valueName":"search_term_string"}}],"inLanguage":"vi-VN"},{"@type":"Organization","@id":"https:\/\/bsartstudio.vn\/ja\/#organization","name":"B\/S Art Studio","url":"https:\/\/bsartstudio.vn\/ja\/","logo":{"@type":"ImageObject","inLanguage":"vi-VN","@id":"https:\/\/bsartstudio.vn\/ja\/#\/schema\/logo\/image\/","url":"https:\/\/bsartstudio.vn\/wp-content\/uploads\/2020\/03\/54526018_2272576089468053_1525084505319145472_n.jpg","contentUrl":"https:\/\/bsartstudio.vn\/wp-content\/uploads\/2020\/03\/54526018_2272576089468053_1525084505319145472_n.jpg","width":958,"height":958,"caption":"B\/S Art Studio"},"image":{"@id":"https:\/\/bsartstudio.vn\/ja\/#\/schema\/logo\/image\/"}}]}},"_links":{"self":[{"href":"https:\/\/bsartstudio.vn\/vi\/wp-json\/wp\/v2\/product\/6829"}],"collection":[{"href":"https:\/\/bsartstudio.vn\/vi\/wp-json\/wp\/v2\/product"}],"about":[{"href":"https:\/\/bsartstudio.vn\/vi\/wp-json\/wp\/v2\/types\/product"}],"wp:featuredmedia":[{"embeddable":true,"href":"https:\/\/bsartstudio.vn\/vi\/wp-json\/wp\/v2\/media\/6713"}],"wp:attachment":[{"href":"https:\/\/bsartstudio.vn\/vi\/wp-json\/wp\/v2\/media?parent=6829"}],"wp:term":[{"taxonomy":"product_cat","embeddable":true,"href":"https:\/\/bsartstudio.vn\/vi\/wp-json\/wp\/v2\/product_cat?post=6829"},{"taxonomy":"product_tag","embeddable":true,"href":"https:\/\/bsartstudio.vn\/vi\/wp-json\/wp\/v2\/product_tag?post=6829"}],"curies":[{"name":"wp","href":"https:\/\/api.w.org\/{rel}","templated":true}]}}