{"id":6293,"date":"2023-10-20T13:57:39","date_gmt":"2023-10-20T06:57:40","guid":{"rendered":"https:\/\/bsartstudio.vn\/?post_type=product&#038;p=6293"},"modified":"2026-04-03T14:28:47","modified_gmt":"2026-04-03T07:28:47","slug":"moc-khoa-nang-gao-hang-luu-niem-viet-nam","status":"publish","type":"product","link":"https:\/\/bsartstudio.vn\/vi\/products\/moc-khoa-nang-gao-hang-luu-niem-viet-nam\/","title":{"rendered":"M\u00f3c kh\u00f3a N\u00c0NG G\u1ea0O &#8211; H\u00e3y t\u1ef1 h\u00e0o v\u1edbi v\u0103n h\u00f3a v\u00e0 b\u1ea3n s\u1eafc c\u1ee7a b\u1ea1n"},"content":{"rendered":"<p><strong><span style=\"color: #000000;\">M\u00f3c kh\u00f3a &#8220;N\u00c0NG G\u1ea0O &#8211; H\u00e3y t\u1ef1 h\u00e0o v\u1edbi v\u0103n h\u00f3a v\u00e0 b\u1ea3n s\u1eafc c\u1ee7a b\u1ea1n&#8221;<\/span><\/strong><\/p>\n<p><span style=\"color: #000000;\">H\u00e0ng l\u01b0u ni\u1ec7m Vi\u1ec7t Nam. <\/span><\/p>\n<p><span style=\"color: #000000;\">M\u00f3c kho\u00e1 v\u1edbi th\u00f4ng \u0111i\u1ec7p \u00fd ngh\u0129a, \u0111\u01b0\u1ee3c B\/S Art Studio thi\u1ebft k\u1ebf ri\u00eang \u0111i k\u00e8m v\u1edbi c\u00e2u chuy\u1ec7n s\u1ebd l\u00e0 qu\u00e0 t\u1eb7ng c\u1ef1c k\u1ef3 xinh x\u1eafn.<\/span><\/p>\n<p><span style=\"color: #000000;\">Ch\u1ea5t li\u1ec7u: Mica<\/span><br \/>\n<span style=\"color: #000000;\">K\u00edch th\u01b0\u1edbc: 5cm x 6cm\u00a0<\/span><\/p>\n","protected":false},"excerpt":{"rendered":"<div class=\"et_pb_module et_pb_wc_description et_pb_wc_description_0_tb_body et_pb_bg_layout_light et_pb_text_align_left\">\n<div class=\"et_pb_module_inner\">\n<div class=\"lRu31\"><span class=\"HwtZe\" lang=\"en\" style=\"color: #000000;\"><span class=\"jCAhz ChMk0b\"><span class=\"ryNqvb\">\u201cN\u00c0NG G\u1ea0O &#8211; Khai T\u00e2m M\u1edf Tr\u00ed\u201d<\/span><\/span><\/span><\/div>\n<p><span style=\"color: #000000;\" data-spm-anchor-id=\"a2o4n.pdp_revamp.product_detail.i2.3c131684IKxiWK\">Kh\u00e1m ph\u00e1 \u0111i\u1ec1u b\u00ed \u1ea9n trong H\u1ea1t L\u00faa Th\u1ea7n.<\/span><\/p>\n<p><span style=\"color: #000000;\">H\u00ecnh \u1ea3nh \u201cN\u00c0NG G\u1ea0O\u201d &#8211; nh\u00e2n v\u1eadt ch\u00ednh trong c\u00e2u chuy\u1ec7n \u201cN\u00e0ng Tr\u0103ng v\u00e0 Ba H\u1ea1t L\u00faa Th\u1ea7n\u201d b\u01b0\u1edbc ra t\u1eeb \u201c V\u1ecf L\u00faa\u201d l\u00e0 m\u1ed9t trong nh\u1eefng ph\u00e2n c\u1ea3nh \u0111\u1eb7c bi\u1ec7t, quan tr\u1ecdng c\u1ee7a c\u1ea3 c\u00e2u chuy\u1ec7n. T\u1eeb \u0111\u00f3, nh\u1eefng \u0111i\u1ec1u b\u00ed \u1ea9n b\u00ean trong Ba H\u1ea1t L\u00faa Th\u1ea7n d\u1ea7n \u0111\u01b0\u1ee3c khai m\u1edf v\u00e0 l\u00fd gi\u1ea3i.<\/span><\/p>\n<\/div>\n<\/div>\n","protected":false},"featured_media":6302,"template":"","meta":{"_et_pb_use_builder":"","_et_pb_old_content":"","_et_gb_content_width":""},"product_cat":[191,72,70],"product_tag":[435,436,646,433,156,434,297,453,155],"yoast_head":"<!-- This site is optimized with the Yoast SEO plugin v24.5 - https:\/\/yoast.com\/wordpress\/plugins\/seo\/ -->\n<title>M\u00f3c kh\u00f3a N\u00c0NG G\u1ea0O - H\u00e3y t\u1ef1 h\u00e0o v\u1edbi v\u0103n h\u00f3a v\u00e0 b\u1ea3n s\u1eafc c\u1ee7a b\u1ea1n - Qu\u00e0 l\u01b0u ni\u1ec7m Vi\u1ec7t Nam \u0111\u1ed9c \u0111\u00e1o - B\/S Art Studio<\/title>\n<meta name=\"description\" content=\"H\u00e0ng l\u01b0u ni\u1ec7m Vi\u1ec7t Nam. M\u00f3c kh\u00f3a N\u00c0NG G\u1ea0O b\u01b0\u1edbc ra t\u1eeb H\u1ea1t L\u00faa - H\u00e3y t\u1ef1 h\u00e0o v\u1edbi v\u0103n h\u00f3a v\u00e0 b\u1ea3n s\u1eafc c\u1ee7a b\u1ea1n\" \/>\n<meta name=\"robots\" content=\"index, follow, max-snippet:-1, max-image-preview:large, max-video-preview:-1\" \/>\n<link rel=\"canonical\" href=\"https:\/\/bsartstudio.vn\/en\/products\/keychain-lady-gao\/\" \/>\n<meta property=\"og:locale\" content=\"vi_VN\" \/>\n<meta property=\"og:type\" content=\"article\" \/>\n<meta property=\"og:title\" content=\"M\u00f3c kh\u00f3a N\u00c0NG G\u1ea0O - H\u00e3y t\u1ef1 h\u00e0o v\u1edbi v\u0103n h\u00f3a v\u00e0 b\u1ea3n s\u1eafc c\u1ee7a b\u1ea1n - Qu\u00e0 l\u01b0u ni\u1ec7m Vi\u1ec7t Nam \u0111\u1ed9c \u0111\u00e1o - B\/S Art Studio\" \/>\n<meta property=\"og:description\" content=\"H\u00e0ng l\u01b0u ni\u1ec7m Vi\u1ec7t Nam. M\u00f3c kh\u00f3a N\u00c0NG G\u1ea0O b\u01b0\u1edbc ra t\u1eeb H\u1ea1t L\u00faa - H\u00e3y t\u1ef1 h\u00e0o v\u1edbi v\u0103n h\u00f3a v\u00e0 b\u1ea3n s\u1eafc c\u1ee7a b\u1ea1n\" \/>\n<meta property=\"og:url\" content=\"https:\/\/bsartstudio.vn\/en\/products\/keychain-lady-gao\/\" \/>\n<meta property=\"og:site_name\" content=\"B\/S Art Studio\" \/>\n<meta property=\"article:modified_time\" content=\"2026-04-03T07:28:47+00:00\" \/>\n<meta property=\"og:image\" content=\"https:\/\/bsartstudio.vn\/wp-content\/uploads\/2023\/10\/Moc-Nang-Gao-3.jpg\" \/>\n\t<meta property=\"og:image:width\" content=\"1920\" \/>\n\t<meta property=\"og:image:height\" content=\"1920\" \/>\n\t<meta property=\"og:image:type\" content=\"image\/jpeg\" \/>\n<meta name=\"twitter:card\" content=\"summary_large_image\" \/>\n<meta name=\"twitter:label1\" content=\"Est. reading time\" \/>\n\t<meta name=\"twitter:data1\" content=\"1 minute\" \/>\n<script type=\"application\/ld+json\" class=\"yoast-schema-graph\">{\"@context\":\"https:\/\/schema.org\",\"@graph\":[{\"@type\":\"WebPage\",\"@id\":\"https:\/\/bsartstudio.vn\/en\/products\/keychain-lady-gao\/\",\"url\":\"https:\/\/bsartstudio.vn\/en\/products\/keychain-lady-gao\/\",\"name\":\"M\u00f3c kh\u00f3a N\u00c0NG G\u1ea0O - H\u00e3y t\u1ef1 h\u00e0o v\u1edbi v\u0103n h\u00f3a v\u00e0 b\u1ea3n s\u1eafc c\u1ee7a b\u1ea1n - Qu\u00e0 l\u01b0u ni\u1ec7m Vi\u1ec7t Nam \u0111\u1ed9c \u0111\u00e1o - B\/S Art Studio\",\"isPartOf\":{\"@id\":\"https:\/\/bsartstudio.vn\/ja\/#website\"},\"primaryImageOfPage\":{\"@id\":\"https:\/\/bsartstudio.vn\/en\/products\/keychain-lady-gao\/#primaryimage\"},\"image\":{\"@id\":\"https:\/\/bsartstudio.vn\/en\/products\/keychain-lady-gao\/#primaryimage\"},\"thumbnailUrl\":\"https:\/\/bsartstudio.vn\/wp-content\/uploads\/2023\/10\/Moc-Nang-Gao-3.jpg\",\"datePublished\":\"2023-10-20T06:57:40+00:00\",\"dateModified\":\"2026-04-03T07:28:47+00:00\",\"description\":\"H\u00e0ng l\u01b0u ni\u1ec7m Vi\u1ec7t Nam. M\u00f3c kh\u00f3a N\u00c0NG G\u1ea0O b\u01b0\u1edbc ra t\u1eeb H\u1ea1t L\u00faa - H\u00e3y t\u1ef1 h\u00e0o v\u1edbi v\u0103n h\u00f3a v\u00e0 b\u1ea3n s\u1eafc c\u1ee7a b\u1ea1n\",\"breadcrumb\":{\"@id\":\"https:\/\/bsartstudio.vn\/en\/products\/keychain-lady-gao\/#breadcrumb\"},\"inLanguage\":\"vi-VN\",\"potentialAction\":[{\"@type\":\"ReadAction\",\"target\":[\"https:\/\/bsartstudio.vn\/en\/products\/keychain-lady-gao\/\"]}]},{\"@type\":\"ImageObject\",\"inLanguage\":\"vi-VN\",\"@id\":\"https:\/\/bsartstudio.vn\/en\/products\/keychain-lady-gao\/#primaryimage\",\"url\":\"https:\/\/bsartstudio.vn\/wp-content\/uploads\/2023\/10\/Moc-Nang-Gao-3.jpg\",\"contentUrl\":\"https:\/\/bsartstudio.vn\/wp-content\/uploads\/2023\/10\/Moc-Nang-Gao-3.jpg\",\"width\":1920,\"height\":1920,\"caption\":\"\\\"LADY G\u1ea0O - Be Proud of your culture and Identity\\\" Keychain\"},{\"@type\":\"BreadcrumbList\",\"@id\":\"https:\/\/bsartstudio.vn\/en\/products\/keychain-lady-gao\/#breadcrumb\",\"itemListElement\":[{\"@type\":\"ListItem\",\"position\":1,\"name\":\"Home\",\"item\":\"https:\/\/bsartstudio.vn\/en\/\"},{\"@type\":\"ListItem\",\"position\":2,\"name\":\"Shop\",\"item\":\"https:\/\/bsartstudio.vn\/en\/shop\/\"},{\"@type\":\"ListItem\",\"position\":3,\"name\":\"M\u00f3c kh\u00f3a N\u00c0NG G\u1ea0O &#8211; H\u00e3y t\u1ef1 h\u00e0o v\u1edbi v\u0103n h\u00f3a v\u00e0 b\u1ea3n s\u1eafc c\u1ee7a b\u1ea1n\"}]},{\"@type\":\"WebSite\",\"@id\":\"https:\/\/bsartstudio.vn\/ja\/#website\",\"url\":\"https:\/\/bsartstudio.vn\/ja\/\",\"name\":\"B\/S Art Studio\",\"description\":\"\",\"publisher\":{\"@id\":\"https:\/\/bsartstudio.vn\/ja\/#organization\"},\"potentialAction\":[{\"@type\":\"SearchAction\",\"target\":{\"@type\":\"EntryPoint\",\"urlTemplate\":\"https:\/\/bsartstudio.vn\/ja\/?s={search_term_string}\"},\"query-input\":{\"@type\":\"PropertyValueSpecification\",\"valueRequired\":true,\"valueName\":\"search_term_string\"}}],\"inLanguage\":\"vi-VN\"},{\"@type\":\"Organization\",\"@id\":\"https:\/\/bsartstudio.vn\/ja\/#organization\",\"name\":\"B\/S Art Studio\",\"url\":\"https:\/\/bsartstudio.vn\/ja\/\",\"logo\":{\"@type\":\"ImageObject\",\"inLanguage\":\"vi-VN\",\"@id\":\"https:\/\/bsartstudio.vn\/ja\/#\/schema\/logo\/image\/\",\"url\":\"https:\/\/bsartstudio.vn\/wp-content\/uploads\/2020\/03\/54526018_2272576089468053_1525084505319145472_n.jpg\",\"contentUrl\":\"https:\/\/bsartstudio.vn\/wp-content\/uploads\/2020\/03\/54526018_2272576089468053_1525084505319145472_n.jpg\",\"width\":958,\"height\":958,\"caption\":\"B\/S Art Studio\"},\"image\":{\"@id\":\"https:\/\/bsartstudio.vn\/ja\/#\/schema\/logo\/image\/\"}}]}<\/script>\n<!-- \/ Yoast SEO plugin. -->","yoast_head_json":{"title":"M\u00f3c kh\u00f3a N\u00c0NG G\u1ea0O - H\u00e3y t\u1ef1 h\u00e0o v\u1edbi v\u0103n h\u00f3a v\u00e0 b\u1ea3n s\u1eafc c\u1ee7a b\u1ea1n - Qu\u00e0 l\u01b0u ni\u1ec7m Vi\u1ec7t Nam \u0111\u1ed9c \u0111\u00e1o - B\/S Art Studio","description":"H\u00e0ng l\u01b0u ni\u1ec7m Vi\u1ec7t Nam. M\u00f3c kh\u00f3a N\u00c0NG G\u1ea0O b\u01b0\u1edbc ra t\u1eeb H\u1ea1t L\u00faa - H\u00e3y t\u1ef1 h\u00e0o v\u1edbi v\u0103n h\u00f3a v\u00e0 b\u1ea3n s\u1eafc c\u1ee7a b\u1ea1n","robots":{"index":"index","follow":"follow","max-snippet":"max-snippet:-1","max-image-preview":"max-image-preview:large","max-video-preview":"max-video-preview:-1"},"canonical":"https:\/\/bsartstudio.vn\/en\/products\/keychain-lady-gao\/","og_locale":"vi_VN","og_type":"article","og_title":"M\u00f3c kh\u00f3a N\u00c0NG G\u1ea0O - H\u00e3y t\u1ef1 h\u00e0o v\u1edbi v\u0103n h\u00f3a v\u00e0 b\u1ea3n s\u1eafc c\u1ee7a b\u1ea1n - Qu\u00e0 l\u01b0u ni\u1ec7m Vi\u1ec7t Nam \u0111\u1ed9c \u0111\u00e1o - B\/S Art Studio","og_description":"H\u00e0ng l\u01b0u ni\u1ec7m Vi\u1ec7t Nam. M\u00f3c kh\u00f3a N\u00c0NG G\u1ea0O b\u01b0\u1edbc ra t\u1eeb H\u1ea1t L\u00faa - H\u00e3y t\u1ef1 h\u00e0o v\u1edbi v\u0103n h\u00f3a v\u00e0 b\u1ea3n s\u1eafc c\u1ee7a b\u1ea1n","og_url":"https:\/\/bsartstudio.vn\/en\/products\/keychain-lady-gao\/","og_site_name":"B\/S Art Studio","article_modified_time":"2026-04-03T07:28:47+00:00","og_image":[{"width":1920,"height":1920,"url":"https:\/\/bsartstudio.vn\/wp-content\/uploads\/2023\/10\/Moc-Nang-Gao-3.jpg","type":"image\/jpeg"}],"twitter_card":"summary_large_image","twitter_misc":{"Est. reading time":"1 minute"},"schema":{"@context":"https:\/\/schema.org","@graph":[{"@type":"WebPage","@id":"https:\/\/bsartstudio.vn\/en\/products\/keychain-lady-gao\/","url":"https:\/\/bsartstudio.vn\/en\/products\/keychain-lady-gao\/","name":"M\u00f3c kh\u00f3a N\u00c0NG G\u1ea0O - H\u00e3y t\u1ef1 h\u00e0o v\u1edbi v\u0103n h\u00f3a v\u00e0 b\u1ea3n s\u1eafc c\u1ee7a b\u1ea1n - Qu\u00e0 l\u01b0u ni\u1ec7m Vi\u1ec7t Nam \u0111\u1ed9c \u0111\u00e1o - B\/S Art Studio","isPartOf":{"@id":"https:\/\/bsartstudio.vn\/ja\/#website"},"primaryImageOfPage":{"@id":"https:\/\/bsartstudio.vn\/en\/products\/keychain-lady-gao\/#primaryimage"},"image":{"@id":"https:\/\/bsartstudio.vn\/en\/products\/keychain-lady-gao\/#primaryimage"},"thumbnailUrl":"https:\/\/bsartstudio.vn\/wp-content\/uploads\/2023\/10\/Moc-Nang-Gao-3.jpg","datePublished":"2023-10-20T06:57:40+00:00","dateModified":"2026-04-03T07:28:47+00:00","description":"H\u00e0ng l\u01b0u ni\u1ec7m Vi\u1ec7t Nam. M\u00f3c kh\u00f3a N\u00c0NG G\u1ea0O b\u01b0\u1edbc ra t\u1eeb H\u1ea1t L\u00faa - H\u00e3y t\u1ef1 h\u00e0o v\u1edbi v\u0103n h\u00f3a v\u00e0 b\u1ea3n s\u1eafc c\u1ee7a b\u1ea1n","breadcrumb":{"@id":"https:\/\/bsartstudio.vn\/en\/products\/keychain-lady-gao\/#breadcrumb"},"inLanguage":"vi-VN","potentialAction":[{"@type":"ReadAction","target":["https:\/\/bsartstudio.vn\/en\/products\/keychain-lady-gao\/"]}]},{"@type":"ImageObject","inLanguage":"vi-VN","@id":"https:\/\/bsartstudio.vn\/en\/products\/keychain-lady-gao\/#primaryimage","url":"https:\/\/bsartstudio.vn\/wp-content\/uploads\/2023\/10\/Moc-Nang-Gao-3.jpg","contentUrl":"https:\/\/bsartstudio.vn\/wp-content\/uploads\/2023\/10\/Moc-Nang-Gao-3.jpg","width":1920,"height":1920,"caption":"\"LADY G\u1ea0O - Be Proud of your culture and Identity\" Keychain"},{"@type":"BreadcrumbList","@id":"https:\/\/bsartstudio.vn\/en\/products\/keychain-lady-gao\/#breadcrumb","itemListElement":[{"@type":"ListItem","position":1,"name":"Home","item":"https:\/\/bsartstudio.vn\/en\/"},{"@type":"ListItem","position":2,"name":"Shop","item":"https:\/\/bsartstudio.vn\/en\/shop\/"},{"@type":"ListItem","position":3,"name":"M\u00f3c kh\u00f3a N\u00c0NG G\u1ea0O &#8211; H\u00e3y t\u1ef1 h\u00e0o v\u1edbi v\u0103n h\u00f3a v\u00e0 b\u1ea3n s\u1eafc c\u1ee7a b\u1ea1n"}]},{"@type":"WebSite","@id":"https:\/\/bsartstudio.vn\/ja\/#website","url":"https:\/\/bsartstudio.vn\/ja\/","name":"B\/S Art Studio","description":"","publisher":{"@id":"https:\/\/bsartstudio.vn\/ja\/#organization"},"potentialAction":[{"@type":"SearchAction","target":{"@type":"EntryPoint","urlTemplate":"https:\/\/bsartstudio.vn\/ja\/?s={search_term_string}"},"query-input":{"@type":"PropertyValueSpecification","valueRequired":true,"valueName":"search_term_string"}}],"inLanguage":"vi-VN"},{"@type":"Organization","@id":"https:\/\/bsartstudio.vn\/ja\/#organization","name":"B\/S Art Studio","url":"https:\/\/bsartstudio.vn\/ja\/","logo":{"@type":"ImageObject","inLanguage":"vi-VN","@id":"https:\/\/bsartstudio.vn\/ja\/#\/schema\/logo\/image\/","url":"https:\/\/bsartstudio.vn\/wp-content\/uploads\/2020\/03\/54526018_2272576089468053_1525084505319145472_n.jpg","contentUrl":"https:\/\/bsartstudio.vn\/wp-content\/uploads\/2020\/03\/54526018_2272576089468053_1525084505319145472_n.jpg","width":958,"height":958,"caption":"B\/S Art Studio"},"image":{"@id":"https:\/\/bsartstudio.vn\/ja\/#\/schema\/logo\/image\/"}}]}},"_links":{"self":[{"href":"https:\/\/bsartstudio.vn\/vi\/wp-json\/wp\/v2\/product\/6293"}],"collection":[{"href":"https:\/\/bsartstudio.vn\/vi\/wp-json\/wp\/v2\/product"}],"about":[{"href":"https:\/\/bsartstudio.vn\/vi\/wp-json\/wp\/v2\/types\/product"}],"wp:featuredmedia":[{"embeddable":true,"href":"https:\/\/bsartstudio.vn\/vi\/wp-json\/wp\/v2\/media\/6302"}],"wp:attachment":[{"href":"https:\/\/bsartstudio.vn\/vi\/wp-json\/wp\/v2\/media?parent=6293"}],"wp:term":[{"taxonomy":"product_cat","embeddable":true,"href":"https:\/\/bsartstudio.vn\/vi\/wp-json\/wp\/v2\/product_cat?post=6293"},{"taxonomy":"product_tag","embeddable":true,"href":"https:\/\/bsartstudio.vn\/vi\/wp-json\/wp\/v2\/product_tag?post=6293"}],"curies":[{"name":"wp","href":"https:\/\/api.w.org\/{rel}","templated":true}]}}