{"id":6288,"date":"2023-10-13T17:39:36","date_gmt":"2023-10-13T10:39:36","guid":{"rendered":"https:\/\/bsartstudio.vn\/?post_type=product&#038;p=6288"},"modified":"2023-10-13T18:03:12","modified_gmt":"2023-10-13T11:03:12","slug":"moc-khoa-hope-mam-xanh-hy-vong","status":"publish","type":"product","link":"https:\/\/bsartstudio.vn\/vi\/products\/moc-khoa-hope-mam-xanh-hy-vong\/","title":{"rendered":"M\u00f3c kh\u00f3a &#8220;HOPE &#8211; M\u1ea6M XANH HY V\u1eccNG&#8221;"},"content":{"rendered":"<p>M\u00f3c kh\u00f3a &#8220;HOPE &#8211; M\u1ea6M XANH HY V\u1eccNG&#8221;<\/p>\n<p>Ch\u1ea5t li\u1ec7u: Mica<br \/>\nK\u00edch th\u01b0\u1edbc: 5cm x 6cm\u00a0<\/p>\n","protected":false},"excerpt":{"rendered":"<div class=\"et_pb_module et_pb_wc_description et_pb_wc_description_0_tb_body et_pb_bg_layout_light et_pb_text_align_left\">\n<div class=\"et_pb_module_inner\">\n<div class=\"lRu31\"><span class=\"HwtZe\" lang=\"en\"><span class=\"jCAhz ChMk0b\"><span class=\"ryNqvb\">V\u00ec m\u1ed9t Tr\u00e1i \u0110\u1ea5t Xanh \ud83c\udf33\ud83c\udf40<\/span><\/span><\/span><\/div>\n<div class=\"lRu31\"><span class=\"HwtZe\" lang=\"en\"><span class=\"x193iq5w xeuugli x13faqbe x1vvkbs x1xmvt09 x1lliihq x1s928wv xhkezso x1gmr53x x1cpjm7i x1fgarty x1943h6x xudqn12 x3x7a5m x6prxxf xvq8zen xo1l8bm xzsf02u x1yc453h\" dir=\"auto\">B\u00e9 \u201cC\u1ecdp \u2013 Hope\u201d \u2013 linh v\u1eadt \u0111\u1ea1i di\u1ec7n cho n\u0103m D\u1ea7n 2022 c\u1ee7a <a class=\"x1i10hfl xjbqb8w x6umtig x1b1mbwd xaqea5y xav7gou x9f619 x1ypdohk xt0psk2 xe8uvvx xdj266r x11i5rnm xat24cr x1mh8g0r xexx8yu x4uap5 x18d9i69 xkhd6sd x16tdsg8 x1hl2dhg xggy1nq x1a2a7pz xt0b8zv x1qq9wsj xo1l8bm\" tabindex=\"0\" role=\"link\" href=\"https:\/\/www.facebook.com\/BSArtStudioCreation?__cft__[0]=AZViobdd1_oUkMTkdLNN2Kq1YG620LVu0IpTTyDFMLxQIFa2S7z0hXuwm6NzA_wc0YLsJj7t4y1l40DbA97AZNCXF51QBuTVxoBiYoQBNmxl9U7BIdnWaFatHr5vVvRbD_NLKaWAw4z8xI_RAHw9PK6pQ2UPiiBhEyTi6YfhQtKl_9ZMZZm89GAs10DZN266fyc&amp;__tn__=-]K-R\"><span class=\"xt0psk2\">B\/S Art Studio<\/span><\/a> v\u1edbi s\u1ee9 m\u1ec7nh \u201cT\u1eeb m\u1ed9t m\u1ea7m c\u00e2y xanh nh\u1ecf b\u00e9, Hope hy v\u1ecdng c\u00f3 th\u1ec3 ph\u1ee7 xanh l\u1ea1i c\u00e1c c\u00e1nh r\u1eebng \u0111\u00e3 ch\u00e1y r\u1ee5i do t\u00e1c \u0111\u1ed9ng c\u1ee7a con ng\u01b0\u1eddi, \u0111\u1ec3 mong t\u00ecm l\u1ea1i \u0111\u01b0\u1ee3c ba m\u1eb9 th\u00e2n y\u00eau\u201d.<\/span><br \/>\n<\/span><\/div>\n<div class=\"UdTY9 WdefRb\" aria-hidden=\"true\" data-location=\"2\">\n<div class=\"kO6q6e\">\u2728 H<span class=\"x193iq5w xeuugli x13faqbe x1vvkbs x1xmvt09 x1lliihq x1s928wv xhkezso x1gmr53x x1cpjm7i x1fgarty x1943h6x xudqn12 x3x7a5m x6prxxf xvq8zen xo1l8bm xzsf02u x1yc453h\" dir=\"auto\">\u00ecnh \u1ea3nh b\u00e9 Hope mang th\u00f4ng \u0111i\u1ec7p \u201cS\u1ed1ng chan h\u00f2a v\u1edbi thi\u00ean nhi\u00ean, gi\u1eef g\u00ecn cho h\u00e0nh tinh m\u00e3i xanh\u201d s\u1ebd truy\u1ec1n th\u00eam nh\u1eefng \u0111i\u1ec1u t\u00edch c\u1ef1c, c\u00f9ng b\u1ea1n \u0111\u00f3n ch\u00e0o ng\u00e0y m\u1edbi th\u1eadt vui v\u00e0 \u00fd ngh\u0129a.<\/span><\/div>\n<\/div>\n<\/div>\n<\/div>\n","protected":false},"featured_media":7674,"template":"","meta":{"_et_pb_use_builder":"","_et_pb_old_content":"","_et_gb_content_width":""},"product_cat":[192,72,70],"product_tag":[433,156,297,395,453,155],"yoast_head":"<!-- This site is optimized with the Yoast SEO plugin v24.5 - https:\/\/yoast.com\/wordpress\/plugins\/seo\/ -->\n<title>M\u00f3c kh\u00f3a &quot;HOPE - M\u1ea6M XANH HY V\u1eccNG&quot; - B\/S Art Studio<\/title>\n<meta name=\"robots\" content=\"index, follow, max-snippet:-1, max-image-preview:large, max-video-preview:-1\" \/>\n<link rel=\"canonical\" href=\"https:\/\/bsartstudio.vn\/vi\/products\/moc-khoa-hope-mam-xanh-hy-vong\/\" \/>\n<meta property=\"og:locale\" content=\"vi_VN\" \/>\n<meta property=\"og:type\" content=\"article\" \/>\n<meta property=\"og:title\" content=\"M\u00f3c kh\u00f3a &quot;HOPE - M\u1ea6M XANH HY V\u1eccNG&quot; - B\/S Art Studio\" \/>\n<meta property=\"og:description\" content=\"V\u00ec m\u1ed9t Tr\u00e1i \u0110\u1ea5t Xanh \ud83c\udf33\ud83c\udf40 B\u00e9 \u201cC\u1ecdp \u2013 Hope\u201d \u2013 linh v\u1eadt \u0111\u1ea1i di\u1ec7n cho n\u0103m D\u1ea7n 2022 c\u1ee7a B\/S Art Studio v\u1edbi s\u1ee9 m\u1ec7nh \u201cT\u1eeb m\u1ed9t m\u1ea7m c\u00e2y xanh nh\u1ecf b\u00e9, Hope hy v\u1ecdng c\u00f3 th\u1ec3 ph\u1ee7 xanh l\u1ea1i c\u00e1c c\u00e1nh r\u1eebng \u0111\u00e3 ch\u00e1y r\u1ee5i do t\u00e1c \u0111\u1ed9ng c\u1ee7a con ng\u01b0\u1eddi, \u0111\u1ec3 mong t\u00ecm l\u1ea1i \u0111\u01b0\u1ee3c ba m\u1eb9 th\u00e2n y\u00eau\u201d.   \u2728 H\u00ecnh \u1ea3nh b\u00e9 Hope mang th\u00f4ng \u0111i\u1ec7p \u201cS\u1ed1ng chan h\u00f2a v\u1edbi thi\u00ean nhi\u00ean, gi\u1eef g\u00ecn cho h\u00e0nh tinh m\u00e3i xanh\u201d s\u1ebd truy\u1ec1n th\u00eam nh\u1eefng \u0111i\u1ec1u t\u00edch c\u1ef1c, c\u00f9ng b\u1ea1n \u0111\u00f3n ch\u00e0o ng\u00e0y m\u1edbi th\u1eadt vui v\u00e0 \u00fd ngh\u0129a.\" \/>\n<meta property=\"og:url\" content=\"https:\/\/bsartstudio.vn\/vi\/products\/moc-khoa-hope-mam-xanh-hy-vong\/\" \/>\n<meta property=\"og:site_name\" content=\"B\/S Art Studio\" \/>\n<meta property=\"article:modified_time\" content=\"2023-10-13T11:03:12+00:00\" \/>\n<meta property=\"og:image\" content=\"https:\/\/bsartstudio.vn\/wp-content\/uploads\/2020\/05\/Moc-khoa-Hope-1.jpg\" \/>\n\t<meta property=\"og:image:width\" content=\"1920\" \/>\n\t<meta property=\"og:image:height\" content=\"1920\" \/>\n\t<meta property=\"og:image:type\" content=\"image\/jpeg\" \/>\n<meta name=\"twitter:card\" content=\"summary_large_image\" \/>\n<script type=\"application\/ld+json\" class=\"yoast-schema-graph\">{\"@context\":\"https:\/\/schema.org\",\"@graph\":[{\"@type\":\"WebPage\",\"@id\":\"https:\/\/bsartstudio.vn\/vi\/products\/moc-khoa-hope-mam-xanh-hy-vong\/\",\"url\":\"https:\/\/bsartstudio.vn\/vi\/products\/moc-khoa-hope-mam-xanh-hy-vong\/\",\"name\":\"M\u00f3c kh\u00f3a \\\"HOPE - M\u1ea6M XANH HY V\u1eccNG\\\" - B\/S Art Studio\",\"isPartOf\":{\"@id\":\"https:\/\/bsartstudio.vn\/ja\/#website\"},\"primaryImageOfPage\":{\"@id\":\"https:\/\/bsartstudio.vn\/vi\/products\/moc-khoa-hope-mam-xanh-hy-vong\/#primaryimage\"},\"image\":{\"@id\":\"https:\/\/bsartstudio.vn\/vi\/products\/moc-khoa-hope-mam-xanh-hy-vong\/#primaryimage\"},\"thumbnailUrl\":\"https:\/\/bsartstudio.vn\/wp-content\/uploads\/2023\/10\/Moc-khoa-Hope-8.jpg\",\"datePublished\":\"2023-10-13T10:39:36+00:00\",\"dateModified\":\"2023-10-13T11:03:12+00:00\",\"breadcrumb\":{\"@id\":\"https:\/\/bsartstudio.vn\/vi\/products\/moc-khoa-hope-mam-xanh-hy-vong\/#breadcrumb\"},\"inLanguage\":\"vi-VN\",\"potentialAction\":[{\"@type\":\"ReadAction\",\"target\":[\"https:\/\/bsartstudio.vn\/vi\/products\/moc-khoa-hope-mam-xanh-hy-vong\/\"]}]},{\"@type\":\"ImageObject\",\"inLanguage\":\"vi-VN\",\"@id\":\"https:\/\/bsartstudio.vn\/vi\/products\/moc-khoa-hope-mam-xanh-hy-vong\/#primaryimage\",\"url\":\"https:\/\/bsartstudio.vn\/wp-content\/uploads\/2023\/10\/Moc-khoa-Hope-8.jpg\",\"contentUrl\":\"https:\/\/bsartstudio.vn\/wp-content\/uploads\/2023\/10\/Moc-khoa-Hope-8.jpg\",\"width\":1920,\"height\":1920,\"caption\":\"HOPE Tiger Keychain\"},{\"@type\":\"BreadcrumbList\",\"@id\":\"https:\/\/bsartstudio.vn\/vi\/products\/moc-khoa-hope-mam-xanh-hy-vong\/#breadcrumb\",\"itemListElement\":[{\"@type\":\"ListItem\",\"position\":1,\"name\":\"Home\",\"item\":\"https:\/\/bsartstudio.vn\/en\/\"},{\"@type\":\"ListItem\",\"position\":2,\"name\":\"Shop\",\"item\":\"https:\/\/bsartstudio.vn\/en\/shop\/\"},{\"@type\":\"ListItem\",\"position\":3,\"name\":\"M\u00f3c kh\u00f3a &#8220;HOPE &#8211; M\u1ea6M XANH HY V\u1eccNG&#8221;\"}]},{\"@type\":\"WebSite\",\"@id\":\"https:\/\/bsartstudio.vn\/ja\/#website\",\"url\":\"https:\/\/bsartstudio.vn\/ja\/\",\"name\":\"B\/S Art Studio\",\"description\":\"\",\"publisher\":{\"@id\":\"https:\/\/bsartstudio.vn\/ja\/#organization\"},\"potentialAction\":[{\"@type\":\"SearchAction\",\"target\":{\"@type\":\"EntryPoint\",\"urlTemplate\":\"https:\/\/bsartstudio.vn\/ja\/?s={search_term_string}\"},\"query-input\":{\"@type\":\"PropertyValueSpecification\",\"valueRequired\":true,\"valueName\":\"search_term_string\"}}],\"inLanguage\":\"vi-VN\"},{\"@type\":\"Organization\",\"@id\":\"https:\/\/bsartstudio.vn\/ja\/#organization\",\"name\":\"B\/S Art Studio\",\"url\":\"https:\/\/bsartstudio.vn\/ja\/\",\"logo\":{\"@type\":\"ImageObject\",\"inLanguage\":\"vi-VN\",\"@id\":\"https:\/\/bsartstudio.vn\/ja\/#\/schema\/logo\/image\/\",\"url\":\"https:\/\/bsartstudio.vn\/wp-content\/uploads\/2020\/03\/54526018_2272576089468053_1525084505319145472_n.jpg\",\"contentUrl\":\"https:\/\/bsartstudio.vn\/wp-content\/uploads\/2020\/03\/54526018_2272576089468053_1525084505319145472_n.jpg\",\"width\":958,\"height\":958,\"caption\":\"B\/S Art Studio\"},\"image\":{\"@id\":\"https:\/\/bsartstudio.vn\/ja\/#\/schema\/logo\/image\/\"}}]}<\/script>\n<!-- \/ Yoast SEO plugin. -->","yoast_head_json":{"title":"M\u00f3c kh\u00f3a \"HOPE - M\u1ea6M XANH HY V\u1eccNG\" - B\/S Art Studio","robots":{"index":"index","follow":"follow","max-snippet":"max-snippet:-1","max-image-preview":"max-image-preview:large","max-video-preview":"max-video-preview:-1"},"canonical":"https:\/\/bsartstudio.vn\/vi\/products\/moc-khoa-hope-mam-xanh-hy-vong\/","og_locale":"vi_VN","og_type":"article","og_title":"M\u00f3c kh\u00f3a \"HOPE - M\u1ea6M XANH HY V\u1eccNG\" - B\/S Art Studio","og_description":"V\u00ec m\u1ed9t Tr\u00e1i \u0110\u1ea5t Xanh \ud83c\udf33\ud83c\udf40 B\u00e9 \u201cC\u1ecdp \u2013 Hope\u201d \u2013 linh v\u1eadt \u0111\u1ea1i di\u1ec7n cho n\u0103m D\u1ea7n 2022 c\u1ee7a B\/S Art Studio v\u1edbi s\u1ee9 m\u1ec7nh \u201cT\u1eeb m\u1ed9t m\u1ea7m c\u00e2y xanh nh\u1ecf b\u00e9, Hope hy v\u1ecdng c\u00f3 th\u1ec3 ph\u1ee7 xanh l\u1ea1i c\u00e1c c\u00e1nh r\u1eebng \u0111\u00e3 ch\u00e1y r\u1ee5i do t\u00e1c \u0111\u1ed9ng c\u1ee7a con ng\u01b0\u1eddi, \u0111\u1ec3 mong t\u00ecm l\u1ea1i \u0111\u01b0\u1ee3c ba m\u1eb9 th\u00e2n y\u00eau\u201d.   \u2728 H\u00ecnh \u1ea3nh b\u00e9 Hope mang th\u00f4ng \u0111i\u1ec7p \u201cS\u1ed1ng chan h\u00f2a v\u1edbi thi\u00ean nhi\u00ean, gi\u1eef g\u00ecn cho h\u00e0nh tinh m\u00e3i xanh\u201d s\u1ebd truy\u1ec1n th\u00eam nh\u1eefng \u0111i\u1ec1u t\u00edch c\u1ef1c, c\u00f9ng b\u1ea1n \u0111\u00f3n ch\u00e0o ng\u00e0y m\u1edbi th\u1eadt vui v\u00e0 \u00fd ngh\u0129a.","og_url":"https:\/\/bsartstudio.vn\/vi\/products\/moc-khoa-hope-mam-xanh-hy-vong\/","og_site_name":"B\/S Art Studio","article_modified_time":"2023-10-13T11:03:12+00:00","og_image":[{"width":1920,"height":1920,"url":"https:\/\/bsartstudio.vn\/wp-content\/uploads\/2020\/05\/Moc-khoa-Hope-1.jpg","type":"image\/jpeg"}],"twitter_card":"summary_large_image","schema":{"@context":"https:\/\/schema.org","@graph":[{"@type":"WebPage","@id":"https:\/\/bsartstudio.vn\/vi\/products\/moc-khoa-hope-mam-xanh-hy-vong\/","url":"https:\/\/bsartstudio.vn\/vi\/products\/moc-khoa-hope-mam-xanh-hy-vong\/","name":"M\u00f3c kh\u00f3a \"HOPE - M\u1ea6M XANH HY V\u1eccNG\" - B\/S Art Studio","isPartOf":{"@id":"https:\/\/bsartstudio.vn\/ja\/#website"},"primaryImageOfPage":{"@id":"https:\/\/bsartstudio.vn\/vi\/products\/moc-khoa-hope-mam-xanh-hy-vong\/#primaryimage"},"image":{"@id":"https:\/\/bsartstudio.vn\/vi\/products\/moc-khoa-hope-mam-xanh-hy-vong\/#primaryimage"},"thumbnailUrl":"https:\/\/bsartstudio.vn\/wp-content\/uploads\/2023\/10\/Moc-khoa-Hope-8.jpg","datePublished":"2023-10-13T10:39:36+00:00","dateModified":"2023-10-13T11:03:12+00:00","breadcrumb":{"@id":"https:\/\/bsartstudio.vn\/vi\/products\/moc-khoa-hope-mam-xanh-hy-vong\/#breadcrumb"},"inLanguage":"vi-VN","potentialAction":[{"@type":"ReadAction","target":["https:\/\/bsartstudio.vn\/vi\/products\/moc-khoa-hope-mam-xanh-hy-vong\/"]}]},{"@type":"ImageObject","inLanguage":"vi-VN","@id":"https:\/\/bsartstudio.vn\/vi\/products\/moc-khoa-hope-mam-xanh-hy-vong\/#primaryimage","url":"https:\/\/bsartstudio.vn\/wp-content\/uploads\/2023\/10\/Moc-khoa-Hope-8.jpg","contentUrl":"https:\/\/bsartstudio.vn\/wp-content\/uploads\/2023\/10\/Moc-khoa-Hope-8.jpg","width":1920,"height":1920,"caption":"HOPE Tiger Keychain"},{"@type":"BreadcrumbList","@id":"https:\/\/bsartstudio.vn\/vi\/products\/moc-khoa-hope-mam-xanh-hy-vong\/#breadcrumb","itemListElement":[{"@type":"ListItem","position":1,"name":"Home","item":"https:\/\/bsartstudio.vn\/en\/"},{"@type":"ListItem","position":2,"name":"Shop","item":"https:\/\/bsartstudio.vn\/en\/shop\/"},{"@type":"ListItem","position":3,"name":"M\u00f3c kh\u00f3a &#8220;HOPE &#8211; M\u1ea6M XANH HY V\u1eccNG&#8221;"}]},{"@type":"WebSite","@id":"https:\/\/bsartstudio.vn\/ja\/#website","url":"https:\/\/bsartstudio.vn\/ja\/","name":"B\/S Art Studio","description":"","publisher":{"@id":"https:\/\/bsartstudio.vn\/ja\/#organization"},"potentialAction":[{"@type":"SearchAction","target":{"@type":"EntryPoint","urlTemplate":"https:\/\/bsartstudio.vn\/ja\/?s={search_term_string}"},"query-input":{"@type":"PropertyValueSpecification","valueRequired":true,"valueName":"search_term_string"}}],"inLanguage":"vi-VN"},{"@type":"Organization","@id":"https:\/\/bsartstudio.vn\/ja\/#organization","name":"B\/S Art Studio","url":"https:\/\/bsartstudio.vn\/ja\/","logo":{"@type":"ImageObject","inLanguage":"vi-VN","@id":"https:\/\/bsartstudio.vn\/ja\/#\/schema\/logo\/image\/","url":"https:\/\/bsartstudio.vn\/wp-content\/uploads\/2020\/03\/54526018_2272576089468053_1525084505319145472_n.jpg","contentUrl":"https:\/\/bsartstudio.vn\/wp-content\/uploads\/2020\/03\/54526018_2272576089468053_1525084505319145472_n.jpg","width":958,"height":958,"caption":"B\/S Art Studio"},"image":{"@id":"https:\/\/bsartstudio.vn\/ja\/#\/schema\/logo\/image\/"}}]}},"_links":{"self":[{"href":"https:\/\/bsartstudio.vn\/vi\/wp-json\/wp\/v2\/product\/6288"}],"collection":[{"href":"https:\/\/bsartstudio.vn\/vi\/wp-json\/wp\/v2\/product"}],"about":[{"href":"https:\/\/bsartstudio.vn\/vi\/wp-json\/wp\/v2\/types\/product"}],"wp:featuredmedia":[{"embeddable":true,"href":"https:\/\/bsartstudio.vn\/vi\/wp-json\/wp\/v2\/media\/7674"}],"wp:attachment":[{"href":"https:\/\/bsartstudio.vn\/vi\/wp-json\/wp\/v2\/media?parent=6288"}],"wp:term":[{"taxonomy":"product_cat","embeddable":true,"href":"https:\/\/bsartstudio.vn\/vi\/wp-json\/wp\/v2\/product_cat?post=6288"},{"taxonomy":"product_tag","embeddable":true,"href":"https:\/\/bsartstudio.vn\/vi\/wp-json\/wp\/v2\/product_tag?post=6288"}],"curies":[{"name":"wp","href":"https:\/\/api.w.org\/{rel}","templated":true}]}}