{"id":6252,"date":"2023-10-04T18:24:48","date_gmt":"2023-10-04T11:24:48","guid":{"rendered":"https:\/\/bsartstudio.vn\/products\/nang-trang-va-ba-hat-lua-than\/"},"modified":"2026-04-03T14:56:51","modified_gmt":"2026-04-03T07:56:51","slug":"nang-trang-va-ba-hat-lua-than","status":"publish","type":"product","link":"https:\/\/bsartstudio.vn\/vi\/products\/nang-trang-va-ba-hat-lua-than\/","title":{"rendered":"N\u00e0ng Tr\u0103ng v\u00e0 Ba H\u1ea1t L\u00faa Th\u1ea7n &#8211; S\u00e1ch truy\u1ec7n c\u1ed5 t\u00edch Vi\u1ec7t Nam Song ng\u1eef Anh &#8211; Vi\u1ec7t"},"content":{"rendered":"<h2><span style=\"color: #0000ff; font-size: 14pt;\"><strong>S\u00e1ch truy\u1ec7n c\u1ed5 t\u00edch N\u00c0NG TR\u0102NG v\u00e0 BA H\u1ea0T L\u00daA TH\u1ea6N <\/strong><\/span><\/h2>\n<p>C\u00e2u chuy\u1ec7n l\u00e0 h\u00e0nh tr\u00ecnh c\u1ee7a N\u00e0ng G\u1ea1o kh\u00e1m ph\u00e1 nh\u1eefng \u0111i\u1ec1u b\u00ed \u1ea9n trong \u201cBa H\u1ea1t L\u00faa Th\u1ea7n\u201d \u0111\u1ec3 v\u01b0\u1ee3t qua nh\u1eefng sai l\u1ea7m, t\u00ecm ki\u1ebfm tri th\u1ee9c th\u00f4ng qua h\u00ecnh t\u01b0\u1ee3ng \u201c\u00c1nh Tr\u0103ng Khuy\u1ebft\u201d. T\u1eeb \u0111\u00f3, n\u00e0ng \u0111\u00e3 gi\u00fap d\u00e2n l\u00e0ng t\u00ecm l\u1ea1i \u0111\u01b0\u1ee3c t\u1ef1 t\u00f4n, tho\u00e1t kh\u1ecfi s\u1ef1 th\u1ed1ng tr\u1ecb c\u1ee7a l\u00e3o M\u00e8o v\u00e0 mang l\u1ea1i cu\u1ed9c s\u1ed1ng \u1ea5m no, h\u1ea1nh ph\u00fac kh\u00f4ng ch\u1ec9 cho d\u00e2n l\u00e0ng Chu\u1ed9t m\u00e0 c\u1ea3 nh\u1eefng v\u00f9ng \u0111\u1ea5t kh\u00e1c.<\/p>\n<p>H\u00ecnh \u1ea3nh \u201cBa H\u1ea1t L\u00faa Th\u1ea7n\u201d \u0111\u1ea1i di\u1ec7n cho \u201cl\u00f2ng hi\u1ebfu th\u1ea3o, s\u1ef1 d\u0169ng c\u1ea3m v\u00e0 t\u1ea5m l\u00f2ng nh\u00e2n \u00e1i\u201d c\u0169ng ch\u00ednh l\u00e0 nh\u1eefng \u0111\u1ee9c t\u00ednh gi\u00fap cho m\u1ed7i con ng\u01b0\u1eddi c\u00f3 th\u1ec3 ki\u00ean c\u01b0\u1eddng, v\u01b0\u1ee3t qua \u0111\u01b0\u1ee3c nh\u1eefng tr\u1edf ng\u1ea1i, kh\u00f3 kh\u0103n v\u00e0 t\u00ecm ki\u1ebfm \u0111\u00fang gi\u00e1 tr\u1ecb trong cu\u1ed9c s\u1ed1ng.<\/p>\n<p>\u0110\u00e2y c\u0169ng l\u00e0 m\u1ed9t trong nh\u1eefng \u0111\u1ee9c t\u00ednh t\u1ed1t \u0111\u1eb9p \u0111\u01b0\u1ee3c truy\u1ec1n l\u1ea1i t\u1eeb x\u01b0a \u0111\u1ebfn n\u00e0y c\u1ee7a ng\u01b0\u1eddi Vi\u1ec7t Nam.<\/p>\n","protected":false},"excerpt":{"rendered":"<p><span style=\"color: #000000;\">S\u00e1ch truy\u1ec7n c\u1ed5 t\u00edch <strong>N\u00c0NG TR\u0102NG v\u00e0 BA H\u1ea0T L\u00daA TH\u1ea6N<\/strong><\/span><\/p>\n<p>&#8211; T\u00e1c gi\u1ea3: V\u00f5 Ho\u00e0ng Ph\u01b0\u01a1ng Uy\u00ean (Bam Bi)\u00a0<\/p>\n<p>&#8211; S\u1ed1 trang : 80 trang\u00a0<\/p>\n<p>&#8211; K\u00edch th\u01b0\u1edbc: 18cm x 18cm<\/p>\n<p>&#8211; Ng\u00f4n ng\u1eef xu\u1ea5t b\u1ea3n: Vi\u1ec7t + Anh\u00a0\u00a0\u00a0<\/p>\n<p>&#8211; ISBN:\u00a0 978-604-476-909-7<\/p>\n","protected":false},"featured_media":8104,"template":"","meta":{"_et_pb_use_builder":"","_et_pb_old_content":"","_et_gb_content_width":""},"product_cat":[191,194,70],"product_tag":[126,370,645,810,364,812,811],"yoast_head":"<!-- This site is optimized with the Yoast SEO plugin v24.5 - https:\/\/yoast.com\/wordpress\/plugins\/seo\/ -->\n<title>N\u00e0ng Tr\u0103ng v\u00e0 Ba H\u1ea1t L\u00faa Th\u1ea7n | S\u00e1ch truy\u1ec7n c\u1ed5 t\u00edch song ng\u1eef B\/S Art Studio<\/title>\n<meta name=\"description\" content=\"C\u00e2u chuy\u1ec7n k\u1ec3 v\u1ec1 L\u00e0ng Chu\u1ed9t v\u00e0 l\u00e3o M\u00e8o, c\u00f9ng Ba H\u1ea1t L\u00faa Th\u1ea7n\u201d \u0111\u1ea1i di\u1ec7n cho \u201cl\u00f2ng hi\u1ebfu th\u1ea3o, s\u1ef1 d\u0169ng c\u1ea3m v\u00e0 t\u1ea5m l\u00f2ng nh\u00e2n \u00e1i\u201d\" \/>\n<meta name=\"robots\" content=\"index, follow, max-snippet:-1, max-image-preview:large, max-video-preview:-1\" \/>\n<link rel=\"canonical\" href=\"https:\/\/bsartstudio.vn\/en\/products\/art-story-book-the-moon-lady-and-three-magical-paddy-grains\/\" \/>\n<meta property=\"og:locale\" content=\"vi_VN\" \/>\n<meta property=\"og:type\" content=\"article\" \/>\n<meta property=\"og:title\" content=\"N\u00e0ng Tr\u0103ng v\u00e0 Ba H\u1ea1t L\u00faa Th\u1ea7n | S\u00e1ch truy\u1ec7n c\u1ed5 t\u00edch song ng\u1eef B\/S Art Studio\" \/>\n<meta property=\"og:description\" content=\"C\u00e2u chuy\u1ec7n k\u1ec3 v\u1ec1 L\u00e0ng Chu\u1ed9t v\u00e0 l\u00e3o M\u00e8o, c\u00f9ng Ba H\u1ea1t L\u00faa Th\u1ea7n\u201d \u0111\u1ea1i di\u1ec7n cho \u201cl\u00f2ng hi\u1ebfu th\u1ea3o, s\u1ef1 d\u0169ng c\u1ea3m v\u00e0 t\u1ea5m l\u00f2ng nh\u00e2n \u00e1i\u201d\" \/>\n<meta property=\"og:url\" content=\"https:\/\/bsartstudio.vn\/en\/products\/art-story-book-the-moon-lady-and-three-magical-paddy-grains\/\" \/>\n<meta property=\"og:site_name\" content=\"B\/S Art Studio\" \/>\n<meta property=\"article:modified_time\" content=\"2026-04-03T07:56:51+00:00\" \/>\n<meta property=\"og:image\" content=\"https:\/\/bsartstudio.vn\/wp-content\/uploads\/2024\/11\/The-Moon-Lady-and-Three-Magical-Paddy-Grains.jpg\" \/>\n\t<meta property=\"og:image:width\" content=\"1920\" \/>\n\t<meta property=\"og:image:height\" content=\"1920\" \/>\n\t<meta property=\"og:image:type\" content=\"image\/jpeg\" \/>\n<meta name=\"twitter:card\" content=\"summary_large_image\" \/>\n<meta name=\"twitter:label1\" content=\"Est. reading time\" \/>\n\t<meta name=\"twitter:data1\" content=\"1 minute\" \/>\n<script type=\"application\/ld+json\" class=\"yoast-schema-graph\">{\"@context\":\"https:\/\/schema.org\",\"@graph\":[{\"@type\":\"WebPage\",\"@id\":\"https:\/\/bsartstudio.vn\/en\/products\/art-story-book-the-moon-lady-and-three-magical-paddy-grains\/\",\"url\":\"https:\/\/bsartstudio.vn\/en\/products\/art-story-book-the-moon-lady-and-three-magical-paddy-grains\/\",\"name\":\"N\u00e0ng Tr\u0103ng v\u00e0 Ba H\u1ea1t L\u00faa Th\u1ea7n | S\u00e1ch truy\u1ec7n c\u1ed5 t\u00edch song ng\u1eef B\/S Art Studio\",\"isPartOf\":{\"@id\":\"https:\/\/bsartstudio.vn\/ja\/#website\"},\"primaryImageOfPage\":{\"@id\":\"https:\/\/bsartstudio.vn\/en\/products\/art-story-book-the-moon-lady-and-three-magical-paddy-grains\/#primaryimage\"},\"image\":{\"@id\":\"https:\/\/bsartstudio.vn\/en\/products\/art-story-book-the-moon-lady-and-three-magical-paddy-grains\/#primaryimage\"},\"thumbnailUrl\":\"https:\/\/bsartstudio.vn\/wp-content\/uploads\/2024\/11\/The-Moon-Lady-and-Three-Magical-Paddy-Grains.jpg\",\"datePublished\":\"2023-10-04T11:24:48+00:00\",\"dateModified\":\"2026-04-03T07:56:51+00:00\",\"description\":\"C\u00e2u chuy\u1ec7n k\u1ec3 v\u1ec1 L\u00e0ng Chu\u1ed9t v\u00e0 l\u00e3o M\u00e8o, c\u00f9ng Ba H\u1ea1t L\u00faa Th\u1ea7n\u201d \u0111\u1ea1i di\u1ec7n cho \u201cl\u00f2ng hi\u1ebfu th\u1ea3o, s\u1ef1 d\u0169ng c\u1ea3m v\u00e0 t\u1ea5m l\u00f2ng nh\u00e2n \u00e1i\u201d\",\"breadcrumb\":{\"@id\":\"https:\/\/bsartstudio.vn\/en\/products\/art-story-book-the-moon-lady-and-three-magical-paddy-grains\/#breadcrumb\"},\"inLanguage\":\"vi-VN\",\"potentialAction\":[{\"@type\":\"ReadAction\",\"target\":[\"https:\/\/bsartstudio.vn\/en\/products\/art-story-book-the-moon-lady-and-three-magical-paddy-grains\/\"]}]},{\"@type\":\"ImageObject\",\"inLanguage\":\"vi-VN\",\"@id\":\"https:\/\/bsartstudio.vn\/en\/products\/art-story-book-the-moon-lady-and-three-magical-paddy-grains\/#primaryimage\",\"url\":\"https:\/\/bsartstudio.vn\/wp-content\/uploads\/2024\/11\/The-Moon-Lady-and-Three-Magical-Paddy-Grains.jpg\",\"contentUrl\":\"https:\/\/bsartstudio.vn\/wp-content\/uploads\/2024\/11\/The-Moon-Lady-and-Three-Magical-Paddy-Grains.jpg\",\"width\":1920,\"height\":1920,\"caption\":\"The Moon Lady and Three Magical Paddy Grains\"},{\"@type\":\"BreadcrumbList\",\"@id\":\"https:\/\/bsartstudio.vn\/en\/products\/art-story-book-the-moon-lady-and-three-magical-paddy-grains\/#breadcrumb\",\"itemListElement\":[{\"@type\":\"ListItem\",\"position\":1,\"name\":\"Home\",\"item\":\"https:\/\/bsartstudio.vn\/en\/\"},{\"@type\":\"ListItem\",\"position\":2,\"name\":\"Shop\",\"item\":\"https:\/\/bsartstudio.vn\/en\/shop\/\"},{\"@type\":\"ListItem\",\"position\":3,\"name\":\"N\u00e0ng Tr\u0103ng v\u00e0 Ba H\u1ea1t L\u00faa Th\u1ea7n &#8211; S\u00e1ch truy\u1ec7n c\u1ed5 t\u00edch Vi\u1ec7t Nam Song ng\u1eef Anh &#8211; Vi\u1ec7t\"}]},{\"@type\":\"WebSite\",\"@id\":\"https:\/\/bsartstudio.vn\/ja\/#website\",\"url\":\"https:\/\/bsartstudio.vn\/ja\/\",\"name\":\"B\/S Art Studio\",\"description\":\"\",\"publisher\":{\"@id\":\"https:\/\/bsartstudio.vn\/ja\/#organization\"},\"potentialAction\":[{\"@type\":\"SearchAction\",\"target\":{\"@type\":\"EntryPoint\",\"urlTemplate\":\"https:\/\/bsartstudio.vn\/ja\/?s={search_term_string}\"},\"query-input\":{\"@type\":\"PropertyValueSpecification\",\"valueRequired\":true,\"valueName\":\"search_term_string\"}}],\"inLanguage\":\"vi-VN\"},{\"@type\":\"Organization\",\"@id\":\"https:\/\/bsartstudio.vn\/ja\/#organization\",\"name\":\"B\/S Art Studio\",\"url\":\"https:\/\/bsartstudio.vn\/ja\/\",\"logo\":{\"@type\":\"ImageObject\",\"inLanguage\":\"vi-VN\",\"@id\":\"https:\/\/bsartstudio.vn\/ja\/#\/schema\/logo\/image\/\",\"url\":\"https:\/\/bsartstudio.vn\/wp-content\/uploads\/2020\/03\/54526018_2272576089468053_1525084505319145472_n.jpg\",\"contentUrl\":\"https:\/\/bsartstudio.vn\/wp-content\/uploads\/2020\/03\/54526018_2272576089468053_1525084505319145472_n.jpg\",\"width\":958,\"height\":958,\"caption\":\"B\/S Art Studio\"},\"image\":{\"@id\":\"https:\/\/bsartstudio.vn\/ja\/#\/schema\/logo\/image\/\"}}]}<\/script>\n<!-- \/ Yoast SEO plugin. -->","yoast_head_json":{"title":"N\u00e0ng Tr\u0103ng v\u00e0 Ba H\u1ea1t L\u00faa Th\u1ea7n | S\u00e1ch truy\u1ec7n c\u1ed5 t\u00edch song ng\u1eef B\/S Art Studio","description":"C\u00e2u chuy\u1ec7n k\u1ec3 v\u1ec1 L\u00e0ng Chu\u1ed9t v\u00e0 l\u00e3o M\u00e8o, c\u00f9ng Ba H\u1ea1t L\u00faa Th\u1ea7n\u201d \u0111\u1ea1i di\u1ec7n cho \u201cl\u00f2ng hi\u1ebfu th\u1ea3o, s\u1ef1 d\u0169ng c\u1ea3m v\u00e0 t\u1ea5m l\u00f2ng nh\u00e2n \u00e1i\u201d","robots":{"index":"index","follow":"follow","max-snippet":"max-snippet:-1","max-image-preview":"max-image-preview:large","max-video-preview":"max-video-preview:-1"},"canonical":"https:\/\/bsartstudio.vn\/en\/products\/art-story-book-the-moon-lady-and-three-magical-paddy-grains\/","og_locale":"vi_VN","og_type":"article","og_title":"N\u00e0ng Tr\u0103ng v\u00e0 Ba H\u1ea1t L\u00faa Th\u1ea7n | S\u00e1ch truy\u1ec7n c\u1ed5 t\u00edch song ng\u1eef B\/S Art Studio","og_description":"C\u00e2u chuy\u1ec7n k\u1ec3 v\u1ec1 L\u00e0ng Chu\u1ed9t v\u00e0 l\u00e3o M\u00e8o, c\u00f9ng Ba H\u1ea1t L\u00faa Th\u1ea7n\u201d \u0111\u1ea1i di\u1ec7n cho \u201cl\u00f2ng hi\u1ebfu th\u1ea3o, s\u1ef1 d\u0169ng c\u1ea3m v\u00e0 t\u1ea5m l\u00f2ng nh\u00e2n \u00e1i\u201d","og_url":"https:\/\/bsartstudio.vn\/en\/products\/art-story-book-the-moon-lady-and-three-magical-paddy-grains\/","og_site_name":"B\/S Art Studio","article_modified_time":"2026-04-03T07:56:51+00:00","og_image":[{"width":1920,"height":1920,"url":"https:\/\/bsartstudio.vn\/wp-content\/uploads\/2024\/11\/The-Moon-Lady-and-Three-Magical-Paddy-Grains.jpg","type":"image\/jpeg"}],"twitter_card":"summary_large_image","twitter_misc":{"Est. reading time":"1 minute"},"schema":{"@context":"https:\/\/schema.org","@graph":[{"@type":"WebPage","@id":"https:\/\/bsartstudio.vn\/en\/products\/art-story-book-the-moon-lady-and-three-magical-paddy-grains\/","url":"https:\/\/bsartstudio.vn\/en\/products\/art-story-book-the-moon-lady-and-three-magical-paddy-grains\/","name":"N\u00e0ng Tr\u0103ng v\u00e0 Ba H\u1ea1t L\u00faa Th\u1ea7n | S\u00e1ch truy\u1ec7n c\u1ed5 t\u00edch song ng\u1eef B\/S Art Studio","isPartOf":{"@id":"https:\/\/bsartstudio.vn\/ja\/#website"},"primaryImageOfPage":{"@id":"https:\/\/bsartstudio.vn\/en\/products\/art-story-book-the-moon-lady-and-three-magical-paddy-grains\/#primaryimage"},"image":{"@id":"https:\/\/bsartstudio.vn\/en\/products\/art-story-book-the-moon-lady-and-three-magical-paddy-grains\/#primaryimage"},"thumbnailUrl":"https:\/\/bsartstudio.vn\/wp-content\/uploads\/2024\/11\/The-Moon-Lady-and-Three-Magical-Paddy-Grains.jpg","datePublished":"2023-10-04T11:24:48+00:00","dateModified":"2026-04-03T07:56:51+00:00","description":"C\u00e2u chuy\u1ec7n k\u1ec3 v\u1ec1 L\u00e0ng Chu\u1ed9t v\u00e0 l\u00e3o M\u00e8o, c\u00f9ng Ba H\u1ea1t L\u00faa Th\u1ea7n\u201d \u0111\u1ea1i di\u1ec7n cho \u201cl\u00f2ng hi\u1ebfu th\u1ea3o, s\u1ef1 d\u0169ng c\u1ea3m v\u00e0 t\u1ea5m l\u00f2ng nh\u00e2n \u00e1i\u201d","breadcrumb":{"@id":"https:\/\/bsartstudio.vn\/en\/products\/art-story-book-the-moon-lady-and-three-magical-paddy-grains\/#breadcrumb"},"inLanguage":"vi-VN","potentialAction":[{"@type":"ReadAction","target":["https:\/\/bsartstudio.vn\/en\/products\/art-story-book-the-moon-lady-and-three-magical-paddy-grains\/"]}]},{"@type":"ImageObject","inLanguage":"vi-VN","@id":"https:\/\/bsartstudio.vn\/en\/products\/art-story-book-the-moon-lady-and-three-magical-paddy-grains\/#primaryimage","url":"https:\/\/bsartstudio.vn\/wp-content\/uploads\/2024\/11\/The-Moon-Lady-and-Three-Magical-Paddy-Grains.jpg","contentUrl":"https:\/\/bsartstudio.vn\/wp-content\/uploads\/2024\/11\/The-Moon-Lady-and-Three-Magical-Paddy-Grains.jpg","width":1920,"height":1920,"caption":"The Moon Lady and Three Magical Paddy Grains"},{"@type":"BreadcrumbList","@id":"https:\/\/bsartstudio.vn\/en\/products\/art-story-book-the-moon-lady-and-three-magical-paddy-grains\/#breadcrumb","itemListElement":[{"@type":"ListItem","position":1,"name":"Home","item":"https:\/\/bsartstudio.vn\/en\/"},{"@type":"ListItem","position":2,"name":"Shop","item":"https:\/\/bsartstudio.vn\/en\/shop\/"},{"@type":"ListItem","position":3,"name":"N\u00e0ng Tr\u0103ng v\u00e0 Ba H\u1ea1t L\u00faa Th\u1ea7n &#8211; S\u00e1ch truy\u1ec7n c\u1ed5 t\u00edch Vi\u1ec7t Nam Song ng\u1eef Anh &#8211; Vi\u1ec7t"}]},{"@type":"WebSite","@id":"https:\/\/bsartstudio.vn\/ja\/#website","url":"https:\/\/bsartstudio.vn\/ja\/","name":"B\/S Art Studio","description":"","publisher":{"@id":"https:\/\/bsartstudio.vn\/ja\/#organization"},"potentialAction":[{"@type":"SearchAction","target":{"@type":"EntryPoint","urlTemplate":"https:\/\/bsartstudio.vn\/ja\/?s={search_term_string}"},"query-input":{"@type":"PropertyValueSpecification","valueRequired":true,"valueName":"search_term_string"}}],"inLanguage":"vi-VN"},{"@type":"Organization","@id":"https:\/\/bsartstudio.vn\/ja\/#organization","name":"B\/S Art Studio","url":"https:\/\/bsartstudio.vn\/ja\/","logo":{"@type":"ImageObject","inLanguage":"vi-VN","@id":"https:\/\/bsartstudio.vn\/ja\/#\/schema\/logo\/image\/","url":"https:\/\/bsartstudio.vn\/wp-content\/uploads\/2020\/03\/54526018_2272576089468053_1525084505319145472_n.jpg","contentUrl":"https:\/\/bsartstudio.vn\/wp-content\/uploads\/2020\/03\/54526018_2272576089468053_1525084505319145472_n.jpg","width":958,"height":958,"caption":"B\/S Art Studio"},"image":{"@id":"https:\/\/bsartstudio.vn\/ja\/#\/schema\/logo\/image\/"}}]}},"_links":{"self":[{"href":"https:\/\/bsartstudio.vn\/vi\/wp-json\/wp\/v2\/product\/6252"}],"collection":[{"href":"https:\/\/bsartstudio.vn\/vi\/wp-json\/wp\/v2\/product"}],"about":[{"href":"https:\/\/bsartstudio.vn\/vi\/wp-json\/wp\/v2\/types\/product"}],"wp:featuredmedia":[{"embeddable":true,"href":"https:\/\/bsartstudio.vn\/vi\/wp-json\/wp\/v2\/media\/8104"}],"wp:attachment":[{"href":"https:\/\/bsartstudio.vn\/vi\/wp-json\/wp\/v2\/media?parent=6252"}],"wp:term":[{"taxonomy":"product_cat","embeddable":true,"href":"https:\/\/bsartstudio.vn\/vi\/wp-json\/wp\/v2\/product_cat?post=6252"},{"taxonomy":"product_tag","embeddable":true,"href":"https:\/\/bsartstudio.vn\/vi\/wp-json\/wp\/v2\/product_tag?post=6252"}],"curies":[{"name":"wp","href":"https:\/\/api.w.org\/{rel}","templated":true}]}}