{"id":6106,"date":"2023-09-05T12:18:09","date_gmt":"2023-09-05T05:18:09","guid":{"rendered":"https:\/\/bsartstudio.vn\/products\/san-pham-moi-ao-thun-pig-moon-hay-theo-duoi-giac-mo-cu-ban\/"},"modified":"2024-04-06T16:09:06","modified_gmt":"2024-04-06T09:09:06","slug":"san-pham-moi-ao-thun-pig-moon-hay-theo-duoi-giac-mo-cu-ban","status":"publish","type":"product","link":"https:\/\/bsartstudio.vn\/vi\/products\/san-pham-moi-ao-thun-pig-moon-hay-theo-duoi-giac-mo-cu-ban\/","title":{"rendered":"S\u1ea3n Ph\u1ea9m M\u1edbi &#8211; \u00c1O THUN PIG MOON &#8211; H\u00c3Y THEO \u0110U\u1ed4I GI\u1ea4C M\u01a0 C\u1ee6A B\u1ea0N"},"content":{"rendered":"<div class=\"flex flex-grow flex-col gap-3 max-w-full\">\n<div class=\"min-h-[20px] flex flex-col items-start gap-3 overflow-x-auto whitespace-pre-wrap break-words\">\n<div class=\"markdown prose w-full break-words dark:prose-invert light\">\n<p>New Product &#8211; <strong>\u00c1O THUN PIG MOON &#8211; H\u00c3Y THEO \u0110U\u1ed4I GI\u1ea4C M\u01a0 C\u1ee6A B\u1ea0N<\/strong> \u2728\u2764\ufe0f<\/p>\n<p>\ud83c\udf14 S\u1ea3n ph\u1ea9m v\u1edbi ch\u1ea5t li\u1ec7u \u00e1o thun ch\u1ea5t l\u01b0\u1ee3ng cao, m\u00e1t, min v\u00e0 b\u1ec1n m\u00e0u. \u00c1o thun PIG MOON \u0111ang tr\u01b0ng b\u00e0y t\u1ea1i B\/S Art Studio Li\u00ean h\u1ec7 ch\u00fang t\u00f4i \u0111\u1ec3 bi\u1ebft th\u00eam th\u00f4ng tin chi ti\u1ebft.<\/p>\n<p>\u00c1o Thun PIG MOON c\u00f3 \u0111\u1ea7y \u0111\u1ee7 c\u00e1c k\u00edch th\u01b0\u1edbc, ph\u00f9 h\u1ee3p cho ng\u01b0\u1eddi l\u1edbn v\u00e0 tr\u1ebb em.<\/p>\n<\/div>\n<\/div>\n<\/div>\n","protected":false},"excerpt":{"rendered":"<p>\u2728 H\u00ecnh \u1ea3nh Pig Moon &#8211; Tr\u00e2u V\u00e0ng &#8211; nh\u00e2n v\u1eadt ch\u00ednh trong c\u00e2u chuy\u1ec7n \u201cTr\u00e2u V\u00e0ng v\u00e0 C\u1eadu B\u00e9 &#8211; S\u1ef1 huy\u1ec1n di\u1ec7u c\u1ee7a \u00c1nh Tr\u0103ng\u201d v\u1edbi bi\u1ec3u t\u01b0\u1ee3ng \u201c\u00c1nh Tr\u0103ng Khuy\u1ebft\u201d \u0111\u1ea1i di\u1ec7n cho \u201cTri Th\u1ee9c\u201d gi\u00fap ch\u00fang ta thay \u0111\u1ed5i b\u1ea3n th\u00e2n \u0111\u1ec3 theo \u0111u\u1ed5i nh\u1eefng gi\u1ea5c m\u01a1.<\/p>\n<p>\u2764\ufe0f H\u00e3y \u0111\u1ec3 Pig Moon ti\u1ebfp th\u00eam \u0111\u1ed9ng l\u1ef1c cho b\u1ea1n m\u1ed7i ng\u00e0y.<\/p>\n","protected":false},"featured_media":6101,"template":"","meta":{"_et_pb_use_builder":"","_et_pb_old_content":"","_et_gb_content_width":""},"product_cat":[69,190,57,70],"product_tag":[126,181],"yoast_head":"<!-- This site is optimized with the Yoast SEO plugin v24.5 - https:\/\/yoast.com\/wordpress\/plugins\/seo\/ -->\n<title>S\u1ea3n Ph\u1ea9m M\u1edbi - \u00c1O THUN PIG MOON - H\u00c3Y THEO \u0110U\u1ed4I GI\u1ea4C M\u01a0 C\u1ee6A B\u1ea0N - B\/S Art Studio<\/title>\n<meta name=\"robots\" content=\"index, follow, max-snippet:-1, max-image-preview:large, max-video-preview:-1\" \/>\n<link rel=\"canonical\" href=\"https:\/\/bsartstudio.vn\/vi\/products\/san-pham-moi-ao-thun-pig-moon-hay-theo-duoi-giac-mo-cu-ban\/\" \/>\n<meta property=\"og:locale\" content=\"vi_VN\" \/>\n<meta property=\"og:type\" content=\"article\" \/>\n<meta property=\"og:title\" content=\"S\u1ea3n Ph\u1ea9m M\u1edbi - \u00c1O THUN PIG MOON - H\u00c3Y THEO \u0110U\u1ed4I GI\u1ea4C M\u01a0 C\u1ee6A B\u1ea0N - B\/S Art Studio\" \/>\n<meta property=\"og:description\" content=\"\u2728 H\u00ecnh \u1ea3nh Pig Moon - Tr\u00e2u V\u00e0ng - nh\u00e2n v\u1eadt ch\u00ednh trong c\u00e2u chuy\u1ec7n \u201cTr\u00e2u V\u00e0ng v\u00e0 C\u1eadu B\u00e9 - S\u1ef1 huy\u1ec1n di\u1ec7u c\u1ee7a \u00c1nh Tr\u0103ng\u201d v\u1edbi bi\u1ec3u t\u01b0\u1ee3ng \u201c\u00c1nh Tr\u0103ng Khuy\u1ebft\u201d \u0111\u1ea1i di\u1ec7n cho \u201cTri Th\u1ee9c\u201d gi\u00fap ch\u00fang ta thay \u0111\u1ed5i b\u1ea3n th\u00e2n \u0111\u1ec3 theo \u0111u\u1ed5i nh\u1eefng gi\u1ea5c m\u01a1. \u2764\ufe0f H\u00e3y \u0111\u1ec3 Pig Moon ti\u1ebfp th\u00eam \u0111\u1ed9ng l\u1ef1c cho b\u1ea1n m\u1ed7i ng\u00e0y.\" \/>\n<meta property=\"og:url\" content=\"https:\/\/bsartstudio.vn\/vi\/products\/san-pham-moi-ao-thun-pig-moon-hay-theo-duoi-giac-mo-cu-ban\/\" \/>\n<meta property=\"og:site_name\" content=\"B\/S Art Studio\" \/>\n<meta property=\"article:modified_time\" content=\"2024-04-06T09:09:06+00:00\" \/>\n<meta property=\"og:image\" content=\"https:\/\/bsartstudio.vn\/wp-content\/uploads\/2023\/09\/Ao-Thun-Pig-Moon-1.jpg\" \/>\n\t<meta property=\"og:image:width\" content=\"1920\" \/>\n\t<meta property=\"og:image:height\" content=\"1920\" \/>\n\t<meta property=\"og:image:type\" content=\"image\/jpeg\" \/>\n<meta name=\"twitter:card\" content=\"summary_large_image\" \/>\n<meta name=\"twitter:label1\" content=\"Est. reading time\" \/>\n\t<meta name=\"twitter:data1\" content=\"1 minute\" \/>\n<script type=\"application\/ld+json\" class=\"yoast-schema-graph\">{\"@context\":\"https:\/\/schema.org\",\"@graph\":[{\"@type\":\"WebPage\",\"@id\":\"https:\/\/bsartstudio.vn\/vi\/products\/san-pham-moi-ao-thun-pig-moon-hay-theo-duoi-giac-mo-cu-ban\/\",\"url\":\"https:\/\/bsartstudio.vn\/vi\/products\/san-pham-moi-ao-thun-pig-moon-hay-theo-duoi-giac-mo-cu-ban\/\",\"name\":\"S\u1ea3n Ph\u1ea9m M\u1edbi - \u00c1O THUN PIG MOON - H\u00c3Y THEO \u0110U\u1ed4I GI\u1ea4C M\u01a0 C\u1ee6A B\u1ea0N - B\/S Art Studio\",\"isPartOf\":{\"@id\":\"https:\/\/bsartstudio.vn\/ja\/#website\"},\"primaryImageOfPage\":{\"@id\":\"https:\/\/bsartstudio.vn\/vi\/products\/san-pham-moi-ao-thun-pig-moon-hay-theo-duoi-giac-mo-cu-ban\/#primaryimage\"},\"image\":{\"@id\":\"https:\/\/bsartstudio.vn\/vi\/products\/san-pham-moi-ao-thun-pig-moon-hay-theo-duoi-giac-mo-cu-ban\/#primaryimage\"},\"thumbnailUrl\":\"https:\/\/bsartstudio.vn\/wp-content\/uploads\/2023\/09\/Ao-Thun-Pig-Moon-1.jpg\",\"datePublished\":\"2023-09-05T05:18:09+00:00\",\"dateModified\":\"2024-04-06T09:09:06+00:00\",\"breadcrumb\":{\"@id\":\"https:\/\/bsartstudio.vn\/vi\/products\/san-pham-moi-ao-thun-pig-moon-hay-theo-duoi-giac-mo-cu-ban\/#breadcrumb\"},\"inLanguage\":\"vi-VN\",\"potentialAction\":[{\"@type\":\"ReadAction\",\"target\":[\"https:\/\/bsartstudio.vn\/vi\/products\/san-pham-moi-ao-thun-pig-moon-hay-theo-duoi-giac-mo-cu-ban\/\"]}]},{\"@type\":\"ImageObject\",\"inLanguage\":\"vi-VN\",\"@id\":\"https:\/\/bsartstudio.vn\/vi\/products\/san-pham-moi-ao-thun-pig-moon-hay-theo-duoi-giac-mo-cu-ban\/#primaryimage\",\"url\":\"https:\/\/bsartstudio.vn\/wp-content\/uploads\/2023\/09\/Ao-Thun-Pig-Moon-1.jpg\",\"contentUrl\":\"https:\/\/bsartstudio.vn\/wp-content\/uploads\/2023\/09\/Ao-Thun-Pig-Moon-1.jpg\",\"width\":1920,\"height\":1920,\"caption\":\"PIG MOON - Chase Your Dreams T-Shirt\"},{\"@type\":\"BreadcrumbList\",\"@id\":\"https:\/\/bsartstudio.vn\/vi\/products\/san-pham-moi-ao-thun-pig-moon-hay-theo-duoi-giac-mo-cu-ban\/#breadcrumb\",\"itemListElement\":[{\"@type\":\"ListItem\",\"position\":1,\"name\":\"Home\",\"item\":\"https:\/\/bsartstudio.vn\/en\/\"},{\"@type\":\"ListItem\",\"position\":2,\"name\":\"Shop\",\"item\":\"https:\/\/bsartstudio.vn\/en\/shop\/\"},{\"@type\":\"ListItem\",\"position\":3,\"name\":\"S\u1ea3n Ph\u1ea9m M\u1edbi &#8211; \u00c1O THUN PIG MOON &#8211; H\u00c3Y THEO \u0110U\u1ed4I GI\u1ea4C M\u01a0 C\u1ee6A B\u1ea0N\"}]},{\"@type\":\"WebSite\",\"@id\":\"https:\/\/bsartstudio.vn\/ja\/#website\",\"url\":\"https:\/\/bsartstudio.vn\/ja\/\",\"name\":\"B\/S Art Studio\",\"description\":\"\",\"publisher\":{\"@id\":\"https:\/\/bsartstudio.vn\/ja\/#organization\"},\"potentialAction\":[{\"@type\":\"SearchAction\",\"target\":{\"@type\":\"EntryPoint\",\"urlTemplate\":\"https:\/\/bsartstudio.vn\/ja\/?s={search_term_string}\"},\"query-input\":{\"@type\":\"PropertyValueSpecification\",\"valueRequired\":true,\"valueName\":\"search_term_string\"}}],\"inLanguage\":\"vi-VN\"},{\"@type\":\"Organization\",\"@id\":\"https:\/\/bsartstudio.vn\/ja\/#organization\",\"name\":\"B\/S Art Studio\",\"url\":\"https:\/\/bsartstudio.vn\/ja\/\",\"logo\":{\"@type\":\"ImageObject\",\"inLanguage\":\"vi-VN\",\"@id\":\"https:\/\/bsartstudio.vn\/ja\/#\/schema\/logo\/image\/\",\"url\":\"https:\/\/bsartstudio.vn\/wp-content\/uploads\/2020\/03\/54526018_2272576089468053_1525084505319145472_n.jpg\",\"contentUrl\":\"https:\/\/bsartstudio.vn\/wp-content\/uploads\/2020\/03\/54526018_2272576089468053_1525084505319145472_n.jpg\",\"width\":958,\"height\":958,\"caption\":\"B\/S Art Studio\"},\"image\":{\"@id\":\"https:\/\/bsartstudio.vn\/ja\/#\/schema\/logo\/image\/\"}}]}<\/script>\n<!-- \/ Yoast SEO plugin. -->","yoast_head_json":{"title":"S\u1ea3n Ph\u1ea9m M\u1edbi - \u00c1O THUN PIG MOON - H\u00c3Y THEO \u0110U\u1ed4I GI\u1ea4C M\u01a0 C\u1ee6A B\u1ea0N - B\/S Art Studio","robots":{"index":"index","follow":"follow","max-snippet":"max-snippet:-1","max-image-preview":"max-image-preview:large","max-video-preview":"max-video-preview:-1"},"canonical":"https:\/\/bsartstudio.vn\/vi\/products\/san-pham-moi-ao-thun-pig-moon-hay-theo-duoi-giac-mo-cu-ban\/","og_locale":"vi_VN","og_type":"article","og_title":"S\u1ea3n Ph\u1ea9m M\u1edbi - \u00c1O THUN PIG MOON - H\u00c3Y THEO \u0110U\u1ed4I GI\u1ea4C M\u01a0 C\u1ee6A B\u1ea0N - B\/S Art Studio","og_description":"\u2728 H\u00ecnh \u1ea3nh Pig Moon - Tr\u00e2u V\u00e0ng - nh\u00e2n v\u1eadt ch\u00ednh trong c\u00e2u chuy\u1ec7n \u201cTr\u00e2u V\u00e0ng v\u00e0 C\u1eadu B\u00e9 - S\u1ef1 huy\u1ec1n di\u1ec7u c\u1ee7a \u00c1nh Tr\u0103ng\u201d v\u1edbi bi\u1ec3u t\u01b0\u1ee3ng \u201c\u00c1nh Tr\u0103ng Khuy\u1ebft\u201d \u0111\u1ea1i di\u1ec7n cho \u201cTri Th\u1ee9c\u201d gi\u00fap ch\u00fang ta thay \u0111\u1ed5i b\u1ea3n th\u00e2n \u0111\u1ec3 theo \u0111u\u1ed5i nh\u1eefng gi\u1ea5c m\u01a1. \u2764\ufe0f H\u00e3y \u0111\u1ec3 Pig Moon ti\u1ebfp th\u00eam \u0111\u1ed9ng l\u1ef1c cho b\u1ea1n m\u1ed7i ng\u00e0y.","og_url":"https:\/\/bsartstudio.vn\/vi\/products\/san-pham-moi-ao-thun-pig-moon-hay-theo-duoi-giac-mo-cu-ban\/","og_site_name":"B\/S Art Studio","article_modified_time":"2024-04-06T09:09:06+00:00","og_image":[{"width":1920,"height":1920,"url":"https:\/\/bsartstudio.vn\/wp-content\/uploads\/2023\/09\/Ao-Thun-Pig-Moon-1.jpg","type":"image\/jpeg"}],"twitter_card":"summary_large_image","twitter_misc":{"Est. reading time":"1 minute"},"schema":{"@context":"https:\/\/schema.org","@graph":[{"@type":"WebPage","@id":"https:\/\/bsartstudio.vn\/vi\/products\/san-pham-moi-ao-thun-pig-moon-hay-theo-duoi-giac-mo-cu-ban\/","url":"https:\/\/bsartstudio.vn\/vi\/products\/san-pham-moi-ao-thun-pig-moon-hay-theo-duoi-giac-mo-cu-ban\/","name":"S\u1ea3n Ph\u1ea9m M\u1edbi - \u00c1O THUN PIG MOON - H\u00c3Y THEO \u0110U\u1ed4I GI\u1ea4C M\u01a0 C\u1ee6A B\u1ea0N - B\/S Art Studio","isPartOf":{"@id":"https:\/\/bsartstudio.vn\/ja\/#website"},"primaryImageOfPage":{"@id":"https:\/\/bsartstudio.vn\/vi\/products\/san-pham-moi-ao-thun-pig-moon-hay-theo-duoi-giac-mo-cu-ban\/#primaryimage"},"image":{"@id":"https:\/\/bsartstudio.vn\/vi\/products\/san-pham-moi-ao-thun-pig-moon-hay-theo-duoi-giac-mo-cu-ban\/#primaryimage"},"thumbnailUrl":"https:\/\/bsartstudio.vn\/wp-content\/uploads\/2023\/09\/Ao-Thun-Pig-Moon-1.jpg","datePublished":"2023-09-05T05:18:09+00:00","dateModified":"2024-04-06T09:09:06+00:00","breadcrumb":{"@id":"https:\/\/bsartstudio.vn\/vi\/products\/san-pham-moi-ao-thun-pig-moon-hay-theo-duoi-giac-mo-cu-ban\/#breadcrumb"},"inLanguage":"vi-VN","potentialAction":[{"@type":"ReadAction","target":["https:\/\/bsartstudio.vn\/vi\/products\/san-pham-moi-ao-thun-pig-moon-hay-theo-duoi-giac-mo-cu-ban\/"]}]},{"@type":"ImageObject","inLanguage":"vi-VN","@id":"https:\/\/bsartstudio.vn\/vi\/products\/san-pham-moi-ao-thun-pig-moon-hay-theo-duoi-giac-mo-cu-ban\/#primaryimage","url":"https:\/\/bsartstudio.vn\/wp-content\/uploads\/2023\/09\/Ao-Thun-Pig-Moon-1.jpg","contentUrl":"https:\/\/bsartstudio.vn\/wp-content\/uploads\/2023\/09\/Ao-Thun-Pig-Moon-1.jpg","width":1920,"height":1920,"caption":"PIG MOON - Chase Your Dreams T-Shirt"},{"@type":"BreadcrumbList","@id":"https:\/\/bsartstudio.vn\/vi\/products\/san-pham-moi-ao-thun-pig-moon-hay-theo-duoi-giac-mo-cu-ban\/#breadcrumb","itemListElement":[{"@type":"ListItem","position":1,"name":"Home","item":"https:\/\/bsartstudio.vn\/en\/"},{"@type":"ListItem","position":2,"name":"Shop","item":"https:\/\/bsartstudio.vn\/en\/shop\/"},{"@type":"ListItem","position":3,"name":"S\u1ea3n Ph\u1ea9m M\u1edbi &#8211; \u00c1O THUN PIG MOON &#8211; H\u00c3Y THEO \u0110U\u1ed4I GI\u1ea4C M\u01a0 C\u1ee6A B\u1ea0N"}]},{"@type":"WebSite","@id":"https:\/\/bsartstudio.vn\/ja\/#website","url":"https:\/\/bsartstudio.vn\/ja\/","name":"B\/S Art Studio","description":"","publisher":{"@id":"https:\/\/bsartstudio.vn\/ja\/#organization"},"potentialAction":[{"@type":"SearchAction","target":{"@type":"EntryPoint","urlTemplate":"https:\/\/bsartstudio.vn\/ja\/?s={search_term_string}"},"query-input":{"@type":"PropertyValueSpecification","valueRequired":true,"valueName":"search_term_string"}}],"inLanguage":"vi-VN"},{"@type":"Organization","@id":"https:\/\/bsartstudio.vn\/ja\/#organization","name":"B\/S Art Studio","url":"https:\/\/bsartstudio.vn\/ja\/","logo":{"@type":"ImageObject","inLanguage":"vi-VN","@id":"https:\/\/bsartstudio.vn\/ja\/#\/schema\/logo\/image\/","url":"https:\/\/bsartstudio.vn\/wp-content\/uploads\/2020\/03\/54526018_2272576089468053_1525084505319145472_n.jpg","contentUrl":"https:\/\/bsartstudio.vn\/wp-content\/uploads\/2020\/03\/54526018_2272576089468053_1525084505319145472_n.jpg","width":958,"height":958,"caption":"B\/S Art Studio"},"image":{"@id":"https:\/\/bsartstudio.vn\/ja\/#\/schema\/logo\/image\/"}}]}},"_links":{"self":[{"href":"https:\/\/bsartstudio.vn\/vi\/wp-json\/wp\/v2\/product\/6106"}],"collection":[{"href":"https:\/\/bsartstudio.vn\/vi\/wp-json\/wp\/v2\/product"}],"about":[{"href":"https:\/\/bsartstudio.vn\/vi\/wp-json\/wp\/v2\/types\/product"}],"wp:featuredmedia":[{"embeddable":true,"href":"https:\/\/bsartstudio.vn\/vi\/wp-json\/wp\/v2\/media\/6101"}],"wp:attachment":[{"href":"https:\/\/bsartstudio.vn\/vi\/wp-json\/wp\/v2\/media?parent=6106"}],"wp:term":[{"taxonomy":"product_cat","embeddable":true,"href":"https:\/\/bsartstudio.vn\/vi\/wp-json\/wp\/v2\/product_cat?post=6106"},{"taxonomy":"product_tag","embeddable":true,"href":"https:\/\/bsartstudio.vn\/vi\/wp-json\/wp\/v2\/product_tag?post=6106"}],"curies":[{"name":"wp","href":"https:\/\/api.w.org\/{rel}","templated":true}]}}