{"id":6020,"date":"2021-04-27T16:10:19","date_gmt":"2021-04-27T09:10:19","guid":{"rendered":"https:\/\/bsartstudio.vn\/products\/phien-cho-dau-xuan\/"},"modified":"2023-08-20T11:06:14","modified_gmt":"2023-08-20T04:06:14","slug":"phien-cho-dau-xuan","status":"publish","type":"product","link":"https:\/\/bsartstudio.vn\/vi\/products\/phien-cho-dau-xuan\/","title":{"rendered":"Phi\u00ean Ch\u1ee3 \u0110\u1ea7u Xu\u00e2n"},"content":{"rendered":"<p>T\u00e1c ph\u1ea9m &#8220;Phi\u00ean Ch\u1ee3 \u0110\u1ea7u Xu\u00e2n&#8221;<\/p>\n<p>Ch\u1ea5t li\u1ec7u: Gi\u1ea5y<\/p>\n<p>M\u00e0u: Ch\u00ec m\u00e0u<\/p>\n<p>K\u00edch th\u01b0\u1edbc: 24,5 cm x 18,5\u00a0<\/p>\n","protected":false},"excerpt":{"rendered":"<div dir=\"auto\">Ti\u1ec3u Th\u01b0 Hoa \u0110\u00e0o v\u00e0 <a class=\"x1i10hfl xjbqb8w x6umtig x1b1mbwd xaqea5y xav7gou x9f619 x1ypdohk xt0psk2 xe8uvvx xdj266r x11i5rnm xat24cr x1mh8g0r xexx8yu x4uap5 x18d9i69 xkhd6sd x16tdsg8 x1hl2dhg xggy1nq x1a2a7pz xt0b8zv x1qq9wsj xo1l8bm\" tabindex=\"0\" role=\"link\" href=\"https:\/\/www.facebook.com\/HeolaiTrau?__cft__[0]=AZVYjhhvv1U5LHTQ-jWTwUylbGYIGHQjotub4XNuNYqlSRalvmP84dVC9strZH_S2BAJ6aU3u4svjFR58depPMWZU_S9yVL_uTz7ZFmVVubx981XchcG6vRAfIEdNQPIXM9MkQ16tZ2-i0fR3KciicMjnIAsCW5iNQv83uqMNh8W8r2dTfLwTnD3ELbzuC4LF1iaUp6mdybKjkAIMlhKQ9c-&amp;__tn__=-]K-y-R\"><span class=\"xt0psk2\">Pig Moon &#8211; Tr\u00e2u V\u00e0ng<\/span><\/a>, c\u00f9ng gia nh\u00e2n \u0111i d\u1ea1o phi\u00ean ch\u1ee3 \u0111\u1ea7u xu\u00e2n.<\/div>\n<div dir=\"auto\">Kh\u00f4ng kh\u00ed ch\u1ee3 T\u1ebft th\u1eadt \u0111\u00f4ng vui v\u00e0 n\u00e1o nhi\u1ec7t. <span class=\"x3nfvp2 x1j61x8r x1fcty0u xdj266r xhhsvwb xat24cr xgzva0m xxymvpz xlup9mm x1kky2od\"><img loading=\"lazy\" decoding=\"async\" src=\"https:\/\/static.xx.fbcdn.net\/images\/emoji.php\/v9\/t7b\/1.5\/16\/2728.png\" alt=\"\u2728\" width=\"16\" height=\"16\" \/><\/span><span class=\"x3nfvp2 x1j61x8r x1fcty0u xdj266r xhhsvwb xat24cr xgzva0m xxymvpz xlup9mm x1kky2od\"><img loading=\"lazy\" decoding=\"async\" src=\"https:\/\/static.xx.fbcdn.net\/images\/emoji.php\/v9\/td\/1.5\/16\/1f38a.png\" alt=\"\ud83c\udf8a\" width=\"16\" height=\"16\" \/><\/span><\/div>\n","protected":false},"featured_media":3486,"template":"","meta":{"_et_pb_use_builder":"","_et_pb_old_content":"","_et_gb_content_width":""},"product_cat":[70,62],"product_tag":[],"yoast_head":"<!-- This site is optimized with the Yoast SEO plugin v24.5 - https:\/\/yoast.com\/wordpress\/plugins\/seo\/ -->\n<title>Phi\u00ean Ch\u1ee3 \u0110\u1ea7u Xu\u00e2n - B\/S Art Studio<\/title>\n<meta name=\"robots\" content=\"index, follow, max-snippet:-1, max-image-preview:large, max-video-preview:-1\" \/>\n<link rel=\"canonical\" href=\"https:\/\/bsartstudio.vn\/vi\/products\/phien-cho-dau-xuan\/\" \/>\n<meta property=\"og:locale\" content=\"vi_VN\" \/>\n<meta property=\"og:type\" content=\"article\" \/>\n<meta property=\"og:title\" content=\"Phi\u00ean Ch\u1ee3 \u0110\u1ea7u Xu\u00e2n - B\/S Art Studio\" \/>\n<meta property=\"og:description\" content=\"Ti\u1ec3u Th\u01b0 Hoa \u0110\u00e0o v\u00e0 Pig Moon - Tr\u00e2u V\u00e0ng, c\u00f9ng gia nh\u00e2n \u0111i d\u1ea1o phi\u00ean ch\u1ee3 \u0111\u1ea7u xu\u00e2n. Kh\u00f4ng kh\u00ed ch\u1ee3 T\u1ebft th\u1eadt \u0111\u00f4ng vui v\u00e0 n\u00e1o nhi\u1ec7t.\" \/>\n<meta property=\"og:url\" content=\"https:\/\/bsartstudio.vn\/vi\/products\/phien-cho-dau-xuan\/\" \/>\n<meta property=\"og:site_name\" content=\"B\/S Art Studio\" \/>\n<meta property=\"article:modified_time\" content=\"2023-08-20T04:06:14+00:00\" \/>\n<meta property=\"og:image\" content=\"https:\/\/bsartstudio.vn\/wp-content\/uploads\/2021\/04\/Phien-cho-dau-xuan-1.jpg\" \/>\n\t<meta property=\"og:image:width\" content=\"1000\" \/>\n\t<meta property=\"og:image:height\" content=\"1000\" \/>\n\t<meta property=\"og:image:type\" content=\"image\/jpeg\" \/>\n<meta name=\"twitter:card\" content=\"summary_large_image\" \/>\n<script type=\"application\/ld+json\" class=\"yoast-schema-graph\">{\"@context\":\"https:\/\/schema.org\",\"@graph\":[{\"@type\":\"WebPage\",\"@id\":\"https:\/\/bsartstudio.vn\/vi\/products\/phien-cho-dau-xuan\/\",\"url\":\"https:\/\/bsartstudio.vn\/vi\/products\/phien-cho-dau-xuan\/\",\"name\":\"Phi\u00ean Ch\u1ee3 \u0110\u1ea7u Xu\u00e2n - B\/S Art Studio\",\"isPartOf\":{\"@id\":\"https:\/\/bsartstudio.vn\/ja\/#website\"},\"primaryImageOfPage\":{\"@id\":\"https:\/\/bsartstudio.vn\/vi\/products\/phien-cho-dau-xuan\/#primaryimage\"},\"image\":{\"@id\":\"https:\/\/bsartstudio.vn\/vi\/products\/phien-cho-dau-xuan\/#primaryimage\"},\"thumbnailUrl\":\"https:\/\/bsartstudio.vn\/wp-content\/uploads\/2021\/04\/Phien-cho-dau-xuan-1.jpg\",\"datePublished\":\"2021-04-27T09:10:19+00:00\",\"dateModified\":\"2023-08-20T04:06:14+00:00\",\"breadcrumb\":{\"@id\":\"https:\/\/bsartstudio.vn\/vi\/products\/phien-cho-dau-xuan\/#breadcrumb\"},\"inLanguage\":\"vi-VN\",\"potentialAction\":[{\"@type\":\"ReadAction\",\"target\":[\"https:\/\/bsartstudio.vn\/vi\/products\/phien-cho-dau-xuan\/\"]}]},{\"@type\":\"ImageObject\",\"inLanguage\":\"vi-VN\",\"@id\":\"https:\/\/bsartstudio.vn\/vi\/products\/phien-cho-dau-xuan\/#primaryimage\",\"url\":\"https:\/\/bsartstudio.vn\/wp-content\/uploads\/2021\/04\/Phien-cho-dau-xuan-1.jpg\",\"contentUrl\":\"https:\/\/bsartstudio.vn\/wp-content\/uploads\/2021\/04\/Phien-cho-dau-xuan-1.jpg\",\"width\":1000,\"height\":1000},{\"@type\":\"BreadcrumbList\",\"@id\":\"https:\/\/bsartstudio.vn\/vi\/products\/phien-cho-dau-xuan\/#breadcrumb\",\"itemListElement\":[{\"@type\":\"ListItem\",\"position\":1,\"name\":\"Home\",\"item\":\"https:\/\/bsartstudio.vn\/en\/\"},{\"@type\":\"ListItem\",\"position\":2,\"name\":\"Shop\",\"item\":\"https:\/\/bsartstudio.vn\/en\/shop\/\"},{\"@type\":\"ListItem\",\"position\":3,\"name\":\"Phi\u00ean Ch\u1ee3 \u0110\u1ea7u Xu\u00e2n\"}]},{\"@type\":\"WebSite\",\"@id\":\"https:\/\/bsartstudio.vn\/ja\/#website\",\"url\":\"https:\/\/bsartstudio.vn\/ja\/\",\"name\":\"B\/S Art Studio\",\"description\":\"\",\"publisher\":{\"@id\":\"https:\/\/bsartstudio.vn\/ja\/#organization\"},\"potentialAction\":[{\"@type\":\"SearchAction\",\"target\":{\"@type\":\"EntryPoint\",\"urlTemplate\":\"https:\/\/bsartstudio.vn\/ja\/?s={search_term_string}\"},\"query-input\":{\"@type\":\"PropertyValueSpecification\",\"valueRequired\":true,\"valueName\":\"search_term_string\"}}],\"inLanguage\":\"vi-VN\"},{\"@type\":\"Organization\",\"@id\":\"https:\/\/bsartstudio.vn\/ja\/#organization\",\"name\":\"B\/S Art Studio\",\"url\":\"https:\/\/bsartstudio.vn\/ja\/\",\"logo\":{\"@type\":\"ImageObject\",\"inLanguage\":\"vi-VN\",\"@id\":\"https:\/\/bsartstudio.vn\/ja\/#\/schema\/logo\/image\/\",\"url\":\"https:\/\/bsartstudio.vn\/wp-content\/uploads\/2020\/03\/54526018_2272576089468053_1525084505319145472_n.jpg\",\"contentUrl\":\"https:\/\/bsartstudio.vn\/wp-content\/uploads\/2020\/03\/54526018_2272576089468053_1525084505319145472_n.jpg\",\"width\":958,\"height\":958,\"caption\":\"B\/S Art Studio\"},\"image\":{\"@id\":\"https:\/\/bsartstudio.vn\/ja\/#\/schema\/logo\/image\/\"}}]}<\/script>\n<!-- \/ Yoast SEO plugin. -->","yoast_head_json":{"title":"Phi\u00ean Ch\u1ee3 \u0110\u1ea7u Xu\u00e2n - B\/S Art Studio","robots":{"index":"index","follow":"follow","max-snippet":"max-snippet:-1","max-image-preview":"max-image-preview:large","max-video-preview":"max-video-preview:-1"},"canonical":"https:\/\/bsartstudio.vn\/vi\/products\/phien-cho-dau-xuan\/","og_locale":"vi_VN","og_type":"article","og_title":"Phi\u00ean Ch\u1ee3 \u0110\u1ea7u Xu\u00e2n - B\/S Art Studio","og_description":"Ti\u1ec3u Th\u01b0 Hoa \u0110\u00e0o v\u00e0 Pig Moon - Tr\u00e2u V\u00e0ng, c\u00f9ng gia nh\u00e2n \u0111i d\u1ea1o phi\u00ean ch\u1ee3 \u0111\u1ea7u xu\u00e2n. Kh\u00f4ng kh\u00ed ch\u1ee3 T\u1ebft th\u1eadt \u0111\u00f4ng vui v\u00e0 n\u00e1o nhi\u1ec7t.","og_url":"https:\/\/bsartstudio.vn\/vi\/products\/phien-cho-dau-xuan\/","og_site_name":"B\/S Art Studio","article_modified_time":"2023-08-20T04:06:14+00:00","og_image":[{"width":1000,"height":1000,"url":"https:\/\/bsartstudio.vn\/wp-content\/uploads\/2021\/04\/Phien-cho-dau-xuan-1.jpg","type":"image\/jpeg"}],"twitter_card":"summary_large_image","schema":{"@context":"https:\/\/schema.org","@graph":[{"@type":"WebPage","@id":"https:\/\/bsartstudio.vn\/vi\/products\/phien-cho-dau-xuan\/","url":"https:\/\/bsartstudio.vn\/vi\/products\/phien-cho-dau-xuan\/","name":"Phi\u00ean Ch\u1ee3 \u0110\u1ea7u Xu\u00e2n - B\/S Art Studio","isPartOf":{"@id":"https:\/\/bsartstudio.vn\/ja\/#website"},"primaryImageOfPage":{"@id":"https:\/\/bsartstudio.vn\/vi\/products\/phien-cho-dau-xuan\/#primaryimage"},"image":{"@id":"https:\/\/bsartstudio.vn\/vi\/products\/phien-cho-dau-xuan\/#primaryimage"},"thumbnailUrl":"https:\/\/bsartstudio.vn\/wp-content\/uploads\/2021\/04\/Phien-cho-dau-xuan-1.jpg","datePublished":"2021-04-27T09:10:19+00:00","dateModified":"2023-08-20T04:06:14+00:00","breadcrumb":{"@id":"https:\/\/bsartstudio.vn\/vi\/products\/phien-cho-dau-xuan\/#breadcrumb"},"inLanguage":"vi-VN","potentialAction":[{"@type":"ReadAction","target":["https:\/\/bsartstudio.vn\/vi\/products\/phien-cho-dau-xuan\/"]}]},{"@type":"ImageObject","inLanguage":"vi-VN","@id":"https:\/\/bsartstudio.vn\/vi\/products\/phien-cho-dau-xuan\/#primaryimage","url":"https:\/\/bsartstudio.vn\/wp-content\/uploads\/2021\/04\/Phien-cho-dau-xuan-1.jpg","contentUrl":"https:\/\/bsartstudio.vn\/wp-content\/uploads\/2021\/04\/Phien-cho-dau-xuan-1.jpg","width":1000,"height":1000},{"@type":"BreadcrumbList","@id":"https:\/\/bsartstudio.vn\/vi\/products\/phien-cho-dau-xuan\/#breadcrumb","itemListElement":[{"@type":"ListItem","position":1,"name":"Home","item":"https:\/\/bsartstudio.vn\/en\/"},{"@type":"ListItem","position":2,"name":"Shop","item":"https:\/\/bsartstudio.vn\/en\/shop\/"},{"@type":"ListItem","position":3,"name":"Phi\u00ean Ch\u1ee3 \u0110\u1ea7u Xu\u00e2n"}]},{"@type":"WebSite","@id":"https:\/\/bsartstudio.vn\/ja\/#website","url":"https:\/\/bsartstudio.vn\/ja\/","name":"B\/S Art Studio","description":"","publisher":{"@id":"https:\/\/bsartstudio.vn\/ja\/#organization"},"potentialAction":[{"@type":"SearchAction","target":{"@type":"EntryPoint","urlTemplate":"https:\/\/bsartstudio.vn\/ja\/?s={search_term_string}"},"query-input":{"@type":"PropertyValueSpecification","valueRequired":true,"valueName":"search_term_string"}}],"inLanguage":"vi-VN"},{"@type":"Organization","@id":"https:\/\/bsartstudio.vn\/ja\/#organization","name":"B\/S Art Studio","url":"https:\/\/bsartstudio.vn\/ja\/","logo":{"@type":"ImageObject","inLanguage":"vi-VN","@id":"https:\/\/bsartstudio.vn\/ja\/#\/schema\/logo\/image\/","url":"https:\/\/bsartstudio.vn\/wp-content\/uploads\/2020\/03\/54526018_2272576089468053_1525084505319145472_n.jpg","contentUrl":"https:\/\/bsartstudio.vn\/wp-content\/uploads\/2020\/03\/54526018_2272576089468053_1525084505319145472_n.jpg","width":958,"height":958,"caption":"B\/S Art Studio"},"image":{"@id":"https:\/\/bsartstudio.vn\/ja\/#\/schema\/logo\/image\/"}}]}},"_links":{"self":[{"href":"https:\/\/bsartstudio.vn\/vi\/wp-json\/wp\/v2\/product\/6020"}],"collection":[{"href":"https:\/\/bsartstudio.vn\/vi\/wp-json\/wp\/v2\/product"}],"about":[{"href":"https:\/\/bsartstudio.vn\/vi\/wp-json\/wp\/v2\/types\/product"}],"wp:featuredmedia":[{"embeddable":true,"href":"https:\/\/bsartstudio.vn\/vi\/wp-json\/wp\/v2\/media\/3486"}],"wp:attachment":[{"href":"https:\/\/bsartstudio.vn\/vi\/wp-json\/wp\/v2\/media?parent=6020"}],"wp:term":[{"taxonomy":"product_cat","embeddable":true,"href":"https:\/\/bsartstudio.vn\/vi\/wp-json\/wp\/v2\/product_cat?post=6020"},{"taxonomy":"product_tag","embeddable":true,"href":"https:\/\/bsartstudio.vn\/vi\/wp-json\/wp\/v2\/product_tag?post=6020"}],"curies":[{"name":"wp","href":"https:\/\/api.w.org\/{rel}","templated":true}]}}