{"id":6018,"date":"2023-03-21T15:49:19","date_gmt":"2023-03-21T08:49:19","guid":{"rendered":"https:\/\/bsartstudio.vn\/products\/nghe-nhan-dieu-sao\/"},"modified":"2023-08-18T14:48:49","modified_gmt":"2023-08-18T07:48:49","slug":"nghe-nhan-dieu-sao","status":"publish","type":"product","link":"https:\/\/bsartstudio.vn\/vi\/products\/nghe-nhan-dieu-sao\/","title":{"rendered":"Ngh\u1ec7 Nh\u00e2n Di\u1ec1u S\u00e1o"},"content":{"rendered":"<p>T\u00e1c ph\u1ea9m &#8220;Ngh\u1ec7 Nh\u00e2n Di\u1ec1u S\u00e1o&#8221;<\/p>\n<p>Ch\u1ea5t li\u1ec7u: Gi\u1ea5y<\/p>\n<p>M\u00e0u: ch\u00ec m\u00e0u<\/p>\n<p>K\u00edch th\u01b0\u1edbc: 32 cm x 26\u00a0<\/p>\n<p>&nbsp;<\/p>\n","protected":false},"excerpt":{"rendered":"<div dir=\"auto\"><span class=\"x3nfvp2 x1j61x8r x1fcty0u xdj266r xhhsvwb xat24cr xgzva0m xxymvpz xlup9mm x1kky2od\"><img loading=\"lazy\" decoding=\"async\" src=\"https:\/\/static.xx.fbcdn.net\/images\/emoji.php\/v9\/t7b\/1.5\/16\/2728.png\" alt=\"\u2728\" width=\"16\" height=\"16\" \/><\/span> Nh\u1eefng C\u00e1nh Di\u1ec1u bay ph\u1ea5p ph\u1edbi tr\u00ean c\u00e1nh \u0111\u1ed3ng bao la kh\u00f4ng ch\u1ec9 l\u00e0 h\u00ecnh \u1ea3nh \u0111\u1eb7c tr\u01b0ng c\u1ee7a l\u00e0ng qu\u00ea m\u00e0 \u0111\u00f3 c\u00f2n l\u00e0 m\u1ed9t tr\u00f2 ch\u01a1i d\u00e2n gian c\u00f3 l\u1ecbch s\u1eed l\u00e2u \u0111\u1eddi, mang nhi\u1ec1u \u00fd ngh\u0129a v\u0103n h\u00f3a Vi\u1ec7t Nam.<\/div>\n<div dir=\"auto\"><span class=\"x3nfvp2 x1j61x8r x1fcty0u xdj266r xhhsvwb xat24cr xgzva0m xxymvpz xlup9mm x1kky2od\"><img loading=\"lazy\" decoding=\"async\" src=\"https:\/\/static.xx.fbcdn.net\/images\/emoji.php\/v9\/te5\/1.5\/16\/1f389.png\" alt=\"\ud83c\udf89\" width=\"16\" height=\"16\" \/><\/span> \u0110\u1eb7c bi\u1ec7t, Di\u1ec1u S\u00e1o Vi\u1ec7t gi\u1edd \u0111\u00e2y \u0111\u00e3 tr\u1edf th\u00e0nh c\u00e1c t\u00e1c ph\u1ea9m ngh\u1ec7 thu\u1eadt v\u1edbi s\u1ef1 k\u1ebft h\u1ee3p c\u1ee7a nhi\u1ec1u h\u00ecnh \u1ea3nh s\u1ed1ng \u0111\u1ed9ng c\u00f9ng \u00e2m thanh m\u1ed9c m\u1ea1c c\u1ee7a ti\u1ebfng S\u00e1o.<\/div>\n<div dir=\"auto\">V\u1edbi l\u00f2ng \u0111am m\u00ea, s\u1ef1 ki\u00ean tr\u00ec, mi\u1ec7t m\u00e0i, t\u1ec9 m\u1ec9 trong m\u1ed7i c\u00f4ng \u0111o\u1ea1n c\u00f9ng s\u1ef1 s\u00e1ng t\u1ea1o, nh\u1eefng Ngh\u1ec7 Nh\u00e2n L\u00e0m Di\u1ec1u S\u00e1o \u0111\u00e3 \u0111\u01b0a nh\u1eefng C\u00e1nh Di\u1ec1u Vi\u1ec7t Nam bay cao c\u00f9ng c\u00f9ng giai \u0111i\u1ec7u \u00e2m vang, lan to\u1ea3 tr\u00ean b\u1ea7u tr\u1eddi c\u1ee7a nh\u1eefng n\u1ec1n v\u0103n ho\u00e1 kh\u00e1c trong c\u00e1c cu\u1ed9c thi Di\u1ec1u Qu\u1ed1c T\u1ebf \u1edf nhi\u1ec1u qu\u1ed1c gia.<\/div>\n<div dir=\"auto\"><span class=\"x3nfvp2 x1j61x8r x1fcty0u xdj266r xhhsvwb xat24cr xgzva0m xxymvpz xlup9mm x1kky2od\"><img loading=\"lazy\" decoding=\"async\" src=\"https:\/\/static.xx.fbcdn.net\/images\/emoji.php\/v9\/tc1\/1.5\/16\/1f495.png\" alt=\"\ud83d\udc95\" width=\"16\" height=\"16\" \/><\/span> H\u1ecda s\u0129 B\/S Art Studio \u0111\u00e3 l\u1ea5y c\u1ea3m h\u1ee9ng t\u1eeb B\u1ed3 Lao, l\u00e0 \u0111\u1ee9a con th\u1ee9 ba c\u1ee7a R\u1ed3ng, m\u1ed9t linh v\u1eadt th\u00edch \u00e2m thanh vang l\u1edbn \u0111\u1ec3 m\u00f4 t\u1ea3 v\u1ebb \u0111\u1eb9p \u00e2m ti\u1ebft v\u00e0 \u0111i\u1ec3m \u0111\u1eb7c bi\u1ec7t ch\u1ec9 c\u00f3 \u1edf Di\u1ec1u S\u00e1o Vi\u1ec7t Nam.<\/div>\n","protected":false},"featured_media":7774,"template":"","meta":{"_et_pb_use_builder":"","_et_pb_old_content":"","_et_gb_content_width":""},"product_cat":[59,429,62],"product_tag":[126,389],"yoast_head":"<!-- This site is optimized with the Yoast SEO plugin v24.5 - https:\/\/yoast.com\/wordpress\/plugins\/seo\/ -->\n<title>Ngh\u1ec7 Nh\u00e2n Di\u1ec1u S\u00e1o - B\/S Art Studio<\/title>\n<meta name=\"robots\" content=\"index, follow, max-snippet:-1, max-image-preview:large, max-video-preview:-1\" \/>\n<link rel=\"canonical\" href=\"https:\/\/bsartstudio.vn\/en\/products\/flute-kite-craftwoman\/\" \/>\n<meta property=\"og:locale\" content=\"vi_VN\" \/>\n<meta property=\"og:type\" content=\"article\" \/>\n<meta property=\"og:title\" content=\"Ngh\u1ec7 Nh\u00e2n Di\u1ec1u S\u00e1o - B\/S Art Studio\" \/>\n<meta property=\"og:description\" content=\"Nh\u1eefng C\u00e1nh Di\u1ec1u bay ph\u1ea5p ph\u1edbi tr\u00ean c\u00e1nh \u0111\u1ed3ng bao la kh\u00f4ng ch\u1ec9 l\u00e0 h\u00ecnh \u1ea3nh \u0111\u1eb7c tr\u01b0ng c\u1ee7a l\u00e0ng qu\u00ea m\u00e0 \u0111\u00f3 c\u00f2n l\u00e0 m\u1ed9t tr\u00f2 ch\u01a1i d\u00e2n gian c\u00f3 l\u1ecbch s\u1eed l\u00e2u \u0111\u1eddi, mang nhi\u1ec1u \u00fd ngh\u0129a v\u0103n h\u00f3a Vi\u1ec7t Nam.  \u0110\u1eb7c bi\u1ec7t, Di\u1ec1u S\u00e1o Vi\u1ec7t gi\u1edd \u0111\u00e2y \u0111\u00e3 tr\u1edf th\u00e0nh c\u00e1c t\u00e1c ph\u1ea9m ngh\u1ec7 thu\u1eadt v\u1edbi s\u1ef1 k\u1ebft h\u1ee3p c\u1ee7a nhi\u1ec1u h\u00ecnh \u1ea3nh s\u1ed1ng \u0111\u1ed9ng c\u00f9ng \u00e2m thanh m\u1ed9c m\u1ea1c c\u1ee7a ti\u1ebfng S\u00e1o. V\u1edbi l\u00f2ng \u0111am m\u00ea, s\u1ef1 ki\u00ean tr\u00ec, mi\u1ec7t m\u00e0i, t\u1ec9 m\u1ec9 trong m\u1ed7i c\u00f4ng \u0111o\u1ea1n c\u00f9ng s\u1ef1 s\u00e1ng t\u1ea1o, nh\u1eefng Ngh\u1ec7 Nh\u00e2n L\u00e0m Di\u1ec1u S\u00e1o \u0111\u00e3 \u0111\u01b0a nh\u1eefng C\u00e1nh Di\u1ec1u Vi\u1ec7t Nam bay cao c\u00f9ng c\u00f9ng giai \u0111i\u1ec7u \u00e2m vang, lan to\u1ea3 tr\u00ean b\u1ea7u tr\u1eddi c\u1ee7a nh\u1eefng n\u1ec1n v\u0103n ho\u00e1 kh\u00e1c trong c\u00e1c cu\u1ed9c thi Di\u1ec1u Qu\u1ed1c T\u1ebf \u1edf nhi\u1ec1u qu\u1ed1c gia.  H\u1ecda s\u0129 B\/S Art Studio \u0111\u00e3 l\u1ea5y c\u1ea3m h\u1ee9ng t\u1eeb B\u1ed3 Lao, l\u00e0 \u0111\u1ee9a con th\u1ee9 ba c\u1ee7a R\u1ed3ng, m\u1ed9t linh v\u1eadt th\u00edch \u00e2m thanh vang l\u1edbn \u0111\u1ec3 m\u00f4 t\u1ea3 v\u1ebb \u0111\u1eb9p \u00e2m ti\u1ebft v\u00e0 \u0111i\u1ec3m \u0111\u1eb7c bi\u1ec7t ch\u1ec9 c\u00f3 \u1edf Di\u1ec1u S\u00e1o Vi\u1ec7t Nam.\" \/>\n<meta property=\"og:url\" content=\"https:\/\/bsartstudio.vn\/en\/products\/flute-kite-craftwoman\/\" \/>\n<meta property=\"og:site_name\" content=\"B\/S Art Studio\" \/>\n<meta property=\"article:modified_time\" content=\"2023-08-18T07:48:49+00:00\" \/>\n<meta property=\"og:image\" content=\"https:\/\/bsartstudio.vn\/wp-content\/uploads\/2023\/03\/161462272_4302496229809352_2345342810864019523_n.jpg\" \/>\n\t<meta property=\"og:image:width\" content=\"1438\" \/>\n\t<meta property=\"og:image:height\" content=\"2048\" \/>\n\t<meta property=\"og:image:type\" content=\"image\/jpeg\" \/>\n<meta name=\"twitter:card\" content=\"summary_large_image\" \/>\n<script type=\"application\/ld+json\" class=\"yoast-schema-graph\">{\"@context\":\"https:\/\/schema.org\",\"@graph\":[{\"@type\":\"WebPage\",\"@id\":\"https:\/\/bsartstudio.vn\/en\/products\/flute-kite-craftwoman\/\",\"url\":\"https:\/\/bsartstudio.vn\/en\/products\/flute-kite-craftwoman\/\",\"name\":\"Ngh\u1ec7 Nh\u00e2n Di\u1ec1u S\u00e1o - B\/S Art Studio\",\"isPartOf\":{\"@id\":\"https:\/\/bsartstudio.vn\/ja\/#website\"},\"primaryImageOfPage\":{\"@id\":\"https:\/\/bsartstudio.vn\/en\/products\/flute-kite-craftwoman\/#primaryimage\"},\"image\":{\"@id\":\"https:\/\/bsartstudio.vn\/en\/products\/flute-kite-craftwoman\/#primaryimage\"},\"thumbnailUrl\":\"https:\/\/bsartstudio.vn\/wp-content\/uploads\/2023\/03\/Art-Prints-Vietnamese-Craftwoman-13.jpg\",\"datePublished\":\"2023-03-21T08:49:19+00:00\",\"dateModified\":\"2023-08-18T07:48:49+00:00\",\"breadcrumb\":{\"@id\":\"https:\/\/bsartstudio.vn\/en\/products\/flute-kite-craftwoman\/#breadcrumb\"},\"inLanguage\":\"vi-VN\",\"potentialAction\":[{\"@type\":\"ReadAction\",\"target\":[\"https:\/\/bsartstudio.vn\/en\/products\/flute-kite-craftwoman\/\"]}]},{\"@type\":\"ImageObject\",\"inLanguage\":\"vi-VN\",\"@id\":\"https:\/\/bsartstudio.vn\/en\/products\/flute-kite-craftwoman\/#primaryimage\",\"url\":\"https:\/\/bsartstudio.vn\/wp-content\/uploads\/2023\/03\/Art-Prints-Vietnamese-Craftwoman-13.jpg\",\"contentUrl\":\"https:\/\/bsartstudio.vn\/wp-content\/uploads\/2023\/03\/Art-Prints-Vietnamese-Craftwoman-13.jpg\",\"width\":1920,\"height\":1920,\"caption\":\"Art Prints Vietnamese Craftwoman\"},{\"@type\":\"BreadcrumbList\",\"@id\":\"https:\/\/bsartstudio.vn\/en\/products\/flute-kite-craftwoman\/#breadcrumb\",\"itemListElement\":[{\"@type\":\"ListItem\",\"position\":1,\"name\":\"Home\",\"item\":\"https:\/\/bsartstudio.vn\/en\/\"},{\"@type\":\"ListItem\",\"position\":2,\"name\":\"Shop\",\"item\":\"https:\/\/bsartstudio.vn\/en\/shop\/\"},{\"@type\":\"ListItem\",\"position\":3,\"name\":\"Ngh\u1ec7 Nh\u00e2n Di\u1ec1u S\u00e1o\"}]},{\"@type\":\"WebSite\",\"@id\":\"https:\/\/bsartstudio.vn\/ja\/#website\",\"url\":\"https:\/\/bsartstudio.vn\/ja\/\",\"name\":\"B\/S Art Studio\",\"description\":\"\",\"publisher\":{\"@id\":\"https:\/\/bsartstudio.vn\/ja\/#organization\"},\"potentialAction\":[{\"@type\":\"SearchAction\",\"target\":{\"@type\":\"EntryPoint\",\"urlTemplate\":\"https:\/\/bsartstudio.vn\/ja\/?s={search_term_string}\"},\"query-input\":{\"@type\":\"PropertyValueSpecification\",\"valueRequired\":true,\"valueName\":\"search_term_string\"}}],\"inLanguage\":\"vi-VN\"},{\"@type\":\"Organization\",\"@id\":\"https:\/\/bsartstudio.vn\/ja\/#organization\",\"name\":\"B\/S Art Studio\",\"url\":\"https:\/\/bsartstudio.vn\/ja\/\",\"logo\":{\"@type\":\"ImageObject\",\"inLanguage\":\"vi-VN\",\"@id\":\"https:\/\/bsartstudio.vn\/ja\/#\/schema\/logo\/image\/\",\"url\":\"https:\/\/bsartstudio.vn\/wp-content\/uploads\/2020\/03\/54526018_2272576089468053_1525084505319145472_n.jpg\",\"contentUrl\":\"https:\/\/bsartstudio.vn\/wp-content\/uploads\/2020\/03\/54526018_2272576089468053_1525084505319145472_n.jpg\",\"width\":958,\"height\":958,\"caption\":\"B\/S Art Studio\"},\"image\":{\"@id\":\"https:\/\/bsartstudio.vn\/ja\/#\/schema\/logo\/image\/\"}}]}<\/script>\n<!-- \/ Yoast SEO plugin. -->","yoast_head_json":{"title":"Ngh\u1ec7 Nh\u00e2n Di\u1ec1u S\u00e1o - B\/S Art Studio","robots":{"index":"index","follow":"follow","max-snippet":"max-snippet:-1","max-image-preview":"max-image-preview:large","max-video-preview":"max-video-preview:-1"},"canonical":"https:\/\/bsartstudio.vn\/en\/products\/flute-kite-craftwoman\/","og_locale":"vi_VN","og_type":"article","og_title":"Ngh\u1ec7 Nh\u00e2n Di\u1ec1u S\u00e1o - B\/S Art Studio","og_description":"Nh\u1eefng C\u00e1nh Di\u1ec1u bay ph\u1ea5p ph\u1edbi tr\u00ean c\u00e1nh \u0111\u1ed3ng bao la kh\u00f4ng ch\u1ec9 l\u00e0 h\u00ecnh \u1ea3nh \u0111\u1eb7c tr\u01b0ng c\u1ee7a l\u00e0ng qu\u00ea m\u00e0 \u0111\u00f3 c\u00f2n l\u00e0 m\u1ed9t tr\u00f2 ch\u01a1i d\u00e2n gian c\u00f3 l\u1ecbch s\u1eed l\u00e2u \u0111\u1eddi, mang nhi\u1ec1u \u00fd ngh\u0129a v\u0103n h\u00f3a Vi\u1ec7t Nam.  \u0110\u1eb7c bi\u1ec7t, Di\u1ec1u S\u00e1o Vi\u1ec7t gi\u1edd \u0111\u00e2y \u0111\u00e3 tr\u1edf th\u00e0nh c\u00e1c t\u00e1c ph\u1ea9m ngh\u1ec7 thu\u1eadt v\u1edbi s\u1ef1 k\u1ebft h\u1ee3p c\u1ee7a nhi\u1ec1u h\u00ecnh \u1ea3nh s\u1ed1ng \u0111\u1ed9ng c\u00f9ng \u00e2m thanh m\u1ed9c m\u1ea1c c\u1ee7a ti\u1ebfng S\u00e1o. V\u1edbi l\u00f2ng \u0111am m\u00ea, s\u1ef1 ki\u00ean tr\u00ec, mi\u1ec7t m\u00e0i, t\u1ec9 m\u1ec9 trong m\u1ed7i c\u00f4ng \u0111o\u1ea1n c\u00f9ng s\u1ef1 s\u00e1ng t\u1ea1o, nh\u1eefng Ngh\u1ec7 Nh\u00e2n L\u00e0m Di\u1ec1u S\u00e1o \u0111\u00e3 \u0111\u01b0a nh\u1eefng C\u00e1nh Di\u1ec1u Vi\u1ec7t Nam bay cao c\u00f9ng c\u00f9ng giai \u0111i\u1ec7u \u00e2m vang, lan to\u1ea3 tr\u00ean b\u1ea7u tr\u1eddi c\u1ee7a nh\u1eefng n\u1ec1n v\u0103n ho\u00e1 kh\u00e1c trong c\u00e1c cu\u1ed9c thi Di\u1ec1u Qu\u1ed1c T\u1ebf \u1edf nhi\u1ec1u qu\u1ed1c gia.  H\u1ecda s\u0129 B\/S Art Studio \u0111\u00e3 l\u1ea5y c\u1ea3m h\u1ee9ng t\u1eeb B\u1ed3 Lao, l\u00e0 \u0111\u1ee9a con th\u1ee9 ba c\u1ee7a R\u1ed3ng, m\u1ed9t linh v\u1eadt th\u00edch \u00e2m thanh vang l\u1edbn \u0111\u1ec3 m\u00f4 t\u1ea3 v\u1ebb \u0111\u1eb9p \u00e2m ti\u1ebft v\u00e0 \u0111i\u1ec3m \u0111\u1eb7c bi\u1ec7t ch\u1ec9 c\u00f3 \u1edf Di\u1ec1u S\u00e1o Vi\u1ec7t Nam.","og_url":"https:\/\/bsartstudio.vn\/en\/products\/flute-kite-craftwoman\/","og_site_name":"B\/S Art Studio","article_modified_time":"2023-08-18T07:48:49+00:00","og_image":[{"width":1438,"height":2048,"url":"https:\/\/bsartstudio.vn\/wp-content\/uploads\/2023\/03\/161462272_4302496229809352_2345342810864019523_n.jpg","type":"image\/jpeg"}],"twitter_card":"summary_large_image","schema":{"@context":"https:\/\/schema.org","@graph":[{"@type":"WebPage","@id":"https:\/\/bsartstudio.vn\/en\/products\/flute-kite-craftwoman\/","url":"https:\/\/bsartstudio.vn\/en\/products\/flute-kite-craftwoman\/","name":"Ngh\u1ec7 Nh\u00e2n Di\u1ec1u S\u00e1o - B\/S Art Studio","isPartOf":{"@id":"https:\/\/bsartstudio.vn\/ja\/#website"},"primaryImageOfPage":{"@id":"https:\/\/bsartstudio.vn\/en\/products\/flute-kite-craftwoman\/#primaryimage"},"image":{"@id":"https:\/\/bsartstudio.vn\/en\/products\/flute-kite-craftwoman\/#primaryimage"},"thumbnailUrl":"https:\/\/bsartstudio.vn\/wp-content\/uploads\/2023\/03\/Art-Prints-Vietnamese-Craftwoman-13.jpg","datePublished":"2023-03-21T08:49:19+00:00","dateModified":"2023-08-18T07:48:49+00:00","breadcrumb":{"@id":"https:\/\/bsartstudio.vn\/en\/products\/flute-kite-craftwoman\/#breadcrumb"},"inLanguage":"vi-VN","potentialAction":[{"@type":"ReadAction","target":["https:\/\/bsartstudio.vn\/en\/products\/flute-kite-craftwoman\/"]}]},{"@type":"ImageObject","inLanguage":"vi-VN","@id":"https:\/\/bsartstudio.vn\/en\/products\/flute-kite-craftwoman\/#primaryimage","url":"https:\/\/bsartstudio.vn\/wp-content\/uploads\/2023\/03\/Art-Prints-Vietnamese-Craftwoman-13.jpg","contentUrl":"https:\/\/bsartstudio.vn\/wp-content\/uploads\/2023\/03\/Art-Prints-Vietnamese-Craftwoman-13.jpg","width":1920,"height":1920,"caption":"Art Prints Vietnamese Craftwoman"},{"@type":"BreadcrumbList","@id":"https:\/\/bsartstudio.vn\/en\/products\/flute-kite-craftwoman\/#breadcrumb","itemListElement":[{"@type":"ListItem","position":1,"name":"Home","item":"https:\/\/bsartstudio.vn\/en\/"},{"@type":"ListItem","position":2,"name":"Shop","item":"https:\/\/bsartstudio.vn\/en\/shop\/"},{"@type":"ListItem","position":3,"name":"Ngh\u1ec7 Nh\u00e2n Di\u1ec1u S\u00e1o"}]},{"@type":"WebSite","@id":"https:\/\/bsartstudio.vn\/ja\/#website","url":"https:\/\/bsartstudio.vn\/ja\/","name":"B\/S Art Studio","description":"","publisher":{"@id":"https:\/\/bsartstudio.vn\/ja\/#organization"},"potentialAction":[{"@type":"SearchAction","target":{"@type":"EntryPoint","urlTemplate":"https:\/\/bsartstudio.vn\/ja\/?s={search_term_string}"},"query-input":{"@type":"PropertyValueSpecification","valueRequired":true,"valueName":"search_term_string"}}],"inLanguage":"vi-VN"},{"@type":"Organization","@id":"https:\/\/bsartstudio.vn\/ja\/#organization","name":"B\/S Art Studio","url":"https:\/\/bsartstudio.vn\/ja\/","logo":{"@type":"ImageObject","inLanguage":"vi-VN","@id":"https:\/\/bsartstudio.vn\/ja\/#\/schema\/logo\/image\/","url":"https:\/\/bsartstudio.vn\/wp-content\/uploads\/2020\/03\/54526018_2272576089468053_1525084505319145472_n.jpg","contentUrl":"https:\/\/bsartstudio.vn\/wp-content\/uploads\/2020\/03\/54526018_2272576089468053_1525084505319145472_n.jpg","width":958,"height":958,"caption":"B\/S Art Studio"},"image":{"@id":"https:\/\/bsartstudio.vn\/ja\/#\/schema\/logo\/image\/"}}]}},"_links":{"self":[{"href":"https:\/\/bsartstudio.vn\/vi\/wp-json\/wp\/v2\/product\/6018"}],"collection":[{"href":"https:\/\/bsartstudio.vn\/vi\/wp-json\/wp\/v2\/product"}],"about":[{"href":"https:\/\/bsartstudio.vn\/vi\/wp-json\/wp\/v2\/types\/product"}],"wp:featuredmedia":[{"embeddable":true,"href":"https:\/\/bsartstudio.vn\/vi\/wp-json\/wp\/v2\/media\/7774"}],"wp:attachment":[{"href":"https:\/\/bsartstudio.vn\/vi\/wp-json\/wp\/v2\/media?parent=6018"}],"wp:term":[{"taxonomy":"product_cat","embeddable":true,"href":"https:\/\/bsartstudio.vn\/vi\/wp-json\/wp\/v2\/product_cat?post=6018"},{"taxonomy":"product_tag","embeddable":true,"href":"https:\/\/bsartstudio.vn\/vi\/wp-json\/wp\/v2\/product_tag?post=6018"}],"curies":[{"name":"wp","href":"https:\/\/api.w.org\/{rel}","templated":true}]}}