{"id":6017,"date":"2023-08-14T12:47:26","date_gmt":"2023-08-14T05:47:26","guid":{"rendered":"https:\/\/bsartstudio.vn\/products\/ong-chu\/"},"modified":"2025-02-12T17:59:24","modified_gmt":"2025-02-12T10:59:24","slug":"ong-chu","status":"publish","type":"product","link":"https:\/\/bsartstudio.vn\/vi\/products\/ong-chu\/","title":{"rendered":"&#8220;\u00d4ng Ch\u1ee7&#8221;"},"content":{"rendered":"<p><b>K\u00edch th\u01b0\u1edbc:<\/b> 30 cm x 40 cm<\/p>\n<p>M\u00e0u: m\u00e0u Acrylic<\/p>\n<p>Ch\u1ea5t li\u1ec7u: Canvas<\/p>\n","protected":false},"excerpt":{"rendered":"<p>\ud83d\udca2 Nh\u00ecn b\u1ec1 ngo\u00e0i th\u00ec th\u1ea5y \u00f4ng ch\u1ee7 hay la m\u1eafng, gay g\u1eaft, d\u1eef v\u1edbi nh\u00e2n vi\u00ean khi nh\u00e2n vi\u00ean l\u00e0m sai hay kh\u00f4ng th\u1ef1c hi\u1ec7n t\u1ed1t c\u00f4ng vi\u1ec7c. Nh\u01b0ng ch\u00ednh \u00f4ng ch\u1ee7 c\u0169ng c\u00f3 nhi\u1ec1u lo l\u1eafng, phi\u1ec1n mu\u1ed9n l\u00e0m sao \u0111\u1ec3 c\u00f4ng vi\u1ec7c trong c\u00f4ng ty tr\u00f4i ch\u1ea3y, thu\u1eadn l\u1ee3i \u0111\u1ec3 v\u1eabn \u0111\u1ea3m b\u1ea3o c\u00f4ng vi\u1ec7c v\u00e0 cu\u1ed9c s\u1ed1ng cho nh\u00e2n vi\u00ean.<\/p>\n<p>\u2728Th\u00f4ng qua t\u00e1c ph\u1ea9m, h\u1ecda s\u0129 mong mu\u1ed1n truy\u1ec1n t\u1ea3i th\u00f4ng \u0111i\u1ec7p, c\u00f4ng ty l\u00e0 t\u1eadp th\u1ec3 c\u1ee7a nhi\u1ec1u ng\u01b0\u1eddi c\u00f9ng chung tay g\u00f3p s\u1ee9c x\u00e2y d\u1ef1ng, v\u00ec v\u1eady b\u1ea1n h\u00e3y c\u1ed1 g\u1eafng h\u1ecdc t\u1eadp, trau d\u1ed3i ki\u1ebfn th\u1ee9c, k\u1ef9 n\u0103ng \u0111\u1ec3 ph\u00e1t tri\u1ec3n b\u1ea3n th\u00e2n c\u0169ng ch\u00ednh l\u00e0 gi\u00fap c\u00f4ng vi\u1ec7c c\u1ee7a b\u1ea3n th\u00e2n duy tr\u00ec v\u00e0 ng\u00e0y c\u00e0ng th\u0103ng ti\u1ebfn.<\/p>\n","protected":false},"featured_media":5989,"template":"","meta":{"_et_pb_use_builder":"","_et_pb_old_content":"","_et_gb_content_width":""},"product_cat":[59,431],"product_tag":[126,176,138,173,171,156,170,175],"yoast_head":"<!-- This site is optimized with the Yoast SEO plugin v24.5 - https:\/\/yoast.com\/wordpress\/plugins\/seo\/ -->\n<title>&quot;\u00d4ng Ch\u1ee7&quot; - B\/S Art Studio<\/title>\n<meta name=\"robots\" content=\"index, follow, max-snippet:-1, max-image-preview:large, max-video-preview:-1\" \/>\n<link rel=\"canonical\" href=\"https:\/\/bsartstudio.vn\/vi\/products\/ong-chu\/\" \/>\n<meta property=\"og:locale\" content=\"vi_VN\" \/>\n<meta property=\"og:type\" content=\"article\" \/>\n<meta property=\"og:title\" content=\"&quot;\u00d4ng Ch\u1ee7&quot; - B\/S Art Studio\" \/>\n<meta property=\"og:description\" content=\"\ud83d\udca2 Nh\u00ecn b\u1ec1 ngo\u00e0i th\u00ec th\u1ea5y \u00f4ng ch\u1ee7 hay la m\u1eafng, gay g\u1eaft, d\u1eef v\u1edbi nh\u00e2n vi\u00ean khi nh\u00e2n vi\u00ean l\u00e0m sai hay kh\u00f4ng th\u1ef1c hi\u1ec7n t\u1ed1t c\u00f4ng vi\u1ec7c. Nh\u01b0ng ch\u00ednh \u00f4ng ch\u1ee7 c\u0169ng c\u00f3 nhi\u1ec1u lo l\u1eafng, phi\u1ec1n mu\u1ed9n l\u00e0m sao \u0111\u1ec3 c\u00f4ng vi\u1ec7c trong c\u00f4ng ty tr\u00f4i ch\u1ea3y, thu\u1eadn l\u1ee3i \u0111\u1ec3 v\u1eabn \u0111\u1ea3m b\u1ea3o c\u00f4ng vi\u1ec7c v\u00e0 cu\u1ed9c s\u1ed1ng cho nh\u00e2n vi\u00ean. \u2728Th\u00f4ng qua t\u00e1c ph\u1ea9m, h\u1ecda s\u0129 mong mu\u1ed1n truy\u1ec1n t\u1ea3i th\u00f4ng \u0111i\u1ec7p, c\u00f4ng ty l\u00e0 t\u1eadp th\u1ec3 c\u1ee7a nhi\u1ec1u ng\u01b0\u1eddi c\u00f9ng chung tay g\u00f3p s\u1ee9c x\u00e2y d\u1ef1ng, v\u00ec v\u1eady b\u1ea1n h\u00e3y c\u1ed1 g\u1eafng h\u1ecdc t\u1eadp, trau d\u1ed3i ki\u1ebfn th\u1ee9c, k\u1ef9 n\u0103ng \u0111\u1ec3 ph\u00e1t tri\u1ec3n b\u1ea3n th\u00e2n c\u0169ng ch\u00ednh l\u00e0 gi\u00fap c\u00f4ng vi\u1ec7c c\u1ee7a b\u1ea3n th\u00e2n duy tr\u00ec v\u00e0 ng\u00e0y c\u00e0ng th\u0103ng ti\u1ebfn.\" \/>\n<meta property=\"og:url\" content=\"https:\/\/bsartstudio.vn\/vi\/products\/ong-chu\/\" \/>\n<meta property=\"og:site_name\" content=\"B\/S Art Studio\" \/>\n<meta property=\"article:modified_time\" content=\"2025-02-12T10:59:24+00:00\" \/>\n<meta property=\"og:image\" content=\"https:\/\/bsartstudio.vn\/wp-content\/uploads\/2023\/08\/Ong-Chu-The-Boss-4.jpg\" \/>\n\t<meta property=\"og:image:width\" content=\"1908\" \/>\n\t<meta property=\"og:image:height\" content=\"2544\" \/>\n\t<meta property=\"og:image:type\" content=\"image\/jpeg\" \/>\n<meta name=\"twitter:card\" content=\"summary_large_image\" \/>\n<script type=\"application\/ld+json\" class=\"yoast-schema-graph\">{\"@context\":\"https:\/\/schema.org\",\"@graph\":[{\"@type\":\"WebPage\",\"@id\":\"https:\/\/bsartstudio.vn\/vi\/products\/ong-chu\/\",\"url\":\"https:\/\/bsartstudio.vn\/vi\/products\/ong-chu\/\",\"name\":\"\\\"\u00d4ng Ch\u1ee7\\\" - B\/S Art Studio\",\"isPartOf\":{\"@id\":\"https:\/\/bsartstudio.vn\/ja\/#website\"},\"primaryImageOfPage\":{\"@id\":\"https:\/\/bsartstudio.vn\/vi\/products\/ong-chu\/#primaryimage\"},\"image\":{\"@id\":\"https:\/\/bsartstudio.vn\/vi\/products\/ong-chu\/#primaryimage\"},\"thumbnailUrl\":\"https:\/\/bsartstudio.vn\/wp-content\/uploads\/2023\/08\/Ong-Chu-The-Boss-4.jpg\",\"datePublished\":\"2023-08-14T05:47:26+00:00\",\"dateModified\":\"2025-02-12T10:59:24+00:00\",\"breadcrumb\":{\"@id\":\"https:\/\/bsartstudio.vn\/vi\/products\/ong-chu\/#breadcrumb\"},\"inLanguage\":\"vi-VN\",\"potentialAction\":[{\"@type\":\"ReadAction\",\"target\":[\"https:\/\/bsartstudio.vn\/vi\/products\/ong-chu\/\"]}]},{\"@type\":\"ImageObject\",\"inLanguage\":\"vi-VN\",\"@id\":\"https:\/\/bsartstudio.vn\/vi\/products\/ong-chu\/#primaryimage\",\"url\":\"https:\/\/bsartstudio.vn\/wp-content\/uploads\/2023\/08\/Ong-Chu-The-Boss-4.jpg\",\"contentUrl\":\"https:\/\/bsartstudio.vn\/wp-content\/uploads\/2023\/08\/Ong-Chu-The-Boss-4.jpg\",\"width\":1908,\"height\":2544},{\"@type\":\"BreadcrumbList\",\"@id\":\"https:\/\/bsartstudio.vn\/vi\/products\/ong-chu\/#breadcrumb\",\"itemListElement\":[{\"@type\":\"ListItem\",\"position\":1,\"name\":\"Home\",\"item\":\"https:\/\/bsartstudio.vn\/en\/\"},{\"@type\":\"ListItem\",\"position\":2,\"name\":\"Shop\",\"item\":\"https:\/\/bsartstudio.vn\/en\/shop\/\"},{\"@type\":\"ListItem\",\"position\":3,\"name\":\"&#8220;\u00d4ng Ch\u1ee7&#8221;\"}]},{\"@type\":\"WebSite\",\"@id\":\"https:\/\/bsartstudio.vn\/ja\/#website\",\"url\":\"https:\/\/bsartstudio.vn\/ja\/\",\"name\":\"B\/S Art Studio\",\"description\":\"\",\"publisher\":{\"@id\":\"https:\/\/bsartstudio.vn\/ja\/#organization\"},\"potentialAction\":[{\"@type\":\"SearchAction\",\"target\":{\"@type\":\"EntryPoint\",\"urlTemplate\":\"https:\/\/bsartstudio.vn\/ja\/?s={search_term_string}\"},\"query-input\":{\"@type\":\"PropertyValueSpecification\",\"valueRequired\":true,\"valueName\":\"search_term_string\"}}],\"inLanguage\":\"vi-VN\"},{\"@type\":\"Organization\",\"@id\":\"https:\/\/bsartstudio.vn\/ja\/#organization\",\"name\":\"B\/S Art Studio\",\"url\":\"https:\/\/bsartstudio.vn\/ja\/\",\"logo\":{\"@type\":\"ImageObject\",\"inLanguage\":\"vi-VN\",\"@id\":\"https:\/\/bsartstudio.vn\/ja\/#\/schema\/logo\/image\/\",\"url\":\"https:\/\/bsartstudio.vn\/wp-content\/uploads\/2020\/03\/54526018_2272576089468053_1525084505319145472_n.jpg\",\"contentUrl\":\"https:\/\/bsartstudio.vn\/wp-content\/uploads\/2020\/03\/54526018_2272576089468053_1525084505319145472_n.jpg\",\"width\":958,\"height\":958,\"caption\":\"B\/S Art Studio\"},\"image\":{\"@id\":\"https:\/\/bsartstudio.vn\/ja\/#\/schema\/logo\/image\/\"}}]}<\/script>\n<!-- \/ Yoast SEO plugin. -->","yoast_head_json":{"title":"\"\u00d4ng Ch\u1ee7\" - B\/S Art Studio","robots":{"index":"index","follow":"follow","max-snippet":"max-snippet:-1","max-image-preview":"max-image-preview:large","max-video-preview":"max-video-preview:-1"},"canonical":"https:\/\/bsartstudio.vn\/vi\/products\/ong-chu\/","og_locale":"vi_VN","og_type":"article","og_title":"\"\u00d4ng Ch\u1ee7\" - B\/S Art Studio","og_description":"\ud83d\udca2 Nh\u00ecn b\u1ec1 ngo\u00e0i th\u00ec th\u1ea5y \u00f4ng ch\u1ee7 hay la m\u1eafng, gay g\u1eaft, d\u1eef v\u1edbi nh\u00e2n vi\u00ean khi nh\u00e2n vi\u00ean l\u00e0m sai hay kh\u00f4ng th\u1ef1c hi\u1ec7n t\u1ed1t c\u00f4ng vi\u1ec7c. Nh\u01b0ng ch\u00ednh \u00f4ng ch\u1ee7 c\u0169ng c\u00f3 nhi\u1ec1u lo l\u1eafng, phi\u1ec1n mu\u1ed9n l\u00e0m sao \u0111\u1ec3 c\u00f4ng vi\u1ec7c trong c\u00f4ng ty tr\u00f4i ch\u1ea3y, thu\u1eadn l\u1ee3i \u0111\u1ec3 v\u1eabn \u0111\u1ea3m b\u1ea3o c\u00f4ng vi\u1ec7c v\u00e0 cu\u1ed9c s\u1ed1ng cho nh\u00e2n vi\u00ean. \u2728Th\u00f4ng qua t\u00e1c ph\u1ea9m, h\u1ecda s\u0129 mong mu\u1ed1n truy\u1ec1n t\u1ea3i th\u00f4ng \u0111i\u1ec7p, c\u00f4ng ty l\u00e0 t\u1eadp th\u1ec3 c\u1ee7a nhi\u1ec1u ng\u01b0\u1eddi c\u00f9ng chung tay g\u00f3p s\u1ee9c x\u00e2y d\u1ef1ng, v\u00ec v\u1eady b\u1ea1n h\u00e3y c\u1ed1 g\u1eafng h\u1ecdc t\u1eadp, trau d\u1ed3i ki\u1ebfn th\u1ee9c, k\u1ef9 n\u0103ng \u0111\u1ec3 ph\u00e1t tri\u1ec3n b\u1ea3n th\u00e2n c\u0169ng ch\u00ednh l\u00e0 gi\u00fap c\u00f4ng vi\u1ec7c c\u1ee7a b\u1ea3n th\u00e2n duy tr\u00ec v\u00e0 ng\u00e0y c\u00e0ng th\u0103ng ti\u1ebfn.","og_url":"https:\/\/bsartstudio.vn\/vi\/products\/ong-chu\/","og_site_name":"B\/S Art Studio","article_modified_time":"2025-02-12T10:59:24+00:00","og_image":[{"width":1908,"height":2544,"url":"https:\/\/bsartstudio.vn\/wp-content\/uploads\/2023\/08\/Ong-Chu-The-Boss-4.jpg","type":"image\/jpeg"}],"twitter_card":"summary_large_image","schema":{"@context":"https:\/\/schema.org","@graph":[{"@type":"WebPage","@id":"https:\/\/bsartstudio.vn\/vi\/products\/ong-chu\/","url":"https:\/\/bsartstudio.vn\/vi\/products\/ong-chu\/","name":"\"\u00d4ng Ch\u1ee7\" - B\/S Art Studio","isPartOf":{"@id":"https:\/\/bsartstudio.vn\/ja\/#website"},"primaryImageOfPage":{"@id":"https:\/\/bsartstudio.vn\/vi\/products\/ong-chu\/#primaryimage"},"image":{"@id":"https:\/\/bsartstudio.vn\/vi\/products\/ong-chu\/#primaryimage"},"thumbnailUrl":"https:\/\/bsartstudio.vn\/wp-content\/uploads\/2023\/08\/Ong-Chu-The-Boss-4.jpg","datePublished":"2023-08-14T05:47:26+00:00","dateModified":"2025-02-12T10:59:24+00:00","breadcrumb":{"@id":"https:\/\/bsartstudio.vn\/vi\/products\/ong-chu\/#breadcrumb"},"inLanguage":"vi-VN","potentialAction":[{"@type":"ReadAction","target":["https:\/\/bsartstudio.vn\/vi\/products\/ong-chu\/"]}]},{"@type":"ImageObject","inLanguage":"vi-VN","@id":"https:\/\/bsartstudio.vn\/vi\/products\/ong-chu\/#primaryimage","url":"https:\/\/bsartstudio.vn\/wp-content\/uploads\/2023\/08\/Ong-Chu-The-Boss-4.jpg","contentUrl":"https:\/\/bsartstudio.vn\/wp-content\/uploads\/2023\/08\/Ong-Chu-The-Boss-4.jpg","width":1908,"height":2544},{"@type":"BreadcrumbList","@id":"https:\/\/bsartstudio.vn\/vi\/products\/ong-chu\/#breadcrumb","itemListElement":[{"@type":"ListItem","position":1,"name":"Home","item":"https:\/\/bsartstudio.vn\/en\/"},{"@type":"ListItem","position":2,"name":"Shop","item":"https:\/\/bsartstudio.vn\/en\/shop\/"},{"@type":"ListItem","position":3,"name":"&#8220;\u00d4ng Ch\u1ee7&#8221;"}]},{"@type":"WebSite","@id":"https:\/\/bsartstudio.vn\/ja\/#website","url":"https:\/\/bsartstudio.vn\/ja\/","name":"B\/S Art Studio","description":"","publisher":{"@id":"https:\/\/bsartstudio.vn\/ja\/#organization"},"potentialAction":[{"@type":"SearchAction","target":{"@type":"EntryPoint","urlTemplate":"https:\/\/bsartstudio.vn\/ja\/?s={search_term_string}"},"query-input":{"@type":"PropertyValueSpecification","valueRequired":true,"valueName":"search_term_string"}}],"inLanguage":"vi-VN"},{"@type":"Organization","@id":"https:\/\/bsartstudio.vn\/ja\/#organization","name":"B\/S Art Studio","url":"https:\/\/bsartstudio.vn\/ja\/","logo":{"@type":"ImageObject","inLanguage":"vi-VN","@id":"https:\/\/bsartstudio.vn\/ja\/#\/schema\/logo\/image\/","url":"https:\/\/bsartstudio.vn\/wp-content\/uploads\/2020\/03\/54526018_2272576089468053_1525084505319145472_n.jpg","contentUrl":"https:\/\/bsartstudio.vn\/wp-content\/uploads\/2020\/03\/54526018_2272576089468053_1525084505319145472_n.jpg","width":958,"height":958,"caption":"B\/S Art Studio"},"image":{"@id":"https:\/\/bsartstudio.vn\/ja\/#\/schema\/logo\/image\/"}}]}},"_links":{"self":[{"href":"https:\/\/bsartstudio.vn\/vi\/wp-json\/wp\/v2\/product\/6017"}],"collection":[{"href":"https:\/\/bsartstudio.vn\/vi\/wp-json\/wp\/v2\/product"}],"about":[{"href":"https:\/\/bsartstudio.vn\/vi\/wp-json\/wp\/v2\/types\/product"}],"wp:featuredmedia":[{"embeddable":true,"href":"https:\/\/bsartstudio.vn\/vi\/wp-json\/wp\/v2\/media\/5989"}],"wp:attachment":[{"href":"https:\/\/bsartstudio.vn\/vi\/wp-json\/wp\/v2\/media?parent=6017"}],"wp:term":[{"taxonomy":"product_cat","embeddable":true,"href":"https:\/\/bsartstudio.vn\/vi\/wp-json\/wp\/v2\/product_cat?post=6017"},{"taxonomy":"product_tag","embeddable":true,"href":"https:\/\/bsartstudio.vn\/vi\/wp-json\/wp\/v2\/product_tag?post=6017"}],"curies":[{"name":"wp","href":"https:\/\/api.w.org\/{rel}","templated":true}]}}