{"id":5971,"date":"2023-08-05T14:30:10","date_gmt":"2023-08-05T07:30:10","guid":{"rendered":"https:\/\/bsartstudio.vn\/products\/xa-hoi-loai-gam-nham-ngheo\/"},"modified":"2025-02-23T17:14:32","modified_gmt":"2025-02-23T10:14:32","slug":"xa-hoi-loai-gam-nham-ngheo","status":"publish","type":"product","link":"https:\/\/bsartstudio.vn\/vi\/products\/xa-hoi-loai-gam-nham-ngheo\/","title":{"rendered":"X\u00e3 H\u1ed9i Lo\u00e0i G\u1eb7m Nh\u1ea5m &#8211; Ngh\u00e8o \u0110\u00f3i"},"content":{"rendered":"<p><strong>T\u00e1c ph\u1ea9m &#8220;X\u00e3 H\u1ed9i Lo\u00e0i G\u1eb7m Nh\u1ea5m &#8211; Ngh\u00e8o \u0110\u00f3i&#8221;<\/strong><\/p>\n<p>K\u00edch th\u01b0\u1edbc: 30 cm x 40 cm<\/p>\n<p>Ch\u1ea5t li\u1ec7u: Canvas<\/p>\n<p>M\u00e0u: m\u00e0u Acrylic<\/p>\n","protected":false},"excerpt":{"rendered":"<p>\ud83d\udc2dH\u1ecda s\u0129 \u0111\u00e3 m\u01b0\u1ee3n h\u00ecnh \u1ea3nh lo\u00e0i g\u1eb7m nh\u1ea5m \u0111\u1ec3 m\u00f4 t\u1ea3 x\u00e3 h\u1ed9i lo\u00e0i ng\u01b0\u1eddi c\u00f9ng v\u1edbi nh\u1eefng v\u1ea5n n\u1ea1n x\u00e3 h\u1ed9i nh\u01b0 ngh\u00e8o \u0111\u00f3i, c\u01b0\u1edbp b\u00f3c, b\u1ea1o l\u1ef1c.<\/p>\n<p>\ud83d\udc30 Nguy\u00ean nh\u00e2n l\u00e0 do d\u1ecbch b\u1ec7nh, chi\u1ebfn tranh v\u00e0 nh\u1eefng t\u00e1c \u0111\u1ed9ng x\u1ea5u c\u1ee7a con ng\u01b0\u1eddi v\u1edbi thi\u00ean nhi\u00ean \u0111\u00e3 d\u1eabn t\u1edbi s\u1ef1 m\u1ea5t c\u00e2n b\u1eb1ng h\u1ec7 sinh th\u00e1i v\u00e0 th\u1ea3m h\u1ecda thi\u00ean nhi\u00ean x\u1ea3y ra. H\u1eadu qu\u1ea3 l\u00e0 n\u1ec1n kinh t\u1ebf b\u1ecb suy tho\u00e1i.<\/p>\n<p>\ud83d\udc39 Th\u00f4ng qua b\u1ed9 tranh, h\u1ecda s\u0129 mong mu\u1ed1n truy\u1ec1n t\u1ea3i th\u00f4ng di\u1ec7p, l\u01b0\u01a1ng th\u1ef1c v\u00e0 gi\u00e1o d\u1ee5c r\u1ea5t c\u1ea7n thi\u1ebft \u0111\u1ec3 gi\u1ea3i quy\u1ebft nh\u1eefng v\u1ea5n n\u1ea1n \u0111\u00f3. V\u00ec v\u1eady, nh\u1eefng n\u01b0\u1edbc c\u00f3 n\u1ec1n kinh t\u1ebf n\u00f4ng nghi\u1ec7p nh\u01b0 Vi\u1ec7t Nam \u0111\u00f3ng vai tr\u00f2 quan tr\u1ecdng trong vi\u1ec7c b\u00e0o \u0111\u1ea3m an ninh l\u01b0\u01a1ng th\u1ef1c.<\/p>\n","protected":false},"featured_media":5969,"template":"","meta":{"_et_pb_use_builder":"","_et_pb_old_content":"","_et_gb_content_width":""},"product_cat":[59,431],"product_tag":[172,126,176,174,138,173,171,156,170,175],"yoast_head":"<!-- This site is optimized with the Yoast SEO plugin v24.5 - https:\/\/yoast.com\/wordpress\/plugins\/seo\/ -->\n<title>X\u00e3 H\u1ed9i Lo\u00e0i G\u1eb7m Nh\u1ea5m - Ngh\u00e8o \u0110\u00f3i - B\/S Art Studio<\/title>\n<meta name=\"robots\" content=\"index, follow, max-snippet:-1, max-image-preview:large, max-video-preview:-1\" \/>\n<link rel=\"canonical\" href=\"https:\/\/bsartstudio.vn\/en\/?post_type=product&p=5939\" \/>\n<meta property=\"og:locale\" content=\"vi_VN\" \/>\n<meta property=\"og:type\" content=\"article\" \/>\n<meta property=\"og:title\" content=\"X\u00e3 H\u1ed9i Lo\u00e0i G\u1eb7m Nh\u1ea5m - Ngh\u00e8o \u0110\u00f3i - B\/S Art Studio\" \/>\n<meta property=\"og:description\" content=\"\ud83d\udc2dH\u1ecda s\u0129 \u0111\u00e3 m\u01b0\u1ee3n h\u00ecnh \u1ea3nh lo\u00e0i g\u1eb7m nh\u1ea5m \u0111\u1ec3 m\u00f4 t\u1ea3 x\u00e3 h\u1ed9i lo\u00e0i ng\u01b0\u1eddi c\u00f9ng v\u1edbi nh\u1eefng v\u1ea5n n\u1ea1n x\u00e3 h\u1ed9i nh\u01b0 ngh\u00e8o \u0111\u00f3i, c\u01b0\u1edbp b\u00f3c, b\u1ea1o l\u1ef1c. \ud83d\udc30 Nguy\u00ean nh\u00e2n l\u00e0 do d\u1ecbch b\u1ec7nh, chi\u1ebfn tranh v\u00e0 nh\u1eefng t\u00e1c \u0111\u1ed9ng x\u1ea5u c\u1ee7a con ng\u01b0\u1eddi v\u1edbi thi\u00ean nhi\u00ean \u0111\u00e3 d\u1eabn t\u1edbi s\u1ef1 m\u1ea5t c\u00e2n b\u1eb1ng h\u1ec7 sinh th\u00e1i v\u00e0 th\u1ea3m h\u1ecda thi\u00ean nhi\u00ean x\u1ea3y ra. H\u1eadu qu\u1ea3 l\u00e0 n\u1ec1n kinh t\u1ebf b\u1ecb suy tho\u00e1i. \ud83d\udc39 Th\u00f4ng qua b\u1ed9 tranh, h\u1ecda s\u0129 mong mu\u1ed1n truy\u1ec1n t\u1ea3i th\u00f4ng di\u1ec7p, l\u01b0\u01a1ng th\u1ef1c v\u00e0 gi\u00e1o d\u1ee5c r\u1ea5t c\u1ea7n thi\u1ebft \u0111\u1ec3 gi\u1ea3i quy\u1ebft nh\u1eefng v\u1ea5n n\u1ea1n \u0111\u00f3. V\u00ec v\u1eady, nh\u1eefng n\u01b0\u1edbc c\u00f3 n\u1ec1n kinh t\u1ebf n\u00f4ng nghi\u1ec7p nh\u01b0 Vi\u1ec7t Nam \u0111\u00f3ng vai tr\u00f2 quan tr\u1ecdng trong vi\u1ec7c b\u00e0o \u0111\u1ea3m an ninh l\u01b0\u01a1ng th\u1ef1c.\" \/>\n<meta property=\"og:url\" content=\"https:\/\/bsartstudio.vn\/en\/?post_type=product&amp;p=5939\" \/>\n<meta property=\"og:site_name\" content=\"B\/S Art Studio\" \/>\n<meta property=\"article:modified_time\" content=\"2025-02-23T10:14:32+00:00\" \/>\n<meta property=\"og:image\" content=\"https:\/\/bsartstudio.vn\/wp-content\/uploads\/2023\/08\/Xa-hoi-loai-gam-nham-Ngheo-Doi.jpg\" \/>\n\t<meta property=\"og:image:width\" content=\"852\" \/>\n\t<meta property=\"og:image:height\" content=\"1124\" \/>\n\t<meta property=\"og:image:type\" content=\"image\/jpeg\" \/>\n<meta name=\"twitter:card\" content=\"summary_large_image\" \/>\n<script type=\"application\/ld+json\" class=\"yoast-schema-graph\">{\"@context\":\"https:\/\/schema.org\",\"@graph\":[{\"@type\":\"WebPage\",\"@id\":\"https:\/\/bsartstudio.vn\/en\/?post_type=product&p=5939\",\"url\":\"https:\/\/bsartstudio.vn\/en\/?post_type=product&p=5939\",\"name\":\"X\u00e3 H\u1ed9i Lo\u00e0i G\u1eb7m Nh\u1ea5m - Ngh\u00e8o \u0110\u00f3i - B\/S Art Studio\",\"isPartOf\":{\"@id\":\"https:\/\/bsartstudio.vn\/ja\/#website\"},\"primaryImageOfPage\":{\"@id\":\"https:\/\/bsartstudio.vn\/en\/?post_type=product&p=5939#primaryimage\"},\"image\":{\"@id\":\"https:\/\/bsartstudio.vn\/en\/?post_type=product&p=5939#primaryimage\"},\"thumbnailUrl\":\"https:\/\/bsartstudio.vn\/wp-content\/uploads\/2023\/08\/Xa-hoi-loai-gam-nham-Ngheo-Doi.jpg\",\"datePublished\":\"2023-08-05T07:30:10+00:00\",\"dateModified\":\"2025-02-23T10:14:32+00:00\",\"breadcrumb\":{\"@id\":\"https:\/\/bsartstudio.vn\/en\/?post_type=product&p=5939#breadcrumb\"},\"inLanguage\":\"vi-VN\",\"potentialAction\":[{\"@type\":\"ReadAction\",\"target\":[\"https:\/\/bsartstudio.vn\/en\/?post_type=product&p=5939\"]}]},{\"@type\":\"ImageObject\",\"inLanguage\":\"vi-VN\",\"@id\":\"https:\/\/bsartstudio.vn\/en\/?post_type=product&p=5939#primaryimage\",\"url\":\"https:\/\/bsartstudio.vn\/wp-content\/uploads\/2023\/08\/Xa-hoi-loai-gam-nham-Ngheo-Doi.jpg\",\"contentUrl\":\"https:\/\/bsartstudio.vn\/wp-content\/uploads\/2023\/08\/Xa-hoi-loai-gam-nham-Ngheo-Doi.jpg\",\"width\":852,\"height\":1124},{\"@type\":\"BreadcrumbList\",\"@id\":\"https:\/\/bsartstudio.vn\/en\/?post_type=product&p=5939#breadcrumb\",\"itemListElement\":[{\"@type\":\"ListItem\",\"position\":1,\"name\":\"Home\",\"item\":\"https:\/\/bsartstudio.vn\/en\/\"},{\"@type\":\"ListItem\",\"position\":2,\"name\":\"Shop\",\"item\":\"https:\/\/bsartstudio.vn\/en\/shop\/\"},{\"@type\":\"ListItem\",\"position\":3,\"name\":\"X\u00e3 H\u1ed9i Lo\u00e0i G\u1eb7m Nh\u1ea5m &#8211; Ngh\u00e8o \u0110\u00f3i\"}]},{\"@type\":\"WebSite\",\"@id\":\"https:\/\/bsartstudio.vn\/ja\/#website\",\"url\":\"https:\/\/bsartstudio.vn\/ja\/\",\"name\":\"B\/S Art Studio\",\"description\":\"\",\"publisher\":{\"@id\":\"https:\/\/bsartstudio.vn\/ja\/#organization\"},\"potentialAction\":[{\"@type\":\"SearchAction\",\"target\":{\"@type\":\"EntryPoint\",\"urlTemplate\":\"https:\/\/bsartstudio.vn\/ja\/?s={search_term_string}\"},\"query-input\":{\"@type\":\"PropertyValueSpecification\",\"valueRequired\":true,\"valueName\":\"search_term_string\"}}],\"inLanguage\":\"vi-VN\"},{\"@type\":\"Organization\",\"@id\":\"https:\/\/bsartstudio.vn\/ja\/#organization\",\"name\":\"B\/S Art Studio\",\"url\":\"https:\/\/bsartstudio.vn\/ja\/\",\"logo\":{\"@type\":\"ImageObject\",\"inLanguage\":\"vi-VN\",\"@id\":\"https:\/\/bsartstudio.vn\/ja\/#\/schema\/logo\/image\/\",\"url\":\"https:\/\/bsartstudio.vn\/wp-content\/uploads\/2020\/03\/54526018_2272576089468053_1525084505319145472_n.jpg\",\"contentUrl\":\"https:\/\/bsartstudio.vn\/wp-content\/uploads\/2020\/03\/54526018_2272576089468053_1525084505319145472_n.jpg\",\"width\":958,\"height\":958,\"caption\":\"B\/S Art Studio\"},\"image\":{\"@id\":\"https:\/\/bsartstudio.vn\/ja\/#\/schema\/logo\/image\/\"}}]}<\/script>\n<!-- \/ Yoast SEO plugin. -->","yoast_head_json":{"title":"X\u00e3 H\u1ed9i Lo\u00e0i G\u1eb7m Nh\u1ea5m - Ngh\u00e8o \u0110\u00f3i - B\/S Art Studio","robots":{"index":"index","follow":"follow","max-snippet":"max-snippet:-1","max-image-preview":"max-image-preview:large","max-video-preview":"max-video-preview:-1"},"canonical":"https:\/\/bsartstudio.vn\/en\/?post_type=product&p=5939","og_locale":"vi_VN","og_type":"article","og_title":"X\u00e3 H\u1ed9i Lo\u00e0i G\u1eb7m Nh\u1ea5m - Ngh\u00e8o \u0110\u00f3i - B\/S Art Studio","og_description":"\ud83d\udc2dH\u1ecda s\u0129 \u0111\u00e3 m\u01b0\u1ee3n h\u00ecnh \u1ea3nh lo\u00e0i g\u1eb7m nh\u1ea5m \u0111\u1ec3 m\u00f4 t\u1ea3 x\u00e3 h\u1ed9i lo\u00e0i ng\u01b0\u1eddi c\u00f9ng v\u1edbi nh\u1eefng v\u1ea5n n\u1ea1n x\u00e3 h\u1ed9i nh\u01b0 ngh\u00e8o \u0111\u00f3i, c\u01b0\u1edbp b\u00f3c, b\u1ea1o l\u1ef1c. \ud83d\udc30 Nguy\u00ean nh\u00e2n l\u00e0 do d\u1ecbch b\u1ec7nh, chi\u1ebfn tranh v\u00e0 nh\u1eefng t\u00e1c \u0111\u1ed9ng x\u1ea5u c\u1ee7a con ng\u01b0\u1eddi v\u1edbi thi\u00ean nhi\u00ean \u0111\u00e3 d\u1eabn t\u1edbi s\u1ef1 m\u1ea5t c\u00e2n b\u1eb1ng h\u1ec7 sinh th\u00e1i v\u00e0 th\u1ea3m h\u1ecda thi\u00ean nhi\u00ean x\u1ea3y ra. H\u1eadu qu\u1ea3 l\u00e0 n\u1ec1n kinh t\u1ebf b\u1ecb suy tho\u00e1i. \ud83d\udc39 Th\u00f4ng qua b\u1ed9 tranh, h\u1ecda s\u0129 mong mu\u1ed1n truy\u1ec1n t\u1ea3i th\u00f4ng di\u1ec7p, l\u01b0\u01a1ng th\u1ef1c v\u00e0 gi\u00e1o d\u1ee5c r\u1ea5t c\u1ea7n thi\u1ebft \u0111\u1ec3 gi\u1ea3i quy\u1ebft nh\u1eefng v\u1ea5n n\u1ea1n \u0111\u00f3. V\u00ec v\u1eady, nh\u1eefng n\u01b0\u1edbc c\u00f3 n\u1ec1n kinh t\u1ebf n\u00f4ng nghi\u1ec7p nh\u01b0 Vi\u1ec7t Nam \u0111\u00f3ng vai tr\u00f2 quan tr\u1ecdng trong vi\u1ec7c b\u00e0o \u0111\u1ea3m an ninh l\u01b0\u01a1ng th\u1ef1c.","og_url":"https:\/\/bsartstudio.vn\/en\/?post_type=product&p=5939","og_site_name":"B\/S Art Studio","article_modified_time":"2025-02-23T10:14:32+00:00","og_image":[{"width":852,"height":1124,"url":"https:\/\/bsartstudio.vn\/wp-content\/uploads\/2023\/08\/Xa-hoi-loai-gam-nham-Ngheo-Doi.jpg","type":"image\/jpeg"}],"twitter_card":"summary_large_image","schema":{"@context":"https:\/\/schema.org","@graph":[{"@type":"WebPage","@id":"https:\/\/bsartstudio.vn\/en\/?post_type=product&p=5939","url":"https:\/\/bsartstudio.vn\/en\/?post_type=product&p=5939","name":"X\u00e3 H\u1ed9i Lo\u00e0i G\u1eb7m Nh\u1ea5m - Ngh\u00e8o \u0110\u00f3i - B\/S Art Studio","isPartOf":{"@id":"https:\/\/bsartstudio.vn\/ja\/#website"},"primaryImageOfPage":{"@id":"https:\/\/bsartstudio.vn\/en\/?post_type=product&p=5939#primaryimage"},"image":{"@id":"https:\/\/bsartstudio.vn\/en\/?post_type=product&p=5939#primaryimage"},"thumbnailUrl":"https:\/\/bsartstudio.vn\/wp-content\/uploads\/2023\/08\/Xa-hoi-loai-gam-nham-Ngheo-Doi.jpg","datePublished":"2023-08-05T07:30:10+00:00","dateModified":"2025-02-23T10:14:32+00:00","breadcrumb":{"@id":"https:\/\/bsartstudio.vn\/en\/?post_type=product&p=5939#breadcrumb"},"inLanguage":"vi-VN","potentialAction":[{"@type":"ReadAction","target":["https:\/\/bsartstudio.vn\/en\/?post_type=product&p=5939"]}]},{"@type":"ImageObject","inLanguage":"vi-VN","@id":"https:\/\/bsartstudio.vn\/en\/?post_type=product&p=5939#primaryimage","url":"https:\/\/bsartstudio.vn\/wp-content\/uploads\/2023\/08\/Xa-hoi-loai-gam-nham-Ngheo-Doi.jpg","contentUrl":"https:\/\/bsartstudio.vn\/wp-content\/uploads\/2023\/08\/Xa-hoi-loai-gam-nham-Ngheo-Doi.jpg","width":852,"height":1124},{"@type":"BreadcrumbList","@id":"https:\/\/bsartstudio.vn\/en\/?post_type=product&p=5939#breadcrumb","itemListElement":[{"@type":"ListItem","position":1,"name":"Home","item":"https:\/\/bsartstudio.vn\/en\/"},{"@type":"ListItem","position":2,"name":"Shop","item":"https:\/\/bsartstudio.vn\/en\/shop\/"},{"@type":"ListItem","position":3,"name":"X\u00e3 H\u1ed9i Lo\u00e0i G\u1eb7m Nh\u1ea5m &#8211; Ngh\u00e8o \u0110\u00f3i"}]},{"@type":"WebSite","@id":"https:\/\/bsartstudio.vn\/ja\/#website","url":"https:\/\/bsartstudio.vn\/ja\/","name":"B\/S Art Studio","description":"","publisher":{"@id":"https:\/\/bsartstudio.vn\/ja\/#organization"},"potentialAction":[{"@type":"SearchAction","target":{"@type":"EntryPoint","urlTemplate":"https:\/\/bsartstudio.vn\/ja\/?s={search_term_string}"},"query-input":{"@type":"PropertyValueSpecification","valueRequired":true,"valueName":"search_term_string"}}],"inLanguage":"vi-VN"},{"@type":"Organization","@id":"https:\/\/bsartstudio.vn\/ja\/#organization","name":"B\/S Art Studio","url":"https:\/\/bsartstudio.vn\/ja\/","logo":{"@type":"ImageObject","inLanguage":"vi-VN","@id":"https:\/\/bsartstudio.vn\/ja\/#\/schema\/logo\/image\/","url":"https:\/\/bsartstudio.vn\/wp-content\/uploads\/2020\/03\/54526018_2272576089468053_1525084505319145472_n.jpg","contentUrl":"https:\/\/bsartstudio.vn\/wp-content\/uploads\/2020\/03\/54526018_2272576089468053_1525084505319145472_n.jpg","width":958,"height":958,"caption":"B\/S Art Studio"},"image":{"@id":"https:\/\/bsartstudio.vn\/ja\/#\/schema\/logo\/image\/"}}]}},"_links":{"self":[{"href":"https:\/\/bsartstudio.vn\/vi\/wp-json\/wp\/v2\/product\/5971"}],"collection":[{"href":"https:\/\/bsartstudio.vn\/vi\/wp-json\/wp\/v2\/product"}],"about":[{"href":"https:\/\/bsartstudio.vn\/vi\/wp-json\/wp\/v2\/types\/product"}],"wp:featuredmedia":[{"embeddable":true,"href":"https:\/\/bsartstudio.vn\/vi\/wp-json\/wp\/v2\/media\/5969"}],"wp:attachment":[{"href":"https:\/\/bsartstudio.vn\/vi\/wp-json\/wp\/v2\/media?parent=5971"}],"wp:term":[{"taxonomy":"product_cat","embeddable":true,"href":"https:\/\/bsartstudio.vn\/vi\/wp-json\/wp\/v2\/product_cat?post=5971"},{"taxonomy":"product_tag","embeddable":true,"href":"https:\/\/bsartstudio.vn\/vi\/wp-json\/wp\/v2\/product_tag?post=5971"}],"curies":[{"name":"wp","href":"https:\/\/api.w.org\/{rel}","templated":true}]}}