{"id":5850,"date":"2023-07-19T17:32:18","date_gmt":"2023-07-19T10:32:18","guid":{"rendered":"https:\/\/bsartstudio.vn\/products\/non-la-hoa-huong-duong\/"},"modified":"2025-05-13T11:32:55","modified_gmt":"2025-05-13T04:32:55","slug":"non-la-hoa-huong-duong","status":"publish","type":"product","link":"https:\/\/bsartstudio.vn\/vi\/products\/non-la-hoa-huong-duong\/","title":{"rendered":"Hoa M\u1ed9c Qua &#8211; T\u00e1c Ph\u1ea9m Ngh\u1ec7 Thu\u1eadt tr\u00ean N\u00f3n L\u00e1 Vi\u1ec7t Nam"},"content":{"rendered":"<h1><strong><span style=\"font-size: 18pt;\">Hoa M\u1ed9c Qua &#8211; T\u00e1c Ph\u1ea9m Ngh\u1ec7 Thu\u1eadt tr\u00ean N\u00f3n L\u00e1 Vi\u1ec7t Nam<\/span><\/strong><\/h1>\n<p><span style=\"color: #000000;\"><strong>B\/S xin gi\u1edbi thi\u1ec7u v\u1ec1 N\u00f3n L\u00e1:<\/strong><\/span><\/p>\n<p><span style=\"color: #000000;\">+ N\u00f3n L\u00e1 t\u1ea1i B\/S Art Studio \u0111\u01b0\u1ee3c l\u00e0m t\u1eeb l\u00e1 K\u00e8 (m\u1ed9t lo\u1ea1i l\u00e1 t\u1ef1 nhi\u00ean) \u0111\u01b0\u1ee3c ch\u1ebf t\u00e1c t\u1ec9 m\u1ec9 b\u1edfi nh\u1eefng ngh\u1ec7 nh\u00e2n l\u00e0nh ngh\u1ec1 t\u1ea1i Hu\u1ebf (m\u1ed9t trong nh\u1eefng n\u01a1i l\u00e0m N\u00f3n L\u00e1 t\u1ed1t nh\u1ea5t t\u1ea1i Vi\u1ec7t Nam).<\/span><\/p>\n<p><span style=\"color: #000000;\">+ N\u00f3n L\u00e1 t\u1ea1i B\/S Art Studio \u0111\u01b0\u1ee3c \u0111\u1eb7t l\u00e0m ri\u00eang v\u1edbi \u0111\u1ed9 d\u00e0y v\u1eeba ph\u1ea3i, v\u1edbi c\u00e1c l\u1edbp l\u00e1 \u0111an kh\u00edt nhau \u0111\u1ec3 khi t\u00f4 m\u00e0u, m\u00e0u \u0111\u01b0\u1ee3c ph\u1ee7 \u0111\u1ec1u qua c\u00e1c l\u1edbp.<\/span><\/p>\n<p><span style=\"color: #000000;\">&#8211; Gi\u00e1 tr\u1ecb c\u1ee7a N\u00f3n L\u00e1 trong \u0111\u1eddi s\u1ed1ng th\u01b0\u1eddng ng\u00e0y c\u1ee7a ng\u01b0\u1eddi Vi\u1ec7t:<\/span><\/p>\n<p><span style=\"color: #000000;\">N\u00f3n L\u00e1 kh\u00f4ng ch\u1ec9 l\u00e0 v\u1eadt d\u1ee5ng th\u01b0\u1eddng ng\u00e0y trong \u0111\u1eddi s\u1ed1ng c\u1ee7a ng\u01b0\u1eddi Vi\u1ec7t m\u00e0 c\u00f2n t\u00f4n vinh v\u1ebb \u0111\u1eb9p d\u1ecbu d\u00e0ng, gi\u1ea3n d\u1ecb c\u1ee7a ng\u01b0\u1eddi ph\u1ee5 n\u1eef Vi\u1ec7t Nam. H\u01a1n th\u1ebf n\u1eefa, N\u00f3n L\u00e1 \u0111\u00e3 tr\u1edf th\u00e0nh bi\u1ec3u t\u01b0\u1ee3ng v\u0103n h\u00f3a Vi\u1ec7t Nam.<\/span><\/p>\n<p><span style=\"color: #000000;\"><strong>&#8211; N\u00f3n L\u00e1 Ngh\u1ec7 Thu\u1eadt c\u1ee7a B\/S Art Studio:<\/strong><\/span><\/p>\n<p><span style=\"color: #000000;\">V\u1edbi t\u00ecnh y\u00eau d\u00e0nh cho v\u0103n h\u00f3a d\u00e2n t\u1ed9c v\u00e0 mong mu\u1ed1n g\u00ecn gi\u1eef gi\u00e1 tr\u1ecb truy\u1ec1n th\u1ed1ng, B\/S Art Studio \u0111\u00e3 k\u1ebft h\u1ee3p ngh\u1ec7 thu\u1eadt h\u1ed9i h\u1ecda v\u00e0 s\u00e1ng t\u1ea1o tr\u00ean chi\u1ebfc N\u00f3n L\u00e1. B\u1eb1ng c\u00e1ch s\u1eed d\u1ee5ng hoa v\u0103n, h\u1ecda ti\u1ebft mang bi\u1ec3u t\u01b0\u1ee3ng v\u0103n h\u00f3a Vi\u1ec7t Nam \u0111\u1ec3 bi\u1ebfn chi\u1ebfc N\u00f3n L\u00e1 gi\u1ea3n d\u1ecb, m\u1ed9c m\u1ea1c th\u00e0nh t\u00e1c ph\u1ea9m ngh\u1ec7 thu\u1eadt mang gi\u00e1 tr\u1ecb v\u0103n h\u00f3a v\u00e0 b\u1ea3n s\u1eafc c\u1ee7a ng\u01b0\u1eddi Vi\u1ec7t.<\/span><\/p>\n<h2><span style=\"font-size: 14pt;\"><strong>Hoa M\u1ed9c Qua &#8211; N\u00f3n L\u00e1 Ngh\u1ec7 Thu\u1eadt<\/strong><\/span><\/h2>\n<p><span style=\"color: #000000;\">Kh\u00e1m ph\u00e1 v\u1ebb \u0111\u1eb9p v\u00e0 \u00fd ngh\u0129a v\u0103n h\u00f3a c\u1ee7a n\u00f3n l\u00e1 Vi\u1ec7t Nam qua qu\u00e1 tr\u00ecnh t\u00f4i v\u1ebd tay m\u1ed9t nh\u00e1nh Hoa M\u1ed9c Qua tuy\u1ec7t \u0111\u1eb9p.<\/span><\/p>\n<p><span style=\"color: #000000;\">M\u1ed7i n\u00e9t v\u1ebd \u0111\u1ec1u mang \u0111\u1eadm tinh hoa c\u1ee7a ngh\u1ec7 thu\u1eadt th\u1ee7 c\u00f4ng Vi\u1ec7t Nam, bi\u1ebfn chi\u1ebfc N\u00f3n L\u00e1 th\u00e0nh m\u1ed9t t\u00e1c ph\u1ea9m ngh\u1ec7 thu\u1eadt th\u1ec3 hi\u1ec7n r\u00f5 n\u00e9t b\u1ea3n s\u1eafc v\u0103n h\u00f3a v\u00e0 truy\u1ec1n th\u1ed1ng Vi\u1ec7t Nam.<\/span><\/p>\n","protected":false},"excerpt":{"rendered":"<div dir=\"auto\" style=\"text-align: left;\">\u00a0<\/div>\n<div dir=\"auto\">\n<p><span style=\"color: #000000;\">Ch\u1ea5t li\u1ec7u: L\u00e1 k\u00e8<\/span><br \/>\n<span style=\"color: #000000;\">M\u00e0u: Acrylic<\/span><br \/>\n<span style=\"color: #000000;\">K\u00edch th\u01b0\u1edbc: 40 cm x 40 cm x 20 cm<\/span><\/p>\n<p><span style=\"color: #000000;\">N\u00f3n \u0111\u01b0\u1ee3c ph\u1ee7 m\u1ed9t l\u1edbp s\u01a1n b\u1ea3o v\u1ec7 \u0111\u1ec3 gi\u1eef t\u00e1c ph\u1ea9m tr\u00ean n\u00f3n trong th\u1eddi gian d\u00e0i.<\/span><\/p>\n<\/div>\n","protected":false},"featured_media":9043,"template":"","meta":{"_et_pb_use_builder":"","_et_pb_old_content":"","_et_gb_content_width":""},"product_cat":[71],"product_tag":[126,471,138,473,137,156,151,154,155,476],"yoast_head":"<!-- This site is optimized with the Yoast SEO plugin v24.5 - https:\/\/yoast.com\/wordpress\/plugins\/seo\/ -->\n<title>Hoa M\u1ed9c Qua - T\u00e1c Ph\u1ea9m Ngh\u1ec7 Thu\u1eadt tr\u00ean N\u00f3n L\u00e1 Vi\u1ec7t Nam - B\/S Art Studio<\/title>\n<meta name=\"description\" content=\"Hoa M\u1ed9c Qua - T\u00e1c Ph\u1ea9m Ngh\u1ec7 Thu\u1eadt tr\u00ean N\u00f3n L\u00e1 Vi\u1ec7t Nam m\u1ed9t t\u00e1c ph\u1ea9m ngh\u1ec7 thu\u1eadt th\u1ec3 hi\u1ec7n r\u00f5 n\u00e9t b\u1ea3n s\u1eafc v\u0103n h\u00f3a v\u00e0 truy\u1ec1n th\u1ed1ng Vi\u1ec7t Nam.\" \/>\n<meta name=\"robots\" content=\"index, follow, max-snippet:-1, max-image-preview:large, max-video-preview:-1\" \/>\n<link rel=\"canonical\" href=\"https:\/\/bsartstudio.vn\/en\/products\/quince-flowers-vietnamese-conical-hat\/\" \/>\n<meta property=\"og:locale\" content=\"vi_VN\" \/>\n<meta property=\"og:type\" content=\"article\" \/>\n<meta property=\"og:title\" content=\"Hoa M\u1ed9c Qua - T\u00e1c Ph\u1ea9m Ngh\u1ec7 Thu\u1eadt tr\u00ean N\u00f3n L\u00e1 Vi\u1ec7t Nam - B\/S Art Studio\" \/>\n<meta property=\"og:description\" content=\"Hoa M\u1ed9c Qua - T\u00e1c Ph\u1ea9m Ngh\u1ec7 Thu\u1eadt tr\u00ean N\u00f3n L\u00e1 Vi\u1ec7t Nam m\u1ed9t t\u00e1c ph\u1ea9m ngh\u1ec7 thu\u1eadt th\u1ec3 hi\u1ec7n r\u00f5 n\u00e9t b\u1ea3n s\u1eafc v\u0103n h\u00f3a v\u00e0 truy\u1ec1n th\u1ed1ng Vi\u1ec7t Nam.\" \/>\n<meta property=\"og:url\" content=\"https:\/\/bsartstudio.vn\/en\/products\/quince-flowers-vietnamese-conical-hat\/\" \/>\n<meta property=\"og:site_name\" content=\"B\/S Art Studio\" \/>\n<meta property=\"article:modified_time\" content=\"2025-05-13T04:32:55+00:00\" \/>\n<meta property=\"og:image\" content=\"https:\/\/bsartstudio.vn\/wp-content\/uploads\/2023\/07\/Quince-Flowers-Vietnamese-Hand-painted-Conical-Hat-1.jpg\" \/>\n\t<meta property=\"og:image:width\" content=\"1280\" \/>\n\t<meta property=\"og:image:height\" content=\"1280\" \/>\n\t<meta property=\"og:image:type\" content=\"image\/jpeg\" \/>\n<meta name=\"twitter:card\" content=\"summary_large_image\" \/>\n<meta name=\"twitter:label1\" content=\"Est. reading time\" \/>\n\t<meta name=\"twitter:data1\" content=\"2 minutes\" \/>\n<script type=\"application\/ld+json\" class=\"yoast-schema-graph\">{\"@context\":\"https:\/\/schema.org\",\"@graph\":[{\"@type\":\"WebPage\",\"@id\":\"https:\/\/bsartstudio.vn\/en\/products\/quince-flowers-vietnamese-conical-hat\/\",\"url\":\"https:\/\/bsartstudio.vn\/en\/products\/quince-flowers-vietnamese-conical-hat\/\",\"name\":\"Hoa M\u1ed9c Qua - T\u00e1c Ph\u1ea9m Ngh\u1ec7 Thu\u1eadt tr\u00ean N\u00f3n L\u00e1 Vi\u1ec7t Nam - B\/S Art Studio\",\"isPartOf\":{\"@id\":\"https:\/\/bsartstudio.vn\/ja\/#website\"},\"primaryImageOfPage\":{\"@id\":\"https:\/\/bsartstudio.vn\/en\/products\/quince-flowers-vietnamese-conical-hat\/#primaryimage\"},\"image\":{\"@id\":\"https:\/\/bsartstudio.vn\/en\/products\/quince-flowers-vietnamese-conical-hat\/#primaryimage\"},\"thumbnailUrl\":\"https:\/\/bsartstudio.vn\/wp-content\/uploads\/2023\/07\/Quince-Flowers-Vietnamese-Hand-painted-Conical-Hat-1.jpg\",\"datePublished\":\"2023-07-19T10:32:18+00:00\",\"dateModified\":\"2025-05-13T04:32:55+00:00\",\"description\":\"Hoa M\u1ed9c Qua - T\u00e1c Ph\u1ea9m Ngh\u1ec7 Thu\u1eadt tr\u00ean N\u00f3n L\u00e1 Vi\u1ec7t Nam m\u1ed9t t\u00e1c ph\u1ea9m ngh\u1ec7 thu\u1eadt th\u1ec3 hi\u1ec7n r\u00f5 n\u00e9t b\u1ea3n s\u1eafc v\u0103n h\u00f3a v\u00e0 truy\u1ec1n th\u1ed1ng Vi\u1ec7t Nam.\",\"breadcrumb\":{\"@id\":\"https:\/\/bsartstudio.vn\/en\/products\/quince-flowers-vietnamese-conical-hat\/#breadcrumb\"},\"inLanguage\":\"vi-VN\",\"potentialAction\":[{\"@type\":\"ReadAction\",\"target\":[\"https:\/\/bsartstudio.vn\/en\/products\/quince-flowers-vietnamese-conical-hat\/\"]}]},{\"@type\":\"ImageObject\",\"inLanguage\":\"vi-VN\",\"@id\":\"https:\/\/bsartstudio.vn\/en\/products\/quince-flowers-vietnamese-conical-hat\/#primaryimage\",\"url\":\"https:\/\/bsartstudio.vn\/wp-content\/uploads\/2023\/07\/Quince-Flowers-Vietnamese-Hand-painted-Conical-Hat-1.jpg\",\"contentUrl\":\"https:\/\/bsartstudio.vn\/wp-content\/uploads\/2023\/07\/Quince-Flowers-Vietnamese-Hand-painted-Conical-Hat-1.jpg\",\"width\":1280,\"height\":1280,\"caption\":\"Hoa M\u1ed9c Qua - T\u00e1c Ph\u1ea9m Ngh\u1ec7 Thu\u1eadt tr\u00ean N\u00f3n L\u00e1 Vi\u1ec7t Nam\"},{\"@type\":\"BreadcrumbList\",\"@id\":\"https:\/\/bsartstudio.vn\/en\/products\/quince-flowers-vietnamese-conical-hat\/#breadcrumb\",\"itemListElement\":[{\"@type\":\"ListItem\",\"position\":1,\"name\":\"Home\",\"item\":\"https:\/\/bsartstudio.vn\/en\/\"},{\"@type\":\"ListItem\",\"position\":2,\"name\":\"Shop\",\"item\":\"https:\/\/bsartstudio.vn\/en\/shop\/\"},{\"@type\":\"ListItem\",\"position\":3,\"name\":\"Hoa M\u1ed9c Qua &#8211; T\u00e1c Ph\u1ea9m Ngh\u1ec7 Thu\u1eadt tr\u00ean N\u00f3n L\u00e1 Vi\u1ec7t Nam\"}]},{\"@type\":\"WebSite\",\"@id\":\"https:\/\/bsartstudio.vn\/ja\/#website\",\"url\":\"https:\/\/bsartstudio.vn\/ja\/\",\"name\":\"B\/S Art Studio\",\"description\":\"\",\"publisher\":{\"@id\":\"https:\/\/bsartstudio.vn\/ja\/#organization\"},\"potentialAction\":[{\"@type\":\"SearchAction\",\"target\":{\"@type\":\"EntryPoint\",\"urlTemplate\":\"https:\/\/bsartstudio.vn\/ja\/?s={search_term_string}\"},\"query-input\":{\"@type\":\"PropertyValueSpecification\",\"valueRequired\":true,\"valueName\":\"search_term_string\"}}],\"inLanguage\":\"vi-VN\"},{\"@type\":\"Organization\",\"@id\":\"https:\/\/bsartstudio.vn\/ja\/#organization\",\"name\":\"B\/S Art Studio\",\"url\":\"https:\/\/bsartstudio.vn\/ja\/\",\"logo\":{\"@type\":\"ImageObject\",\"inLanguage\":\"vi-VN\",\"@id\":\"https:\/\/bsartstudio.vn\/ja\/#\/schema\/logo\/image\/\",\"url\":\"https:\/\/bsartstudio.vn\/wp-content\/uploads\/2020\/03\/54526018_2272576089468053_1525084505319145472_n.jpg\",\"contentUrl\":\"https:\/\/bsartstudio.vn\/wp-content\/uploads\/2020\/03\/54526018_2272576089468053_1525084505319145472_n.jpg\",\"width\":958,\"height\":958,\"caption\":\"B\/S Art Studio\"},\"image\":{\"@id\":\"https:\/\/bsartstudio.vn\/ja\/#\/schema\/logo\/image\/\"}}]}<\/script>\n<!-- \/ Yoast SEO plugin. -->","yoast_head_json":{"title":"Hoa M\u1ed9c Qua - T\u00e1c Ph\u1ea9m Ngh\u1ec7 Thu\u1eadt tr\u00ean N\u00f3n L\u00e1 Vi\u1ec7t Nam - B\/S Art Studio","description":"Hoa M\u1ed9c Qua - T\u00e1c Ph\u1ea9m Ngh\u1ec7 Thu\u1eadt tr\u00ean N\u00f3n L\u00e1 Vi\u1ec7t Nam m\u1ed9t t\u00e1c ph\u1ea9m ngh\u1ec7 thu\u1eadt th\u1ec3 hi\u1ec7n r\u00f5 n\u00e9t b\u1ea3n s\u1eafc v\u0103n h\u00f3a v\u00e0 truy\u1ec1n th\u1ed1ng Vi\u1ec7t Nam.","robots":{"index":"index","follow":"follow","max-snippet":"max-snippet:-1","max-image-preview":"max-image-preview:large","max-video-preview":"max-video-preview:-1"},"canonical":"https:\/\/bsartstudio.vn\/en\/products\/quince-flowers-vietnamese-conical-hat\/","og_locale":"vi_VN","og_type":"article","og_title":"Hoa M\u1ed9c Qua - T\u00e1c Ph\u1ea9m Ngh\u1ec7 Thu\u1eadt tr\u00ean N\u00f3n L\u00e1 Vi\u1ec7t Nam - B\/S Art Studio","og_description":"Hoa M\u1ed9c Qua - T\u00e1c Ph\u1ea9m Ngh\u1ec7 Thu\u1eadt tr\u00ean N\u00f3n L\u00e1 Vi\u1ec7t Nam m\u1ed9t t\u00e1c ph\u1ea9m ngh\u1ec7 thu\u1eadt th\u1ec3 hi\u1ec7n r\u00f5 n\u00e9t b\u1ea3n s\u1eafc v\u0103n h\u00f3a v\u00e0 truy\u1ec1n th\u1ed1ng Vi\u1ec7t Nam.","og_url":"https:\/\/bsartstudio.vn\/en\/products\/quince-flowers-vietnamese-conical-hat\/","og_site_name":"B\/S Art Studio","article_modified_time":"2025-05-13T04:32:55+00:00","og_image":[{"width":1280,"height":1280,"url":"https:\/\/bsartstudio.vn\/wp-content\/uploads\/2023\/07\/Quince-Flowers-Vietnamese-Hand-painted-Conical-Hat-1.jpg","type":"image\/jpeg"}],"twitter_card":"summary_large_image","twitter_misc":{"Est. reading time":"2 minutes"},"schema":{"@context":"https:\/\/schema.org","@graph":[{"@type":"WebPage","@id":"https:\/\/bsartstudio.vn\/en\/products\/quince-flowers-vietnamese-conical-hat\/","url":"https:\/\/bsartstudio.vn\/en\/products\/quince-flowers-vietnamese-conical-hat\/","name":"Hoa M\u1ed9c Qua - T\u00e1c Ph\u1ea9m Ngh\u1ec7 Thu\u1eadt tr\u00ean N\u00f3n L\u00e1 Vi\u1ec7t Nam - B\/S Art Studio","isPartOf":{"@id":"https:\/\/bsartstudio.vn\/ja\/#website"},"primaryImageOfPage":{"@id":"https:\/\/bsartstudio.vn\/en\/products\/quince-flowers-vietnamese-conical-hat\/#primaryimage"},"image":{"@id":"https:\/\/bsartstudio.vn\/en\/products\/quince-flowers-vietnamese-conical-hat\/#primaryimage"},"thumbnailUrl":"https:\/\/bsartstudio.vn\/wp-content\/uploads\/2023\/07\/Quince-Flowers-Vietnamese-Hand-painted-Conical-Hat-1.jpg","datePublished":"2023-07-19T10:32:18+00:00","dateModified":"2025-05-13T04:32:55+00:00","description":"Hoa M\u1ed9c Qua - T\u00e1c Ph\u1ea9m Ngh\u1ec7 Thu\u1eadt tr\u00ean N\u00f3n L\u00e1 Vi\u1ec7t Nam m\u1ed9t t\u00e1c ph\u1ea9m ngh\u1ec7 thu\u1eadt th\u1ec3 hi\u1ec7n r\u00f5 n\u00e9t b\u1ea3n s\u1eafc v\u0103n h\u00f3a v\u00e0 truy\u1ec1n th\u1ed1ng Vi\u1ec7t Nam.","breadcrumb":{"@id":"https:\/\/bsartstudio.vn\/en\/products\/quince-flowers-vietnamese-conical-hat\/#breadcrumb"},"inLanguage":"vi-VN","potentialAction":[{"@type":"ReadAction","target":["https:\/\/bsartstudio.vn\/en\/products\/quince-flowers-vietnamese-conical-hat\/"]}]},{"@type":"ImageObject","inLanguage":"vi-VN","@id":"https:\/\/bsartstudio.vn\/en\/products\/quince-flowers-vietnamese-conical-hat\/#primaryimage","url":"https:\/\/bsartstudio.vn\/wp-content\/uploads\/2023\/07\/Quince-Flowers-Vietnamese-Hand-painted-Conical-Hat-1.jpg","contentUrl":"https:\/\/bsartstudio.vn\/wp-content\/uploads\/2023\/07\/Quince-Flowers-Vietnamese-Hand-painted-Conical-Hat-1.jpg","width":1280,"height":1280,"caption":"Hoa M\u1ed9c Qua - T\u00e1c Ph\u1ea9m Ngh\u1ec7 Thu\u1eadt tr\u00ean N\u00f3n L\u00e1 Vi\u1ec7t Nam"},{"@type":"BreadcrumbList","@id":"https:\/\/bsartstudio.vn\/en\/products\/quince-flowers-vietnamese-conical-hat\/#breadcrumb","itemListElement":[{"@type":"ListItem","position":1,"name":"Home","item":"https:\/\/bsartstudio.vn\/en\/"},{"@type":"ListItem","position":2,"name":"Shop","item":"https:\/\/bsartstudio.vn\/en\/shop\/"},{"@type":"ListItem","position":3,"name":"Hoa M\u1ed9c Qua &#8211; T\u00e1c Ph\u1ea9m Ngh\u1ec7 Thu\u1eadt tr\u00ean N\u00f3n L\u00e1 Vi\u1ec7t Nam"}]},{"@type":"WebSite","@id":"https:\/\/bsartstudio.vn\/ja\/#website","url":"https:\/\/bsartstudio.vn\/ja\/","name":"B\/S Art Studio","description":"","publisher":{"@id":"https:\/\/bsartstudio.vn\/ja\/#organization"},"potentialAction":[{"@type":"SearchAction","target":{"@type":"EntryPoint","urlTemplate":"https:\/\/bsartstudio.vn\/ja\/?s={search_term_string}"},"query-input":{"@type":"PropertyValueSpecification","valueRequired":true,"valueName":"search_term_string"}}],"inLanguage":"vi-VN"},{"@type":"Organization","@id":"https:\/\/bsartstudio.vn\/ja\/#organization","name":"B\/S Art Studio","url":"https:\/\/bsartstudio.vn\/ja\/","logo":{"@type":"ImageObject","inLanguage":"vi-VN","@id":"https:\/\/bsartstudio.vn\/ja\/#\/schema\/logo\/image\/","url":"https:\/\/bsartstudio.vn\/wp-content\/uploads\/2020\/03\/54526018_2272576089468053_1525084505319145472_n.jpg","contentUrl":"https:\/\/bsartstudio.vn\/wp-content\/uploads\/2020\/03\/54526018_2272576089468053_1525084505319145472_n.jpg","width":958,"height":958,"caption":"B\/S Art Studio"},"image":{"@id":"https:\/\/bsartstudio.vn\/ja\/#\/schema\/logo\/image\/"}}]}},"_links":{"self":[{"href":"https:\/\/bsartstudio.vn\/vi\/wp-json\/wp\/v2\/product\/5850"}],"collection":[{"href":"https:\/\/bsartstudio.vn\/vi\/wp-json\/wp\/v2\/product"}],"about":[{"href":"https:\/\/bsartstudio.vn\/vi\/wp-json\/wp\/v2\/types\/product"}],"wp:featuredmedia":[{"embeddable":true,"href":"https:\/\/bsartstudio.vn\/vi\/wp-json\/wp\/v2\/media\/9043"}],"wp:attachment":[{"href":"https:\/\/bsartstudio.vn\/vi\/wp-json\/wp\/v2\/media?parent=5850"}],"wp:term":[{"taxonomy":"product_cat","embeddable":true,"href":"https:\/\/bsartstudio.vn\/vi\/wp-json\/wp\/v2\/product_cat?post=5850"},{"taxonomy":"product_tag","embeddable":true,"href":"https:\/\/bsartstudio.vn\/vi\/wp-json\/wp\/v2\/product_tag?post=5850"}],"curies":[{"name":"wp","href":"https:\/\/api.w.org\/{rel}","templated":true}]}}