{"id":5767,"date":"2023-06-30T16:38:55","date_gmt":"2023-06-30T09:38:55","guid":{"rendered":"https:\/\/bsartstudio.vn\/products\/non-la-sau-nhung-rang-tre\/"},"modified":"2023-06-30T16:55:07","modified_gmt":"2023-06-30T09:55:07","slug":"non-la-sau-nhung-rang-tre","status":"publish","type":"product","link":"https:\/\/bsartstudio.vn\/vi\/products\/non-la-sau-nhung-rang-tre\/","title":{"rendered":"N\u00f3n L\u00e1 &#8220;Sau Nh\u1eefng R\u1eb7ng Tre&#8221;"},"content":{"rendered":"<p>\ud83c\udf8dN\u00f3n L\u00e1 v\u1edbi t\u00e1c ph\u1ea9m &#8220;Sau Nh\u1eefng R\u1eb7ng Tre&#8221;<\/p>\n<p>Ch\u1ea5t li\u1ec7u: l\u00e1 k\u00e8<\/p>\n<p>M\u00e0u: Acrylic<\/p>\n<p>K\u00edch th\u01b0\u1edbc: 40 cm x 40 cm x 20 cm<\/p>\n<p>N\u00f3n l\u00e1 \u0111\u01b0\u1ee3c ph\u1ee7 m\u1ed9t l\u1edbp b\u1ea3o v\u1ec7 \u0111\u1ec3 gi\u1eeftasc phaarm tr\u00ean n\u00f3n m\u1ed9t th\u1eddi gian d\u00e0i.\u00a0\u00a0<\/p>\n","protected":false},"excerpt":{"rendered":"<div class=\"xdj266r x11i5rnm xat24cr x1mh8g0r x1vvkbs x126k92a\">\n<div dir=\"auto\"><span class=\"x3nfvp2 x1j61x8r x1fcty0u xdj266r xhhsvwb xat24cr xgzva0m xxymvpz xlup9mm x1kky2od\"><img loading=\"lazy\" decoding=\"async\" src=\"https:\/\/static.xx.fbcdn.net\/images\/emoji.php\/v9\/t8e\/1.5\/16\/1f38b.png\" alt=\"\ud83c\udf8b\" width=\"16\" height=\"16\" \/><\/span> T\u00e1c ph\u1ea9m \u201cSau nh\u1eefng r\u1eb7ng Tre\u201d<\/div>\n<div dir=\"auto\"><a class=\"x1i10hfl xjbqb8w x6umtig x1b1mbwd xaqea5y xav7gou x9f619 x1ypdohk xt0psk2 xe8uvvx xdj266r x11i5rnm xat24cr x1mh8g0r xexx8yu x4uap5 x18d9i69 xkhd6sd x16tdsg8 x1hl2dhg xggy1nq x1a2a7pz xt0b8zv x1qq9wsj xo1l8bm\" tabindex=\"0\" role=\"link\" href=\"https:\/\/www.facebook.com\/BSArtStudioCreation?__cft__[0]=AZU8rSyb8SXO4sbdeos_qQf9ZExn1VkCgpQukK_Agw3OW2R3dgDrs0y4lXZWnu0nNJzj7MXI6s6LG7N_o_BdRvqYUuXx6wAJFuQlSF0BpMnD2-tzj_A8JG4vNdZ2D_uQ1DPQr-SiAGSTun7wS20o_SCGVe4G8lLEkUEgy958LqAWQLjywmYkuvbZ59BhegeDvtY&amp;__tn__=-]K-R\"><span class=\"xt0psk2\">B\/S Art Studio<\/span><\/a> -S\u00e1ng t\u1ea1o c\u00f9ng b\u1ea3n s\u1eafc Vi\u1ec7t Nam<\/div>\n<\/div>\n<div class=\"x11i5rnm xat24cr x1mh8g0r x1vvkbs xtlvy1s x126k92a\">\n<div dir=\"auto\"><span class=\"x3nfvp2 x1j61x8r x1fcty0u xdj266r xhhsvwb xat24cr xgzva0m xxymvpz xlup9mm x1kky2od\"><img loading=\"lazy\" decoding=\"async\" src=\"https:\/\/static.xx.fbcdn.net\/images\/emoji.php\/v9\/t7b\/1.5\/16\/2728.png\" alt=\"\u2728\" width=\"16\" height=\"16\" \/><\/span> N\u00f3n L\u00e1 Ngh\u1ec7 Thu\u1eadt v\u1edbi ho\u1ea1 ti\u1ebft \u201cTre\u201d &#8211; bi\u1ec3u t\u01b0\u1ee3ng \u0111\u1ea1i di\u1ec7n cho tinh th\u1ea7n v\u00e0 \u00fd ch\u00ed c\u1ee7a ng\u01b0\u1eddi Vi\u1ec7t Nam.<\/div>\n<\/div>\n","protected":false},"featured_media":5747,"template":"","meta":{"_et_pb_use_builder":"","_et_pb_old_content":"","_et_gb_content_width":""},"product_cat":[71,57],"product_tag":[126,138,137,132],"yoast_head":"<!-- This site is optimized with the Yoast SEO plugin v24.5 - https:\/\/yoast.com\/wordpress\/plugins\/seo\/ -->\n<title>N\u00f3n L\u00e1 &quot;Sau Nh\u1eefng R\u1eb7ng Tre&quot; - B\/S Art Studio<\/title>\n<meta name=\"robots\" content=\"index, follow, max-snippet:-1, max-image-preview:large, max-video-preview:-1\" \/>\n<link rel=\"canonical\" href=\"https:\/\/bsartstudio.vn\/en\/products\/bamboo-conical-hat\/\" \/>\n<meta property=\"og:locale\" content=\"vi_VN\" \/>\n<meta property=\"og:type\" content=\"article\" \/>\n<meta property=\"og:title\" content=\"N\u00f3n L\u00e1 &quot;Sau Nh\u1eefng R\u1eb7ng Tre&quot; - B\/S Art Studio\" \/>\n<meta property=\"og:description\" content=\"T\u00e1c ph\u1ea9m \u201cSau nh\u1eefng r\u1eb7ng Tre\u201d B\/S Art Studio -S\u00e1ng t\u1ea1o c\u00f9ng b\u1ea3n s\u1eafc Vi\u1ec7t Nam    N\u00f3n L\u00e1 Ngh\u1ec7 Thu\u1eadt v\u1edbi ho\u1ea1 ti\u1ebft \u201cTre\u201d - bi\u1ec3u t\u01b0\u1ee3ng \u0111\u1ea1i di\u1ec7n cho tinh th\u1ea7n v\u00e0 \u00fd ch\u00ed c\u1ee7a ng\u01b0\u1eddi Vi\u1ec7t Nam.\" \/>\n<meta property=\"og:url\" content=\"https:\/\/bsartstudio.vn\/en\/products\/bamboo-conical-hat\/\" \/>\n<meta property=\"og:site_name\" content=\"B\/S Art Studio\" \/>\n<meta property=\"article:modified_time\" content=\"2023-06-30T09:55:07+00:00\" \/>\n<meta property=\"og:image\" content=\"https:\/\/bsartstudio.vn\/wp-content\/uploads\/2023\/06\/Non-La-Nghe-Thuat-Tre-1.jpg\" \/>\n\t<meta property=\"og:image:width\" content=\"1920\" \/>\n\t<meta property=\"og:image:height\" content=\"1920\" \/>\n\t<meta property=\"og:image:type\" content=\"image\/jpeg\" \/>\n<meta name=\"twitter:card\" content=\"summary_large_image\" \/>\n<script type=\"application\/ld+json\" class=\"yoast-schema-graph\">{\"@context\":\"https:\/\/schema.org\",\"@graph\":[{\"@type\":\"WebPage\",\"@id\":\"https:\/\/bsartstudio.vn\/en\/products\/bamboo-conical-hat\/\",\"url\":\"https:\/\/bsartstudio.vn\/en\/products\/bamboo-conical-hat\/\",\"name\":\"N\u00f3n L\u00e1 \\\"Sau Nh\u1eefng R\u1eb7ng Tre\\\" - B\/S Art Studio\",\"isPartOf\":{\"@id\":\"https:\/\/bsartstudio.vn\/ja\/#website\"},\"primaryImageOfPage\":{\"@id\":\"https:\/\/bsartstudio.vn\/en\/products\/bamboo-conical-hat\/#primaryimage\"},\"image\":{\"@id\":\"https:\/\/bsartstudio.vn\/en\/products\/bamboo-conical-hat\/#primaryimage\"},\"thumbnailUrl\":\"https:\/\/bsartstudio.vn\/wp-content\/uploads\/2023\/06\/Non-La-Nghe-Thuat-Tre-1.jpg\",\"datePublished\":\"2023-06-30T09:38:55+00:00\",\"dateModified\":\"2023-06-30T09:55:07+00:00\",\"breadcrumb\":{\"@id\":\"https:\/\/bsartstudio.vn\/en\/products\/bamboo-conical-hat\/#breadcrumb\"},\"inLanguage\":\"vi-VN\",\"potentialAction\":[{\"@type\":\"ReadAction\",\"target\":[\"https:\/\/bsartstudio.vn\/en\/products\/bamboo-conical-hat\/\"]}]},{\"@type\":\"ImageObject\",\"inLanguage\":\"vi-VN\",\"@id\":\"https:\/\/bsartstudio.vn\/en\/products\/bamboo-conical-hat\/#primaryimage\",\"url\":\"https:\/\/bsartstudio.vn\/wp-content\/uploads\/2023\/06\/Non-La-Nghe-Thuat-Tre-1.jpg\",\"contentUrl\":\"https:\/\/bsartstudio.vn\/wp-content\/uploads\/2023\/06\/Non-La-Nghe-Thuat-Tre-1.jpg\",\"width\":1920,\"height\":1920},{\"@type\":\"BreadcrumbList\",\"@id\":\"https:\/\/bsartstudio.vn\/en\/products\/bamboo-conical-hat\/#breadcrumb\",\"itemListElement\":[{\"@type\":\"ListItem\",\"position\":1,\"name\":\"Home\",\"item\":\"https:\/\/bsartstudio.vn\/en\/\"},{\"@type\":\"ListItem\",\"position\":2,\"name\":\"Shop\",\"item\":\"https:\/\/bsartstudio.vn\/en\/shop\/\"},{\"@type\":\"ListItem\",\"position\":3,\"name\":\"N\u00f3n L\u00e1 &#8220;Sau Nh\u1eefng R\u1eb7ng Tre&#8221;\"}]},{\"@type\":\"WebSite\",\"@id\":\"https:\/\/bsartstudio.vn\/ja\/#website\",\"url\":\"https:\/\/bsartstudio.vn\/ja\/\",\"name\":\"B\/S Art Studio\",\"description\":\"\",\"publisher\":{\"@id\":\"https:\/\/bsartstudio.vn\/ja\/#organization\"},\"potentialAction\":[{\"@type\":\"SearchAction\",\"target\":{\"@type\":\"EntryPoint\",\"urlTemplate\":\"https:\/\/bsartstudio.vn\/ja\/?s={search_term_string}\"},\"query-input\":{\"@type\":\"PropertyValueSpecification\",\"valueRequired\":true,\"valueName\":\"search_term_string\"}}],\"inLanguage\":\"vi-VN\"},{\"@type\":\"Organization\",\"@id\":\"https:\/\/bsartstudio.vn\/ja\/#organization\",\"name\":\"B\/S Art Studio\",\"url\":\"https:\/\/bsartstudio.vn\/ja\/\",\"logo\":{\"@type\":\"ImageObject\",\"inLanguage\":\"vi-VN\",\"@id\":\"https:\/\/bsartstudio.vn\/ja\/#\/schema\/logo\/image\/\",\"url\":\"https:\/\/bsartstudio.vn\/wp-content\/uploads\/2020\/03\/54526018_2272576089468053_1525084505319145472_n.jpg\",\"contentUrl\":\"https:\/\/bsartstudio.vn\/wp-content\/uploads\/2020\/03\/54526018_2272576089468053_1525084505319145472_n.jpg\",\"width\":958,\"height\":958,\"caption\":\"B\/S Art Studio\"},\"image\":{\"@id\":\"https:\/\/bsartstudio.vn\/ja\/#\/schema\/logo\/image\/\"}}]}<\/script>\n<!-- \/ Yoast SEO plugin. -->","yoast_head_json":{"title":"N\u00f3n L\u00e1 \"Sau Nh\u1eefng R\u1eb7ng Tre\" - B\/S Art Studio","robots":{"index":"index","follow":"follow","max-snippet":"max-snippet:-1","max-image-preview":"max-image-preview:large","max-video-preview":"max-video-preview:-1"},"canonical":"https:\/\/bsartstudio.vn\/en\/products\/bamboo-conical-hat\/","og_locale":"vi_VN","og_type":"article","og_title":"N\u00f3n L\u00e1 \"Sau Nh\u1eefng R\u1eb7ng Tre\" - B\/S Art Studio","og_description":"T\u00e1c ph\u1ea9m \u201cSau nh\u1eefng r\u1eb7ng Tre\u201d B\/S Art Studio -S\u00e1ng t\u1ea1o c\u00f9ng b\u1ea3n s\u1eafc Vi\u1ec7t Nam    N\u00f3n L\u00e1 Ngh\u1ec7 Thu\u1eadt v\u1edbi ho\u1ea1 ti\u1ebft \u201cTre\u201d - bi\u1ec3u t\u01b0\u1ee3ng \u0111\u1ea1i di\u1ec7n cho tinh th\u1ea7n v\u00e0 \u00fd ch\u00ed c\u1ee7a ng\u01b0\u1eddi Vi\u1ec7t Nam.","og_url":"https:\/\/bsartstudio.vn\/en\/products\/bamboo-conical-hat\/","og_site_name":"B\/S Art Studio","article_modified_time":"2023-06-30T09:55:07+00:00","og_image":[{"width":1920,"height":1920,"url":"https:\/\/bsartstudio.vn\/wp-content\/uploads\/2023\/06\/Non-La-Nghe-Thuat-Tre-1.jpg","type":"image\/jpeg"}],"twitter_card":"summary_large_image","schema":{"@context":"https:\/\/schema.org","@graph":[{"@type":"WebPage","@id":"https:\/\/bsartstudio.vn\/en\/products\/bamboo-conical-hat\/","url":"https:\/\/bsartstudio.vn\/en\/products\/bamboo-conical-hat\/","name":"N\u00f3n L\u00e1 \"Sau Nh\u1eefng R\u1eb7ng Tre\" - B\/S Art Studio","isPartOf":{"@id":"https:\/\/bsartstudio.vn\/ja\/#website"},"primaryImageOfPage":{"@id":"https:\/\/bsartstudio.vn\/en\/products\/bamboo-conical-hat\/#primaryimage"},"image":{"@id":"https:\/\/bsartstudio.vn\/en\/products\/bamboo-conical-hat\/#primaryimage"},"thumbnailUrl":"https:\/\/bsartstudio.vn\/wp-content\/uploads\/2023\/06\/Non-La-Nghe-Thuat-Tre-1.jpg","datePublished":"2023-06-30T09:38:55+00:00","dateModified":"2023-06-30T09:55:07+00:00","breadcrumb":{"@id":"https:\/\/bsartstudio.vn\/en\/products\/bamboo-conical-hat\/#breadcrumb"},"inLanguage":"vi-VN","potentialAction":[{"@type":"ReadAction","target":["https:\/\/bsartstudio.vn\/en\/products\/bamboo-conical-hat\/"]}]},{"@type":"ImageObject","inLanguage":"vi-VN","@id":"https:\/\/bsartstudio.vn\/en\/products\/bamboo-conical-hat\/#primaryimage","url":"https:\/\/bsartstudio.vn\/wp-content\/uploads\/2023\/06\/Non-La-Nghe-Thuat-Tre-1.jpg","contentUrl":"https:\/\/bsartstudio.vn\/wp-content\/uploads\/2023\/06\/Non-La-Nghe-Thuat-Tre-1.jpg","width":1920,"height":1920},{"@type":"BreadcrumbList","@id":"https:\/\/bsartstudio.vn\/en\/products\/bamboo-conical-hat\/#breadcrumb","itemListElement":[{"@type":"ListItem","position":1,"name":"Home","item":"https:\/\/bsartstudio.vn\/en\/"},{"@type":"ListItem","position":2,"name":"Shop","item":"https:\/\/bsartstudio.vn\/en\/shop\/"},{"@type":"ListItem","position":3,"name":"N\u00f3n L\u00e1 &#8220;Sau Nh\u1eefng R\u1eb7ng Tre&#8221;"}]},{"@type":"WebSite","@id":"https:\/\/bsartstudio.vn\/ja\/#website","url":"https:\/\/bsartstudio.vn\/ja\/","name":"B\/S Art Studio","description":"","publisher":{"@id":"https:\/\/bsartstudio.vn\/ja\/#organization"},"potentialAction":[{"@type":"SearchAction","target":{"@type":"EntryPoint","urlTemplate":"https:\/\/bsartstudio.vn\/ja\/?s={search_term_string}"},"query-input":{"@type":"PropertyValueSpecification","valueRequired":true,"valueName":"search_term_string"}}],"inLanguage":"vi-VN"},{"@type":"Organization","@id":"https:\/\/bsartstudio.vn\/ja\/#organization","name":"B\/S Art Studio","url":"https:\/\/bsartstudio.vn\/ja\/","logo":{"@type":"ImageObject","inLanguage":"vi-VN","@id":"https:\/\/bsartstudio.vn\/ja\/#\/schema\/logo\/image\/","url":"https:\/\/bsartstudio.vn\/wp-content\/uploads\/2020\/03\/54526018_2272576089468053_1525084505319145472_n.jpg","contentUrl":"https:\/\/bsartstudio.vn\/wp-content\/uploads\/2020\/03\/54526018_2272576089468053_1525084505319145472_n.jpg","width":958,"height":958,"caption":"B\/S Art Studio"},"image":{"@id":"https:\/\/bsartstudio.vn\/ja\/#\/schema\/logo\/image\/"}}]}},"_links":{"self":[{"href":"https:\/\/bsartstudio.vn\/vi\/wp-json\/wp\/v2\/product\/5767"}],"collection":[{"href":"https:\/\/bsartstudio.vn\/vi\/wp-json\/wp\/v2\/product"}],"about":[{"href":"https:\/\/bsartstudio.vn\/vi\/wp-json\/wp\/v2\/types\/product"}],"wp:featuredmedia":[{"embeddable":true,"href":"https:\/\/bsartstudio.vn\/vi\/wp-json\/wp\/v2\/media\/5747"}],"wp:attachment":[{"href":"https:\/\/bsartstudio.vn\/vi\/wp-json\/wp\/v2\/media?parent=5767"}],"wp:term":[{"taxonomy":"product_cat","embeddable":true,"href":"https:\/\/bsartstudio.vn\/vi\/wp-json\/wp\/v2\/product_cat?post=5767"},{"taxonomy":"product_tag","embeddable":true,"href":"https:\/\/bsartstudio.vn\/vi\/wp-json\/wp\/v2\/product_tag?post=5767"}],"curies":[{"name":"wp","href":"https:\/\/api.w.org\/{rel}","templated":true}]}}