{"id":5656,"date":"2023-05-21T14:32:54","date_gmt":"2023-05-21T07:32:54","guid":{"rendered":"https:\/\/bsartstudio.vn\/products\/sticker-pig-moon-trau-vang-tet\/"},"modified":"2023-05-21T14:50:07","modified_gmt":"2023-05-21T07:50:07","slug":"sticker-pig-moon-trau-vang-tet","status":"publish","type":"product","link":"https:\/\/bsartstudio.vn\/vi\/products\/sticker-pig-moon-trau-vang-tet\/","title":{"rendered":"Sticker Pig Moon &#8211; Tr\u00e2u V\u00e0ng T\u1ebft"},"content":{"rendered":"<p>+ G\u00f3i h\u00e0ng g\u1ed3m: 1 t\u1ea5m sticker (g\u1ed3m 3 b\u00e9 Pig Moon v\u00e0 h\u01a1n 30 h\u00ecnh d\u00e1n d\u1ec5 th\u01b0\u01a1ng)<br \/>\n+ Ch\u1ea5t li\u1ec7u: Decal nh\u1ef1a, in m\u00e0u ch\u1ea5t l\u01b0\u1ee3ng cao, kh\u00f4ng th\u1ea5m n\u01b0\u1edbc.<br \/>\n+ K\u00edch th\u01b0\u1edbc: A5 (m\u1ed7i sticker kho\u1ea3ng 4cm &#8211; 5cm)<br \/>\n+ S\u1eed d\u1ee5ng: c\u00f3 th\u1ec3 d\u00e1n tr\u00ean m\u1ecdi b\u1ec1 m\u1eb7t c\u00f3 m\u00e0u s\u1eafc kh\u00e1c nhau \u0111\u1ec3 trang tr\u00ed nh\u01b0 t\u1eadp, s\u00e1ch, \u0111i\u1ec7n tho\u1ea1i, t\u1ee7 l\u1ea1nh, Ipad, m\u00e1y t\u00ednh&#8230;<\/p>\n","protected":false},"excerpt":{"rendered":"<p>S\u00c1NG T\u1ea0O C\u00d9NG B\u1ed8 STICKER PIG MMOON &#8211; TR\u00c2U V\u00c0NG L\u1ec4 H\u1ed8I<\/p>\n<p>B\u1ed9 Sticker Pig Moon &#8211; Tr\u00e2u V\u00e0ng L\u1ec5 H\u1ed9i v\u1edbi 6 b\u00e9 Pig Moon d\u1ec5 th\u01b0\u01a1ng trong trang ph\u1ee5c truy\u1ec1n th\u1ed1ng c\u00f9ng v\u1edbi nh\u1eefng h\u00ecnh d\u00e1n mang kh\u00f4ng kh\u00ed t\u01b0\u01a1i vui trong ng\u00e0y l\u1ec5 h\u1ed9i c\u1ee7a Vi\u1ec7t Nam ch\u1ee9a \u0111\u1ef1ng nhi\u1ec1u \u00fd ngh\u0129a t\u1ed1t \u0111\u1eb9p s\u1ebd c\u00f9ng b\u1ea1n s\u00e1ng t\u1ea1o ra nh\u1eefng t\u1ea5m thi\u1ec7p, nh\u1eefng cu\u1ed1n s\u1ed5 tuy\u1ec7t \u0111\u1eb9p ho\u1eb7c c\u00f3 th\u1ec3 bi\u1ebfn h\u00f3a nh\u1eefng \u0111\u1ed3 v\u1eadt quen thu\u1ed9c nh\u01b0 laptop hay \u1ed1p \u0111i\u1ec7n tho\u1ea1i tr\u1edf n\u00ean xinh \u0111\u1eb9p h\u01a1n. \u0110\u1ed3ng th\u1eddi th\u00f4ng qua nh\u1eefng h\u00ecnh d\u00e1n d\u1ec5 th\u01b0\u01a1ng, B\/S Art Studio hi v\u1ecdng c\u00f3 th\u1ec3 gi\u00fap m\u1ecdi ng\u01b0\u1eddi hi\u1ec3u h\u01a1n v\u1ec1 ng\u00e0y l\u1ebf t\u1ebft \u1edf Vi\u1ec7t Nam v\u00e0 \u0111em \u0111\u1ebfn m\u1ed9t ch\u00fat kh\u00f4ng kh\u00ed l\u1ec5 h\u1ed9i, m\u1ed9t ch\u00fat s\u1eafc xu\u00e2n \u0111\u1ebfn v\u1edbi c\u00e1c b\u1ea1n<\/p>\n","protected":false},"featured_media":5640,"template":"","meta":{"_et_pb_use_builder":"","_et_pb_old_content":"","_et_gb_content_width":""},"product_cat":[190,72,70],"product_tag":[126,131,129,122,130,125,453,132],"yoast_head":"<!-- This site is optimized with the Yoast SEO plugin v24.5 - https:\/\/yoast.com\/wordpress\/plugins\/seo\/ -->\n<title>Sticker Pig Moon - Tr\u00e2u V\u00e0ng T\u1ebft - B\/S Art Studio<\/title>\n<meta name=\"robots\" content=\"index, follow, max-snippet:-1, max-image-preview:large, max-video-preview:-1\" \/>\n<link rel=\"canonical\" href=\"https:\/\/bsartstudio.vn\/vi\/products\/sticker-pig-moon-trau-vang-tet\/\" \/>\n<meta property=\"og:locale\" content=\"vi_VN\" \/>\n<meta property=\"og:type\" content=\"article\" \/>\n<meta property=\"og:title\" content=\"Sticker Pig Moon - Tr\u00e2u V\u00e0ng T\u1ebft - B\/S Art Studio\" \/>\n<meta property=\"og:description\" content=\"S\u00c1NG T\u1ea0O C\u00d9NG B\u1ed8 STICKER PIG MMOON - TR\u00c2U V\u00c0NG L\u1ec4 H\u1ed8I  B\u1ed9 Sticker Pig Moon - Tr\u00e2u V\u00e0ng L\u1ec5 H\u1ed9i v\u1edbi 6 b\u00e9 Pig Moon d\u1ec5 th\u01b0\u01a1ng trong trang ph\u1ee5c truy\u1ec1n th\u1ed1ng c\u00f9ng v\u1edbi nh\u1eefng h\u00ecnh d\u00e1n mang kh\u00f4ng kh\u00ed t\u01b0\u01a1i vui trong ng\u00e0y l\u1ec5 h\u1ed9i c\u1ee7a Vi\u1ec7t Nam ch\u1ee9a \u0111\u1ef1ng nhi\u1ec1u \u00fd ngh\u0129a t\u1ed1t \u0111\u1eb9p s\u1ebd c\u00f9ng b\u1ea1n s\u00e1ng t\u1ea1o ra nh\u1eefng t\u1ea5m thi\u1ec7p, nh\u1eefng cu\u1ed1n s\u1ed5 tuy\u1ec7t \u0111\u1eb9p ho\u1eb7c c\u00f3 th\u1ec3 bi\u1ebfn h\u00f3a nh\u1eefng \u0111\u1ed3 v\u1eadt quen thu\u1ed9c nh\u01b0 laptop hay \u1ed1p \u0111i\u1ec7n tho\u1ea1i tr\u1edf n\u00ean xinh \u0111\u1eb9p h\u01a1n. \u0110\u1ed3ng th\u1eddi th\u00f4ng qua nh\u1eefng h\u00ecnh d\u00e1n d\u1ec5 th\u01b0\u01a1ng, B\/S Art Studio hi v\u1ecdng c\u00f3 th\u1ec3 gi\u00fap m\u1ecdi ng\u01b0\u1eddi hi\u1ec3u h\u01a1n v\u1ec1 ng\u00e0y l\u1ebf t\u1ebft \u1edf Vi\u1ec7t Nam v\u00e0 \u0111em \u0111\u1ebfn m\u1ed9t ch\u00fat kh\u00f4ng kh\u00ed l\u1ec5 h\u1ed9i, m\u1ed9t ch\u00fat s\u1eafc xu\u00e2n \u0111\u1ebfn v\u1edbi c\u00e1c b\u1ea1n\" \/>\n<meta property=\"og:url\" content=\"https:\/\/bsartstudio.vn\/vi\/products\/sticker-pig-moon-trau-vang-tet\/\" \/>\n<meta property=\"og:site_name\" content=\"B\/S Art Studio\" \/>\n<meta property=\"article:modified_time\" content=\"2023-05-21T07:50:07+00:00\" \/>\n<meta property=\"og:image\" content=\"https:\/\/bsartstudio.vn\/wp-content\/uploads\/2023\/05\/Sticker-dan-2.jpg\" \/>\n\t<meta property=\"og:image:width\" content=\"2048\" \/>\n\t<meta property=\"og:image:height\" content=\"2048\" \/>\n\t<meta property=\"og:image:type\" content=\"image\/jpeg\" \/>\n<meta name=\"twitter:card\" content=\"summary_large_image\" \/>\n<script type=\"application\/ld+json\" class=\"yoast-schema-graph\">{\"@context\":\"https:\/\/schema.org\",\"@graph\":[{\"@type\":\"WebPage\",\"@id\":\"https:\/\/bsartstudio.vn\/vi\/products\/sticker-pig-moon-trau-vang-tet\/\",\"url\":\"https:\/\/bsartstudio.vn\/vi\/products\/sticker-pig-moon-trau-vang-tet\/\",\"name\":\"Sticker Pig Moon - Tr\u00e2u V\u00e0ng T\u1ebft - B\/S Art Studio\",\"isPartOf\":{\"@id\":\"https:\/\/bsartstudio.vn\/ja\/#website\"},\"primaryImageOfPage\":{\"@id\":\"https:\/\/bsartstudio.vn\/vi\/products\/sticker-pig-moon-trau-vang-tet\/#primaryimage\"},\"image\":{\"@id\":\"https:\/\/bsartstudio.vn\/vi\/products\/sticker-pig-moon-trau-vang-tet\/#primaryimage\"},\"thumbnailUrl\":\"https:\/\/bsartstudio.vn\/wp-content\/uploads\/2023\/05\/Sticker-dan-2.jpg\",\"datePublished\":\"2023-05-21T07:32:54+00:00\",\"dateModified\":\"2023-05-21T07:50:07+00:00\",\"breadcrumb\":{\"@id\":\"https:\/\/bsartstudio.vn\/vi\/products\/sticker-pig-moon-trau-vang-tet\/#breadcrumb\"},\"inLanguage\":\"vi-VN\",\"potentialAction\":[{\"@type\":\"ReadAction\",\"target\":[\"https:\/\/bsartstudio.vn\/vi\/products\/sticker-pig-moon-trau-vang-tet\/\"]}]},{\"@type\":\"ImageObject\",\"inLanguage\":\"vi-VN\",\"@id\":\"https:\/\/bsartstudio.vn\/vi\/products\/sticker-pig-moon-trau-vang-tet\/#primaryimage\",\"url\":\"https:\/\/bsartstudio.vn\/wp-content\/uploads\/2023\/05\/Sticker-dan-2.jpg\",\"contentUrl\":\"https:\/\/bsartstudio.vn\/wp-content\/uploads\/2023\/05\/Sticker-dan-2.jpg\",\"width\":2048,\"height\":2048,\"caption\":\"Pig Moon celebrates Tet Holiday\"},{\"@type\":\"BreadcrumbList\",\"@id\":\"https:\/\/bsartstudio.vn\/vi\/products\/sticker-pig-moon-trau-vang-tet\/#breadcrumb\",\"itemListElement\":[{\"@type\":\"ListItem\",\"position\":1,\"name\":\"Home\",\"item\":\"https:\/\/bsartstudio.vn\/en\/\"},{\"@type\":\"ListItem\",\"position\":2,\"name\":\"Shop\",\"item\":\"https:\/\/bsartstudio.vn\/en\/shop\/\"},{\"@type\":\"ListItem\",\"position\":3,\"name\":\"Sticker Pig Moon &#8211; Tr\u00e2u V\u00e0ng T\u1ebft\"}]},{\"@type\":\"WebSite\",\"@id\":\"https:\/\/bsartstudio.vn\/ja\/#website\",\"url\":\"https:\/\/bsartstudio.vn\/ja\/\",\"name\":\"B\/S Art Studio\",\"description\":\"\",\"publisher\":{\"@id\":\"https:\/\/bsartstudio.vn\/ja\/#organization\"},\"potentialAction\":[{\"@type\":\"SearchAction\",\"target\":{\"@type\":\"EntryPoint\",\"urlTemplate\":\"https:\/\/bsartstudio.vn\/ja\/?s={search_term_string}\"},\"query-input\":{\"@type\":\"PropertyValueSpecification\",\"valueRequired\":true,\"valueName\":\"search_term_string\"}}],\"inLanguage\":\"vi-VN\"},{\"@type\":\"Organization\",\"@id\":\"https:\/\/bsartstudio.vn\/ja\/#organization\",\"name\":\"B\/S Art Studio\",\"url\":\"https:\/\/bsartstudio.vn\/ja\/\",\"logo\":{\"@type\":\"ImageObject\",\"inLanguage\":\"vi-VN\",\"@id\":\"https:\/\/bsartstudio.vn\/ja\/#\/schema\/logo\/image\/\",\"url\":\"https:\/\/bsartstudio.vn\/wp-content\/uploads\/2020\/03\/54526018_2272576089468053_1525084505319145472_n.jpg\",\"contentUrl\":\"https:\/\/bsartstudio.vn\/wp-content\/uploads\/2020\/03\/54526018_2272576089468053_1525084505319145472_n.jpg\",\"width\":958,\"height\":958,\"caption\":\"B\/S Art Studio\"},\"image\":{\"@id\":\"https:\/\/bsartstudio.vn\/ja\/#\/schema\/logo\/image\/\"}}]}<\/script>\n<!-- \/ Yoast SEO plugin. -->","yoast_head_json":{"title":"Sticker Pig Moon - Tr\u00e2u V\u00e0ng T\u1ebft - B\/S Art Studio","robots":{"index":"index","follow":"follow","max-snippet":"max-snippet:-1","max-image-preview":"max-image-preview:large","max-video-preview":"max-video-preview:-1"},"canonical":"https:\/\/bsartstudio.vn\/vi\/products\/sticker-pig-moon-trau-vang-tet\/","og_locale":"vi_VN","og_type":"article","og_title":"Sticker Pig Moon - Tr\u00e2u V\u00e0ng T\u1ebft - B\/S Art Studio","og_description":"S\u00c1NG T\u1ea0O C\u00d9NG B\u1ed8 STICKER PIG MMOON - TR\u00c2U V\u00c0NG L\u1ec4 H\u1ed8I  B\u1ed9 Sticker Pig Moon - Tr\u00e2u V\u00e0ng L\u1ec5 H\u1ed9i v\u1edbi 6 b\u00e9 Pig Moon d\u1ec5 th\u01b0\u01a1ng trong trang ph\u1ee5c truy\u1ec1n th\u1ed1ng c\u00f9ng v\u1edbi nh\u1eefng h\u00ecnh d\u00e1n mang kh\u00f4ng kh\u00ed t\u01b0\u01a1i vui trong ng\u00e0y l\u1ec5 h\u1ed9i c\u1ee7a Vi\u1ec7t Nam ch\u1ee9a \u0111\u1ef1ng nhi\u1ec1u \u00fd ngh\u0129a t\u1ed1t \u0111\u1eb9p s\u1ebd c\u00f9ng b\u1ea1n s\u00e1ng t\u1ea1o ra nh\u1eefng t\u1ea5m thi\u1ec7p, nh\u1eefng cu\u1ed1n s\u1ed5 tuy\u1ec7t \u0111\u1eb9p ho\u1eb7c c\u00f3 th\u1ec3 bi\u1ebfn h\u00f3a nh\u1eefng \u0111\u1ed3 v\u1eadt quen thu\u1ed9c nh\u01b0 laptop hay \u1ed1p \u0111i\u1ec7n tho\u1ea1i tr\u1edf n\u00ean xinh \u0111\u1eb9p h\u01a1n. \u0110\u1ed3ng th\u1eddi th\u00f4ng qua nh\u1eefng h\u00ecnh d\u00e1n d\u1ec5 th\u01b0\u01a1ng, B\/S Art Studio hi v\u1ecdng c\u00f3 th\u1ec3 gi\u00fap m\u1ecdi ng\u01b0\u1eddi hi\u1ec3u h\u01a1n v\u1ec1 ng\u00e0y l\u1ebf t\u1ebft \u1edf Vi\u1ec7t Nam v\u00e0 \u0111em \u0111\u1ebfn m\u1ed9t ch\u00fat kh\u00f4ng kh\u00ed l\u1ec5 h\u1ed9i, m\u1ed9t ch\u00fat s\u1eafc xu\u00e2n \u0111\u1ebfn v\u1edbi c\u00e1c b\u1ea1n","og_url":"https:\/\/bsartstudio.vn\/vi\/products\/sticker-pig-moon-trau-vang-tet\/","og_site_name":"B\/S Art Studio","article_modified_time":"2023-05-21T07:50:07+00:00","og_image":[{"width":2048,"height":2048,"url":"https:\/\/bsartstudio.vn\/wp-content\/uploads\/2023\/05\/Sticker-dan-2.jpg","type":"image\/jpeg"}],"twitter_card":"summary_large_image","schema":{"@context":"https:\/\/schema.org","@graph":[{"@type":"WebPage","@id":"https:\/\/bsartstudio.vn\/vi\/products\/sticker-pig-moon-trau-vang-tet\/","url":"https:\/\/bsartstudio.vn\/vi\/products\/sticker-pig-moon-trau-vang-tet\/","name":"Sticker Pig Moon - Tr\u00e2u V\u00e0ng T\u1ebft - B\/S Art Studio","isPartOf":{"@id":"https:\/\/bsartstudio.vn\/ja\/#website"},"primaryImageOfPage":{"@id":"https:\/\/bsartstudio.vn\/vi\/products\/sticker-pig-moon-trau-vang-tet\/#primaryimage"},"image":{"@id":"https:\/\/bsartstudio.vn\/vi\/products\/sticker-pig-moon-trau-vang-tet\/#primaryimage"},"thumbnailUrl":"https:\/\/bsartstudio.vn\/wp-content\/uploads\/2023\/05\/Sticker-dan-2.jpg","datePublished":"2023-05-21T07:32:54+00:00","dateModified":"2023-05-21T07:50:07+00:00","breadcrumb":{"@id":"https:\/\/bsartstudio.vn\/vi\/products\/sticker-pig-moon-trau-vang-tet\/#breadcrumb"},"inLanguage":"vi-VN","potentialAction":[{"@type":"ReadAction","target":["https:\/\/bsartstudio.vn\/vi\/products\/sticker-pig-moon-trau-vang-tet\/"]}]},{"@type":"ImageObject","inLanguage":"vi-VN","@id":"https:\/\/bsartstudio.vn\/vi\/products\/sticker-pig-moon-trau-vang-tet\/#primaryimage","url":"https:\/\/bsartstudio.vn\/wp-content\/uploads\/2023\/05\/Sticker-dan-2.jpg","contentUrl":"https:\/\/bsartstudio.vn\/wp-content\/uploads\/2023\/05\/Sticker-dan-2.jpg","width":2048,"height":2048,"caption":"Pig Moon celebrates Tet Holiday"},{"@type":"BreadcrumbList","@id":"https:\/\/bsartstudio.vn\/vi\/products\/sticker-pig-moon-trau-vang-tet\/#breadcrumb","itemListElement":[{"@type":"ListItem","position":1,"name":"Home","item":"https:\/\/bsartstudio.vn\/en\/"},{"@type":"ListItem","position":2,"name":"Shop","item":"https:\/\/bsartstudio.vn\/en\/shop\/"},{"@type":"ListItem","position":3,"name":"Sticker Pig Moon &#8211; Tr\u00e2u V\u00e0ng T\u1ebft"}]},{"@type":"WebSite","@id":"https:\/\/bsartstudio.vn\/ja\/#website","url":"https:\/\/bsartstudio.vn\/ja\/","name":"B\/S Art Studio","description":"","publisher":{"@id":"https:\/\/bsartstudio.vn\/ja\/#organization"},"potentialAction":[{"@type":"SearchAction","target":{"@type":"EntryPoint","urlTemplate":"https:\/\/bsartstudio.vn\/ja\/?s={search_term_string}"},"query-input":{"@type":"PropertyValueSpecification","valueRequired":true,"valueName":"search_term_string"}}],"inLanguage":"vi-VN"},{"@type":"Organization","@id":"https:\/\/bsartstudio.vn\/ja\/#organization","name":"B\/S Art Studio","url":"https:\/\/bsartstudio.vn\/ja\/","logo":{"@type":"ImageObject","inLanguage":"vi-VN","@id":"https:\/\/bsartstudio.vn\/ja\/#\/schema\/logo\/image\/","url":"https:\/\/bsartstudio.vn\/wp-content\/uploads\/2020\/03\/54526018_2272576089468053_1525084505319145472_n.jpg","contentUrl":"https:\/\/bsartstudio.vn\/wp-content\/uploads\/2020\/03\/54526018_2272576089468053_1525084505319145472_n.jpg","width":958,"height":958,"caption":"B\/S Art Studio"},"image":{"@id":"https:\/\/bsartstudio.vn\/ja\/#\/schema\/logo\/image\/"}}]}},"_links":{"self":[{"href":"https:\/\/bsartstudio.vn\/vi\/wp-json\/wp\/v2\/product\/5656"}],"collection":[{"href":"https:\/\/bsartstudio.vn\/vi\/wp-json\/wp\/v2\/product"}],"about":[{"href":"https:\/\/bsartstudio.vn\/vi\/wp-json\/wp\/v2\/types\/product"}],"wp:featuredmedia":[{"embeddable":true,"href":"https:\/\/bsartstudio.vn\/vi\/wp-json\/wp\/v2\/media\/5640"}],"wp:attachment":[{"href":"https:\/\/bsartstudio.vn\/vi\/wp-json\/wp\/v2\/media?parent=5656"}],"wp:term":[{"taxonomy":"product_cat","embeddable":true,"href":"https:\/\/bsartstudio.vn\/vi\/wp-json\/wp\/v2\/product_cat?post=5656"},{"taxonomy":"product_tag","embeddable":true,"href":"https:\/\/bsartstudio.vn\/vi\/wp-json\/wp\/v2\/product_tag?post=5656"}],"curies":[{"name":"wp","href":"https:\/\/api.w.org\/{rel}","templated":true}]}}