{"id":5579,"date":"2023-05-12T12:23:33","date_gmt":"2023-05-12T05:23:33","guid":{"rendered":"https:\/\/bsartstudio.vn\/products\/a-near-future\/"},"modified":"2025-02-23T17:30:28","modified_gmt":"2025-02-23T10:30:28","slug":"a-near-future","status":"publish","type":"product","link":"https:\/\/bsartstudio.vn\/vi\/products\/a-near-future\/","title":{"rendered":"M\u1ed9t T\u01b0\u01a1ng Lai G\u1ea7n"},"content":{"rendered":"<p>T\u00e1c ph\u1ea9m &#8220;M\u1ed9t T\u01b0\u01a1ng Lai G\u1ea7n&#8221;<\/p>\n<p>Ch\u1ea5t li\u1ec7u: Gi\u1ea5y<br \/>\nK\u00edch th\u01b0\u1edbc: 32cm x 26cm<br \/>\nM\u00e0u: M\u00e0u ch\u00ec<\/p>\n","protected":false},"excerpt":{"rendered":"<p>Ti\u1ec3u th\u01b0 v\u00e0 Pig Moon d\u00f9ng &#8220;s\u1ee3i ch\u1ec9 v\u00e0 c\u00e2y kim&#8221; \u0111\u1ec3 ch\u1eefa l\u00e0nh nh\u1eefng v\u1ebft th\u01b0\u01a1ng c\u1ee7a Tr\u00e1i \u0110\u1ea5t. V\u00ec ph\u1ea3i ch\u1ecbu qu\u00e1 nhi\u1ec1u t\u1ed5n th\u01b0\u01a1ng g\u00e2y ra b\u1edfi chi\u1ebfn tranh v\u00e0 s\u1ef1 \u00f4 nhi\u1ec5m m\u00f4i tr\u01b0\u1eddng, Tr\u00e1i \u0110\u1ea5t \u0111ang y\u1ebfu d\u1ea7n v\u00e0 ki\u1ec7t qu\u1ec7. C\u00f3 l\u1ebd trong m\u1ed9t t\u01b0\u01a1ng lai kh\u00f4ng xa, con ng\u01b0\u1eddi s\u1ebd bi\u1ebft c\u00e1ch \u0111\u1ec3 c\u1ee9u v\u00e0 b\u1ea3o v\u1ec7 l\u1ea5y Tr\u00e1i \u0110\u1ea5t kh\u1ecfi nh\u1eefng t\u00e1c \u0111\u1ed9ng x\u1ea5u \u0111\u1ec3 th\u1ebf gi\u1edbi tr\u1edf n\u00ean t\u1ed1t \u0111\u1eb9p h\u01a1n<\/p>\n","protected":false},"featured_media":7736,"template":"","meta":{"_et_pb_use_builder":"","_et_pb_old_content":"","_et_gb_content_width":""},"product_cat":[190,59,429,62],"product_tag":[391,389,453,390],"yoast_head":"<!-- This site is optimized with the Yoast SEO plugin v24.5 - https:\/\/yoast.com\/wordpress\/plugins\/seo\/ -->\n<title>M\u1ed9t T\u01b0\u01a1ng Lai G\u1ea7n - B\/S Art Studio<\/title>\n<meta name=\"robots\" content=\"index, follow, max-snippet:-1, max-image-preview:large, max-video-preview:-1\" \/>\n<link rel=\"canonical\" href=\"https:\/\/bsartstudio.vn\/en\/products\/art-print-a-near-future\/\" \/>\n<meta property=\"og:locale\" content=\"vi_VN\" \/>\n<meta property=\"og:type\" content=\"article\" \/>\n<meta property=\"og:title\" content=\"M\u1ed9t T\u01b0\u01a1ng Lai G\u1ea7n - B\/S Art Studio\" \/>\n<meta property=\"og:description\" content=\"Ti\u1ec3u th\u01b0 v\u00e0 Pig Moon d\u00f9ng &quot;s\u1ee3i ch\u1ec9 v\u00e0 c\u00e2y kim&quot; \u0111\u1ec3 ch\u1eefa l\u00e0nh nh\u1eefng v\u1ebft th\u01b0\u01a1ng c\u1ee7a Tr\u00e1i \u0110\u1ea5t. V\u00ec ph\u1ea3i ch\u1ecbu qu\u00e1 nhi\u1ec1u t\u1ed5n th\u01b0\u01a1ng g\u00e2y ra b\u1edfi chi\u1ebfn tranh v\u00e0 s\u1ef1 \u00f4 nhi\u1ec5m m\u00f4i tr\u01b0\u1eddng, Tr\u00e1i \u0110\u1ea5t \u0111ang y\u1ebfu d\u1ea7n v\u00e0 ki\u1ec7t qu\u1ec7. C\u00f3 l\u1ebd trong m\u1ed9t t\u01b0\u01a1ng lai kh\u00f4ng xa, con ng\u01b0\u1eddi s\u1ebd bi\u1ebft c\u00e1ch \u0111\u1ec3 c\u1ee9u v\u00e0 b\u1ea3o v\u1ec7 l\u1ea5y Tr\u00e1i \u0110\u1ea5t kh\u1ecfi nh\u1eefng t\u00e1c \u0111\u1ed9ng x\u1ea5u \u0111\u1ec3 th\u1ebf gi\u1edbi tr\u1edf n\u00ean t\u1ed1t \u0111\u1eb9p h\u01a1n\" \/>\n<meta property=\"og:url\" content=\"https:\/\/bsartstudio.vn\/en\/products\/art-print-a-near-future\/\" \/>\n<meta property=\"og:site_name\" content=\"B\/S Art Studio\" \/>\n<meta property=\"article:modified_time\" content=\"2025-02-23T10:30:28+00:00\" \/>\n<meta property=\"og:image\" content=\"https:\/\/bsartstudio.vn\/wp-content\/uploads\/2023\/05\/Art-Prints-The-Near-Future.jpg\" \/>\n\t<meta property=\"og:image:width\" content=\"1920\" \/>\n\t<meta property=\"og:image:height\" content=\"1920\" \/>\n\t<meta property=\"og:image:type\" content=\"image\/jpeg\" \/>\n<meta name=\"twitter:card\" content=\"summary_large_image\" \/>\n<meta name=\"twitter:label1\" content=\"Est. reading time\" \/>\n\t<meta name=\"twitter:data1\" content=\"1 minute\" \/>\n<script type=\"application\/ld+json\" class=\"yoast-schema-graph\">{\"@context\":\"https:\/\/schema.org\",\"@graph\":[{\"@type\":\"WebPage\",\"@id\":\"https:\/\/bsartstudio.vn\/en\/products\/art-print-a-near-future\/\",\"url\":\"https:\/\/bsartstudio.vn\/en\/products\/art-print-a-near-future\/\",\"name\":\"M\u1ed9t T\u01b0\u01a1ng Lai G\u1ea7n - B\/S Art Studio\",\"isPartOf\":{\"@id\":\"https:\/\/bsartstudio.vn\/ja\/#website\"},\"primaryImageOfPage\":{\"@id\":\"https:\/\/bsartstudio.vn\/en\/products\/art-print-a-near-future\/#primaryimage\"},\"image\":{\"@id\":\"https:\/\/bsartstudio.vn\/en\/products\/art-print-a-near-future\/#primaryimage\"},\"thumbnailUrl\":\"https:\/\/bsartstudio.vn\/wp-content\/uploads\/2023\/05\/Art-Prints-The-Near-Future.jpg\",\"datePublished\":\"2023-05-12T05:23:33+00:00\",\"dateModified\":\"2025-02-23T10:30:28+00:00\",\"breadcrumb\":{\"@id\":\"https:\/\/bsartstudio.vn\/en\/products\/art-print-a-near-future\/#breadcrumb\"},\"inLanguage\":\"vi-VN\",\"potentialAction\":[{\"@type\":\"ReadAction\",\"target\":[\"https:\/\/bsartstudio.vn\/en\/products\/art-print-a-near-future\/\"]}]},{\"@type\":\"ImageObject\",\"inLanguage\":\"vi-VN\",\"@id\":\"https:\/\/bsartstudio.vn\/en\/products\/art-print-a-near-future\/#primaryimage\",\"url\":\"https:\/\/bsartstudio.vn\/wp-content\/uploads\/2023\/05\/Art-Prints-The-Near-Future.jpg\",\"contentUrl\":\"https:\/\/bsartstudio.vn\/wp-content\/uploads\/2023\/05\/Art-Prints-The-Near-Future.jpg\",\"width\":1920,\"height\":1920,\"caption\":\"Art Prints - Detailed Patterns Art Style Collection\"},{\"@type\":\"BreadcrumbList\",\"@id\":\"https:\/\/bsartstudio.vn\/en\/products\/art-print-a-near-future\/#breadcrumb\",\"itemListElement\":[{\"@type\":\"ListItem\",\"position\":1,\"name\":\"Home\",\"item\":\"https:\/\/bsartstudio.vn\/en\/\"},{\"@type\":\"ListItem\",\"position\":2,\"name\":\"Shop\",\"item\":\"https:\/\/bsartstudio.vn\/en\/shop\/\"},{\"@type\":\"ListItem\",\"position\":3,\"name\":\"M\u1ed9t T\u01b0\u01a1ng Lai G\u1ea7n\"}]},{\"@type\":\"WebSite\",\"@id\":\"https:\/\/bsartstudio.vn\/ja\/#website\",\"url\":\"https:\/\/bsartstudio.vn\/ja\/\",\"name\":\"B\/S Art Studio\",\"description\":\"\",\"publisher\":{\"@id\":\"https:\/\/bsartstudio.vn\/ja\/#organization\"},\"potentialAction\":[{\"@type\":\"SearchAction\",\"target\":{\"@type\":\"EntryPoint\",\"urlTemplate\":\"https:\/\/bsartstudio.vn\/ja\/?s={search_term_string}\"},\"query-input\":{\"@type\":\"PropertyValueSpecification\",\"valueRequired\":true,\"valueName\":\"search_term_string\"}}],\"inLanguage\":\"vi-VN\"},{\"@type\":\"Organization\",\"@id\":\"https:\/\/bsartstudio.vn\/ja\/#organization\",\"name\":\"B\/S Art Studio\",\"url\":\"https:\/\/bsartstudio.vn\/ja\/\",\"logo\":{\"@type\":\"ImageObject\",\"inLanguage\":\"vi-VN\",\"@id\":\"https:\/\/bsartstudio.vn\/ja\/#\/schema\/logo\/image\/\",\"url\":\"https:\/\/bsartstudio.vn\/wp-content\/uploads\/2020\/03\/54526018_2272576089468053_1525084505319145472_n.jpg\",\"contentUrl\":\"https:\/\/bsartstudio.vn\/wp-content\/uploads\/2020\/03\/54526018_2272576089468053_1525084505319145472_n.jpg\",\"width\":958,\"height\":958,\"caption\":\"B\/S Art Studio\"},\"image\":{\"@id\":\"https:\/\/bsartstudio.vn\/ja\/#\/schema\/logo\/image\/\"}}]}<\/script>\n<!-- \/ Yoast SEO plugin. -->","yoast_head_json":{"title":"M\u1ed9t T\u01b0\u01a1ng Lai G\u1ea7n - B\/S Art Studio","robots":{"index":"index","follow":"follow","max-snippet":"max-snippet:-1","max-image-preview":"max-image-preview:large","max-video-preview":"max-video-preview:-1"},"canonical":"https:\/\/bsartstudio.vn\/en\/products\/art-print-a-near-future\/","og_locale":"vi_VN","og_type":"article","og_title":"M\u1ed9t T\u01b0\u01a1ng Lai G\u1ea7n - B\/S Art Studio","og_description":"Ti\u1ec3u th\u01b0 v\u00e0 Pig Moon d\u00f9ng \"s\u1ee3i ch\u1ec9 v\u00e0 c\u00e2y kim\" \u0111\u1ec3 ch\u1eefa l\u00e0nh nh\u1eefng v\u1ebft th\u01b0\u01a1ng c\u1ee7a Tr\u00e1i \u0110\u1ea5t. V\u00ec ph\u1ea3i ch\u1ecbu qu\u00e1 nhi\u1ec1u t\u1ed5n th\u01b0\u01a1ng g\u00e2y ra b\u1edfi chi\u1ebfn tranh v\u00e0 s\u1ef1 \u00f4 nhi\u1ec5m m\u00f4i tr\u01b0\u1eddng, Tr\u00e1i \u0110\u1ea5t \u0111ang y\u1ebfu d\u1ea7n v\u00e0 ki\u1ec7t qu\u1ec7. C\u00f3 l\u1ebd trong m\u1ed9t t\u01b0\u01a1ng lai kh\u00f4ng xa, con ng\u01b0\u1eddi s\u1ebd bi\u1ebft c\u00e1ch \u0111\u1ec3 c\u1ee9u v\u00e0 b\u1ea3o v\u1ec7 l\u1ea5y Tr\u00e1i \u0110\u1ea5t kh\u1ecfi nh\u1eefng t\u00e1c \u0111\u1ed9ng x\u1ea5u \u0111\u1ec3 th\u1ebf gi\u1edbi tr\u1edf n\u00ean t\u1ed1t \u0111\u1eb9p h\u01a1n","og_url":"https:\/\/bsartstudio.vn\/en\/products\/art-print-a-near-future\/","og_site_name":"B\/S Art Studio","article_modified_time":"2025-02-23T10:30:28+00:00","og_image":[{"width":1920,"height":1920,"url":"https:\/\/bsartstudio.vn\/wp-content\/uploads\/2023\/05\/Art-Prints-The-Near-Future.jpg","type":"image\/jpeg"}],"twitter_card":"summary_large_image","twitter_misc":{"Est. reading time":"1 minute"},"schema":{"@context":"https:\/\/schema.org","@graph":[{"@type":"WebPage","@id":"https:\/\/bsartstudio.vn\/en\/products\/art-print-a-near-future\/","url":"https:\/\/bsartstudio.vn\/en\/products\/art-print-a-near-future\/","name":"M\u1ed9t T\u01b0\u01a1ng Lai G\u1ea7n - B\/S Art Studio","isPartOf":{"@id":"https:\/\/bsartstudio.vn\/ja\/#website"},"primaryImageOfPage":{"@id":"https:\/\/bsartstudio.vn\/en\/products\/art-print-a-near-future\/#primaryimage"},"image":{"@id":"https:\/\/bsartstudio.vn\/en\/products\/art-print-a-near-future\/#primaryimage"},"thumbnailUrl":"https:\/\/bsartstudio.vn\/wp-content\/uploads\/2023\/05\/Art-Prints-The-Near-Future.jpg","datePublished":"2023-05-12T05:23:33+00:00","dateModified":"2025-02-23T10:30:28+00:00","breadcrumb":{"@id":"https:\/\/bsartstudio.vn\/en\/products\/art-print-a-near-future\/#breadcrumb"},"inLanguage":"vi-VN","potentialAction":[{"@type":"ReadAction","target":["https:\/\/bsartstudio.vn\/en\/products\/art-print-a-near-future\/"]}]},{"@type":"ImageObject","inLanguage":"vi-VN","@id":"https:\/\/bsartstudio.vn\/en\/products\/art-print-a-near-future\/#primaryimage","url":"https:\/\/bsartstudio.vn\/wp-content\/uploads\/2023\/05\/Art-Prints-The-Near-Future.jpg","contentUrl":"https:\/\/bsartstudio.vn\/wp-content\/uploads\/2023\/05\/Art-Prints-The-Near-Future.jpg","width":1920,"height":1920,"caption":"Art Prints - Detailed Patterns Art Style Collection"},{"@type":"BreadcrumbList","@id":"https:\/\/bsartstudio.vn\/en\/products\/art-print-a-near-future\/#breadcrumb","itemListElement":[{"@type":"ListItem","position":1,"name":"Home","item":"https:\/\/bsartstudio.vn\/en\/"},{"@type":"ListItem","position":2,"name":"Shop","item":"https:\/\/bsartstudio.vn\/en\/shop\/"},{"@type":"ListItem","position":3,"name":"M\u1ed9t T\u01b0\u01a1ng Lai G\u1ea7n"}]},{"@type":"WebSite","@id":"https:\/\/bsartstudio.vn\/ja\/#website","url":"https:\/\/bsartstudio.vn\/ja\/","name":"B\/S Art Studio","description":"","publisher":{"@id":"https:\/\/bsartstudio.vn\/ja\/#organization"},"potentialAction":[{"@type":"SearchAction","target":{"@type":"EntryPoint","urlTemplate":"https:\/\/bsartstudio.vn\/ja\/?s={search_term_string}"},"query-input":{"@type":"PropertyValueSpecification","valueRequired":true,"valueName":"search_term_string"}}],"inLanguage":"vi-VN"},{"@type":"Organization","@id":"https:\/\/bsartstudio.vn\/ja\/#organization","name":"B\/S Art Studio","url":"https:\/\/bsartstudio.vn\/ja\/","logo":{"@type":"ImageObject","inLanguage":"vi-VN","@id":"https:\/\/bsartstudio.vn\/ja\/#\/schema\/logo\/image\/","url":"https:\/\/bsartstudio.vn\/wp-content\/uploads\/2020\/03\/54526018_2272576089468053_1525084505319145472_n.jpg","contentUrl":"https:\/\/bsartstudio.vn\/wp-content\/uploads\/2020\/03\/54526018_2272576089468053_1525084505319145472_n.jpg","width":958,"height":958,"caption":"B\/S Art Studio"},"image":{"@id":"https:\/\/bsartstudio.vn\/ja\/#\/schema\/logo\/image\/"}}]}},"_links":{"self":[{"href":"https:\/\/bsartstudio.vn\/vi\/wp-json\/wp\/v2\/product\/5579"}],"collection":[{"href":"https:\/\/bsartstudio.vn\/vi\/wp-json\/wp\/v2\/product"}],"about":[{"href":"https:\/\/bsartstudio.vn\/vi\/wp-json\/wp\/v2\/types\/product"}],"wp:featuredmedia":[{"embeddable":true,"href":"https:\/\/bsartstudio.vn\/vi\/wp-json\/wp\/v2\/media\/7736"}],"wp:attachment":[{"href":"https:\/\/bsartstudio.vn\/vi\/wp-json\/wp\/v2\/media?parent=5579"}],"wp:term":[{"taxonomy":"product_cat","embeddable":true,"href":"https:\/\/bsartstudio.vn\/vi\/wp-json\/wp\/v2\/product_cat?post=5579"},{"taxonomy":"product_tag","embeddable":true,"href":"https:\/\/bsartstudio.vn\/vi\/wp-json\/wp\/v2\/product_tag?post=5579"}],"curies":[{"name":"wp","href":"https:\/\/api.w.org\/{rel}","templated":true}]}}