{"id":5419,"date":"2023-02-17T13:41:11","date_gmt":"2023-02-17T06:41:11","guid":{"rendered":"https:\/\/bsartstudio.vn\/products\/xu\/"},"modified":"2023-08-31T15:51:17","modified_gmt":"2023-08-31T08:51:17","slug":"xu","status":"publish","type":"product","link":"https:\/\/bsartstudio.vn\/vi\/products\/xu\/","title":{"rendered":"Xu\u00e2n Hoa D\u1ea1 Nguy\u1ec7t"},"content":{"rendered":"<div dir=\"auto\">\u00a0<\/div>\n<div dir=\"auto\">\n<p>T\u00e1c ph\u1ea9m &#8220;Xu\u00e2n Hoa D\u1ea1 Nguy\u1ec7t<\/p>\n<p>Ch\u1ea5t li\u1ec7u: Canvas<\/p>\n<p>M\u00e0u: Acrylic<\/p>\n<p>K\u00edch th\u01b0\u1edbc: 39.8 cm x 30.1 cm<\/p>\n<\/div>\n","protected":false},"excerpt":{"rendered":"<div dir=\"auto\">T\u00e1c ph\u1ea9m \u0111\u01b0\u1ee3c l\u1ea5y c\u1ea3m h\u1ee9ng t\u1eeb hoa v\u0103n cung \u0111\u00ecnh v\u1edbi h\u00ecnh t\u01b0\u1ee3ng N\u00e0ng Ti\u1ec3u Th\u01b0 ng\u1ed3i kh\u1ea3y \u201c\u0110\u00e0n B\u1ea7u\u201d d\u01b0\u1edbi t\u00e1n c\u00e2y \u201cNg\u00f4 \u0110\u1ed3ng\u201d b\u00ean c\u1ea1nh linh v\u1eadt \u201cSi V\u1eabn\u201d.<\/div>\n<div dir=\"auto\">\u00a0<\/div>\n<div dir=\"auto\">Si V\u1eabn &#8211; con th\u1ee9 hai c\u1ee7a r\u1ed3ng, l\u00e0 linh v\u1eadt r\u1ea5t th\u00edch ng\u1eafm c\u1ea3nh v\u00e0 di\u1ec7t h\u1ecfa ho\u1ea1n n\u00ean \u0111\u01b0\u1ee3c ch\u1ea1m kh\u1eafc tr\u00ean n\u00f3c c\u00e1c cung \u0111i\u1ec7n c\u1ed5, ch\u00f9a, \u0111\u00ecnh&#8230;<\/div>\n<div dir=\"auto\">\u201c\u0110\u00e0n B\u1ea7u\u201d l\u00e0 \u0111\u00e0n m\u1ed9t d\u00e2y, l\u00e0 m\u1ed9t lo\u1ea1i nh\u1ea1c c\u1ee5 truy\u1ec1n th\u1ed1ng c\u1ee7a Vi\u1ec7t Nam v\u1edbi \u00e2m s\u00e2u l\u1eafng, truy\u1ec1n c\u1ea3m t\u1ef1a nh\u01b0 \u00e2m thanh tr\u1ea7m b\u1ed5ng ti\u1ebfng n\u01b0\u1edbc.<\/div>\n<div dir=\"auto\">\u00a0<\/div>\n<div dir=\"auto\">\u201cC\u00e2y Ng\u00f4 \u0110\u1ed3ng\u201d m\u1ed9t bi\u1ec3u t\u01b0\u1ee3ng c\u00e2y hoa c\u1ee7a cung \u0111\u00ecnh.<\/div>\n<div dir=\"auto\">V\u1edbi \u00fd ngh\u0129a t\u00ecm v\u1ec1 n\u00ean th\u01a1, v\u1ebb \u0111\u1eb9p Thi\u00ean Nhi\u00ean, Truy\u1ec1n Th\u1ed1ng Vi\u1ec7t l\u00e0m gi\u00e0u th\u00eam ch\u1ea5t thi ca v\u00e0 t\u00e2m h\u1ed3n.<\/div>\n","protected":false},"featured_media":5406,"template":"","meta":{"_et_pb_use_builder":"","_et_pb_old_content":"","_et_gb_content_width":""},"product_cat":[59,296,430],"product_tag":[472,173],"yoast_head":"<!-- This site is optimized with the Yoast SEO plugin v24.5 - https:\/\/yoast.com\/wordpress\/plugins\/seo\/ -->\n<title>Xu\u00e2n Hoa D\u1ea1 Nguy\u1ec7t - B\/S Art Studio<\/title>\n<meta name=\"robots\" content=\"index, follow, max-snippet:-1, max-image-preview:large, max-video-preview:-1\" \/>\n<link rel=\"canonical\" href=\"https:\/\/bsartstudio.vn\/vi\/products\/xu\/\" \/>\n<meta property=\"og:locale\" content=\"vi_VN\" \/>\n<meta property=\"og:type\" content=\"article\" \/>\n<meta property=\"og:title\" content=\"Xu\u00e2n Hoa D\u1ea1 Nguy\u1ec7t - B\/S Art Studio\" \/>\n<meta property=\"og:description\" content=\"T\u00e1c ph\u1ea9m \u0111\u01b0\u1ee3c l\u1ea5y c\u1ea3m h\u1ee9ng t\u1eeb hoa v\u0103n cung \u0111\u00ecnh v\u1edbi h\u00ecnh t\u01b0\u1ee3ng N\u00e0ng Ti\u1ec3u Th\u01b0 ng\u1ed3i kh\u1ea3y \u201c\u0110\u00e0n B\u1ea7u\u201d d\u01b0\u1edbi t\u00e1n c\u00e2y \u201cNg\u00f4 \u0110\u1ed3ng\u201d b\u00ean c\u1ea1nh linh v\u1eadt \u201cSi V\u1eabn\u201d. \u00a0 Si V\u1eabn - con th\u1ee9 hai c\u1ee7a r\u1ed3ng, l\u00e0 linh v\u1eadt r\u1ea5t th\u00edch ng\u1eafm c\u1ea3nh v\u00e0 di\u1ec7t h\u1ecfa ho\u1ea1n n\u00ean \u0111\u01b0\u1ee3c ch\u1ea1m kh\u1eafc tr\u00ean n\u00f3c c\u00e1c cung \u0111i\u1ec7n c\u1ed5, ch\u00f9a, \u0111\u00ecnh... \u201c\u0110\u00e0n B\u1ea7u\u201d l\u00e0 \u0111\u00e0n m\u1ed9t d\u00e2y, l\u00e0 m\u1ed9t lo\u1ea1i nh\u1ea1c c\u1ee5 truy\u1ec1n th\u1ed1ng c\u1ee7a Vi\u1ec7t Nam v\u1edbi \u00e2m s\u00e2u l\u1eafng, truy\u1ec1n c\u1ea3m t\u1ef1a nh\u01b0 \u00e2m thanh tr\u1ea7m b\u1ed5ng ti\u1ebfng n\u01b0\u1edbc. \u00a0 \u201cC\u00e2y Ng\u00f4 \u0110\u1ed3ng\u201d m\u1ed9t bi\u1ec3u t\u01b0\u1ee3ng c\u00e2y hoa c\u1ee7a cung \u0111\u00ecnh. V\u1edbi \u00fd ngh\u0129a t\u00ecm v\u1ec1 n\u00ean th\u01a1, v\u1ebb \u0111\u1eb9p Thi\u00ean Nhi\u00ean, Truy\u1ec1n Th\u1ed1ng Vi\u1ec7t l\u00e0m gi\u00e0u th\u00eam ch\u1ea5t thi ca v\u00e0 t\u00e2m h\u1ed3n.\" \/>\n<meta property=\"og:url\" content=\"https:\/\/bsartstudio.vn\/vi\/products\/xu\/\" \/>\n<meta property=\"og:site_name\" content=\"B\/S Art Studio\" \/>\n<meta property=\"article:modified_time\" content=\"2023-08-31T08:51:17+00:00\" \/>\n<meta property=\"og:image\" content=\"https:\/\/bsartstudio.vn\/wp-content\/uploads\/2023\/02\/Xuan-hoa-da-nguyet-2.jpg\" \/>\n\t<meta property=\"og:image:width\" content=\"2048\" \/>\n\t<meta property=\"og:image:height\" content=\"2048\" \/>\n\t<meta property=\"og:image:type\" content=\"image\/jpeg\" \/>\n<meta name=\"twitter:card\" content=\"summary_large_image\" \/>\n<script type=\"application\/ld+json\" class=\"yoast-schema-graph\">{\"@context\":\"https:\/\/schema.org\",\"@graph\":[{\"@type\":\"WebPage\",\"@id\":\"https:\/\/bsartstudio.vn\/vi\/products\/xu\/\",\"url\":\"https:\/\/bsartstudio.vn\/vi\/products\/xu\/\",\"name\":\"Xu\u00e2n Hoa D\u1ea1 Nguy\u1ec7t - B\/S Art Studio\",\"isPartOf\":{\"@id\":\"https:\/\/bsartstudio.vn\/ja\/#website\"},\"primaryImageOfPage\":{\"@id\":\"https:\/\/bsartstudio.vn\/vi\/products\/xu\/#primaryimage\"},\"image\":{\"@id\":\"https:\/\/bsartstudio.vn\/vi\/products\/xu\/#primaryimage\"},\"thumbnailUrl\":\"https:\/\/bsartstudio.vn\/wp-content\/uploads\/2023\/02\/Xuan-hoa-da-nguyet-2-e1726484054187.jpg\",\"datePublished\":\"2023-02-17T06:41:11+00:00\",\"dateModified\":\"2023-08-31T08:51:17+00:00\",\"breadcrumb\":{\"@id\":\"https:\/\/bsartstudio.vn\/vi\/products\/xu\/#breadcrumb\"},\"inLanguage\":\"vi-VN\",\"potentialAction\":[{\"@type\":\"ReadAction\",\"target\":[\"https:\/\/bsartstudio.vn\/vi\/products\/xu\/\"]}]},{\"@type\":\"ImageObject\",\"inLanguage\":\"vi-VN\",\"@id\":\"https:\/\/bsartstudio.vn\/vi\/products\/xu\/#primaryimage\",\"url\":\"https:\/\/bsartstudio.vn\/wp-content\/uploads\/2023\/02\/Xuan-hoa-da-nguyet-2-e1726484054187.jpg\",\"contentUrl\":\"https:\/\/bsartstudio.vn\/wp-content\/uploads\/2023\/02\/Xuan-hoa-da-nguyet-2-e1726484054187.jpg\",\"width\":1498,\"height\":1498,\"caption\":\"\\\"Flower Blooms in a Moonlit Night on Spring\\\"\"},{\"@type\":\"BreadcrumbList\",\"@id\":\"https:\/\/bsartstudio.vn\/vi\/products\/xu\/#breadcrumb\",\"itemListElement\":[{\"@type\":\"ListItem\",\"position\":1,\"name\":\"Home\",\"item\":\"https:\/\/bsartstudio.vn\/en\/\"},{\"@type\":\"ListItem\",\"position\":2,\"name\":\"Shop\",\"item\":\"https:\/\/bsartstudio.vn\/en\/shop\/\"},{\"@type\":\"ListItem\",\"position\":3,\"name\":\"Xu\u00e2n Hoa D\u1ea1 Nguy\u1ec7t\"}]},{\"@type\":\"WebSite\",\"@id\":\"https:\/\/bsartstudio.vn\/ja\/#website\",\"url\":\"https:\/\/bsartstudio.vn\/ja\/\",\"name\":\"B\/S Art Studio\",\"description\":\"\",\"publisher\":{\"@id\":\"https:\/\/bsartstudio.vn\/ja\/#organization\"},\"potentialAction\":[{\"@type\":\"SearchAction\",\"target\":{\"@type\":\"EntryPoint\",\"urlTemplate\":\"https:\/\/bsartstudio.vn\/ja\/?s={search_term_string}\"},\"query-input\":{\"@type\":\"PropertyValueSpecification\",\"valueRequired\":true,\"valueName\":\"search_term_string\"}}],\"inLanguage\":\"vi-VN\"},{\"@type\":\"Organization\",\"@id\":\"https:\/\/bsartstudio.vn\/ja\/#organization\",\"name\":\"B\/S Art Studio\",\"url\":\"https:\/\/bsartstudio.vn\/ja\/\",\"logo\":{\"@type\":\"ImageObject\",\"inLanguage\":\"vi-VN\",\"@id\":\"https:\/\/bsartstudio.vn\/ja\/#\/schema\/logo\/image\/\",\"url\":\"https:\/\/bsartstudio.vn\/wp-content\/uploads\/2020\/03\/54526018_2272576089468053_1525084505319145472_n.jpg\",\"contentUrl\":\"https:\/\/bsartstudio.vn\/wp-content\/uploads\/2020\/03\/54526018_2272576089468053_1525084505319145472_n.jpg\",\"width\":958,\"height\":958,\"caption\":\"B\/S Art Studio\"},\"image\":{\"@id\":\"https:\/\/bsartstudio.vn\/ja\/#\/schema\/logo\/image\/\"}}]}<\/script>\n<!-- \/ Yoast SEO plugin. -->","yoast_head_json":{"title":"Xu\u00e2n Hoa D\u1ea1 Nguy\u1ec7t - B\/S Art Studio","robots":{"index":"index","follow":"follow","max-snippet":"max-snippet:-1","max-image-preview":"max-image-preview:large","max-video-preview":"max-video-preview:-1"},"canonical":"https:\/\/bsartstudio.vn\/vi\/products\/xu\/","og_locale":"vi_VN","og_type":"article","og_title":"Xu\u00e2n Hoa D\u1ea1 Nguy\u1ec7t - B\/S Art Studio","og_description":"T\u00e1c ph\u1ea9m \u0111\u01b0\u1ee3c l\u1ea5y c\u1ea3m h\u1ee9ng t\u1eeb hoa v\u0103n cung \u0111\u00ecnh v\u1edbi h\u00ecnh t\u01b0\u1ee3ng N\u00e0ng Ti\u1ec3u Th\u01b0 ng\u1ed3i kh\u1ea3y \u201c\u0110\u00e0n B\u1ea7u\u201d d\u01b0\u1edbi t\u00e1n c\u00e2y \u201cNg\u00f4 \u0110\u1ed3ng\u201d b\u00ean c\u1ea1nh linh v\u1eadt \u201cSi V\u1eabn\u201d. \u00a0 Si V\u1eabn - con th\u1ee9 hai c\u1ee7a r\u1ed3ng, l\u00e0 linh v\u1eadt r\u1ea5t th\u00edch ng\u1eafm c\u1ea3nh v\u00e0 di\u1ec7t h\u1ecfa ho\u1ea1n n\u00ean \u0111\u01b0\u1ee3c ch\u1ea1m kh\u1eafc tr\u00ean n\u00f3c c\u00e1c cung \u0111i\u1ec7n c\u1ed5, ch\u00f9a, \u0111\u00ecnh... \u201c\u0110\u00e0n B\u1ea7u\u201d l\u00e0 \u0111\u00e0n m\u1ed9t d\u00e2y, l\u00e0 m\u1ed9t lo\u1ea1i nh\u1ea1c c\u1ee5 truy\u1ec1n th\u1ed1ng c\u1ee7a Vi\u1ec7t Nam v\u1edbi \u00e2m s\u00e2u l\u1eafng, truy\u1ec1n c\u1ea3m t\u1ef1a nh\u01b0 \u00e2m thanh tr\u1ea7m b\u1ed5ng ti\u1ebfng n\u01b0\u1edbc. \u00a0 \u201cC\u00e2y Ng\u00f4 \u0110\u1ed3ng\u201d m\u1ed9t bi\u1ec3u t\u01b0\u1ee3ng c\u00e2y hoa c\u1ee7a cung \u0111\u00ecnh. V\u1edbi \u00fd ngh\u0129a t\u00ecm v\u1ec1 n\u00ean th\u01a1, v\u1ebb \u0111\u1eb9p Thi\u00ean Nhi\u00ean, Truy\u1ec1n Th\u1ed1ng Vi\u1ec7t l\u00e0m gi\u00e0u th\u00eam ch\u1ea5t thi ca v\u00e0 t\u00e2m h\u1ed3n.","og_url":"https:\/\/bsartstudio.vn\/vi\/products\/xu\/","og_site_name":"B\/S Art Studio","article_modified_time":"2023-08-31T08:51:17+00:00","og_image":[{"width":2048,"height":2048,"url":"https:\/\/bsartstudio.vn\/wp-content\/uploads\/2023\/02\/Xuan-hoa-da-nguyet-2.jpg","type":"image\/jpeg"}],"twitter_card":"summary_large_image","schema":{"@context":"https:\/\/schema.org","@graph":[{"@type":"WebPage","@id":"https:\/\/bsartstudio.vn\/vi\/products\/xu\/","url":"https:\/\/bsartstudio.vn\/vi\/products\/xu\/","name":"Xu\u00e2n Hoa D\u1ea1 Nguy\u1ec7t - B\/S Art Studio","isPartOf":{"@id":"https:\/\/bsartstudio.vn\/ja\/#website"},"primaryImageOfPage":{"@id":"https:\/\/bsartstudio.vn\/vi\/products\/xu\/#primaryimage"},"image":{"@id":"https:\/\/bsartstudio.vn\/vi\/products\/xu\/#primaryimage"},"thumbnailUrl":"https:\/\/bsartstudio.vn\/wp-content\/uploads\/2023\/02\/Xuan-hoa-da-nguyet-2-e1726484054187.jpg","datePublished":"2023-02-17T06:41:11+00:00","dateModified":"2023-08-31T08:51:17+00:00","breadcrumb":{"@id":"https:\/\/bsartstudio.vn\/vi\/products\/xu\/#breadcrumb"},"inLanguage":"vi-VN","potentialAction":[{"@type":"ReadAction","target":["https:\/\/bsartstudio.vn\/vi\/products\/xu\/"]}]},{"@type":"ImageObject","inLanguage":"vi-VN","@id":"https:\/\/bsartstudio.vn\/vi\/products\/xu\/#primaryimage","url":"https:\/\/bsartstudio.vn\/wp-content\/uploads\/2023\/02\/Xuan-hoa-da-nguyet-2-e1726484054187.jpg","contentUrl":"https:\/\/bsartstudio.vn\/wp-content\/uploads\/2023\/02\/Xuan-hoa-da-nguyet-2-e1726484054187.jpg","width":1498,"height":1498,"caption":"\"Flower Blooms in a Moonlit Night on Spring\""},{"@type":"BreadcrumbList","@id":"https:\/\/bsartstudio.vn\/vi\/products\/xu\/#breadcrumb","itemListElement":[{"@type":"ListItem","position":1,"name":"Home","item":"https:\/\/bsartstudio.vn\/en\/"},{"@type":"ListItem","position":2,"name":"Shop","item":"https:\/\/bsartstudio.vn\/en\/shop\/"},{"@type":"ListItem","position":3,"name":"Xu\u00e2n Hoa D\u1ea1 Nguy\u1ec7t"}]},{"@type":"WebSite","@id":"https:\/\/bsartstudio.vn\/ja\/#website","url":"https:\/\/bsartstudio.vn\/ja\/","name":"B\/S Art Studio","description":"","publisher":{"@id":"https:\/\/bsartstudio.vn\/ja\/#organization"},"potentialAction":[{"@type":"SearchAction","target":{"@type":"EntryPoint","urlTemplate":"https:\/\/bsartstudio.vn\/ja\/?s={search_term_string}"},"query-input":{"@type":"PropertyValueSpecification","valueRequired":true,"valueName":"search_term_string"}}],"inLanguage":"vi-VN"},{"@type":"Organization","@id":"https:\/\/bsartstudio.vn\/ja\/#organization","name":"B\/S Art Studio","url":"https:\/\/bsartstudio.vn\/ja\/","logo":{"@type":"ImageObject","inLanguage":"vi-VN","@id":"https:\/\/bsartstudio.vn\/ja\/#\/schema\/logo\/image\/","url":"https:\/\/bsartstudio.vn\/wp-content\/uploads\/2020\/03\/54526018_2272576089468053_1525084505319145472_n.jpg","contentUrl":"https:\/\/bsartstudio.vn\/wp-content\/uploads\/2020\/03\/54526018_2272576089468053_1525084505319145472_n.jpg","width":958,"height":958,"caption":"B\/S Art Studio"},"image":{"@id":"https:\/\/bsartstudio.vn\/ja\/#\/schema\/logo\/image\/"}}]}},"_links":{"self":[{"href":"https:\/\/bsartstudio.vn\/vi\/wp-json\/wp\/v2\/product\/5419"}],"collection":[{"href":"https:\/\/bsartstudio.vn\/vi\/wp-json\/wp\/v2\/product"}],"about":[{"href":"https:\/\/bsartstudio.vn\/vi\/wp-json\/wp\/v2\/types\/product"}],"wp:featuredmedia":[{"embeddable":true,"href":"https:\/\/bsartstudio.vn\/vi\/wp-json\/wp\/v2\/media\/5406"}],"wp:attachment":[{"href":"https:\/\/bsartstudio.vn\/vi\/wp-json\/wp\/v2\/media?parent=5419"}],"wp:term":[{"taxonomy":"product_cat","embeddable":true,"href":"https:\/\/bsartstudio.vn\/vi\/wp-json\/wp\/v2\/product_cat?post=5419"},{"taxonomy":"product_tag","embeddable":true,"href":"https:\/\/bsartstudio.vn\/vi\/wp-json\/wp\/v2\/product_tag?post=5419"}],"curies":[{"name":"wp","href":"https:\/\/api.w.org\/{rel}","templated":true}]}}