{"id":5393,"date":"2023-01-28T12:59:30","date_gmt":"2023-01-28T05:59:30","guid":{"rendered":"https:\/\/bsartstudio.vn\/products\/pig-moon-bong\/"},"modified":"2023-05-13T14:36:54","modified_gmt":"2023-05-13T07:36:54","slug":"pig-moon-bong","status":"publish","type":"product","link":"https:\/\/bsartstudio.vn\/vi\/products\/pig-moon-bong\/","title":{"rendered":"PIG MOON B\u00d4NG &#8211; NG\u01af\u1edcI B\u1ea0N \u0110\u1ed2NG H\u00c0NH C\u00d9NG TU\u1ed4I TH\u01a0"},"content":{"rendered":"<p>Pig Moon B\u00f4ng<\/p>\n<p>K\u00edch th\u01b0\u1edbc: 26cm <br \/>\nTr\u1ecdng l\u01b0\u1ee3ng: 200 gram<br \/>\nCh\u1ea5t li\u1ec7u: Va\u0309i velboa 4 chi\u1ec1u v\u00e0 G\u00f2n 100% polyester<br \/>\nMa\u0300u c\u1ee7a Pig Moon: Kem <br \/>\nCh\u1ea5t li\u1ec7u N\u00f3n L\u00e1: v\u1ea3i n\u1ec9 c\u1ee9ng <br \/>\nM\u00e0u c\u1ee7a n\u00f3n L\u00e1: xanh l\u00e1 c\u00e2y<\/p>\n<p class=\"_04xlpA direction-ltr align-center para-style-title\"><span class=\"S1PPyQ\">\u201cN\u00f3n l\u00e1\u201d &#8211; <\/span><span class=\"S1PPyQ\">Bi\u1ec3u t\u01b0\u1ee3ng v\u0103n h\u00f3a truy\u1ec1n th\u1ed1ng c\u1ee7a Vi\u1ec7t Nam v\u1edbi h\u00ecnh \u1ea3nh \u201cHeo \u0110\u00f4ng H\u1ed3\u201d \u0111\u01b0\u1ee3c s\u00e1ng t\u1ea1o theo phong c\u00e1ch m\u1edbi c\u1ee7a B\/S Art Studio.<\/span><\/p>\n<p class=\"_04xlpA direction-ltr align-center para-style-title\"><span class=\"S1PPyQ\">\u201c\u00c1nh Tr\u0103ng Khuy\u1ebft\u201d &#8211; <\/span><span class=\"S1PPyQ\">H\u00ecnh \u1ea3nh \u0111\u1ea1i di\u1ec7n cho nh\u1eefng tri th\u1ee9c, k\u1ef9 n\u0103ng gi\u00fap Pig Moon thay \u0111\u1ed5i, tr\u01b0\u1edfng th\u00e0nh \u0111\u1ec3 theo \u0111u\u1ed5i v\u00e0 th\u1ef1c hi\u1ec7n \u0111\u01b0\u1ee3c \u01b0\u1edbc m\u01a1.<\/span><\/p>\n<p class=\"_04xlpA direction-ltr align-center para-style-title\"><span class=\"S1PPyQ\">\u201cXo\u1eafn \u00c2m D\u01b0\u01a1ng\u201d &#8211; <\/span><span class=\"S1PPyQ\">L\u1ea5y c\u1ea3m h\u1ee9ng t\u1eeb \u201cXo\u1eafn \u00c2m D\u01b0\u01a1ng\u201d &#8211; bi\u1ec3u t\u01b0\u1ee3ng \u0111\u1eb7c tr\u01b0ng c\u1ee7a tranh \u0110\u00f4ng H\u1ed3 &#8211; m\u1ed9t lo\u1ea1i tranh d\u00e2n gian truy\u1ec1n th\u1ed1ng c\u1ee7a Vi\u1ec7t Nam, mang \u00fd ngh\u0129a s\u1ef1 c\u00e2n b\u1eb1ng, s\u1ef1 h\u00e0i h\u00f2a c\u1ee7a v\u1ea1n v\u1eadt.<\/span><\/p>\n","protected":false},"excerpt":{"rendered":"<p><span class=\"S1PPyQ\">Pig Moon<\/span><span class=\"S1PPyQ\"> \u2013 nh\u00e2n v\u1eadt ch\u00ednh trong c\u00e2u chuy\u1ec7n <\/span><span class=\"S1PPyQ\">\u201cTr\u00e2u V\u00e0ng v\u00e0 C\u1eadu B\u00e9 &#8211; S\u1ef1 Huy\u1ec1n Di\u1ec7u c\u1ee7a \u00c1nh Tr\u0103ng\u201d<\/span><span class=\"S1PPyQ\">. C\u00e2u chuy\u1ec7n k\u1ec3 v\u1ec1 s\u1ef1 thay \u0111\u1ed5i k\u1ef3 di\u1ec7u c\u1ee7a ch\u00fa Tr\u00e2u V\u00e0ng v\u00e0 h\u00e0nh tr\u00ecnh tr\u01b0\u1edfng th\u00e0nh c\u1ee7a Tr\u00e2u V\u00e0ng c\u00f9ng C\u1eadu B\u00e9. C\u00e2u chuy\u1ec7n v\u1edbi nh\u1eefng h\u00ecnh \u1ea3nh quen thu\u1ed9c c\u1ee7a l\u00e0ng qu\u00ea Vi\u1ec7t Nam v\u00e0 \u1ea9n ch\u1ee9a nhi\u1ec1u \u00fd ngh\u0129a.<\/span><\/p>\n<p><span class=\"S1PPyQ\">V\u1edbi s\u1ee9 m\u1ec7nh lan t\u1ecfa t\u00ecnh y\u00eau th\u01b0\u01a1ng, s\u1ef1 \u0111\u1ed3ng c\u1ea3m, bao dung v\u00e0 chia s\u1ebb, Pig Moon h\u00f3a th\u00e2n th\u00e0nh ch\u00fa Tr\u00e2u V\u00e0ng B\u00f4ng xinh x\u1eafn, tr\u1edf th\u00e0nh ng\u01b0\u1eddi b\u1ea1n c\u00f9ng \u0111\u1ed3ng h\u00e0nh v\u1edbi c\u00e1c b\u00e9 tr\u00ean h\u00e0nh tr\u00ecnh kh\u00f4n l\u1edbn v\u00e0 tr\u01b0\u1edfng th\u00e0nh \u0111\u1ec3 th\u1ef1c hi\u1ec7n nh\u1eefng \u01b0\u1edbc m\u01a1, l\u00fd t\u01b0\u1edfng c\u1ee7a m\u00ecnh.<\/span><\/p>\n","protected":false},"featured_media":7704,"template":"","meta":{"_et_pb_use_builder":"","_et_pb_old_content":"","_et_gb_content_width":""},"product_cat":[190,72,70],"product_tag":[181,391,364,453],"yoast_head":"<!-- This site is optimized with the Yoast SEO plugin v24.5 - https:\/\/yoast.com\/wordpress\/plugins\/seo\/ -->\n<title>PIG MOON B\u00d4NG - NG\u01af\u1edcI B\u1ea0N \u0110\u1ed2NG H\u00c0NH C\u00d9NG TU\u1ed4I TH\u01a0 - B\/S Art Studio<\/title>\n<meta name=\"robots\" content=\"index, follow, max-snippet:-1, max-image-preview:large, max-video-preview:-1\" \/>\n<link rel=\"canonical\" href=\"https:\/\/bsartstudio.vn\/vi\/products\/pig-moon-bong\/\" \/>\n<meta property=\"og:locale\" content=\"vi_VN\" \/>\n<meta property=\"og:type\" content=\"article\" \/>\n<meta property=\"og:title\" content=\"PIG MOON B\u00d4NG - NG\u01af\u1edcI B\u1ea0N \u0110\u1ed2NG H\u00c0NH C\u00d9NG TU\u1ed4I TH\u01a0 - B\/S Art Studio\" \/>\n<meta property=\"og:description\" content=\"Pig Moon \u2013 nh\u00e2n v\u1eadt ch\u00ednh trong c\u00e2u chuy\u1ec7n \u201cTr\u00e2u V\u00e0ng v\u00e0 C\u1eadu B\u00e9 - S\u1ef1 Huy\u1ec1n Di\u1ec7u c\u1ee7a \u00c1nh Tr\u0103ng\u201d. C\u00e2u chuy\u1ec7n k\u1ec3 v\u1ec1 s\u1ef1 thay \u0111\u1ed5i k\u1ef3 di\u1ec7u c\u1ee7a ch\u00fa Tr\u00e2u V\u00e0ng v\u00e0 h\u00e0nh tr\u00ecnh tr\u01b0\u1edfng th\u00e0nh c\u1ee7a Tr\u00e2u V\u00e0ng c\u00f9ng C\u1eadu B\u00e9. C\u00e2u chuy\u1ec7n v\u1edbi nh\u1eefng h\u00ecnh \u1ea3nh quen thu\u1ed9c c\u1ee7a l\u00e0ng qu\u00ea Vi\u1ec7t Nam v\u00e0 \u1ea9n ch\u1ee9a nhi\u1ec1u \u00fd ngh\u0129a. V\u1edbi s\u1ee9 m\u1ec7nh lan t\u1ecfa t\u00ecnh y\u00eau th\u01b0\u01a1ng, s\u1ef1 \u0111\u1ed3ng c\u1ea3m, bao dung v\u00e0 chia s\u1ebb, Pig Moon h\u00f3a th\u00e2n th\u00e0nh ch\u00fa Tr\u00e2u V\u00e0ng B\u00f4ng xinh x\u1eafn, tr\u1edf th\u00e0nh ng\u01b0\u1eddi b\u1ea1n c\u00f9ng \u0111\u1ed3ng h\u00e0nh v\u1edbi c\u00e1c b\u00e9 tr\u00ean h\u00e0nh tr\u00ecnh kh\u00f4n l\u1edbn v\u00e0 tr\u01b0\u1edfng th\u00e0nh \u0111\u1ec3 th\u1ef1c hi\u1ec7n nh\u1eefng \u01b0\u1edbc m\u01a1, l\u00fd t\u01b0\u1edfng c\u1ee7a m\u00ecnh.\" \/>\n<meta property=\"og:url\" content=\"https:\/\/bsartstudio.vn\/vi\/products\/pig-moon-bong\/\" \/>\n<meta property=\"og:site_name\" content=\"B\/S Art Studio\" \/>\n<meta property=\"article:modified_time\" content=\"2023-05-13T07:36:54+00:00\" \/>\n<meta property=\"og:image\" content=\"https:\/\/bsartstudio.vn\/wp-content\/uploads\/2023\/01\/Gau-bong-Pig-Moon-1.jpg\" \/>\n\t<meta property=\"og:image:width\" content=\"2048\" \/>\n\t<meta property=\"og:image:height\" content=\"2048\" \/>\n\t<meta property=\"og:image:type\" content=\"image\/jpeg\" \/>\n<meta name=\"twitter:card\" content=\"summary_large_image\" \/>\n<meta name=\"twitter:label1\" content=\"Est. reading time\" \/>\n\t<meta name=\"twitter:data1\" content=\"1 minute\" \/>\n<script type=\"application\/ld+json\" class=\"yoast-schema-graph\">{\"@context\":\"https:\/\/schema.org\",\"@graph\":[{\"@type\":\"WebPage\",\"@id\":\"https:\/\/bsartstudio.vn\/vi\/products\/pig-moon-bong\/\",\"url\":\"https:\/\/bsartstudio.vn\/vi\/products\/pig-moon-bong\/\",\"name\":\"PIG MOON B\u00d4NG - NG\u01af\u1edcI B\u1ea0N \u0110\u1ed2NG H\u00c0NH C\u00d9NG TU\u1ed4I TH\u01a0 - B\/S Art Studio\",\"isPartOf\":{\"@id\":\"https:\/\/bsartstudio.vn\/ja\/#website\"},\"primaryImageOfPage\":{\"@id\":\"https:\/\/bsartstudio.vn\/vi\/products\/pig-moon-bong\/#primaryimage\"},\"image\":{\"@id\":\"https:\/\/bsartstudio.vn\/vi\/products\/pig-moon-bong\/#primaryimage\"},\"thumbnailUrl\":\"https:\/\/bsartstudio.vn\/wp-content\/uploads\/2023\/01\/Pig-Moon-Bong-6.jpg\",\"datePublished\":\"2023-01-28T05:59:30+00:00\",\"dateModified\":\"2023-05-13T07:36:54+00:00\",\"breadcrumb\":{\"@id\":\"https:\/\/bsartstudio.vn\/vi\/products\/pig-moon-bong\/#breadcrumb\"},\"inLanguage\":\"vi-VN\",\"potentialAction\":[{\"@type\":\"ReadAction\",\"target\":[\"https:\/\/bsartstudio.vn\/vi\/products\/pig-moon-bong\/\"]}]},{\"@type\":\"ImageObject\",\"inLanguage\":\"vi-VN\",\"@id\":\"https:\/\/bsartstudio.vn\/vi\/products\/pig-moon-bong\/#primaryimage\",\"url\":\"https:\/\/bsartstudio.vn\/wp-content\/uploads\/2023\/01\/Pig-Moon-Bong-6.jpg\",\"contentUrl\":\"https:\/\/bsartstudio.vn\/wp-content\/uploads\/2023\/01\/Pig-Moon-Bong-6.jpg\",\"width\":1920,\"height\":1920,\"caption\":\"PIG MOON PLUSHIE - Pig Moon B\u00f4ng - G\u1ea5u B\u00f4ng\"},{\"@type\":\"BreadcrumbList\",\"@id\":\"https:\/\/bsartstudio.vn\/vi\/products\/pig-moon-bong\/#breadcrumb\",\"itemListElement\":[{\"@type\":\"ListItem\",\"position\":1,\"name\":\"Home\",\"item\":\"https:\/\/bsartstudio.vn\/en\/\"},{\"@type\":\"ListItem\",\"position\":2,\"name\":\"Shop\",\"item\":\"https:\/\/bsartstudio.vn\/en\/shop\/\"},{\"@type\":\"ListItem\",\"position\":3,\"name\":\"PIG MOON B\u00d4NG &#8211; NG\u01af\u1edcI B\u1ea0N \u0110\u1ed2NG H\u00c0NH C\u00d9NG TU\u1ed4I TH\u01a0\"}]},{\"@type\":\"WebSite\",\"@id\":\"https:\/\/bsartstudio.vn\/ja\/#website\",\"url\":\"https:\/\/bsartstudio.vn\/ja\/\",\"name\":\"B\/S Art Studio\",\"description\":\"\",\"publisher\":{\"@id\":\"https:\/\/bsartstudio.vn\/ja\/#organization\"},\"potentialAction\":[{\"@type\":\"SearchAction\",\"target\":{\"@type\":\"EntryPoint\",\"urlTemplate\":\"https:\/\/bsartstudio.vn\/ja\/?s={search_term_string}\"},\"query-input\":{\"@type\":\"PropertyValueSpecification\",\"valueRequired\":true,\"valueName\":\"search_term_string\"}}],\"inLanguage\":\"vi-VN\"},{\"@type\":\"Organization\",\"@id\":\"https:\/\/bsartstudio.vn\/ja\/#organization\",\"name\":\"B\/S Art Studio\",\"url\":\"https:\/\/bsartstudio.vn\/ja\/\",\"logo\":{\"@type\":\"ImageObject\",\"inLanguage\":\"vi-VN\",\"@id\":\"https:\/\/bsartstudio.vn\/ja\/#\/schema\/logo\/image\/\",\"url\":\"https:\/\/bsartstudio.vn\/wp-content\/uploads\/2020\/03\/54526018_2272576089468053_1525084505319145472_n.jpg\",\"contentUrl\":\"https:\/\/bsartstudio.vn\/wp-content\/uploads\/2020\/03\/54526018_2272576089468053_1525084505319145472_n.jpg\",\"width\":958,\"height\":958,\"caption\":\"B\/S Art Studio\"},\"image\":{\"@id\":\"https:\/\/bsartstudio.vn\/ja\/#\/schema\/logo\/image\/\"}}]}<\/script>\n<!-- \/ Yoast SEO plugin. -->","yoast_head_json":{"title":"PIG MOON B\u00d4NG - NG\u01af\u1edcI B\u1ea0N \u0110\u1ed2NG H\u00c0NH C\u00d9NG TU\u1ed4I TH\u01a0 - B\/S Art Studio","robots":{"index":"index","follow":"follow","max-snippet":"max-snippet:-1","max-image-preview":"max-image-preview:large","max-video-preview":"max-video-preview:-1"},"canonical":"https:\/\/bsartstudio.vn\/vi\/products\/pig-moon-bong\/","og_locale":"vi_VN","og_type":"article","og_title":"PIG MOON B\u00d4NG - NG\u01af\u1edcI B\u1ea0N \u0110\u1ed2NG H\u00c0NH C\u00d9NG TU\u1ed4I TH\u01a0 - B\/S Art Studio","og_description":"Pig Moon \u2013 nh\u00e2n v\u1eadt ch\u00ednh trong c\u00e2u chuy\u1ec7n \u201cTr\u00e2u V\u00e0ng v\u00e0 C\u1eadu B\u00e9 - S\u1ef1 Huy\u1ec1n Di\u1ec7u c\u1ee7a \u00c1nh Tr\u0103ng\u201d. C\u00e2u chuy\u1ec7n k\u1ec3 v\u1ec1 s\u1ef1 thay \u0111\u1ed5i k\u1ef3 di\u1ec7u c\u1ee7a ch\u00fa Tr\u00e2u V\u00e0ng v\u00e0 h\u00e0nh tr\u00ecnh tr\u01b0\u1edfng th\u00e0nh c\u1ee7a Tr\u00e2u V\u00e0ng c\u00f9ng C\u1eadu B\u00e9. C\u00e2u chuy\u1ec7n v\u1edbi nh\u1eefng h\u00ecnh \u1ea3nh quen thu\u1ed9c c\u1ee7a l\u00e0ng qu\u00ea Vi\u1ec7t Nam v\u00e0 \u1ea9n ch\u1ee9a nhi\u1ec1u \u00fd ngh\u0129a. V\u1edbi s\u1ee9 m\u1ec7nh lan t\u1ecfa t\u00ecnh y\u00eau th\u01b0\u01a1ng, s\u1ef1 \u0111\u1ed3ng c\u1ea3m, bao dung v\u00e0 chia s\u1ebb, Pig Moon h\u00f3a th\u00e2n th\u00e0nh ch\u00fa Tr\u00e2u V\u00e0ng B\u00f4ng xinh x\u1eafn, tr\u1edf th\u00e0nh ng\u01b0\u1eddi b\u1ea1n c\u00f9ng \u0111\u1ed3ng h\u00e0nh v\u1edbi c\u00e1c b\u00e9 tr\u00ean h\u00e0nh tr\u00ecnh kh\u00f4n l\u1edbn v\u00e0 tr\u01b0\u1edfng th\u00e0nh \u0111\u1ec3 th\u1ef1c hi\u1ec7n nh\u1eefng \u01b0\u1edbc m\u01a1, l\u00fd t\u01b0\u1edfng c\u1ee7a m\u00ecnh.","og_url":"https:\/\/bsartstudio.vn\/vi\/products\/pig-moon-bong\/","og_site_name":"B\/S Art Studio","article_modified_time":"2023-05-13T07:36:54+00:00","og_image":[{"width":2048,"height":2048,"url":"https:\/\/bsartstudio.vn\/wp-content\/uploads\/2023\/01\/Gau-bong-Pig-Moon-1.jpg","type":"image\/jpeg"}],"twitter_card":"summary_large_image","twitter_misc":{"Est. reading time":"1 minute"},"schema":{"@context":"https:\/\/schema.org","@graph":[{"@type":"WebPage","@id":"https:\/\/bsartstudio.vn\/vi\/products\/pig-moon-bong\/","url":"https:\/\/bsartstudio.vn\/vi\/products\/pig-moon-bong\/","name":"PIG MOON B\u00d4NG - NG\u01af\u1edcI B\u1ea0N \u0110\u1ed2NG H\u00c0NH C\u00d9NG TU\u1ed4I TH\u01a0 - B\/S Art Studio","isPartOf":{"@id":"https:\/\/bsartstudio.vn\/ja\/#website"},"primaryImageOfPage":{"@id":"https:\/\/bsartstudio.vn\/vi\/products\/pig-moon-bong\/#primaryimage"},"image":{"@id":"https:\/\/bsartstudio.vn\/vi\/products\/pig-moon-bong\/#primaryimage"},"thumbnailUrl":"https:\/\/bsartstudio.vn\/wp-content\/uploads\/2023\/01\/Pig-Moon-Bong-6.jpg","datePublished":"2023-01-28T05:59:30+00:00","dateModified":"2023-05-13T07:36:54+00:00","breadcrumb":{"@id":"https:\/\/bsartstudio.vn\/vi\/products\/pig-moon-bong\/#breadcrumb"},"inLanguage":"vi-VN","potentialAction":[{"@type":"ReadAction","target":["https:\/\/bsartstudio.vn\/vi\/products\/pig-moon-bong\/"]}]},{"@type":"ImageObject","inLanguage":"vi-VN","@id":"https:\/\/bsartstudio.vn\/vi\/products\/pig-moon-bong\/#primaryimage","url":"https:\/\/bsartstudio.vn\/wp-content\/uploads\/2023\/01\/Pig-Moon-Bong-6.jpg","contentUrl":"https:\/\/bsartstudio.vn\/wp-content\/uploads\/2023\/01\/Pig-Moon-Bong-6.jpg","width":1920,"height":1920,"caption":"PIG MOON PLUSHIE - Pig Moon B\u00f4ng - G\u1ea5u B\u00f4ng"},{"@type":"BreadcrumbList","@id":"https:\/\/bsartstudio.vn\/vi\/products\/pig-moon-bong\/#breadcrumb","itemListElement":[{"@type":"ListItem","position":1,"name":"Home","item":"https:\/\/bsartstudio.vn\/en\/"},{"@type":"ListItem","position":2,"name":"Shop","item":"https:\/\/bsartstudio.vn\/en\/shop\/"},{"@type":"ListItem","position":3,"name":"PIG MOON B\u00d4NG &#8211; NG\u01af\u1edcI B\u1ea0N \u0110\u1ed2NG H\u00c0NH C\u00d9NG TU\u1ed4I TH\u01a0"}]},{"@type":"WebSite","@id":"https:\/\/bsartstudio.vn\/ja\/#website","url":"https:\/\/bsartstudio.vn\/ja\/","name":"B\/S Art Studio","description":"","publisher":{"@id":"https:\/\/bsartstudio.vn\/ja\/#organization"},"potentialAction":[{"@type":"SearchAction","target":{"@type":"EntryPoint","urlTemplate":"https:\/\/bsartstudio.vn\/ja\/?s={search_term_string}"},"query-input":{"@type":"PropertyValueSpecification","valueRequired":true,"valueName":"search_term_string"}}],"inLanguage":"vi-VN"},{"@type":"Organization","@id":"https:\/\/bsartstudio.vn\/ja\/#organization","name":"B\/S Art Studio","url":"https:\/\/bsartstudio.vn\/ja\/","logo":{"@type":"ImageObject","inLanguage":"vi-VN","@id":"https:\/\/bsartstudio.vn\/ja\/#\/schema\/logo\/image\/","url":"https:\/\/bsartstudio.vn\/wp-content\/uploads\/2020\/03\/54526018_2272576089468053_1525084505319145472_n.jpg","contentUrl":"https:\/\/bsartstudio.vn\/wp-content\/uploads\/2020\/03\/54526018_2272576089468053_1525084505319145472_n.jpg","width":958,"height":958,"caption":"B\/S Art Studio"},"image":{"@id":"https:\/\/bsartstudio.vn\/ja\/#\/schema\/logo\/image\/"}}]}},"_links":{"self":[{"href":"https:\/\/bsartstudio.vn\/vi\/wp-json\/wp\/v2\/product\/5393"}],"collection":[{"href":"https:\/\/bsartstudio.vn\/vi\/wp-json\/wp\/v2\/product"}],"about":[{"href":"https:\/\/bsartstudio.vn\/vi\/wp-json\/wp\/v2\/types\/product"}],"wp:featuredmedia":[{"embeddable":true,"href":"https:\/\/bsartstudio.vn\/vi\/wp-json\/wp\/v2\/media\/7704"}],"wp:attachment":[{"href":"https:\/\/bsartstudio.vn\/vi\/wp-json\/wp\/v2\/media?parent=5393"}],"wp:term":[{"taxonomy":"product_cat","embeddable":true,"href":"https:\/\/bsartstudio.vn\/vi\/wp-json\/wp\/v2\/product_cat?post=5393"},{"taxonomy":"product_tag","embeddable":true,"href":"https:\/\/bsartstudio.vn\/vi\/wp-json\/wp\/v2\/product_tag?post=5393"}],"curies":[{"name":"wp","href":"https:\/\/api.w.org\/{rel}","templated":true}]}}