{"id":3478,"date":"2021-01-07T14:40:24","date_gmt":"2021-01-07T07:40:24","guid":{"rendered":"https:\/\/bsartstudio.vn\/products\/tac-pham-ngay-va-dem\/"},"modified":"2021-03-09T16:35:43","modified_gmt":"2021-03-09T09:35:43","slug":"tac-pham-ngay-va-dem","status":"publish","type":"product","link":"https:\/\/bsartstudio.vn\/vi\/products\/tac-pham-ngay-va-dem\/","title":{"rendered":"T\u00e1c ph\u1ea9m &#8220;Ng\u00e0y v\u00e0 \u0110\u00eam&#8221;"},"content":{"rendered":"<p>T\u00e1c ph\u1ea9m &#8220;Ng\u00e0y v\u00e0 \u0110\u00eam&#8221;<\/p>\n<p>Ch\u1ea5t li\u1ec7u: Gi\u1ea5y<\/p>\n<p>M\u00e0u: Ch\u00ec m\u00e0u<\/p>\n<p>K\u00edch th\u01b0\u1edbc: 32 cm x 26 cm\u00a0<\/p>\n","protected":false},"excerpt":{"rendered":"<div dir=\"auto\">L\u1ea5y c\u1ea3m h\u1ee9ng t\u1eeb \u00e1o Nh\u1eadt B\u00ecnh v\u00e0 nguy\u00ean li\u1ec7u m\u00e0u s\u1eafc c\u1ee7a giao \u0111i\u1ec3m ho\u00e0ng h\u00f4n l\u00e0 m\u00e0u c\u1ee7a m\u00e0n \u0111\u00eam huy\u1ec1n di\u1ec7u v\u00e0 tia n\u1eafng cu\u1ed1i c\u00f9ng trong ng\u00e0y t\u1ea1o n\u00ean t\u00f4ng m\u00e0u ch\u1ee7 \u0111\u1ea1o c\u1ee7a t\u00e1c ph\u1ea9m.<\/div>\n<div dir=\"auto\">M\u1eddi c\u00e1c b\u1ea1n chi\u00eam ng\u01b0\u1ee1ng kho\u1ea3nh kh\u1eafc tuy\u1ec7t \u0111\u1eb9p n\u00e0y.<\/div>\n","protected":false},"featured_media":7841,"template":"","meta":{"_et_pb_use_builder":"","_et_pb_old_content":"","_et_gb_content_width":""},"product_cat":[59,429,62],"product_tag":[391,389,453,390,396],"yoast_head":"<!-- This site is optimized with the Yoast SEO plugin v24.5 - https:\/\/yoast.com\/wordpress\/plugins\/seo\/ -->\n<title>T\u00e1c ph\u1ea9m &quot;Ng\u00e0y v\u00e0 \u0110\u00eam&quot; - B\/S Art Studio<\/title>\n<meta name=\"robots\" content=\"index, follow, max-snippet:-1, max-image-preview:large, max-video-preview:-1\" \/>\n<link rel=\"canonical\" href=\"https:\/\/bsartstudio.vn\/en\/products\/art-print-da-and-nights-intersection\/\" \/>\n<meta property=\"og:locale\" content=\"vi_VN\" \/>\n<meta property=\"og:type\" content=\"article\" \/>\n<meta property=\"og:title\" content=\"T\u00e1c ph\u1ea9m &quot;Ng\u00e0y v\u00e0 \u0110\u00eam&quot; - B\/S Art Studio\" \/>\n<meta property=\"og:description\" content=\"L\u1ea5y c\u1ea3m h\u1ee9ng t\u1eeb \u00e1o Nh\u1eadt B\u00ecnh v\u00e0 nguy\u00ean li\u1ec7u m\u00e0u s\u1eafc c\u1ee7a giao \u0111i\u1ec3m ho\u00e0ng h\u00f4n l\u00e0 m\u00e0u c\u1ee7a m\u00e0n \u0111\u00eam huy\u1ec1n di\u1ec7u v\u00e0 tia n\u1eafng cu\u1ed1i c\u00f9ng trong ng\u00e0y t\u1ea1o n\u00ean t\u00f4ng m\u00e0u ch\u1ee7 \u0111\u1ea1o c\u1ee7a t\u00e1c ph\u1ea9m. M\u1eddi c\u00e1c b\u1ea1n chi\u00eam ng\u01b0\u1ee1ng kho\u1ea3nh kh\u1eafc tuy\u1ec7t \u0111\u1eb9p n\u00e0y.\" \/>\n<meta property=\"og:url\" content=\"https:\/\/bsartstudio.vn\/en\/products\/art-print-da-and-nights-intersection\/\" \/>\n<meta property=\"og:site_name\" content=\"B\/S Art Studio\" \/>\n<meta property=\"article:modified_time\" content=\"2021-03-09T09:35:43+00:00\" \/>\n<meta property=\"og:image\" content=\"https:\/\/bsartstudio.vn\/wp-content\/uploads\/2021\/01\/47539536-E12D-49E5-A5A6-7EA7EBE04B2E.jpeg\" \/>\n\t<meta property=\"og:image:width\" content=\"1920\" \/>\n\t<meta property=\"og:image:height\" content=\"1348\" \/>\n\t<meta property=\"og:image:type\" content=\"image\/jpeg\" \/>\n<meta name=\"twitter:card\" content=\"summary_large_image\" \/>\n<script type=\"application\/ld+json\" class=\"yoast-schema-graph\">{\"@context\":\"https:\/\/schema.org\",\"@graph\":[{\"@type\":\"WebPage\",\"@id\":\"https:\/\/bsartstudio.vn\/en\/products\/art-print-da-and-nights-intersection\/\",\"url\":\"https:\/\/bsartstudio.vn\/en\/products\/art-print-da-and-nights-intersection\/\",\"name\":\"T\u00e1c ph\u1ea9m \\\"Ng\u00e0y v\u00e0 \u0110\u00eam\\\" - B\/S Art Studio\",\"isPartOf\":{\"@id\":\"https:\/\/bsartstudio.vn\/ja\/#website\"},\"primaryImageOfPage\":{\"@id\":\"https:\/\/bsartstudio.vn\/en\/products\/art-print-da-and-nights-intersection\/#primaryimage\"},\"image\":{\"@id\":\"https:\/\/bsartstudio.vn\/en\/products\/art-print-da-and-nights-intersection\/#primaryimage\"},\"thumbnailUrl\":\"https:\/\/bsartstudio.vn\/wp-content\/uploads\/2021\/01\/Art-Prints-Day-Night-1.jpg\",\"datePublished\":\"2021-01-07T07:40:24+00:00\",\"dateModified\":\"2021-03-09T09:35:43+00:00\",\"breadcrumb\":{\"@id\":\"https:\/\/bsartstudio.vn\/en\/products\/art-print-da-and-nights-intersection\/#breadcrumb\"},\"inLanguage\":\"vi-VN\",\"potentialAction\":[{\"@type\":\"ReadAction\",\"target\":[\"https:\/\/bsartstudio.vn\/en\/products\/art-print-da-and-nights-intersection\/\"]}]},{\"@type\":\"ImageObject\",\"inLanguage\":\"vi-VN\",\"@id\":\"https:\/\/bsartstudio.vn\/en\/products\/art-print-da-and-nights-intersection\/#primaryimage\",\"url\":\"https:\/\/bsartstudio.vn\/wp-content\/uploads\/2021\/01\/Art-Prints-Day-Night-1.jpg\",\"contentUrl\":\"https:\/\/bsartstudio.vn\/wp-content\/uploads\/2021\/01\/Art-Prints-Day-Night-1.jpg\",\"width\":1920,\"height\":1920,\"caption\":\"Art Prints - Detailed Patterns Art Style Collection\"},{\"@type\":\"BreadcrumbList\",\"@id\":\"https:\/\/bsartstudio.vn\/en\/products\/art-print-da-and-nights-intersection\/#breadcrumb\",\"itemListElement\":[{\"@type\":\"ListItem\",\"position\":1,\"name\":\"Home\",\"item\":\"https:\/\/bsartstudio.vn\/en\/\"},{\"@type\":\"ListItem\",\"position\":2,\"name\":\"Shop\",\"item\":\"https:\/\/bsartstudio.vn\/en\/shop\/\"},{\"@type\":\"ListItem\",\"position\":3,\"name\":\"T\u00e1c ph\u1ea9m &#8220;Ng\u00e0y v\u00e0 \u0110\u00eam&#8221;\"}]},{\"@type\":\"WebSite\",\"@id\":\"https:\/\/bsartstudio.vn\/ja\/#website\",\"url\":\"https:\/\/bsartstudio.vn\/ja\/\",\"name\":\"B\/S Art Studio\",\"description\":\"\",\"publisher\":{\"@id\":\"https:\/\/bsartstudio.vn\/ja\/#organization\"},\"potentialAction\":[{\"@type\":\"SearchAction\",\"target\":{\"@type\":\"EntryPoint\",\"urlTemplate\":\"https:\/\/bsartstudio.vn\/ja\/?s={search_term_string}\"},\"query-input\":{\"@type\":\"PropertyValueSpecification\",\"valueRequired\":true,\"valueName\":\"search_term_string\"}}],\"inLanguage\":\"vi-VN\"},{\"@type\":\"Organization\",\"@id\":\"https:\/\/bsartstudio.vn\/ja\/#organization\",\"name\":\"B\/S Art Studio\",\"url\":\"https:\/\/bsartstudio.vn\/ja\/\",\"logo\":{\"@type\":\"ImageObject\",\"inLanguage\":\"vi-VN\",\"@id\":\"https:\/\/bsartstudio.vn\/ja\/#\/schema\/logo\/image\/\",\"url\":\"https:\/\/bsartstudio.vn\/wp-content\/uploads\/2020\/03\/54526018_2272576089468053_1525084505319145472_n.jpg\",\"contentUrl\":\"https:\/\/bsartstudio.vn\/wp-content\/uploads\/2020\/03\/54526018_2272576089468053_1525084505319145472_n.jpg\",\"width\":958,\"height\":958,\"caption\":\"B\/S Art Studio\"},\"image\":{\"@id\":\"https:\/\/bsartstudio.vn\/ja\/#\/schema\/logo\/image\/\"}}]}<\/script>\n<!-- \/ Yoast SEO plugin. -->","yoast_head_json":{"title":"T\u00e1c ph\u1ea9m \"Ng\u00e0y v\u00e0 \u0110\u00eam\" - B\/S Art Studio","robots":{"index":"index","follow":"follow","max-snippet":"max-snippet:-1","max-image-preview":"max-image-preview:large","max-video-preview":"max-video-preview:-1"},"canonical":"https:\/\/bsartstudio.vn\/en\/products\/art-print-da-and-nights-intersection\/","og_locale":"vi_VN","og_type":"article","og_title":"T\u00e1c ph\u1ea9m \"Ng\u00e0y v\u00e0 \u0110\u00eam\" - B\/S Art Studio","og_description":"L\u1ea5y c\u1ea3m h\u1ee9ng t\u1eeb \u00e1o Nh\u1eadt B\u00ecnh v\u00e0 nguy\u00ean li\u1ec7u m\u00e0u s\u1eafc c\u1ee7a giao \u0111i\u1ec3m ho\u00e0ng h\u00f4n l\u00e0 m\u00e0u c\u1ee7a m\u00e0n \u0111\u00eam huy\u1ec1n di\u1ec7u v\u00e0 tia n\u1eafng cu\u1ed1i c\u00f9ng trong ng\u00e0y t\u1ea1o n\u00ean t\u00f4ng m\u00e0u ch\u1ee7 \u0111\u1ea1o c\u1ee7a t\u00e1c ph\u1ea9m. M\u1eddi c\u00e1c b\u1ea1n chi\u00eam ng\u01b0\u1ee1ng kho\u1ea3nh kh\u1eafc tuy\u1ec7t \u0111\u1eb9p n\u00e0y.","og_url":"https:\/\/bsartstudio.vn\/en\/products\/art-print-da-and-nights-intersection\/","og_site_name":"B\/S Art Studio","article_modified_time":"2021-03-09T09:35:43+00:00","og_image":[{"width":1920,"height":1348,"url":"https:\/\/bsartstudio.vn\/wp-content\/uploads\/2021\/01\/47539536-E12D-49E5-A5A6-7EA7EBE04B2E.jpeg","type":"image\/jpeg"}],"twitter_card":"summary_large_image","schema":{"@context":"https:\/\/schema.org","@graph":[{"@type":"WebPage","@id":"https:\/\/bsartstudio.vn\/en\/products\/art-print-da-and-nights-intersection\/","url":"https:\/\/bsartstudio.vn\/en\/products\/art-print-da-and-nights-intersection\/","name":"T\u00e1c ph\u1ea9m \"Ng\u00e0y v\u00e0 \u0110\u00eam\" - B\/S Art Studio","isPartOf":{"@id":"https:\/\/bsartstudio.vn\/ja\/#website"},"primaryImageOfPage":{"@id":"https:\/\/bsartstudio.vn\/en\/products\/art-print-da-and-nights-intersection\/#primaryimage"},"image":{"@id":"https:\/\/bsartstudio.vn\/en\/products\/art-print-da-and-nights-intersection\/#primaryimage"},"thumbnailUrl":"https:\/\/bsartstudio.vn\/wp-content\/uploads\/2021\/01\/Art-Prints-Day-Night-1.jpg","datePublished":"2021-01-07T07:40:24+00:00","dateModified":"2021-03-09T09:35:43+00:00","breadcrumb":{"@id":"https:\/\/bsartstudio.vn\/en\/products\/art-print-da-and-nights-intersection\/#breadcrumb"},"inLanguage":"vi-VN","potentialAction":[{"@type":"ReadAction","target":["https:\/\/bsartstudio.vn\/en\/products\/art-print-da-and-nights-intersection\/"]}]},{"@type":"ImageObject","inLanguage":"vi-VN","@id":"https:\/\/bsartstudio.vn\/en\/products\/art-print-da-and-nights-intersection\/#primaryimage","url":"https:\/\/bsartstudio.vn\/wp-content\/uploads\/2021\/01\/Art-Prints-Day-Night-1.jpg","contentUrl":"https:\/\/bsartstudio.vn\/wp-content\/uploads\/2021\/01\/Art-Prints-Day-Night-1.jpg","width":1920,"height":1920,"caption":"Art Prints - Detailed Patterns Art Style Collection"},{"@type":"BreadcrumbList","@id":"https:\/\/bsartstudio.vn\/en\/products\/art-print-da-and-nights-intersection\/#breadcrumb","itemListElement":[{"@type":"ListItem","position":1,"name":"Home","item":"https:\/\/bsartstudio.vn\/en\/"},{"@type":"ListItem","position":2,"name":"Shop","item":"https:\/\/bsartstudio.vn\/en\/shop\/"},{"@type":"ListItem","position":3,"name":"T\u00e1c ph\u1ea9m &#8220;Ng\u00e0y v\u00e0 \u0110\u00eam&#8221;"}]},{"@type":"WebSite","@id":"https:\/\/bsartstudio.vn\/ja\/#website","url":"https:\/\/bsartstudio.vn\/ja\/","name":"B\/S Art Studio","description":"","publisher":{"@id":"https:\/\/bsartstudio.vn\/ja\/#organization"},"potentialAction":[{"@type":"SearchAction","target":{"@type":"EntryPoint","urlTemplate":"https:\/\/bsartstudio.vn\/ja\/?s={search_term_string}"},"query-input":{"@type":"PropertyValueSpecification","valueRequired":true,"valueName":"search_term_string"}}],"inLanguage":"vi-VN"},{"@type":"Organization","@id":"https:\/\/bsartstudio.vn\/ja\/#organization","name":"B\/S Art Studio","url":"https:\/\/bsartstudio.vn\/ja\/","logo":{"@type":"ImageObject","inLanguage":"vi-VN","@id":"https:\/\/bsartstudio.vn\/ja\/#\/schema\/logo\/image\/","url":"https:\/\/bsartstudio.vn\/wp-content\/uploads\/2020\/03\/54526018_2272576089468053_1525084505319145472_n.jpg","contentUrl":"https:\/\/bsartstudio.vn\/wp-content\/uploads\/2020\/03\/54526018_2272576089468053_1525084505319145472_n.jpg","width":958,"height":958,"caption":"B\/S Art Studio"},"image":{"@id":"https:\/\/bsartstudio.vn\/ja\/#\/schema\/logo\/image\/"}}]}},"_links":{"self":[{"href":"https:\/\/bsartstudio.vn\/vi\/wp-json\/wp\/v2\/product\/3478"}],"collection":[{"href":"https:\/\/bsartstudio.vn\/vi\/wp-json\/wp\/v2\/product"}],"about":[{"href":"https:\/\/bsartstudio.vn\/vi\/wp-json\/wp\/v2\/types\/product"}],"wp:featuredmedia":[{"embeddable":true,"href":"https:\/\/bsartstudio.vn\/vi\/wp-json\/wp\/v2\/media\/7841"}],"wp:attachment":[{"href":"https:\/\/bsartstudio.vn\/vi\/wp-json\/wp\/v2\/media?parent=3478"}],"wp:term":[{"taxonomy":"product_cat","embeddable":true,"href":"https:\/\/bsartstudio.vn\/vi\/wp-json\/wp\/v2\/product_cat?post=3478"},{"taxonomy":"product_tag","embeddable":true,"href":"https:\/\/bsartstudio.vn\/vi\/wp-json\/wp\/v2\/product_tag?post=3478"}],"curies":[{"name":"wp","href":"https:\/\/api.w.org\/{rel}","templated":true}]}}