{"id":3477,"date":"2021-03-04T15:18:03","date_gmt":"2021-03-04T08:18:03","guid":{"rendered":"https:\/\/bsartstudio.vn\/products\/chuyen-co-tich\/"},"modified":"2021-03-09T16:37:04","modified_gmt":"2021-03-09T09:37:04","slug":"chuyen-co-tich","status":"publish","type":"product","link":"https:\/\/bsartstudio.vn\/vi\/products\/chuyen-co-tich\/","title":{"rendered":"Chuy\u1ec7n c\u1ed5 t\u00edch trong &#8220;Th\u1ebf Gi\u1edbi Pig Moon &#8211; Tr\u00e2u V\u00e0ng&#8221;"},"content":{"rendered":"<p><span class=\"pq6dq46d tbxw36s4 knj5qynh kvgmc6g5 ditlmg2l oygrvhab nvdbi5me sf5mxxl7 gl3lb2sf hhz5lgdu\"><img loading=\"lazy\" decoding=\"async\" src=\"https:\/\/www.facebook.com\/images\/emoji.php\/v9\/td2\/2\/16\/1f319.png\" alt=\"\ud83c\udf19\" width=\"16\" height=\"16\" \/><\/span> Chuy\u1ec7n c\u1ed5 t\u00edch trong &#8220;Th\u1ebf Gi\u1edbi Pig Moon &#8211; Tr\u00e2u V\u00e0ng&#8221;<\/p>\n<p>Ch\u1ea5t li\u1ec7u: Gi\u1ea5y<\/p>\n<p>M\u00e0u: Ch\u00ec m\u00e0u<\/p>\n<p>K\u00edch th\u01b0\u1edbc: 24.5 cm x 18.5 cm x 1.5 cm (bao g\u1ed3m khung)<\/p>\n","protected":false},"excerpt":{"rendered":"<div dir=\"auto\">Ng\u00e0y x\u1eeda ng\u00e0y x\u01b0a, co\u0301 mo\u0323\u0302t na\u0300ng co\u0302ng chu\u0301a trong l\u00fac d\u1ea1o ch\u01a1i \u0111\u00e3 nha\u0323\u0306t \u0111u\u031bo\u031b\u0323c m\u1ed9t tu\u031bo\u031b\u0323ng g\u1ed1m Tra\u0302u Va\u0300ng. Th\u1ea5y t\u01b0\u1ee3ng d\u1ec5 th\u01b0\u01a1ng, \u0111\u00e1ng y\u00eau n\u00ean n\u00e0ng mang ve\u0302\u0300 nha\u0300.<\/div>\n<div dir=\"auto\">\u0110\u00eam \u0111\u00f3, m\u1ed9t \u0111i\u1ec1u k\u00ec di\u1ec7u \u0111\u00e3 x\u1ea3y ra.<\/div>\n<div dir=\"auto\">Tu\u031bo\u031b\u0323ng Tra\u0302u Va\u0300ng b\u1ed7ng to\u1ea3 s\u00e1ng v\u00e0 bi\u1ebfn th\u00e0nh m\u1ed9t be\u0301 Pig Moon nh\u1ecf.<\/div>\n<div dir=\"auto\">Sau \u0111\u00f3, Pig Moon vui v\u1ebb, ho\u1ea1t b\u00e1t, t\u1ea5t b\u1eadt gi\u00fap c\u00f4ng ch\u00faa do\u0323n de\u0323p nha\u0300 cu\u031b\u0309a tu\u031bo\u031bm ta\u0302\u0301t \u0111\u1ec3 chu\u1ea9n b\u1ecb \u0111o\u0301n Te\u0302\u0301t.<\/div>\n","protected":false},"featured_media":3420,"template":"","meta":{"_et_pb_use_builder":"","_et_pb_old_content":"","_et_gb_content_width":""},"product_cat":[70,62],"product_tag":[],"yoast_head":"<!-- This site is optimized with the Yoast SEO plugin v24.5 - https:\/\/yoast.com\/wordpress\/plugins\/seo\/ -->\n<title>Chuy\u1ec7n c\u1ed5 t\u00edch trong &quot;Th\u1ebf Gi\u1edbi Pig Moon - Tr\u00e2u V\u00e0ng&quot; - B\/S Art Studio<\/title>\n<meta name=\"robots\" content=\"index, follow, max-snippet:-1, max-image-preview:large, max-video-preview:-1\" \/>\n<link rel=\"canonical\" href=\"https:\/\/bsartstudio.vn\/vi\/products\/chuyen-co-tich\/\" \/>\n<meta property=\"og:locale\" content=\"vi_VN\" \/>\n<meta property=\"og:type\" content=\"article\" \/>\n<meta property=\"og:title\" content=\"Chuy\u1ec7n c\u1ed5 t\u00edch trong &quot;Th\u1ebf Gi\u1edbi Pig Moon - Tr\u00e2u V\u00e0ng&quot; - B\/S Art Studio\" \/>\n<meta property=\"og:description\" content=\"Ng\u00e0y x\u1eeda ng\u00e0y x\u01b0a, co\u0301 mo\u0323\u0302t na\u0300ng co\u0302ng chu\u0301a trong l\u00fac d\u1ea1o ch\u01a1i \u0111\u00e3 nha\u0323\u0306t \u0111u\u031bo\u031b\u0323c m\u1ed9t tu\u031bo\u031b\u0323ng g\u1ed1m Tra\u0302u Va\u0300ng. Th\u1ea5y t\u01b0\u1ee3ng d\u1ec5 th\u01b0\u01a1ng, \u0111\u00e1ng y\u00eau n\u00ean n\u00e0ng mang ve\u0302\u0300 nha\u0300. \u0110\u00eam \u0111\u00f3, m\u1ed9t \u0111i\u1ec1u k\u00ec di\u1ec7u \u0111\u00e3 x\u1ea3y ra. Tu\u031bo\u031b\u0323ng Tra\u0302u Va\u0300ng b\u1ed7ng to\u1ea3 s\u00e1ng v\u00e0 bi\u1ebfn th\u00e0nh m\u1ed9t be\u0301 Pig Moon nh\u1ecf. Sau \u0111\u00f3, Pig Moon vui v\u1ebb, ho\u1ea1t b\u00e1t, t\u1ea5t b\u1eadt gi\u00fap c\u00f4ng ch\u00faa do\u0323n de\u0323p nha\u0300 cu\u031b\u0309a tu\u031bo\u031bm ta\u0302\u0301t \u0111\u1ec3 chu\u1ea9n b\u1ecb \u0111o\u0301n Te\u0302\u0301t.\" \/>\n<meta property=\"og:url\" content=\"https:\/\/bsartstudio.vn\/vi\/products\/chuyen-co-tich\/\" \/>\n<meta property=\"og:site_name\" content=\"B\/S Art Studio\" \/>\n<meta property=\"article:modified_time\" content=\"2021-03-09T09:37:04+00:00\" \/>\n<meta property=\"og:image\" content=\"https:\/\/bsartstudio.vn\/wp-content\/uploads\/2021\/03\/Co-Tam-Pig-Moon-S.jpg\" \/>\n\t<meta property=\"og:image:width\" content=\"1920\" \/>\n\t<meta property=\"og:image:height\" content=\"1366\" \/>\n\t<meta property=\"og:image:type\" content=\"image\/jpeg\" \/>\n<meta name=\"twitter:card\" content=\"summary_large_image\" \/>\n<script type=\"application\/ld+json\" class=\"yoast-schema-graph\">{\"@context\":\"https:\/\/schema.org\",\"@graph\":[{\"@type\":\"WebPage\",\"@id\":\"https:\/\/bsartstudio.vn\/vi\/products\/chuyen-co-tich\/\",\"url\":\"https:\/\/bsartstudio.vn\/vi\/products\/chuyen-co-tich\/\",\"name\":\"Chuy\u1ec7n c\u1ed5 t\u00edch trong \\\"Th\u1ebf Gi\u1edbi Pig Moon - Tr\u00e2u V\u00e0ng\\\" - B\/S Art Studio\",\"isPartOf\":{\"@id\":\"https:\/\/bsartstudio.vn\/ja\/#website\"},\"primaryImageOfPage\":{\"@id\":\"https:\/\/bsartstudio.vn\/vi\/products\/chuyen-co-tich\/#primaryimage\"},\"image\":{\"@id\":\"https:\/\/bsartstudio.vn\/vi\/products\/chuyen-co-tich\/#primaryimage\"},\"thumbnailUrl\":\"https:\/\/bsartstudio.vn\/wp-content\/uploads\/2021\/03\/Co-Tam-Pig-Moon-S.jpg\",\"datePublished\":\"2021-03-04T08:18:03+00:00\",\"dateModified\":\"2021-03-09T09:37:04+00:00\",\"breadcrumb\":{\"@id\":\"https:\/\/bsartstudio.vn\/vi\/products\/chuyen-co-tich\/#breadcrumb\"},\"inLanguage\":\"vi-VN\",\"potentialAction\":[{\"@type\":\"ReadAction\",\"target\":[\"https:\/\/bsartstudio.vn\/vi\/products\/chuyen-co-tich\/\"]}]},{\"@type\":\"ImageObject\",\"inLanguage\":\"vi-VN\",\"@id\":\"https:\/\/bsartstudio.vn\/vi\/products\/chuyen-co-tich\/#primaryimage\",\"url\":\"https:\/\/bsartstudio.vn\/wp-content\/uploads\/2021\/03\/Co-Tam-Pig-Moon-S.jpg\",\"contentUrl\":\"https:\/\/bsartstudio.vn\/wp-content\/uploads\/2021\/03\/Co-Tam-Pig-Moon-S.jpg\",\"width\":1920,\"height\":1366},{\"@type\":\"BreadcrumbList\",\"@id\":\"https:\/\/bsartstudio.vn\/vi\/products\/chuyen-co-tich\/#breadcrumb\",\"itemListElement\":[{\"@type\":\"ListItem\",\"position\":1,\"name\":\"Home\",\"item\":\"https:\/\/bsartstudio.vn\/en\/\"},{\"@type\":\"ListItem\",\"position\":2,\"name\":\"Shop\",\"item\":\"https:\/\/bsartstudio.vn\/en\/shop\/\"},{\"@type\":\"ListItem\",\"position\":3,\"name\":\"Chuy\u1ec7n c\u1ed5 t\u00edch trong &#8220;Th\u1ebf Gi\u1edbi Pig Moon &#8211; Tr\u00e2u V\u00e0ng&#8221;\"}]},{\"@type\":\"WebSite\",\"@id\":\"https:\/\/bsartstudio.vn\/ja\/#website\",\"url\":\"https:\/\/bsartstudio.vn\/ja\/\",\"name\":\"B\/S Art Studio\",\"description\":\"\",\"publisher\":{\"@id\":\"https:\/\/bsartstudio.vn\/ja\/#organization\"},\"potentialAction\":[{\"@type\":\"SearchAction\",\"target\":{\"@type\":\"EntryPoint\",\"urlTemplate\":\"https:\/\/bsartstudio.vn\/ja\/?s={search_term_string}\"},\"query-input\":{\"@type\":\"PropertyValueSpecification\",\"valueRequired\":true,\"valueName\":\"search_term_string\"}}],\"inLanguage\":\"vi-VN\"},{\"@type\":\"Organization\",\"@id\":\"https:\/\/bsartstudio.vn\/ja\/#organization\",\"name\":\"B\/S Art Studio\",\"url\":\"https:\/\/bsartstudio.vn\/ja\/\",\"logo\":{\"@type\":\"ImageObject\",\"inLanguage\":\"vi-VN\",\"@id\":\"https:\/\/bsartstudio.vn\/ja\/#\/schema\/logo\/image\/\",\"url\":\"https:\/\/bsartstudio.vn\/wp-content\/uploads\/2020\/03\/54526018_2272576089468053_1525084505319145472_n.jpg\",\"contentUrl\":\"https:\/\/bsartstudio.vn\/wp-content\/uploads\/2020\/03\/54526018_2272576089468053_1525084505319145472_n.jpg\",\"width\":958,\"height\":958,\"caption\":\"B\/S Art Studio\"},\"image\":{\"@id\":\"https:\/\/bsartstudio.vn\/ja\/#\/schema\/logo\/image\/\"}}]}<\/script>\n<!-- \/ Yoast SEO plugin. -->","yoast_head_json":{"title":"Chuy\u1ec7n c\u1ed5 t\u00edch trong \"Th\u1ebf Gi\u1edbi Pig Moon - Tr\u00e2u V\u00e0ng\" - B\/S Art Studio","robots":{"index":"index","follow":"follow","max-snippet":"max-snippet:-1","max-image-preview":"max-image-preview:large","max-video-preview":"max-video-preview:-1"},"canonical":"https:\/\/bsartstudio.vn\/vi\/products\/chuyen-co-tich\/","og_locale":"vi_VN","og_type":"article","og_title":"Chuy\u1ec7n c\u1ed5 t\u00edch trong \"Th\u1ebf Gi\u1edbi Pig Moon - Tr\u00e2u V\u00e0ng\" - B\/S Art Studio","og_description":"Ng\u00e0y x\u1eeda ng\u00e0y x\u01b0a, co\u0301 mo\u0323\u0302t na\u0300ng co\u0302ng chu\u0301a trong l\u00fac d\u1ea1o ch\u01a1i \u0111\u00e3 nha\u0323\u0306t \u0111u\u031bo\u031b\u0323c m\u1ed9t tu\u031bo\u031b\u0323ng g\u1ed1m Tra\u0302u Va\u0300ng. Th\u1ea5y t\u01b0\u1ee3ng d\u1ec5 th\u01b0\u01a1ng, \u0111\u00e1ng y\u00eau n\u00ean n\u00e0ng mang ve\u0302\u0300 nha\u0300. \u0110\u00eam \u0111\u00f3, m\u1ed9t \u0111i\u1ec1u k\u00ec di\u1ec7u \u0111\u00e3 x\u1ea3y ra. Tu\u031bo\u031b\u0323ng Tra\u0302u Va\u0300ng b\u1ed7ng to\u1ea3 s\u00e1ng v\u00e0 bi\u1ebfn th\u00e0nh m\u1ed9t be\u0301 Pig Moon nh\u1ecf. Sau \u0111\u00f3, Pig Moon vui v\u1ebb, ho\u1ea1t b\u00e1t, t\u1ea5t b\u1eadt gi\u00fap c\u00f4ng ch\u00faa do\u0323n de\u0323p nha\u0300 cu\u031b\u0309a tu\u031bo\u031bm ta\u0302\u0301t \u0111\u1ec3 chu\u1ea9n b\u1ecb \u0111o\u0301n Te\u0302\u0301t.","og_url":"https:\/\/bsartstudio.vn\/vi\/products\/chuyen-co-tich\/","og_site_name":"B\/S Art Studio","article_modified_time":"2021-03-09T09:37:04+00:00","og_image":[{"width":1920,"height":1366,"url":"https:\/\/bsartstudio.vn\/wp-content\/uploads\/2021\/03\/Co-Tam-Pig-Moon-S.jpg","type":"image\/jpeg"}],"twitter_card":"summary_large_image","schema":{"@context":"https:\/\/schema.org","@graph":[{"@type":"WebPage","@id":"https:\/\/bsartstudio.vn\/vi\/products\/chuyen-co-tich\/","url":"https:\/\/bsartstudio.vn\/vi\/products\/chuyen-co-tich\/","name":"Chuy\u1ec7n c\u1ed5 t\u00edch trong \"Th\u1ebf Gi\u1edbi Pig Moon - Tr\u00e2u V\u00e0ng\" - B\/S Art Studio","isPartOf":{"@id":"https:\/\/bsartstudio.vn\/ja\/#website"},"primaryImageOfPage":{"@id":"https:\/\/bsartstudio.vn\/vi\/products\/chuyen-co-tich\/#primaryimage"},"image":{"@id":"https:\/\/bsartstudio.vn\/vi\/products\/chuyen-co-tich\/#primaryimage"},"thumbnailUrl":"https:\/\/bsartstudio.vn\/wp-content\/uploads\/2021\/03\/Co-Tam-Pig-Moon-S.jpg","datePublished":"2021-03-04T08:18:03+00:00","dateModified":"2021-03-09T09:37:04+00:00","breadcrumb":{"@id":"https:\/\/bsartstudio.vn\/vi\/products\/chuyen-co-tich\/#breadcrumb"},"inLanguage":"vi-VN","potentialAction":[{"@type":"ReadAction","target":["https:\/\/bsartstudio.vn\/vi\/products\/chuyen-co-tich\/"]}]},{"@type":"ImageObject","inLanguage":"vi-VN","@id":"https:\/\/bsartstudio.vn\/vi\/products\/chuyen-co-tich\/#primaryimage","url":"https:\/\/bsartstudio.vn\/wp-content\/uploads\/2021\/03\/Co-Tam-Pig-Moon-S.jpg","contentUrl":"https:\/\/bsartstudio.vn\/wp-content\/uploads\/2021\/03\/Co-Tam-Pig-Moon-S.jpg","width":1920,"height":1366},{"@type":"BreadcrumbList","@id":"https:\/\/bsartstudio.vn\/vi\/products\/chuyen-co-tich\/#breadcrumb","itemListElement":[{"@type":"ListItem","position":1,"name":"Home","item":"https:\/\/bsartstudio.vn\/en\/"},{"@type":"ListItem","position":2,"name":"Shop","item":"https:\/\/bsartstudio.vn\/en\/shop\/"},{"@type":"ListItem","position":3,"name":"Chuy\u1ec7n c\u1ed5 t\u00edch trong &#8220;Th\u1ebf Gi\u1edbi Pig Moon &#8211; Tr\u00e2u V\u00e0ng&#8221;"}]},{"@type":"WebSite","@id":"https:\/\/bsartstudio.vn\/ja\/#website","url":"https:\/\/bsartstudio.vn\/ja\/","name":"B\/S Art Studio","description":"","publisher":{"@id":"https:\/\/bsartstudio.vn\/ja\/#organization"},"potentialAction":[{"@type":"SearchAction","target":{"@type":"EntryPoint","urlTemplate":"https:\/\/bsartstudio.vn\/ja\/?s={search_term_string}"},"query-input":{"@type":"PropertyValueSpecification","valueRequired":true,"valueName":"search_term_string"}}],"inLanguage":"vi-VN"},{"@type":"Organization","@id":"https:\/\/bsartstudio.vn\/ja\/#organization","name":"B\/S Art Studio","url":"https:\/\/bsartstudio.vn\/ja\/","logo":{"@type":"ImageObject","inLanguage":"vi-VN","@id":"https:\/\/bsartstudio.vn\/ja\/#\/schema\/logo\/image\/","url":"https:\/\/bsartstudio.vn\/wp-content\/uploads\/2020\/03\/54526018_2272576089468053_1525084505319145472_n.jpg","contentUrl":"https:\/\/bsartstudio.vn\/wp-content\/uploads\/2020\/03\/54526018_2272576089468053_1525084505319145472_n.jpg","width":958,"height":958,"caption":"B\/S Art Studio"},"image":{"@id":"https:\/\/bsartstudio.vn\/ja\/#\/schema\/logo\/image\/"}}]}},"_links":{"self":[{"href":"https:\/\/bsartstudio.vn\/vi\/wp-json\/wp\/v2\/product\/3477"}],"collection":[{"href":"https:\/\/bsartstudio.vn\/vi\/wp-json\/wp\/v2\/product"}],"about":[{"href":"https:\/\/bsartstudio.vn\/vi\/wp-json\/wp\/v2\/types\/product"}],"wp:featuredmedia":[{"embeddable":true,"href":"https:\/\/bsartstudio.vn\/vi\/wp-json\/wp\/v2\/media\/3420"}],"wp:attachment":[{"href":"https:\/\/bsartstudio.vn\/vi\/wp-json\/wp\/v2\/media?parent=3477"}],"wp:term":[{"taxonomy":"product_cat","embeddable":true,"href":"https:\/\/bsartstudio.vn\/vi\/wp-json\/wp\/v2\/product_cat?post=3477"},{"taxonomy":"product_tag","embeddable":true,"href":"https:\/\/bsartstudio.vn\/vi\/wp-json\/wp\/v2\/product_tag?post=3477"}],"curies":[{"name":"wp","href":"https:\/\/api.w.org\/{rel}","templated":true}]}}