{"id":3028,"date":"2020-09-18T15:27:17","date_gmt":"2020-09-18T08:27:17","guid":{"rendered":"https:\/\/bsartstudio.vn\/products\/workshop-san\/"},"modified":"2021-03-09T12:16:30","modified_gmt":"2021-03-09T05:16:30","slug":"workshop-san","status":"publish","type":"product","link":"https:\/\/bsartstudio.vn\/vi\/products\/workshop-san\/","title":{"rendered":"B\u1ed9 s\u1ea3n ph\u1ea9m &#8220;S\u00e1ng T\u1ea1o C\u00f9ng Ngh\u1ec7 Thu\u1eadt \u0110\u00f4ng H\u1ed3 tr\u00ean g\u1ed7&#8221;"},"content":{"rendered":"<div class=\"kvgmc6g5 cxmmr5t8 oygrvhab hcukyx3x c1et5uql ii04i59q\">\n<div dir=\"auto\">B\u1ed9 d\u1ee5ng c\u1ee5 &#8220;S\u00e1ng t\u1ea1o c\u00f9ng Ngh\u1ec7 thu\u1eadt \u0110\u00f4ng H\u1ed3 bao g\u1ed3m:<\/div>\n<\/div>\n<div class=\"o9v6fnle cxmmr5t8 oygrvhab hcukyx3x c1et5uql ii04i59q\">\n<div dir=\"auto\">1. S\u00e1ch gi\u1edbi thi\u1ec7u v\u1ec1 ngh\u1ec7 thu\u1eadt \u0110\u00f4ng H\u1ed3 v\u1edbi n\u1ed9i dung:<\/div>\n<div dir=\"auto\">+ C\u00e1c b\u01b0\u1edbc \u0111\u01a1n gi\u1ea3n \u0111\u1ec3 v\u1ebd hoa, l\u00e1, m\u00e2y, heo, chu\u1ed9t&#8230;<\/div>\n<div dir=\"auto\">+ C\u00e1c trang gi\u1ea5y \u0111\u00e3 in s\u1eb5n h\u00ecnh v\u1ebd \u0111\u1ec3 b\u1ea1n t\u1eadp t\u00f4 m\u00e0u.<\/div>\n<div dir=\"auto\">+ C\u00e1c t\u00e1c ph\u1ea9m \u0110\u00f4ng H\u1ed3 v\u1ebd theo phong c\u00e1ch s\u00e1ng t\u1ea1o m\u1edbi c\u1ee7a B\/S Art Studio \u0111\u1ec3 b\u1ea1n l\u00e0m m\u1eabu.<\/div>\n<div dir=\"auto\">2. M\u1ed9t mi\u1ebfng g\u1ed7 kh\u1eafc s\u1eb5n h\u00ecnh Heo \u0110\u00f4ng H\u1ed3 v\u00e0 b\u1ea1n c\u00f3 th\u1ec3 v\u1ebd th\u00eam c\u00e1c h\u1ecda ti\u1ebft l\u00ean tr\u00ean.<\/div>\n<div dir=\"auto\">3. B\u1ed9 t\u00f4 m\u00e0u v\u1edbi 06 m\u00e0u c\u01a1 b\u1ea3n v\u00e0 c\u1ecd.<\/div>\n<div dir=\"auto\">4. B\u00fat Acrylic m\u00e0u v\u00e0ng nh\u0169 \u0111\u1ec3 ho\u00e0n thi\u1ec7n t\u00e1c ph\u1ea9m.<\/div>\n<div dir=\"auto\">5. Gi\u00e1 \u0111\u1ec3 tranh trang tr\u00ed khi t\u00e1c ph\u1ea9m ho\u00e0n thi\u1ec7n.<\/div>\n<\/div>\n","protected":false},"excerpt":{"rendered":"<div class=\"kvgmc6g5 cxmmr5t8 oygrvhab hcukyx3x c1et5uql ii04i59q\">\n<div dir=\"auto\"><span class=\"pq6dq46d tbxw36s4 knj5qynh kvgmc6g5 ditlmg2l oygrvhab nvdbi5me sf5mxxl7 gl3lb2sf hhz5lgdu\"><img loading=\"lazy\" decoding=\"async\" src=\"https:\/\/static.xx.fbcdn.net\/images\/emoji.php\/v9\/t82\/1\/16\/1f3a8.png\" alt=\"\ud83c\udfa8\" width=\"16\" height=\"16\" \/><\/span> B\u1ed9 d\u1ee5ng c\u1ee5 &#8220;S\u00c1NG T\u1ea0O C\u00d9NG NGH\u1ec6 THU\u1eacT \u0110\u00d4NG H\u1ed2&#8221;<\/div>\n<\/div>\n<div class=\"o9v6fnle cxmmr5t8 oygrvhab hcukyx3x c1et5uql ii04i59q\">\n<div dir=\"auto\">+ B\u1ea1n \u0111ang t\u00ecm ki\u1ebfm m\u1ed9t v\u1eadt trang tr\u00ed d\u1ec5 th\u01b0\u01a1ng \u0111\u1ec3 l\u00e0m m\u1edbi l\u1ea1i kh\u00f4ng gian l\u00e0m vi\u1ec7c?<\/div>\n<div dir=\"auto\">+ B\u1ea1n \u0111ang t\u00ecm m\u1ed9t b\u1ed9 d\u1ee5ng c\u1ee5 h\u1ecdc t\u1eadp th\u00f4ng minh, kh\u01a1i g\u1ee3i kh\u1ea3 n\u0103ng ngh\u1ec7 thu\u1eadt v\u00e0 t\u00ednh s\u00e1ng t\u1ea1o c\u1ee7a c\u00e1c b\u00e9?<\/div>\n<div dir=\"auto\">+ B\u1ea1n \u0111ang mu\u1ed1n tr\u1ea3i qua ng\u00e0y ngh\u1ec9 cu\u1ed1i tu\u1ea7n th\u01b0 gi\u00e3n c\u00f9ng c\u00e1c con, v\u1eeba ch\u01a1i v\u1eeba h\u1ecdc, h\u1ea1n ch\u1ebf th\u1eddi gian s\u1eed d\u1ee5ng thi\u1ebft b\u1ecb \u0111i\u1ec7n t\u1eed?<\/div>\n<div dir=\"auto\">+ B\u1ea1n y\u00eau th\u00edch ngh\u1ec7 thu\u1eadt truy\u1ec1n th\u1ed1ng v\u00e0 mu\u1ed1n t\u1ef1 m\u00ecnh t\u1ea1o ra m\u1ed9t t\u00e1c ph\u1ea9m ngh\u1ec7 thu\u1eadt cho ri\u00eang m\u00ecnh?<\/div>\n<\/div>\n<div class=\"o9v6fnle cxmmr5t8 oygrvhab hcukyx3x c1et5uql ii04i59q\">\n<div dir=\"auto\"><span class=\"pq6dq46d tbxw36s4 knj5qynh kvgmc6g5 ditlmg2l oygrvhab nvdbi5me sf5mxxl7 gl3lb2sf hhz5lgdu\"><img loading=\"lazy\" decoding=\"async\" src=\"https:\/\/static.xx.fbcdn.net\/images\/emoji.php\/v9\/tf4\/1\/16\/2728.png\" alt=\"\u2728\" width=\"16\" height=\"16\" \/><\/span> B\u1ed9 d\u1ee5ng c\u1ee5 &#8220;S\u00c1NG T\u1ea0O C\u00d9NG NGH\u1ec6 THU\u1eacT \u0110\u00d4NG H\u1ed2&#8221; kh\u00f4ng ch\u1ec9 c\u00f9ng b\u1ea1n t\u00ecm hi\u1ec3u v\u1ec1 ngh\u1ec7 thu\u1eadt d\u00e2n gian truy\u1ec1n th\u1ed1ng c\u00f3 t\u1eeb l\u00e2u \u0111\u1eddi c\u1ee7a Vi\u1ec7t Nam m\u00e0 c\u00f2n gi\u00fap b\u1ea1n c\u00f3 m\u1ed9t kho\u1ea3ng th\u1eddi gian tuy\u1ec7t v\u1eddi \u0111\u1ec3 kh\u00e1m ph\u00e1 kh\u1ea3 n\u0103ng c\u1ee7a b\u1ea3n th\u00e2n v\u00e0 ph\u00e1t tri\u1ec3n t\u01b0 duy, kh\u1ea3 n\u0103ng ngh\u1ec7 thu\u1eadt cho c\u00e1c b\u00e9.<\/div>\n<\/div>\n","protected":false},"featured_media":7857,"template":"","meta":{"_et_pb_use_builder":"","_et_pb_old_content":"","_et_gb_content_width":""},"product_cat":[72,64],"product_tag":[391,297,453],"yoast_head":"<!-- This site is optimized with the Yoast SEO plugin v24.5 - https:\/\/yoast.com\/wordpress\/plugins\/seo\/ -->\n<title>B\u1ed9 s\u1ea3n ph\u1ea9m &quot;S\u00e1ng T\u1ea1o C\u00f9ng Ngh\u1ec7 Thu\u1eadt \u0110\u00f4ng H\u1ed3 tr\u00ean g\u1ed7&quot; - B\/S Art Studio<\/title>\n<meta name=\"robots\" content=\"index, follow, max-snippet:-1, max-image-preview:large, max-video-preview:-1\" \/>\n<link rel=\"canonical\" href=\"https:\/\/bsartstudio.vn\/vi\/products\/workshop-san\/\" \/>\n<meta property=\"og:locale\" content=\"vi_VN\" \/>\n<meta property=\"og:type\" content=\"article\" \/>\n<meta property=\"og:title\" content=\"B\u1ed9 s\u1ea3n ph\u1ea9m &quot;S\u00e1ng T\u1ea1o C\u00f9ng Ngh\u1ec7 Thu\u1eadt \u0110\u00f4ng H\u1ed3 tr\u00ean g\u1ed7&quot; - B\/S Art Studio\" \/>\n<meta property=\"og:description\" content=\"B\u1ed9 d\u1ee5ng c\u1ee5 &quot;S\u00c1NG T\u1ea0O C\u00d9NG NGH\u1ec6 THU\u1eacT \u0110\u00d4NG H\u1ed2&quot;   + B\u1ea1n \u0111ang t\u00ecm ki\u1ebfm m\u1ed9t v\u1eadt trang tr\u00ed d\u1ec5 th\u01b0\u01a1ng \u0111\u1ec3 l\u00e0m m\u1edbi l\u1ea1i kh\u00f4ng gian l\u00e0m vi\u1ec7c? + B\u1ea1n \u0111ang t\u00ecm m\u1ed9t b\u1ed9 d\u1ee5ng c\u1ee5 h\u1ecdc t\u1eadp th\u00f4ng minh, kh\u01a1i g\u1ee3i kh\u1ea3 n\u0103ng ngh\u1ec7 thu\u1eadt v\u00e0 t\u00ednh s\u00e1ng t\u1ea1o c\u1ee7a c\u00e1c b\u00e9? + B\u1ea1n \u0111ang mu\u1ed1n tr\u1ea3i qua ng\u00e0y ngh\u1ec9 cu\u1ed1i tu\u1ea7n th\u01b0 gi\u00e3n c\u00f9ng c\u00e1c con, v\u1eeba ch\u01a1i v\u1eeba h\u1ecdc, h\u1ea1n ch\u1ebf th\u1eddi gian s\u1eed d\u1ee5ng thi\u1ebft b\u1ecb \u0111i\u1ec7n t\u1eed? + B\u1ea1n y\u00eau th\u00edch ngh\u1ec7 thu\u1eadt truy\u1ec1n th\u1ed1ng v\u00e0 mu\u1ed1n t\u1ef1 m\u00ecnh t\u1ea1o ra m\u1ed9t t\u00e1c ph\u1ea9m ngh\u1ec7 thu\u1eadt cho ri\u00eang m\u00ecnh?    B\u1ed9 d\u1ee5ng c\u1ee5 &quot;S\u00c1NG T\u1ea0O C\u00d9NG NGH\u1ec6 THU\u1eacT \u0110\u00d4NG H\u1ed2&quot; kh\u00f4ng ch\u1ec9 c\u00f9ng b\u1ea1n t\u00ecm hi\u1ec3u v\u1ec1 ngh\u1ec7 thu\u1eadt d\u00e2n gian truy\u1ec1n th\u1ed1ng c\u00f3 t\u1eeb l\u00e2u \u0111\u1eddi c\u1ee7a Vi\u1ec7t Nam m\u00e0 c\u00f2n gi\u00fap b\u1ea1n c\u00f3 m\u1ed9t kho\u1ea3ng th\u1eddi gian tuy\u1ec7t v\u1eddi \u0111\u1ec3 kh\u00e1m ph\u00e1 kh\u1ea3 n\u0103ng c\u1ee7a b\u1ea3n th\u00e2n v\u00e0 ph\u00e1t tri\u1ec3n t\u01b0 duy, kh\u1ea3 n\u0103ng ngh\u1ec7 thu\u1eadt cho c\u00e1c b\u00e9.\" \/>\n<meta property=\"og:url\" content=\"https:\/\/bsartstudio.vn\/vi\/products\/workshop-san\/\" \/>\n<meta property=\"og:site_name\" content=\"B\/S Art Studio\" \/>\n<meta property=\"article:modified_time\" content=\"2021-03-09T05:16:30+00:00\" \/>\n<meta property=\"og:image\" content=\"https:\/\/bsartstudio.vn\/wp-content\/uploads\/2020\/09\/158682668_267586561562212_696393394625376110_n.jpg\" \/>\n\t<meta property=\"og:image:width\" content=\"2048\" \/>\n\t<meta property=\"og:image:height\" content=\"1536\" \/>\n\t<meta property=\"og:image:type\" content=\"image\/jpeg\" \/>\n<meta name=\"twitter:card\" content=\"summary_large_image\" \/>\n<meta name=\"twitter:label1\" content=\"Est. reading time\" \/>\n\t<meta name=\"twitter:data1\" content=\"1 minute\" \/>\n<script type=\"application\/ld+json\" class=\"yoast-schema-graph\">{\"@context\":\"https:\/\/schema.org\",\"@graph\":[{\"@type\":\"WebPage\",\"@id\":\"https:\/\/bsartstudio.vn\/vi\/products\/workshop-san\/\",\"url\":\"https:\/\/bsartstudio.vn\/vi\/products\/workshop-san\/\",\"name\":\"B\u1ed9 s\u1ea3n ph\u1ea9m \\\"S\u00e1ng T\u1ea1o C\u00f9ng Ngh\u1ec7 Thu\u1eadt \u0110\u00f4ng H\u1ed3 tr\u00ean g\u1ed7\\\" - B\/S Art Studio\",\"isPartOf\":{\"@id\":\"https:\/\/bsartstudio.vn\/ja\/#website\"},\"primaryImageOfPage\":{\"@id\":\"https:\/\/bsartstudio.vn\/vi\/products\/workshop-san\/#primaryimage\"},\"image\":{\"@id\":\"https:\/\/bsartstudio.vn\/vi\/products\/workshop-san\/#primaryimage\"},\"thumbnailUrl\":\"https:\/\/bsartstudio.vn\/wp-content\/uploads\/2020\/09\/Bo-Kit.jpg\",\"datePublished\":\"2020-09-18T08:27:17+00:00\",\"dateModified\":\"2021-03-09T05:16:30+00:00\",\"breadcrumb\":{\"@id\":\"https:\/\/bsartstudio.vn\/vi\/products\/workshop-san\/#breadcrumb\"},\"inLanguage\":\"vi-VN\",\"potentialAction\":[{\"@type\":\"ReadAction\",\"target\":[\"https:\/\/bsartstudio.vn\/vi\/products\/workshop-san\/\"]}]},{\"@type\":\"ImageObject\",\"inLanguage\":\"vi-VN\",\"@id\":\"https:\/\/bsartstudio.vn\/vi\/products\/workshop-san\/#primaryimage\",\"url\":\"https:\/\/bsartstudio.vn\/wp-content\/uploads\/2020\/09\/Bo-Kit.jpg\",\"contentUrl\":\"https:\/\/bsartstudio.vn\/wp-content\/uploads\/2020\/09\/Bo-Kit.jpg\",\"width\":1920,\"height\":1920,\"caption\":\"How to Draw zodiac animal Creative with Dong Ho Art - The Art Kit\"},{\"@type\":\"BreadcrumbList\",\"@id\":\"https:\/\/bsartstudio.vn\/vi\/products\/workshop-san\/#breadcrumb\",\"itemListElement\":[{\"@type\":\"ListItem\",\"position\":1,\"name\":\"Home\",\"item\":\"https:\/\/bsartstudio.vn\/en\/\"},{\"@type\":\"ListItem\",\"position\":2,\"name\":\"Shop\",\"item\":\"https:\/\/bsartstudio.vn\/en\/shop\/\"},{\"@type\":\"ListItem\",\"position\":3,\"name\":\"B\u1ed9 s\u1ea3n ph\u1ea9m &#8220;S\u00e1ng T\u1ea1o C\u00f9ng Ngh\u1ec7 Thu\u1eadt \u0110\u00f4ng H\u1ed3 tr\u00ean g\u1ed7&#8221;\"}]},{\"@type\":\"WebSite\",\"@id\":\"https:\/\/bsartstudio.vn\/ja\/#website\",\"url\":\"https:\/\/bsartstudio.vn\/ja\/\",\"name\":\"B\/S Art Studio\",\"description\":\"\",\"publisher\":{\"@id\":\"https:\/\/bsartstudio.vn\/ja\/#organization\"},\"potentialAction\":[{\"@type\":\"SearchAction\",\"target\":{\"@type\":\"EntryPoint\",\"urlTemplate\":\"https:\/\/bsartstudio.vn\/ja\/?s={search_term_string}\"},\"query-input\":{\"@type\":\"PropertyValueSpecification\",\"valueRequired\":true,\"valueName\":\"search_term_string\"}}],\"inLanguage\":\"vi-VN\"},{\"@type\":\"Organization\",\"@id\":\"https:\/\/bsartstudio.vn\/ja\/#organization\",\"name\":\"B\/S Art Studio\",\"url\":\"https:\/\/bsartstudio.vn\/ja\/\",\"logo\":{\"@type\":\"ImageObject\",\"inLanguage\":\"vi-VN\",\"@id\":\"https:\/\/bsartstudio.vn\/ja\/#\/schema\/logo\/image\/\",\"url\":\"https:\/\/bsartstudio.vn\/wp-content\/uploads\/2020\/03\/54526018_2272576089468053_1525084505319145472_n.jpg\",\"contentUrl\":\"https:\/\/bsartstudio.vn\/wp-content\/uploads\/2020\/03\/54526018_2272576089468053_1525084505319145472_n.jpg\",\"width\":958,\"height\":958,\"caption\":\"B\/S Art Studio\"},\"image\":{\"@id\":\"https:\/\/bsartstudio.vn\/ja\/#\/schema\/logo\/image\/\"}}]}<\/script>\n<!-- \/ Yoast SEO plugin. -->","yoast_head_json":{"title":"B\u1ed9 s\u1ea3n ph\u1ea9m \"S\u00e1ng T\u1ea1o C\u00f9ng Ngh\u1ec7 Thu\u1eadt \u0110\u00f4ng H\u1ed3 tr\u00ean g\u1ed7\" - B\/S Art Studio","robots":{"index":"index","follow":"follow","max-snippet":"max-snippet:-1","max-image-preview":"max-image-preview:large","max-video-preview":"max-video-preview:-1"},"canonical":"https:\/\/bsartstudio.vn\/vi\/products\/workshop-san\/","og_locale":"vi_VN","og_type":"article","og_title":"B\u1ed9 s\u1ea3n ph\u1ea9m \"S\u00e1ng T\u1ea1o C\u00f9ng Ngh\u1ec7 Thu\u1eadt \u0110\u00f4ng H\u1ed3 tr\u00ean g\u1ed7\" - B\/S Art Studio","og_description":"B\u1ed9 d\u1ee5ng c\u1ee5 \"S\u00c1NG T\u1ea0O C\u00d9NG NGH\u1ec6 THU\u1eacT \u0110\u00d4NG H\u1ed2\"   + B\u1ea1n \u0111ang t\u00ecm ki\u1ebfm m\u1ed9t v\u1eadt trang tr\u00ed d\u1ec5 th\u01b0\u01a1ng \u0111\u1ec3 l\u00e0m m\u1edbi l\u1ea1i kh\u00f4ng gian l\u00e0m vi\u1ec7c? + B\u1ea1n \u0111ang t\u00ecm m\u1ed9t b\u1ed9 d\u1ee5ng c\u1ee5 h\u1ecdc t\u1eadp th\u00f4ng minh, kh\u01a1i g\u1ee3i kh\u1ea3 n\u0103ng ngh\u1ec7 thu\u1eadt v\u00e0 t\u00ednh s\u00e1ng t\u1ea1o c\u1ee7a c\u00e1c b\u00e9? + B\u1ea1n \u0111ang mu\u1ed1n tr\u1ea3i qua ng\u00e0y ngh\u1ec9 cu\u1ed1i tu\u1ea7n th\u01b0 gi\u00e3n c\u00f9ng c\u00e1c con, v\u1eeba ch\u01a1i v\u1eeba h\u1ecdc, h\u1ea1n ch\u1ebf th\u1eddi gian s\u1eed d\u1ee5ng thi\u1ebft b\u1ecb \u0111i\u1ec7n t\u1eed? + B\u1ea1n y\u00eau th\u00edch ngh\u1ec7 thu\u1eadt truy\u1ec1n th\u1ed1ng v\u00e0 mu\u1ed1n t\u1ef1 m\u00ecnh t\u1ea1o ra m\u1ed9t t\u00e1c ph\u1ea9m ngh\u1ec7 thu\u1eadt cho ri\u00eang m\u00ecnh?    B\u1ed9 d\u1ee5ng c\u1ee5 \"S\u00c1NG T\u1ea0O C\u00d9NG NGH\u1ec6 THU\u1eacT \u0110\u00d4NG H\u1ed2\" kh\u00f4ng ch\u1ec9 c\u00f9ng b\u1ea1n t\u00ecm hi\u1ec3u v\u1ec1 ngh\u1ec7 thu\u1eadt d\u00e2n gian truy\u1ec1n th\u1ed1ng c\u00f3 t\u1eeb l\u00e2u \u0111\u1eddi c\u1ee7a Vi\u1ec7t Nam m\u00e0 c\u00f2n gi\u00fap b\u1ea1n c\u00f3 m\u1ed9t kho\u1ea3ng th\u1eddi gian tuy\u1ec7t v\u1eddi \u0111\u1ec3 kh\u00e1m ph\u00e1 kh\u1ea3 n\u0103ng c\u1ee7a b\u1ea3n th\u00e2n v\u00e0 ph\u00e1t tri\u1ec3n t\u01b0 duy, kh\u1ea3 n\u0103ng ngh\u1ec7 thu\u1eadt cho c\u00e1c b\u00e9.","og_url":"https:\/\/bsartstudio.vn\/vi\/products\/workshop-san\/","og_site_name":"B\/S Art Studio","article_modified_time":"2021-03-09T05:16:30+00:00","og_image":[{"width":2048,"height":1536,"url":"https:\/\/bsartstudio.vn\/wp-content\/uploads\/2020\/09\/158682668_267586561562212_696393394625376110_n.jpg","type":"image\/jpeg"}],"twitter_card":"summary_large_image","twitter_misc":{"Est. reading time":"1 minute"},"schema":{"@context":"https:\/\/schema.org","@graph":[{"@type":"WebPage","@id":"https:\/\/bsartstudio.vn\/vi\/products\/workshop-san\/","url":"https:\/\/bsartstudio.vn\/vi\/products\/workshop-san\/","name":"B\u1ed9 s\u1ea3n ph\u1ea9m \"S\u00e1ng T\u1ea1o C\u00f9ng Ngh\u1ec7 Thu\u1eadt \u0110\u00f4ng H\u1ed3 tr\u00ean g\u1ed7\" - B\/S Art Studio","isPartOf":{"@id":"https:\/\/bsartstudio.vn\/ja\/#website"},"primaryImageOfPage":{"@id":"https:\/\/bsartstudio.vn\/vi\/products\/workshop-san\/#primaryimage"},"image":{"@id":"https:\/\/bsartstudio.vn\/vi\/products\/workshop-san\/#primaryimage"},"thumbnailUrl":"https:\/\/bsartstudio.vn\/wp-content\/uploads\/2020\/09\/Bo-Kit.jpg","datePublished":"2020-09-18T08:27:17+00:00","dateModified":"2021-03-09T05:16:30+00:00","breadcrumb":{"@id":"https:\/\/bsartstudio.vn\/vi\/products\/workshop-san\/#breadcrumb"},"inLanguage":"vi-VN","potentialAction":[{"@type":"ReadAction","target":["https:\/\/bsartstudio.vn\/vi\/products\/workshop-san\/"]}]},{"@type":"ImageObject","inLanguage":"vi-VN","@id":"https:\/\/bsartstudio.vn\/vi\/products\/workshop-san\/#primaryimage","url":"https:\/\/bsartstudio.vn\/wp-content\/uploads\/2020\/09\/Bo-Kit.jpg","contentUrl":"https:\/\/bsartstudio.vn\/wp-content\/uploads\/2020\/09\/Bo-Kit.jpg","width":1920,"height":1920,"caption":"How to Draw zodiac animal Creative with Dong Ho Art - The Art Kit"},{"@type":"BreadcrumbList","@id":"https:\/\/bsartstudio.vn\/vi\/products\/workshop-san\/#breadcrumb","itemListElement":[{"@type":"ListItem","position":1,"name":"Home","item":"https:\/\/bsartstudio.vn\/en\/"},{"@type":"ListItem","position":2,"name":"Shop","item":"https:\/\/bsartstudio.vn\/en\/shop\/"},{"@type":"ListItem","position":3,"name":"B\u1ed9 s\u1ea3n ph\u1ea9m &#8220;S\u00e1ng T\u1ea1o C\u00f9ng Ngh\u1ec7 Thu\u1eadt \u0110\u00f4ng H\u1ed3 tr\u00ean g\u1ed7&#8221;"}]},{"@type":"WebSite","@id":"https:\/\/bsartstudio.vn\/ja\/#website","url":"https:\/\/bsartstudio.vn\/ja\/","name":"B\/S Art Studio","description":"","publisher":{"@id":"https:\/\/bsartstudio.vn\/ja\/#organization"},"potentialAction":[{"@type":"SearchAction","target":{"@type":"EntryPoint","urlTemplate":"https:\/\/bsartstudio.vn\/ja\/?s={search_term_string}"},"query-input":{"@type":"PropertyValueSpecification","valueRequired":true,"valueName":"search_term_string"}}],"inLanguage":"vi-VN"},{"@type":"Organization","@id":"https:\/\/bsartstudio.vn\/ja\/#organization","name":"B\/S Art Studio","url":"https:\/\/bsartstudio.vn\/ja\/","logo":{"@type":"ImageObject","inLanguage":"vi-VN","@id":"https:\/\/bsartstudio.vn\/ja\/#\/schema\/logo\/image\/","url":"https:\/\/bsartstudio.vn\/wp-content\/uploads\/2020\/03\/54526018_2272576089468053_1525084505319145472_n.jpg","contentUrl":"https:\/\/bsartstudio.vn\/wp-content\/uploads\/2020\/03\/54526018_2272576089468053_1525084505319145472_n.jpg","width":958,"height":958,"caption":"B\/S Art Studio"},"image":{"@id":"https:\/\/bsartstudio.vn\/ja\/#\/schema\/logo\/image\/"}}]}},"_links":{"self":[{"href":"https:\/\/bsartstudio.vn\/vi\/wp-json\/wp\/v2\/product\/3028"}],"collection":[{"href":"https:\/\/bsartstudio.vn\/vi\/wp-json\/wp\/v2\/product"}],"about":[{"href":"https:\/\/bsartstudio.vn\/vi\/wp-json\/wp\/v2\/types\/product"}],"wp:featuredmedia":[{"embeddable":true,"href":"https:\/\/bsartstudio.vn\/vi\/wp-json\/wp\/v2\/media\/7857"}],"wp:attachment":[{"href":"https:\/\/bsartstudio.vn\/vi\/wp-json\/wp\/v2\/media?parent=3028"}],"wp:term":[{"taxonomy":"product_cat","embeddable":true,"href":"https:\/\/bsartstudio.vn\/vi\/wp-json\/wp\/v2\/product_cat?post=3028"},{"taxonomy":"product_tag","embeddable":true,"href":"https:\/\/bsartstudio.vn\/vi\/wp-json\/wp\/v2\/product_tag?post=3028"}],"curies":[{"name":"wp","href":"https:\/\/api.w.org\/{rel}","templated":true}]}}