{"id":3001,"date":"2020-09-17T17:21:16","date_gmt":"2020-09-17T10:21:16","guid":{"rendered":"https:\/\/bsartstudio.vn\/products\/vu-lan\/"},"modified":"2020-09-17T17:28:06","modified_gmt":"2020-09-17T10:28:06","slug":"vu-lan","status":"publish","type":"product","link":"https:\/\/bsartstudio.vn\/vi\/products\/vu-lan\/","title":{"rendered":"&#8220;Vu Lan&#8221;"},"content":{"rendered":"<p>T\u00e1c ph\u1ea9m: &#8220;Vu Lan&#8221;<\/p>\n<p>Ch\u1ea5t li\u1ec7u: Gi\u1ea5y<br \/>\nM\u00e0u: Ch\u00ec m\u00e0u<br \/>\nK\u00edch th\u01b0\u1edbc: 30 cm x 21 cm\u00a0<\/p>\n","protected":false},"excerpt":{"rendered":"<div class=\"kvgmc6g5 cxmmr5t8 oygrvhab hcukyx3x c1et5uql ii04i59q\">\n<div dir=\"auto\"><span class=\"pq6dq46d tbxw36s4 knj5qynh kvgmc6g5 ditlmg2l oygrvhab nvdbi5me sf5mxxl7 gl3lb2sf hhz5lgdu\"><img loading=\"lazy\" decoding=\"async\" src=\"https:\/\/static.xx.fbcdn.net\/images\/emoji.php\/v9\/t82\/1\/16\/1f3a8.png\" alt=\"\ud83c\udfa8\" width=\"16\" height=\"16\" \/><\/span> T\u00e1c ph\u1ea9m \u201cVu Lan\u201d<\/div>\n<div dir=\"auto\">\u00a0<\/div>\n<\/div>\n<div class=\"o9v6fnle cxmmr5t8 oygrvhab hcukyx3x c1et5uql ii04i59q\">\n<div dir=\"auto\">Vu lan v\u0129nh h\u1eb1ng gi\u1eefa c\u00f5i thi\u1ec7n t\u00e2m<\/div>\n<div dir=\"auto\">(Tr\u00edch th\u01a1 Tu\u1ec7 Thi\u1ec1n)<\/div>\n<div dir=\"auto\">\u00a0<\/div>\n<\/div>\n<div class=\"o9v6fnle cxmmr5t8 oygrvhab hcukyx3x c1et5uql ii04i59q\">\n<div dir=\"auto\">Vu Lan b\u00e1o hi\u1ebfu (r\u1eb1m th\u00e1ng b\u1ea3y \u00e2m l\u1ecbch) l\u00e0 m\u1ed9t trong nh\u1eefng ng\u00e0y l\u1ec5 mang \u0111\u1eadm n\u00e9t v\u0103n ho\u00e1 b\u1ea3n s\u1eafc \u00c1 \u0110\u00f4ng v\u00e0 trong \u0111\u1eddi s\u1ed1ng tinh th\u1ea7n c\u1ee7a m\u1ed7i ng\u01b0\u1eddi Vi\u1ec7t th\u1ec3 hi\u1ec7n \u0111\u1ea1o l\u00fd u\u1ed1ng n\u01b0\u1edbc nh\u1edb ngu\u1ed3n, b\u00e1o \u00e2n t\u1ed5 ti\u00ean, nh\u1edb \u01a1n \u00f4ng b\u00e0, cha m\u1eb9.<\/div>\n<div dir=\"auto\">\u00a0<\/div>\n<div dir=\"auto\"><span class=\"pq6dq46d tbxw36s4 knj5qynh kvgmc6g5 ditlmg2l oygrvhab nvdbi5me sf5mxxl7 gl3lb2sf hhz5lgdu\"><img loading=\"lazy\" decoding=\"async\" src=\"https:\/\/static.xx.fbcdn.net\/images\/emoji.php\/v9\/t6f\/1\/16\/1f337.png\" alt=\"\ud83c\udf37\" width=\"16\" height=\"16\" \/><\/span> Hoa h\u1ed3ng tr\u1edf th\u00e0nh bi\u1ec3u t\u01b0\u1ee3ng cho ng\u00e0y l\u1ec5 Vu Lan do thi\u1ec1n s\u01b0 Th\u00edch Nh\u1ea5t H\u1ea1nh l\u1ef1a ch\u1ecdn. Nh\u1eefng \u0111o\u00e1 hoa mang m\u00e0u h\u1ed3ng l\u00e0 d\u00e0nh cho nh\u1eefng ai c\u00f2n cha m\u1eb9 \u1edf b\u00ean, c\u00f2n \u0111\u01b0\u1ee3c quan t\u00e2m, ch\u0103m s\u00f3c v\u00e0 c\u00f2n \u0111\u01b0\u1ee3c y\u00eau th\u01b0\u01a1ng trong v\u00f2ng tay c\u1ee7a b\u1eadc sinh th\u00e0nh. C\u00f2n nh\u1eefng \u0111o\u00e1 hoa m\u00e0u tr\u1eafng th\u00ec ng\u01b0\u1ee3c l\u1ea1i, l\u00e0 m\u1ed9t s\u1ef1 \u0111au th\u01b0\u01a1ng v\u00e0 m\u1ea5t m\u00e1t kh\u00f4ng c\u00f3 g\u00ec b\u00f9 \u0111\u1eafp \u0111\u01b0\u1ee3c.<\/div>\n<div dir=\"auto\">\u00a0<\/div>\n<div dir=\"auto\"><span class=\"pq6dq46d tbxw36s4 knj5qynh kvgmc6g5 ditlmg2l oygrvhab nvdbi5me sf5mxxl7 gl3lb2sf hhz5lgdu\"><img loading=\"lazy\" decoding=\"async\" src=\"https:\/\/static.xx.fbcdn.net\/images\/emoji.php\/v9\/tf4\/1\/16\/2728.png\" alt=\"\u2728\" width=\"16\" height=\"16\" \/><\/span> Vu Lan l\u00e0 d\u1ecbp \u0111\u1ec3 \u0111\u1ec3 nh\u1eafc nh\u1edf ch\u00fang ta tr\u00e2n tr\u1ecdng v\u00e0 y\u00eau th\u01b0\u01a1ng cha m\u1eb9, quan t\u00e2m \u0111\u1ebfn gia \u0111\u00ecnh ng\u01b0\u1eddi th\u00e2n nhi\u1ec1u h\u01a1n.<\/div>\n<div dir=\"auto\">\u00a0<\/div>\n<div dir=\"auto\"><span class=\"pq6dq46d tbxw36s4 knj5qynh kvgmc6g5 ditlmg2l oygrvhab nvdbi5me sf5mxxl7 gl3lb2sf hhz5lgdu\"><img loading=\"lazy\" decoding=\"async\" src=\"https:\/\/static.xx.fbcdn.net\/images\/emoji.php\/v9\/t8c\/1\/16\/1f389.png\" alt=\"\ud83c\udf89\" width=\"16\" height=\"16\" \/><\/span> T\u00e1c ph\u1ea9m l\u00e0 s\u1ef1 k\u1ebft h\u1ee3p c\u1ee7a ho\u1ea1 s\u0129 B\/S Art Studio &amp; Hellobaby (Deviantart).<\/div>\n<\/div>\n","protected":false},"featured_media":2991,"template":"","meta":{"_et_pb_use_builder":"","_et_pb_old_content":"","_et_gb_content_width":""},"product_cat":[62],"product_tag":[],"yoast_head":"<!-- This site is optimized with the Yoast SEO plugin v24.5 - https:\/\/yoast.com\/wordpress\/plugins\/seo\/ -->\n<title>&quot;Vu Lan&quot; - B\/S Art Studio<\/title>\n<meta name=\"robots\" content=\"index, follow, max-snippet:-1, max-image-preview:large, max-video-preview:-1\" \/>\n<link rel=\"canonical\" href=\"https:\/\/bsartstudio.vn\/vi\/products\/vu-lan\/\" \/>\n<meta property=\"og:locale\" content=\"vi_VN\" \/>\n<meta property=\"og:type\" content=\"article\" \/>\n<meta property=\"og:title\" content=\"&quot;Vu Lan&quot; - B\/S Art Studio\" \/>\n<meta property=\"og:description\" content=\"T\u00e1c ph\u1ea9m \u201cVu Lan\u201d \u00a0   Vu lan v\u0129nh h\u1eb1ng gi\u1eefa c\u00f5i thi\u1ec7n t\u00e2m (Tr\u00edch th\u01a1 Tu\u1ec7 Thi\u1ec1n) \u00a0   Vu Lan b\u00e1o hi\u1ebfu (r\u1eb1m th\u00e1ng b\u1ea3y \u00e2m l\u1ecbch) l\u00e0 m\u1ed9t trong nh\u1eefng ng\u00e0y l\u1ec5 mang \u0111\u1eadm n\u00e9t v\u0103n ho\u00e1 b\u1ea3n s\u1eafc \u00c1 \u0110\u00f4ng v\u00e0 trong \u0111\u1eddi s\u1ed1ng tinh th\u1ea7n c\u1ee7a m\u1ed7i ng\u01b0\u1eddi Vi\u1ec7t th\u1ec3 hi\u1ec7n \u0111\u1ea1o l\u00fd u\u1ed1ng n\u01b0\u1edbc nh\u1edb ngu\u1ed3n, b\u00e1o \u00e2n t\u1ed5 ti\u00ean, nh\u1edb \u01a1n \u00f4ng b\u00e0, cha m\u1eb9. \u00a0  Hoa h\u1ed3ng tr\u1edf th\u00e0nh bi\u1ec3u t\u01b0\u1ee3ng cho ng\u00e0y l\u1ec5 Vu Lan do thi\u1ec1n s\u01b0 Th\u00edch Nh\u1ea5t H\u1ea1nh l\u1ef1a ch\u1ecdn. Nh\u1eefng \u0111o\u00e1 hoa mang m\u00e0u h\u1ed3ng l\u00e0 d\u00e0nh cho nh\u1eefng ai c\u00f2n cha m\u1eb9 \u1edf b\u00ean, c\u00f2n \u0111\u01b0\u1ee3c quan t\u00e2m, ch\u0103m s\u00f3c v\u00e0 c\u00f2n \u0111\u01b0\u1ee3c y\u00eau th\u01b0\u01a1ng trong v\u00f2ng tay c\u1ee7a b\u1eadc sinh th\u00e0nh. C\u00f2n nh\u1eefng \u0111o\u00e1 hoa m\u00e0u tr\u1eafng th\u00ec ng\u01b0\u1ee3c l\u1ea1i, l\u00e0 m\u1ed9t s\u1ef1 \u0111au th\u01b0\u01a1ng v\u00e0 m\u1ea5t m\u00e1t kh\u00f4ng c\u00f3 g\u00ec b\u00f9 \u0111\u1eafp \u0111\u01b0\u1ee3c. \u00a0  Vu Lan l\u00e0 d\u1ecbp \u0111\u1ec3 \u0111\u1ec3 nh\u1eafc nh\u1edf ch\u00fang ta tr\u00e2n tr\u1ecdng v\u00e0 y\u00eau th\u01b0\u01a1ng cha m\u1eb9, quan t\u00e2m \u0111\u1ebfn gia \u0111\u00ecnh ng\u01b0\u1eddi th\u00e2n nhi\u1ec1u h\u01a1n. \u00a0  T\u00e1c ph\u1ea9m l\u00e0 s\u1ef1 k\u1ebft h\u1ee3p c\u1ee7a ho\u1ea1 s\u0129 B\/S Art Studio &amp; Hellobaby (Deviantart).\" \/>\n<meta property=\"og:url\" content=\"https:\/\/bsartstudio.vn\/vi\/products\/vu-lan\/\" \/>\n<meta property=\"og:site_name\" content=\"B\/S Art Studio\" \/>\n<meta property=\"article:modified_time\" content=\"2020-09-17T10:28:06+00:00\" \/>\n<meta property=\"og:image\" content=\"https:\/\/bsartstudio.vn\/wp-content\/uploads\/2020\/09\/118150268_3416582748400709_5993670435518900735_o.jpg\" \/>\n\t<meta property=\"og:image:width\" content=\"1100\" \/>\n\t<meta property=\"og:image:height\" content=\"776\" \/>\n\t<meta property=\"og:image:type\" content=\"image\/jpeg\" \/>\n<meta name=\"twitter:card\" content=\"summary_large_image\" \/>\n<script type=\"application\/ld+json\" class=\"yoast-schema-graph\">{\"@context\":\"https:\/\/schema.org\",\"@graph\":[{\"@type\":\"WebPage\",\"@id\":\"https:\/\/bsartstudio.vn\/vi\/products\/vu-lan\/\",\"url\":\"https:\/\/bsartstudio.vn\/vi\/products\/vu-lan\/\",\"name\":\"\\\"Vu Lan\\\" - B\/S Art Studio\",\"isPartOf\":{\"@id\":\"https:\/\/bsartstudio.vn\/ja\/#website\"},\"primaryImageOfPage\":{\"@id\":\"https:\/\/bsartstudio.vn\/vi\/products\/vu-lan\/#primaryimage\"},\"image\":{\"@id\":\"https:\/\/bsartstudio.vn\/vi\/products\/vu-lan\/#primaryimage\"},\"thumbnailUrl\":\"https:\/\/bsartstudio.vn\/wp-content\/uploads\/2020\/09\/118150268_3416582748400709_5993670435518900735_o.jpg\",\"datePublished\":\"2020-09-17T10:21:16+00:00\",\"dateModified\":\"2020-09-17T10:28:06+00:00\",\"breadcrumb\":{\"@id\":\"https:\/\/bsartstudio.vn\/vi\/products\/vu-lan\/#breadcrumb\"},\"inLanguage\":\"vi-VN\",\"potentialAction\":[{\"@type\":\"ReadAction\",\"target\":[\"https:\/\/bsartstudio.vn\/vi\/products\/vu-lan\/\"]}]},{\"@type\":\"ImageObject\",\"inLanguage\":\"vi-VN\",\"@id\":\"https:\/\/bsartstudio.vn\/vi\/products\/vu-lan\/#primaryimage\",\"url\":\"https:\/\/bsartstudio.vn\/wp-content\/uploads\/2020\/09\/118150268_3416582748400709_5993670435518900735_o.jpg\",\"contentUrl\":\"https:\/\/bsartstudio.vn\/wp-content\/uploads\/2020\/09\/118150268_3416582748400709_5993670435518900735_o.jpg\",\"width\":1100,\"height\":776},{\"@type\":\"BreadcrumbList\",\"@id\":\"https:\/\/bsartstudio.vn\/vi\/products\/vu-lan\/#breadcrumb\",\"itemListElement\":[{\"@type\":\"ListItem\",\"position\":1,\"name\":\"Home\",\"item\":\"https:\/\/bsartstudio.vn\/en\/\"},{\"@type\":\"ListItem\",\"position\":2,\"name\":\"Shop\",\"item\":\"https:\/\/bsartstudio.vn\/en\/shop\/\"},{\"@type\":\"ListItem\",\"position\":3,\"name\":\"&#8220;Vu Lan&#8221;\"}]},{\"@type\":\"WebSite\",\"@id\":\"https:\/\/bsartstudio.vn\/ja\/#website\",\"url\":\"https:\/\/bsartstudio.vn\/ja\/\",\"name\":\"B\/S Art Studio\",\"description\":\"\",\"publisher\":{\"@id\":\"https:\/\/bsartstudio.vn\/ja\/#organization\"},\"potentialAction\":[{\"@type\":\"SearchAction\",\"target\":{\"@type\":\"EntryPoint\",\"urlTemplate\":\"https:\/\/bsartstudio.vn\/ja\/?s={search_term_string}\"},\"query-input\":{\"@type\":\"PropertyValueSpecification\",\"valueRequired\":true,\"valueName\":\"search_term_string\"}}],\"inLanguage\":\"vi-VN\"},{\"@type\":\"Organization\",\"@id\":\"https:\/\/bsartstudio.vn\/ja\/#organization\",\"name\":\"B\/S Art Studio\",\"url\":\"https:\/\/bsartstudio.vn\/ja\/\",\"logo\":{\"@type\":\"ImageObject\",\"inLanguage\":\"vi-VN\",\"@id\":\"https:\/\/bsartstudio.vn\/ja\/#\/schema\/logo\/image\/\",\"url\":\"https:\/\/bsartstudio.vn\/wp-content\/uploads\/2020\/03\/54526018_2272576089468053_1525084505319145472_n.jpg\",\"contentUrl\":\"https:\/\/bsartstudio.vn\/wp-content\/uploads\/2020\/03\/54526018_2272576089468053_1525084505319145472_n.jpg\",\"width\":958,\"height\":958,\"caption\":\"B\/S Art Studio\"},\"image\":{\"@id\":\"https:\/\/bsartstudio.vn\/ja\/#\/schema\/logo\/image\/\"}}]}<\/script>\n<!-- \/ Yoast SEO plugin. -->","yoast_head_json":{"title":"\"Vu Lan\" - B\/S Art Studio","robots":{"index":"index","follow":"follow","max-snippet":"max-snippet:-1","max-image-preview":"max-image-preview:large","max-video-preview":"max-video-preview:-1"},"canonical":"https:\/\/bsartstudio.vn\/vi\/products\/vu-lan\/","og_locale":"vi_VN","og_type":"article","og_title":"\"Vu Lan\" - B\/S Art Studio","og_description":"T\u00e1c ph\u1ea9m \u201cVu Lan\u201d \u00a0   Vu lan v\u0129nh h\u1eb1ng gi\u1eefa c\u00f5i thi\u1ec7n t\u00e2m (Tr\u00edch th\u01a1 Tu\u1ec7 Thi\u1ec1n) \u00a0   Vu Lan b\u00e1o hi\u1ebfu (r\u1eb1m th\u00e1ng b\u1ea3y \u00e2m l\u1ecbch) l\u00e0 m\u1ed9t trong nh\u1eefng ng\u00e0y l\u1ec5 mang \u0111\u1eadm n\u00e9t v\u0103n ho\u00e1 b\u1ea3n s\u1eafc \u00c1 \u0110\u00f4ng v\u00e0 trong \u0111\u1eddi s\u1ed1ng tinh th\u1ea7n c\u1ee7a m\u1ed7i ng\u01b0\u1eddi Vi\u1ec7t th\u1ec3 hi\u1ec7n \u0111\u1ea1o l\u00fd u\u1ed1ng n\u01b0\u1edbc nh\u1edb ngu\u1ed3n, b\u00e1o \u00e2n t\u1ed5 ti\u00ean, nh\u1edb \u01a1n \u00f4ng b\u00e0, cha m\u1eb9. \u00a0  Hoa h\u1ed3ng tr\u1edf th\u00e0nh bi\u1ec3u t\u01b0\u1ee3ng cho ng\u00e0y l\u1ec5 Vu Lan do thi\u1ec1n s\u01b0 Th\u00edch Nh\u1ea5t H\u1ea1nh l\u1ef1a ch\u1ecdn. Nh\u1eefng \u0111o\u00e1 hoa mang m\u00e0u h\u1ed3ng l\u00e0 d\u00e0nh cho nh\u1eefng ai c\u00f2n cha m\u1eb9 \u1edf b\u00ean, c\u00f2n \u0111\u01b0\u1ee3c quan t\u00e2m, ch\u0103m s\u00f3c v\u00e0 c\u00f2n \u0111\u01b0\u1ee3c y\u00eau th\u01b0\u01a1ng trong v\u00f2ng tay c\u1ee7a b\u1eadc sinh th\u00e0nh. C\u00f2n nh\u1eefng \u0111o\u00e1 hoa m\u00e0u tr\u1eafng th\u00ec ng\u01b0\u1ee3c l\u1ea1i, l\u00e0 m\u1ed9t s\u1ef1 \u0111au th\u01b0\u01a1ng v\u00e0 m\u1ea5t m\u00e1t kh\u00f4ng c\u00f3 g\u00ec b\u00f9 \u0111\u1eafp \u0111\u01b0\u1ee3c. \u00a0  Vu Lan l\u00e0 d\u1ecbp \u0111\u1ec3 \u0111\u1ec3 nh\u1eafc nh\u1edf ch\u00fang ta tr\u00e2n tr\u1ecdng v\u00e0 y\u00eau th\u01b0\u01a1ng cha m\u1eb9, quan t\u00e2m \u0111\u1ebfn gia \u0111\u00ecnh ng\u01b0\u1eddi th\u00e2n nhi\u1ec1u h\u01a1n. \u00a0  T\u00e1c ph\u1ea9m l\u00e0 s\u1ef1 k\u1ebft h\u1ee3p c\u1ee7a ho\u1ea1 s\u0129 B\/S Art Studio &amp; Hellobaby (Deviantart).","og_url":"https:\/\/bsartstudio.vn\/vi\/products\/vu-lan\/","og_site_name":"B\/S Art Studio","article_modified_time":"2020-09-17T10:28:06+00:00","og_image":[{"width":1100,"height":776,"url":"https:\/\/bsartstudio.vn\/wp-content\/uploads\/2020\/09\/118150268_3416582748400709_5993670435518900735_o.jpg","type":"image\/jpeg"}],"twitter_card":"summary_large_image","schema":{"@context":"https:\/\/schema.org","@graph":[{"@type":"WebPage","@id":"https:\/\/bsartstudio.vn\/vi\/products\/vu-lan\/","url":"https:\/\/bsartstudio.vn\/vi\/products\/vu-lan\/","name":"\"Vu Lan\" - B\/S Art Studio","isPartOf":{"@id":"https:\/\/bsartstudio.vn\/ja\/#website"},"primaryImageOfPage":{"@id":"https:\/\/bsartstudio.vn\/vi\/products\/vu-lan\/#primaryimage"},"image":{"@id":"https:\/\/bsartstudio.vn\/vi\/products\/vu-lan\/#primaryimage"},"thumbnailUrl":"https:\/\/bsartstudio.vn\/wp-content\/uploads\/2020\/09\/118150268_3416582748400709_5993670435518900735_o.jpg","datePublished":"2020-09-17T10:21:16+00:00","dateModified":"2020-09-17T10:28:06+00:00","breadcrumb":{"@id":"https:\/\/bsartstudio.vn\/vi\/products\/vu-lan\/#breadcrumb"},"inLanguage":"vi-VN","potentialAction":[{"@type":"ReadAction","target":["https:\/\/bsartstudio.vn\/vi\/products\/vu-lan\/"]}]},{"@type":"ImageObject","inLanguage":"vi-VN","@id":"https:\/\/bsartstudio.vn\/vi\/products\/vu-lan\/#primaryimage","url":"https:\/\/bsartstudio.vn\/wp-content\/uploads\/2020\/09\/118150268_3416582748400709_5993670435518900735_o.jpg","contentUrl":"https:\/\/bsartstudio.vn\/wp-content\/uploads\/2020\/09\/118150268_3416582748400709_5993670435518900735_o.jpg","width":1100,"height":776},{"@type":"BreadcrumbList","@id":"https:\/\/bsartstudio.vn\/vi\/products\/vu-lan\/#breadcrumb","itemListElement":[{"@type":"ListItem","position":1,"name":"Home","item":"https:\/\/bsartstudio.vn\/en\/"},{"@type":"ListItem","position":2,"name":"Shop","item":"https:\/\/bsartstudio.vn\/en\/shop\/"},{"@type":"ListItem","position":3,"name":"&#8220;Vu Lan&#8221;"}]},{"@type":"WebSite","@id":"https:\/\/bsartstudio.vn\/ja\/#website","url":"https:\/\/bsartstudio.vn\/ja\/","name":"B\/S Art Studio","description":"","publisher":{"@id":"https:\/\/bsartstudio.vn\/ja\/#organization"},"potentialAction":[{"@type":"SearchAction","target":{"@type":"EntryPoint","urlTemplate":"https:\/\/bsartstudio.vn\/ja\/?s={search_term_string}"},"query-input":{"@type":"PropertyValueSpecification","valueRequired":true,"valueName":"search_term_string"}}],"inLanguage":"vi-VN"},{"@type":"Organization","@id":"https:\/\/bsartstudio.vn\/ja\/#organization","name":"B\/S Art Studio","url":"https:\/\/bsartstudio.vn\/ja\/","logo":{"@type":"ImageObject","inLanguage":"vi-VN","@id":"https:\/\/bsartstudio.vn\/ja\/#\/schema\/logo\/image\/","url":"https:\/\/bsartstudio.vn\/wp-content\/uploads\/2020\/03\/54526018_2272576089468053_1525084505319145472_n.jpg","contentUrl":"https:\/\/bsartstudio.vn\/wp-content\/uploads\/2020\/03\/54526018_2272576089468053_1525084505319145472_n.jpg","width":958,"height":958,"caption":"B\/S Art Studio"},"image":{"@id":"https:\/\/bsartstudio.vn\/ja\/#\/schema\/logo\/image\/"}}]}},"_links":{"self":[{"href":"https:\/\/bsartstudio.vn\/vi\/wp-json\/wp\/v2\/product\/3001"}],"collection":[{"href":"https:\/\/bsartstudio.vn\/vi\/wp-json\/wp\/v2\/product"}],"about":[{"href":"https:\/\/bsartstudio.vn\/vi\/wp-json\/wp\/v2\/types\/product"}],"wp:featuredmedia":[{"embeddable":true,"href":"https:\/\/bsartstudio.vn\/vi\/wp-json\/wp\/v2\/media\/2991"}],"wp:attachment":[{"href":"https:\/\/bsartstudio.vn\/vi\/wp-json\/wp\/v2\/media?parent=3001"}],"wp:term":[{"taxonomy":"product_cat","embeddable":true,"href":"https:\/\/bsartstudio.vn\/vi\/wp-json\/wp\/v2\/product_cat?post=3001"},{"taxonomy":"product_tag","embeddable":true,"href":"https:\/\/bsartstudio.vn\/vi\/wp-json\/wp\/v2\/product_tag?post=3001"}],"curies":[{"name":"wp","href":"https:\/\/api.w.org\/{rel}","templated":true}]}}