{"id":2975,"date":"2020-08-28T15:05:11","date_gmt":"2020-08-28T08:05:11","guid":{"rendered":"https:\/\/bsartstudio.vn\/products\/trau-canh-phuong\/"},"modified":"2023-08-20T11:47:19","modified_gmt":"2023-08-20T04:47:19","slug":"trau-canh-phuong","status":"publish","type":"product","link":"https:\/\/bsartstudio.vn\/vi\/products\/trau-canh-phuong\/","title":{"rendered":"Tranh In &#8220;Tr\u1ea7u C\u00e1nh Ph\u01b0\u1ee3ng&#8221;"},"content":{"rendered":"<p><img decoding=\"async\" class=\"emoji\" role=\"img\" draggable=\"false\" src=\"https:\/\/s.w.org\/images\/core\/emoji\/13.0.0\/svg\/1f3a8.svg\" alt=\"\ud83c\udfa8\" \/> T\u00e1c ph\u1ea9m \u201cTr\u1ea7u C\u00e1nh Ph\u01b0\u1ee3ng&#8221;\u00a0<\/p>\n<p>Ch\u1ea5t li\u1ec7u: Gi\u1ea5y<\/p>\n<p>M\u00e0u: Ch\u00ec m\u00e0u<\/p>\n<p>K\u00edch th\u01b0\u1edbc: 25 cm x 20 cm\u00a0<\/p>\n","protected":false},"excerpt":{"rendered":"<div dir=\"auto\">T\u1eeb xa x\u01b0a, tr\u1ea7u cau \u0111\u00e3 \u0111i v\u00e0o th\u01a1 ca, huy\u1ec1n tho\u1ea1i, c\u1ed5 t\u00edch&#8230; ph\u1ea3n \u00e1nh nhi\u1ec1u n\u00e9t \u0111\u1eb9p v\u0103n h\u00f3a v\u1ec1 s\u1ef1 thu\u1eadn h\u00f2a, chung th\u1ee7y, t\u00ecnh y\u00eau th\u01b0\u01a1ng, h\u1ea1nh ph\u00fac trong gia \u0111\u00ecnh.<\/div>\n<div dir=\"auto\">\u00a0<\/div>\n<div dir=\"auto\">T\u1eeb m\u1ed9t th\u00f3i quen b\u00ecnh d\u1ecb, g\u1ea7n g\u0169i, k\u1ebft h\u1ee3p v\u1edbi ngh\u1ec7 thu\u1eadt \u0111i\u00eau kh\u1eafc, c\u1eaft t\u1ec9a t\u1ec9 m\u1ec9 \u0111\u00e3 t\u1ea1o n\u00ean ngh\u1ec7 thu\u1eadt &#8220;T\u00eam Tr\u1ea7u C\u00e1nh Ph\u01b0\u1ee3ng&#8221; v\u00e0 bi\u1ebfn mi\u1ebfng tr\u1ea7u tr\u1edf n\u00ean cao sang quy\u1ebfn r\u0169, mang \u0111\u1eadm b\u1ea3n s\u1eafc v\u0103n h\u00f3a ri\u00eang c\u1ee7a mi\u1ec1n B\u1eafc Vi\u1ec7t Nam.<\/div>\n","protected":false},"featured_media":7912,"template":"","meta":{"_et_pb_use_builder":"","_et_pb_old_content":"","_et_gb_content_width":""},"product_cat":[59,429,62],"product_tag":[391,389,453,390],"yoast_head":"<!-- This site is optimized with the Yoast SEO plugin v24.5 - https:\/\/yoast.com\/wordpress\/plugins\/seo\/ -->\n<title>Tranh In &quot;Tr\u1ea7u C\u00e1nh Ph\u01b0\u1ee3ng&quot; - B\/S Art Studio<\/title>\n<meta name=\"robots\" content=\"index, follow, max-snippet:-1, max-image-preview:large, max-video-preview:-1\" \/>\n<link rel=\"canonical\" href=\"https:\/\/bsartstudio.vn\/en\/products\/art-print-betel-and-areca-like-a-phoenix\/\" \/>\n<meta property=\"og:locale\" content=\"vi_VN\" \/>\n<meta property=\"og:type\" content=\"article\" \/>\n<meta property=\"og:title\" content=\"Tranh In &quot;Tr\u1ea7u C\u00e1nh Ph\u01b0\u1ee3ng&quot; - B\/S Art Studio\" \/>\n<meta property=\"og:description\" content=\"T\u1eeb xa x\u01b0a, tr\u1ea7u cau \u0111\u00e3 \u0111i v\u00e0o th\u01a1 ca, huy\u1ec1n tho\u1ea1i, c\u1ed5 t\u00edch... ph\u1ea3n \u00e1nh nhi\u1ec1u n\u00e9t \u0111\u1eb9p v\u0103n h\u00f3a v\u1ec1 s\u1ef1 thu\u1eadn h\u00f2a, chung th\u1ee7y, t\u00ecnh y\u00eau th\u01b0\u01a1ng, h\u1ea1nh ph\u00fac trong gia \u0111\u00ecnh. \u00a0 T\u1eeb m\u1ed9t th\u00f3i quen b\u00ecnh d\u1ecb, g\u1ea7n g\u0169i, k\u1ebft h\u1ee3p v\u1edbi ngh\u1ec7 thu\u1eadt \u0111i\u00eau kh\u1eafc, c\u1eaft t\u1ec9a t\u1ec9 m\u1ec9 \u0111\u00e3 t\u1ea1o n\u00ean ngh\u1ec7 thu\u1eadt &quot;T\u00eam Tr\u1ea7u C\u00e1nh Ph\u01b0\u1ee3ng&quot; v\u00e0 bi\u1ebfn mi\u1ebfng tr\u1ea7u tr\u1edf n\u00ean cao sang quy\u1ebfn r\u0169, mang \u0111\u1eadm b\u1ea3n s\u1eafc v\u0103n h\u00f3a ri\u00eang c\u1ee7a mi\u1ec1n B\u1eafc Vi\u1ec7t Nam.\" \/>\n<meta property=\"og:url\" content=\"https:\/\/bsartstudio.vn\/en\/products\/art-print-betel-and-areca-like-a-phoenix\/\" \/>\n<meta property=\"og:site_name\" content=\"B\/S Art Studio\" \/>\n<meta property=\"article:modified_time\" content=\"2023-08-20T04:47:19+00:00\" \/>\n<meta property=\"og:image\" content=\"https:\/\/bsartstudio.vn\/wp-content\/uploads\/2020\/08\/Nghe-nhan-tem-Trau-canh-Phuong.jpg\" \/>\n\t<meta property=\"og:image:width\" content=\"1920\" \/>\n\t<meta property=\"og:image:height\" content=\"1763\" \/>\n\t<meta property=\"og:image:type\" content=\"image\/jpeg\" \/>\n<meta name=\"twitter:card\" content=\"summary_large_image\" \/>\n<script type=\"application\/ld+json\" class=\"yoast-schema-graph\">{\"@context\":\"https:\/\/schema.org\",\"@graph\":[{\"@type\":\"WebPage\",\"@id\":\"https:\/\/bsartstudio.vn\/en\/products\/art-print-betel-and-areca-like-a-phoenix\/\",\"url\":\"https:\/\/bsartstudio.vn\/en\/products\/art-print-betel-and-areca-like-a-phoenix\/\",\"name\":\"Tranh In \\\"Tr\u1ea7u C\u00e1nh Ph\u01b0\u1ee3ng\\\" - B\/S Art Studio\",\"isPartOf\":{\"@id\":\"https:\/\/bsartstudio.vn\/ja\/#website\"},\"primaryImageOfPage\":{\"@id\":\"https:\/\/bsartstudio.vn\/en\/products\/art-print-betel-and-areca-like-a-phoenix\/#primaryimage\"},\"image\":{\"@id\":\"https:\/\/bsartstudio.vn\/en\/products\/art-print-betel-and-areca-like-a-phoenix\/#primaryimage\"},\"thumbnailUrl\":\"https:\/\/bsartstudio.vn\/wp-content\/uploads\/2020\/08\/Art-Prints-Vietnamese-Craftwoman-3.jpg\",\"datePublished\":\"2020-08-28T08:05:11+00:00\",\"dateModified\":\"2023-08-20T04:47:19+00:00\",\"breadcrumb\":{\"@id\":\"https:\/\/bsartstudio.vn\/en\/products\/art-print-betel-and-areca-like-a-phoenix\/#breadcrumb\"},\"inLanguage\":\"vi-VN\",\"potentialAction\":[{\"@type\":\"ReadAction\",\"target\":[\"https:\/\/bsartstudio.vn\/en\/products\/art-print-betel-and-areca-like-a-phoenix\/\"]}]},{\"@type\":\"ImageObject\",\"inLanguage\":\"vi-VN\",\"@id\":\"https:\/\/bsartstudio.vn\/en\/products\/art-print-betel-and-areca-like-a-phoenix\/#primaryimage\",\"url\":\"https:\/\/bsartstudio.vn\/wp-content\/uploads\/2020\/08\/Art-Prints-Vietnamese-Craftwoman-3.jpg\",\"contentUrl\":\"https:\/\/bsartstudio.vn\/wp-content\/uploads\/2020\/08\/Art-Prints-Vietnamese-Craftwoman-3.jpg\",\"width\":1920,\"height\":1920,\"caption\":\"Art Prints Vietnamese Craftwoman\"},{\"@type\":\"BreadcrumbList\",\"@id\":\"https:\/\/bsartstudio.vn\/en\/products\/art-print-betel-and-areca-like-a-phoenix\/#breadcrumb\",\"itemListElement\":[{\"@type\":\"ListItem\",\"position\":1,\"name\":\"Home\",\"item\":\"https:\/\/bsartstudio.vn\/en\/\"},{\"@type\":\"ListItem\",\"position\":2,\"name\":\"Shop\",\"item\":\"https:\/\/bsartstudio.vn\/en\/shop\/\"},{\"@type\":\"ListItem\",\"position\":3,\"name\":\"Tranh In &#8220;Tr\u1ea7u C\u00e1nh Ph\u01b0\u1ee3ng&#8221;\"}]},{\"@type\":\"WebSite\",\"@id\":\"https:\/\/bsartstudio.vn\/ja\/#website\",\"url\":\"https:\/\/bsartstudio.vn\/ja\/\",\"name\":\"B\/S Art Studio\",\"description\":\"\",\"publisher\":{\"@id\":\"https:\/\/bsartstudio.vn\/ja\/#organization\"},\"potentialAction\":[{\"@type\":\"SearchAction\",\"target\":{\"@type\":\"EntryPoint\",\"urlTemplate\":\"https:\/\/bsartstudio.vn\/ja\/?s={search_term_string}\"},\"query-input\":{\"@type\":\"PropertyValueSpecification\",\"valueRequired\":true,\"valueName\":\"search_term_string\"}}],\"inLanguage\":\"vi-VN\"},{\"@type\":\"Organization\",\"@id\":\"https:\/\/bsartstudio.vn\/ja\/#organization\",\"name\":\"B\/S Art Studio\",\"url\":\"https:\/\/bsartstudio.vn\/ja\/\",\"logo\":{\"@type\":\"ImageObject\",\"inLanguage\":\"vi-VN\",\"@id\":\"https:\/\/bsartstudio.vn\/ja\/#\/schema\/logo\/image\/\",\"url\":\"https:\/\/bsartstudio.vn\/wp-content\/uploads\/2020\/03\/54526018_2272576089468053_1525084505319145472_n.jpg\",\"contentUrl\":\"https:\/\/bsartstudio.vn\/wp-content\/uploads\/2020\/03\/54526018_2272576089468053_1525084505319145472_n.jpg\",\"width\":958,\"height\":958,\"caption\":\"B\/S Art Studio\"},\"image\":{\"@id\":\"https:\/\/bsartstudio.vn\/ja\/#\/schema\/logo\/image\/\"}}]}<\/script>\n<!-- \/ Yoast SEO plugin. -->","yoast_head_json":{"title":"Tranh In \"Tr\u1ea7u C\u00e1nh Ph\u01b0\u1ee3ng\" - B\/S Art Studio","robots":{"index":"index","follow":"follow","max-snippet":"max-snippet:-1","max-image-preview":"max-image-preview:large","max-video-preview":"max-video-preview:-1"},"canonical":"https:\/\/bsartstudio.vn\/en\/products\/art-print-betel-and-areca-like-a-phoenix\/","og_locale":"vi_VN","og_type":"article","og_title":"Tranh In \"Tr\u1ea7u C\u00e1nh Ph\u01b0\u1ee3ng\" - B\/S Art Studio","og_description":"T\u1eeb xa x\u01b0a, tr\u1ea7u cau \u0111\u00e3 \u0111i v\u00e0o th\u01a1 ca, huy\u1ec1n tho\u1ea1i, c\u1ed5 t\u00edch... ph\u1ea3n \u00e1nh nhi\u1ec1u n\u00e9t \u0111\u1eb9p v\u0103n h\u00f3a v\u1ec1 s\u1ef1 thu\u1eadn h\u00f2a, chung th\u1ee7y, t\u00ecnh y\u00eau th\u01b0\u01a1ng, h\u1ea1nh ph\u00fac trong gia \u0111\u00ecnh. \u00a0 T\u1eeb m\u1ed9t th\u00f3i quen b\u00ecnh d\u1ecb, g\u1ea7n g\u0169i, k\u1ebft h\u1ee3p v\u1edbi ngh\u1ec7 thu\u1eadt \u0111i\u00eau kh\u1eafc, c\u1eaft t\u1ec9a t\u1ec9 m\u1ec9 \u0111\u00e3 t\u1ea1o n\u00ean ngh\u1ec7 thu\u1eadt \"T\u00eam Tr\u1ea7u C\u00e1nh Ph\u01b0\u1ee3ng\" v\u00e0 bi\u1ebfn mi\u1ebfng tr\u1ea7u tr\u1edf n\u00ean cao sang quy\u1ebfn r\u0169, mang \u0111\u1eadm b\u1ea3n s\u1eafc v\u0103n h\u00f3a ri\u00eang c\u1ee7a mi\u1ec1n B\u1eafc Vi\u1ec7t Nam.","og_url":"https:\/\/bsartstudio.vn\/en\/products\/art-print-betel-and-areca-like-a-phoenix\/","og_site_name":"B\/S Art Studio","article_modified_time":"2023-08-20T04:47:19+00:00","og_image":[{"width":1920,"height":1763,"url":"https:\/\/bsartstudio.vn\/wp-content\/uploads\/2020\/08\/Nghe-nhan-tem-Trau-canh-Phuong.jpg","type":"image\/jpeg"}],"twitter_card":"summary_large_image","schema":{"@context":"https:\/\/schema.org","@graph":[{"@type":"WebPage","@id":"https:\/\/bsartstudio.vn\/en\/products\/art-print-betel-and-areca-like-a-phoenix\/","url":"https:\/\/bsartstudio.vn\/en\/products\/art-print-betel-and-areca-like-a-phoenix\/","name":"Tranh In \"Tr\u1ea7u C\u00e1nh Ph\u01b0\u1ee3ng\" - B\/S Art Studio","isPartOf":{"@id":"https:\/\/bsartstudio.vn\/ja\/#website"},"primaryImageOfPage":{"@id":"https:\/\/bsartstudio.vn\/en\/products\/art-print-betel-and-areca-like-a-phoenix\/#primaryimage"},"image":{"@id":"https:\/\/bsartstudio.vn\/en\/products\/art-print-betel-and-areca-like-a-phoenix\/#primaryimage"},"thumbnailUrl":"https:\/\/bsartstudio.vn\/wp-content\/uploads\/2020\/08\/Art-Prints-Vietnamese-Craftwoman-3.jpg","datePublished":"2020-08-28T08:05:11+00:00","dateModified":"2023-08-20T04:47:19+00:00","breadcrumb":{"@id":"https:\/\/bsartstudio.vn\/en\/products\/art-print-betel-and-areca-like-a-phoenix\/#breadcrumb"},"inLanguage":"vi-VN","potentialAction":[{"@type":"ReadAction","target":["https:\/\/bsartstudio.vn\/en\/products\/art-print-betel-and-areca-like-a-phoenix\/"]}]},{"@type":"ImageObject","inLanguage":"vi-VN","@id":"https:\/\/bsartstudio.vn\/en\/products\/art-print-betel-and-areca-like-a-phoenix\/#primaryimage","url":"https:\/\/bsartstudio.vn\/wp-content\/uploads\/2020\/08\/Art-Prints-Vietnamese-Craftwoman-3.jpg","contentUrl":"https:\/\/bsartstudio.vn\/wp-content\/uploads\/2020\/08\/Art-Prints-Vietnamese-Craftwoman-3.jpg","width":1920,"height":1920,"caption":"Art Prints Vietnamese Craftwoman"},{"@type":"BreadcrumbList","@id":"https:\/\/bsartstudio.vn\/en\/products\/art-print-betel-and-areca-like-a-phoenix\/#breadcrumb","itemListElement":[{"@type":"ListItem","position":1,"name":"Home","item":"https:\/\/bsartstudio.vn\/en\/"},{"@type":"ListItem","position":2,"name":"Shop","item":"https:\/\/bsartstudio.vn\/en\/shop\/"},{"@type":"ListItem","position":3,"name":"Tranh In &#8220;Tr\u1ea7u C\u00e1nh Ph\u01b0\u1ee3ng&#8221;"}]},{"@type":"WebSite","@id":"https:\/\/bsartstudio.vn\/ja\/#website","url":"https:\/\/bsartstudio.vn\/ja\/","name":"B\/S Art Studio","description":"","publisher":{"@id":"https:\/\/bsartstudio.vn\/ja\/#organization"},"potentialAction":[{"@type":"SearchAction","target":{"@type":"EntryPoint","urlTemplate":"https:\/\/bsartstudio.vn\/ja\/?s={search_term_string}"},"query-input":{"@type":"PropertyValueSpecification","valueRequired":true,"valueName":"search_term_string"}}],"inLanguage":"vi-VN"},{"@type":"Organization","@id":"https:\/\/bsartstudio.vn\/ja\/#organization","name":"B\/S Art Studio","url":"https:\/\/bsartstudio.vn\/ja\/","logo":{"@type":"ImageObject","inLanguage":"vi-VN","@id":"https:\/\/bsartstudio.vn\/ja\/#\/schema\/logo\/image\/","url":"https:\/\/bsartstudio.vn\/wp-content\/uploads\/2020\/03\/54526018_2272576089468053_1525084505319145472_n.jpg","contentUrl":"https:\/\/bsartstudio.vn\/wp-content\/uploads\/2020\/03\/54526018_2272576089468053_1525084505319145472_n.jpg","width":958,"height":958,"caption":"B\/S Art Studio"},"image":{"@id":"https:\/\/bsartstudio.vn\/ja\/#\/schema\/logo\/image\/"}}]}},"_links":{"self":[{"href":"https:\/\/bsartstudio.vn\/vi\/wp-json\/wp\/v2\/product\/2975"}],"collection":[{"href":"https:\/\/bsartstudio.vn\/vi\/wp-json\/wp\/v2\/product"}],"about":[{"href":"https:\/\/bsartstudio.vn\/vi\/wp-json\/wp\/v2\/types\/product"}],"wp:featuredmedia":[{"embeddable":true,"href":"https:\/\/bsartstudio.vn\/vi\/wp-json\/wp\/v2\/media\/7912"}],"wp:attachment":[{"href":"https:\/\/bsartstudio.vn\/vi\/wp-json\/wp\/v2\/media?parent=2975"}],"wp:term":[{"taxonomy":"product_cat","embeddable":true,"href":"https:\/\/bsartstudio.vn\/vi\/wp-json\/wp\/v2\/product_cat?post=2975"},{"taxonomy":"product_tag","embeddable":true,"href":"https:\/\/bsartstudio.vn\/vi\/wp-json\/wp\/v2\/product_tag?post=2975"}],"curies":[{"name":"wp","href":"https:\/\/api.w.org\/{rel}","templated":true}]}}