{"id":2974,"date":"2020-09-17T15:14:27","date_gmt":"2020-09-17T08:14:27","guid":{"rendered":"https:\/\/bsartstudio.vn\/products\/mua-lan\/"},"modified":"2022-11-20T15:08:42","modified_gmt":"2022-11-20T08:08:42","slug":"mua-lan","status":"publish","type":"product","link":"https:\/\/bsartstudio.vn\/vi\/products\/mua-lan\/","title":{"rendered":"&#8220;M\u00faa L\u00e2n&#8221;"},"content":{"rendered":"<p><img decoding=\"async\" class=\"emoji\" role=\"img\" draggable=\"false\" src=\"https:\/\/s.w.org\/images\/core\/emoji\/13.0.0\/svg\/1f3a8.svg\" alt=\"\ud83c\udfa8\" \/> T\u00e1c ph\u1ea9m &#8220;M\u00faa L\u00e2n&#8221;<\/p>\n<p>Ch\u1ea5t li\u1ec7u: Canvas<\/p>\n<p>M\u00e0u: Acrylic<\/p>\n<p>K\u00edch th\u01b0\u1edbc: 80 cm x 60 cm\u00a0<\/p>\n","protected":false},"excerpt":{"rendered":"<div dir=\"auto\"><span class=\"pq6dq46d tbxw36s4 knj5qynh kvgmc6g5 ditlmg2l oygrvhab nvdbi5me sf5mxxl7 gl3lb2sf hhz5lgdu\"><img loading=\"lazy\" decoding=\"async\" src=\"https:\/\/static.xx.fbcdn.net\/images\/emoji.php\/v9\/tf4\/1\/16\/2728.png\" alt=\"\u2728\" width=\"16\" height=\"16\" \/><\/span> Truy\u1ec1n thuy\u1ebft k\u1ec3 r\u1eb1ng \u0110\u1ee9c Di L\u1eb7c-m\u1ed9t v\u1ecb Ph\u1eadt l\u00fac n\u00e0o c\u0169ng t\u01b0\u01a1i vui hi\u1ec1n l\u00e0nh \u0111\u00e3 h\u00f3a th\u00e2n th\u00e0nh \u00f4ng \u0110\u1ecba v\u00e0 ch\u1ebf ng\u1ef1 \u0111\u01b0\u1ee3c m\u1ed9t qu\u00e1i v\u1eadt (con L\u00e2n) t\u1eeb d\u01b0\u1edbi bi\u1ec3n l\u00ean b\u1edd ph\u00e1 ho\u1ea1i. \u00d4ng l\u1ea5y c\u1ecf linh chi tr\u00ean n\u00fai cho qu\u00e1i v\u1eadt \u0103n v\u00e0 h\u00e0ng ph\u1ee5c \u0111\u01b0\u1ee3c n\u00f3, bi\u1ebfn n\u00f3 th\u00e0nh con th\u00fa \u0103n th\u1ef1c v\u1eadt. C\u1ea3nh \u00f4ng \u0110\u1ecba vu\u1ed1t ve L\u00e2n v\u00e0 L\u00e2n vui \u0111\u00f9a v\u1edbi \u00f4ng \u0110\u1ecba, th\u1ec3 hi\u1ec7n \u0111\u01b0\u1ee3c t\u00ecnh c\u1ea3m v\u00e0 s\u1ef1 h\u00f2a h\u1ee3p s\u00e2u s\u1eafc gi\u1eefa lo\u00e0i v\u1eadt v\u00e0 lo\u00e0i ng\u01b0\u1eddi trong m\u1ed9t b\u1ea7u kh\u00f4ng kh\u00ed thanh b\u00ecnh, hoan l\u1ea1c.<\/div>\n<div dir=\"auto\">\u00a0<\/div>\n<div dir=\"auto\"><span class=\"pq6dq46d tbxw36s4 knj5qynh kvgmc6g5 ditlmg2l oygrvhab nvdbi5me sf5mxxl7 gl3lb2sf hhz5lgdu\"><img loading=\"lazy\" decoding=\"async\" src=\"https:\/\/static.xx.fbcdn.net\/images\/emoji.php\/v9\/t2b\/1\/16\/1f432.png\" alt=\"\ud83d\udc32\" width=\"16\" height=\"16\" \/><\/span> Trong b\u1ea7u kh\u00f4ng kh\u00ed vui nh\u1ed9n c\u1ee7a \u0111\u00eam Trung Thu, h\u00ecnh \u1ea3nh \u0111i\u1ec7u m\u00faa L\u00e2n l\u00e0 t\u00e1i hi\u1ec7n l\u1ea1i t\u00edch x\u01b0a b\u1eb1ng nh\u1eefng \u0111i\u1ec7u nh\u1ea3y \u00d4ng \u0110\u1ecba vui \u0111\u00f9a v\u1edbi ch\u00fa L\u00e2n l\u00e0m kh\u00f4ng kh\u00ed th\u00eam n\u00e1o nhi\u1ec7t v\u00e0 \u0111\u1ea7m \u1ea5m.<\/div>\n","protected":false},"featured_media":2972,"template":"","meta":{"_et_pb_use_builder":"","_et_pb_old_content":"","_et_gb_content_width":""},"product_cat":[59,296,430],"product_tag":[],"yoast_head":"<!-- This site is optimized with the Yoast SEO plugin v24.5 - https:\/\/yoast.com\/wordpress\/plugins\/seo\/ -->\n<title>&quot;M\u00faa L\u00e2n&quot; - B\/S Art Studio<\/title>\n<meta name=\"robots\" content=\"index, follow, max-snippet:-1, max-image-preview:large, max-video-preview:-1\" \/>\n<link rel=\"canonical\" href=\"https:\/\/bsartstudio.vn\/vi\/products\/mua-lan\/\" \/>\n<meta property=\"og:locale\" content=\"vi_VN\" \/>\n<meta property=\"og:type\" content=\"article\" \/>\n<meta property=\"og:title\" content=\"&quot;M\u00faa L\u00e2n&quot; - B\/S Art Studio\" \/>\n<meta property=\"og:description\" content=\"Truy\u1ec1n thuy\u1ebft k\u1ec3 r\u1eb1ng \u0110\u1ee9c Di L\u1eb7c-m\u1ed9t v\u1ecb Ph\u1eadt l\u00fac n\u00e0o c\u0169ng t\u01b0\u01a1i vui hi\u1ec1n l\u00e0nh \u0111\u00e3 h\u00f3a th\u00e2n th\u00e0nh \u00f4ng \u0110\u1ecba v\u00e0 ch\u1ebf ng\u1ef1 \u0111\u01b0\u1ee3c m\u1ed9t qu\u00e1i v\u1eadt (con L\u00e2n) t\u1eeb d\u01b0\u1edbi bi\u1ec3n l\u00ean b\u1edd ph\u00e1 ho\u1ea1i. \u00d4ng l\u1ea5y c\u1ecf linh chi tr\u00ean n\u00fai cho qu\u00e1i v\u1eadt \u0103n v\u00e0 h\u00e0ng ph\u1ee5c \u0111\u01b0\u1ee3c n\u00f3, bi\u1ebfn n\u00f3 th\u00e0nh con th\u00fa \u0103n th\u1ef1c v\u1eadt. C\u1ea3nh \u00f4ng \u0110\u1ecba vu\u1ed1t ve L\u00e2n v\u00e0 L\u00e2n vui \u0111\u00f9a v\u1edbi \u00f4ng \u0110\u1ecba, th\u1ec3 hi\u1ec7n \u0111\u01b0\u1ee3c t\u00ecnh c\u1ea3m v\u00e0 s\u1ef1 h\u00f2a h\u1ee3p s\u00e2u s\u1eafc gi\u1eefa lo\u00e0i v\u1eadt v\u00e0 lo\u00e0i ng\u01b0\u1eddi trong m\u1ed9t b\u1ea7u kh\u00f4ng kh\u00ed thanh b\u00ecnh, hoan l\u1ea1c. \u00a0  Trong b\u1ea7u kh\u00f4ng kh\u00ed vui nh\u1ed9n c\u1ee7a \u0111\u00eam Trung Thu, h\u00ecnh \u1ea3nh \u0111i\u1ec7u m\u00faa L\u00e2n l\u00e0 t\u00e1i hi\u1ec7n l\u1ea1i t\u00edch x\u01b0a b\u1eb1ng nh\u1eefng \u0111i\u1ec7u nh\u1ea3y \u00d4ng \u0110\u1ecba vui \u0111\u00f9a v\u1edbi ch\u00fa L\u00e2n l\u00e0m kh\u00f4ng kh\u00ed th\u00eam n\u00e1o nhi\u1ec7t v\u00e0 \u0111\u1ea7m \u1ea5m.\" \/>\n<meta property=\"og:url\" content=\"https:\/\/bsartstudio.vn\/vi\/products\/mua-lan\/\" \/>\n<meta property=\"og:site_name\" content=\"B\/S Art Studio\" \/>\n<meta property=\"article:modified_time\" content=\"2022-11-20T08:08:42+00:00\" \/>\n<meta property=\"og:image\" content=\"https:\/\/bsartstudio.vn\/wp-content\/uploads\/2020\/09\/118966047_3449964595062524_7283738571129268755_o.jpg\" \/>\n\t<meta property=\"og:image:width\" content=\"2048\" \/>\n\t<meta property=\"og:image:height\" content=\"1572\" \/>\n\t<meta property=\"og:image:type\" content=\"image\/jpeg\" \/>\n<meta name=\"twitter:card\" content=\"summary_large_image\" \/>\n<script type=\"application\/ld+json\" class=\"yoast-schema-graph\">{\"@context\":\"https:\/\/schema.org\",\"@graph\":[{\"@type\":\"WebPage\",\"@id\":\"https:\/\/bsartstudio.vn\/vi\/products\/mua-lan\/\",\"url\":\"https:\/\/bsartstudio.vn\/vi\/products\/mua-lan\/\",\"name\":\"\\\"M\u00faa L\u00e2n\\\" - B\/S Art Studio\",\"isPartOf\":{\"@id\":\"https:\/\/bsartstudio.vn\/ja\/#website\"},\"primaryImageOfPage\":{\"@id\":\"https:\/\/bsartstudio.vn\/vi\/products\/mua-lan\/#primaryimage\"},\"image\":{\"@id\":\"https:\/\/bsartstudio.vn\/vi\/products\/mua-lan\/#primaryimage\"},\"thumbnailUrl\":\"https:\/\/bsartstudio.vn\/wp-content\/uploads\/2020\/09\/118966047_3449964595062524_7283738571129268755_o.jpg\",\"datePublished\":\"2020-09-17T08:14:27+00:00\",\"dateModified\":\"2022-11-20T08:08:42+00:00\",\"breadcrumb\":{\"@id\":\"https:\/\/bsartstudio.vn\/vi\/products\/mua-lan\/#breadcrumb\"},\"inLanguage\":\"vi-VN\",\"potentialAction\":[{\"@type\":\"ReadAction\",\"target\":[\"https:\/\/bsartstudio.vn\/vi\/products\/mua-lan\/\"]}]},{\"@type\":\"ImageObject\",\"inLanguage\":\"vi-VN\",\"@id\":\"https:\/\/bsartstudio.vn\/vi\/products\/mua-lan\/#primaryimage\",\"url\":\"https:\/\/bsartstudio.vn\/wp-content\/uploads\/2020\/09\/118966047_3449964595062524_7283738571129268755_o.jpg\",\"contentUrl\":\"https:\/\/bsartstudio.vn\/wp-content\/uploads\/2020\/09\/118966047_3449964595062524_7283738571129268755_o.jpg\",\"width\":2048,\"height\":1572},{\"@type\":\"BreadcrumbList\",\"@id\":\"https:\/\/bsartstudio.vn\/vi\/products\/mua-lan\/#breadcrumb\",\"itemListElement\":[{\"@type\":\"ListItem\",\"position\":1,\"name\":\"Home\",\"item\":\"https:\/\/bsartstudio.vn\/en\/\"},{\"@type\":\"ListItem\",\"position\":2,\"name\":\"Shop\",\"item\":\"https:\/\/bsartstudio.vn\/en\/shop\/\"},{\"@type\":\"ListItem\",\"position\":3,\"name\":\"&#8220;M\u00faa L\u00e2n&#8221;\"}]},{\"@type\":\"WebSite\",\"@id\":\"https:\/\/bsartstudio.vn\/ja\/#website\",\"url\":\"https:\/\/bsartstudio.vn\/ja\/\",\"name\":\"B\/S Art Studio\",\"description\":\"\",\"publisher\":{\"@id\":\"https:\/\/bsartstudio.vn\/ja\/#organization\"},\"potentialAction\":[{\"@type\":\"SearchAction\",\"target\":{\"@type\":\"EntryPoint\",\"urlTemplate\":\"https:\/\/bsartstudio.vn\/ja\/?s={search_term_string}\"},\"query-input\":{\"@type\":\"PropertyValueSpecification\",\"valueRequired\":true,\"valueName\":\"search_term_string\"}}],\"inLanguage\":\"vi-VN\"},{\"@type\":\"Organization\",\"@id\":\"https:\/\/bsartstudio.vn\/ja\/#organization\",\"name\":\"B\/S Art Studio\",\"url\":\"https:\/\/bsartstudio.vn\/ja\/\",\"logo\":{\"@type\":\"ImageObject\",\"inLanguage\":\"vi-VN\",\"@id\":\"https:\/\/bsartstudio.vn\/ja\/#\/schema\/logo\/image\/\",\"url\":\"https:\/\/bsartstudio.vn\/wp-content\/uploads\/2020\/03\/54526018_2272576089468053_1525084505319145472_n.jpg\",\"contentUrl\":\"https:\/\/bsartstudio.vn\/wp-content\/uploads\/2020\/03\/54526018_2272576089468053_1525084505319145472_n.jpg\",\"width\":958,\"height\":958,\"caption\":\"B\/S Art Studio\"},\"image\":{\"@id\":\"https:\/\/bsartstudio.vn\/ja\/#\/schema\/logo\/image\/\"}}]}<\/script>\n<!-- \/ Yoast SEO plugin. -->","yoast_head_json":{"title":"\"M\u00faa L\u00e2n\" - B\/S Art Studio","robots":{"index":"index","follow":"follow","max-snippet":"max-snippet:-1","max-image-preview":"max-image-preview:large","max-video-preview":"max-video-preview:-1"},"canonical":"https:\/\/bsartstudio.vn\/vi\/products\/mua-lan\/","og_locale":"vi_VN","og_type":"article","og_title":"\"M\u00faa L\u00e2n\" - B\/S Art Studio","og_description":"Truy\u1ec1n thuy\u1ebft k\u1ec3 r\u1eb1ng \u0110\u1ee9c Di L\u1eb7c-m\u1ed9t v\u1ecb Ph\u1eadt l\u00fac n\u00e0o c\u0169ng t\u01b0\u01a1i vui hi\u1ec1n l\u00e0nh \u0111\u00e3 h\u00f3a th\u00e2n th\u00e0nh \u00f4ng \u0110\u1ecba v\u00e0 ch\u1ebf ng\u1ef1 \u0111\u01b0\u1ee3c m\u1ed9t qu\u00e1i v\u1eadt (con L\u00e2n) t\u1eeb d\u01b0\u1edbi bi\u1ec3n l\u00ean b\u1edd ph\u00e1 ho\u1ea1i. \u00d4ng l\u1ea5y c\u1ecf linh chi tr\u00ean n\u00fai cho qu\u00e1i v\u1eadt \u0103n v\u00e0 h\u00e0ng ph\u1ee5c \u0111\u01b0\u1ee3c n\u00f3, bi\u1ebfn n\u00f3 th\u00e0nh con th\u00fa \u0103n th\u1ef1c v\u1eadt. C\u1ea3nh \u00f4ng \u0110\u1ecba vu\u1ed1t ve L\u00e2n v\u00e0 L\u00e2n vui \u0111\u00f9a v\u1edbi \u00f4ng \u0110\u1ecba, th\u1ec3 hi\u1ec7n \u0111\u01b0\u1ee3c t\u00ecnh c\u1ea3m v\u00e0 s\u1ef1 h\u00f2a h\u1ee3p s\u00e2u s\u1eafc gi\u1eefa lo\u00e0i v\u1eadt v\u00e0 lo\u00e0i ng\u01b0\u1eddi trong m\u1ed9t b\u1ea7u kh\u00f4ng kh\u00ed thanh b\u00ecnh, hoan l\u1ea1c. \u00a0  Trong b\u1ea7u kh\u00f4ng kh\u00ed vui nh\u1ed9n c\u1ee7a \u0111\u00eam Trung Thu, h\u00ecnh \u1ea3nh \u0111i\u1ec7u m\u00faa L\u00e2n l\u00e0 t\u00e1i hi\u1ec7n l\u1ea1i t\u00edch x\u01b0a b\u1eb1ng nh\u1eefng \u0111i\u1ec7u nh\u1ea3y \u00d4ng \u0110\u1ecba vui \u0111\u00f9a v\u1edbi ch\u00fa L\u00e2n l\u00e0m kh\u00f4ng kh\u00ed th\u00eam n\u00e1o nhi\u1ec7t v\u00e0 \u0111\u1ea7m \u1ea5m.","og_url":"https:\/\/bsartstudio.vn\/vi\/products\/mua-lan\/","og_site_name":"B\/S Art Studio","article_modified_time":"2022-11-20T08:08:42+00:00","og_image":[{"width":2048,"height":1572,"url":"https:\/\/bsartstudio.vn\/wp-content\/uploads\/2020\/09\/118966047_3449964595062524_7283738571129268755_o.jpg","type":"image\/jpeg"}],"twitter_card":"summary_large_image","schema":{"@context":"https:\/\/schema.org","@graph":[{"@type":"WebPage","@id":"https:\/\/bsartstudio.vn\/vi\/products\/mua-lan\/","url":"https:\/\/bsartstudio.vn\/vi\/products\/mua-lan\/","name":"\"M\u00faa L\u00e2n\" - B\/S Art Studio","isPartOf":{"@id":"https:\/\/bsartstudio.vn\/ja\/#website"},"primaryImageOfPage":{"@id":"https:\/\/bsartstudio.vn\/vi\/products\/mua-lan\/#primaryimage"},"image":{"@id":"https:\/\/bsartstudio.vn\/vi\/products\/mua-lan\/#primaryimage"},"thumbnailUrl":"https:\/\/bsartstudio.vn\/wp-content\/uploads\/2020\/09\/118966047_3449964595062524_7283738571129268755_o.jpg","datePublished":"2020-09-17T08:14:27+00:00","dateModified":"2022-11-20T08:08:42+00:00","breadcrumb":{"@id":"https:\/\/bsartstudio.vn\/vi\/products\/mua-lan\/#breadcrumb"},"inLanguage":"vi-VN","potentialAction":[{"@type":"ReadAction","target":["https:\/\/bsartstudio.vn\/vi\/products\/mua-lan\/"]}]},{"@type":"ImageObject","inLanguage":"vi-VN","@id":"https:\/\/bsartstudio.vn\/vi\/products\/mua-lan\/#primaryimage","url":"https:\/\/bsartstudio.vn\/wp-content\/uploads\/2020\/09\/118966047_3449964595062524_7283738571129268755_o.jpg","contentUrl":"https:\/\/bsartstudio.vn\/wp-content\/uploads\/2020\/09\/118966047_3449964595062524_7283738571129268755_o.jpg","width":2048,"height":1572},{"@type":"BreadcrumbList","@id":"https:\/\/bsartstudio.vn\/vi\/products\/mua-lan\/#breadcrumb","itemListElement":[{"@type":"ListItem","position":1,"name":"Home","item":"https:\/\/bsartstudio.vn\/en\/"},{"@type":"ListItem","position":2,"name":"Shop","item":"https:\/\/bsartstudio.vn\/en\/shop\/"},{"@type":"ListItem","position":3,"name":"&#8220;M\u00faa L\u00e2n&#8221;"}]},{"@type":"WebSite","@id":"https:\/\/bsartstudio.vn\/ja\/#website","url":"https:\/\/bsartstudio.vn\/ja\/","name":"B\/S Art Studio","description":"","publisher":{"@id":"https:\/\/bsartstudio.vn\/ja\/#organization"},"potentialAction":[{"@type":"SearchAction","target":{"@type":"EntryPoint","urlTemplate":"https:\/\/bsartstudio.vn\/ja\/?s={search_term_string}"},"query-input":{"@type":"PropertyValueSpecification","valueRequired":true,"valueName":"search_term_string"}}],"inLanguage":"vi-VN"},{"@type":"Organization","@id":"https:\/\/bsartstudio.vn\/ja\/#organization","name":"B\/S Art Studio","url":"https:\/\/bsartstudio.vn\/ja\/","logo":{"@type":"ImageObject","inLanguage":"vi-VN","@id":"https:\/\/bsartstudio.vn\/ja\/#\/schema\/logo\/image\/","url":"https:\/\/bsartstudio.vn\/wp-content\/uploads\/2020\/03\/54526018_2272576089468053_1525084505319145472_n.jpg","contentUrl":"https:\/\/bsartstudio.vn\/wp-content\/uploads\/2020\/03\/54526018_2272576089468053_1525084505319145472_n.jpg","width":958,"height":958,"caption":"B\/S Art Studio"},"image":{"@id":"https:\/\/bsartstudio.vn\/ja\/#\/schema\/logo\/image\/"}}]}},"_links":{"self":[{"href":"https:\/\/bsartstudio.vn\/vi\/wp-json\/wp\/v2\/product\/2974"}],"collection":[{"href":"https:\/\/bsartstudio.vn\/vi\/wp-json\/wp\/v2\/product"}],"about":[{"href":"https:\/\/bsartstudio.vn\/vi\/wp-json\/wp\/v2\/types\/product"}],"wp:featuredmedia":[{"embeddable":true,"href":"https:\/\/bsartstudio.vn\/vi\/wp-json\/wp\/v2\/media\/2972"}],"wp:attachment":[{"href":"https:\/\/bsartstudio.vn\/vi\/wp-json\/wp\/v2\/media?parent=2974"}],"wp:term":[{"taxonomy":"product_cat","embeddable":true,"href":"https:\/\/bsartstudio.vn\/vi\/wp-json\/wp\/v2\/product_cat?post=2974"},{"taxonomy":"product_tag","embeddable":true,"href":"https:\/\/bsartstudio.vn\/vi\/wp-json\/wp\/v2\/product_tag?post=2974"}],"curies":[{"name":"wp","href":"https:\/\/api.w.org\/{rel}","templated":true}]}}