{"id":2867,"date":"2020-06-29T13:39:47","date_gmt":"2020-06-29T06:39:47","guid":{"rendered":"https:\/\/bsartstudio.vn\/products\/nghe-nhan-huong-tram\/"},"modified":"2023-08-20T11:49:27","modified_gmt":"2023-08-20T04:49:27","slug":"nghe-nhan-huong-tram","status":"publish","type":"product","link":"https:\/\/bsartstudio.vn\/vi\/products\/nghe-nhan-huong-tram\/","title":{"rendered":"Tranh In &#8220;Ngh\u1ec7 Nh\u00e2n H\u01b0\u01a1ng Tr\u1ea7m&#8221;"},"content":{"rendered":"<p><span class=\"_5mfr\"><span class=\"_6qdm\">\ud83c\udfa8<\/span><\/span> T\u00e1c ph\u1ea9m &#8220;Ngh\u1ec7 Nh\u00e2n H\u01b0\u01a1ng Tr\u1ea7m\u201d<\/p>\n<p>Ch\u1ea5t li\u1ec7u: Gi\u1ea5y<\/p>\n<p>M\u00e0u: Ch\u00ec M\u00e0u<\/p>\n<p>K\u00edch th\u01b0\u1edbc: 32 cm x 26 cm\u00a0<\/p>\n","protected":false},"excerpt":{"rendered":"<p>&#8220;B\u1ea7n th\u1ea7n h\u01b0\u01a1ng hu\u1ec7 th\u01a1m \u0111\u00eam<\/p>\n<p>Kh\u00f3i nhang v\u1ebd n\u1ebbo \u0111\u01b0\u1eddng l\u00ean ni\u1ebft b\u00e0n&#8221;<\/p>\n<p>(Tr\u00edch th\u01a1 Nguy\u1ec5n Duy)<\/p>\n<p>S\u1ef1 b\u1ec1n v\u1eefng c\u1ee7a m\u1ed9t ng\u00e0nh ngh\u1ec1 l\u00e0 khi ng\u00e0nh ngh\u1ec1 \u0111\u00f3 mang gi\u00e1 tr\u1ecb \u0111\u1ea1o \u0111\u1ee9c, nh\u00e2n v\u0103n, ph\u1ee5c v\u1ee5 v\u0103n h\u00f3a \u0111\u1eddi s\u1ed1ng tinh th\u1ea7n d\u00e2n t\u1ed9c \u0111\u00f3.<\/p>\n<p>Th\u1eafp n\u00e9n t\u00e2m nhang, d\u00e2ng l\u00ean b\u00e0n th\u1edd gia ti\u00ean \u0111\u00e3 \u0111i s\u00e2u v\u00e0o n\u1ebfp s\u1ed1ng c\u1ee7a m\u1ecdi nh\u00e0 v\u00e0 \u0111\u00e3 tr\u1edf th\u00e0nh n\u00e9t \u0111\u1eb9p truy\u1ec1n th\u1ed1ng Vi\u1ec7t Nam mang gi\u00e1 tr\u1ecb v\u0103n h\u00f3a U\u1ed1ng n\u01b0\u1edbc nh\u1edb ngu\u1ed3n, n\u00e9t \u0111\u1eb9p \u0111\u1eddi s\u1ed1ng t\u00e2m linh t\u1eeb ng\u00e0n x\u01b0a.<\/p>\n","protected":false},"featured_media":7930,"template":"","meta":{"_et_pb_use_builder":"","_et_pb_old_content":"","_et_gb_content_width":""},"product_cat":[59,429,62],"product_tag":[397,391,389,390,396],"yoast_head":"<!-- This site is optimized with the Yoast SEO plugin v24.5 - https:\/\/yoast.com\/wordpress\/plugins\/seo\/ -->\n<title>Tranh In &quot;Ngh\u1ec7 Nh\u00e2n H\u01b0\u01a1ng Tr\u1ea7m&quot; - B\/S Art Studio<\/title>\n<meta name=\"robots\" content=\"index, follow, max-snippet:-1, max-image-preview:large, max-video-preview:-1\" \/>\n<link rel=\"canonical\" href=\"https:\/\/bsartstudio.vn\/en\/products\/art-print-craftswoman-making-incense\/\" \/>\n<meta property=\"og:locale\" content=\"vi_VN\" \/>\n<meta property=\"og:type\" content=\"article\" \/>\n<meta property=\"og:title\" content=\"Tranh In &quot;Ngh\u1ec7 Nh\u00e2n H\u01b0\u01a1ng Tr\u1ea7m&quot; - B\/S Art Studio\" \/>\n<meta property=\"og:description\" content=\"&quot;B\u1ea7n th\u1ea7n h\u01b0\u01a1ng hu\u1ec7 th\u01a1m \u0111\u00eam Kh\u00f3i nhang v\u1ebd n\u1ebbo \u0111\u01b0\u1eddng l\u00ean ni\u1ebft b\u00e0n&quot; (Tr\u00edch th\u01a1 Nguy\u1ec5n Duy) S\u1ef1 b\u1ec1n v\u1eefng c\u1ee7a m\u1ed9t ng\u00e0nh ngh\u1ec1 l\u00e0 khi ng\u00e0nh ngh\u1ec1 \u0111\u00f3 mang gi\u00e1 tr\u1ecb \u0111\u1ea1o \u0111\u1ee9c, nh\u00e2n v\u0103n, ph\u1ee5c v\u1ee5 v\u0103n h\u00f3a \u0111\u1eddi s\u1ed1ng tinh th\u1ea7n d\u00e2n t\u1ed9c \u0111\u00f3. Th\u1eafp n\u00e9n t\u00e2m nhang, d\u00e2ng l\u00ean b\u00e0n th\u1edd gia ti\u00ean \u0111\u00e3 \u0111i s\u00e2u v\u00e0o n\u1ebfp s\u1ed1ng c\u1ee7a m\u1ecdi nh\u00e0 v\u00e0 \u0111\u00e3 tr\u1edf th\u00e0nh n\u00e9t \u0111\u1eb9p truy\u1ec1n th\u1ed1ng Vi\u1ec7t Nam mang gi\u00e1 tr\u1ecb v\u0103n h\u00f3a U\u1ed1ng n\u01b0\u1edbc nh\u1edb ngu\u1ed3n, n\u00e9t \u0111\u1eb9p \u0111\u1eddi s\u1ed1ng t\u00e2m linh t\u1eeb ng\u00e0n x\u01b0a.\" \/>\n<meta property=\"og:url\" content=\"https:\/\/bsartstudio.vn\/en\/products\/art-print-craftswoman-making-incense\/\" \/>\n<meta property=\"og:site_name\" content=\"B\/S Art Studio\" \/>\n<meta property=\"article:modified_time\" content=\"2023-08-20T04:49:27+00:00\" \/>\n<meta property=\"og:image\" content=\"https:\/\/bsartstudio.vn\/wp-content\/uploads\/2020\/06\/ngh\u1ec7-nh\u00e2n-l\u00e0m-l\u1ecdng.jpg\" \/>\n\t<meta property=\"og:image:width\" content=\"1920\" \/>\n\t<meta property=\"og:image:height\" content=\"1454\" \/>\n\t<meta property=\"og:image:type\" content=\"image\/jpeg\" \/>\n<meta name=\"twitter:card\" content=\"summary_large_image\" \/>\n<script type=\"application\/ld+json\" class=\"yoast-schema-graph\">{\"@context\":\"https:\/\/schema.org\",\"@graph\":[{\"@type\":\"WebPage\",\"@id\":\"https:\/\/bsartstudio.vn\/en\/products\/art-print-craftswoman-making-incense\/\",\"url\":\"https:\/\/bsartstudio.vn\/en\/products\/art-print-craftswoman-making-incense\/\",\"name\":\"Tranh In \\\"Ngh\u1ec7 Nh\u00e2n H\u01b0\u01a1ng Tr\u1ea7m\\\" - B\/S Art Studio\",\"isPartOf\":{\"@id\":\"https:\/\/bsartstudio.vn\/ja\/#website\"},\"primaryImageOfPage\":{\"@id\":\"https:\/\/bsartstudio.vn\/en\/products\/art-print-craftswoman-making-incense\/#primaryimage\"},\"image\":{\"@id\":\"https:\/\/bsartstudio.vn\/en\/products\/art-print-craftswoman-making-incense\/#primaryimage\"},\"thumbnailUrl\":\"https:\/\/bsartstudio.vn\/wp-content\/uploads\/2020\/06\/Art-Prints-Vietnamese-Craftwoman-5.jpg\",\"datePublished\":\"2020-06-29T06:39:47+00:00\",\"dateModified\":\"2023-08-20T04:49:27+00:00\",\"breadcrumb\":{\"@id\":\"https:\/\/bsartstudio.vn\/en\/products\/art-print-craftswoman-making-incense\/#breadcrumb\"},\"inLanguage\":\"vi-VN\",\"potentialAction\":[{\"@type\":\"ReadAction\",\"target\":[\"https:\/\/bsartstudio.vn\/en\/products\/art-print-craftswoman-making-incense\/\"]}]},{\"@type\":\"ImageObject\",\"inLanguage\":\"vi-VN\",\"@id\":\"https:\/\/bsartstudio.vn\/en\/products\/art-print-craftswoman-making-incense\/#primaryimage\",\"url\":\"https:\/\/bsartstudio.vn\/wp-content\/uploads\/2020\/06\/Art-Prints-Vietnamese-Craftwoman-5.jpg\",\"contentUrl\":\"https:\/\/bsartstudio.vn\/wp-content\/uploads\/2020\/06\/Art-Prints-Vietnamese-Craftwoman-5.jpg\",\"width\":1920,\"height\":1920,\"caption\":\"Art Prints Vietnamese Craftwoman\"},{\"@type\":\"BreadcrumbList\",\"@id\":\"https:\/\/bsartstudio.vn\/en\/products\/art-print-craftswoman-making-incense\/#breadcrumb\",\"itemListElement\":[{\"@type\":\"ListItem\",\"position\":1,\"name\":\"Home\",\"item\":\"https:\/\/bsartstudio.vn\/en\/\"},{\"@type\":\"ListItem\",\"position\":2,\"name\":\"Shop\",\"item\":\"https:\/\/bsartstudio.vn\/en\/shop\/\"},{\"@type\":\"ListItem\",\"position\":3,\"name\":\"Tranh In &#8220;Ngh\u1ec7 Nh\u00e2n H\u01b0\u01a1ng Tr\u1ea7m&#8221;\"}]},{\"@type\":\"WebSite\",\"@id\":\"https:\/\/bsartstudio.vn\/ja\/#website\",\"url\":\"https:\/\/bsartstudio.vn\/ja\/\",\"name\":\"B\/S Art Studio\",\"description\":\"\",\"publisher\":{\"@id\":\"https:\/\/bsartstudio.vn\/ja\/#organization\"},\"potentialAction\":[{\"@type\":\"SearchAction\",\"target\":{\"@type\":\"EntryPoint\",\"urlTemplate\":\"https:\/\/bsartstudio.vn\/ja\/?s={search_term_string}\"},\"query-input\":{\"@type\":\"PropertyValueSpecification\",\"valueRequired\":true,\"valueName\":\"search_term_string\"}}],\"inLanguage\":\"vi-VN\"},{\"@type\":\"Organization\",\"@id\":\"https:\/\/bsartstudio.vn\/ja\/#organization\",\"name\":\"B\/S Art Studio\",\"url\":\"https:\/\/bsartstudio.vn\/ja\/\",\"logo\":{\"@type\":\"ImageObject\",\"inLanguage\":\"vi-VN\",\"@id\":\"https:\/\/bsartstudio.vn\/ja\/#\/schema\/logo\/image\/\",\"url\":\"https:\/\/bsartstudio.vn\/wp-content\/uploads\/2020\/03\/54526018_2272576089468053_1525084505319145472_n.jpg\",\"contentUrl\":\"https:\/\/bsartstudio.vn\/wp-content\/uploads\/2020\/03\/54526018_2272576089468053_1525084505319145472_n.jpg\",\"width\":958,\"height\":958,\"caption\":\"B\/S Art Studio\"},\"image\":{\"@id\":\"https:\/\/bsartstudio.vn\/ja\/#\/schema\/logo\/image\/\"}}]}<\/script>\n<!-- \/ Yoast SEO plugin. -->","yoast_head_json":{"title":"Tranh In \"Ngh\u1ec7 Nh\u00e2n H\u01b0\u01a1ng Tr\u1ea7m\" - B\/S Art Studio","robots":{"index":"index","follow":"follow","max-snippet":"max-snippet:-1","max-image-preview":"max-image-preview:large","max-video-preview":"max-video-preview:-1"},"canonical":"https:\/\/bsartstudio.vn\/en\/products\/art-print-craftswoman-making-incense\/","og_locale":"vi_VN","og_type":"article","og_title":"Tranh In \"Ngh\u1ec7 Nh\u00e2n H\u01b0\u01a1ng Tr\u1ea7m\" - B\/S Art Studio","og_description":"\"B\u1ea7n th\u1ea7n h\u01b0\u01a1ng hu\u1ec7 th\u01a1m \u0111\u00eam Kh\u00f3i nhang v\u1ebd n\u1ebbo \u0111\u01b0\u1eddng l\u00ean ni\u1ebft b\u00e0n\" (Tr\u00edch th\u01a1 Nguy\u1ec5n Duy) S\u1ef1 b\u1ec1n v\u1eefng c\u1ee7a m\u1ed9t ng\u00e0nh ngh\u1ec1 l\u00e0 khi ng\u00e0nh ngh\u1ec1 \u0111\u00f3 mang gi\u00e1 tr\u1ecb \u0111\u1ea1o \u0111\u1ee9c, nh\u00e2n v\u0103n, ph\u1ee5c v\u1ee5 v\u0103n h\u00f3a \u0111\u1eddi s\u1ed1ng tinh th\u1ea7n d\u00e2n t\u1ed9c \u0111\u00f3. Th\u1eafp n\u00e9n t\u00e2m nhang, d\u00e2ng l\u00ean b\u00e0n th\u1edd gia ti\u00ean \u0111\u00e3 \u0111i s\u00e2u v\u00e0o n\u1ebfp s\u1ed1ng c\u1ee7a m\u1ecdi nh\u00e0 v\u00e0 \u0111\u00e3 tr\u1edf th\u00e0nh n\u00e9t \u0111\u1eb9p truy\u1ec1n th\u1ed1ng Vi\u1ec7t Nam mang gi\u00e1 tr\u1ecb v\u0103n h\u00f3a U\u1ed1ng n\u01b0\u1edbc nh\u1edb ngu\u1ed3n, n\u00e9t \u0111\u1eb9p \u0111\u1eddi s\u1ed1ng t\u00e2m linh t\u1eeb ng\u00e0n x\u01b0a.","og_url":"https:\/\/bsartstudio.vn\/en\/products\/art-print-craftswoman-making-incense\/","og_site_name":"B\/S Art Studio","article_modified_time":"2023-08-20T04:49:27+00:00","og_image":[{"width":1920,"height":1454,"url":"https:\/\/bsartstudio.vn\/wp-content\/uploads\/2020\/06\/ngh\u1ec7-nh\u00e2n-l\u00e0m-l\u1ecdng.jpg","type":"image\/jpeg"}],"twitter_card":"summary_large_image","schema":{"@context":"https:\/\/schema.org","@graph":[{"@type":"WebPage","@id":"https:\/\/bsartstudio.vn\/en\/products\/art-print-craftswoman-making-incense\/","url":"https:\/\/bsartstudio.vn\/en\/products\/art-print-craftswoman-making-incense\/","name":"Tranh In \"Ngh\u1ec7 Nh\u00e2n H\u01b0\u01a1ng Tr\u1ea7m\" - B\/S Art Studio","isPartOf":{"@id":"https:\/\/bsartstudio.vn\/ja\/#website"},"primaryImageOfPage":{"@id":"https:\/\/bsartstudio.vn\/en\/products\/art-print-craftswoman-making-incense\/#primaryimage"},"image":{"@id":"https:\/\/bsartstudio.vn\/en\/products\/art-print-craftswoman-making-incense\/#primaryimage"},"thumbnailUrl":"https:\/\/bsartstudio.vn\/wp-content\/uploads\/2020\/06\/Art-Prints-Vietnamese-Craftwoman-5.jpg","datePublished":"2020-06-29T06:39:47+00:00","dateModified":"2023-08-20T04:49:27+00:00","breadcrumb":{"@id":"https:\/\/bsartstudio.vn\/en\/products\/art-print-craftswoman-making-incense\/#breadcrumb"},"inLanguage":"vi-VN","potentialAction":[{"@type":"ReadAction","target":["https:\/\/bsartstudio.vn\/en\/products\/art-print-craftswoman-making-incense\/"]}]},{"@type":"ImageObject","inLanguage":"vi-VN","@id":"https:\/\/bsartstudio.vn\/en\/products\/art-print-craftswoman-making-incense\/#primaryimage","url":"https:\/\/bsartstudio.vn\/wp-content\/uploads\/2020\/06\/Art-Prints-Vietnamese-Craftwoman-5.jpg","contentUrl":"https:\/\/bsartstudio.vn\/wp-content\/uploads\/2020\/06\/Art-Prints-Vietnamese-Craftwoman-5.jpg","width":1920,"height":1920,"caption":"Art Prints Vietnamese Craftwoman"},{"@type":"BreadcrumbList","@id":"https:\/\/bsartstudio.vn\/en\/products\/art-print-craftswoman-making-incense\/#breadcrumb","itemListElement":[{"@type":"ListItem","position":1,"name":"Home","item":"https:\/\/bsartstudio.vn\/en\/"},{"@type":"ListItem","position":2,"name":"Shop","item":"https:\/\/bsartstudio.vn\/en\/shop\/"},{"@type":"ListItem","position":3,"name":"Tranh In &#8220;Ngh\u1ec7 Nh\u00e2n H\u01b0\u01a1ng Tr\u1ea7m&#8221;"}]},{"@type":"WebSite","@id":"https:\/\/bsartstudio.vn\/ja\/#website","url":"https:\/\/bsartstudio.vn\/ja\/","name":"B\/S Art Studio","description":"","publisher":{"@id":"https:\/\/bsartstudio.vn\/ja\/#organization"},"potentialAction":[{"@type":"SearchAction","target":{"@type":"EntryPoint","urlTemplate":"https:\/\/bsartstudio.vn\/ja\/?s={search_term_string}"},"query-input":{"@type":"PropertyValueSpecification","valueRequired":true,"valueName":"search_term_string"}}],"inLanguage":"vi-VN"},{"@type":"Organization","@id":"https:\/\/bsartstudio.vn\/ja\/#organization","name":"B\/S Art Studio","url":"https:\/\/bsartstudio.vn\/ja\/","logo":{"@type":"ImageObject","inLanguage":"vi-VN","@id":"https:\/\/bsartstudio.vn\/ja\/#\/schema\/logo\/image\/","url":"https:\/\/bsartstudio.vn\/wp-content\/uploads\/2020\/03\/54526018_2272576089468053_1525084505319145472_n.jpg","contentUrl":"https:\/\/bsartstudio.vn\/wp-content\/uploads\/2020\/03\/54526018_2272576089468053_1525084505319145472_n.jpg","width":958,"height":958,"caption":"B\/S Art Studio"},"image":{"@id":"https:\/\/bsartstudio.vn\/ja\/#\/schema\/logo\/image\/"}}]}},"_links":{"self":[{"href":"https:\/\/bsartstudio.vn\/vi\/wp-json\/wp\/v2\/product\/2867"}],"collection":[{"href":"https:\/\/bsartstudio.vn\/vi\/wp-json\/wp\/v2\/product"}],"about":[{"href":"https:\/\/bsartstudio.vn\/vi\/wp-json\/wp\/v2\/types\/product"}],"wp:featuredmedia":[{"embeddable":true,"href":"https:\/\/bsartstudio.vn\/vi\/wp-json\/wp\/v2\/media\/7930"}],"wp:attachment":[{"href":"https:\/\/bsartstudio.vn\/vi\/wp-json\/wp\/v2\/media?parent=2867"}],"wp:term":[{"taxonomy":"product_cat","embeddable":true,"href":"https:\/\/bsartstudio.vn\/vi\/wp-json\/wp\/v2\/product_cat?post=2867"},{"taxonomy":"product_tag","embeddable":true,"href":"https:\/\/bsartstudio.vn\/vi\/wp-json\/wp\/v2\/product_tag?post=2867"}],"curies":[{"name":"wp","href":"https:\/\/api.w.org\/{rel}","templated":true}]}}