{"id":2866,"date":"2020-06-16T18:43:53","date_gmt":"2020-06-16T11:43:53","guid":{"rendered":"https:\/\/bsartstudio.vn\/products\/nghe-nhan-theu\/"},"modified":"2023-08-20T11:50:38","modified_gmt":"2023-08-20T04:50:38","slug":"nghe-nhan-theu","status":"publish","type":"product","link":"https:\/\/bsartstudio.vn\/vi\/products\/nghe-nhan-theu\/","title":{"rendered":"Tranh In &#8220;Ngh\u1ec7 Nh\u00e2n Th\u00eau Non N\u01b0\u1edbc Vi\u1ec7t&#8221;"},"content":{"rendered":"<p><span class=\"_5mfr\"><span class=\"_6qdm\">\ud83c\udfa8<\/span><\/span> T\u00e1c ph\u1ea9m &#8220;Ngh\u1ec7 Nh\u00e2n Th\u00eau Non N\u01b0\u1edbc Vi\u1ec7t&#8221;<\/p>\n<div id=\"js_cce\" class=\"_5pbx userContent _3576\" data-testid=\"post_message\" data-ft=\"{&quot;tn&quot;:&quot;K&quot;}\">\n<p>Ch\u1ea5t li\u1ec7u: Gi\u1ea5y<\/p>\n<\/div>\n<div class=\"_3x-2\" data-ft=\"{&quot;tn&quot;:&quot;H&quot;}\">\n<div class=\"_5r69 _sds _1hvl\">\n<div class=\"mts\">\n<div data-ft=\"{&quot;tn&quot;:&quot;H&quot;}\">\n<div class=\"mtm\">\n<div class=\"_5cq3 _1ktf\" data-ft=\"{&quot;tn&quot;:&quot;E&quot;}\">\n<p>M\u00e0u: Ch\u00ec m\u00e0u<\/p>\n<p>K\u00edch th\u01b0\u1edbc: 32 cm x 26 cm<\/p>\n<\/div>\n<\/div>\n<\/div>\n<\/div>\n<\/div>\n<\/div>\n","protected":false},"excerpt":{"rendered":"<p>Trong c\u00e1c ng\u00e0nh ngh\u1ec1 th\u1ee7 c\u00f4ng truy\u1ec1n th\u1ed1ng c\u1ee7a Vi\u1ec7t Nam, ngh\u1ec1 th\u00eau tay ch\u1ee9a \u0111\u1ef1ng s\u1ef1 kh\u00e9o l\u00e9o, tinh t\u1ebf, v\u00e0 s\u1ef1 si\u00eang n\u0103ng c\u1ea7n m\u1eabn c\u1ee7a ng\u01b0\u1eddi ph\u1ee5 n\u1eef, mang gi\u00e1 tr\u1ecb tinh th\u1ea7n g\u1eafn k\u1ebft v\u00e0 k\u1ebft n\u1ed1i Con Ng\u01b0\u1eddi v\u1edbi Con Ng\u01b0\u1eddi, v\u1edbi Thi\u00ean Nhi\u00ean v\u00e0 Truy\u1ec1n Th\u1ed1ng.<\/p>\n<p>Ch\u1ec9 v\u1edbi c\u00e2y kim, s\u1ee3i ch\u1ec9 nh\u1eefng ngh\u1ec7 nh\u00e2n \u0111\u00e3 d\u1ec7t n\u00ean nh\u1eefng k\u00fd \u1ee9c, h\u00ecnh \u1ea3nh qu\u00ea h\u01b0\u01a1ng, mang v\u0103n ho\u00e1 Vi\u1ec7t Nam v\u01b0\u01a1n xa \u0111\u1ebfn nhi\u1ec1u qu\u1ed1c gia, gi\u00fap nh\u1eefng ng\u01b0\u1eddi con xa x\u1ee9 l\u01b0u gi\u1eef k\u00ed \u1ee9c, nh\u1edb v\u1ec1 c\u1ed9i ngu\u1ed3n.<\/p>\n","protected":false},"featured_media":7946,"template":"","meta":{"_et_pb_use_builder":"","_et_pb_old_content":"","_et_gb_content_width":""},"product_cat":[59,429,62],"product_tag":[391,389,453,396,390],"yoast_head":"<!-- This site is optimized with the Yoast SEO plugin v24.5 - https:\/\/yoast.com\/wordpress\/plugins\/seo\/ -->\n<title>Tranh In &quot;Ngh\u1ec7 Nh\u00e2n Th\u00eau Non N\u01b0\u1edbc Vi\u1ec7t&quot; - B\/S Art Studio<\/title>\n<meta name=\"robots\" content=\"index, follow, max-snippet:-1, max-image-preview:large, max-video-preview:-1\" \/>\n<link rel=\"canonical\" href=\"https:\/\/bsartstudio.vn\/en\/products\/art-print-vietnamese-landscape\/\" \/>\n<meta property=\"og:locale\" content=\"vi_VN\" \/>\n<meta property=\"og:type\" content=\"article\" \/>\n<meta property=\"og:title\" content=\"Tranh In &quot;Ngh\u1ec7 Nh\u00e2n Th\u00eau Non N\u01b0\u1edbc Vi\u1ec7t&quot; - B\/S Art Studio\" \/>\n<meta property=\"og:description\" content=\"Trong c\u00e1c ng\u00e0nh ngh\u1ec1 th\u1ee7 c\u00f4ng truy\u1ec1n th\u1ed1ng c\u1ee7a Vi\u1ec7t Nam, ngh\u1ec1 th\u00eau tay ch\u1ee9a \u0111\u1ef1ng s\u1ef1 kh\u00e9o l\u00e9o, tinh t\u1ebf, v\u00e0 s\u1ef1 si\u00eang n\u0103ng c\u1ea7n m\u1eabn c\u1ee7a ng\u01b0\u1eddi ph\u1ee5 n\u1eef, mang gi\u00e1 tr\u1ecb tinh th\u1ea7n g\u1eafn k\u1ebft v\u00e0 k\u1ebft n\u1ed1i Con Ng\u01b0\u1eddi v\u1edbi Con Ng\u01b0\u1eddi, v\u1edbi Thi\u00ean Nhi\u00ean v\u00e0 Truy\u1ec1n Th\u1ed1ng. Ch\u1ec9 v\u1edbi c\u00e2y kim, s\u1ee3i ch\u1ec9 nh\u1eefng ngh\u1ec7 nh\u00e2n \u0111\u00e3 d\u1ec7t n\u00ean nh\u1eefng k\u00fd \u1ee9c, h\u00ecnh \u1ea3nh qu\u00ea h\u01b0\u01a1ng, mang v\u0103n ho\u00e1 Vi\u1ec7t Nam v\u01b0\u01a1n xa \u0111\u1ebfn nhi\u1ec1u qu\u1ed1c gia, gi\u00fap nh\u1eefng ng\u01b0\u1eddi con xa x\u1ee9 l\u01b0u gi\u1eef k\u00ed \u1ee9c, nh\u1edb v\u1ec1 c\u1ed9i ngu\u1ed3n.\" \/>\n<meta property=\"og:url\" content=\"https:\/\/bsartstudio.vn\/en\/products\/art-print-vietnamese-landscape\/\" \/>\n<meta property=\"og:site_name\" content=\"B\/S Art Studio\" \/>\n<meta property=\"article:modified_time\" content=\"2023-08-20T04:50:38+00:00\" \/>\n<meta property=\"og:image\" content=\"https:\/\/bsartstudio.vn\/wp-content\/uploads\/2020\/06\/Ngh\u1ec7-nh\u00e2n-th\u00eau-Non-n\u01b0\u1edbc-1.jpg\" \/>\n\t<meta property=\"og:image:width\" content=\"1920\" \/>\n\t<meta property=\"og:image:height\" content=\"1440\" \/>\n\t<meta property=\"og:image:type\" content=\"image\/jpeg\" \/>\n<meta name=\"twitter:card\" content=\"summary_large_image\" \/>\n<script type=\"application\/ld+json\" class=\"yoast-schema-graph\">{\"@context\":\"https:\/\/schema.org\",\"@graph\":[{\"@type\":\"WebPage\",\"@id\":\"https:\/\/bsartstudio.vn\/en\/products\/art-print-vietnamese-landscape\/\",\"url\":\"https:\/\/bsartstudio.vn\/en\/products\/art-print-vietnamese-landscape\/\",\"name\":\"Tranh In \\\"Ngh\u1ec7 Nh\u00e2n Th\u00eau Non N\u01b0\u1edbc Vi\u1ec7t\\\" - B\/S Art Studio\",\"isPartOf\":{\"@id\":\"https:\/\/bsartstudio.vn\/ja\/#website\"},\"primaryImageOfPage\":{\"@id\":\"https:\/\/bsartstudio.vn\/en\/products\/art-print-vietnamese-landscape\/#primaryimage\"},\"image\":{\"@id\":\"https:\/\/bsartstudio.vn\/en\/products\/art-print-vietnamese-landscape\/#primaryimage\"},\"thumbnailUrl\":\"https:\/\/bsartstudio.vn\/wp-content\/uploads\/2020\/06\/Art-Prints-Vietnamese-Craftwoman-6.jpg\",\"datePublished\":\"2020-06-16T11:43:53+00:00\",\"dateModified\":\"2023-08-20T04:50:38+00:00\",\"breadcrumb\":{\"@id\":\"https:\/\/bsartstudio.vn\/en\/products\/art-print-vietnamese-landscape\/#breadcrumb\"},\"inLanguage\":\"vi-VN\",\"potentialAction\":[{\"@type\":\"ReadAction\",\"target\":[\"https:\/\/bsartstudio.vn\/en\/products\/art-print-vietnamese-landscape\/\"]}]},{\"@type\":\"ImageObject\",\"inLanguage\":\"vi-VN\",\"@id\":\"https:\/\/bsartstudio.vn\/en\/products\/art-print-vietnamese-landscape\/#primaryimage\",\"url\":\"https:\/\/bsartstudio.vn\/wp-content\/uploads\/2020\/06\/Art-Prints-Vietnamese-Craftwoman-6.jpg\",\"contentUrl\":\"https:\/\/bsartstudio.vn\/wp-content\/uploads\/2020\/06\/Art-Prints-Vietnamese-Craftwoman-6.jpg\",\"width\":1920,\"height\":1920,\"caption\":\"Art Prints Vietnamese Craftwoman\"},{\"@type\":\"BreadcrumbList\",\"@id\":\"https:\/\/bsartstudio.vn\/en\/products\/art-print-vietnamese-landscape\/#breadcrumb\",\"itemListElement\":[{\"@type\":\"ListItem\",\"position\":1,\"name\":\"Home\",\"item\":\"https:\/\/bsartstudio.vn\/en\/\"},{\"@type\":\"ListItem\",\"position\":2,\"name\":\"Shop\",\"item\":\"https:\/\/bsartstudio.vn\/en\/shop\/\"},{\"@type\":\"ListItem\",\"position\":3,\"name\":\"Tranh In &#8220;Ngh\u1ec7 Nh\u00e2n Th\u00eau Non N\u01b0\u1edbc Vi\u1ec7t&#8221;\"}]},{\"@type\":\"WebSite\",\"@id\":\"https:\/\/bsartstudio.vn\/ja\/#website\",\"url\":\"https:\/\/bsartstudio.vn\/ja\/\",\"name\":\"B\/S Art Studio\",\"description\":\"\",\"publisher\":{\"@id\":\"https:\/\/bsartstudio.vn\/ja\/#organization\"},\"potentialAction\":[{\"@type\":\"SearchAction\",\"target\":{\"@type\":\"EntryPoint\",\"urlTemplate\":\"https:\/\/bsartstudio.vn\/ja\/?s={search_term_string}\"},\"query-input\":{\"@type\":\"PropertyValueSpecification\",\"valueRequired\":true,\"valueName\":\"search_term_string\"}}],\"inLanguage\":\"vi-VN\"},{\"@type\":\"Organization\",\"@id\":\"https:\/\/bsartstudio.vn\/ja\/#organization\",\"name\":\"B\/S Art Studio\",\"url\":\"https:\/\/bsartstudio.vn\/ja\/\",\"logo\":{\"@type\":\"ImageObject\",\"inLanguage\":\"vi-VN\",\"@id\":\"https:\/\/bsartstudio.vn\/ja\/#\/schema\/logo\/image\/\",\"url\":\"https:\/\/bsartstudio.vn\/wp-content\/uploads\/2020\/03\/54526018_2272576089468053_1525084505319145472_n.jpg\",\"contentUrl\":\"https:\/\/bsartstudio.vn\/wp-content\/uploads\/2020\/03\/54526018_2272576089468053_1525084505319145472_n.jpg\",\"width\":958,\"height\":958,\"caption\":\"B\/S Art Studio\"},\"image\":{\"@id\":\"https:\/\/bsartstudio.vn\/ja\/#\/schema\/logo\/image\/\"}}]}<\/script>\n<!-- \/ Yoast SEO plugin. -->","yoast_head_json":{"title":"Tranh In \"Ngh\u1ec7 Nh\u00e2n Th\u00eau Non N\u01b0\u1edbc Vi\u1ec7t\" - B\/S Art Studio","robots":{"index":"index","follow":"follow","max-snippet":"max-snippet:-1","max-image-preview":"max-image-preview:large","max-video-preview":"max-video-preview:-1"},"canonical":"https:\/\/bsartstudio.vn\/en\/products\/art-print-vietnamese-landscape\/","og_locale":"vi_VN","og_type":"article","og_title":"Tranh In \"Ngh\u1ec7 Nh\u00e2n Th\u00eau Non N\u01b0\u1edbc Vi\u1ec7t\" - B\/S Art Studio","og_description":"Trong c\u00e1c ng\u00e0nh ngh\u1ec1 th\u1ee7 c\u00f4ng truy\u1ec1n th\u1ed1ng c\u1ee7a Vi\u1ec7t Nam, ngh\u1ec1 th\u00eau tay ch\u1ee9a \u0111\u1ef1ng s\u1ef1 kh\u00e9o l\u00e9o, tinh t\u1ebf, v\u00e0 s\u1ef1 si\u00eang n\u0103ng c\u1ea7n m\u1eabn c\u1ee7a ng\u01b0\u1eddi ph\u1ee5 n\u1eef, mang gi\u00e1 tr\u1ecb tinh th\u1ea7n g\u1eafn k\u1ebft v\u00e0 k\u1ebft n\u1ed1i Con Ng\u01b0\u1eddi v\u1edbi Con Ng\u01b0\u1eddi, v\u1edbi Thi\u00ean Nhi\u00ean v\u00e0 Truy\u1ec1n Th\u1ed1ng. Ch\u1ec9 v\u1edbi c\u00e2y kim, s\u1ee3i ch\u1ec9 nh\u1eefng ngh\u1ec7 nh\u00e2n \u0111\u00e3 d\u1ec7t n\u00ean nh\u1eefng k\u00fd \u1ee9c, h\u00ecnh \u1ea3nh qu\u00ea h\u01b0\u01a1ng, mang v\u0103n ho\u00e1 Vi\u1ec7t Nam v\u01b0\u01a1n xa \u0111\u1ebfn nhi\u1ec1u qu\u1ed1c gia, gi\u00fap nh\u1eefng ng\u01b0\u1eddi con xa x\u1ee9 l\u01b0u gi\u1eef k\u00ed \u1ee9c, nh\u1edb v\u1ec1 c\u1ed9i ngu\u1ed3n.","og_url":"https:\/\/bsartstudio.vn\/en\/products\/art-print-vietnamese-landscape\/","og_site_name":"B\/S Art Studio","article_modified_time":"2023-08-20T04:50:38+00:00","og_image":[{"width":1920,"height":1440,"url":"https:\/\/bsartstudio.vn\/wp-content\/uploads\/2020\/06\/Ngh\u1ec7-nh\u00e2n-th\u00eau-Non-n\u01b0\u1edbc-1.jpg","type":"image\/jpeg"}],"twitter_card":"summary_large_image","schema":{"@context":"https:\/\/schema.org","@graph":[{"@type":"WebPage","@id":"https:\/\/bsartstudio.vn\/en\/products\/art-print-vietnamese-landscape\/","url":"https:\/\/bsartstudio.vn\/en\/products\/art-print-vietnamese-landscape\/","name":"Tranh In \"Ngh\u1ec7 Nh\u00e2n Th\u00eau Non N\u01b0\u1edbc Vi\u1ec7t\" - B\/S Art Studio","isPartOf":{"@id":"https:\/\/bsartstudio.vn\/ja\/#website"},"primaryImageOfPage":{"@id":"https:\/\/bsartstudio.vn\/en\/products\/art-print-vietnamese-landscape\/#primaryimage"},"image":{"@id":"https:\/\/bsartstudio.vn\/en\/products\/art-print-vietnamese-landscape\/#primaryimage"},"thumbnailUrl":"https:\/\/bsartstudio.vn\/wp-content\/uploads\/2020\/06\/Art-Prints-Vietnamese-Craftwoman-6.jpg","datePublished":"2020-06-16T11:43:53+00:00","dateModified":"2023-08-20T04:50:38+00:00","breadcrumb":{"@id":"https:\/\/bsartstudio.vn\/en\/products\/art-print-vietnamese-landscape\/#breadcrumb"},"inLanguage":"vi-VN","potentialAction":[{"@type":"ReadAction","target":["https:\/\/bsartstudio.vn\/en\/products\/art-print-vietnamese-landscape\/"]}]},{"@type":"ImageObject","inLanguage":"vi-VN","@id":"https:\/\/bsartstudio.vn\/en\/products\/art-print-vietnamese-landscape\/#primaryimage","url":"https:\/\/bsartstudio.vn\/wp-content\/uploads\/2020\/06\/Art-Prints-Vietnamese-Craftwoman-6.jpg","contentUrl":"https:\/\/bsartstudio.vn\/wp-content\/uploads\/2020\/06\/Art-Prints-Vietnamese-Craftwoman-6.jpg","width":1920,"height":1920,"caption":"Art Prints Vietnamese Craftwoman"},{"@type":"BreadcrumbList","@id":"https:\/\/bsartstudio.vn\/en\/products\/art-print-vietnamese-landscape\/#breadcrumb","itemListElement":[{"@type":"ListItem","position":1,"name":"Home","item":"https:\/\/bsartstudio.vn\/en\/"},{"@type":"ListItem","position":2,"name":"Shop","item":"https:\/\/bsartstudio.vn\/en\/shop\/"},{"@type":"ListItem","position":3,"name":"Tranh In &#8220;Ngh\u1ec7 Nh\u00e2n Th\u00eau Non N\u01b0\u1edbc Vi\u1ec7t&#8221;"}]},{"@type":"WebSite","@id":"https:\/\/bsartstudio.vn\/ja\/#website","url":"https:\/\/bsartstudio.vn\/ja\/","name":"B\/S Art Studio","description":"","publisher":{"@id":"https:\/\/bsartstudio.vn\/ja\/#organization"},"potentialAction":[{"@type":"SearchAction","target":{"@type":"EntryPoint","urlTemplate":"https:\/\/bsartstudio.vn\/ja\/?s={search_term_string}"},"query-input":{"@type":"PropertyValueSpecification","valueRequired":true,"valueName":"search_term_string"}}],"inLanguage":"vi-VN"},{"@type":"Organization","@id":"https:\/\/bsartstudio.vn\/ja\/#organization","name":"B\/S Art Studio","url":"https:\/\/bsartstudio.vn\/ja\/","logo":{"@type":"ImageObject","inLanguage":"vi-VN","@id":"https:\/\/bsartstudio.vn\/ja\/#\/schema\/logo\/image\/","url":"https:\/\/bsartstudio.vn\/wp-content\/uploads\/2020\/03\/54526018_2272576089468053_1525084505319145472_n.jpg","contentUrl":"https:\/\/bsartstudio.vn\/wp-content\/uploads\/2020\/03\/54526018_2272576089468053_1525084505319145472_n.jpg","width":958,"height":958,"caption":"B\/S Art Studio"},"image":{"@id":"https:\/\/bsartstudio.vn\/ja\/#\/schema\/logo\/image\/"}}]}},"_links":{"self":[{"href":"https:\/\/bsartstudio.vn\/vi\/wp-json\/wp\/v2\/product\/2866"}],"collection":[{"href":"https:\/\/bsartstudio.vn\/vi\/wp-json\/wp\/v2\/product"}],"about":[{"href":"https:\/\/bsartstudio.vn\/vi\/wp-json\/wp\/v2\/types\/product"}],"wp:featuredmedia":[{"embeddable":true,"href":"https:\/\/bsartstudio.vn\/vi\/wp-json\/wp\/v2\/media\/7946"}],"wp:attachment":[{"href":"https:\/\/bsartstudio.vn\/vi\/wp-json\/wp\/v2\/media?parent=2866"}],"wp:term":[{"taxonomy":"product_cat","embeddable":true,"href":"https:\/\/bsartstudio.vn\/vi\/wp-json\/wp\/v2\/product_cat?post=2866"},{"taxonomy":"product_tag","embeddable":true,"href":"https:\/\/bsartstudio.vn\/vi\/wp-json\/wp\/v2\/product_tag?post=2866"}],"curies":[{"name":"wp","href":"https:\/\/api.w.org\/{rel}","templated":true}]}}