{"id":2861,"date":"2020-06-04T17:30:48","date_gmt":"2020-06-04T10:30:48","guid":{"rendered":"https:\/\/bsartstudio.vn\/products\/ve-que\/"},"modified":"2023-01-15T14:33:24","modified_gmt":"2023-01-15T07:33:24","slug":"ve-que","status":"publish","type":"product","link":"https:\/\/bsartstudio.vn\/vi\/products\/ve-que\/","title":{"rendered":"&#8220;V\u1ec1 Qu\u00ea&#8221;"},"content":{"rendered":"<p>\ud83c\udfa8 T\u00e1c ph\u1ea9m &#8220;V\u1ec1 Qu\u00ea&#8221;<\/p>\n<p>Ch\u1ea5t li\u1ec7u: Canvas<\/p>\n<p>M\u00e0u: Acrylic<\/p>\n<p>K\u00edch th\u01b0\u1edbc: 50 cm x 40 cm<\/p>\n","protected":false},"excerpt":{"rendered":"<p>\ud83d\udc95 C\u1ea3nh l\u00e0ng qu\u00ea Vi\u1ec7t Nam.<\/p>\n<p>&#8220;\u0110\u01b0\u1eddng qu\u00ea, \u0111\u01b0a t\u00f4i v\u1ec1 nh\u00e0<\/p>\n<p>V\u1ec1 n\u01a1i, t\u00f4i thu\u1ed9c v\u1ec1 &#8230; &#8220;<\/p>\n<p>H\u00ecnh \u1ea3nh con tr\u00e2u th\u01b0\u1eddng xu\u1ea5t hi\u1ec7n nhi\u1ec1u trong v\u0103n h\u00f3a ph\u01b0\u01a1ng \u0110\u00f4ng v\u00e0 \u0111\u1eb7c bi\u1ec7t g\u1ea7n g\u0169i v\u1edbi l\u00e0ng qu\u00ea Vi\u1ec7t Nam. D\u00e1ng v\u1ebb ung dung, ch\u1eadm r\u00e3i, tho\u1ea3i m\u00e1i, ch\u00fa Tr\u00e2u, ch\u00fa Ngh\u00e9 mang \u0111\u1eb7c s\u1ea3n qu\u00ea h\u01b0\u01a1ng (m\u0103ng) c\u00f9ng ng\u01b0\u1eddi b\u1ea1n \u0111\u1ed3ng h\u00e0nh c\u1ee7a m\u00ecnh \u0111ang tr\u00ean \u0111\u01b0\u1eddng tr\u1edf v\u1ec1 l\u1ea1i qu\u00ea h\u01b0\u01a1ng, th\u0103m l\u1ea1i ngu\u1ed3n c\u1ed9i<\/p>\n","protected":false},"featured_media":9516,"template":"","meta":{"_et_pb_use_builder":"","_et_pb_old_content":"","_et_gb_content_width":""},"product_cat":[59,296,63,430],"product_tag":[],"yoast_head":"<!-- This site is optimized with the Yoast SEO plugin v24.5 - https:\/\/yoast.com\/wordpress\/plugins\/seo\/ -->\n<title>&quot;V\u1ec1 Qu\u00ea&quot; - B\/S Art Studio<\/title>\n<meta name=\"robots\" content=\"index, follow, max-snippet:-1, max-image-preview:large, max-video-preview:-1\" \/>\n<link rel=\"canonical\" href=\"https:\/\/bsartstudio.vn\/vi\/products\/ve-que\/\" \/>\n<meta property=\"og:locale\" content=\"vi_VN\" \/>\n<meta property=\"og:type\" content=\"article\" \/>\n<meta property=\"og:title\" content=\"&quot;V\u1ec1 Qu\u00ea&quot; - B\/S Art Studio\" \/>\n<meta property=\"og:description\" content=\"\ud83d\udc95 C\u1ea3nh l\u00e0ng qu\u00ea Vi\u1ec7t Nam. &quot;\u0110\u01b0\u1eddng qu\u00ea, \u0111\u01b0a t\u00f4i v\u1ec1 nh\u00e0 V\u1ec1 n\u01a1i, t\u00f4i thu\u1ed9c v\u1ec1 ... &quot; H\u00ecnh \u1ea3nh con tr\u00e2u th\u01b0\u1eddng xu\u1ea5t hi\u1ec7n nhi\u1ec1u trong v\u0103n h\u00f3a ph\u01b0\u01a1ng \u0110\u00f4ng v\u00e0 \u0111\u1eb7c bi\u1ec7t g\u1ea7n g\u0169i v\u1edbi l\u00e0ng qu\u00ea Vi\u1ec7t Nam. D\u00e1ng v\u1ebb ung dung, ch\u1eadm r\u00e3i, tho\u1ea3i m\u00e1i, ch\u00fa Tr\u00e2u, ch\u00fa Ngh\u00e9 mang \u0111\u1eb7c s\u1ea3n qu\u00ea h\u01b0\u01a1ng (m\u0103ng) c\u00f9ng ng\u01b0\u1eddi b\u1ea1n \u0111\u1ed3ng h\u00e0nh c\u1ee7a m\u00ecnh \u0111ang tr\u00ean \u0111\u01b0\u1eddng tr\u1edf v\u1ec1 l\u1ea1i qu\u00ea h\u01b0\u01a1ng, th\u0103m l\u1ea1i ngu\u1ed3n c\u1ed9i\" \/>\n<meta property=\"og:url\" content=\"https:\/\/bsartstudio.vn\/vi\/products\/ve-que\/\" \/>\n<meta property=\"og:site_name\" content=\"B\/S Art Studio\" \/>\n<meta property=\"article:modified_time\" content=\"2023-01-15T07:33:24+00:00\" \/>\n<meta property=\"og:image\" content=\"https:\/\/bsartstudio.vn\/wp-content\/uploads\/2020\/06\/On-the-way-home-Childhood-village.jpg\" \/>\n\t<meta property=\"og:image:width\" content=\"1920\" \/>\n\t<meta property=\"og:image:height\" content=\"1547\" \/>\n\t<meta property=\"og:image:type\" content=\"image\/jpeg\" \/>\n<meta name=\"twitter:card\" content=\"summary_large_image\" \/>\n<script type=\"application\/ld+json\" class=\"yoast-schema-graph\">{\"@context\":\"https:\/\/schema.org\",\"@graph\":[{\"@type\":\"WebPage\",\"@id\":\"https:\/\/bsartstudio.vn\/vi\/products\/ve-que\/\",\"url\":\"https:\/\/bsartstudio.vn\/vi\/products\/ve-que\/\",\"name\":\"\\\"V\u1ec1 Qu\u00ea\\\" - B\/S Art Studio\",\"isPartOf\":{\"@id\":\"https:\/\/bsartstudio.vn\/ja\/#website\"},\"primaryImageOfPage\":{\"@id\":\"https:\/\/bsartstudio.vn\/vi\/products\/ve-que\/#primaryimage\"},\"image\":{\"@id\":\"https:\/\/bsartstudio.vn\/vi\/products\/ve-que\/#primaryimage\"},\"thumbnailUrl\":\"https:\/\/bsartstudio.vn\/wp-content\/uploads\/2020\/06\/On-The-Way-Home-1.jpg\",\"datePublished\":\"2020-06-04T10:30:48+00:00\",\"dateModified\":\"2023-01-15T07:33:24+00:00\",\"breadcrumb\":{\"@id\":\"https:\/\/bsartstudio.vn\/vi\/products\/ve-que\/#breadcrumb\"},\"inLanguage\":\"vi-VN\",\"potentialAction\":[{\"@type\":\"ReadAction\",\"target\":[\"https:\/\/bsartstudio.vn\/vi\/products\/ve-que\/\"]}]},{\"@type\":\"ImageObject\",\"inLanguage\":\"vi-VN\",\"@id\":\"https:\/\/bsartstudio.vn\/vi\/products\/ve-que\/#primaryimage\",\"url\":\"https:\/\/bsartstudio.vn\/wp-content\/uploads\/2020\/06\/On-The-Way-Home-1.jpg\",\"contentUrl\":\"https:\/\/bsartstudio.vn\/wp-content\/uploads\/2020\/06\/On-The-Way-Home-1.jpg\",\"width\":1920,\"height\":1920,\"caption\":\"On The Way Home\"},{\"@type\":\"BreadcrumbList\",\"@id\":\"https:\/\/bsartstudio.vn\/vi\/products\/ve-que\/#breadcrumb\",\"itemListElement\":[{\"@type\":\"ListItem\",\"position\":1,\"name\":\"Home\",\"item\":\"https:\/\/bsartstudio.vn\/en\/\"},{\"@type\":\"ListItem\",\"position\":2,\"name\":\"Shop\",\"item\":\"https:\/\/bsartstudio.vn\/en\/shop\/\"},{\"@type\":\"ListItem\",\"position\":3,\"name\":\"&#8220;V\u1ec1 Qu\u00ea&#8221;\"}]},{\"@type\":\"WebSite\",\"@id\":\"https:\/\/bsartstudio.vn\/ja\/#website\",\"url\":\"https:\/\/bsartstudio.vn\/ja\/\",\"name\":\"B\/S Art Studio\",\"description\":\"\",\"publisher\":{\"@id\":\"https:\/\/bsartstudio.vn\/ja\/#organization\"},\"potentialAction\":[{\"@type\":\"SearchAction\",\"target\":{\"@type\":\"EntryPoint\",\"urlTemplate\":\"https:\/\/bsartstudio.vn\/ja\/?s={search_term_string}\"},\"query-input\":{\"@type\":\"PropertyValueSpecification\",\"valueRequired\":true,\"valueName\":\"search_term_string\"}}],\"inLanguage\":\"vi-VN\"},{\"@type\":\"Organization\",\"@id\":\"https:\/\/bsartstudio.vn\/ja\/#organization\",\"name\":\"B\/S Art Studio\",\"url\":\"https:\/\/bsartstudio.vn\/ja\/\",\"logo\":{\"@type\":\"ImageObject\",\"inLanguage\":\"vi-VN\",\"@id\":\"https:\/\/bsartstudio.vn\/ja\/#\/schema\/logo\/image\/\",\"url\":\"https:\/\/bsartstudio.vn\/wp-content\/uploads\/2020\/03\/54526018_2272576089468053_1525084505319145472_n.jpg\",\"contentUrl\":\"https:\/\/bsartstudio.vn\/wp-content\/uploads\/2020\/03\/54526018_2272576089468053_1525084505319145472_n.jpg\",\"width\":958,\"height\":958,\"caption\":\"B\/S Art Studio\"},\"image\":{\"@id\":\"https:\/\/bsartstudio.vn\/ja\/#\/schema\/logo\/image\/\"}}]}<\/script>\n<!-- \/ Yoast SEO plugin. -->","yoast_head_json":{"title":"\"V\u1ec1 Qu\u00ea\" - B\/S Art Studio","robots":{"index":"index","follow":"follow","max-snippet":"max-snippet:-1","max-image-preview":"max-image-preview:large","max-video-preview":"max-video-preview:-1"},"canonical":"https:\/\/bsartstudio.vn\/vi\/products\/ve-que\/","og_locale":"vi_VN","og_type":"article","og_title":"\"V\u1ec1 Qu\u00ea\" - B\/S Art Studio","og_description":"\ud83d\udc95 C\u1ea3nh l\u00e0ng qu\u00ea Vi\u1ec7t Nam. \"\u0110\u01b0\u1eddng qu\u00ea, \u0111\u01b0a t\u00f4i v\u1ec1 nh\u00e0 V\u1ec1 n\u01a1i, t\u00f4i thu\u1ed9c v\u1ec1 ... \" H\u00ecnh \u1ea3nh con tr\u00e2u th\u01b0\u1eddng xu\u1ea5t hi\u1ec7n nhi\u1ec1u trong v\u0103n h\u00f3a ph\u01b0\u01a1ng \u0110\u00f4ng v\u00e0 \u0111\u1eb7c bi\u1ec7t g\u1ea7n g\u0169i v\u1edbi l\u00e0ng qu\u00ea Vi\u1ec7t Nam. D\u00e1ng v\u1ebb ung dung, ch\u1eadm r\u00e3i, tho\u1ea3i m\u00e1i, ch\u00fa Tr\u00e2u, ch\u00fa Ngh\u00e9 mang \u0111\u1eb7c s\u1ea3n qu\u00ea h\u01b0\u01a1ng (m\u0103ng) c\u00f9ng ng\u01b0\u1eddi b\u1ea1n \u0111\u1ed3ng h\u00e0nh c\u1ee7a m\u00ecnh \u0111ang tr\u00ean \u0111\u01b0\u1eddng tr\u1edf v\u1ec1 l\u1ea1i qu\u00ea h\u01b0\u01a1ng, th\u0103m l\u1ea1i ngu\u1ed3n c\u1ed9i","og_url":"https:\/\/bsartstudio.vn\/vi\/products\/ve-que\/","og_site_name":"B\/S Art Studio","article_modified_time":"2023-01-15T07:33:24+00:00","og_image":[{"width":1920,"height":1547,"url":"https:\/\/bsartstudio.vn\/wp-content\/uploads\/2020\/06\/On-the-way-home-Childhood-village.jpg","type":"image\/jpeg"}],"twitter_card":"summary_large_image","schema":{"@context":"https:\/\/schema.org","@graph":[{"@type":"WebPage","@id":"https:\/\/bsartstudio.vn\/vi\/products\/ve-que\/","url":"https:\/\/bsartstudio.vn\/vi\/products\/ve-que\/","name":"\"V\u1ec1 Qu\u00ea\" - B\/S Art Studio","isPartOf":{"@id":"https:\/\/bsartstudio.vn\/ja\/#website"},"primaryImageOfPage":{"@id":"https:\/\/bsartstudio.vn\/vi\/products\/ve-que\/#primaryimage"},"image":{"@id":"https:\/\/bsartstudio.vn\/vi\/products\/ve-que\/#primaryimage"},"thumbnailUrl":"https:\/\/bsartstudio.vn\/wp-content\/uploads\/2020\/06\/On-The-Way-Home-1.jpg","datePublished":"2020-06-04T10:30:48+00:00","dateModified":"2023-01-15T07:33:24+00:00","breadcrumb":{"@id":"https:\/\/bsartstudio.vn\/vi\/products\/ve-que\/#breadcrumb"},"inLanguage":"vi-VN","potentialAction":[{"@type":"ReadAction","target":["https:\/\/bsartstudio.vn\/vi\/products\/ve-que\/"]}]},{"@type":"ImageObject","inLanguage":"vi-VN","@id":"https:\/\/bsartstudio.vn\/vi\/products\/ve-que\/#primaryimage","url":"https:\/\/bsartstudio.vn\/wp-content\/uploads\/2020\/06\/On-The-Way-Home-1.jpg","contentUrl":"https:\/\/bsartstudio.vn\/wp-content\/uploads\/2020\/06\/On-The-Way-Home-1.jpg","width":1920,"height":1920,"caption":"On The Way Home"},{"@type":"BreadcrumbList","@id":"https:\/\/bsartstudio.vn\/vi\/products\/ve-que\/#breadcrumb","itemListElement":[{"@type":"ListItem","position":1,"name":"Home","item":"https:\/\/bsartstudio.vn\/en\/"},{"@type":"ListItem","position":2,"name":"Shop","item":"https:\/\/bsartstudio.vn\/en\/shop\/"},{"@type":"ListItem","position":3,"name":"&#8220;V\u1ec1 Qu\u00ea&#8221;"}]},{"@type":"WebSite","@id":"https:\/\/bsartstudio.vn\/ja\/#website","url":"https:\/\/bsartstudio.vn\/ja\/","name":"B\/S Art Studio","description":"","publisher":{"@id":"https:\/\/bsartstudio.vn\/ja\/#organization"},"potentialAction":[{"@type":"SearchAction","target":{"@type":"EntryPoint","urlTemplate":"https:\/\/bsartstudio.vn\/ja\/?s={search_term_string}"},"query-input":{"@type":"PropertyValueSpecification","valueRequired":true,"valueName":"search_term_string"}}],"inLanguage":"vi-VN"},{"@type":"Organization","@id":"https:\/\/bsartstudio.vn\/ja\/#organization","name":"B\/S Art Studio","url":"https:\/\/bsartstudio.vn\/ja\/","logo":{"@type":"ImageObject","inLanguage":"vi-VN","@id":"https:\/\/bsartstudio.vn\/ja\/#\/schema\/logo\/image\/","url":"https:\/\/bsartstudio.vn\/wp-content\/uploads\/2020\/03\/54526018_2272576089468053_1525084505319145472_n.jpg","contentUrl":"https:\/\/bsartstudio.vn\/wp-content\/uploads\/2020\/03\/54526018_2272576089468053_1525084505319145472_n.jpg","width":958,"height":958,"caption":"B\/S Art Studio"},"image":{"@id":"https:\/\/bsartstudio.vn\/ja\/#\/schema\/logo\/image\/"}}]}},"_links":{"self":[{"href":"https:\/\/bsartstudio.vn\/vi\/wp-json\/wp\/v2\/product\/2861"}],"collection":[{"href":"https:\/\/bsartstudio.vn\/vi\/wp-json\/wp\/v2\/product"}],"about":[{"href":"https:\/\/bsartstudio.vn\/vi\/wp-json\/wp\/v2\/types\/product"}],"wp:featuredmedia":[{"embeddable":true,"href":"https:\/\/bsartstudio.vn\/vi\/wp-json\/wp\/v2\/media\/9516"}],"wp:attachment":[{"href":"https:\/\/bsartstudio.vn\/vi\/wp-json\/wp\/v2\/media?parent=2861"}],"wp:term":[{"taxonomy":"product_cat","embeddable":true,"href":"https:\/\/bsartstudio.vn\/vi\/wp-json\/wp\/v2\/product_cat?post=2861"},{"taxonomy":"product_tag","embeddable":true,"href":"https:\/\/bsartstudio.vn\/vi\/wp-json\/wp\/v2\/product_tag?post=2861"}],"curies":[{"name":"wp","href":"https:\/\/api.w.org\/{rel}","templated":true}]}}