{"id":2278,"date":"2020-05-06T15:02:31","date_gmt":"2020-05-06T08:02:31","guid":{"rendered":"https:\/\/bsartstudio.vn\/products\/moc-khoa-trau-vang-pig-moon\/"},"modified":"2023-10-05T18:09:32","modified_gmt":"2023-10-05T11:09:32","slug":"moc-khoa-trau-vang-pig-moon","status":"publish","type":"product","link":"https:\/\/bsartstudio.vn\/vi\/products\/moc-khoa-trau-vang-pig-moon\/","title":{"rendered":"M\u00f3c kh\u00f3a &#8220;Pig Moon &#8211; H\u00e3y theo \u0111u\u1ed5i gi\u1ea5c m\u01a1 c\u1ee7a b\u1ea1n&#8221;"},"content":{"rendered":"<p>M\u00f3c kh\u00f3a &#8220;Pig Moon &#8211; H\u00e3y theo \u0111u\u1ed5i gi\u1ea5c m\u01a1 c\u1ee7a b\u1ea1n&#8221;<\/p>\n<p>Ch\u1ea5t li\u1ec7u: Mica<br \/>\nK\u00edch th\u01b0\u1edbc: 7cm x 6cm\u00a0<\/p>\n","protected":false},"excerpt":{"rendered":"<p>\ud83c\udf19 C\u00e2u chuy\u1ec7n \u201cTr\u00e2u V\u00e0ng v\u00e0 C\u1eadu B\u00e9 \u2013 S\u1ef1 huy\u1ec1n di\u1ec7u c\u1ee7a \u00c1nh Tr\u0103ng\u201d k\u1ec3 v\u1ec1 h\u00e0nh tr\u00ecnh bi\u1ebfn \u0111\u1ed5i v\u00e0 tr\u01b0\u1edfng th\u00e0nh k\u1ef3 di\u1ec7u c\u1ee7a Tr\u00e2u V\u00e0ng v\u00e0 C\u1eadu B\u00e9. S\u1ef1 huy\u1ec1n di\u1ec7u c\u1ee7a \u00e1nh tr\u0103ng ph\u1ea3n \u00e1nh nh\u1eefng ph\u1ea9m ch\u1ea5t v\u1ec1 ki\u1ebfn th\u1ee9c v\u00e0 \u0111\u1ee9c t\u00ednh cao \u0111\u1eb9p c\u1ee7a ng\u01b0\u1eddi d\u00e2n Vi\u1ec7t Nam. C\u00e2u chuy\u1ec7n mang \u0111\u1eadm h\u00ecnh \u1ea3nh l\u00e0ng qu\u00ea Vi\u1ec7t Nam.<\/p>\n<p>M\u00f3c kh\u00f3a Pig Moon &#8211; Chase your Dreams<br \/>\nM\u00f3n qu\u00e0 t\u1eb7ng nh\u1ecf xinh c\u00f3 t\u00ean nh\u00e2n v\u1eadt v\u00e0 th\u00f4ng \u0111i\u1ec7p \u00fd ngh\u0129a, \u0111\u01b0\u1ee3c B\/S Art Studio thi\u1ebft k\u1ebf \u0111\u1eb7c bi\u1ec7t g\u1ed3m c\u1ea3 m\u1eb7t tr\u01b0\u1edbc v\u00e0 m\u1eb7t sau s\u1ebd tr\u1edf th\u00e0nh ng\u01b0\u1eddi b\u1ea1n nh\u1ecf \u0111\u1ed3ng h\u00e0nh ti\u1ebfp th\u00eam \u0111\u1ed9ng l\u1ef1c cho b\u1ea1n m\u1ed7i ng\u00e0y nha<\/p>\n","protected":false},"featured_media":8212,"template":"","meta":{"_et_pb_use_builder":"","_et_pb_old_content":"","_et_gb_content_width":""},"product_cat":[190,72,70],"product_tag":[181,297,453],"yoast_head":"<!-- This site is optimized with the Yoast SEO plugin v24.5 - https:\/\/yoast.com\/wordpress\/plugins\/seo\/ -->\n<title>M\u00f3c kh\u00f3a &quot;Pig Moon - H\u00e3y theo \u0111u\u1ed5i gi\u1ea5c m\u01a1 c\u1ee7a b\u1ea1n&quot; - B\/S Art Studio<\/title>\n<meta name=\"robots\" content=\"index, follow, max-snippet:-1, max-image-preview:large, max-video-preview:-1\" \/>\n<link rel=\"canonical\" href=\"https:\/\/bsartstudio.vn\/vi\/products\/moc-khoa-trau-vang-pig-moon\/\" \/>\n<meta property=\"og:locale\" content=\"vi_VN\" \/>\n<meta property=\"og:type\" content=\"article\" \/>\n<meta property=\"og:title\" content=\"M\u00f3c kh\u00f3a &quot;Pig Moon - H\u00e3y theo \u0111u\u1ed5i gi\u1ea5c m\u01a1 c\u1ee7a b\u1ea1n&quot; - B\/S Art Studio\" \/>\n<meta property=\"og:description\" content=\"\ud83c\udf19 C\u00e2u chuy\u1ec7n \u201cTr\u00e2u V\u00e0ng v\u00e0 C\u1eadu B\u00e9 \u2013 S\u1ef1 huy\u1ec1n di\u1ec7u c\u1ee7a \u00c1nh Tr\u0103ng\u201d k\u1ec3 v\u1ec1 h\u00e0nh tr\u00ecnh bi\u1ebfn \u0111\u1ed5i v\u00e0 tr\u01b0\u1edfng th\u00e0nh k\u1ef3 di\u1ec7u c\u1ee7a Tr\u00e2u V\u00e0ng v\u00e0 C\u1eadu B\u00e9. S\u1ef1 huy\u1ec1n di\u1ec7u c\u1ee7a \u00e1nh tr\u0103ng ph\u1ea3n \u00e1nh nh\u1eefng ph\u1ea9m ch\u1ea5t v\u1ec1 ki\u1ebfn th\u1ee9c v\u00e0 \u0111\u1ee9c t\u00ednh cao \u0111\u1eb9p c\u1ee7a ng\u01b0\u1eddi d\u00e2n Vi\u1ec7t Nam. C\u00e2u chuy\u1ec7n mang \u0111\u1eadm h\u00ecnh \u1ea3nh l\u00e0ng qu\u00ea Vi\u1ec7t Nam. M\u00f3c kh\u00f3a Pig Moon - Chase your Dreams  M\u00f3n qu\u00e0 t\u1eb7ng nh\u1ecf xinh c\u00f3 t\u00ean nh\u00e2n v\u1eadt v\u00e0 th\u00f4ng \u0111i\u1ec7p \u00fd ngh\u0129a, \u0111\u01b0\u1ee3c B\/S Art Studio thi\u1ebft k\u1ebf \u0111\u1eb7c bi\u1ec7t g\u1ed3m c\u1ea3 m\u1eb7t tr\u01b0\u1edbc v\u00e0 m\u1eb7t sau s\u1ebd tr\u1edf th\u00e0nh ng\u01b0\u1eddi b\u1ea1n nh\u1ecf \u0111\u1ed3ng h\u00e0nh ti\u1ebfp th\u00eam \u0111\u1ed9ng l\u1ef1c cho b\u1ea1n m\u1ed7i ng\u00e0y nha\" \/>\n<meta property=\"og:url\" content=\"https:\/\/bsartstudio.vn\/vi\/products\/moc-khoa-trau-vang-pig-moon\/\" \/>\n<meta property=\"og:site_name\" content=\"B\/S Art Studio\" \/>\n<meta property=\"article:modified_time\" content=\"2023-10-05T11:09:32+00:00\" \/>\n<meta property=\"og:image\" content=\"https:\/\/bsartstudio.vn\/wp-content\/uploads\/2020\/05\/Moc-khoa-Pig-Moon-2.jpg\" \/>\n\t<meta property=\"og:image:width\" content=\"1920\" \/>\n\t<meta property=\"og:image:height\" content=\"1920\" \/>\n\t<meta property=\"og:image:type\" content=\"image\/jpeg\" \/>\n<meta name=\"twitter:card\" content=\"summary_large_image\" \/>\n<script type=\"application\/ld+json\" class=\"yoast-schema-graph\">{\"@context\":\"https:\/\/schema.org\",\"@graph\":[{\"@type\":\"WebPage\",\"@id\":\"https:\/\/bsartstudio.vn\/vi\/products\/moc-khoa-trau-vang-pig-moon\/\",\"url\":\"https:\/\/bsartstudio.vn\/vi\/products\/moc-khoa-trau-vang-pig-moon\/\",\"name\":\"M\u00f3c kh\u00f3a \\\"Pig Moon - H\u00e3y theo \u0111u\u1ed5i gi\u1ea5c m\u01a1 c\u1ee7a b\u1ea1n\\\" - B\/S Art Studio\",\"isPartOf\":{\"@id\":\"https:\/\/bsartstudio.vn\/ja\/#website\"},\"primaryImageOfPage\":{\"@id\":\"https:\/\/bsartstudio.vn\/vi\/products\/moc-khoa-trau-vang-pig-moon\/#primaryimage\"},\"image\":{\"@id\":\"https:\/\/bsartstudio.vn\/vi\/products\/moc-khoa-trau-vang-pig-moon\/#primaryimage\"},\"thumbnailUrl\":\"https:\/\/bsartstudio.vn\/wp-content\/uploads\/2020\/05\/Moc-khoa-Pig-Moon-8.jpg\",\"datePublished\":\"2020-05-06T08:02:31+00:00\",\"dateModified\":\"2023-10-05T11:09:32+00:00\",\"breadcrumb\":{\"@id\":\"https:\/\/bsartstudio.vn\/vi\/products\/moc-khoa-trau-vang-pig-moon\/#breadcrumb\"},\"inLanguage\":\"vi-VN\",\"potentialAction\":[{\"@type\":\"ReadAction\",\"target\":[\"https:\/\/bsartstudio.vn\/vi\/products\/moc-khoa-trau-vang-pig-moon\/\"]}]},{\"@type\":\"ImageObject\",\"inLanguage\":\"vi-VN\",\"@id\":\"https:\/\/bsartstudio.vn\/vi\/products\/moc-khoa-trau-vang-pig-moon\/#primaryimage\",\"url\":\"https:\/\/bsartstudio.vn\/wp-content\/uploads\/2020\/05\/Moc-khoa-Pig-Moon-8.jpg\",\"contentUrl\":\"https:\/\/bsartstudio.vn\/wp-content\/uploads\/2020\/05\/Moc-khoa-Pig-Moon-8.jpg\",\"width\":1657,\"height\":1657,\"caption\":\"\\\"Pig Moon - Chase your Dreams\\\" Keychain\"},{\"@type\":\"BreadcrumbList\",\"@id\":\"https:\/\/bsartstudio.vn\/vi\/products\/moc-khoa-trau-vang-pig-moon\/#breadcrumb\",\"itemListElement\":[{\"@type\":\"ListItem\",\"position\":1,\"name\":\"Home\",\"item\":\"https:\/\/bsartstudio.vn\/en\/\"},{\"@type\":\"ListItem\",\"position\":2,\"name\":\"Shop\",\"item\":\"https:\/\/bsartstudio.vn\/en\/shop\/\"},{\"@type\":\"ListItem\",\"position\":3,\"name\":\"M\u00f3c kh\u00f3a &#8220;Pig Moon &#8211; H\u00e3y theo \u0111u\u1ed5i gi\u1ea5c m\u01a1 c\u1ee7a b\u1ea1n&#8221;\"}]},{\"@type\":\"WebSite\",\"@id\":\"https:\/\/bsartstudio.vn\/ja\/#website\",\"url\":\"https:\/\/bsartstudio.vn\/ja\/\",\"name\":\"B\/S Art Studio\",\"description\":\"\",\"publisher\":{\"@id\":\"https:\/\/bsartstudio.vn\/ja\/#organization\"},\"potentialAction\":[{\"@type\":\"SearchAction\",\"target\":{\"@type\":\"EntryPoint\",\"urlTemplate\":\"https:\/\/bsartstudio.vn\/ja\/?s={search_term_string}\"},\"query-input\":{\"@type\":\"PropertyValueSpecification\",\"valueRequired\":true,\"valueName\":\"search_term_string\"}}],\"inLanguage\":\"vi-VN\"},{\"@type\":\"Organization\",\"@id\":\"https:\/\/bsartstudio.vn\/ja\/#organization\",\"name\":\"B\/S Art Studio\",\"url\":\"https:\/\/bsartstudio.vn\/ja\/\",\"logo\":{\"@type\":\"ImageObject\",\"inLanguage\":\"vi-VN\",\"@id\":\"https:\/\/bsartstudio.vn\/ja\/#\/schema\/logo\/image\/\",\"url\":\"https:\/\/bsartstudio.vn\/wp-content\/uploads\/2020\/03\/54526018_2272576089468053_1525084505319145472_n.jpg\",\"contentUrl\":\"https:\/\/bsartstudio.vn\/wp-content\/uploads\/2020\/03\/54526018_2272576089468053_1525084505319145472_n.jpg\",\"width\":958,\"height\":958,\"caption\":\"B\/S Art Studio\"},\"image\":{\"@id\":\"https:\/\/bsartstudio.vn\/ja\/#\/schema\/logo\/image\/\"}}]}<\/script>\n<!-- \/ Yoast SEO plugin. -->","yoast_head_json":{"title":"M\u00f3c kh\u00f3a \"Pig Moon - H\u00e3y theo \u0111u\u1ed5i gi\u1ea5c m\u01a1 c\u1ee7a b\u1ea1n\" - B\/S Art Studio","robots":{"index":"index","follow":"follow","max-snippet":"max-snippet:-1","max-image-preview":"max-image-preview:large","max-video-preview":"max-video-preview:-1"},"canonical":"https:\/\/bsartstudio.vn\/vi\/products\/moc-khoa-trau-vang-pig-moon\/","og_locale":"vi_VN","og_type":"article","og_title":"M\u00f3c kh\u00f3a \"Pig Moon - H\u00e3y theo \u0111u\u1ed5i gi\u1ea5c m\u01a1 c\u1ee7a b\u1ea1n\" - B\/S Art Studio","og_description":"\ud83c\udf19 C\u00e2u chuy\u1ec7n \u201cTr\u00e2u V\u00e0ng v\u00e0 C\u1eadu B\u00e9 \u2013 S\u1ef1 huy\u1ec1n di\u1ec7u c\u1ee7a \u00c1nh Tr\u0103ng\u201d k\u1ec3 v\u1ec1 h\u00e0nh tr\u00ecnh bi\u1ebfn \u0111\u1ed5i v\u00e0 tr\u01b0\u1edfng th\u00e0nh k\u1ef3 di\u1ec7u c\u1ee7a Tr\u00e2u V\u00e0ng v\u00e0 C\u1eadu B\u00e9. S\u1ef1 huy\u1ec1n di\u1ec7u c\u1ee7a \u00e1nh tr\u0103ng ph\u1ea3n \u00e1nh nh\u1eefng ph\u1ea9m ch\u1ea5t v\u1ec1 ki\u1ebfn th\u1ee9c v\u00e0 \u0111\u1ee9c t\u00ednh cao \u0111\u1eb9p c\u1ee7a ng\u01b0\u1eddi d\u00e2n Vi\u1ec7t Nam. C\u00e2u chuy\u1ec7n mang \u0111\u1eadm h\u00ecnh \u1ea3nh l\u00e0ng qu\u00ea Vi\u1ec7t Nam. M\u00f3c kh\u00f3a Pig Moon - Chase your Dreams  M\u00f3n qu\u00e0 t\u1eb7ng nh\u1ecf xinh c\u00f3 t\u00ean nh\u00e2n v\u1eadt v\u00e0 th\u00f4ng \u0111i\u1ec7p \u00fd ngh\u0129a, \u0111\u01b0\u1ee3c B\/S Art Studio thi\u1ebft k\u1ebf \u0111\u1eb7c bi\u1ec7t g\u1ed3m c\u1ea3 m\u1eb7t tr\u01b0\u1edbc v\u00e0 m\u1eb7t sau s\u1ebd tr\u1edf th\u00e0nh ng\u01b0\u1eddi b\u1ea1n nh\u1ecf \u0111\u1ed3ng h\u00e0nh ti\u1ebfp th\u00eam \u0111\u1ed9ng l\u1ef1c cho b\u1ea1n m\u1ed7i ng\u00e0y nha","og_url":"https:\/\/bsartstudio.vn\/vi\/products\/moc-khoa-trau-vang-pig-moon\/","og_site_name":"B\/S Art Studio","article_modified_time":"2023-10-05T11:09:32+00:00","og_image":[{"width":1920,"height":1920,"url":"https:\/\/bsartstudio.vn\/wp-content\/uploads\/2020\/05\/Moc-khoa-Pig-Moon-2.jpg","type":"image\/jpeg"}],"twitter_card":"summary_large_image","schema":{"@context":"https:\/\/schema.org","@graph":[{"@type":"WebPage","@id":"https:\/\/bsartstudio.vn\/vi\/products\/moc-khoa-trau-vang-pig-moon\/","url":"https:\/\/bsartstudio.vn\/vi\/products\/moc-khoa-trau-vang-pig-moon\/","name":"M\u00f3c kh\u00f3a \"Pig Moon - H\u00e3y theo \u0111u\u1ed5i gi\u1ea5c m\u01a1 c\u1ee7a b\u1ea1n\" - B\/S Art Studio","isPartOf":{"@id":"https:\/\/bsartstudio.vn\/ja\/#website"},"primaryImageOfPage":{"@id":"https:\/\/bsartstudio.vn\/vi\/products\/moc-khoa-trau-vang-pig-moon\/#primaryimage"},"image":{"@id":"https:\/\/bsartstudio.vn\/vi\/products\/moc-khoa-trau-vang-pig-moon\/#primaryimage"},"thumbnailUrl":"https:\/\/bsartstudio.vn\/wp-content\/uploads\/2020\/05\/Moc-khoa-Pig-Moon-8.jpg","datePublished":"2020-05-06T08:02:31+00:00","dateModified":"2023-10-05T11:09:32+00:00","breadcrumb":{"@id":"https:\/\/bsartstudio.vn\/vi\/products\/moc-khoa-trau-vang-pig-moon\/#breadcrumb"},"inLanguage":"vi-VN","potentialAction":[{"@type":"ReadAction","target":["https:\/\/bsartstudio.vn\/vi\/products\/moc-khoa-trau-vang-pig-moon\/"]}]},{"@type":"ImageObject","inLanguage":"vi-VN","@id":"https:\/\/bsartstudio.vn\/vi\/products\/moc-khoa-trau-vang-pig-moon\/#primaryimage","url":"https:\/\/bsartstudio.vn\/wp-content\/uploads\/2020\/05\/Moc-khoa-Pig-Moon-8.jpg","contentUrl":"https:\/\/bsartstudio.vn\/wp-content\/uploads\/2020\/05\/Moc-khoa-Pig-Moon-8.jpg","width":1657,"height":1657,"caption":"\"Pig Moon - Chase your Dreams\" Keychain"},{"@type":"BreadcrumbList","@id":"https:\/\/bsartstudio.vn\/vi\/products\/moc-khoa-trau-vang-pig-moon\/#breadcrumb","itemListElement":[{"@type":"ListItem","position":1,"name":"Home","item":"https:\/\/bsartstudio.vn\/en\/"},{"@type":"ListItem","position":2,"name":"Shop","item":"https:\/\/bsartstudio.vn\/en\/shop\/"},{"@type":"ListItem","position":3,"name":"M\u00f3c kh\u00f3a &#8220;Pig Moon &#8211; H\u00e3y theo \u0111u\u1ed5i gi\u1ea5c m\u01a1 c\u1ee7a b\u1ea1n&#8221;"}]},{"@type":"WebSite","@id":"https:\/\/bsartstudio.vn\/ja\/#website","url":"https:\/\/bsartstudio.vn\/ja\/","name":"B\/S Art Studio","description":"","publisher":{"@id":"https:\/\/bsartstudio.vn\/ja\/#organization"},"potentialAction":[{"@type":"SearchAction","target":{"@type":"EntryPoint","urlTemplate":"https:\/\/bsartstudio.vn\/ja\/?s={search_term_string}"},"query-input":{"@type":"PropertyValueSpecification","valueRequired":true,"valueName":"search_term_string"}}],"inLanguage":"vi-VN"},{"@type":"Organization","@id":"https:\/\/bsartstudio.vn\/ja\/#organization","name":"B\/S Art Studio","url":"https:\/\/bsartstudio.vn\/ja\/","logo":{"@type":"ImageObject","inLanguage":"vi-VN","@id":"https:\/\/bsartstudio.vn\/ja\/#\/schema\/logo\/image\/","url":"https:\/\/bsartstudio.vn\/wp-content\/uploads\/2020\/03\/54526018_2272576089468053_1525084505319145472_n.jpg","contentUrl":"https:\/\/bsartstudio.vn\/wp-content\/uploads\/2020\/03\/54526018_2272576089468053_1525084505319145472_n.jpg","width":958,"height":958,"caption":"B\/S Art Studio"},"image":{"@id":"https:\/\/bsartstudio.vn\/ja\/#\/schema\/logo\/image\/"}}]}},"_links":{"self":[{"href":"https:\/\/bsartstudio.vn\/vi\/wp-json\/wp\/v2\/product\/2278"}],"collection":[{"href":"https:\/\/bsartstudio.vn\/vi\/wp-json\/wp\/v2\/product"}],"about":[{"href":"https:\/\/bsartstudio.vn\/vi\/wp-json\/wp\/v2\/types\/product"}],"wp:featuredmedia":[{"embeddable":true,"href":"https:\/\/bsartstudio.vn\/vi\/wp-json\/wp\/v2\/media\/8212"}],"wp:attachment":[{"href":"https:\/\/bsartstudio.vn\/vi\/wp-json\/wp\/v2\/media?parent=2278"}],"wp:term":[{"taxonomy":"product_cat","embeddable":true,"href":"https:\/\/bsartstudio.vn\/vi\/wp-json\/wp\/v2\/product_cat?post=2278"},{"taxonomy":"product_tag","embeddable":true,"href":"https:\/\/bsartstudio.vn\/vi\/wp-json\/wp\/v2\/product_tag?post=2278"}],"curies":[{"name":"wp","href":"https:\/\/api.w.org\/{rel}","templated":true}]}}