{"id":2253,"date":"2020-05-05T16:07:02","date_gmt":"2020-05-05T09:07:02","guid":{"rendered":"https:\/\/bsartstudio.vn\/products\/tac-pham-trau-vang-va-cau-be-4\/"},"modified":"2020-05-06T13:02:51","modified_gmt":"2020-05-06T06:02:51","slug":"tac-pham-trau-vang-va-cau-be-4","status":"publish","type":"product","link":"https:\/\/bsartstudio.vn\/vi\/products\/tac-pham-trau-vang-va-cau-be-4\/","title":{"rendered":"T\u00e1c ph\u1ea9m \u201cTr\u00e2u V\u00e0ng v\u00e0 C\u1eadu B\u00e9 4\u201d"},"content":{"rendered":"<p>T\u00e1c ph\u1ea9m v\u1edbi h\u00ecnh \u1ea3nh v\u1ec1 &#8220;Tr\u00e2u V\u00e0ng v\u00e0 C\u1eadu B\u00e9&#8221; mang s\u1ef1 vui t\u01b0\u01a1i \u0111\u1ebfn m\u1ecdi ng\u01b0\u1eddi.<\/p>\n<p>K\u00edch th\u01b0\u1edbc nh\u1ecf ph\u00f9 h\u1ee3p trang tr\u00ed b\u00e0n h\u1ecdc, b\u00e0n l\u00e0m vi\u1ec7c.<\/p>\n<p>C\u00e2u chuy\u1ec7n mang t\u00ednh gi\u00e1o d\u1ee5c ph\u00f9 h\u1ee3p v\u1edbi tr\u1ebb em.<\/p>\n<p>Ch\u1ea5t li\u1ec7u: Canvas<br \/>\nM\u00e0u: Acrylic<br \/>\nK\u00edch th\u01b0\u1edbc: 25 cm x 25 cm<\/p>\n","protected":false},"excerpt":{"rendered":"<p>\ud83c\udf19 C\u00e2u chuy\u1ec7n \u201cTr\u00e2u V\u00e0ng v\u00e0 C\u1eadu B\u00e9 \u2013 S\u1ef1 huy\u1ec1n di\u1ec7u c\u1ee7a \u00c1nh Tr\u0103ng\u201d k\u1ec3 v\u1ec1 h\u00e0nh tr\u00ecnh bi\u1ebfn \u0111\u1ed5i v\u00e0 tr\u01b0\u1edfng th\u00e0nh k\u1ef3 di\u1ec7u c\u1ee7a Tr\u00e2u V\u00e0ng v\u00e0 C\u1eadu B\u00e9. S\u1ef1 huy\u1ec1n di\u1ec7u c\u1ee7a \u00e1nh tr\u0103ng ph\u1ea3n \u00e1nh nh\u1eefng ph\u1ea9m ch\u1ea5t v\u1ec1 ki\u1ebfn th\u1ee9c v\u00e0 \u0111\u1ee9c t\u00ednh cao \u0111\u1eb9p c\u1ee7a ng\u01b0\u1eddi d\u00e2n Vi\u1ec7t Nam. C\u00e2u chuy\u1ec7n mang \u0111\u1eadm h\u00ecnh \u1ea3nh l\u00e0ng qu\u00ea Vi\u1ec7t Nam.<\/p>\n<p>\u2728 Th\u00f4ng qua c\u00e2u chuy\u1ec7n, c\u00e1c h\u1ecda s\u0129 t\u1ea1i B\/S Art Studio mong mu\u1ed1n kh\u01a1i d\u1eady nh\u1eefng tr\u00e1i tim m\u1ed9c m\u1ea1c, ch\u00e2n th\u1eadt, l\u00f2ng t\u1ed1t b\u1ee5ng v\u00e0 t\u00ecnh y\u00eau th\u01b0\u01a1ng trong m\u1ed7i ng\u01b0\u1eddi. H\u00ecnh \u1ea3nh C\u1eadu B\u00e9 \u0111\u1ea1i di\u1ec7n cho \u201cgi\u1ea5c m\u01a1, h\u00ecnh m\u1eabu\u201d v\u00e0 gi\u1ed1ng nh\u01b0 ch\u00fa Tr\u00e2u V\u00e0ng, m\u1ed7i c\u00e1 nh\u00e2n ch\u00fang ta \u0111\u1ec1u c\u00f3 \u01b0\u1edbc m\u01a1 v\u00e0 lu\u00f4n mu\u1ed1n thay \u0111\u1ed5i, h\u1ecdc h\u1ecfi \u0111\u1ec3 \u0111\u1ea1t \u0111\u01b0\u1ee3c \u01b0\u1edbc m\u01a1 c\u1ee7a m\u00ecnh. \u00c1nh Tr\u0103ng ch\u00ednh l\u00e0 h\u00ecnh \u1ea3nh \u1ea9n d\u1ee5 c\u1ee7a ki\u1ebfn th\u1ee9c, kinh nghi\u1ec7m v\u00e0 k\u1ef9 n\u0103ng \u2013 nh\u1eefng th\u1ee9 quan tr\u1ecdng gi\u00fap ch\u00fang ta x\u00e2y d\u1ef1ng b\u1ea3n th\u00e2n th\u00e0nh m\u1ed9t ng\u01b0\u1eddi ho\u00e0n thi\u1ec7n h\u01a1n.<\/p>\n","protected":false},"featured_media":2188,"template":"","meta":{"_et_pb_use_builder":"","_et_pb_old_content":"","_et_gb_content_width":""},"product_cat":[70,63],"product_tag":[],"yoast_head":"<!-- This site is optimized with the Yoast SEO plugin v24.5 - https:\/\/yoast.com\/wordpress\/plugins\/seo\/ -->\n<title>T\u00e1c ph\u1ea9m \u201cTr\u00e2u V\u00e0ng v\u00e0 C\u1eadu B\u00e9 4\u201d - B\/S Art Studio<\/title>\n<meta name=\"robots\" content=\"index, follow, max-snippet:-1, max-image-preview:large, max-video-preview:-1\" \/>\n<link rel=\"canonical\" href=\"https:\/\/bsartstudio.vn\/vi\/products\/tac-pham-trau-vang-va-cau-be-4\/\" \/>\n<meta property=\"og:locale\" content=\"vi_VN\" \/>\n<meta property=\"og:type\" content=\"article\" \/>\n<meta property=\"og:title\" content=\"T\u00e1c ph\u1ea9m \u201cTr\u00e2u V\u00e0ng v\u00e0 C\u1eadu B\u00e9 4\u201d - B\/S Art Studio\" \/>\n<meta property=\"og:description\" content=\"\ud83c\udf19 C\u00e2u chuy\u1ec7n \u201cTr\u00e2u V\u00e0ng v\u00e0 C\u1eadu B\u00e9 \u2013 S\u1ef1 huy\u1ec1n di\u1ec7u c\u1ee7a \u00c1nh Tr\u0103ng\u201d k\u1ec3 v\u1ec1 h\u00e0nh tr\u00ecnh bi\u1ebfn \u0111\u1ed5i v\u00e0 tr\u01b0\u1edfng th\u00e0nh k\u1ef3 di\u1ec7u c\u1ee7a Tr\u00e2u V\u00e0ng v\u00e0 C\u1eadu B\u00e9. S\u1ef1 huy\u1ec1n di\u1ec7u c\u1ee7a \u00e1nh tr\u0103ng ph\u1ea3n \u00e1nh nh\u1eefng ph\u1ea9m ch\u1ea5t v\u1ec1 ki\u1ebfn th\u1ee9c v\u00e0 \u0111\u1ee9c t\u00ednh cao \u0111\u1eb9p c\u1ee7a ng\u01b0\u1eddi d\u00e2n Vi\u1ec7t Nam. C\u00e2u chuy\u1ec7n mang \u0111\u1eadm h\u00ecnh \u1ea3nh l\u00e0ng qu\u00ea Vi\u1ec7t Nam. \u2728 Th\u00f4ng qua c\u00e2u chuy\u1ec7n, c\u00e1c h\u1ecda s\u0129 t\u1ea1i B\/S Art Studio mong mu\u1ed1n kh\u01a1i d\u1eady nh\u1eefng tr\u00e1i tim m\u1ed9c m\u1ea1c, ch\u00e2n th\u1eadt, l\u00f2ng t\u1ed1t b\u1ee5ng v\u00e0 t\u00ecnh y\u00eau th\u01b0\u01a1ng trong m\u1ed7i ng\u01b0\u1eddi. H\u00ecnh \u1ea3nh C\u1eadu B\u00e9 \u0111\u1ea1i di\u1ec7n cho \u201cgi\u1ea5c m\u01a1, h\u00ecnh m\u1eabu\u201d v\u00e0 gi\u1ed1ng nh\u01b0 ch\u00fa Tr\u00e2u V\u00e0ng, m\u1ed7i c\u00e1 nh\u00e2n ch\u00fang ta \u0111\u1ec1u c\u00f3 \u01b0\u1edbc m\u01a1 v\u00e0 lu\u00f4n mu\u1ed1n thay \u0111\u1ed5i, h\u1ecdc h\u1ecfi \u0111\u1ec3 \u0111\u1ea1t \u0111\u01b0\u1ee3c \u01b0\u1edbc m\u01a1 c\u1ee7a m\u00ecnh. \u00c1nh Tr\u0103ng ch\u00ednh l\u00e0 h\u00ecnh \u1ea3nh \u1ea9n d\u1ee5 c\u1ee7a ki\u1ebfn th\u1ee9c, kinh nghi\u1ec7m v\u00e0 k\u1ef9 n\u0103ng \u2013 nh\u1eefng th\u1ee9 quan tr\u1ecdng gi\u00fap ch\u00fang ta x\u00e2y d\u1ef1ng b\u1ea3n th\u00e2n th\u00e0nh m\u1ed9t ng\u01b0\u1eddi ho\u00e0n thi\u1ec7n h\u01a1n.\" \/>\n<meta property=\"og:url\" content=\"https:\/\/bsartstudio.vn\/vi\/products\/tac-pham-trau-vang-va-cau-be-4\/\" \/>\n<meta property=\"og:site_name\" content=\"B\/S Art Studio\" \/>\n<meta property=\"article:modified_time\" content=\"2020-05-06T06:02:51+00:00\" \/>\n<meta property=\"og:image\" content=\"https:\/\/bsartstudio.vn\/wp-content\/uploads\/2020\/05\/tranh-pigmoon-4.jpg\" \/>\n\t<meta property=\"og:image:width\" content=\"1920\" \/>\n\t<meta property=\"og:image:height\" content=\"1749\" \/>\n\t<meta property=\"og:image:type\" content=\"image\/jpeg\" \/>\n<meta name=\"twitter:card\" content=\"summary_large_image\" \/>\n<script type=\"application\/ld+json\" class=\"yoast-schema-graph\">{\"@context\":\"https:\/\/schema.org\",\"@graph\":[{\"@type\":\"WebPage\",\"@id\":\"https:\/\/bsartstudio.vn\/vi\/products\/tac-pham-trau-vang-va-cau-be-4\/\",\"url\":\"https:\/\/bsartstudio.vn\/vi\/products\/tac-pham-trau-vang-va-cau-be-4\/\",\"name\":\"T\u00e1c ph\u1ea9m \u201cTr\u00e2u V\u00e0ng v\u00e0 C\u1eadu B\u00e9 4\u201d - B\/S Art Studio\",\"isPartOf\":{\"@id\":\"https:\/\/bsartstudio.vn\/ja\/#website\"},\"primaryImageOfPage\":{\"@id\":\"https:\/\/bsartstudio.vn\/vi\/products\/tac-pham-trau-vang-va-cau-be-4\/#primaryimage\"},\"image\":{\"@id\":\"https:\/\/bsartstudio.vn\/vi\/products\/tac-pham-trau-vang-va-cau-be-4\/#primaryimage\"},\"thumbnailUrl\":\"https:\/\/bsartstudio.vn\/wp-content\/uploads\/2020\/05\/tranh-pigmoon-4.jpg\",\"datePublished\":\"2020-05-05T09:07:02+00:00\",\"dateModified\":\"2020-05-06T06:02:51+00:00\",\"breadcrumb\":{\"@id\":\"https:\/\/bsartstudio.vn\/vi\/products\/tac-pham-trau-vang-va-cau-be-4\/#breadcrumb\"},\"inLanguage\":\"vi-VN\",\"potentialAction\":[{\"@type\":\"ReadAction\",\"target\":[\"https:\/\/bsartstudio.vn\/vi\/products\/tac-pham-trau-vang-va-cau-be-4\/\"]}]},{\"@type\":\"ImageObject\",\"inLanguage\":\"vi-VN\",\"@id\":\"https:\/\/bsartstudio.vn\/vi\/products\/tac-pham-trau-vang-va-cau-be-4\/#primaryimage\",\"url\":\"https:\/\/bsartstudio.vn\/wp-content\/uploads\/2020\/05\/tranh-pigmoon-4.jpg\",\"contentUrl\":\"https:\/\/bsartstudio.vn\/wp-content\/uploads\/2020\/05\/tranh-pigmoon-4.jpg\",\"width\":1920,\"height\":1749},{\"@type\":\"BreadcrumbList\",\"@id\":\"https:\/\/bsartstudio.vn\/vi\/products\/tac-pham-trau-vang-va-cau-be-4\/#breadcrumb\",\"itemListElement\":[{\"@type\":\"ListItem\",\"position\":1,\"name\":\"Home\",\"item\":\"https:\/\/bsartstudio.vn\/en\/\"},{\"@type\":\"ListItem\",\"position\":2,\"name\":\"Shop\",\"item\":\"https:\/\/bsartstudio.vn\/en\/shop\/\"},{\"@type\":\"ListItem\",\"position\":3,\"name\":\"T\u00e1c ph\u1ea9m \u201cTr\u00e2u V\u00e0ng v\u00e0 C\u1eadu B\u00e9 4\u201d\"}]},{\"@type\":\"WebSite\",\"@id\":\"https:\/\/bsartstudio.vn\/ja\/#website\",\"url\":\"https:\/\/bsartstudio.vn\/ja\/\",\"name\":\"B\/S Art Studio\",\"description\":\"\",\"publisher\":{\"@id\":\"https:\/\/bsartstudio.vn\/ja\/#organization\"},\"potentialAction\":[{\"@type\":\"SearchAction\",\"target\":{\"@type\":\"EntryPoint\",\"urlTemplate\":\"https:\/\/bsartstudio.vn\/ja\/?s={search_term_string}\"},\"query-input\":{\"@type\":\"PropertyValueSpecification\",\"valueRequired\":true,\"valueName\":\"search_term_string\"}}],\"inLanguage\":\"vi-VN\"},{\"@type\":\"Organization\",\"@id\":\"https:\/\/bsartstudio.vn\/ja\/#organization\",\"name\":\"B\/S Art Studio\",\"url\":\"https:\/\/bsartstudio.vn\/ja\/\",\"logo\":{\"@type\":\"ImageObject\",\"inLanguage\":\"vi-VN\",\"@id\":\"https:\/\/bsartstudio.vn\/ja\/#\/schema\/logo\/image\/\",\"url\":\"https:\/\/bsartstudio.vn\/wp-content\/uploads\/2020\/03\/54526018_2272576089468053_1525084505319145472_n.jpg\",\"contentUrl\":\"https:\/\/bsartstudio.vn\/wp-content\/uploads\/2020\/03\/54526018_2272576089468053_1525084505319145472_n.jpg\",\"width\":958,\"height\":958,\"caption\":\"B\/S Art Studio\"},\"image\":{\"@id\":\"https:\/\/bsartstudio.vn\/ja\/#\/schema\/logo\/image\/\"}}]}<\/script>\n<!-- \/ Yoast SEO plugin. -->","yoast_head_json":{"title":"T\u00e1c ph\u1ea9m \u201cTr\u00e2u V\u00e0ng v\u00e0 C\u1eadu B\u00e9 4\u201d - B\/S Art Studio","robots":{"index":"index","follow":"follow","max-snippet":"max-snippet:-1","max-image-preview":"max-image-preview:large","max-video-preview":"max-video-preview:-1"},"canonical":"https:\/\/bsartstudio.vn\/vi\/products\/tac-pham-trau-vang-va-cau-be-4\/","og_locale":"vi_VN","og_type":"article","og_title":"T\u00e1c ph\u1ea9m \u201cTr\u00e2u V\u00e0ng v\u00e0 C\u1eadu B\u00e9 4\u201d - B\/S Art Studio","og_description":"\ud83c\udf19 C\u00e2u chuy\u1ec7n \u201cTr\u00e2u V\u00e0ng v\u00e0 C\u1eadu B\u00e9 \u2013 S\u1ef1 huy\u1ec1n di\u1ec7u c\u1ee7a \u00c1nh Tr\u0103ng\u201d k\u1ec3 v\u1ec1 h\u00e0nh tr\u00ecnh bi\u1ebfn \u0111\u1ed5i v\u00e0 tr\u01b0\u1edfng th\u00e0nh k\u1ef3 di\u1ec7u c\u1ee7a Tr\u00e2u V\u00e0ng v\u00e0 C\u1eadu B\u00e9. S\u1ef1 huy\u1ec1n di\u1ec7u c\u1ee7a \u00e1nh tr\u0103ng ph\u1ea3n \u00e1nh nh\u1eefng ph\u1ea9m ch\u1ea5t v\u1ec1 ki\u1ebfn th\u1ee9c v\u00e0 \u0111\u1ee9c t\u00ednh cao \u0111\u1eb9p c\u1ee7a ng\u01b0\u1eddi d\u00e2n Vi\u1ec7t Nam. C\u00e2u chuy\u1ec7n mang \u0111\u1eadm h\u00ecnh \u1ea3nh l\u00e0ng qu\u00ea Vi\u1ec7t Nam. \u2728 Th\u00f4ng qua c\u00e2u chuy\u1ec7n, c\u00e1c h\u1ecda s\u0129 t\u1ea1i B\/S Art Studio mong mu\u1ed1n kh\u01a1i d\u1eady nh\u1eefng tr\u00e1i tim m\u1ed9c m\u1ea1c, ch\u00e2n th\u1eadt, l\u00f2ng t\u1ed1t b\u1ee5ng v\u00e0 t\u00ecnh y\u00eau th\u01b0\u01a1ng trong m\u1ed7i ng\u01b0\u1eddi. H\u00ecnh \u1ea3nh C\u1eadu B\u00e9 \u0111\u1ea1i di\u1ec7n cho \u201cgi\u1ea5c m\u01a1, h\u00ecnh m\u1eabu\u201d v\u00e0 gi\u1ed1ng nh\u01b0 ch\u00fa Tr\u00e2u V\u00e0ng, m\u1ed7i c\u00e1 nh\u00e2n ch\u00fang ta \u0111\u1ec1u c\u00f3 \u01b0\u1edbc m\u01a1 v\u00e0 lu\u00f4n mu\u1ed1n thay \u0111\u1ed5i, h\u1ecdc h\u1ecfi \u0111\u1ec3 \u0111\u1ea1t \u0111\u01b0\u1ee3c \u01b0\u1edbc m\u01a1 c\u1ee7a m\u00ecnh. \u00c1nh Tr\u0103ng ch\u00ednh l\u00e0 h\u00ecnh \u1ea3nh \u1ea9n d\u1ee5 c\u1ee7a ki\u1ebfn th\u1ee9c, kinh nghi\u1ec7m v\u00e0 k\u1ef9 n\u0103ng \u2013 nh\u1eefng th\u1ee9 quan tr\u1ecdng gi\u00fap ch\u00fang ta x\u00e2y d\u1ef1ng b\u1ea3n th\u00e2n th\u00e0nh m\u1ed9t ng\u01b0\u1eddi ho\u00e0n thi\u1ec7n h\u01a1n.","og_url":"https:\/\/bsartstudio.vn\/vi\/products\/tac-pham-trau-vang-va-cau-be-4\/","og_site_name":"B\/S Art Studio","article_modified_time":"2020-05-06T06:02:51+00:00","og_image":[{"width":1920,"height":1749,"url":"https:\/\/bsartstudio.vn\/wp-content\/uploads\/2020\/05\/tranh-pigmoon-4.jpg","type":"image\/jpeg"}],"twitter_card":"summary_large_image","schema":{"@context":"https:\/\/schema.org","@graph":[{"@type":"WebPage","@id":"https:\/\/bsartstudio.vn\/vi\/products\/tac-pham-trau-vang-va-cau-be-4\/","url":"https:\/\/bsartstudio.vn\/vi\/products\/tac-pham-trau-vang-va-cau-be-4\/","name":"T\u00e1c ph\u1ea9m \u201cTr\u00e2u V\u00e0ng v\u00e0 C\u1eadu B\u00e9 4\u201d - B\/S Art Studio","isPartOf":{"@id":"https:\/\/bsartstudio.vn\/ja\/#website"},"primaryImageOfPage":{"@id":"https:\/\/bsartstudio.vn\/vi\/products\/tac-pham-trau-vang-va-cau-be-4\/#primaryimage"},"image":{"@id":"https:\/\/bsartstudio.vn\/vi\/products\/tac-pham-trau-vang-va-cau-be-4\/#primaryimage"},"thumbnailUrl":"https:\/\/bsartstudio.vn\/wp-content\/uploads\/2020\/05\/tranh-pigmoon-4.jpg","datePublished":"2020-05-05T09:07:02+00:00","dateModified":"2020-05-06T06:02:51+00:00","breadcrumb":{"@id":"https:\/\/bsartstudio.vn\/vi\/products\/tac-pham-trau-vang-va-cau-be-4\/#breadcrumb"},"inLanguage":"vi-VN","potentialAction":[{"@type":"ReadAction","target":["https:\/\/bsartstudio.vn\/vi\/products\/tac-pham-trau-vang-va-cau-be-4\/"]}]},{"@type":"ImageObject","inLanguage":"vi-VN","@id":"https:\/\/bsartstudio.vn\/vi\/products\/tac-pham-trau-vang-va-cau-be-4\/#primaryimage","url":"https:\/\/bsartstudio.vn\/wp-content\/uploads\/2020\/05\/tranh-pigmoon-4.jpg","contentUrl":"https:\/\/bsartstudio.vn\/wp-content\/uploads\/2020\/05\/tranh-pigmoon-4.jpg","width":1920,"height":1749},{"@type":"BreadcrumbList","@id":"https:\/\/bsartstudio.vn\/vi\/products\/tac-pham-trau-vang-va-cau-be-4\/#breadcrumb","itemListElement":[{"@type":"ListItem","position":1,"name":"Home","item":"https:\/\/bsartstudio.vn\/en\/"},{"@type":"ListItem","position":2,"name":"Shop","item":"https:\/\/bsartstudio.vn\/en\/shop\/"},{"@type":"ListItem","position":3,"name":"T\u00e1c ph\u1ea9m \u201cTr\u00e2u V\u00e0ng v\u00e0 C\u1eadu B\u00e9 4\u201d"}]},{"@type":"WebSite","@id":"https:\/\/bsartstudio.vn\/ja\/#website","url":"https:\/\/bsartstudio.vn\/ja\/","name":"B\/S Art Studio","description":"","publisher":{"@id":"https:\/\/bsartstudio.vn\/ja\/#organization"},"potentialAction":[{"@type":"SearchAction","target":{"@type":"EntryPoint","urlTemplate":"https:\/\/bsartstudio.vn\/ja\/?s={search_term_string}"},"query-input":{"@type":"PropertyValueSpecification","valueRequired":true,"valueName":"search_term_string"}}],"inLanguage":"vi-VN"},{"@type":"Organization","@id":"https:\/\/bsartstudio.vn\/ja\/#organization","name":"B\/S Art Studio","url":"https:\/\/bsartstudio.vn\/ja\/","logo":{"@type":"ImageObject","inLanguage":"vi-VN","@id":"https:\/\/bsartstudio.vn\/ja\/#\/schema\/logo\/image\/","url":"https:\/\/bsartstudio.vn\/wp-content\/uploads\/2020\/03\/54526018_2272576089468053_1525084505319145472_n.jpg","contentUrl":"https:\/\/bsartstudio.vn\/wp-content\/uploads\/2020\/03\/54526018_2272576089468053_1525084505319145472_n.jpg","width":958,"height":958,"caption":"B\/S Art Studio"},"image":{"@id":"https:\/\/bsartstudio.vn\/ja\/#\/schema\/logo\/image\/"}}]}},"_links":{"self":[{"href":"https:\/\/bsartstudio.vn\/vi\/wp-json\/wp\/v2\/product\/2253"}],"collection":[{"href":"https:\/\/bsartstudio.vn\/vi\/wp-json\/wp\/v2\/product"}],"about":[{"href":"https:\/\/bsartstudio.vn\/vi\/wp-json\/wp\/v2\/types\/product"}],"wp:featuredmedia":[{"embeddable":true,"href":"https:\/\/bsartstudio.vn\/vi\/wp-json\/wp\/v2\/media\/2188"}],"wp:attachment":[{"href":"https:\/\/bsartstudio.vn\/vi\/wp-json\/wp\/v2\/media?parent=2253"}],"wp:term":[{"taxonomy":"product_cat","embeddable":true,"href":"https:\/\/bsartstudio.vn\/vi\/wp-json\/wp\/v2\/product_cat?post=2253"},{"taxonomy":"product_tag","embeddable":true,"href":"https:\/\/bsartstudio.vn\/vi\/wp-json\/wp\/v2\/product_tag?post=2253"}],"curies":[{"name":"wp","href":"https:\/\/api.w.org\/{rel}","templated":true}]}}