{"id":2131,"date":"2020-04-27T17:19:03","date_gmt":"2020-04-27T10:19:03","guid":{"rendered":"https:\/\/bsartstudio.vn\/products\/tac-pham-nguoi-phu-nu-vo-hinh-2\/"},"modified":"2023-01-15T16:05:59","modified_gmt":"2023-01-15T09:05:59","slug":"tac-pham-nguoi-phu-nu-vo-hinh-2","status":"publish","type":"product","link":"https:\/\/bsartstudio.vn\/vi\/products\/tac-pham-nguoi-phu-nu-vo-hinh-2\/","title":{"rendered":"T\u00e1c ph\u1ea9m \u201cNg\u01b0\u1eddi Ph\u1ee5 N\u1eef V\u00f4 H\u00ecnh 2\u201d"},"content":{"rendered":"<p>T\u00e1c ph\u1ea9m \u201cNg\u01b0\u1eddi Ph\u1ee5 N\u1eef V\u00f4 H\u00ecnh\u201d<\/p>\n<p>\u0110\u01b0\u1ee3c v\u1ebd b\u1edfi B\/S Art Studio \u2013 n\u01a1i b\u1ea1n c\u00f3 th\u1ec3 t\u00ecm th\u1ea5y nh\u1eefng t\u00e1c ph\u1ea9m canvas \u0111\u1ed9c nh\u1ea5t mang phong c\u00e1ch truy\u1ec1n th\u1ed1ng Vi\u1ec7t Nam.<\/p>\n<p>N\u1ec1n tranh: Canvas<br \/>\nM\u00e0u: Acrylic<br \/>\nK\u00edch th\u01b0\u1edbc: 100 cm x 40 cm ((40cmx50cm)x2 b\u1ee9c))<\/p>\n","protected":false},"excerpt":{"rendered":"<p>Trong l\u1ecbch s\u1eed Vi\u1ec7t Nam hay tr\u00ean th\u1ebf gi\u1edbi th\u00ec Ng\u01b0\u1eddi Ph\u1ee5 N\u1eef \u0111\u00f3ng m\u1ed9t vai tr\u00f2 quan tr\u1ecdng, l\u00e0 ch\u00eca kh\u00f3a c\u1ee7a cu\u1ed9c s\u1ed1ng, h\u1ecd \u0111\u00f3ng g\u00f3p v\u00e0o vi\u1ec7c duy tr\u00ec s\u1ef1 s\u1ed1ng, \u0111\u1eb7c bi\u1ec7t l\u00e0 trong gia \u0111\u00ecnh nh\u01b0ng h\u1ecd d\u01b0\u1eddng nh\u01b0 kh\u00f4ng \u0111\u01b0\u1ee3c nh\u1eafc \u0111\u1ebfn trong s\u1ef1 \u0111\u00f3ng g\u00f3p h\u00ecnh th\u00e0nh n\u1ec1n V\u0103n Minh Nh\u00e2n lo\u1ea1i ng\u00e0y nay.<\/p>\n<p>L\u1ecbch s\u1eed \u0111\u01b0\u1ee3c \u0111\u00e1nh d\u1ea5u b\u1eb1ng nh\u1eefng chi\u1ebfn c\u00f4ng c\u1ee7a ng\u01b0\u1eddi \u0111\u00e0n \u00f4ng, nh\u01b0ng c\u00f4ng tr\u1ea1ng c\u1ee7a ph\u1ee5 n\u1eef th\u00ec hi\u1ebfm khi \u0111\u01b0\u1ee3c \u0111\u1ec1 c\u1eadp \u0111\u1ebfn. H\u1ecd ch\u0103m s\u00f3c con c\u00e1i, ch\u0103m lo gia \u0111\u00ecnh, ho\u00e0n th\u00e0nh c\u00e1c c\u00f4ng vi\u1ec7c x\u00e3 h\u1ed9i v\u00e0 lu\u00f4n d\u00e0nh t\u1ea5t c\u1ea3 t\u00ecnh y\u00eau th\u01b0\u01a1ng cho gia \u0111\u00ecnh. B\u1ed9 tranh l\u00e0 l\u1eddi t\u1ef1 s\u1ef1, \u0111\u1ea7y kh\u1eafc kho\u1ea3i c\u1ee7a Con Ng\u01b0\u1eddi V\u00f4 Danh.<\/p>\n<p>\u201c\u0110\u1eb1ng sau s\u1ef1 th\u00e0nh c\u00f4ng c\u1ee7a m\u1ed9t ng\u01b0\u1eddi \u0111\u00e0n \u00f4ng, lu\u00f4n c\u00f3 b\u00f3ng d\u00e1ng m\u1ed9t ng\u01b0\u1eddi ph\u1ee5 n\u1eef.\u201d<\/p>\n","protected":false},"featured_media":2072,"template":"","meta":{"_et_pb_use_builder":"","_et_pb_old_content":"","_et_gb_content_width":""},"product_cat":[60],"product_tag":[],"yoast_head":"<!-- This site is optimized with the Yoast SEO plugin v24.5 - https:\/\/yoast.com\/wordpress\/plugins\/seo\/ -->\n<title>T\u00e1c ph\u1ea9m \u201cNg\u01b0\u1eddi Ph\u1ee5 N\u1eef V\u00f4 H\u00ecnh 2\u201d - B\/S Art Studio<\/title>\n<meta name=\"robots\" content=\"index, follow, max-snippet:-1, max-image-preview:large, max-video-preview:-1\" \/>\n<link rel=\"canonical\" href=\"https:\/\/bsartstudio.vn\/vi\/products\/tac-pham-nguoi-phu-nu-vo-hinh-2\/\" \/>\n<meta property=\"og:locale\" content=\"vi_VN\" \/>\n<meta property=\"og:type\" content=\"article\" \/>\n<meta property=\"og:title\" content=\"T\u00e1c ph\u1ea9m \u201cNg\u01b0\u1eddi Ph\u1ee5 N\u1eef V\u00f4 H\u00ecnh 2\u201d - B\/S Art Studio\" \/>\n<meta property=\"og:description\" content=\"Trong l\u1ecbch s\u1eed Vi\u1ec7t Nam hay tr\u00ean th\u1ebf gi\u1edbi th\u00ec Ng\u01b0\u1eddi Ph\u1ee5 N\u1eef \u0111\u00f3ng m\u1ed9t vai tr\u00f2 quan tr\u1ecdng, l\u00e0 ch\u00eca kh\u00f3a c\u1ee7a cu\u1ed9c s\u1ed1ng, h\u1ecd \u0111\u00f3ng g\u00f3p v\u00e0o vi\u1ec7c duy tr\u00ec s\u1ef1 s\u1ed1ng, \u0111\u1eb7c bi\u1ec7t l\u00e0 trong gia \u0111\u00ecnh nh\u01b0ng h\u1ecd d\u01b0\u1eddng nh\u01b0 kh\u00f4ng \u0111\u01b0\u1ee3c nh\u1eafc \u0111\u1ebfn trong s\u1ef1 \u0111\u00f3ng g\u00f3p h\u00ecnh th\u00e0nh n\u1ec1n V\u0103n Minh Nh\u00e2n lo\u1ea1i ng\u00e0y nay. L\u1ecbch s\u1eed \u0111\u01b0\u1ee3c \u0111\u00e1nh d\u1ea5u b\u1eb1ng nh\u1eefng chi\u1ebfn c\u00f4ng c\u1ee7a ng\u01b0\u1eddi \u0111\u00e0n \u00f4ng, nh\u01b0ng c\u00f4ng tr\u1ea1ng c\u1ee7a ph\u1ee5 n\u1eef th\u00ec hi\u1ebfm khi \u0111\u01b0\u1ee3c \u0111\u1ec1 c\u1eadp \u0111\u1ebfn. H\u1ecd ch\u0103m s\u00f3c con c\u00e1i, ch\u0103m lo gia \u0111\u00ecnh, ho\u00e0n th\u00e0nh c\u00e1c c\u00f4ng vi\u1ec7c x\u00e3 h\u1ed9i v\u00e0 lu\u00f4n d\u00e0nh t\u1ea5t c\u1ea3 t\u00ecnh y\u00eau th\u01b0\u01a1ng cho gia \u0111\u00ecnh. B\u1ed9 tranh l\u00e0 l\u1eddi t\u1ef1 s\u1ef1, \u0111\u1ea7y kh\u1eafc kho\u1ea3i c\u1ee7a Con Ng\u01b0\u1eddi V\u00f4 Danh. \u201c\u0110\u1eb1ng sau s\u1ef1 th\u00e0nh c\u00f4ng c\u1ee7a m\u1ed9t ng\u01b0\u1eddi \u0111\u00e0n \u00f4ng, lu\u00f4n c\u00f3 b\u00f3ng d\u00e1ng m\u1ed9t ng\u01b0\u1eddi ph\u1ee5 n\u1eef.\u201d\" \/>\n<meta property=\"og:url\" content=\"https:\/\/bsartstudio.vn\/vi\/products\/tac-pham-nguoi-phu-nu-vo-hinh-2\/\" \/>\n<meta property=\"og:site_name\" content=\"B\/S Art Studio\" \/>\n<meta property=\"article:modified_time\" content=\"2023-01-15T09:05:59+00:00\" \/>\n<meta property=\"og:image\" content=\"https:\/\/bsartstudio.vn\/wp-content\/uploads\/2020\/04\/nguoi-phu-nu-vo-hinh-2.2.jpeg\" \/>\n\t<meta property=\"og:image:width\" content=\"1920\" \/>\n\t<meta property=\"og:image:height\" content=\"2560\" \/>\n\t<meta property=\"og:image:type\" content=\"image\/jpeg\" \/>\n<meta name=\"twitter:card\" content=\"summary_large_image\" \/>\n<script type=\"application\/ld+json\" class=\"yoast-schema-graph\">{\"@context\":\"https:\/\/schema.org\",\"@graph\":[{\"@type\":\"WebPage\",\"@id\":\"https:\/\/bsartstudio.vn\/vi\/products\/tac-pham-nguoi-phu-nu-vo-hinh-2\/\",\"url\":\"https:\/\/bsartstudio.vn\/vi\/products\/tac-pham-nguoi-phu-nu-vo-hinh-2\/\",\"name\":\"T\u00e1c ph\u1ea9m \u201cNg\u01b0\u1eddi Ph\u1ee5 N\u1eef V\u00f4 H\u00ecnh 2\u201d - B\/S Art Studio\",\"isPartOf\":{\"@id\":\"https:\/\/bsartstudio.vn\/ja\/#website\"},\"primaryImageOfPage\":{\"@id\":\"https:\/\/bsartstudio.vn\/vi\/products\/tac-pham-nguoi-phu-nu-vo-hinh-2\/#primaryimage\"},\"image\":{\"@id\":\"https:\/\/bsartstudio.vn\/vi\/products\/tac-pham-nguoi-phu-nu-vo-hinh-2\/#primaryimage\"},\"thumbnailUrl\":\"https:\/\/bsartstudio.vn\/wp-content\/uploads\/2020\/04\/nguoi-phu-nu-vo-hinh-2.2.jpeg\",\"datePublished\":\"2020-04-27T10:19:03+00:00\",\"dateModified\":\"2023-01-15T09:05:59+00:00\",\"breadcrumb\":{\"@id\":\"https:\/\/bsartstudio.vn\/vi\/products\/tac-pham-nguoi-phu-nu-vo-hinh-2\/#breadcrumb\"},\"inLanguage\":\"vi-VN\",\"potentialAction\":[{\"@type\":\"ReadAction\",\"target\":[\"https:\/\/bsartstudio.vn\/vi\/products\/tac-pham-nguoi-phu-nu-vo-hinh-2\/\"]}]},{\"@type\":\"ImageObject\",\"inLanguage\":\"vi-VN\",\"@id\":\"https:\/\/bsartstudio.vn\/vi\/products\/tac-pham-nguoi-phu-nu-vo-hinh-2\/#primaryimage\",\"url\":\"https:\/\/bsartstudio.vn\/wp-content\/uploads\/2020\/04\/nguoi-phu-nu-vo-hinh-2.2.jpeg\",\"contentUrl\":\"https:\/\/bsartstudio.vn\/wp-content\/uploads\/2020\/04\/nguoi-phu-nu-vo-hinh-2.2.jpeg\",\"width\":1920,\"height\":2560},{\"@type\":\"BreadcrumbList\",\"@id\":\"https:\/\/bsartstudio.vn\/vi\/products\/tac-pham-nguoi-phu-nu-vo-hinh-2\/#breadcrumb\",\"itemListElement\":[{\"@type\":\"ListItem\",\"position\":1,\"name\":\"Home\",\"item\":\"https:\/\/bsartstudio.vn\/en\/\"},{\"@type\":\"ListItem\",\"position\":2,\"name\":\"Shop\",\"item\":\"https:\/\/bsartstudio.vn\/en\/shop\/\"},{\"@type\":\"ListItem\",\"position\":3,\"name\":\"T\u00e1c ph\u1ea9m \u201cNg\u01b0\u1eddi Ph\u1ee5 N\u1eef V\u00f4 H\u00ecnh 2\u201d\"}]},{\"@type\":\"WebSite\",\"@id\":\"https:\/\/bsartstudio.vn\/ja\/#website\",\"url\":\"https:\/\/bsartstudio.vn\/ja\/\",\"name\":\"B\/S Art Studio\",\"description\":\"\",\"publisher\":{\"@id\":\"https:\/\/bsartstudio.vn\/ja\/#organization\"},\"potentialAction\":[{\"@type\":\"SearchAction\",\"target\":{\"@type\":\"EntryPoint\",\"urlTemplate\":\"https:\/\/bsartstudio.vn\/ja\/?s={search_term_string}\"},\"query-input\":{\"@type\":\"PropertyValueSpecification\",\"valueRequired\":true,\"valueName\":\"search_term_string\"}}],\"inLanguage\":\"vi-VN\"},{\"@type\":\"Organization\",\"@id\":\"https:\/\/bsartstudio.vn\/ja\/#organization\",\"name\":\"B\/S Art Studio\",\"url\":\"https:\/\/bsartstudio.vn\/ja\/\",\"logo\":{\"@type\":\"ImageObject\",\"inLanguage\":\"vi-VN\",\"@id\":\"https:\/\/bsartstudio.vn\/ja\/#\/schema\/logo\/image\/\",\"url\":\"https:\/\/bsartstudio.vn\/wp-content\/uploads\/2020\/03\/54526018_2272576089468053_1525084505319145472_n.jpg\",\"contentUrl\":\"https:\/\/bsartstudio.vn\/wp-content\/uploads\/2020\/03\/54526018_2272576089468053_1525084505319145472_n.jpg\",\"width\":958,\"height\":958,\"caption\":\"B\/S Art Studio\"},\"image\":{\"@id\":\"https:\/\/bsartstudio.vn\/ja\/#\/schema\/logo\/image\/\"}}]}<\/script>\n<!-- \/ Yoast SEO plugin. -->","yoast_head_json":{"title":"T\u00e1c ph\u1ea9m \u201cNg\u01b0\u1eddi Ph\u1ee5 N\u1eef V\u00f4 H\u00ecnh 2\u201d - B\/S Art Studio","robots":{"index":"index","follow":"follow","max-snippet":"max-snippet:-1","max-image-preview":"max-image-preview:large","max-video-preview":"max-video-preview:-1"},"canonical":"https:\/\/bsartstudio.vn\/vi\/products\/tac-pham-nguoi-phu-nu-vo-hinh-2\/","og_locale":"vi_VN","og_type":"article","og_title":"T\u00e1c ph\u1ea9m \u201cNg\u01b0\u1eddi Ph\u1ee5 N\u1eef V\u00f4 H\u00ecnh 2\u201d - B\/S Art Studio","og_description":"Trong l\u1ecbch s\u1eed Vi\u1ec7t Nam hay tr\u00ean th\u1ebf gi\u1edbi th\u00ec Ng\u01b0\u1eddi Ph\u1ee5 N\u1eef \u0111\u00f3ng m\u1ed9t vai tr\u00f2 quan tr\u1ecdng, l\u00e0 ch\u00eca kh\u00f3a c\u1ee7a cu\u1ed9c s\u1ed1ng, h\u1ecd \u0111\u00f3ng g\u00f3p v\u00e0o vi\u1ec7c duy tr\u00ec s\u1ef1 s\u1ed1ng, \u0111\u1eb7c bi\u1ec7t l\u00e0 trong gia \u0111\u00ecnh nh\u01b0ng h\u1ecd d\u01b0\u1eddng nh\u01b0 kh\u00f4ng \u0111\u01b0\u1ee3c nh\u1eafc \u0111\u1ebfn trong s\u1ef1 \u0111\u00f3ng g\u00f3p h\u00ecnh th\u00e0nh n\u1ec1n V\u0103n Minh Nh\u00e2n lo\u1ea1i ng\u00e0y nay. L\u1ecbch s\u1eed \u0111\u01b0\u1ee3c \u0111\u00e1nh d\u1ea5u b\u1eb1ng nh\u1eefng chi\u1ebfn c\u00f4ng c\u1ee7a ng\u01b0\u1eddi \u0111\u00e0n \u00f4ng, nh\u01b0ng c\u00f4ng tr\u1ea1ng c\u1ee7a ph\u1ee5 n\u1eef th\u00ec hi\u1ebfm khi \u0111\u01b0\u1ee3c \u0111\u1ec1 c\u1eadp \u0111\u1ebfn. H\u1ecd ch\u0103m s\u00f3c con c\u00e1i, ch\u0103m lo gia \u0111\u00ecnh, ho\u00e0n th\u00e0nh c\u00e1c c\u00f4ng vi\u1ec7c x\u00e3 h\u1ed9i v\u00e0 lu\u00f4n d\u00e0nh t\u1ea5t c\u1ea3 t\u00ecnh y\u00eau th\u01b0\u01a1ng cho gia \u0111\u00ecnh. B\u1ed9 tranh l\u00e0 l\u1eddi t\u1ef1 s\u1ef1, \u0111\u1ea7y kh\u1eafc kho\u1ea3i c\u1ee7a Con Ng\u01b0\u1eddi V\u00f4 Danh. \u201c\u0110\u1eb1ng sau s\u1ef1 th\u00e0nh c\u00f4ng c\u1ee7a m\u1ed9t ng\u01b0\u1eddi \u0111\u00e0n \u00f4ng, lu\u00f4n c\u00f3 b\u00f3ng d\u00e1ng m\u1ed9t ng\u01b0\u1eddi ph\u1ee5 n\u1eef.\u201d","og_url":"https:\/\/bsartstudio.vn\/vi\/products\/tac-pham-nguoi-phu-nu-vo-hinh-2\/","og_site_name":"B\/S Art Studio","article_modified_time":"2023-01-15T09:05:59+00:00","og_image":[{"width":1920,"height":2560,"url":"https:\/\/bsartstudio.vn\/wp-content\/uploads\/2020\/04\/nguoi-phu-nu-vo-hinh-2.2.jpeg","type":"image\/jpeg"}],"twitter_card":"summary_large_image","schema":{"@context":"https:\/\/schema.org","@graph":[{"@type":"WebPage","@id":"https:\/\/bsartstudio.vn\/vi\/products\/tac-pham-nguoi-phu-nu-vo-hinh-2\/","url":"https:\/\/bsartstudio.vn\/vi\/products\/tac-pham-nguoi-phu-nu-vo-hinh-2\/","name":"T\u00e1c ph\u1ea9m \u201cNg\u01b0\u1eddi Ph\u1ee5 N\u1eef V\u00f4 H\u00ecnh 2\u201d - B\/S Art Studio","isPartOf":{"@id":"https:\/\/bsartstudio.vn\/ja\/#website"},"primaryImageOfPage":{"@id":"https:\/\/bsartstudio.vn\/vi\/products\/tac-pham-nguoi-phu-nu-vo-hinh-2\/#primaryimage"},"image":{"@id":"https:\/\/bsartstudio.vn\/vi\/products\/tac-pham-nguoi-phu-nu-vo-hinh-2\/#primaryimage"},"thumbnailUrl":"https:\/\/bsartstudio.vn\/wp-content\/uploads\/2020\/04\/nguoi-phu-nu-vo-hinh-2.2.jpeg","datePublished":"2020-04-27T10:19:03+00:00","dateModified":"2023-01-15T09:05:59+00:00","breadcrumb":{"@id":"https:\/\/bsartstudio.vn\/vi\/products\/tac-pham-nguoi-phu-nu-vo-hinh-2\/#breadcrumb"},"inLanguage":"vi-VN","potentialAction":[{"@type":"ReadAction","target":["https:\/\/bsartstudio.vn\/vi\/products\/tac-pham-nguoi-phu-nu-vo-hinh-2\/"]}]},{"@type":"ImageObject","inLanguage":"vi-VN","@id":"https:\/\/bsartstudio.vn\/vi\/products\/tac-pham-nguoi-phu-nu-vo-hinh-2\/#primaryimage","url":"https:\/\/bsartstudio.vn\/wp-content\/uploads\/2020\/04\/nguoi-phu-nu-vo-hinh-2.2.jpeg","contentUrl":"https:\/\/bsartstudio.vn\/wp-content\/uploads\/2020\/04\/nguoi-phu-nu-vo-hinh-2.2.jpeg","width":1920,"height":2560},{"@type":"BreadcrumbList","@id":"https:\/\/bsartstudio.vn\/vi\/products\/tac-pham-nguoi-phu-nu-vo-hinh-2\/#breadcrumb","itemListElement":[{"@type":"ListItem","position":1,"name":"Home","item":"https:\/\/bsartstudio.vn\/en\/"},{"@type":"ListItem","position":2,"name":"Shop","item":"https:\/\/bsartstudio.vn\/en\/shop\/"},{"@type":"ListItem","position":3,"name":"T\u00e1c ph\u1ea9m \u201cNg\u01b0\u1eddi Ph\u1ee5 N\u1eef V\u00f4 H\u00ecnh 2\u201d"}]},{"@type":"WebSite","@id":"https:\/\/bsartstudio.vn\/ja\/#website","url":"https:\/\/bsartstudio.vn\/ja\/","name":"B\/S Art Studio","description":"","publisher":{"@id":"https:\/\/bsartstudio.vn\/ja\/#organization"},"potentialAction":[{"@type":"SearchAction","target":{"@type":"EntryPoint","urlTemplate":"https:\/\/bsartstudio.vn\/ja\/?s={search_term_string}"},"query-input":{"@type":"PropertyValueSpecification","valueRequired":true,"valueName":"search_term_string"}}],"inLanguage":"vi-VN"},{"@type":"Organization","@id":"https:\/\/bsartstudio.vn\/ja\/#organization","name":"B\/S Art Studio","url":"https:\/\/bsartstudio.vn\/ja\/","logo":{"@type":"ImageObject","inLanguage":"vi-VN","@id":"https:\/\/bsartstudio.vn\/ja\/#\/schema\/logo\/image\/","url":"https:\/\/bsartstudio.vn\/wp-content\/uploads\/2020\/03\/54526018_2272576089468053_1525084505319145472_n.jpg","contentUrl":"https:\/\/bsartstudio.vn\/wp-content\/uploads\/2020\/03\/54526018_2272576089468053_1525084505319145472_n.jpg","width":958,"height":958,"caption":"B\/S Art Studio"},"image":{"@id":"https:\/\/bsartstudio.vn\/ja\/#\/schema\/logo\/image\/"}}]}},"_links":{"self":[{"href":"https:\/\/bsartstudio.vn\/vi\/wp-json\/wp\/v2\/product\/2131"}],"collection":[{"href":"https:\/\/bsartstudio.vn\/vi\/wp-json\/wp\/v2\/product"}],"about":[{"href":"https:\/\/bsartstudio.vn\/vi\/wp-json\/wp\/v2\/types\/product"}],"wp:featuredmedia":[{"embeddable":true,"href":"https:\/\/bsartstudio.vn\/vi\/wp-json\/wp\/v2\/media\/2072"}],"wp:attachment":[{"href":"https:\/\/bsartstudio.vn\/vi\/wp-json\/wp\/v2\/media?parent=2131"}],"wp:term":[{"taxonomy":"product_cat","embeddable":true,"href":"https:\/\/bsartstudio.vn\/vi\/wp-json\/wp\/v2\/product_cat?post=2131"},{"taxonomy":"product_tag","embeddable":true,"href":"https:\/\/bsartstudio.vn\/vi\/wp-json\/wp\/v2\/product_tag?post=2131"}],"curies":[{"name":"wp","href":"https:\/\/api.w.org\/{rel}","templated":true}]}}