{"id":1909,"date":"2020-04-04T12:51:10","date_gmt":"2020-04-04T05:51:10","guid":{"rendered":"https:\/\/bsartstudio.vn\/products\/tac\/"},"modified":"2020-04-28T11:38:51","modified_gmt":"2020-04-28T04:38:51","slug":"tac","status":"publish","type":"product","link":"https:\/\/bsartstudio.vn\/vi\/products\/tac\/","title":{"rendered":"T\u00e1c ph\u1ea9m &#8220;Huy\u1ec1n Tho\u1ea1i c\u1ee7a Thi\u00ean Nhi\u00ean&#8221;"},"content":{"rendered":"<p>\ud83d\udc26 T\u00e1c ph\u1ea9m &#8220;Huy\u1ec1n Tho\u1ea1i c\u1ee7a Thi\u00ean Nhi\u00ean&#8221;<\/p>\n<p>Ch\u1ea5t li\u1ec7u: Canvas<br \/>\nM\u00e0u: Acrylic<br \/>\nK\u00edch th\u01b0\u1edbc: 25 cm x 25 cm<\/p>\n","protected":false},"excerpt":{"rendered":"<p>\ud83d\udc26 Thi\u00ean nhi\u00ean lu\u00f4n mang m\u1ed9t v\u1ebb \u0111\u1eb9p huy\u1ec1n b\u00ed m\u00e0 con ng\u01b0\u1eddi lu\u00f4n mu\u1ed1n n\u1eafm b\u1eaft, kh\u00e1m ph\u00e1 v\u00e0 \u201cgi\u1ea3i m\u00e3\u201d d\u00f9 \u1edf kh\u00f4ng gian, th\u1eddi gian n\u00e0o. H\u00f2a m\u00ecnh v\u00e0o thi\u00ean nhi\u00ean, l\u1eafng nghe \u00e2m thanh c\u1ee7a t\u1ef1 nhi\u00ean ch\u00ednh l\u00e0 th\u1ea5u hi\u1ec3u t\u00e2m h\u1ed3n v\u00e0 l\u00e0m gi\u00e0u th\u00eam cho gi\u00e1 tr\u1ecb tinh th\u1ea7n.<\/p>\n<p>T\u00e1c ph\u1ea9m Huy\u1ec1n tho\u1ea1i thi\u00ean nhi\u00ean k\u1ec3 v\u1ec1 m\u1ed9t thi\u1ebfu n\u1eef x\u01b0a, d\u00f9ng m\u0169i th\u00eau \u0111\u1ec3 d\u1ec7t n\u00ean v\u1ebb \u0111\u1eb9p c\u1ee7a thi\u00ean nhi\u00ean. S\u1ef1 tinh t\u1ebf v\u00e0 th\u1ea5u c\u1ea3m v\u1ea1n v\u1eadt l\u00e0 ch\u00eca kho\u00e1 \u0111i \u0111\u1ebfn tri th\u1ee9c.<\/p>\n<p>&nbsp;<\/p>\n","protected":false},"featured_media":1752,"template":"","meta":{"_et_pb_use_builder":"","_et_pb_old_content":"","_et_gb_content_width":""},"product_cat":[63],"product_tag":[],"yoast_head":"<!-- This site is optimized with the Yoast SEO plugin v24.5 - https:\/\/yoast.com\/wordpress\/plugins\/seo\/ -->\n<title>T\u00e1c ph\u1ea9m &quot;Huy\u1ec1n Tho\u1ea1i c\u1ee7a Thi\u00ean Nhi\u00ean&quot; - B\/S Art Studio<\/title>\n<meta name=\"robots\" content=\"index, follow, max-snippet:-1, max-image-preview:large, max-video-preview:-1\" \/>\n<link rel=\"canonical\" href=\"https:\/\/bsartstudio.vn\/vi\/products\/tac\/\" \/>\n<meta property=\"og:locale\" content=\"vi_VN\" \/>\n<meta property=\"og:type\" content=\"article\" \/>\n<meta property=\"og:title\" content=\"T\u00e1c ph\u1ea9m &quot;Huy\u1ec1n Tho\u1ea1i c\u1ee7a Thi\u00ean Nhi\u00ean&quot; - B\/S Art Studio\" \/>\n<meta property=\"og:description\" content=\"\ud83d\udc26 Thi\u00ean nhi\u00ean lu\u00f4n mang m\u1ed9t v\u1ebb \u0111\u1eb9p huy\u1ec1n b\u00ed m\u00e0 con ng\u01b0\u1eddi lu\u00f4n mu\u1ed1n n\u1eafm b\u1eaft, kh\u00e1m ph\u00e1 v\u00e0 \u201cgi\u1ea3i m\u00e3\u201d d\u00f9 \u1edf kh\u00f4ng gian, th\u1eddi gian n\u00e0o. H\u00f2a m\u00ecnh v\u00e0o thi\u00ean nhi\u00ean, l\u1eafng nghe \u00e2m thanh c\u1ee7a t\u1ef1 nhi\u00ean ch\u00ednh l\u00e0 th\u1ea5u hi\u1ec3u t\u00e2m h\u1ed3n v\u00e0 l\u00e0m gi\u00e0u th\u00eam cho gi\u00e1 tr\u1ecb tinh th\u1ea7n. T\u00e1c ph\u1ea9m Huy\u1ec1n tho\u1ea1i thi\u00ean nhi\u00ean k\u1ec3 v\u1ec1 m\u1ed9t thi\u1ebfu n\u1eef x\u01b0a, d\u00f9ng m\u0169i th\u00eau \u0111\u1ec3 d\u1ec7t n\u00ean v\u1ebb \u0111\u1eb9p c\u1ee7a thi\u00ean nhi\u00ean. S\u1ef1 tinh t\u1ebf v\u00e0 th\u1ea5u c\u1ea3m v\u1ea1n v\u1eadt l\u00e0 ch\u00eca kho\u00e1 \u0111i \u0111\u1ebfn tri th\u1ee9c. &nbsp;\" \/>\n<meta property=\"og:url\" content=\"https:\/\/bsartstudio.vn\/vi\/products\/tac\/\" \/>\n<meta property=\"og:site_name\" content=\"B\/S Art Studio\" \/>\n<meta property=\"article:modified_time\" content=\"2020-04-28T04:38:51+00:00\" \/>\n<meta property=\"og:image\" content=\"https:\/\/bsartstudio.vn\/wp-content\/uploads\/2020\/04\/C\u00f4-b\u00e9-Chim-1.jpg\" \/>\n\t<meta property=\"og:image:width\" content=\"1920\" \/>\n\t<meta property=\"og:image:height\" content=\"1383\" \/>\n\t<meta property=\"og:image:type\" content=\"image\/jpeg\" \/>\n<meta name=\"twitter:card\" content=\"summary_large_image\" \/>\n<script type=\"application\/ld+json\" class=\"yoast-schema-graph\">{\"@context\":\"https:\/\/schema.org\",\"@graph\":[{\"@type\":\"WebPage\",\"@id\":\"https:\/\/bsartstudio.vn\/vi\/products\/tac\/\",\"url\":\"https:\/\/bsartstudio.vn\/vi\/products\/tac\/\",\"name\":\"T\u00e1c ph\u1ea9m \\\"Huy\u1ec1n Tho\u1ea1i c\u1ee7a Thi\u00ean Nhi\u00ean\\\" - B\/S Art Studio\",\"isPartOf\":{\"@id\":\"https:\/\/bsartstudio.vn\/ja\/#website\"},\"primaryImageOfPage\":{\"@id\":\"https:\/\/bsartstudio.vn\/vi\/products\/tac\/#primaryimage\"},\"image\":{\"@id\":\"https:\/\/bsartstudio.vn\/vi\/products\/tac\/#primaryimage\"},\"thumbnailUrl\":\"https:\/\/bsartstudio.vn\/wp-content\/uploads\/2020\/04\/C\u00f4-b\u00e9-Chim-1.jpg\",\"datePublished\":\"2020-04-04T05:51:10+00:00\",\"dateModified\":\"2020-04-28T04:38:51+00:00\",\"breadcrumb\":{\"@id\":\"https:\/\/bsartstudio.vn\/vi\/products\/tac\/#breadcrumb\"},\"inLanguage\":\"vi-VN\",\"potentialAction\":[{\"@type\":\"ReadAction\",\"target\":[\"https:\/\/bsartstudio.vn\/vi\/products\/tac\/\"]}]},{\"@type\":\"ImageObject\",\"inLanguage\":\"vi-VN\",\"@id\":\"https:\/\/bsartstudio.vn\/vi\/products\/tac\/#primaryimage\",\"url\":\"https:\/\/bsartstudio.vn\/wp-content\/uploads\/2020\/04\/C\u00f4-b\u00e9-Chim-1.jpg\",\"contentUrl\":\"https:\/\/bsartstudio.vn\/wp-content\/uploads\/2020\/04\/C\u00f4-b\u00e9-Chim-1.jpg\",\"width\":1920,\"height\":1383},{\"@type\":\"BreadcrumbList\",\"@id\":\"https:\/\/bsartstudio.vn\/vi\/products\/tac\/#breadcrumb\",\"itemListElement\":[{\"@type\":\"ListItem\",\"position\":1,\"name\":\"Home\",\"item\":\"https:\/\/bsartstudio.vn\/en\/\"},{\"@type\":\"ListItem\",\"position\":2,\"name\":\"Shop\",\"item\":\"https:\/\/bsartstudio.vn\/en\/shop\/\"},{\"@type\":\"ListItem\",\"position\":3,\"name\":\"T\u00e1c ph\u1ea9m &#8220;Huy\u1ec1n Tho\u1ea1i c\u1ee7a Thi\u00ean Nhi\u00ean&#8221;\"}]},{\"@type\":\"WebSite\",\"@id\":\"https:\/\/bsartstudio.vn\/ja\/#website\",\"url\":\"https:\/\/bsartstudio.vn\/ja\/\",\"name\":\"B\/S Art Studio\",\"description\":\"\",\"publisher\":{\"@id\":\"https:\/\/bsartstudio.vn\/ja\/#organization\"},\"potentialAction\":[{\"@type\":\"SearchAction\",\"target\":{\"@type\":\"EntryPoint\",\"urlTemplate\":\"https:\/\/bsartstudio.vn\/ja\/?s={search_term_string}\"},\"query-input\":{\"@type\":\"PropertyValueSpecification\",\"valueRequired\":true,\"valueName\":\"search_term_string\"}}],\"inLanguage\":\"vi-VN\"},{\"@type\":\"Organization\",\"@id\":\"https:\/\/bsartstudio.vn\/ja\/#organization\",\"name\":\"B\/S Art Studio\",\"url\":\"https:\/\/bsartstudio.vn\/ja\/\",\"logo\":{\"@type\":\"ImageObject\",\"inLanguage\":\"vi-VN\",\"@id\":\"https:\/\/bsartstudio.vn\/ja\/#\/schema\/logo\/image\/\",\"url\":\"https:\/\/bsartstudio.vn\/wp-content\/uploads\/2020\/03\/54526018_2272576089468053_1525084505319145472_n.jpg\",\"contentUrl\":\"https:\/\/bsartstudio.vn\/wp-content\/uploads\/2020\/03\/54526018_2272576089468053_1525084505319145472_n.jpg\",\"width\":958,\"height\":958,\"caption\":\"B\/S Art Studio\"},\"image\":{\"@id\":\"https:\/\/bsartstudio.vn\/ja\/#\/schema\/logo\/image\/\"}}]}<\/script>\n<!-- \/ Yoast SEO plugin. -->","yoast_head_json":{"title":"T\u00e1c ph\u1ea9m \"Huy\u1ec1n Tho\u1ea1i c\u1ee7a Thi\u00ean Nhi\u00ean\" - B\/S Art Studio","robots":{"index":"index","follow":"follow","max-snippet":"max-snippet:-1","max-image-preview":"max-image-preview:large","max-video-preview":"max-video-preview:-1"},"canonical":"https:\/\/bsartstudio.vn\/vi\/products\/tac\/","og_locale":"vi_VN","og_type":"article","og_title":"T\u00e1c ph\u1ea9m \"Huy\u1ec1n Tho\u1ea1i c\u1ee7a Thi\u00ean Nhi\u00ean\" - B\/S Art Studio","og_description":"\ud83d\udc26 Thi\u00ean nhi\u00ean lu\u00f4n mang m\u1ed9t v\u1ebb \u0111\u1eb9p huy\u1ec1n b\u00ed m\u00e0 con ng\u01b0\u1eddi lu\u00f4n mu\u1ed1n n\u1eafm b\u1eaft, kh\u00e1m ph\u00e1 v\u00e0 \u201cgi\u1ea3i m\u00e3\u201d d\u00f9 \u1edf kh\u00f4ng gian, th\u1eddi gian n\u00e0o. H\u00f2a m\u00ecnh v\u00e0o thi\u00ean nhi\u00ean, l\u1eafng nghe \u00e2m thanh c\u1ee7a t\u1ef1 nhi\u00ean ch\u00ednh l\u00e0 th\u1ea5u hi\u1ec3u t\u00e2m h\u1ed3n v\u00e0 l\u00e0m gi\u00e0u th\u00eam cho gi\u00e1 tr\u1ecb tinh th\u1ea7n. T\u00e1c ph\u1ea9m Huy\u1ec1n tho\u1ea1i thi\u00ean nhi\u00ean k\u1ec3 v\u1ec1 m\u1ed9t thi\u1ebfu n\u1eef x\u01b0a, d\u00f9ng m\u0169i th\u00eau \u0111\u1ec3 d\u1ec7t n\u00ean v\u1ebb \u0111\u1eb9p c\u1ee7a thi\u00ean nhi\u00ean. S\u1ef1 tinh t\u1ebf v\u00e0 th\u1ea5u c\u1ea3m v\u1ea1n v\u1eadt l\u00e0 ch\u00eca kho\u00e1 \u0111i \u0111\u1ebfn tri th\u1ee9c. &nbsp;","og_url":"https:\/\/bsartstudio.vn\/vi\/products\/tac\/","og_site_name":"B\/S Art Studio","article_modified_time":"2020-04-28T04:38:51+00:00","og_image":[{"width":1920,"height":1383,"url":"https:\/\/bsartstudio.vn\/wp-content\/uploads\/2020\/04\/C\u00f4-b\u00e9-Chim-1.jpg","type":"image\/jpeg"}],"twitter_card":"summary_large_image","schema":{"@context":"https:\/\/schema.org","@graph":[{"@type":"WebPage","@id":"https:\/\/bsartstudio.vn\/vi\/products\/tac\/","url":"https:\/\/bsartstudio.vn\/vi\/products\/tac\/","name":"T\u00e1c ph\u1ea9m \"Huy\u1ec1n Tho\u1ea1i c\u1ee7a Thi\u00ean Nhi\u00ean\" - B\/S Art Studio","isPartOf":{"@id":"https:\/\/bsartstudio.vn\/ja\/#website"},"primaryImageOfPage":{"@id":"https:\/\/bsartstudio.vn\/vi\/products\/tac\/#primaryimage"},"image":{"@id":"https:\/\/bsartstudio.vn\/vi\/products\/tac\/#primaryimage"},"thumbnailUrl":"https:\/\/bsartstudio.vn\/wp-content\/uploads\/2020\/04\/C\u00f4-b\u00e9-Chim-1.jpg","datePublished":"2020-04-04T05:51:10+00:00","dateModified":"2020-04-28T04:38:51+00:00","breadcrumb":{"@id":"https:\/\/bsartstudio.vn\/vi\/products\/tac\/#breadcrumb"},"inLanguage":"vi-VN","potentialAction":[{"@type":"ReadAction","target":["https:\/\/bsartstudio.vn\/vi\/products\/tac\/"]}]},{"@type":"ImageObject","inLanguage":"vi-VN","@id":"https:\/\/bsartstudio.vn\/vi\/products\/tac\/#primaryimage","url":"https:\/\/bsartstudio.vn\/wp-content\/uploads\/2020\/04\/C\u00f4-b\u00e9-Chim-1.jpg","contentUrl":"https:\/\/bsartstudio.vn\/wp-content\/uploads\/2020\/04\/C\u00f4-b\u00e9-Chim-1.jpg","width":1920,"height":1383},{"@type":"BreadcrumbList","@id":"https:\/\/bsartstudio.vn\/vi\/products\/tac\/#breadcrumb","itemListElement":[{"@type":"ListItem","position":1,"name":"Home","item":"https:\/\/bsartstudio.vn\/en\/"},{"@type":"ListItem","position":2,"name":"Shop","item":"https:\/\/bsartstudio.vn\/en\/shop\/"},{"@type":"ListItem","position":3,"name":"T\u00e1c ph\u1ea9m &#8220;Huy\u1ec1n Tho\u1ea1i c\u1ee7a Thi\u00ean Nhi\u00ean&#8221;"}]},{"@type":"WebSite","@id":"https:\/\/bsartstudio.vn\/ja\/#website","url":"https:\/\/bsartstudio.vn\/ja\/","name":"B\/S Art Studio","description":"","publisher":{"@id":"https:\/\/bsartstudio.vn\/ja\/#organization"},"potentialAction":[{"@type":"SearchAction","target":{"@type":"EntryPoint","urlTemplate":"https:\/\/bsartstudio.vn\/ja\/?s={search_term_string}"},"query-input":{"@type":"PropertyValueSpecification","valueRequired":true,"valueName":"search_term_string"}}],"inLanguage":"vi-VN"},{"@type":"Organization","@id":"https:\/\/bsartstudio.vn\/ja\/#organization","name":"B\/S Art Studio","url":"https:\/\/bsartstudio.vn\/ja\/","logo":{"@type":"ImageObject","inLanguage":"vi-VN","@id":"https:\/\/bsartstudio.vn\/ja\/#\/schema\/logo\/image\/","url":"https:\/\/bsartstudio.vn\/wp-content\/uploads\/2020\/03\/54526018_2272576089468053_1525084505319145472_n.jpg","contentUrl":"https:\/\/bsartstudio.vn\/wp-content\/uploads\/2020\/03\/54526018_2272576089468053_1525084505319145472_n.jpg","width":958,"height":958,"caption":"B\/S Art Studio"},"image":{"@id":"https:\/\/bsartstudio.vn\/ja\/#\/schema\/logo\/image\/"}}]}},"_links":{"self":[{"href":"https:\/\/bsartstudio.vn\/vi\/wp-json\/wp\/v2\/product\/1909"}],"collection":[{"href":"https:\/\/bsartstudio.vn\/vi\/wp-json\/wp\/v2\/product"}],"about":[{"href":"https:\/\/bsartstudio.vn\/vi\/wp-json\/wp\/v2\/types\/product"}],"wp:featuredmedia":[{"embeddable":true,"href":"https:\/\/bsartstudio.vn\/vi\/wp-json\/wp\/v2\/media\/1752"}],"wp:attachment":[{"href":"https:\/\/bsartstudio.vn\/vi\/wp-json\/wp\/v2\/media?parent=1909"}],"wp:term":[{"taxonomy":"product_cat","embeddable":true,"href":"https:\/\/bsartstudio.vn\/vi\/wp-json\/wp\/v2\/product_cat?post=1909"},{"taxonomy":"product_tag","embeddable":true,"href":"https:\/\/bsartstudio.vn\/vi\/wp-json\/wp\/v2\/product_tag?post=1909"}],"curies":[{"name":"wp","href":"https:\/\/api.w.org\/{rel}","templated":true}]}}