{"id":1907,"date":"2020-04-04T12:24:26","date_gmt":"2020-04-04T05:24:26","guid":{"rendered":"https:\/\/bsartstudio.vn\/products\/tac-pham-moon-kiki\/"},"modified":"2020-04-28T11:40:10","modified_gmt":"2020-04-28T04:40:10","slug":"tac-pham-moon-kiki","status":"publish","type":"product","link":"https:\/\/bsartstudio.vn\/vi\/products\/tac-pham-moon-kiki\/","title":{"rendered":"T\u00e1c ph\u1ea9m &#8220;C\u1ea7m KiKi&#8221;"},"content":{"rendered":"<p>\ud83c\udfa8 T\u00e1c ph\u1ea9m &#8220;Moon KiKi&#8221;<\/p>\n<p>Ch\u1ea5t li\u1ec7u: Canvas<br \/>\nM\u00e0u: Acrylic<br \/>\nK\u00edch th\u01b0\u1edbc: 22 cm x 30 cm<\/p>\n","protected":false},"excerpt":{"rendered":"<p>\ud83c\udfa8 \u201cC\u1ea7m kiki\u201d \u0111\u01b0\u1ee3c l\u1ea5y c\u1ea3m h\u1ee9ng t\u1eeb \u201cT\u00f9 Ng\u01b0u\u201d, \u0111\u00e2y l\u00e0 1 trong 9 con c\u1ee7a r\u1ed3ng.<\/p>\n<p>Lo\u00e0i T\u00f9 Ng\u01b0u c\u00f3 h\u00ecnh d\u1ea1ng nh\u01b0 m\u1ed9t con r\u1ed3ng nh\u1ecf, m\u00e0u v\u00e0ng, c\u00f3 s\u1eebng nh\u01b0 s\u1eebng l\u00e2n. N\u00f3 v\u1ed1n ham m\u00ea \u00e2m nh\u1ea1c, n\u00ean hay ng\u1ef1 tr\u00ean \u0111\u1ea7u c\u00e2y \u0111\u00e0n \u0111\u1ec3 th\u01b0\u1edfng th\u1ee9c \u00e2m nh\u1ea1c. V\u00ec th\u1ebf ng\u01b0\u1eddi x\u01b0a hay d\u00f9ng h\u00ecnh t\u01b0\u1ee3ng T\u00f9 Ng\u01b0u \u0111\u1ec3 trang tr\u00ed cho c\u00e2y \u0111\u00e0n.<\/p>\n<p>Ng\u01b0\u1eddi Vi\u1ec7t Nam th\u01b0\u1eddng s\u1eed d\u1ee5ng \u201ckiki\u201d \u0111\u1ec7m ph\u00eda sau \u0111\u1ec3 ch\u1ec9 th\u00fa c\u01b0ng v\u1eadt nu\u00f4i th\u00e2n thi\u1ebft. \u201cC\u1ea7m kiki\u201d l\u00e0 d\u1ea1ng nh\u00e2n ho\u00e1 c\u00e1c m\u00f3n \u0111\u1ed3 nh\u1ea1c c\u1ee5 nh\u01b0 1 ng\u01b0\u1eddi b\u1ea1n th\u00e2n g\u1eafn li\u1ec1n v\u1edbi cu\u1ed9c s\u1ed1ng kh\u00e1 bu\u1ed3n trong cung x\u01b0a c\u1ee7a m\u1ed9t s\u1ed1 ng\u01b0\u1eddi.<\/p>\n<p>&nbsp;<\/p>\n<p>&nbsp;<\/p>\n<p>&nbsp;<\/p>\n<p>&nbsp;<\/p>\n","protected":false},"featured_media":9535,"template":"","meta":{"_et_pb_use_builder":"","_et_pb_old_content":"","_et_gb_content_width":""},"product_cat":[656,59,296,430],"product_tag":[126,472,173],"yoast_head":"<!-- This site is optimized with the Yoast SEO plugin v24.5 - https:\/\/yoast.com\/wordpress\/plugins\/seo\/ -->\n<title>T\u00e1c ph\u1ea9m &quot;C\u1ea7m KiKi&quot; - B\/S Art Studio<\/title>\n<meta name=\"robots\" content=\"index, follow, max-snippet:-1, max-image-preview:large, max-video-preview:-1\" \/>\n<link rel=\"canonical\" href=\"https:\/\/bsartstudio.vn\/vi\/products\/tac-pham-moon-kiki\/\" \/>\n<meta property=\"og:locale\" content=\"vi_VN\" \/>\n<meta property=\"og:type\" content=\"article\" \/>\n<meta property=\"og:title\" content=\"T\u00e1c ph\u1ea9m &quot;C\u1ea7m KiKi&quot; - B\/S Art Studio\" \/>\n<meta property=\"og:description\" content=\"\ud83c\udfa8 \u201cC\u1ea7m kiki\u201d \u0111\u01b0\u1ee3c l\u1ea5y c\u1ea3m h\u1ee9ng t\u1eeb \u201cT\u00f9 Ng\u01b0u\u201d, \u0111\u00e2y l\u00e0 1 trong 9 con c\u1ee7a r\u1ed3ng. Lo\u00e0i T\u00f9 Ng\u01b0u c\u00f3 h\u00ecnh d\u1ea1ng nh\u01b0 m\u1ed9t con r\u1ed3ng nh\u1ecf, m\u00e0u v\u00e0ng, c\u00f3 s\u1eebng nh\u01b0 s\u1eebng l\u00e2n. N\u00f3 v\u1ed1n ham m\u00ea \u00e2m nh\u1ea1c, n\u00ean hay ng\u1ef1 tr\u00ean \u0111\u1ea7u c\u00e2y \u0111\u00e0n \u0111\u1ec3 th\u01b0\u1edfng th\u1ee9c \u00e2m nh\u1ea1c. V\u00ec th\u1ebf ng\u01b0\u1eddi x\u01b0a hay d\u00f9ng h\u00ecnh t\u01b0\u1ee3ng T\u00f9 Ng\u01b0u \u0111\u1ec3 trang tr\u00ed cho c\u00e2y \u0111\u00e0n. Ng\u01b0\u1eddi Vi\u1ec7t Nam th\u01b0\u1eddng s\u1eed d\u1ee5ng \u201ckiki\u201d \u0111\u1ec7m ph\u00eda sau \u0111\u1ec3 ch\u1ec9 th\u00fa c\u01b0ng v\u1eadt nu\u00f4i th\u00e2n thi\u1ebft. \u201cC\u1ea7m kiki\u201d l\u00e0 d\u1ea1ng nh\u00e2n ho\u00e1 c\u00e1c m\u00f3n \u0111\u1ed3 nh\u1ea1c c\u1ee5 nh\u01b0 1 ng\u01b0\u1eddi b\u1ea1n th\u00e2n g\u1eafn li\u1ec1n v\u1edbi cu\u1ed9c s\u1ed1ng kh\u00e1 bu\u1ed3n trong cung x\u01b0a c\u1ee7a m\u1ed9t s\u1ed1 ng\u01b0\u1eddi. &nbsp; &nbsp; &nbsp; &nbsp;\" \/>\n<meta property=\"og:url\" content=\"https:\/\/bsartstudio.vn\/vi\/products\/tac-pham-moon-kiki\/\" \/>\n<meta property=\"og:site_name\" content=\"B\/S Art Studio\" \/>\n<meta property=\"article:modified_time\" content=\"2020-04-28T04:40:10+00:00\" \/>\n<meta property=\"og:image\" content=\"https:\/\/bsartstudio.vn\/wp-content\/uploads\/2020\/04\/c\u1ea7m-kiki-3.jpg\" \/>\n\t<meta property=\"og:image:width\" content=\"1920\" \/>\n\t<meta property=\"og:image:height\" content=\"1678\" \/>\n\t<meta property=\"og:image:type\" content=\"image\/jpeg\" \/>\n<meta name=\"twitter:card\" content=\"summary_large_image\" \/>\n<script type=\"application\/ld+json\" class=\"yoast-schema-graph\">{\"@context\":\"https:\/\/schema.org\",\"@graph\":[{\"@type\":\"WebPage\",\"@id\":\"https:\/\/bsartstudio.vn\/vi\/products\/tac-pham-moon-kiki\/\",\"url\":\"https:\/\/bsartstudio.vn\/vi\/products\/tac-pham-moon-kiki\/\",\"name\":\"T\u00e1c ph\u1ea9m \\\"C\u1ea7m KiKi\\\" - B\/S Art Studio\",\"isPartOf\":{\"@id\":\"https:\/\/bsartstudio.vn\/ja\/#website\"},\"primaryImageOfPage\":{\"@id\":\"https:\/\/bsartstudio.vn\/vi\/products\/tac-pham-moon-kiki\/#primaryimage\"},\"image\":{\"@id\":\"https:\/\/bsartstudio.vn\/vi\/products\/tac-pham-moon-kiki\/#primaryimage\"},\"thumbnailUrl\":\"https:\/\/bsartstudio.vn\/wp-content\/uploads\/2020\/04\/The-Dragon-Loves-Music.jpg\",\"datePublished\":\"2020-04-04T05:24:26+00:00\",\"dateModified\":\"2020-04-28T04:40:10+00:00\",\"breadcrumb\":{\"@id\":\"https:\/\/bsartstudio.vn\/vi\/products\/tac-pham-moon-kiki\/#breadcrumb\"},\"inLanguage\":\"vi-VN\",\"potentialAction\":[{\"@type\":\"ReadAction\",\"target\":[\"https:\/\/bsartstudio.vn\/vi\/products\/tac-pham-moon-kiki\/\"]}]},{\"@type\":\"ImageObject\",\"inLanguage\":\"vi-VN\",\"@id\":\"https:\/\/bsartstudio.vn\/vi\/products\/tac-pham-moon-kiki\/#primaryimage\",\"url\":\"https:\/\/bsartstudio.vn\/wp-content\/uploads\/2020\/04\/The-Dragon-Loves-Music.jpg\",\"contentUrl\":\"https:\/\/bsartstudio.vn\/wp-content\/uploads\/2020\/04\/The-Dragon-Loves-Music.jpg\",\"width\":1920,\"height\":1920,\"caption\":\"The Dragon Loves Music\"},{\"@type\":\"BreadcrumbList\",\"@id\":\"https:\/\/bsartstudio.vn\/vi\/products\/tac-pham-moon-kiki\/#breadcrumb\",\"itemListElement\":[{\"@type\":\"ListItem\",\"position\":1,\"name\":\"Home\",\"item\":\"https:\/\/bsartstudio.vn\/en\/\"},{\"@type\":\"ListItem\",\"position\":2,\"name\":\"Shop\",\"item\":\"https:\/\/bsartstudio.vn\/en\/shop\/\"},{\"@type\":\"ListItem\",\"position\":3,\"name\":\"T\u00e1c ph\u1ea9m &#8220;C\u1ea7m KiKi&#8221;\"}]},{\"@type\":\"WebSite\",\"@id\":\"https:\/\/bsartstudio.vn\/ja\/#website\",\"url\":\"https:\/\/bsartstudio.vn\/ja\/\",\"name\":\"B\/S Art Studio\",\"description\":\"\",\"publisher\":{\"@id\":\"https:\/\/bsartstudio.vn\/ja\/#organization\"},\"potentialAction\":[{\"@type\":\"SearchAction\",\"target\":{\"@type\":\"EntryPoint\",\"urlTemplate\":\"https:\/\/bsartstudio.vn\/ja\/?s={search_term_string}\"},\"query-input\":{\"@type\":\"PropertyValueSpecification\",\"valueRequired\":true,\"valueName\":\"search_term_string\"}}],\"inLanguage\":\"vi-VN\"},{\"@type\":\"Organization\",\"@id\":\"https:\/\/bsartstudio.vn\/ja\/#organization\",\"name\":\"B\/S Art Studio\",\"url\":\"https:\/\/bsartstudio.vn\/ja\/\",\"logo\":{\"@type\":\"ImageObject\",\"inLanguage\":\"vi-VN\",\"@id\":\"https:\/\/bsartstudio.vn\/ja\/#\/schema\/logo\/image\/\",\"url\":\"https:\/\/bsartstudio.vn\/wp-content\/uploads\/2020\/03\/54526018_2272576089468053_1525084505319145472_n.jpg\",\"contentUrl\":\"https:\/\/bsartstudio.vn\/wp-content\/uploads\/2020\/03\/54526018_2272576089468053_1525084505319145472_n.jpg\",\"width\":958,\"height\":958,\"caption\":\"B\/S Art Studio\"},\"image\":{\"@id\":\"https:\/\/bsartstudio.vn\/ja\/#\/schema\/logo\/image\/\"}}]}<\/script>\n<!-- \/ Yoast SEO plugin. -->","yoast_head_json":{"title":"T\u00e1c ph\u1ea9m \"C\u1ea7m KiKi\" - B\/S Art Studio","robots":{"index":"index","follow":"follow","max-snippet":"max-snippet:-1","max-image-preview":"max-image-preview:large","max-video-preview":"max-video-preview:-1"},"canonical":"https:\/\/bsartstudio.vn\/vi\/products\/tac-pham-moon-kiki\/","og_locale":"vi_VN","og_type":"article","og_title":"T\u00e1c ph\u1ea9m \"C\u1ea7m KiKi\" - B\/S Art Studio","og_description":"\ud83c\udfa8 \u201cC\u1ea7m kiki\u201d \u0111\u01b0\u1ee3c l\u1ea5y c\u1ea3m h\u1ee9ng t\u1eeb \u201cT\u00f9 Ng\u01b0u\u201d, \u0111\u00e2y l\u00e0 1 trong 9 con c\u1ee7a r\u1ed3ng. Lo\u00e0i T\u00f9 Ng\u01b0u c\u00f3 h\u00ecnh d\u1ea1ng nh\u01b0 m\u1ed9t con r\u1ed3ng nh\u1ecf, m\u00e0u v\u00e0ng, c\u00f3 s\u1eebng nh\u01b0 s\u1eebng l\u00e2n. N\u00f3 v\u1ed1n ham m\u00ea \u00e2m nh\u1ea1c, n\u00ean hay ng\u1ef1 tr\u00ean \u0111\u1ea7u c\u00e2y \u0111\u00e0n \u0111\u1ec3 th\u01b0\u1edfng th\u1ee9c \u00e2m nh\u1ea1c. V\u00ec th\u1ebf ng\u01b0\u1eddi x\u01b0a hay d\u00f9ng h\u00ecnh t\u01b0\u1ee3ng T\u00f9 Ng\u01b0u \u0111\u1ec3 trang tr\u00ed cho c\u00e2y \u0111\u00e0n. Ng\u01b0\u1eddi Vi\u1ec7t Nam th\u01b0\u1eddng s\u1eed d\u1ee5ng \u201ckiki\u201d \u0111\u1ec7m ph\u00eda sau \u0111\u1ec3 ch\u1ec9 th\u00fa c\u01b0ng v\u1eadt nu\u00f4i th\u00e2n thi\u1ebft. \u201cC\u1ea7m kiki\u201d l\u00e0 d\u1ea1ng nh\u00e2n ho\u00e1 c\u00e1c m\u00f3n \u0111\u1ed3 nh\u1ea1c c\u1ee5 nh\u01b0 1 ng\u01b0\u1eddi b\u1ea1n th\u00e2n g\u1eafn li\u1ec1n v\u1edbi cu\u1ed9c s\u1ed1ng kh\u00e1 bu\u1ed3n trong cung x\u01b0a c\u1ee7a m\u1ed9t s\u1ed1 ng\u01b0\u1eddi. &nbsp; &nbsp; &nbsp; &nbsp;","og_url":"https:\/\/bsartstudio.vn\/vi\/products\/tac-pham-moon-kiki\/","og_site_name":"B\/S Art Studio","article_modified_time":"2020-04-28T04:40:10+00:00","og_image":[{"width":1920,"height":1678,"url":"https:\/\/bsartstudio.vn\/wp-content\/uploads\/2020\/04\/c\u1ea7m-kiki-3.jpg","type":"image\/jpeg"}],"twitter_card":"summary_large_image","schema":{"@context":"https:\/\/schema.org","@graph":[{"@type":"WebPage","@id":"https:\/\/bsartstudio.vn\/vi\/products\/tac-pham-moon-kiki\/","url":"https:\/\/bsartstudio.vn\/vi\/products\/tac-pham-moon-kiki\/","name":"T\u00e1c ph\u1ea9m \"C\u1ea7m KiKi\" - B\/S Art Studio","isPartOf":{"@id":"https:\/\/bsartstudio.vn\/ja\/#website"},"primaryImageOfPage":{"@id":"https:\/\/bsartstudio.vn\/vi\/products\/tac-pham-moon-kiki\/#primaryimage"},"image":{"@id":"https:\/\/bsartstudio.vn\/vi\/products\/tac-pham-moon-kiki\/#primaryimage"},"thumbnailUrl":"https:\/\/bsartstudio.vn\/wp-content\/uploads\/2020\/04\/The-Dragon-Loves-Music.jpg","datePublished":"2020-04-04T05:24:26+00:00","dateModified":"2020-04-28T04:40:10+00:00","breadcrumb":{"@id":"https:\/\/bsartstudio.vn\/vi\/products\/tac-pham-moon-kiki\/#breadcrumb"},"inLanguage":"vi-VN","potentialAction":[{"@type":"ReadAction","target":["https:\/\/bsartstudio.vn\/vi\/products\/tac-pham-moon-kiki\/"]}]},{"@type":"ImageObject","inLanguage":"vi-VN","@id":"https:\/\/bsartstudio.vn\/vi\/products\/tac-pham-moon-kiki\/#primaryimage","url":"https:\/\/bsartstudio.vn\/wp-content\/uploads\/2020\/04\/The-Dragon-Loves-Music.jpg","contentUrl":"https:\/\/bsartstudio.vn\/wp-content\/uploads\/2020\/04\/The-Dragon-Loves-Music.jpg","width":1920,"height":1920,"caption":"The Dragon Loves Music"},{"@type":"BreadcrumbList","@id":"https:\/\/bsartstudio.vn\/vi\/products\/tac-pham-moon-kiki\/#breadcrumb","itemListElement":[{"@type":"ListItem","position":1,"name":"Home","item":"https:\/\/bsartstudio.vn\/en\/"},{"@type":"ListItem","position":2,"name":"Shop","item":"https:\/\/bsartstudio.vn\/en\/shop\/"},{"@type":"ListItem","position":3,"name":"T\u00e1c ph\u1ea9m &#8220;C\u1ea7m KiKi&#8221;"}]},{"@type":"WebSite","@id":"https:\/\/bsartstudio.vn\/ja\/#website","url":"https:\/\/bsartstudio.vn\/ja\/","name":"B\/S Art Studio","description":"","publisher":{"@id":"https:\/\/bsartstudio.vn\/ja\/#organization"},"potentialAction":[{"@type":"SearchAction","target":{"@type":"EntryPoint","urlTemplate":"https:\/\/bsartstudio.vn\/ja\/?s={search_term_string}"},"query-input":{"@type":"PropertyValueSpecification","valueRequired":true,"valueName":"search_term_string"}}],"inLanguage":"vi-VN"},{"@type":"Organization","@id":"https:\/\/bsartstudio.vn\/ja\/#organization","name":"B\/S Art Studio","url":"https:\/\/bsartstudio.vn\/ja\/","logo":{"@type":"ImageObject","inLanguage":"vi-VN","@id":"https:\/\/bsartstudio.vn\/ja\/#\/schema\/logo\/image\/","url":"https:\/\/bsartstudio.vn\/wp-content\/uploads\/2020\/03\/54526018_2272576089468053_1525084505319145472_n.jpg","contentUrl":"https:\/\/bsartstudio.vn\/wp-content\/uploads\/2020\/03\/54526018_2272576089468053_1525084505319145472_n.jpg","width":958,"height":958,"caption":"B\/S Art Studio"},"image":{"@id":"https:\/\/bsartstudio.vn\/ja\/#\/schema\/logo\/image\/"}}]}},"_links":{"self":[{"href":"https:\/\/bsartstudio.vn\/vi\/wp-json\/wp\/v2\/product\/1907"}],"collection":[{"href":"https:\/\/bsartstudio.vn\/vi\/wp-json\/wp\/v2\/product"}],"about":[{"href":"https:\/\/bsartstudio.vn\/vi\/wp-json\/wp\/v2\/types\/product"}],"wp:featuredmedia":[{"embeddable":true,"href":"https:\/\/bsartstudio.vn\/vi\/wp-json\/wp\/v2\/media\/9535"}],"wp:attachment":[{"href":"https:\/\/bsartstudio.vn\/vi\/wp-json\/wp\/v2\/media?parent=1907"}],"wp:term":[{"taxonomy":"product_cat","embeddable":true,"href":"https:\/\/bsartstudio.vn\/vi\/wp-json\/wp\/v2\/product_cat?post=1907"},{"taxonomy":"product_tag","embeddable":true,"href":"https:\/\/bsartstudio.vn\/vi\/wp-json\/wp\/v2\/product_tag?post=1907"}],"curies":[{"name":"wp","href":"https:\/\/api.w.org\/{rel}","templated":true}]}}