{"id":1825,"date":"2020-03-20T16:08:29","date_gmt":"2020-03-20T09:08:29","guid":{"rendered":"https:\/\/bsartstudio.vn\/products\/tuong-gom-trau-vang-pig-moon\/"},"modified":"2020-05-02T18:33:31","modified_gmt":"2020-05-02T11:33:31","slug":"tuong-gom-trau-vang-pig-moon","status":"publish","type":"product","link":"https:\/\/bsartstudio.vn\/vi\/products\/tuong-gom-trau-vang-pig-moon\/","title":{"rendered":"T\u01b0\u1ee3ng g\u1ed1m &#8220;Tr\u00e2u V\u00e0ng (Pig Moon)&#8221;"},"content":{"rendered":"<p>Tr\u00e2u V\u00e0ng &#8211; Pig Moon: Gi\u1ea5c M\u01a1 c\u1ee7a \u0110\u1ea5t<\/p>\n<p>Tr\u00e2u v\u00e0ng (Pig Moon) \u2013 nh\u00e2n v\u1eadt ch\u00ednh trong c\u00e2u chuy\u1ec7n \u201cTr\u00e2u V\u00e0ng v\u00e0 C\u1eadu B\u00e9 \u2013 S\u1ef1 huy\u1ec1n di\u1ec7u c\u1ee7a \u00c1nh Tr\u0103ng.\u201d<\/p>\n<p>C\u00e2u chuy\u1ec7n k\u1ec3 v\u1ec1 h\u00e0nh tr\u00ecnh bi\u1ebfn \u0111\u1ed5i v\u00e0 tr\u01b0\u1edfng th\u00e0nh k\u1ef3 di\u1ec7u c\u1ee7a Tr\u00e2u V\u00e0ng v\u00e0 C\u1eadu B\u00e9. S\u1ef1 huy\u1ec1n di\u1ec7u c\u1ee7a \u00e1nh tr\u0103ng ph\u1ea3n \u00e1nh nh\u1eefng ph\u1ea9m ch\u1ea5t v\u1ec1 ki\u1ebfn th\u1ee9c v\u00e0 \u0111\u1ee9c t\u00ednh cao \u0111\u1eb9p c\u1ee7a ng\u01b0\u1eddi d\u00e2n Vi\u1ec7t Nam. C\u00e2u chuy\u1ec7n mang \u0111\u1eadm h\u00ecnh \u1ea3nh l\u00e0ng qu\u00ea Vi\u1ec7t Nam.<\/p>\n<p>K\u00edch th\u01b0\u1edbc: 10 cm x 10 cm x 12 cm<\/p>\n","protected":false},"excerpt":{"rendered":"<p>T\u01b0\u1ee3ng \u0111\u01b0\u1ee3c l\u00e0m t\u1eeb c\u00e1c v\u1eadt li\u1ec7u mang h\u01a1i th\u1edf v\u00e0 linh h\u1ed3n c\u1ee7a khu v\u1ef1c \u0110\u00f4ng Nam B\u1ed9. T\u1eeb vi\u1ec7c c\u1ea9n th\u1eadn suy ngh\u0129 l\u1ef1a ch\u1ecdn ngu\u1ed3n \u0111\u1ea5t s\u00e9t \u0111\u1ebfn vi\u1ec7c t\u1ec9 m\u1ec9 t\u1ea1o c\u00e1c chi ti\u1ebft nh\u1ecf, c\u00f9ng v\u1edbi c\u1ea3m x\u00fac c\u1ee7a ng\u01b0\u1eddi ngh\u1ec7 nh\u00e2n, t\u1ea5t c\u1ea3 nh\u1eefng \u0111i\u1ec1u \u0111\u00f3 \u0111\u00e3 t\u1ea1o n\u00ean m\u1ed9t t\u00e1c ph\u1ea9m mang theo h\u01a1i th\u1edf c\u1ee7a cu\u1ed9c s\u1ed1ng.<\/p>\n<p>\u0110\u01b0\u1ee3c l\u00e0m v\u00e0 v\u1ebd b\u1eb1ng tay.<\/p>\n<p>&nbsp;<\/p>\n","protected":false},"featured_media":9452,"template":"","meta":{"_et_pb_use_builder":"","_et_pb_old_content":"","_et_gb_content_width":""},"product_cat":[190,72,70],"product_tag":[181,453],"yoast_head":"<!-- This site is optimized with the Yoast SEO plugin v24.5 - https:\/\/yoast.com\/wordpress\/plugins\/seo\/ -->\n<title>T\u01b0\u1ee3ng g\u1ed1m &quot;Tr\u00e2u V\u00e0ng (Pig Moon)&quot; - B\/S Art Studio<\/title>\n<meta name=\"robots\" content=\"index, follow, max-snippet:-1, max-image-preview:large, max-video-preview:-1\" \/>\n<link rel=\"canonical\" href=\"https:\/\/bsartstudio.vn\/vi\/products\/tuong-gom-trau-vang-pig-moon\/\" \/>\n<meta property=\"og:locale\" content=\"vi_VN\" \/>\n<meta property=\"og:type\" content=\"article\" \/>\n<meta property=\"og:title\" content=\"T\u01b0\u1ee3ng g\u1ed1m &quot;Tr\u00e2u V\u00e0ng (Pig Moon)&quot; - B\/S Art Studio\" \/>\n<meta property=\"og:description\" content=\"T\u01b0\u1ee3ng \u0111\u01b0\u1ee3c l\u00e0m t\u1eeb c\u00e1c v\u1eadt li\u1ec7u mang h\u01a1i th\u1edf v\u00e0 linh h\u1ed3n c\u1ee7a khu v\u1ef1c \u0110\u00f4ng Nam B\u1ed9. T\u1eeb vi\u1ec7c c\u1ea9n th\u1eadn suy ngh\u0129 l\u1ef1a ch\u1ecdn ngu\u1ed3n \u0111\u1ea5t s\u00e9t \u0111\u1ebfn vi\u1ec7c t\u1ec9 m\u1ec9 t\u1ea1o c\u00e1c chi ti\u1ebft nh\u1ecf, c\u00f9ng v\u1edbi c\u1ea3m x\u00fac c\u1ee7a ng\u01b0\u1eddi ngh\u1ec7 nh\u00e2n, t\u1ea5t c\u1ea3 nh\u1eefng \u0111i\u1ec1u \u0111\u00f3 \u0111\u00e3 t\u1ea1o n\u00ean m\u1ed9t t\u00e1c ph\u1ea9m mang theo h\u01a1i th\u1edf c\u1ee7a cu\u1ed9c s\u1ed1ng. \u0110\u01b0\u1ee3c l\u00e0m v\u00e0 v\u1ebd b\u1eb1ng tay. &nbsp;\" \/>\n<meta property=\"og:url\" content=\"https:\/\/bsartstudio.vn\/vi\/products\/tuong-gom-trau-vang-pig-moon\/\" \/>\n<meta property=\"og:site_name\" content=\"B\/S Art Studio\" \/>\n<meta property=\"article:modified_time\" content=\"2020-05-02T11:33:31+00:00\" \/>\n<meta property=\"og:image\" content=\"https:\/\/bsartstudio.vn\/wp-content\/uploads\/2020\/03\/ABC_1270-min.jpg\" \/>\n\t<meta property=\"og:image:width\" content=\"1920\" \/>\n\t<meta property=\"og:image:height\" content=\"1280\" \/>\n\t<meta property=\"og:image:type\" content=\"image\/jpeg\" \/>\n<meta name=\"twitter:card\" content=\"summary_large_image\" \/>\n<meta name=\"twitter:label1\" content=\"Est. reading time\" \/>\n\t<meta name=\"twitter:data1\" content=\"1 minute\" \/>\n<script type=\"application\/ld+json\" class=\"yoast-schema-graph\">{\"@context\":\"https:\/\/schema.org\",\"@graph\":[{\"@type\":\"WebPage\",\"@id\":\"https:\/\/bsartstudio.vn\/vi\/products\/tuong-gom-trau-vang-pig-moon\/\",\"url\":\"https:\/\/bsartstudio.vn\/vi\/products\/tuong-gom-trau-vang-pig-moon\/\",\"name\":\"T\u01b0\u1ee3ng g\u1ed1m \\\"Tr\u00e2u V\u00e0ng (Pig Moon)\\\" - B\/S Art Studio\",\"isPartOf\":{\"@id\":\"https:\/\/bsartstudio.vn\/ja\/#website\"},\"primaryImageOfPage\":{\"@id\":\"https:\/\/bsartstudio.vn\/vi\/products\/tuong-gom-trau-vang-pig-moon\/#primaryimage\"},\"image\":{\"@id\":\"https:\/\/bsartstudio.vn\/vi\/products\/tuong-gom-trau-vang-pig-moon\/#primaryimage\"},\"thumbnailUrl\":\"https:\/\/bsartstudio.vn\/wp-content\/uploads\/2020\/03\/Pig-Moon-Pottery-Statue-3.jpg\",\"datePublished\":\"2020-03-20T09:08:29+00:00\",\"dateModified\":\"2020-05-02T11:33:31+00:00\",\"breadcrumb\":{\"@id\":\"https:\/\/bsartstudio.vn\/vi\/products\/tuong-gom-trau-vang-pig-moon\/#breadcrumb\"},\"inLanguage\":\"vi-VN\",\"potentialAction\":[{\"@type\":\"ReadAction\",\"target\":[\"https:\/\/bsartstudio.vn\/vi\/products\/tuong-gom-trau-vang-pig-moon\/\"]}]},{\"@type\":\"ImageObject\",\"inLanguage\":\"vi-VN\",\"@id\":\"https:\/\/bsartstudio.vn\/vi\/products\/tuong-gom-trau-vang-pig-moon\/#primaryimage\",\"url\":\"https:\/\/bsartstudio.vn\/wp-content\/uploads\/2020\/03\/Pig-Moon-Pottery-Statue-3.jpg\",\"contentUrl\":\"https:\/\/bsartstudio.vn\/wp-content\/uploads\/2020\/03\/Pig-Moon-Pottery-Statue-3.jpg\",\"width\":1920,\"height\":1920,\"caption\":\"Pig Moon Pottery Statue\"},{\"@type\":\"BreadcrumbList\",\"@id\":\"https:\/\/bsartstudio.vn\/vi\/products\/tuong-gom-trau-vang-pig-moon\/#breadcrumb\",\"itemListElement\":[{\"@type\":\"ListItem\",\"position\":1,\"name\":\"Home\",\"item\":\"https:\/\/bsartstudio.vn\/en\/\"},{\"@type\":\"ListItem\",\"position\":2,\"name\":\"Shop\",\"item\":\"https:\/\/bsartstudio.vn\/en\/shop\/\"},{\"@type\":\"ListItem\",\"position\":3,\"name\":\"T\u01b0\u1ee3ng g\u1ed1m &#8220;Tr\u00e2u V\u00e0ng (Pig Moon)&#8221;\"}]},{\"@type\":\"WebSite\",\"@id\":\"https:\/\/bsartstudio.vn\/ja\/#website\",\"url\":\"https:\/\/bsartstudio.vn\/ja\/\",\"name\":\"B\/S Art Studio\",\"description\":\"\",\"publisher\":{\"@id\":\"https:\/\/bsartstudio.vn\/ja\/#organization\"},\"potentialAction\":[{\"@type\":\"SearchAction\",\"target\":{\"@type\":\"EntryPoint\",\"urlTemplate\":\"https:\/\/bsartstudio.vn\/ja\/?s={search_term_string}\"},\"query-input\":{\"@type\":\"PropertyValueSpecification\",\"valueRequired\":true,\"valueName\":\"search_term_string\"}}],\"inLanguage\":\"vi-VN\"},{\"@type\":\"Organization\",\"@id\":\"https:\/\/bsartstudio.vn\/ja\/#organization\",\"name\":\"B\/S Art Studio\",\"url\":\"https:\/\/bsartstudio.vn\/ja\/\",\"logo\":{\"@type\":\"ImageObject\",\"inLanguage\":\"vi-VN\",\"@id\":\"https:\/\/bsartstudio.vn\/ja\/#\/schema\/logo\/image\/\",\"url\":\"https:\/\/bsartstudio.vn\/wp-content\/uploads\/2020\/03\/54526018_2272576089468053_1525084505319145472_n.jpg\",\"contentUrl\":\"https:\/\/bsartstudio.vn\/wp-content\/uploads\/2020\/03\/54526018_2272576089468053_1525084505319145472_n.jpg\",\"width\":958,\"height\":958,\"caption\":\"B\/S Art Studio\"},\"image\":{\"@id\":\"https:\/\/bsartstudio.vn\/ja\/#\/schema\/logo\/image\/\"}}]}<\/script>\n<!-- \/ Yoast SEO plugin. -->","yoast_head_json":{"title":"T\u01b0\u1ee3ng g\u1ed1m \"Tr\u00e2u V\u00e0ng (Pig Moon)\" - B\/S Art Studio","robots":{"index":"index","follow":"follow","max-snippet":"max-snippet:-1","max-image-preview":"max-image-preview:large","max-video-preview":"max-video-preview:-1"},"canonical":"https:\/\/bsartstudio.vn\/vi\/products\/tuong-gom-trau-vang-pig-moon\/","og_locale":"vi_VN","og_type":"article","og_title":"T\u01b0\u1ee3ng g\u1ed1m \"Tr\u00e2u V\u00e0ng (Pig Moon)\" - B\/S Art Studio","og_description":"T\u01b0\u1ee3ng \u0111\u01b0\u1ee3c l\u00e0m t\u1eeb c\u00e1c v\u1eadt li\u1ec7u mang h\u01a1i th\u1edf v\u00e0 linh h\u1ed3n c\u1ee7a khu v\u1ef1c \u0110\u00f4ng Nam B\u1ed9. T\u1eeb vi\u1ec7c c\u1ea9n th\u1eadn suy ngh\u0129 l\u1ef1a ch\u1ecdn ngu\u1ed3n \u0111\u1ea5t s\u00e9t \u0111\u1ebfn vi\u1ec7c t\u1ec9 m\u1ec9 t\u1ea1o c\u00e1c chi ti\u1ebft nh\u1ecf, c\u00f9ng v\u1edbi c\u1ea3m x\u00fac c\u1ee7a ng\u01b0\u1eddi ngh\u1ec7 nh\u00e2n, t\u1ea5t c\u1ea3 nh\u1eefng \u0111i\u1ec1u \u0111\u00f3 \u0111\u00e3 t\u1ea1o n\u00ean m\u1ed9t t\u00e1c ph\u1ea9m mang theo h\u01a1i th\u1edf c\u1ee7a cu\u1ed9c s\u1ed1ng. \u0110\u01b0\u1ee3c l\u00e0m v\u00e0 v\u1ebd b\u1eb1ng tay. &nbsp;","og_url":"https:\/\/bsartstudio.vn\/vi\/products\/tuong-gom-trau-vang-pig-moon\/","og_site_name":"B\/S Art Studio","article_modified_time":"2020-05-02T11:33:31+00:00","og_image":[{"width":1920,"height":1280,"url":"https:\/\/bsartstudio.vn\/wp-content\/uploads\/2020\/03\/ABC_1270-min.jpg","type":"image\/jpeg"}],"twitter_card":"summary_large_image","twitter_misc":{"Est. reading time":"1 minute"},"schema":{"@context":"https:\/\/schema.org","@graph":[{"@type":"WebPage","@id":"https:\/\/bsartstudio.vn\/vi\/products\/tuong-gom-trau-vang-pig-moon\/","url":"https:\/\/bsartstudio.vn\/vi\/products\/tuong-gom-trau-vang-pig-moon\/","name":"T\u01b0\u1ee3ng g\u1ed1m \"Tr\u00e2u V\u00e0ng (Pig Moon)\" - B\/S Art Studio","isPartOf":{"@id":"https:\/\/bsartstudio.vn\/ja\/#website"},"primaryImageOfPage":{"@id":"https:\/\/bsartstudio.vn\/vi\/products\/tuong-gom-trau-vang-pig-moon\/#primaryimage"},"image":{"@id":"https:\/\/bsartstudio.vn\/vi\/products\/tuong-gom-trau-vang-pig-moon\/#primaryimage"},"thumbnailUrl":"https:\/\/bsartstudio.vn\/wp-content\/uploads\/2020\/03\/Pig-Moon-Pottery-Statue-3.jpg","datePublished":"2020-03-20T09:08:29+00:00","dateModified":"2020-05-02T11:33:31+00:00","breadcrumb":{"@id":"https:\/\/bsartstudio.vn\/vi\/products\/tuong-gom-trau-vang-pig-moon\/#breadcrumb"},"inLanguage":"vi-VN","potentialAction":[{"@type":"ReadAction","target":["https:\/\/bsartstudio.vn\/vi\/products\/tuong-gom-trau-vang-pig-moon\/"]}]},{"@type":"ImageObject","inLanguage":"vi-VN","@id":"https:\/\/bsartstudio.vn\/vi\/products\/tuong-gom-trau-vang-pig-moon\/#primaryimage","url":"https:\/\/bsartstudio.vn\/wp-content\/uploads\/2020\/03\/Pig-Moon-Pottery-Statue-3.jpg","contentUrl":"https:\/\/bsartstudio.vn\/wp-content\/uploads\/2020\/03\/Pig-Moon-Pottery-Statue-3.jpg","width":1920,"height":1920,"caption":"Pig Moon Pottery Statue"},{"@type":"BreadcrumbList","@id":"https:\/\/bsartstudio.vn\/vi\/products\/tuong-gom-trau-vang-pig-moon\/#breadcrumb","itemListElement":[{"@type":"ListItem","position":1,"name":"Home","item":"https:\/\/bsartstudio.vn\/en\/"},{"@type":"ListItem","position":2,"name":"Shop","item":"https:\/\/bsartstudio.vn\/en\/shop\/"},{"@type":"ListItem","position":3,"name":"T\u01b0\u1ee3ng g\u1ed1m &#8220;Tr\u00e2u V\u00e0ng (Pig Moon)&#8221;"}]},{"@type":"WebSite","@id":"https:\/\/bsartstudio.vn\/ja\/#website","url":"https:\/\/bsartstudio.vn\/ja\/","name":"B\/S Art Studio","description":"","publisher":{"@id":"https:\/\/bsartstudio.vn\/ja\/#organization"},"potentialAction":[{"@type":"SearchAction","target":{"@type":"EntryPoint","urlTemplate":"https:\/\/bsartstudio.vn\/ja\/?s={search_term_string}"},"query-input":{"@type":"PropertyValueSpecification","valueRequired":true,"valueName":"search_term_string"}}],"inLanguage":"vi-VN"},{"@type":"Organization","@id":"https:\/\/bsartstudio.vn\/ja\/#organization","name":"B\/S Art Studio","url":"https:\/\/bsartstudio.vn\/ja\/","logo":{"@type":"ImageObject","inLanguage":"vi-VN","@id":"https:\/\/bsartstudio.vn\/ja\/#\/schema\/logo\/image\/","url":"https:\/\/bsartstudio.vn\/wp-content\/uploads\/2020\/03\/54526018_2272576089468053_1525084505319145472_n.jpg","contentUrl":"https:\/\/bsartstudio.vn\/wp-content\/uploads\/2020\/03\/54526018_2272576089468053_1525084505319145472_n.jpg","width":958,"height":958,"caption":"B\/S Art Studio"},"image":{"@id":"https:\/\/bsartstudio.vn\/ja\/#\/schema\/logo\/image\/"}}]}},"_links":{"self":[{"href":"https:\/\/bsartstudio.vn\/vi\/wp-json\/wp\/v2\/product\/1825"}],"collection":[{"href":"https:\/\/bsartstudio.vn\/vi\/wp-json\/wp\/v2\/product"}],"about":[{"href":"https:\/\/bsartstudio.vn\/vi\/wp-json\/wp\/v2\/types\/product"}],"wp:featuredmedia":[{"embeddable":true,"href":"https:\/\/bsartstudio.vn\/vi\/wp-json\/wp\/v2\/media\/9452"}],"wp:attachment":[{"href":"https:\/\/bsartstudio.vn\/vi\/wp-json\/wp\/v2\/media?parent=1825"}],"wp:term":[{"taxonomy":"product_cat","embeddable":true,"href":"https:\/\/bsartstudio.vn\/vi\/wp-json\/wp\/v2\/product_cat?post=1825"},{"taxonomy":"product_tag","embeddable":true,"href":"https:\/\/bsartstudio.vn\/vi\/wp-json\/wp\/v2\/product_tag?post=1825"}],"curies":[{"name":"wp","href":"https:\/\/api.w.org\/{rel}","templated":true}]}}