{"id":1811,"date":"2020-03-21T18:52:25","date_gmt":"2020-03-21T11:52:25","guid":{"rendered":"https:\/\/bsartstudio.vn\/products\/tac-pham-goc-tinh-su\/"},"modified":"2020-04-28T13:32:06","modified_gmt":"2020-04-28T06:32:06","slug":"tac-pham-goc-tinh-su","status":"publish","type":"product","link":"https:\/\/bsartstudio.vn\/vi\/products\/tac-pham-goc-tinh-su\/","title":{"rendered":"T\u00e1c ph\u1ea9m &#8220;G\u00f3c T\u00ecnh S\u1eed&#8221;"},"content":{"rendered":"<p>T\u00e1c ph\u1ea9m &#8220;G\u00f3c T\u00ecnh S\u1eed&#8221;<\/p>\n<p>Ch\u1ea5t li\u1ec7u: L\u1ee5a<br \/>\nM\u00e0u: Ch\u00ec m\u00e0u, b\u00fat m\u1ef1c<br \/>\nK\u00edch th\u01b0\u1edbc: 55 cm x 65 cm<br \/>\nBao g\u1ed3m khung.<\/p>\n","protected":false},"excerpt":{"rendered":"<p>V\u1ebb \u0111\u1eb9p n\u1ed9i t\u00e2m c\u1ee7a ng\u01b0\u1eddi ph\u1ee5 n\u1eef Vi\u1ec7t Nam.<\/p>\n<p>T\u00e1c ph\u1ea9m &#8220;G\u00f3c T\u00ecnh S\u1eed&#8221; th\u1ec3 hi\u1ec7n n\u00e9t d\u1ecbu d\u00e0ng c\u1ee7a ng\u01b0\u1eddi ph\u1ee5 n\u1eef.<\/p>\n<p>&nbsp;<\/p>\n<p>&nbsp;<\/p>\n<p>&nbsp;<\/p>\n","protected":false},"featured_media":9488,"template":"","meta":{"_et_pb_use_builder":"","_et_pb_old_content":"","_et_gb_content_width":""},"product_cat":[59,61,296],"product_tag":[126,173],"yoast_head":"<!-- This site is optimized with the Yoast SEO plugin v24.5 - https:\/\/yoast.com\/wordpress\/plugins\/seo\/ -->\n<title>T\u00e1c ph\u1ea9m &quot;G\u00f3c T\u00ecnh S\u1eed&quot; - B\/S Art Studio<\/title>\n<meta name=\"robots\" content=\"index, follow, max-snippet:-1, max-image-preview:large, max-video-preview:-1\" \/>\n<link rel=\"canonical\" href=\"https:\/\/bsartstudio.vn\/vi\/products\/tac-pham-goc-tinh-su\/\" \/>\n<meta property=\"og:locale\" content=\"vi_VN\" \/>\n<meta property=\"og:type\" content=\"article\" \/>\n<meta property=\"og:title\" content=\"T\u00e1c ph\u1ea9m &quot;G\u00f3c T\u00ecnh S\u1eed&quot; - B\/S Art Studio\" \/>\n<meta property=\"og:description\" content=\"V\u1ebb \u0111\u1eb9p n\u1ed9i t\u00e2m c\u1ee7a ng\u01b0\u1eddi ph\u1ee5 n\u1eef Vi\u1ec7t Nam. T\u00e1c ph\u1ea9m &quot;G\u00f3c T\u00ecnh S\u1eed&quot; th\u1ec3 hi\u1ec7n n\u00e9t d\u1ecbu d\u00e0ng c\u1ee7a ng\u01b0\u1eddi ph\u1ee5 n\u1eef. &nbsp; &nbsp; &nbsp;\" \/>\n<meta property=\"og:url\" content=\"https:\/\/bsartstudio.vn\/vi\/products\/tac-pham-goc-tinh-su\/\" \/>\n<meta property=\"og:site_name\" content=\"B\/S Art Studio\" \/>\n<meta property=\"article:modified_time\" content=\"2020-04-28T06:32:06+00:00\" \/>\n<meta property=\"og:image\" content=\"https:\/\/bsartstudio.vn\/wp-content\/uploads\/2020\/03\/g\u00f3c-t\u00ecnh-s\u1eed-nh\u1ecf.jpg\" \/>\n\t<meta property=\"og:image:width\" content=\"1920\" \/>\n\t<meta property=\"og:image:height\" content=\"1651\" \/>\n\t<meta property=\"og:image:type\" content=\"image\/jpeg\" \/>\n<meta name=\"twitter:card\" content=\"summary_large_image\" \/>\n<script type=\"application\/ld+json\" class=\"yoast-schema-graph\">{\"@context\":\"https:\/\/schema.org\",\"@graph\":[{\"@type\":\"WebPage\",\"@id\":\"https:\/\/bsartstudio.vn\/vi\/products\/tac-pham-goc-tinh-su\/\",\"url\":\"https:\/\/bsartstudio.vn\/vi\/products\/tac-pham-goc-tinh-su\/\",\"name\":\"T\u00e1c ph\u1ea9m \\\"G\u00f3c T\u00ecnh S\u1eed\\\" - B\/S Art Studio\",\"isPartOf\":{\"@id\":\"https:\/\/bsartstudio.vn\/ja\/#website\"},\"primaryImageOfPage\":{\"@id\":\"https:\/\/bsartstudio.vn\/vi\/products\/tac-pham-goc-tinh-su\/#primaryimage\"},\"image\":{\"@id\":\"https:\/\/bsartstudio.vn\/vi\/products\/tac-pham-goc-tinh-su\/#primaryimage\"},\"thumbnailUrl\":\"https:\/\/bsartstudio.vn\/wp-content\/uploads\/2020\/03\/Love-Story-Corner-Portrait-Eastern-Women-2.jpg\",\"datePublished\":\"2020-03-21T11:52:25+00:00\",\"dateModified\":\"2020-04-28T06:32:06+00:00\",\"breadcrumb\":{\"@id\":\"https:\/\/bsartstudio.vn\/vi\/products\/tac-pham-goc-tinh-su\/#breadcrumb\"},\"inLanguage\":\"vi-VN\",\"potentialAction\":[{\"@type\":\"ReadAction\",\"target\":[\"https:\/\/bsartstudio.vn\/vi\/products\/tac-pham-goc-tinh-su\/\"]}]},{\"@type\":\"ImageObject\",\"inLanguage\":\"vi-VN\",\"@id\":\"https:\/\/bsartstudio.vn\/vi\/products\/tac-pham-goc-tinh-su\/#primaryimage\",\"url\":\"https:\/\/bsartstudio.vn\/wp-content\/uploads\/2020\/03\/Love-Story-Corner-Portrait-Eastern-Women-2.jpg\",\"contentUrl\":\"https:\/\/bsartstudio.vn\/wp-content\/uploads\/2020\/03\/Love-Story-Corner-Portrait-Eastern-Women-2.jpg\",\"width\":1920,\"height\":1920,\"caption\":\"Love Story Corner - Portrait Eastern Women (2)\"},{\"@type\":\"BreadcrumbList\",\"@id\":\"https:\/\/bsartstudio.vn\/vi\/products\/tac-pham-goc-tinh-su\/#breadcrumb\",\"itemListElement\":[{\"@type\":\"ListItem\",\"position\":1,\"name\":\"Home\",\"item\":\"https:\/\/bsartstudio.vn\/en\/\"},{\"@type\":\"ListItem\",\"position\":2,\"name\":\"Shop\",\"item\":\"https:\/\/bsartstudio.vn\/en\/shop\/\"},{\"@type\":\"ListItem\",\"position\":3,\"name\":\"T\u00e1c ph\u1ea9m &#8220;G\u00f3c T\u00ecnh S\u1eed&#8221;\"}]},{\"@type\":\"WebSite\",\"@id\":\"https:\/\/bsartstudio.vn\/ja\/#website\",\"url\":\"https:\/\/bsartstudio.vn\/ja\/\",\"name\":\"B\/S Art Studio\",\"description\":\"\",\"publisher\":{\"@id\":\"https:\/\/bsartstudio.vn\/ja\/#organization\"},\"potentialAction\":[{\"@type\":\"SearchAction\",\"target\":{\"@type\":\"EntryPoint\",\"urlTemplate\":\"https:\/\/bsartstudio.vn\/ja\/?s={search_term_string}\"},\"query-input\":{\"@type\":\"PropertyValueSpecification\",\"valueRequired\":true,\"valueName\":\"search_term_string\"}}],\"inLanguage\":\"vi-VN\"},{\"@type\":\"Organization\",\"@id\":\"https:\/\/bsartstudio.vn\/ja\/#organization\",\"name\":\"B\/S Art Studio\",\"url\":\"https:\/\/bsartstudio.vn\/ja\/\",\"logo\":{\"@type\":\"ImageObject\",\"inLanguage\":\"vi-VN\",\"@id\":\"https:\/\/bsartstudio.vn\/ja\/#\/schema\/logo\/image\/\",\"url\":\"https:\/\/bsartstudio.vn\/wp-content\/uploads\/2020\/03\/54526018_2272576089468053_1525084505319145472_n.jpg\",\"contentUrl\":\"https:\/\/bsartstudio.vn\/wp-content\/uploads\/2020\/03\/54526018_2272576089468053_1525084505319145472_n.jpg\",\"width\":958,\"height\":958,\"caption\":\"B\/S Art Studio\"},\"image\":{\"@id\":\"https:\/\/bsartstudio.vn\/ja\/#\/schema\/logo\/image\/\"}}]}<\/script>\n<!-- \/ Yoast SEO plugin. -->","yoast_head_json":{"title":"T\u00e1c ph\u1ea9m \"G\u00f3c T\u00ecnh S\u1eed\" - B\/S Art Studio","robots":{"index":"index","follow":"follow","max-snippet":"max-snippet:-1","max-image-preview":"max-image-preview:large","max-video-preview":"max-video-preview:-1"},"canonical":"https:\/\/bsartstudio.vn\/vi\/products\/tac-pham-goc-tinh-su\/","og_locale":"vi_VN","og_type":"article","og_title":"T\u00e1c ph\u1ea9m \"G\u00f3c T\u00ecnh S\u1eed\" - B\/S Art Studio","og_description":"V\u1ebb \u0111\u1eb9p n\u1ed9i t\u00e2m c\u1ee7a ng\u01b0\u1eddi ph\u1ee5 n\u1eef Vi\u1ec7t Nam. T\u00e1c ph\u1ea9m \"G\u00f3c T\u00ecnh S\u1eed\" th\u1ec3 hi\u1ec7n n\u00e9t d\u1ecbu d\u00e0ng c\u1ee7a ng\u01b0\u1eddi ph\u1ee5 n\u1eef. &nbsp; &nbsp; &nbsp;","og_url":"https:\/\/bsartstudio.vn\/vi\/products\/tac-pham-goc-tinh-su\/","og_site_name":"B\/S Art Studio","article_modified_time":"2020-04-28T06:32:06+00:00","og_image":[{"width":1920,"height":1651,"url":"https:\/\/bsartstudio.vn\/wp-content\/uploads\/2020\/03\/g\u00f3c-t\u00ecnh-s\u1eed-nh\u1ecf.jpg","type":"image\/jpeg"}],"twitter_card":"summary_large_image","schema":{"@context":"https:\/\/schema.org","@graph":[{"@type":"WebPage","@id":"https:\/\/bsartstudio.vn\/vi\/products\/tac-pham-goc-tinh-su\/","url":"https:\/\/bsartstudio.vn\/vi\/products\/tac-pham-goc-tinh-su\/","name":"T\u00e1c ph\u1ea9m \"G\u00f3c T\u00ecnh S\u1eed\" - B\/S Art Studio","isPartOf":{"@id":"https:\/\/bsartstudio.vn\/ja\/#website"},"primaryImageOfPage":{"@id":"https:\/\/bsartstudio.vn\/vi\/products\/tac-pham-goc-tinh-su\/#primaryimage"},"image":{"@id":"https:\/\/bsartstudio.vn\/vi\/products\/tac-pham-goc-tinh-su\/#primaryimage"},"thumbnailUrl":"https:\/\/bsartstudio.vn\/wp-content\/uploads\/2020\/03\/Love-Story-Corner-Portrait-Eastern-Women-2.jpg","datePublished":"2020-03-21T11:52:25+00:00","dateModified":"2020-04-28T06:32:06+00:00","breadcrumb":{"@id":"https:\/\/bsartstudio.vn\/vi\/products\/tac-pham-goc-tinh-su\/#breadcrumb"},"inLanguage":"vi-VN","potentialAction":[{"@type":"ReadAction","target":["https:\/\/bsartstudio.vn\/vi\/products\/tac-pham-goc-tinh-su\/"]}]},{"@type":"ImageObject","inLanguage":"vi-VN","@id":"https:\/\/bsartstudio.vn\/vi\/products\/tac-pham-goc-tinh-su\/#primaryimage","url":"https:\/\/bsartstudio.vn\/wp-content\/uploads\/2020\/03\/Love-Story-Corner-Portrait-Eastern-Women-2.jpg","contentUrl":"https:\/\/bsartstudio.vn\/wp-content\/uploads\/2020\/03\/Love-Story-Corner-Portrait-Eastern-Women-2.jpg","width":1920,"height":1920,"caption":"Love Story Corner - Portrait Eastern Women (2)"},{"@type":"BreadcrumbList","@id":"https:\/\/bsartstudio.vn\/vi\/products\/tac-pham-goc-tinh-su\/#breadcrumb","itemListElement":[{"@type":"ListItem","position":1,"name":"Home","item":"https:\/\/bsartstudio.vn\/en\/"},{"@type":"ListItem","position":2,"name":"Shop","item":"https:\/\/bsartstudio.vn\/en\/shop\/"},{"@type":"ListItem","position":3,"name":"T\u00e1c ph\u1ea9m &#8220;G\u00f3c T\u00ecnh S\u1eed&#8221;"}]},{"@type":"WebSite","@id":"https:\/\/bsartstudio.vn\/ja\/#website","url":"https:\/\/bsartstudio.vn\/ja\/","name":"B\/S Art Studio","description":"","publisher":{"@id":"https:\/\/bsartstudio.vn\/ja\/#organization"},"potentialAction":[{"@type":"SearchAction","target":{"@type":"EntryPoint","urlTemplate":"https:\/\/bsartstudio.vn\/ja\/?s={search_term_string}"},"query-input":{"@type":"PropertyValueSpecification","valueRequired":true,"valueName":"search_term_string"}}],"inLanguage":"vi-VN"},{"@type":"Organization","@id":"https:\/\/bsartstudio.vn\/ja\/#organization","name":"B\/S Art Studio","url":"https:\/\/bsartstudio.vn\/ja\/","logo":{"@type":"ImageObject","inLanguage":"vi-VN","@id":"https:\/\/bsartstudio.vn\/ja\/#\/schema\/logo\/image\/","url":"https:\/\/bsartstudio.vn\/wp-content\/uploads\/2020\/03\/54526018_2272576089468053_1525084505319145472_n.jpg","contentUrl":"https:\/\/bsartstudio.vn\/wp-content\/uploads\/2020\/03\/54526018_2272576089468053_1525084505319145472_n.jpg","width":958,"height":958,"caption":"B\/S Art Studio"},"image":{"@id":"https:\/\/bsartstudio.vn\/ja\/#\/schema\/logo\/image\/"}}]}},"_links":{"self":[{"href":"https:\/\/bsartstudio.vn\/vi\/wp-json\/wp\/v2\/product\/1811"}],"collection":[{"href":"https:\/\/bsartstudio.vn\/vi\/wp-json\/wp\/v2\/product"}],"about":[{"href":"https:\/\/bsartstudio.vn\/vi\/wp-json\/wp\/v2\/types\/product"}],"wp:featuredmedia":[{"embeddable":true,"href":"https:\/\/bsartstudio.vn\/vi\/wp-json\/wp\/v2\/media\/9488"}],"wp:attachment":[{"href":"https:\/\/bsartstudio.vn\/vi\/wp-json\/wp\/v2\/media?parent=1811"}],"wp:term":[{"taxonomy":"product_cat","embeddable":true,"href":"https:\/\/bsartstudio.vn\/vi\/wp-json\/wp\/v2\/product_cat?post=1811"},{"taxonomy":"product_tag","embeddable":true,"href":"https:\/\/bsartstudio.vn\/vi\/wp-json\/wp\/v2\/product_tag?post=1811"}],"curies":[{"name":"wp","href":"https:\/\/api.w.org\/{rel}","templated":true}]}}