{"id":1799,"date":"2020-03-21T22:03:14","date_gmt":"2020-03-21T15:03:14","guid":{"rendered":"https:\/\/bsartstudio.vn\/products\/tac-pham-cho-ca-2\/"},"modified":"2020-04-29T12:50:58","modified_gmt":"2020-04-29T05:50:58","slug":"tac-pham-cho-ca-2","status":"publish","type":"product","link":"https:\/\/bsartstudio.vn\/vi\/products\/tac-pham-cho-ca-2\/","title":{"rendered":"T\u00e1c ph\u1ea9m &#8220;Ch\u1ee3 C\u00e1 2&#8221;"},"content":{"rendered":"<p>T\u00e1c ph\u1ea9m &#8220;Ch\u1ee3 C\u00e1 2&#8221;<\/p>\n<p>Ch\u1ea5t li\u1ec7u: Gi\u1ea5y<br \/>\nM\u00e0u: B\u00fat ch\u00ec<br \/>\nK\u00edch th\u01b0\u1edbc: 20 cm x 25 cm (Bao g\u1ed3m khung).<\/p>\n","protected":false},"excerpt":{"rendered":"<p>Khung c\u1ea3nh quen thu\u1ed9c t\u1ea1i c\u00e1c khu ch\u1ee3 s\u00e1ng \u1edf Vi\u1ec7t Nam.<\/p>\n<p>T\u1eeb xa x\u01b0a, ng\u01b0\u1eddi Vi\u1ec7t Nam quan ni\u1ec7m vi\u1ec7c m\u1edf h\u00e0ng trong ng\u00e0y l\u00e0 vi\u1ec7c r\u1ea5t quan tr\u1ecdng. N\u1ebfu ng\u01b0\u1eddi \u0111\u1ea7u ti\u00ean mua h\u00e0ng thu\u1eadn l\u1ee3i th\u00ec c\u1ea3 ng\u00e0y s\u1ebd mua may b\u00e1n \u0111\u1eaft.<\/p>\n<p>Ng\u01b0\u1ee3c l\u1ea1i, n\u1ebfu k\u00ec k\u00e8o tr\u1ea3 gi\u00e1, kh\u00f4ng b\u00e1n \u0111\u01b0\u1ee3c th\u00ec c\u1ea3 ng\u00e0y s\u1ebd xui x\u1ebbo. V\u1eady n\u00ean, vi\u1ec7c c\u1ef1 c\u00e3i v\u00e0o nh\u1eefng bu\u1ed5i ch\u1ee3 s\u00e1ng \u0111\u00e3 tr\u1edf th\u00e0nh m\u1ed9t h\u00ecnh \u1ea3nh kh\u00f4ng th\u1ec3 thi\u1ebfu t\u1ea1i c\u00e1c phi\u00ean ch\u1ee3 qu\u00ea.<\/p>\n<p>\u201cB\u00e0 b\u00e1n c\u00e1\u201d \u0111\u00e3 tr\u1edf th\u00e0nh m\u1ed9t h\u00ecnh t\u01b0\u1ee3ng \u0111\u1eb7c bi\u1ec7t khi nh\u1eafc \u0111\u1ebfn c\u1ea3nh ch\u1ee3 Vi\u1ec7t Nam. Ngo\u00e0i ra n\u00f3 c\u00f2n l\u00e0 h\u00ecnh \u1ea3nh bi\u1ebfm h\u1ecda khi n\u00f3i v\u1ec1 t\u00e2m tr\u1ea1ng c\u1ee7a nh\u1eefng ng\u01b0\u1eddi ph\u1ee5 n\u1eef t\u1ea3o t\u1ea7n m\u01b0u sinh trong nh\u1eefng l\u00fac kh\u00f3 kh\u0103n c\u1ee7a cu\u1ed9c s\u1ed1ng.<\/p>\n<p>&nbsp;<\/p>\n","protected":false},"featured_media":9507,"template":"","meta":{"_et_pb_use_builder":"off","_et_pb_old_content":"<p>T\u00e1c ph\u1ea9m \"Ch\u1ee3 C\u00e1 2\"<\/p>\r\n<p>Ch\u1ea5t li\u1ec7u: Gi\u1ea5y<br \/>\r\nM\u00e0u: B\u00fat ch\u00ec<br \/>\r\nK\u00edch th\u01b0\u1edbc: 20 cm x 25 cm<br \/>\r\nBao g\u1ed3m khung.<\/p>","_et_gb_content_width":""},"product_cat":[59,63,431],"product_tag":[173,453],"yoast_head":"<!-- This site is optimized with the Yoast SEO plugin v24.5 - https:\/\/yoast.com\/wordpress\/plugins\/seo\/ -->\n<title>T\u00e1c ph\u1ea9m &quot;Ch\u1ee3 C\u00e1 2&quot; - B\/S Art Studio<\/title>\n<meta name=\"robots\" content=\"index, follow, max-snippet:-1, max-image-preview:large, max-video-preview:-1\" \/>\n<link rel=\"canonical\" href=\"https:\/\/bsartstudio.vn\/vi\/products\/tac-pham-cho-ca-2\/\" \/>\n<meta property=\"og:locale\" content=\"vi_VN\" \/>\n<meta property=\"og:type\" content=\"article\" \/>\n<meta property=\"og:title\" content=\"T\u00e1c ph\u1ea9m &quot;Ch\u1ee3 C\u00e1 2&quot; - B\/S Art Studio\" \/>\n<meta property=\"og:description\" content=\"Khung c\u1ea3nh quen thu\u1ed9c t\u1ea1i c\u00e1c khu ch\u1ee3 s\u00e1ng \u1edf Vi\u1ec7t Nam. T\u1eeb xa x\u01b0a, ng\u01b0\u1eddi Vi\u1ec7t Nam quan ni\u1ec7m vi\u1ec7c m\u1edf h\u00e0ng trong ng\u00e0y l\u00e0 vi\u1ec7c r\u1ea5t quan tr\u1ecdng. N\u1ebfu ng\u01b0\u1eddi \u0111\u1ea7u ti\u00ean mua h\u00e0ng thu\u1eadn l\u1ee3i th\u00ec c\u1ea3 ng\u00e0y s\u1ebd mua may b\u00e1n \u0111\u1eaft. Ng\u01b0\u1ee3c l\u1ea1i, n\u1ebfu k\u00ec k\u00e8o tr\u1ea3 gi\u00e1, kh\u00f4ng b\u00e1n \u0111\u01b0\u1ee3c th\u00ec c\u1ea3 ng\u00e0y s\u1ebd xui x\u1ebbo. V\u1eady n\u00ean, vi\u1ec7c c\u1ef1 c\u00e3i v\u00e0o nh\u1eefng bu\u1ed5i ch\u1ee3 s\u00e1ng \u0111\u00e3 tr\u1edf th\u00e0nh m\u1ed9t h\u00ecnh \u1ea3nh kh\u00f4ng th\u1ec3 thi\u1ebfu t\u1ea1i c\u00e1c phi\u00ean ch\u1ee3 qu\u00ea. \u201cB\u00e0 b\u00e1n c\u00e1\u201d \u0111\u00e3 tr\u1edf th\u00e0nh m\u1ed9t h\u00ecnh t\u01b0\u1ee3ng \u0111\u1eb7c bi\u1ec7t khi nh\u1eafc \u0111\u1ebfn c\u1ea3nh ch\u1ee3 Vi\u1ec7t Nam. Ngo\u00e0i ra n\u00f3 c\u00f2n l\u00e0 h\u00ecnh \u1ea3nh bi\u1ebfm h\u1ecda khi n\u00f3i v\u1ec1 t\u00e2m tr\u1ea1ng c\u1ee7a nh\u1eefng ng\u01b0\u1eddi ph\u1ee5 n\u1eef t\u1ea3o t\u1ea7n m\u01b0u sinh trong nh\u1eefng l\u00fac kh\u00f3 kh\u0103n c\u1ee7a cu\u1ed9c s\u1ed1ng. &nbsp;\" \/>\n<meta property=\"og:url\" content=\"https:\/\/bsartstudio.vn\/vi\/products\/tac-pham-cho-ca-2\/\" \/>\n<meta property=\"og:site_name\" content=\"B\/S Art Studio\" \/>\n<meta property=\"article:modified_time\" content=\"2020-04-29T05:50:58+00:00\" \/>\n<meta property=\"og:image\" content=\"https:\/\/bsartstudio.vn\/wp-content\/uploads\/2020\/03\/cho-c\u00e1-2-1.jpg\" \/>\n\t<meta property=\"og:image:width\" content=\"1920\" \/>\n\t<meta property=\"og:image:height\" content=\"2458\" \/>\n\t<meta property=\"og:image:type\" content=\"image\/jpeg\" \/>\n<meta name=\"twitter:card\" content=\"summary_large_image\" \/>\n<script type=\"application\/ld+json\" class=\"yoast-schema-graph\">{\"@context\":\"https:\/\/schema.org\",\"@graph\":[{\"@type\":\"WebPage\",\"@id\":\"https:\/\/bsartstudio.vn\/vi\/products\/tac-pham-cho-ca-2\/\",\"url\":\"https:\/\/bsartstudio.vn\/vi\/products\/tac-pham-cho-ca-2\/\",\"name\":\"T\u00e1c ph\u1ea9m \\\"Ch\u1ee3 C\u00e1 2\\\" - B\/S Art Studio\",\"isPartOf\":{\"@id\":\"https:\/\/bsartstudio.vn\/ja\/#website\"},\"primaryImageOfPage\":{\"@id\":\"https:\/\/bsartstudio.vn\/vi\/products\/tac-pham-cho-ca-2\/#primaryimage\"},\"image\":{\"@id\":\"https:\/\/bsartstudio.vn\/vi\/products\/tac-pham-cho-ca-2\/#primaryimage\"},\"thumbnailUrl\":\"https:\/\/bsartstudio.vn\/wp-content\/uploads\/2020\/03\/The-Fish-Market-Catfish-Seller.jpg\",\"datePublished\":\"2020-03-21T15:03:14+00:00\",\"dateModified\":\"2020-04-29T05:50:58+00:00\",\"breadcrumb\":{\"@id\":\"https:\/\/bsartstudio.vn\/vi\/products\/tac-pham-cho-ca-2\/#breadcrumb\"},\"inLanguage\":\"vi-VN\",\"potentialAction\":[{\"@type\":\"ReadAction\",\"target\":[\"https:\/\/bsartstudio.vn\/vi\/products\/tac-pham-cho-ca-2\/\"]}]},{\"@type\":\"ImageObject\",\"inLanguage\":\"vi-VN\",\"@id\":\"https:\/\/bsartstudio.vn\/vi\/products\/tac-pham-cho-ca-2\/#primaryimage\",\"url\":\"https:\/\/bsartstudio.vn\/wp-content\/uploads\/2020\/03\/The-Fish-Market-Catfish-Seller.jpg\",\"contentUrl\":\"https:\/\/bsartstudio.vn\/wp-content\/uploads\/2020\/03\/The-Fish-Market-Catfish-Seller.jpg\",\"width\":1920,\"height\":1920,\"caption\":\"The Fish Market - Catfish Seller\"},{\"@type\":\"BreadcrumbList\",\"@id\":\"https:\/\/bsartstudio.vn\/vi\/products\/tac-pham-cho-ca-2\/#breadcrumb\",\"itemListElement\":[{\"@type\":\"ListItem\",\"position\":1,\"name\":\"Home\",\"item\":\"https:\/\/bsartstudio.vn\/en\/\"},{\"@type\":\"ListItem\",\"position\":2,\"name\":\"Shop\",\"item\":\"https:\/\/bsartstudio.vn\/en\/shop\/\"},{\"@type\":\"ListItem\",\"position\":3,\"name\":\"T\u00e1c ph\u1ea9m &#8220;Ch\u1ee3 C\u00e1 2&#8221;\"}]},{\"@type\":\"WebSite\",\"@id\":\"https:\/\/bsartstudio.vn\/ja\/#website\",\"url\":\"https:\/\/bsartstudio.vn\/ja\/\",\"name\":\"B\/S Art Studio\",\"description\":\"\",\"publisher\":{\"@id\":\"https:\/\/bsartstudio.vn\/ja\/#organization\"},\"potentialAction\":[{\"@type\":\"SearchAction\",\"target\":{\"@type\":\"EntryPoint\",\"urlTemplate\":\"https:\/\/bsartstudio.vn\/ja\/?s={search_term_string}\"},\"query-input\":{\"@type\":\"PropertyValueSpecification\",\"valueRequired\":true,\"valueName\":\"search_term_string\"}}],\"inLanguage\":\"vi-VN\"},{\"@type\":\"Organization\",\"@id\":\"https:\/\/bsartstudio.vn\/ja\/#organization\",\"name\":\"B\/S Art Studio\",\"url\":\"https:\/\/bsartstudio.vn\/ja\/\",\"logo\":{\"@type\":\"ImageObject\",\"inLanguage\":\"vi-VN\",\"@id\":\"https:\/\/bsartstudio.vn\/ja\/#\/schema\/logo\/image\/\",\"url\":\"https:\/\/bsartstudio.vn\/wp-content\/uploads\/2020\/03\/54526018_2272576089468053_1525084505319145472_n.jpg\",\"contentUrl\":\"https:\/\/bsartstudio.vn\/wp-content\/uploads\/2020\/03\/54526018_2272576089468053_1525084505319145472_n.jpg\",\"width\":958,\"height\":958,\"caption\":\"B\/S Art Studio\"},\"image\":{\"@id\":\"https:\/\/bsartstudio.vn\/ja\/#\/schema\/logo\/image\/\"}}]}<\/script>\n<!-- \/ Yoast SEO plugin. -->","yoast_head_json":{"title":"T\u00e1c ph\u1ea9m \"Ch\u1ee3 C\u00e1 2\" - B\/S Art Studio","robots":{"index":"index","follow":"follow","max-snippet":"max-snippet:-1","max-image-preview":"max-image-preview:large","max-video-preview":"max-video-preview:-1"},"canonical":"https:\/\/bsartstudio.vn\/vi\/products\/tac-pham-cho-ca-2\/","og_locale":"vi_VN","og_type":"article","og_title":"T\u00e1c ph\u1ea9m \"Ch\u1ee3 C\u00e1 2\" - B\/S Art Studio","og_description":"Khung c\u1ea3nh quen thu\u1ed9c t\u1ea1i c\u00e1c khu ch\u1ee3 s\u00e1ng \u1edf Vi\u1ec7t Nam. T\u1eeb xa x\u01b0a, ng\u01b0\u1eddi Vi\u1ec7t Nam quan ni\u1ec7m vi\u1ec7c m\u1edf h\u00e0ng trong ng\u00e0y l\u00e0 vi\u1ec7c r\u1ea5t quan tr\u1ecdng. N\u1ebfu ng\u01b0\u1eddi \u0111\u1ea7u ti\u00ean mua h\u00e0ng thu\u1eadn l\u1ee3i th\u00ec c\u1ea3 ng\u00e0y s\u1ebd mua may b\u00e1n \u0111\u1eaft. Ng\u01b0\u1ee3c l\u1ea1i, n\u1ebfu k\u00ec k\u00e8o tr\u1ea3 gi\u00e1, kh\u00f4ng b\u00e1n \u0111\u01b0\u1ee3c th\u00ec c\u1ea3 ng\u00e0y s\u1ebd xui x\u1ebbo. V\u1eady n\u00ean, vi\u1ec7c c\u1ef1 c\u00e3i v\u00e0o nh\u1eefng bu\u1ed5i ch\u1ee3 s\u00e1ng \u0111\u00e3 tr\u1edf th\u00e0nh m\u1ed9t h\u00ecnh \u1ea3nh kh\u00f4ng th\u1ec3 thi\u1ebfu t\u1ea1i c\u00e1c phi\u00ean ch\u1ee3 qu\u00ea. \u201cB\u00e0 b\u00e1n c\u00e1\u201d \u0111\u00e3 tr\u1edf th\u00e0nh m\u1ed9t h\u00ecnh t\u01b0\u1ee3ng \u0111\u1eb7c bi\u1ec7t khi nh\u1eafc \u0111\u1ebfn c\u1ea3nh ch\u1ee3 Vi\u1ec7t Nam. Ngo\u00e0i ra n\u00f3 c\u00f2n l\u00e0 h\u00ecnh \u1ea3nh bi\u1ebfm h\u1ecda khi n\u00f3i v\u1ec1 t\u00e2m tr\u1ea1ng c\u1ee7a nh\u1eefng ng\u01b0\u1eddi ph\u1ee5 n\u1eef t\u1ea3o t\u1ea7n m\u01b0u sinh trong nh\u1eefng l\u00fac kh\u00f3 kh\u0103n c\u1ee7a cu\u1ed9c s\u1ed1ng. &nbsp;","og_url":"https:\/\/bsartstudio.vn\/vi\/products\/tac-pham-cho-ca-2\/","og_site_name":"B\/S Art Studio","article_modified_time":"2020-04-29T05:50:58+00:00","og_image":[{"width":1920,"height":2458,"url":"https:\/\/bsartstudio.vn\/wp-content\/uploads\/2020\/03\/cho-c\u00e1-2-1.jpg","type":"image\/jpeg"}],"twitter_card":"summary_large_image","schema":{"@context":"https:\/\/schema.org","@graph":[{"@type":"WebPage","@id":"https:\/\/bsartstudio.vn\/vi\/products\/tac-pham-cho-ca-2\/","url":"https:\/\/bsartstudio.vn\/vi\/products\/tac-pham-cho-ca-2\/","name":"T\u00e1c ph\u1ea9m \"Ch\u1ee3 C\u00e1 2\" - B\/S Art Studio","isPartOf":{"@id":"https:\/\/bsartstudio.vn\/ja\/#website"},"primaryImageOfPage":{"@id":"https:\/\/bsartstudio.vn\/vi\/products\/tac-pham-cho-ca-2\/#primaryimage"},"image":{"@id":"https:\/\/bsartstudio.vn\/vi\/products\/tac-pham-cho-ca-2\/#primaryimage"},"thumbnailUrl":"https:\/\/bsartstudio.vn\/wp-content\/uploads\/2020\/03\/The-Fish-Market-Catfish-Seller.jpg","datePublished":"2020-03-21T15:03:14+00:00","dateModified":"2020-04-29T05:50:58+00:00","breadcrumb":{"@id":"https:\/\/bsartstudio.vn\/vi\/products\/tac-pham-cho-ca-2\/#breadcrumb"},"inLanguage":"vi-VN","potentialAction":[{"@type":"ReadAction","target":["https:\/\/bsartstudio.vn\/vi\/products\/tac-pham-cho-ca-2\/"]}]},{"@type":"ImageObject","inLanguage":"vi-VN","@id":"https:\/\/bsartstudio.vn\/vi\/products\/tac-pham-cho-ca-2\/#primaryimage","url":"https:\/\/bsartstudio.vn\/wp-content\/uploads\/2020\/03\/The-Fish-Market-Catfish-Seller.jpg","contentUrl":"https:\/\/bsartstudio.vn\/wp-content\/uploads\/2020\/03\/The-Fish-Market-Catfish-Seller.jpg","width":1920,"height":1920,"caption":"The Fish Market - Catfish Seller"},{"@type":"BreadcrumbList","@id":"https:\/\/bsartstudio.vn\/vi\/products\/tac-pham-cho-ca-2\/#breadcrumb","itemListElement":[{"@type":"ListItem","position":1,"name":"Home","item":"https:\/\/bsartstudio.vn\/en\/"},{"@type":"ListItem","position":2,"name":"Shop","item":"https:\/\/bsartstudio.vn\/en\/shop\/"},{"@type":"ListItem","position":3,"name":"T\u00e1c ph\u1ea9m &#8220;Ch\u1ee3 C\u00e1 2&#8221;"}]},{"@type":"WebSite","@id":"https:\/\/bsartstudio.vn\/ja\/#website","url":"https:\/\/bsartstudio.vn\/ja\/","name":"B\/S Art Studio","description":"","publisher":{"@id":"https:\/\/bsartstudio.vn\/ja\/#organization"},"potentialAction":[{"@type":"SearchAction","target":{"@type":"EntryPoint","urlTemplate":"https:\/\/bsartstudio.vn\/ja\/?s={search_term_string}"},"query-input":{"@type":"PropertyValueSpecification","valueRequired":true,"valueName":"search_term_string"}}],"inLanguage":"vi-VN"},{"@type":"Organization","@id":"https:\/\/bsartstudio.vn\/ja\/#organization","name":"B\/S Art Studio","url":"https:\/\/bsartstudio.vn\/ja\/","logo":{"@type":"ImageObject","inLanguage":"vi-VN","@id":"https:\/\/bsartstudio.vn\/ja\/#\/schema\/logo\/image\/","url":"https:\/\/bsartstudio.vn\/wp-content\/uploads\/2020\/03\/54526018_2272576089468053_1525084505319145472_n.jpg","contentUrl":"https:\/\/bsartstudio.vn\/wp-content\/uploads\/2020\/03\/54526018_2272576089468053_1525084505319145472_n.jpg","width":958,"height":958,"caption":"B\/S Art Studio"},"image":{"@id":"https:\/\/bsartstudio.vn\/ja\/#\/schema\/logo\/image\/"}}]}},"_links":{"self":[{"href":"https:\/\/bsartstudio.vn\/vi\/wp-json\/wp\/v2\/product\/1799"}],"collection":[{"href":"https:\/\/bsartstudio.vn\/vi\/wp-json\/wp\/v2\/product"}],"about":[{"href":"https:\/\/bsartstudio.vn\/vi\/wp-json\/wp\/v2\/types\/product"}],"wp:featuredmedia":[{"embeddable":true,"href":"https:\/\/bsartstudio.vn\/vi\/wp-json\/wp\/v2\/media\/9507"}],"wp:attachment":[{"href":"https:\/\/bsartstudio.vn\/vi\/wp-json\/wp\/v2\/media?parent=1799"}],"wp:term":[{"taxonomy":"product_cat","embeddable":true,"href":"https:\/\/bsartstudio.vn\/vi\/wp-json\/wp\/v2\/product_cat?post=1799"},{"taxonomy":"product_tag","embeddable":true,"href":"https:\/\/bsartstudio.vn\/vi\/wp-json\/wp\/v2\/product_tag?post=1799"}],"curies":[{"name":"wp","href":"https:\/\/api.w.org\/{rel}","templated":true}]}}