{"id":1795,"date":"2020-03-21T22:43:50","date_gmt":"2020-03-21T15:43:50","guid":{"rendered":"https:\/\/bsartstudio.vn\/products\/tac-pham-chan-dung-chi-gai\/"},"modified":"2020-04-28T13:18:22","modified_gmt":"2020-04-28T06:18:22","slug":"tac-pham-chan-dung-chi-gai","status":"publish","type":"product","link":"https:\/\/bsartstudio.vn\/vi\/products\/tac-pham-chan-dung-chi-gai\/","title":{"rendered":"T\u00e1c ph\u1ea9m &#8220;Ch\u00e2n dung Ch\u1ecb g\u00e1i&#8221;"},"content":{"rendered":"<p>T\u00e1c ph\u1ea9m &#8220;Ch\u00e2n dung Ch\u1ecb g\u00e1i&#8221;<\/p>\n<p>Ch\u1ea5t li\u1ec7u: Linen<br \/>\nM\u00e0u: B\u00fat ch\u00ec<br \/>\nK\u00edch th\u01b0\u1edbc: 20 cm x 30 cm<\/p>\n","protected":false},"excerpt":{"rendered":"<p>Tranh ch\u00e2n dung \u0111\u01b0\u1ee3c v\u1ebd tr\u00ean ch\u1ea5t v\u1ea3i linen \u0111\u1ec3 th\u1ec3 hi\u1ec7n nh\u1eefng \u0111\u01b0\u1eddng n\u00e9t ch\u00e2n th\u1eadt c\u1ee7a con ng\u01b0\u1eddi.<\/p>\n<p>&nbsp;<\/p>\n","protected":false},"featured_media":1391,"template":"","meta":{"_et_pb_use_builder":"","_et_pb_old_content":"","_et_gb_content_width":""},"product_cat":[59,61],"product_tag":[],"yoast_head":"<!-- This site is optimized with the Yoast SEO plugin v24.5 - https:\/\/yoast.com\/wordpress\/plugins\/seo\/ -->\n<title>T\u00e1c ph\u1ea9m &quot;Ch\u00e2n dung Ch\u1ecb g\u00e1i&quot; - B\/S Art Studio<\/title>\n<meta name=\"robots\" content=\"index, follow, max-snippet:-1, max-image-preview:large, max-video-preview:-1\" \/>\n<link rel=\"canonical\" href=\"https:\/\/bsartstudio.vn\/vi\/products\/tac-pham-chan-dung-chi-gai\/\" \/>\n<meta property=\"og:locale\" content=\"vi_VN\" \/>\n<meta property=\"og:type\" content=\"article\" \/>\n<meta property=\"og:title\" content=\"T\u00e1c ph\u1ea9m &quot;Ch\u00e2n dung Ch\u1ecb g\u00e1i&quot; - B\/S Art Studio\" \/>\n<meta property=\"og:description\" content=\"Tranh ch\u00e2n dung \u0111\u01b0\u1ee3c v\u1ebd tr\u00ean ch\u1ea5t v\u1ea3i linen \u0111\u1ec3 th\u1ec3 hi\u1ec7n nh\u1eefng \u0111\u01b0\u1eddng n\u00e9t ch\u00e2n th\u1eadt c\u1ee7a con ng\u01b0\u1eddi. &nbsp;\" \/>\n<meta property=\"og:url\" content=\"https:\/\/bsartstudio.vn\/vi\/products\/tac-pham-chan-dung-chi-gai\/\" \/>\n<meta property=\"og:site_name\" content=\"B\/S Art Studio\" \/>\n<meta property=\"article:modified_time\" content=\"2020-04-28T06:18:22+00:00\" \/>\n<meta property=\"og:image\" content=\"https:\/\/bsartstudio.vn\/wp-content\/uploads\/2020\/03\/ch\u1ecb-g\u00e1i.jpg\" \/>\n\t<meta property=\"og:image:width\" content=\"1920\" \/>\n\t<meta property=\"og:image:height\" content=\"1280\" \/>\n\t<meta property=\"og:image:type\" content=\"image\/jpeg\" \/>\n<meta name=\"twitter:card\" content=\"summary_large_image\" \/>\n<script type=\"application\/ld+json\" class=\"yoast-schema-graph\">{\"@context\":\"https:\/\/schema.org\",\"@graph\":[{\"@type\":\"WebPage\",\"@id\":\"https:\/\/bsartstudio.vn\/vi\/products\/tac-pham-chan-dung-chi-gai\/\",\"url\":\"https:\/\/bsartstudio.vn\/vi\/products\/tac-pham-chan-dung-chi-gai\/\",\"name\":\"T\u00e1c ph\u1ea9m \\\"Ch\u00e2n dung Ch\u1ecb g\u00e1i\\\" - B\/S Art Studio\",\"isPartOf\":{\"@id\":\"https:\/\/bsartstudio.vn\/ja\/#website\"},\"primaryImageOfPage\":{\"@id\":\"https:\/\/bsartstudio.vn\/vi\/products\/tac-pham-chan-dung-chi-gai\/#primaryimage\"},\"image\":{\"@id\":\"https:\/\/bsartstudio.vn\/vi\/products\/tac-pham-chan-dung-chi-gai\/#primaryimage\"},\"thumbnailUrl\":\"https:\/\/bsartstudio.vn\/wp-content\/uploads\/2020\/03\/ch\u1ecb-g\u00e1i.jpg\",\"datePublished\":\"2020-03-21T15:43:50+00:00\",\"dateModified\":\"2020-04-28T06:18:22+00:00\",\"breadcrumb\":{\"@id\":\"https:\/\/bsartstudio.vn\/vi\/products\/tac-pham-chan-dung-chi-gai\/#breadcrumb\"},\"inLanguage\":\"vi-VN\",\"potentialAction\":[{\"@type\":\"ReadAction\",\"target\":[\"https:\/\/bsartstudio.vn\/vi\/products\/tac-pham-chan-dung-chi-gai\/\"]}]},{\"@type\":\"ImageObject\",\"inLanguage\":\"vi-VN\",\"@id\":\"https:\/\/bsartstudio.vn\/vi\/products\/tac-pham-chan-dung-chi-gai\/#primaryimage\",\"url\":\"https:\/\/bsartstudio.vn\/wp-content\/uploads\/2020\/03\/ch\u1ecb-g\u00e1i.jpg\",\"contentUrl\":\"https:\/\/bsartstudio.vn\/wp-content\/uploads\/2020\/03\/ch\u1ecb-g\u00e1i.jpg\",\"width\":1920,\"height\":1280},{\"@type\":\"BreadcrumbList\",\"@id\":\"https:\/\/bsartstudio.vn\/vi\/products\/tac-pham-chan-dung-chi-gai\/#breadcrumb\",\"itemListElement\":[{\"@type\":\"ListItem\",\"position\":1,\"name\":\"Home\",\"item\":\"https:\/\/bsartstudio.vn\/en\/\"},{\"@type\":\"ListItem\",\"position\":2,\"name\":\"Shop\",\"item\":\"https:\/\/bsartstudio.vn\/en\/shop\/\"},{\"@type\":\"ListItem\",\"position\":3,\"name\":\"T\u00e1c ph\u1ea9m &#8220;Ch\u00e2n dung Ch\u1ecb g\u00e1i&#8221;\"}]},{\"@type\":\"WebSite\",\"@id\":\"https:\/\/bsartstudio.vn\/ja\/#website\",\"url\":\"https:\/\/bsartstudio.vn\/ja\/\",\"name\":\"B\/S Art Studio\",\"description\":\"\",\"publisher\":{\"@id\":\"https:\/\/bsartstudio.vn\/ja\/#organization\"},\"potentialAction\":[{\"@type\":\"SearchAction\",\"target\":{\"@type\":\"EntryPoint\",\"urlTemplate\":\"https:\/\/bsartstudio.vn\/ja\/?s={search_term_string}\"},\"query-input\":{\"@type\":\"PropertyValueSpecification\",\"valueRequired\":true,\"valueName\":\"search_term_string\"}}],\"inLanguage\":\"vi-VN\"},{\"@type\":\"Organization\",\"@id\":\"https:\/\/bsartstudio.vn\/ja\/#organization\",\"name\":\"B\/S Art Studio\",\"url\":\"https:\/\/bsartstudio.vn\/ja\/\",\"logo\":{\"@type\":\"ImageObject\",\"inLanguage\":\"vi-VN\",\"@id\":\"https:\/\/bsartstudio.vn\/ja\/#\/schema\/logo\/image\/\",\"url\":\"https:\/\/bsartstudio.vn\/wp-content\/uploads\/2020\/03\/54526018_2272576089468053_1525084505319145472_n.jpg\",\"contentUrl\":\"https:\/\/bsartstudio.vn\/wp-content\/uploads\/2020\/03\/54526018_2272576089468053_1525084505319145472_n.jpg\",\"width\":958,\"height\":958,\"caption\":\"B\/S Art Studio\"},\"image\":{\"@id\":\"https:\/\/bsartstudio.vn\/ja\/#\/schema\/logo\/image\/\"}}]}<\/script>\n<!-- \/ Yoast SEO plugin. -->","yoast_head_json":{"title":"T\u00e1c ph\u1ea9m \"Ch\u00e2n dung Ch\u1ecb g\u00e1i\" - B\/S Art Studio","robots":{"index":"index","follow":"follow","max-snippet":"max-snippet:-1","max-image-preview":"max-image-preview:large","max-video-preview":"max-video-preview:-1"},"canonical":"https:\/\/bsartstudio.vn\/vi\/products\/tac-pham-chan-dung-chi-gai\/","og_locale":"vi_VN","og_type":"article","og_title":"T\u00e1c ph\u1ea9m \"Ch\u00e2n dung Ch\u1ecb g\u00e1i\" - B\/S Art Studio","og_description":"Tranh ch\u00e2n dung \u0111\u01b0\u1ee3c v\u1ebd tr\u00ean ch\u1ea5t v\u1ea3i linen \u0111\u1ec3 th\u1ec3 hi\u1ec7n nh\u1eefng \u0111\u01b0\u1eddng n\u00e9t ch\u00e2n th\u1eadt c\u1ee7a con ng\u01b0\u1eddi. &nbsp;","og_url":"https:\/\/bsartstudio.vn\/vi\/products\/tac-pham-chan-dung-chi-gai\/","og_site_name":"B\/S Art Studio","article_modified_time":"2020-04-28T06:18:22+00:00","og_image":[{"width":1920,"height":1280,"url":"https:\/\/bsartstudio.vn\/wp-content\/uploads\/2020\/03\/ch\u1ecb-g\u00e1i.jpg","type":"image\/jpeg"}],"twitter_card":"summary_large_image","schema":{"@context":"https:\/\/schema.org","@graph":[{"@type":"WebPage","@id":"https:\/\/bsartstudio.vn\/vi\/products\/tac-pham-chan-dung-chi-gai\/","url":"https:\/\/bsartstudio.vn\/vi\/products\/tac-pham-chan-dung-chi-gai\/","name":"T\u00e1c ph\u1ea9m \"Ch\u00e2n dung Ch\u1ecb g\u00e1i\" - B\/S Art Studio","isPartOf":{"@id":"https:\/\/bsartstudio.vn\/ja\/#website"},"primaryImageOfPage":{"@id":"https:\/\/bsartstudio.vn\/vi\/products\/tac-pham-chan-dung-chi-gai\/#primaryimage"},"image":{"@id":"https:\/\/bsartstudio.vn\/vi\/products\/tac-pham-chan-dung-chi-gai\/#primaryimage"},"thumbnailUrl":"https:\/\/bsartstudio.vn\/wp-content\/uploads\/2020\/03\/ch\u1ecb-g\u00e1i.jpg","datePublished":"2020-03-21T15:43:50+00:00","dateModified":"2020-04-28T06:18:22+00:00","breadcrumb":{"@id":"https:\/\/bsartstudio.vn\/vi\/products\/tac-pham-chan-dung-chi-gai\/#breadcrumb"},"inLanguage":"vi-VN","potentialAction":[{"@type":"ReadAction","target":["https:\/\/bsartstudio.vn\/vi\/products\/tac-pham-chan-dung-chi-gai\/"]}]},{"@type":"ImageObject","inLanguage":"vi-VN","@id":"https:\/\/bsartstudio.vn\/vi\/products\/tac-pham-chan-dung-chi-gai\/#primaryimage","url":"https:\/\/bsartstudio.vn\/wp-content\/uploads\/2020\/03\/ch\u1ecb-g\u00e1i.jpg","contentUrl":"https:\/\/bsartstudio.vn\/wp-content\/uploads\/2020\/03\/ch\u1ecb-g\u00e1i.jpg","width":1920,"height":1280},{"@type":"BreadcrumbList","@id":"https:\/\/bsartstudio.vn\/vi\/products\/tac-pham-chan-dung-chi-gai\/#breadcrumb","itemListElement":[{"@type":"ListItem","position":1,"name":"Home","item":"https:\/\/bsartstudio.vn\/en\/"},{"@type":"ListItem","position":2,"name":"Shop","item":"https:\/\/bsartstudio.vn\/en\/shop\/"},{"@type":"ListItem","position":3,"name":"T\u00e1c ph\u1ea9m &#8220;Ch\u00e2n dung Ch\u1ecb g\u00e1i&#8221;"}]},{"@type":"WebSite","@id":"https:\/\/bsartstudio.vn\/ja\/#website","url":"https:\/\/bsartstudio.vn\/ja\/","name":"B\/S Art Studio","description":"","publisher":{"@id":"https:\/\/bsartstudio.vn\/ja\/#organization"},"potentialAction":[{"@type":"SearchAction","target":{"@type":"EntryPoint","urlTemplate":"https:\/\/bsartstudio.vn\/ja\/?s={search_term_string}"},"query-input":{"@type":"PropertyValueSpecification","valueRequired":true,"valueName":"search_term_string"}}],"inLanguage":"vi-VN"},{"@type":"Organization","@id":"https:\/\/bsartstudio.vn\/ja\/#organization","name":"B\/S Art Studio","url":"https:\/\/bsartstudio.vn\/ja\/","logo":{"@type":"ImageObject","inLanguage":"vi-VN","@id":"https:\/\/bsartstudio.vn\/ja\/#\/schema\/logo\/image\/","url":"https:\/\/bsartstudio.vn\/wp-content\/uploads\/2020\/03\/54526018_2272576089468053_1525084505319145472_n.jpg","contentUrl":"https:\/\/bsartstudio.vn\/wp-content\/uploads\/2020\/03\/54526018_2272576089468053_1525084505319145472_n.jpg","width":958,"height":958,"caption":"B\/S Art Studio"},"image":{"@id":"https:\/\/bsartstudio.vn\/ja\/#\/schema\/logo\/image\/"}}]}},"_links":{"self":[{"href":"https:\/\/bsartstudio.vn\/vi\/wp-json\/wp\/v2\/product\/1795"}],"collection":[{"href":"https:\/\/bsartstudio.vn\/vi\/wp-json\/wp\/v2\/product"}],"about":[{"href":"https:\/\/bsartstudio.vn\/vi\/wp-json\/wp\/v2\/types\/product"}],"wp:featuredmedia":[{"embeddable":true,"href":"https:\/\/bsartstudio.vn\/vi\/wp-json\/wp\/v2\/media\/1391"}],"wp:attachment":[{"href":"https:\/\/bsartstudio.vn\/vi\/wp-json\/wp\/v2\/media?parent=1795"}],"wp:term":[{"taxonomy":"product_cat","embeddable":true,"href":"https:\/\/bsartstudio.vn\/vi\/wp-json\/wp\/v2\/product_cat?post=1795"},{"taxonomy":"product_tag","embeddable":true,"href":"https:\/\/bsartstudio.vn\/vi\/wp-json\/wp\/v2\/product_tag?post=1795"}],"curies":[{"name":"wp","href":"https:\/\/api.w.org\/{rel}","templated":true}]}}