{"id":1767,"date":"2020-03-22T16:49:05","date_gmt":"2020-03-22T09:49:05","guid":{"rendered":"https:\/\/bsartstudio.vn\/products\/tac-pham-buom-2\/"},"modified":"2020-04-28T12:39:43","modified_gmt":"2020-04-28T05:39:43","slug":"tac-pham-buom-2","status":"publish","type":"product","link":"https:\/\/bsartstudio.vn\/vi\/products\/tac-pham-buom-2\/","title":{"rendered":"T\u00e1c ph\u1ea9m &#8220;B\u01b0\u1edbm 2&#8221;"},"content":{"rendered":"<p>\ud83e\udd8b T\u00e1c ph\u1ea9m \u201cB\u01b0\u1edbm 2\u201d<\/p>\n<p>Ch\u1ea5t li\u1ec7u: Gi\u1ea5y<br \/>\nM\u00e0u: Ch\u00ec<br \/>\nK\u00edch th\u01b0\u1edbc: 20 cm x 30 cm<br \/>\nBao g\u1ed3m khung v\u00e0 k\u00ednh mica.<\/p>\n","protected":false},"excerpt":{"rendered":"<p>\ud83e\udd8b T\u00e1c ph\u1ea9m n\u1eb1m trong b\u1ed9 s\u01b0u t\u1eadp \u201cL\u1eddi N\u00f3i c\u1ee7a Thi\u00ean Nhi\u00ean\u201d.<\/p>\n<p>S\u1ef1 \u0111a d\u1ea1ng c\u1ee7a c\u00e1c sinh v\u1eadt t\u1ea1o n\u00ean s\u1ef1 \u0111a d\u1ea1ng c\u1ee7a t\u1ef1 nhi\u00ean.<\/p>\n<p>Lo\u00e0i c\u00f4n tr\u00f9ng ph\u1ea3n \u00e1nh m\u1ed9t h\u1ec7 sinh th\u00e1i \u0111\u1ed9c \u0111\u00e1o v\u00e0 v\u1ebb \u0111\u1eb9p c\u1ee7a thi\u00ean nhi\u00ean.<\/p>\n<p>&nbsp;<\/p>\n","protected":false},"featured_media":1379,"template":"","meta":{"_et_pb_use_builder":"","_et_pb_old_content":"","_et_gb_content_width":""},"product_cat":[72,59,63],"product_tag":[],"yoast_head":"<!-- This site is optimized with the Yoast SEO plugin v24.5 - https:\/\/yoast.com\/wordpress\/plugins\/seo\/ -->\n<title>T\u00e1c ph\u1ea9m &quot;B\u01b0\u1edbm 2&quot; - B\/S Art Studio<\/title>\n<meta name=\"robots\" content=\"index, follow, max-snippet:-1, max-image-preview:large, max-video-preview:-1\" \/>\n<link rel=\"canonical\" href=\"https:\/\/bsartstudio.vn\/vi\/products\/tac-pham-buom-2\/\" \/>\n<meta property=\"og:locale\" content=\"vi_VN\" \/>\n<meta property=\"og:type\" content=\"article\" \/>\n<meta property=\"og:title\" content=\"T\u00e1c ph\u1ea9m &quot;B\u01b0\u1edbm 2&quot; - B\/S Art Studio\" \/>\n<meta property=\"og:description\" content=\"\ud83e\udd8b T\u00e1c ph\u1ea9m n\u1eb1m trong b\u1ed9 s\u01b0u t\u1eadp \u201cL\u1eddi N\u00f3i c\u1ee7a Thi\u00ean Nhi\u00ean\u201d. S\u1ef1 \u0111a d\u1ea1ng c\u1ee7a c\u00e1c sinh v\u1eadt t\u1ea1o n\u00ean s\u1ef1 \u0111a d\u1ea1ng c\u1ee7a t\u1ef1 nhi\u00ean. Lo\u00e0i c\u00f4n tr\u00f9ng ph\u1ea3n \u00e1nh m\u1ed9t h\u1ec7 sinh th\u00e1i \u0111\u1ed9c \u0111\u00e1o v\u00e0 v\u1ebb \u0111\u1eb9p c\u1ee7a thi\u00ean nhi\u00ean. &nbsp;\" \/>\n<meta property=\"og:url\" content=\"https:\/\/bsartstudio.vn\/vi\/products\/tac-pham-buom-2\/\" \/>\n<meta property=\"og:site_name\" content=\"B\/S Art Studio\" \/>\n<meta property=\"article:modified_time\" content=\"2020-04-28T05:39:43+00:00\" \/>\n<meta property=\"og:image\" content=\"https:\/\/bsartstudio.vn\/wp-content\/uploads\/2020\/03\/31-scaled.jpg\" \/>\n\t<meta property=\"og:image:width\" content=\"1876\" \/>\n\t<meta property=\"og:image:height\" content=\"2560\" \/>\n\t<meta property=\"og:image:type\" content=\"image\/jpeg\" \/>\n<meta name=\"twitter:card\" content=\"summary_large_image\" \/>\n<script type=\"application\/ld+json\" class=\"yoast-schema-graph\">{\"@context\":\"https:\/\/schema.org\",\"@graph\":[{\"@type\":\"WebPage\",\"@id\":\"https:\/\/bsartstudio.vn\/vi\/products\/tac-pham-buom-2\/\",\"url\":\"https:\/\/bsartstudio.vn\/vi\/products\/tac-pham-buom-2\/\",\"name\":\"T\u00e1c ph\u1ea9m \\\"B\u01b0\u1edbm 2\\\" - B\/S Art Studio\",\"isPartOf\":{\"@id\":\"https:\/\/bsartstudio.vn\/ja\/#website\"},\"primaryImageOfPage\":{\"@id\":\"https:\/\/bsartstudio.vn\/vi\/products\/tac-pham-buom-2\/#primaryimage\"},\"image\":{\"@id\":\"https:\/\/bsartstudio.vn\/vi\/products\/tac-pham-buom-2\/#primaryimage\"},\"thumbnailUrl\":\"https:\/\/bsartstudio.vn\/wp-content\/uploads\/2020\/03\/31-scaled.jpg\",\"datePublished\":\"2020-03-22T09:49:05+00:00\",\"dateModified\":\"2020-04-28T05:39:43+00:00\",\"breadcrumb\":{\"@id\":\"https:\/\/bsartstudio.vn\/vi\/products\/tac-pham-buom-2\/#breadcrumb\"},\"inLanguage\":\"vi-VN\",\"potentialAction\":[{\"@type\":\"ReadAction\",\"target\":[\"https:\/\/bsartstudio.vn\/vi\/products\/tac-pham-buom-2\/\"]}]},{\"@type\":\"ImageObject\",\"inLanguage\":\"vi-VN\",\"@id\":\"https:\/\/bsartstudio.vn\/vi\/products\/tac-pham-buom-2\/#primaryimage\",\"url\":\"https:\/\/bsartstudio.vn\/wp-content\/uploads\/2020\/03\/31-scaled.jpg\",\"contentUrl\":\"https:\/\/bsartstudio.vn\/wp-content\/uploads\/2020\/03\/31-scaled.jpg\",\"width\":1876,\"height\":2560},{\"@type\":\"BreadcrumbList\",\"@id\":\"https:\/\/bsartstudio.vn\/vi\/products\/tac-pham-buom-2\/#breadcrumb\",\"itemListElement\":[{\"@type\":\"ListItem\",\"position\":1,\"name\":\"Home\",\"item\":\"https:\/\/bsartstudio.vn\/en\/\"},{\"@type\":\"ListItem\",\"position\":2,\"name\":\"Shop\",\"item\":\"https:\/\/bsartstudio.vn\/en\/shop\/\"},{\"@type\":\"ListItem\",\"position\":3,\"name\":\"T\u00e1c ph\u1ea9m &#8220;B\u01b0\u1edbm 2&#8221;\"}]},{\"@type\":\"WebSite\",\"@id\":\"https:\/\/bsartstudio.vn\/ja\/#website\",\"url\":\"https:\/\/bsartstudio.vn\/ja\/\",\"name\":\"B\/S Art Studio\",\"description\":\"\",\"publisher\":{\"@id\":\"https:\/\/bsartstudio.vn\/ja\/#organization\"},\"potentialAction\":[{\"@type\":\"SearchAction\",\"target\":{\"@type\":\"EntryPoint\",\"urlTemplate\":\"https:\/\/bsartstudio.vn\/ja\/?s={search_term_string}\"},\"query-input\":{\"@type\":\"PropertyValueSpecification\",\"valueRequired\":true,\"valueName\":\"search_term_string\"}}],\"inLanguage\":\"vi-VN\"},{\"@type\":\"Organization\",\"@id\":\"https:\/\/bsartstudio.vn\/ja\/#organization\",\"name\":\"B\/S Art Studio\",\"url\":\"https:\/\/bsartstudio.vn\/ja\/\",\"logo\":{\"@type\":\"ImageObject\",\"inLanguage\":\"vi-VN\",\"@id\":\"https:\/\/bsartstudio.vn\/ja\/#\/schema\/logo\/image\/\",\"url\":\"https:\/\/bsartstudio.vn\/wp-content\/uploads\/2020\/03\/54526018_2272576089468053_1525084505319145472_n.jpg\",\"contentUrl\":\"https:\/\/bsartstudio.vn\/wp-content\/uploads\/2020\/03\/54526018_2272576089468053_1525084505319145472_n.jpg\",\"width\":958,\"height\":958,\"caption\":\"B\/S Art Studio\"},\"image\":{\"@id\":\"https:\/\/bsartstudio.vn\/ja\/#\/schema\/logo\/image\/\"}}]}<\/script>\n<!-- \/ Yoast SEO plugin. -->","yoast_head_json":{"title":"T\u00e1c ph\u1ea9m \"B\u01b0\u1edbm 2\" - B\/S Art Studio","robots":{"index":"index","follow":"follow","max-snippet":"max-snippet:-1","max-image-preview":"max-image-preview:large","max-video-preview":"max-video-preview:-1"},"canonical":"https:\/\/bsartstudio.vn\/vi\/products\/tac-pham-buom-2\/","og_locale":"vi_VN","og_type":"article","og_title":"T\u00e1c ph\u1ea9m \"B\u01b0\u1edbm 2\" - B\/S Art Studio","og_description":"\ud83e\udd8b T\u00e1c ph\u1ea9m n\u1eb1m trong b\u1ed9 s\u01b0u t\u1eadp \u201cL\u1eddi N\u00f3i c\u1ee7a Thi\u00ean Nhi\u00ean\u201d. S\u1ef1 \u0111a d\u1ea1ng c\u1ee7a c\u00e1c sinh v\u1eadt t\u1ea1o n\u00ean s\u1ef1 \u0111a d\u1ea1ng c\u1ee7a t\u1ef1 nhi\u00ean. Lo\u00e0i c\u00f4n tr\u00f9ng ph\u1ea3n \u00e1nh m\u1ed9t h\u1ec7 sinh th\u00e1i \u0111\u1ed9c \u0111\u00e1o v\u00e0 v\u1ebb \u0111\u1eb9p c\u1ee7a thi\u00ean nhi\u00ean. &nbsp;","og_url":"https:\/\/bsartstudio.vn\/vi\/products\/tac-pham-buom-2\/","og_site_name":"B\/S Art Studio","article_modified_time":"2020-04-28T05:39:43+00:00","og_image":[{"width":1876,"height":2560,"url":"https:\/\/bsartstudio.vn\/wp-content\/uploads\/2020\/03\/31-scaled.jpg","type":"image\/jpeg"}],"twitter_card":"summary_large_image","schema":{"@context":"https:\/\/schema.org","@graph":[{"@type":"WebPage","@id":"https:\/\/bsartstudio.vn\/vi\/products\/tac-pham-buom-2\/","url":"https:\/\/bsartstudio.vn\/vi\/products\/tac-pham-buom-2\/","name":"T\u00e1c ph\u1ea9m \"B\u01b0\u1edbm 2\" - B\/S Art Studio","isPartOf":{"@id":"https:\/\/bsartstudio.vn\/ja\/#website"},"primaryImageOfPage":{"@id":"https:\/\/bsartstudio.vn\/vi\/products\/tac-pham-buom-2\/#primaryimage"},"image":{"@id":"https:\/\/bsartstudio.vn\/vi\/products\/tac-pham-buom-2\/#primaryimage"},"thumbnailUrl":"https:\/\/bsartstudio.vn\/wp-content\/uploads\/2020\/03\/31-scaled.jpg","datePublished":"2020-03-22T09:49:05+00:00","dateModified":"2020-04-28T05:39:43+00:00","breadcrumb":{"@id":"https:\/\/bsartstudio.vn\/vi\/products\/tac-pham-buom-2\/#breadcrumb"},"inLanguage":"vi-VN","potentialAction":[{"@type":"ReadAction","target":["https:\/\/bsartstudio.vn\/vi\/products\/tac-pham-buom-2\/"]}]},{"@type":"ImageObject","inLanguage":"vi-VN","@id":"https:\/\/bsartstudio.vn\/vi\/products\/tac-pham-buom-2\/#primaryimage","url":"https:\/\/bsartstudio.vn\/wp-content\/uploads\/2020\/03\/31-scaled.jpg","contentUrl":"https:\/\/bsartstudio.vn\/wp-content\/uploads\/2020\/03\/31-scaled.jpg","width":1876,"height":2560},{"@type":"BreadcrumbList","@id":"https:\/\/bsartstudio.vn\/vi\/products\/tac-pham-buom-2\/#breadcrumb","itemListElement":[{"@type":"ListItem","position":1,"name":"Home","item":"https:\/\/bsartstudio.vn\/en\/"},{"@type":"ListItem","position":2,"name":"Shop","item":"https:\/\/bsartstudio.vn\/en\/shop\/"},{"@type":"ListItem","position":3,"name":"T\u00e1c ph\u1ea9m &#8220;B\u01b0\u1edbm 2&#8221;"}]},{"@type":"WebSite","@id":"https:\/\/bsartstudio.vn\/ja\/#website","url":"https:\/\/bsartstudio.vn\/ja\/","name":"B\/S Art Studio","description":"","publisher":{"@id":"https:\/\/bsartstudio.vn\/ja\/#organization"},"potentialAction":[{"@type":"SearchAction","target":{"@type":"EntryPoint","urlTemplate":"https:\/\/bsartstudio.vn\/ja\/?s={search_term_string}"},"query-input":{"@type":"PropertyValueSpecification","valueRequired":true,"valueName":"search_term_string"}}],"inLanguage":"vi-VN"},{"@type":"Organization","@id":"https:\/\/bsartstudio.vn\/ja\/#organization","name":"B\/S Art Studio","url":"https:\/\/bsartstudio.vn\/ja\/","logo":{"@type":"ImageObject","inLanguage":"vi-VN","@id":"https:\/\/bsartstudio.vn\/ja\/#\/schema\/logo\/image\/","url":"https:\/\/bsartstudio.vn\/wp-content\/uploads\/2020\/03\/54526018_2272576089468053_1525084505319145472_n.jpg","contentUrl":"https:\/\/bsartstudio.vn\/wp-content\/uploads\/2020\/03\/54526018_2272576089468053_1525084505319145472_n.jpg","width":958,"height":958,"caption":"B\/S Art Studio"},"image":{"@id":"https:\/\/bsartstudio.vn\/ja\/#\/schema\/logo\/image\/"}}]}},"_links":{"self":[{"href":"https:\/\/bsartstudio.vn\/vi\/wp-json\/wp\/v2\/product\/1767"}],"collection":[{"href":"https:\/\/bsartstudio.vn\/vi\/wp-json\/wp\/v2\/product"}],"about":[{"href":"https:\/\/bsartstudio.vn\/vi\/wp-json\/wp\/v2\/types\/product"}],"wp:featuredmedia":[{"embeddable":true,"href":"https:\/\/bsartstudio.vn\/vi\/wp-json\/wp\/v2\/media\/1379"}],"wp:attachment":[{"href":"https:\/\/bsartstudio.vn\/vi\/wp-json\/wp\/v2\/media?parent=1767"}],"wp:term":[{"taxonomy":"product_cat","embeddable":true,"href":"https:\/\/bsartstudio.vn\/vi\/wp-json\/wp\/v2\/product_cat?post=1767"},{"taxonomy":"product_tag","embeddable":true,"href":"https:\/\/bsartstudio.vn\/vi\/wp-json\/wp\/v2\/product_tag?post=1767"}],"curies":[{"name":"wp","href":"https:\/\/api.w.org\/{rel}","templated":true}]}}