{"id":1765,"date":"2020-03-22T17:38:02","date_gmt":"2020-03-22T10:38:02","guid":{"rendered":"https:\/\/bsartstudio.vn\/products\/trau-vang-va-cau-be-su-huyen-dieu-cua-anh-trang\/"},"modified":"2026-04-03T15:45:18","modified_gmt":"2026-04-03T08:45:18","slug":"trau-vang-va-cau-be-su-huyen-dieu-cua-anh-trang","status":"publish","type":"product","link":"https:\/\/bsartstudio.vn\/vi\/products\/trau-vang-va-cau-be-su-huyen-dieu-cua-anh-trang\/","title":{"rendered":"Tr\u00e2u V\u00e0ng v\u00e0 C\u1eadu B\u00e9 &#8211; S\u1ef1 Huy\u1ec1n Di\u1ec7u c\u1ee7a \u00c1nh Tr\u0103ng | S\u00e1ch truy\u1ec7n c\u1ed5 t\u00edch song ng\u1eef Anh Vi\u1ec7t"},"content":{"rendered":"<h1><span style=\"font-size: 14pt; color: #000000;\"><strong>Tr\u00e2u V\u00e0ng v\u00e0 C\u1eadu B\u00e9 &#8211; S\u1ef1 Huy\u1ec1n Di\u1ec7u c\u1ee7a \u00c1nh Tr\u0103ng | S\u00e1ch truy\u1ec7n c\u1ed5 t\u00edch song ng\u1eef Anh Vi\u1ec7t<\/strong><\/span><\/h1>\n<p><span style=\"color: #000000;\">\ud83c\udf19 <span style=\"font-family: verdana, geneva, sans-serif;\">C\u00e2u chuy\u1ec7n k\u1ec3 v\u1ec1 h\u00e0nh tr\u00ecnh bi\u1ebfn \u0111\u1ed5i v\u00e0 tr\u01b0\u1edfng th\u00e0nh k\u1ef3 di\u1ec7u c\u1ee7a ch\u00fa <strong>Tr\u00e2u V\u00e0ng v\u00e0 C\u1eadu B\u00e9<\/strong>. S\u1ef1 huy\u1ec1n di\u1ec7u c\u1ee7a \u00c1nh Tr\u0103ng l\u00e0 h\u00ecnh \u1ea3nh \u1ea9n d\u1ee5 c\u1ee7a ki\u1ebfn th\u1ee9c gi\u00fap ch\u00fang ta thay \u0111\u1ed5i v\u00e0 t\u1ed1t \u0111\u1eb9p h\u01a1n t\u1eebng ng\u00e0y. Th\u00f4ng qua h\u00ecnh \u1ea3nh ch\u00fa Heo nh\u1ecf, c\u00e2u chuy\u1ec7n k\u1ec3 v\u1ec1 nh\u1eefng \u0111\u1ee9c t\u00ednh cao \u0111\u1eb9p c\u1ee7a ng\u01b0\u1eddi d\u00e2n Vi\u1ec7t Nam v\u00e0 b\u1ed1i c\u1ea3nh mang \u0111\u1eadm h\u00ecnh \u1ea3nh l\u00e0ng qu\u00ea Vi\u1ec7t Nam.<\/span><\/span><\/p>\n<p><span style=\"color: #000000;\">Tuy l\u00e0 truy\u1ec7n d\u00e0nh cho thi\u1ebfu nhi nh\u01b0ng t\u00e1c gi\u1ea3 Bam Bi v\u1eabn \u0111\u01b0a v\u00e0o nh\u1eefng n\u1ed9i dung mang b\u1ea3n s\u1eafc v\u0103n h\u00f3a v\u1edbi l\u00f2ng tr\u1eafc \u1ea9n c\u00f9ng nh\u1eefng th\u00f4ng \u0111i\u1ec7p \u00fd ngh\u0129a v\u1ec1 cu\u1ed9c s\u1ed1ng, ph\u1ea9m ch\u1ea5t cao \u0111\u1eb9p, \u0111\u1ee9c t\u00ednh ki\u00ean c\u01b0\u1eddng c\u1ee7a ng\u01b0\u1eddi Vi\u1ec7t Nam.<\/span><\/p>\n<p><span style=\"color: #000000;\">&#8211; T\u1ea5t c\u1ea3 h\u00ecnh \u1ea3nh minh h\u1ecda \u0111\u1ec1u \u0111\u01b0\u1ee3c t\u00e1c gi\u1ea3 v\u1ebd b\u1eb1ng tay, ch\u0103m ch\u00fat t\u1eebng chi ti\u1ebft. C\u00e1c \u0111\u1ed9ng v\u1eadt \u0111\u01b0\u1ee3c v\u1ebd b\u1eb1ng nh\u1eefng n\u00e9t tr\u00f2n tr\u1ecba, \u0111\u00e1ng y\u00eau k\u1ebft h\u1ee3p v\u1edbi nh\u1eefng hoa v\u0103n truy\u1ec1n th\u1ed1ng (d\u1ef1a tr\u00ean nh\u1eefng hoa v\u0103n ki\u1ebfn tr\u00fac c\u1ed5 c\u1ee7a Vi\u1ec7t Nam).<\/span><\/p>\n<p><span style=\"color: #000000;\"> &#8211; M\u00e0u s\u1eafc \u0111\u01b0\u1ee3c s\u1eed d\u1ee5ng nh\u1eefng gam m\u00e0u h\u00e0i h\u00f2a g\u1ee3i nh\u1edb v\u1ec1 m\u00e0u s\u1eafc qu\u00ea h\u01b0\u01a1ng m\u1ed9c m\u1ea1c, y\u00ean b\u00ecnh &#8211; n\u01a1i con ng\u01b0\u1eddi s\u1ed1ng giao h\u00f2a v\u1edbi thi\u00ean nhi\u00ean, \u0111\u1ea5t tr\u1eddi. <\/span><\/p>\n<p><span style=\"color: #000000;\">&#8211; S\u00e1ch \u0111\u01b0\u1ee3c vi\u1ebft b\u1eb1ng hai ng\u00f4n ng\u1eef Vi\u1ec7t &#8211; Anh, ph\u00f9 h\u1ee3p v\u1edbi m\u1ecdi \u0111\u1ed1i t\u01b0\u1ee3ng \u0111\u1ed9c gi\u1ea3. <\/span><\/p>\n<p><span style=\"color: #000000;\">&#8211; T\u1ed5ng s\u1ed1 trang: 64 trang In m\u00e0u, gi\u1ea5y d\u00e0y, c\u00e1n m\u00e0ng.<\/span><\/p>\n<p><span style=\"color: #000000;\"> &#8211; K\u00edch th\u01b0\u1edbc: 15cm x 20cm <\/span><\/p>\n<p><span style=\"color: #000000;\">&#8211; S\u1ed1 ISBN: 978-604-68-6892-7 S\u00e1ch thi\u1ebfu nhi <\/span><\/p>\n<p><span style=\"color: #000000;\">&#8211; T\u00e1c gi\u1ea3: Bam Bi (V\u00f5 Ho\u00e0ng Ph\u01b0\u01a1ng Uy\u00ean) <\/span><\/p>\n<p><span style=\"color: #000000;\">&#8211; Nh\u00e0 xu\u1ea5t b\u1ea3n: V\u0103n h\u00f3a v\u0103n ngh\u1ec7 C\u00f4ng ty ph\u00e1t h\u00e0nh: B\/S Art Studio<\/span><\/p>\n","protected":false},"excerpt":{"rendered":"<p><span style=\"color: #000000;\">S\u00e1ch truy\u1ec7n c\u1ed5 t\u00edch song ng\u1eef Anh Vi\u1ec7t<strong> &#8220;<span class=\"JsGRdQ\">Tr\u00e2u V\u00e0ng v\u00e0 C\u1eadu B\u00e9 &#8211; S\u1ef1 Huy\u1ec1n Di\u1ec7u c\u1ee7a \u00c1nh Tr\u0103ng <\/span><\/strong><\/span><\/p>\n<p><span style=\"color: #000000;\">&#8211; T\u00e1c gi\u1ea3: V\u00f5 Ho\u00e0ng Ph\u01b0\u01a1ng Uy\u00ean (Bam Bi)<\/span><\/p>\n<p><span style=\"color: #000000;\">&#8211; S\u1ed1 trang: 64 trang<\/span><\/p>\n<p><span style=\"color: #000000;\">&#8211; K\u00edch th\u01b0\u1edbc: 20cm x 15cm<\/span><\/p>\n<p><span style=\"color: #000000;\">&#8211; Ng\u00f4n ng\u1eef: s\u00e1ch song ng\u1eef Vi\u1ec7t &#8211; Anh<\/span><\/p>\n","protected":false},"featured_media":6275,"template":"","meta":{"_et_pb_use_builder":"off","_et_pb_old_content":"<p>Comic book: \"<span class=\"JsGRdQ\">Golden Buffalo and the boy \u2013 Miracles of the Moonlight\u201d<\/span><\/p>\r\n<p><span class=\"JsGRdQ\">\u2728 Through this story, artists at B\/S Art Studio aims to ignite the rustic, genuine, kind and loving heart within each person. The image of the boy represents \u201ca dream, a model\u201d and like Golden Buffalo, each one of us individuals will want to change and learn to achieve our dreams. The \u201cMoonlight\u201d is the knowledge, experience, and skillset to help us build ourselves into a more complete person.<\/span><\/p>","_et_gb_content_width":""},"product_cat":[190,194,72,70],"product_tag":[126,816,181,813,366,364,814,128,811],"yoast_head":"<!-- This site is optimized with the Yoast SEO plugin v24.5 - https:\/\/yoast.com\/wordpress\/plugins\/seo\/ -->\n<title>Tr\u00e2u V\u00e0ng v\u00e0 C\u1eadu B\u00e9 - S\u1ef1 Huy\u1ec1n Di\u1ec7u c\u1ee7a \u00c1nh Tr\u0103ng | S\u00e1ch truy\u1ec7n c\u1ed5 t\u00edch song ng\u1eef Anh Vi\u1ec7t | - B\/S Art Studio<\/title>\n<meta name=\"description\" content=\"\u0110\u1ed3ng h\u00e0nh c\u00f9ng nh\u00e2n v\u1eadt Pig Moon \u0111\u1ec3 c\u00f9ng kh\u00e1m ph\u00e1 v\u0103n h\u00f3a Vi\u1ec7t Nam.\" \/>\n<meta name=\"robots\" content=\"index, follow, max-snippet:-1, max-image-preview:large, max-video-preview:-1\" \/>\n<link rel=\"canonical\" href=\"https:\/\/bsartstudio.vn\/en\/products\/bilingual-english-vietnamese-fairy-tale-golden-buffalo-and-the-boy-miracles-of-the-moonlight\/\" \/>\n<meta property=\"og:locale\" content=\"vi_VN\" \/>\n<meta property=\"og:type\" content=\"article\" \/>\n<meta property=\"og:title\" content=\"Tr\u00e2u V\u00e0ng v\u00e0 C\u1eadu B\u00e9 - S\u1ef1 Huy\u1ec1n Di\u1ec7u c\u1ee7a \u00c1nh Tr\u0103ng | S\u00e1ch truy\u1ec7n c\u1ed5 t\u00edch song ng\u1eef Anh Vi\u1ec7t | - B\/S Art Studio\" \/>\n<meta property=\"og:description\" content=\"\u0110\u1ed3ng h\u00e0nh c\u00f9ng nh\u00e2n v\u1eadt Pig Moon \u0111\u1ec3 c\u00f9ng kh\u00e1m ph\u00e1 v\u0103n h\u00f3a Vi\u1ec7t Nam.\" \/>\n<meta property=\"og:url\" content=\"https:\/\/bsartstudio.vn\/en\/products\/bilingual-english-vietnamese-fairy-tale-golden-buffalo-and-the-boy-miracles-of-the-moonlight\/\" \/>\n<meta property=\"og:site_name\" content=\"B\/S Art Studio\" \/>\n<meta property=\"article:modified_time\" content=\"2026-04-03T08:45:18+00:00\" \/>\n<meta property=\"og:image\" content=\"https:\/\/bsartstudio.vn\/wp-content\/uploads\/2020\/03\/Sach-PM.jpg\" \/>\n\t<meta property=\"og:image:width\" content=\"1920\" \/>\n\t<meta property=\"og:image:height\" content=\"1920\" \/>\n\t<meta property=\"og:image:type\" content=\"image\/jpeg\" \/>\n<meta name=\"twitter:card\" content=\"summary_large_image\" \/>\n<meta name=\"twitter:label1\" content=\"Est. reading time\" \/>\n\t<meta name=\"twitter:data1\" content=\"2 minutes\" \/>\n<script type=\"application\/ld+json\" class=\"yoast-schema-graph\">{\"@context\":\"https:\/\/schema.org\",\"@graph\":[{\"@type\":\"WebPage\",\"@id\":\"https:\/\/bsartstudio.vn\/en\/products\/bilingual-english-vietnamese-fairy-tale-golden-buffalo-and-the-boy-miracles-of-the-moonlight\/\",\"url\":\"https:\/\/bsartstudio.vn\/en\/products\/bilingual-english-vietnamese-fairy-tale-golden-buffalo-and-the-boy-miracles-of-the-moonlight\/\",\"name\":\"Tr\u00e2u V\u00e0ng v\u00e0 C\u1eadu B\u00e9 - S\u1ef1 Huy\u1ec1n Di\u1ec7u c\u1ee7a \u00c1nh Tr\u0103ng | S\u00e1ch truy\u1ec7n c\u1ed5 t\u00edch song ng\u1eef Anh Vi\u1ec7t | - B\/S Art Studio\",\"isPartOf\":{\"@id\":\"https:\/\/bsartstudio.vn\/ja\/#website\"},\"primaryImageOfPage\":{\"@id\":\"https:\/\/bsartstudio.vn\/en\/products\/bilingual-english-vietnamese-fairy-tale-golden-buffalo-and-the-boy-miracles-of-the-moonlight\/#primaryimage\"},\"image\":{\"@id\":\"https:\/\/bsartstudio.vn\/en\/products\/bilingual-english-vietnamese-fairy-tale-golden-buffalo-and-the-boy-miracles-of-the-moonlight\/#primaryimage\"},\"thumbnailUrl\":\"https:\/\/bsartstudio.vn\/wp-content\/uploads\/2020\/03\/Sach-PM.jpg\",\"datePublished\":\"2020-03-22T10:38:02+00:00\",\"dateModified\":\"2026-04-03T08:45:18+00:00\",\"description\":\"\u0110\u1ed3ng h\u00e0nh c\u00f9ng nh\u00e2n v\u1eadt Pig Moon \u0111\u1ec3 c\u00f9ng kh\u00e1m ph\u00e1 v\u0103n h\u00f3a Vi\u1ec7t Nam.\",\"breadcrumb\":{\"@id\":\"https:\/\/bsartstudio.vn\/en\/products\/bilingual-english-vietnamese-fairy-tale-golden-buffalo-and-the-boy-miracles-of-the-moonlight\/#breadcrumb\"},\"inLanguage\":\"vi-VN\",\"potentialAction\":[{\"@type\":\"ReadAction\",\"target\":[\"https:\/\/bsartstudio.vn\/en\/products\/bilingual-english-vietnamese-fairy-tale-golden-buffalo-and-the-boy-miracles-of-the-moonlight\/\"]}]},{\"@type\":\"ImageObject\",\"inLanguage\":\"vi-VN\",\"@id\":\"https:\/\/bsartstudio.vn\/en\/products\/bilingual-english-vietnamese-fairy-tale-golden-buffalo-and-the-boy-miracles-of-the-moonlight\/#primaryimage\",\"url\":\"https:\/\/bsartstudio.vn\/wp-content\/uploads\/2020\/03\/Sach-PM.jpg\",\"contentUrl\":\"https:\/\/bsartstudio.vn\/wp-content\/uploads\/2020\/03\/Sach-PM.jpg\",\"width\":1920,\"height\":1920},{\"@type\":\"BreadcrumbList\",\"@id\":\"https:\/\/bsartstudio.vn\/en\/products\/bilingual-english-vietnamese-fairy-tale-golden-buffalo-and-the-boy-miracles-of-the-moonlight\/#breadcrumb\",\"itemListElement\":[{\"@type\":\"ListItem\",\"position\":1,\"name\":\"Home\",\"item\":\"https:\/\/bsartstudio.vn\/en\/\"},{\"@type\":\"ListItem\",\"position\":2,\"name\":\"Shop\",\"item\":\"https:\/\/bsartstudio.vn\/en\/shop\/\"},{\"@type\":\"ListItem\",\"position\":3,\"name\":\"Tr\u00e2u V\u00e0ng v\u00e0 C\u1eadu B\u00e9 &#8211; S\u1ef1 Huy\u1ec1n Di\u1ec7u c\u1ee7a \u00c1nh Tr\u0103ng | S\u00e1ch truy\u1ec7n c\u1ed5 t\u00edch song ng\u1eef Anh Vi\u1ec7t\"}]},{\"@type\":\"WebSite\",\"@id\":\"https:\/\/bsartstudio.vn\/ja\/#website\",\"url\":\"https:\/\/bsartstudio.vn\/ja\/\",\"name\":\"B\/S Art Studio\",\"description\":\"\",\"publisher\":{\"@id\":\"https:\/\/bsartstudio.vn\/ja\/#organization\"},\"potentialAction\":[{\"@type\":\"SearchAction\",\"target\":{\"@type\":\"EntryPoint\",\"urlTemplate\":\"https:\/\/bsartstudio.vn\/ja\/?s={search_term_string}\"},\"query-input\":{\"@type\":\"PropertyValueSpecification\",\"valueRequired\":true,\"valueName\":\"search_term_string\"}}],\"inLanguage\":\"vi-VN\"},{\"@type\":\"Organization\",\"@id\":\"https:\/\/bsartstudio.vn\/ja\/#organization\",\"name\":\"B\/S Art Studio\",\"url\":\"https:\/\/bsartstudio.vn\/ja\/\",\"logo\":{\"@type\":\"ImageObject\",\"inLanguage\":\"vi-VN\",\"@id\":\"https:\/\/bsartstudio.vn\/ja\/#\/schema\/logo\/image\/\",\"url\":\"https:\/\/bsartstudio.vn\/wp-content\/uploads\/2020\/03\/54526018_2272576089468053_1525084505319145472_n.jpg\",\"contentUrl\":\"https:\/\/bsartstudio.vn\/wp-content\/uploads\/2020\/03\/54526018_2272576089468053_1525084505319145472_n.jpg\",\"width\":958,\"height\":958,\"caption\":\"B\/S Art Studio\"},\"image\":{\"@id\":\"https:\/\/bsartstudio.vn\/ja\/#\/schema\/logo\/image\/\"}}]}<\/script>\n<!-- \/ Yoast SEO plugin. -->","yoast_head_json":{"title":"Tr\u00e2u V\u00e0ng v\u00e0 C\u1eadu B\u00e9 - S\u1ef1 Huy\u1ec1n Di\u1ec7u c\u1ee7a \u00c1nh Tr\u0103ng | S\u00e1ch truy\u1ec7n c\u1ed5 t\u00edch song ng\u1eef Anh Vi\u1ec7t | - B\/S Art Studio","description":"\u0110\u1ed3ng h\u00e0nh c\u00f9ng nh\u00e2n v\u1eadt Pig Moon \u0111\u1ec3 c\u00f9ng kh\u00e1m ph\u00e1 v\u0103n h\u00f3a Vi\u1ec7t Nam.","robots":{"index":"index","follow":"follow","max-snippet":"max-snippet:-1","max-image-preview":"max-image-preview:large","max-video-preview":"max-video-preview:-1"},"canonical":"https:\/\/bsartstudio.vn\/en\/products\/bilingual-english-vietnamese-fairy-tale-golden-buffalo-and-the-boy-miracles-of-the-moonlight\/","og_locale":"vi_VN","og_type":"article","og_title":"Tr\u00e2u V\u00e0ng v\u00e0 C\u1eadu B\u00e9 - S\u1ef1 Huy\u1ec1n Di\u1ec7u c\u1ee7a \u00c1nh Tr\u0103ng | S\u00e1ch truy\u1ec7n c\u1ed5 t\u00edch song ng\u1eef Anh Vi\u1ec7t | - B\/S Art Studio","og_description":"\u0110\u1ed3ng h\u00e0nh c\u00f9ng nh\u00e2n v\u1eadt Pig Moon \u0111\u1ec3 c\u00f9ng kh\u00e1m ph\u00e1 v\u0103n h\u00f3a Vi\u1ec7t Nam.","og_url":"https:\/\/bsartstudio.vn\/en\/products\/bilingual-english-vietnamese-fairy-tale-golden-buffalo-and-the-boy-miracles-of-the-moonlight\/","og_site_name":"B\/S Art Studio","article_modified_time":"2026-04-03T08:45:18+00:00","og_image":[{"width":1920,"height":1920,"url":"https:\/\/bsartstudio.vn\/wp-content\/uploads\/2020\/03\/Sach-PM.jpg","type":"image\/jpeg"}],"twitter_card":"summary_large_image","twitter_misc":{"Est. reading time":"2 minutes"},"schema":{"@context":"https:\/\/schema.org","@graph":[{"@type":"WebPage","@id":"https:\/\/bsartstudio.vn\/en\/products\/bilingual-english-vietnamese-fairy-tale-golden-buffalo-and-the-boy-miracles-of-the-moonlight\/","url":"https:\/\/bsartstudio.vn\/en\/products\/bilingual-english-vietnamese-fairy-tale-golden-buffalo-and-the-boy-miracles-of-the-moonlight\/","name":"Tr\u00e2u V\u00e0ng v\u00e0 C\u1eadu B\u00e9 - S\u1ef1 Huy\u1ec1n Di\u1ec7u c\u1ee7a \u00c1nh Tr\u0103ng | S\u00e1ch truy\u1ec7n c\u1ed5 t\u00edch song ng\u1eef Anh Vi\u1ec7t | - B\/S Art Studio","isPartOf":{"@id":"https:\/\/bsartstudio.vn\/ja\/#website"},"primaryImageOfPage":{"@id":"https:\/\/bsartstudio.vn\/en\/products\/bilingual-english-vietnamese-fairy-tale-golden-buffalo-and-the-boy-miracles-of-the-moonlight\/#primaryimage"},"image":{"@id":"https:\/\/bsartstudio.vn\/en\/products\/bilingual-english-vietnamese-fairy-tale-golden-buffalo-and-the-boy-miracles-of-the-moonlight\/#primaryimage"},"thumbnailUrl":"https:\/\/bsartstudio.vn\/wp-content\/uploads\/2020\/03\/Sach-PM.jpg","datePublished":"2020-03-22T10:38:02+00:00","dateModified":"2026-04-03T08:45:18+00:00","description":"\u0110\u1ed3ng h\u00e0nh c\u00f9ng nh\u00e2n v\u1eadt Pig Moon \u0111\u1ec3 c\u00f9ng kh\u00e1m ph\u00e1 v\u0103n h\u00f3a Vi\u1ec7t Nam.","breadcrumb":{"@id":"https:\/\/bsartstudio.vn\/en\/products\/bilingual-english-vietnamese-fairy-tale-golden-buffalo-and-the-boy-miracles-of-the-moonlight\/#breadcrumb"},"inLanguage":"vi-VN","potentialAction":[{"@type":"ReadAction","target":["https:\/\/bsartstudio.vn\/en\/products\/bilingual-english-vietnamese-fairy-tale-golden-buffalo-and-the-boy-miracles-of-the-moonlight\/"]}]},{"@type":"ImageObject","inLanguage":"vi-VN","@id":"https:\/\/bsartstudio.vn\/en\/products\/bilingual-english-vietnamese-fairy-tale-golden-buffalo-and-the-boy-miracles-of-the-moonlight\/#primaryimage","url":"https:\/\/bsartstudio.vn\/wp-content\/uploads\/2020\/03\/Sach-PM.jpg","contentUrl":"https:\/\/bsartstudio.vn\/wp-content\/uploads\/2020\/03\/Sach-PM.jpg","width":1920,"height":1920},{"@type":"BreadcrumbList","@id":"https:\/\/bsartstudio.vn\/en\/products\/bilingual-english-vietnamese-fairy-tale-golden-buffalo-and-the-boy-miracles-of-the-moonlight\/#breadcrumb","itemListElement":[{"@type":"ListItem","position":1,"name":"Home","item":"https:\/\/bsartstudio.vn\/en\/"},{"@type":"ListItem","position":2,"name":"Shop","item":"https:\/\/bsartstudio.vn\/en\/shop\/"},{"@type":"ListItem","position":3,"name":"Tr\u00e2u V\u00e0ng v\u00e0 C\u1eadu B\u00e9 &#8211; S\u1ef1 Huy\u1ec1n Di\u1ec7u c\u1ee7a \u00c1nh Tr\u0103ng | S\u00e1ch truy\u1ec7n c\u1ed5 t\u00edch song ng\u1eef Anh Vi\u1ec7t"}]},{"@type":"WebSite","@id":"https:\/\/bsartstudio.vn\/ja\/#website","url":"https:\/\/bsartstudio.vn\/ja\/","name":"B\/S Art Studio","description":"","publisher":{"@id":"https:\/\/bsartstudio.vn\/ja\/#organization"},"potentialAction":[{"@type":"SearchAction","target":{"@type":"EntryPoint","urlTemplate":"https:\/\/bsartstudio.vn\/ja\/?s={search_term_string}"},"query-input":{"@type":"PropertyValueSpecification","valueRequired":true,"valueName":"search_term_string"}}],"inLanguage":"vi-VN"},{"@type":"Organization","@id":"https:\/\/bsartstudio.vn\/ja\/#organization","name":"B\/S Art Studio","url":"https:\/\/bsartstudio.vn\/ja\/","logo":{"@type":"ImageObject","inLanguage":"vi-VN","@id":"https:\/\/bsartstudio.vn\/ja\/#\/schema\/logo\/image\/","url":"https:\/\/bsartstudio.vn\/wp-content\/uploads\/2020\/03\/54526018_2272576089468053_1525084505319145472_n.jpg","contentUrl":"https:\/\/bsartstudio.vn\/wp-content\/uploads\/2020\/03\/54526018_2272576089468053_1525084505319145472_n.jpg","width":958,"height":958,"caption":"B\/S Art Studio"},"image":{"@id":"https:\/\/bsartstudio.vn\/ja\/#\/schema\/logo\/image\/"}}]}},"_links":{"self":[{"href":"https:\/\/bsartstudio.vn\/vi\/wp-json\/wp\/v2\/product\/1765"}],"collection":[{"href":"https:\/\/bsartstudio.vn\/vi\/wp-json\/wp\/v2\/product"}],"about":[{"href":"https:\/\/bsartstudio.vn\/vi\/wp-json\/wp\/v2\/types\/product"}],"wp:featuredmedia":[{"embeddable":true,"href":"https:\/\/bsartstudio.vn\/vi\/wp-json\/wp\/v2\/media\/6275"}],"wp:attachment":[{"href":"https:\/\/bsartstudio.vn\/vi\/wp-json\/wp\/v2\/media?parent=1765"}],"wp:term":[{"taxonomy":"product_cat","embeddable":true,"href":"https:\/\/bsartstudio.vn\/vi\/wp-json\/wp\/v2\/product_cat?post=1765"},{"taxonomy":"product_tag","embeddable":true,"href":"https:\/\/bsartstudio.vn\/vi\/wp-json\/wp\/v2\/product_tag?post=1765"}],"curies":[{"name":"wp","href":"https:\/\/api.w.org\/{rel}","templated":true}]}}