{"id":1764,"date":"2020-03-23T12:45:30","date_gmt":"2020-03-23T05:45:30","guid":{"rendered":"https:\/\/bsartstudio.vn\/products\/tac-pham-chuot-dong-ho-1\/"},"modified":"2020-04-28T12:34:57","modified_gmt":"2020-04-28T05:34:57","slug":"tac-pham-chuot-dong-ho-1","status":"publish","type":"product","link":"https:\/\/bsartstudio.vn\/vi\/products\/tac-pham-chuot-dong-ho-1\/","title":{"rendered":"T\u00e1c ph\u1ea9m &#8220;Chu\u1ed9t \u0110\u00f4ng H\u1ed3 1&#8221;"},"content":{"rendered":"<p>\ud83d\udc39 T\u00e1c ph\u1ea9m &#8220;Chu\u1ed9t \u0110\u00f4ng H\u1ed3 1&#8221;<\/p>\n<p>Ch\u1ea5t li\u1ec7u: Canvas<br \/>\nM\u00e0u: Acrylic<br \/>\nK\u00edch th\u01b0\u1edbc: 25 cm x 25 cm<\/p>\n","protected":false},"excerpt":{"rendered":"<p>Ngh\u1ec7 thu\u1eadt \u0110\u00f4ng H\u1ed3 l\u00e0 m\u1ed9t d\u00f2ng tranh d\u00e2n gian Vi\u1ec7t Nam c\u00f3 ngu\u1ed3n g\u1ed1c t\u1eeb l\u00e0ng \u0110\u00f4ng H\u1ed3 (mi\u1ec1n B\u1eafc Vi\u1ec7t Nam). \u0110\u1eb7c bi\u1ec7t, nh\u1eefng\u00a0 gi\u00e1 tr\u1ecb gi\u00e1o d\u1ee5c v\u00e0 \u1ea9n d\u1ee5 con ng\u01b0\u1eddi b\u1eb1ng h\u00ecnh \u1ea3nh lo\u00e0i v\u1eadt \u0111\u01b0\u1ee3c xem l\u00e0 \u0111i\u1ec1u may m\u1eafn \u0111\u1ed1i v\u1edbi c\u00e1c gia \u0111\u00ecnh Vi\u1ec7t Nam trong n\u0103m m\u1edbi.<\/p>\n<p>Ng\u00e0y nay, tranh \u0110\u00f4ng H\u1ed3 \u0111ang d\u1ea7n bi\u1ebfn m\u1ea5t trong c\u00e1c gia \u0111\u00ecnh Vi\u1ec7t Nam v\u00e0o d\u1ecbp T\u1ebft. B\/S Art Studio \u0111\u00e3 v\u00e0 \u0111ang c\u1ed1 g\u1eafng mang \u0111\u1ebfn m\u1ed9t h\u01a1i th\u1edf m\u1edbi cho d\u00f2ng tranh \u0110\u00f4ng H\u1ed3 b\u1eb1ng c\u00e1ch k\u1ebft h\u1ee3p phong c\u00e1ch \u0110\u00f4ng H\u1ed3 v\u1edbi Doodle Art (nh\u1eefng h\u1ecda ti\u1ebft \u0111\u01a1n gi\u1ea3n \u0111\u01b0\u1ee3c t\u1ea1o ra trong l\u00fac l\u01a1 \u0111\u00e3ng), ch\u1eb3ng h\u1ea1n nh\u01b0 s\u1ef1 k\u1ebft h\u1ee3p gi\u1eefa hoa v\u0103n \u0110\u00f4ng H\u1ed3 v\u00e0 12 con gi\u00e1p d\u1ef1a tr\u00ean l\u1ecbch \u00e2m c\u1ee7a Vi\u1ec7t Nam, v\u1edbi mong mu\u1ed1n c\u00f3 th\u1ec3 mang ngh\u1ec7 thu\u1eadt truy\u1ec1n th\u1ed1ng \u0111\u1ebfn g\u1ea7n ng\u01b0\u1eddi tr\u1ebb Vi\u1ec7t h\u01a1n.<\/p>\n<p>&nbsp;<\/p>\n","protected":false},"featured_media":1511,"template":"","meta":{"_et_pb_use_builder":"","_et_pb_old_content":"","_et_gb_content_width":""},"product_cat":[64,59,73],"product_tag":[453],"yoast_head":"<!-- This site is optimized with the Yoast SEO plugin v24.5 - https:\/\/yoast.com\/wordpress\/plugins\/seo\/ -->\n<title>T\u00e1c ph\u1ea9m &quot;Chu\u1ed9t \u0110\u00f4ng H\u1ed3 1&quot; - B\/S Art Studio<\/title>\n<meta name=\"robots\" content=\"index, follow, max-snippet:-1, max-image-preview:large, max-video-preview:-1\" \/>\n<link rel=\"canonical\" href=\"https:\/\/bsartstudio.vn\/vi\/products\/tac-pham-chuot-dong-ho-1\/\" \/>\n<meta property=\"og:locale\" content=\"vi_VN\" \/>\n<meta property=\"og:type\" content=\"article\" \/>\n<meta property=\"og:title\" content=\"T\u00e1c ph\u1ea9m &quot;Chu\u1ed9t \u0110\u00f4ng H\u1ed3 1&quot; - B\/S Art Studio\" \/>\n<meta property=\"og:description\" content=\"Ngh\u1ec7 thu\u1eadt \u0110\u00f4ng H\u1ed3 l\u00e0 m\u1ed9t d\u00f2ng tranh d\u00e2n gian Vi\u1ec7t Nam c\u00f3 ngu\u1ed3n g\u1ed1c t\u1eeb l\u00e0ng \u0110\u00f4ng H\u1ed3 (mi\u1ec1n B\u1eafc Vi\u1ec7t Nam). \u0110\u1eb7c bi\u1ec7t, nh\u1eefng\u00a0 gi\u00e1 tr\u1ecb gi\u00e1o d\u1ee5c v\u00e0 \u1ea9n d\u1ee5 con ng\u01b0\u1eddi b\u1eb1ng h\u00ecnh \u1ea3nh lo\u00e0i v\u1eadt \u0111\u01b0\u1ee3c xem l\u00e0 \u0111i\u1ec1u may m\u1eafn \u0111\u1ed1i v\u1edbi c\u00e1c gia \u0111\u00ecnh Vi\u1ec7t Nam trong n\u0103m m\u1edbi. Ng\u00e0y nay, tranh \u0110\u00f4ng H\u1ed3 \u0111ang d\u1ea7n bi\u1ebfn m\u1ea5t trong c\u00e1c gia \u0111\u00ecnh Vi\u1ec7t Nam v\u00e0o d\u1ecbp T\u1ebft. B\/S Art Studio \u0111\u00e3 v\u00e0 \u0111ang c\u1ed1 g\u1eafng mang \u0111\u1ebfn m\u1ed9t h\u01a1i th\u1edf m\u1edbi cho d\u00f2ng tranh \u0110\u00f4ng H\u1ed3 b\u1eb1ng c\u00e1ch k\u1ebft h\u1ee3p phong c\u00e1ch \u0110\u00f4ng H\u1ed3 v\u1edbi Doodle Art (nh\u1eefng h\u1ecda ti\u1ebft \u0111\u01a1n gi\u1ea3n \u0111\u01b0\u1ee3c t\u1ea1o ra trong l\u00fac l\u01a1 \u0111\u00e3ng), ch\u1eb3ng h\u1ea1n nh\u01b0 s\u1ef1 k\u1ebft h\u1ee3p gi\u1eefa hoa v\u0103n \u0110\u00f4ng H\u1ed3 v\u00e0 12 con gi\u00e1p d\u1ef1a tr\u00ean l\u1ecbch \u00e2m c\u1ee7a Vi\u1ec7t Nam, v\u1edbi mong mu\u1ed1n c\u00f3 th\u1ec3 mang ngh\u1ec7 thu\u1eadt truy\u1ec1n th\u1ed1ng \u0111\u1ebfn g\u1ea7n ng\u01b0\u1eddi tr\u1ebb Vi\u1ec7t h\u01a1n. &nbsp;\" \/>\n<meta property=\"og:url\" content=\"https:\/\/bsartstudio.vn\/vi\/products\/tac-pham-chuot-dong-ho-1\/\" \/>\n<meta property=\"og:site_name\" content=\"B\/S Art Studio\" \/>\n<meta property=\"article:modified_time\" content=\"2020-04-28T05:34:57+00:00\" \/>\n<meta property=\"og:image\" content=\"https:\/\/bsartstudio.vn\/wp-content\/uploads\/2020\/03\/chuot-DH-1.jpeg\" \/>\n\t<meta property=\"og:image:width\" content=\"1920\" \/>\n\t<meta property=\"og:image:height\" content=\"1581\" \/>\n\t<meta property=\"og:image:type\" content=\"image\/jpeg\" \/>\n<meta name=\"twitter:card\" content=\"summary_large_image\" \/>\n<script type=\"application\/ld+json\" class=\"yoast-schema-graph\">{\"@context\":\"https:\/\/schema.org\",\"@graph\":[{\"@type\":\"WebPage\",\"@id\":\"https:\/\/bsartstudio.vn\/vi\/products\/tac-pham-chuot-dong-ho-1\/\",\"url\":\"https:\/\/bsartstudio.vn\/vi\/products\/tac-pham-chuot-dong-ho-1\/\",\"name\":\"T\u00e1c ph\u1ea9m \\\"Chu\u1ed9t \u0110\u00f4ng H\u1ed3 1\\\" - B\/S Art Studio\",\"isPartOf\":{\"@id\":\"https:\/\/bsartstudio.vn\/ja\/#website\"},\"primaryImageOfPage\":{\"@id\":\"https:\/\/bsartstudio.vn\/vi\/products\/tac-pham-chuot-dong-ho-1\/#primaryimage\"},\"image\":{\"@id\":\"https:\/\/bsartstudio.vn\/vi\/products\/tac-pham-chuot-dong-ho-1\/#primaryimage\"},\"thumbnailUrl\":\"https:\/\/bsartstudio.vn\/wp-content\/uploads\/2020\/03\/chuot-DH-1.jpeg\",\"datePublished\":\"2020-03-23T05:45:30+00:00\",\"dateModified\":\"2020-04-28T05:34:57+00:00\",\"breadcrumb\":{\"@id\":\"https:\/\/bsartstudio.vn\/vi\/products\/tac-pham-chuot-dong-ho-1\/#breadcrumb\"},\"inLanguage\":\"vi-VN\",\"potentialAction\":[{\"@type\":\"ReadAction\",\"target\":[\"https:\/\/bsartstudio.vn\/vi\/products\/tac-pham-chuot-dong-ho-1\/\"]}]},{\"@type\":\"ImageObject\",\"inLanguage\":\"vi-VN\",\"@id\":\"https:\/\/bsartstudio.vn\/vi\/products\/tac-pham-chuot-dong-ho-1\/#primaryimage\",\"url\":\"https:\/\/bsartstudio.vn\/wp-content\/uploads\/2020\/03\/chuot-DH-1.jpeg\",\"contentUrl\":\"https:\/\/bsartstudio.vn\/wp-content\/uploads\/2020\/03\/chuot-DH-1.jpeg\",\"width\":1920,\"height\":1581},{\"@type\":\"BreadcrumbList\",\"@id\":\"https:\/\/bsartstudio.vn\/vi\/products\/tac-pham-chuot-dong-ho-1\/#breadcrumb\",\"itemListElement\":[{\"@type\":\"ListItem\",\"position\":1,\"name\":\"Home\",\"item\":\"https:\/\/bsartstudio.vn\/en\/\"},{\"@type\":\"ListItem\",\"position\":2,\"name\":\"Shop\",\"item\":\"https:\/\/bsartstudio.vn\/en\/shop\/\"},{\"@type\":\"ListItem\",\"position\":3,\"name\":\"T\u00e1c ph\u1ea9m &#8220;Chu\u1ed9t \u0110\u00f4ng H\u1ed3 1&#8221;\"}]},{\"@type\":\"WebSite\",\"@id\":\"https:\/\/bsartstudio.vn\/ja\/#website\",\"url\":\"https:\/\/bsartstudio.vn\/ja\/\",\"name\":\"B\/S Art Studio\",\"description\":\"\",\"publisher\":{\"@id\":\"https:\/\/bsartstudio.vn\/ja\/#organization\"},\"potentialAction\":[{\"@type\":\"SearchAction\",\"target\":{\"@type\":\"EntryPoint\",\"urlTemplate\":\"https:\/\/bsartstudio.vn\/ja\/?s={search_term_string}\"},\"query-input\":{\"@type\":\"PropertyValueSpecification\",\"valueRequired\":true,\"valueName\":\"search_term_string\"}}],\"inLanguage\":\"vi-VN\"},{\"@type\":\"Organization\",\"@id\":\"https:\/\/bsartstudio.vn\/ja\/#organization\",\"name\":\"B\/S Art Studio\",\"url\":\"https:\/\/bsartstudio.vn\/ja\/\",\"logo\":{\"@type\":\"ImageObject\",\"inLanguage\":\"vi-VN\",\"@id\":\"https:\/\/bsartstudio.vn\/ja\/#\/schema\/logo\/image\/\",\"url\":\"https:\/\/bsartstudio.vn\/wp-content\/uploads\/2020\/03\/54526018_2272576089468053_1525084505319145472_n.jpg\",\"contentUrl\":\"https:\/\/bsartstudio.vn\/wp-content\/uploads\/2020\/03\/54526018_2272576089468053_1525084505319145472_n.jpg\",\"width\":958,\"height\":958,\"caption\":\"B\/S Art Studio\"},\"image\":{\"@id\":\"https:\/\/bsartstudio.vn\/ja\/#\/schema\/logo\/image\/\"}}]}<\/script>\n<!-- \/ Yoast SEO plugin. -->","yoast_head_json":{"title":"T\u00e1c ph\u1ea9m \"Chu\u1ed9t \u0110\u00f4ng H\u1ed3 1\" - B\/S Art Studio","robots":{"index":"index","follow":"follow","max-snippet":"max-snippet:-1","max-image-preview":"max-image-preview:large","max-video-preview":"max-video-preview:-1"},"canonical":"https:\/\/bsartstudio.vn\/vi\/products\/tac-pham-chuot-dong-ho-1\/","og_locale":"vi_VN","og_type":"article","og_title":"T\u00e1c ph\u1ea9m \"Chu\u1ed9t \u0110\u00f4ng H\u1ed3 1\" - B\/S Art Studio","og_description":"Ngh\u1ec7 thu\u1eadt \u0110\u00f4ng H\u1ed3 l\u00e0 m\u1ed9t d\u00f2ng tranh d\u00e2n gian Vi\u1ec7t Nam c\u00f3 ngu\u1ed3n g\u1ed1c t\u1eeb l\u00e0ng \u0110\u00f4ng H\u1ed3 (mi\u1ec1n B\u1eafc Vi\u1ec7t Nam). \u0110\u1eb7c bi\u1ec7t, nh\u1eefng\u00a0 gi\u00e1 tr\u1ecb gi\u00e1o d\u1ee5c v\u00e0 \u1ea9n d\u1ee5 con ng\u01b0\u1eddi b\u1eb1ng h\u00ecnh \u1ea3nh lo\u00e0i v\u1eadt \u0111\u01b0\u1ee3c xem l\u00e0 \u0111i\u1ec1u may m\u1eafn \u0111\u1ed1i v\u1edbi c\u00e1c gia \u0111\u00ecnh Vi\u1ec7t Nam trong n\u0103m m\u1edbi. Ng\u00e0y nay, tranh \u0110\u00f4ng H\u1ed3 \u0111ang d\u1ea7n bi\u1ebfn m\u1ea5t trong c\u00e1c gia \u0111\u00ecnh Vi\u1ec7t Nam v\u00e0o d\u1ecbp T\u1ebft. B\/S Art Studio \u0111\u00e3 v\u00e0 \u0111ang c\u1ed1 g\u1eafng mang \u0111\u1ebfn m\u1ed9t h\u01a1i th\u1edf m\u1edbi cho d\u00f2ng tranh \u0110\u00f4ng H\u1ed3 b\u1eb1ng c\u00e1ch k\u1ebft h\u1ee3p phong c\u00e1ch \u0110\u00f4ng H\u1ed3 v\u1edbi Doodle Art (nh\u1eefng h\u1ecda ti\u1ebft \u0111\u01a1n gi\u1ea3n \u0111\u01b0\u1ee3c t\u1ea1o ra trong l\u00fac l\u01a1 \u0111\u00e3ng), ch\u1eb3ng h\u1ea1n nh\u01b0 s\u1ef1 k\u1ebft h\u1ee3p gi\u1eefa hoa v\u0103n \u0110\u00f4ng H\u1ed3 v\u00e0 12 con gi\u00e1p d\u1ef1a tr\u00ean l\u1ecbch \u00e2m c\u1ee7a Vi\u1ec7t Nam, v\u1edbi mong mu\u1ed1n c\u00f3 th\u1ec3 mang ngh\u1ec7 thu\u1eadt truy\u1ec1n th\u1ed1ng \u0111\u1ebfn g\u1ea7n ng\u01b0\u1eddi tr\u1ebb Vi\u1ec7t h\u01a1n. &nbsp;","og_url":"https:\/\/bsartstudio.vn\/vi\/products\/tac-pham-chuot-dong-ho-1\/","og_site_name":"B\/S Art Studio","article_modified_time":"2020-04-28T05:34:57+00:00","og_image":[{"width":1920,"height":1581,"url":"https:\/\/bsartstudio.vn\/wp-content\/uploads\/2020\/03\/chuot-DH-1.jpeg","type":"image\/jpeg"}],"twitter_card":"summary_large_image","schema":{"@context":"https:\/\/schema.org","@graph":[{"@type":"WebPage","@id":"https:\/\/bsartstudio.vn\/vi\/products\/tac-pham-chuot-dong-ho-1\/","url":"https:\/\/bsartstudio.vn\/vi\/products\/tac-pham-chuot-dong-ho-1\/","name":"T\u00e1c ph\u1ea9m \"Chu\u1ed9t \u0110\u00f4ng H\u1ed3 1\" - B\/S Art Studio","isPartOf":{"@id":"https:\/\/bsartstudio.vn\/ja\/#website"},"primaryImageOfPage":{"@id":"https:\/\/bsartstudio.vn\/vi\/products\/tac-pham-chuot-dong-ho-1\/#primaryimage"},"image":{"@id":"https:\/\/bsartstudio.vn\/vi\/products\/tac-pham-chuot-dong-ho-1\/#primaryimage"},"thumbnailUrl":"https:\/\/bsartstudio.vn\/wp-content\/uploads\/2020\/03\/chuot-DH-1.jpeg","datePublished":"2020-03-23T05:45:30+00:00","dateModified":"2020-04-28T05:34:57+00:00","breadcrumb":{"@id":"https:\/\/bsartstudio.vn\/vi\/products\/tac-pham-chuot-dong-ho-1\/#breadcrumb"},"inLanguage":"vi-VN","potentialAction":[{"@type":"ReadAction","target":["https:\/\/bsartstudio.vn\/vi\/products\/tac-pham-chuot-dong-ho-1\/"]}]},{"@type":"ImageObject","inLanguage":"vi-VN","@id":"https:\/\/bsartstudio.vn\/vi\/products\/tac-pham-chuot-dong-ho-1\/#primaryimage","url":"https:\/\/bsartstudio.vn\/wp-content\/uploads\/2020\/03\/chuot-DH-1.jpeg","contentUrl":"https:\/\/bsartstudio.vn\/wp-content\/uploads\/2020\/03\/chuot-DH-1.jpeg","width":1920,"height":1581},{"@type":"BreadcrumbList","@id":"https:\/\/bsartstudio.vn\/vi\/products\/tac-pham-chuot-dong-ho-1\/#breadcrumb","itemListElement":[{"@type":"ListItem","position":1,"name":"Home","item":"https:\/\/bsartstudio.vn\/en\/"},{"@type":"ListItem","position":2,"name":"Shop","item":"https:\/\/bsartstudio.vn\/en\/shop\/"},{"@type":"ListItem","position":3,"name":"T\u00e1c ph\u1ea9m &#8220;Chu\u1ed9t \u0110\u00f4ng H\u1ed3 1&#8221;"}]},{"@type":"WebSite","@id":"https:\/\/bsartstudio.vn\/ja\/#website","url":"https:\/\/bsartstudio.vn\/ja\/","name":"B\/S Art Studio","description":"","publisher":{"@id":"https:\/\/bsartstudio.vn\/ja\/#organization"},"potentialAction":[{"@type":"SearchAction","target":{"@type":"EntryPoint","urlTemplate":"https:\/\/bsartstudio.vn\/ja\/?s={search_term_string}"},"query-input":{"@type":"PropertyValueSpecification","valueRequired":true,"valueName":"search_term_string"}}],"inLanguage":"vi-VN"},{"@type":"Organization","@id":"https:\/\/bsartstudio.vn\/ja\/#organization","name":"B\/S Art Studio","url":"https:\/\/bsartstudio.vn\/ja\/","logo":{"@type":"ImageObject","inLanguage":"vi-VN","@id":"https:\/\/bsartstudio.vn\/ja\/#\/schema\/logo\/image\/","url":"https:\/\/bsartstudio.vn\/wp-content\/uploads\/2020\/03\/54526018_2272576089468053_1525084505319145472_n.jpg","contentUrl":"https:\/\/bsartstudio.vn\/wp-content\/uploads\/2020\/03\/54526018_2272576089468053_1525084505319145472_n.jpg","width":958,"height":958,"caption":"B\/S Art Studio"},"image":{"@id":"https:\/\/bsartstudio.vn\/ja\/#\/schema\/logo\/image\/"}}]}},"_links":{"self":[{"href":"https:\/\/bsartstudio.vn\/vi\/wp-json\/wp\/v2\/product\/1764"}],"collection":[{"href":"https:\/\/bsartstudio.vn\/vi\/wp-json\/wp\/v2\/product"}],"about":[{"href":"https:\/\/bsartstudio.vn\/vi\/wp-json\/wp\/v2\/types\/product"}],"wp:featuredmedia":[{"embeddable":true,"href":"https:\/\/bsartstudio.vn\/vi\/wp-json\/wp\/v2\/media\/1511"}],"wp:attachment":[{"href":"https:\/\/bsartstudio.vn\/vi\/wp-json\/wp\/v2\/media?parent=1764"}],"wp:term":[{"taxonomy":"product_cat","embeddable":true,"href":"https:\/\/bsartstudio.vn\/vi\/wp-json\/wp\/v2\/product_cat?post=1764"},{"taxonomy":"product_tag","embeddable":true,"href":"https:\/\/bsartstudio.vn\/vi\/wp-json\/wp\/v2\/product_tag?post=1764"}],"curies":[{"name":"wp","href":"https:\/\/api.w.org\/{rel}","templated":true}]}}