{"id":1760,"date":"2020-03-23T16:26:27","date_gmt":"2020-03-23T09:26:27","guid":{"rendered":"https:\/\/bsartstudio.vn\/products\/ly-gom-su-hoa-tiet-chu-chim-2\/"},"modified":"2020-04-28T12:25:58","modified_gmt":"2020-04-28T05:25:58","slug":"ly-gom-su-hoa-tiet-chu-chim-2","status":"publish","type":"product","link":"https:\/\/bsartstudio.vn\/vi\/products\/ly-gom-su-hoa-tiet-chu-chim-2\/","title":{"rendered":"Ly g\u1ed1m s\u1ee9 &#8220;Chim V\u00e0ng 2&#8221;"},"content":{"rendered":"<p>\ud83d\udc26 Ly g\u1ed1m s\u1ee9 &#8220;Chim V\u00e0ng 2&#8221;<\/p>\n<p>\u0110\u00e2y kh\u00f4ng ch\u1ec9 l\u00e0 m\u1ed9t chi\u1ebfc ly d\u00f9ng \u0111\u1ec3 u\u1ed1ng tr\u00e0 hay c\u00e0 ph\u00ea m\u00e0 c\u00f2n l\u00e0 m\u1ed9t v\u1eadt trang tr\u00ed v\u00f4 c\u00f9ng \u0111\u00e1ng y\u00eau.<\/p>\n<p>K\u00edch th\u01b0\u1edbc: 12 cm x 9.5 cm x 9 cm<\/p>\n","protected":false},"excerpt":{"rendered":"<p>\ud83e\udd2f C\u0103ng th\u1eb3ng trong c\u00f4ng vi\u1ec7c kh\u00f4ng ch\u1ec9 khi\u1ebfn b\u1ea1n m\u1ec7t m\u1ecfi m\u00e0 c\u00f2n \u1ea3nh h\u01b0\u1edfng l\u00e2u d\u00e0i \u0111\u1ebfn s\u1ee9c kh\u1ecfe.<\/p>\n<p>\ud83c\udf3f\u00a0M\u1ed9t g\u00f3c trang tr\u00ed \u0111\u1eb9p m\u1eaft tr\u00ean b\u00e0n l\u00e0m vi\u1ec7c s\u1ebd\u00a0 gi\u00fap b\u1ea1n c\u1ea3m th\u1ea5y tho\u1ea3i m\u00e1i v\u00e0 tr\u00e0n \u0111\u1ea7y n\u0103ng l\u01b0\u1ee3ng, t\u1ea1o ra nh\u1eefng \u00fd t\u01b0\u1edfng s\u00e1ng t\u1ea1o m\u1edbi \u0111\u1ec3 c\u00f4ng vi\u1ec7c \u0111\u01b0\u1ee3c c\u1ea3i thi\u1ec7n t\u1ed1t h\u01a1n.<\/p>\n<p>&nbsp;<\/p>\n<p>&nbsp;<\/p>\n<p>&nbsp;<\/p>\n<p>&nbsp;<\/p>\n<p>&nbsp;<\/p>\n","protected":false},"featured_media":1525,"template":"","meta":{"_et_pb_use_builder":"","_et_pb_old_content":"","_et_gb_content_width":""},"product_cat":[72],"product_tag":[],"yoast_head":"<!-- This site is optimized with the Yoast SEO plugin v24.5 - https:\/\/yoast.com\/wordpress\/plugins\/seo\/ -->\n<title>Ly g\u1ed1m s\u1ee9 &quot;Chim V\u00e0ng 2&quot; - B\/S Art Studio<\/title>\n<meta name=\"robots\" content=\"index, follow, max-snippet:-1, max-image-preview:large, max-video-preview:-1\" \/>\n<link rel=\"canonical\" href=\"https:\/\/bsartstudio.vn\/en\/?post_type=product&p=855\" \/>\n<meta property=\"og:locale\" content=\"vi_VN\" \/>\n<meta property=\"og:type\" content=\"article\" \/>\n<meta property=\"og:title\" content=\"Ly g\u1ed1m s\u1ee9 &quot;Chim V\u00e0ng 2&quot; - B\/S Art Studio\" \/>\n<meta property=\"og:description\" content=\"\ud83e\udd2f C\u0103ng th\u1eb3ng trong c\u00f4ng vi\u1ec7c kh\u00f4ng ch\u1ec9 khi\u1ebfn b\u1ea1n m\u1ec7t m\u1ecfi m\u00e0 c\u00f2n \u1ea3nh h\u01b0\u1edfng l\u00e2u d\u00e0i \u0111\u1ebfn s\u1ee9c kh\u1ecfe. \ud83c\udf3f\u00a0M\u1ed9t g\u00f3c trang tr\u00ed \u0111\u1eb9p m\u1eaft tr\u00ean b\u00e0n l\u00e0m vi\u1ec7c s\u1ebd\u00a0 gi\u00fap b\u1ea1n c\u1ea3m th\u1ea5y tho\u1ea3i m\u00e1i v\u00e0 tr\u00e0n \u0111\u1ea7y n\u0103ng l\u01b0\u1ee3ng, t\u1ea1o ra nh\u1eefng \u00fd t\u01b0\u1edfng s\u00e1ng t\u1ea1o m\u1edbi \u0111\u1ec3 c\u00f4ng vi\u1ec7c \u0111\u01b0\u1ee3c c\u1ea3i thi\u1ec7n t\u1ed1t h\u01a1n. &nbsp; &nbsp; &nbsp; &nbsp; &nbsp;\" \/>\n<meta property=\"og:url\" content=\"https:\/\/bsartstudio.vn\/en\/?post_type=product&amp;p=855\" \/>\n<meta property=\"og:site_name\" content=\"B\/S Art Studio\" \/>\n<meta property=\"article:modified_time\" content=\"2020-04-28T05:25:58+00:00\" \/>\n<meta property=\"og:image\" content=\"https:\/\/bsartstudio.vn\/wp-content\/uploads\/2020\/03\/IMG_2030.jpg\" \/>\n\t<meta property=\"og:image:width\" content=\"1920\" \/>\n\t<meta property=\"og:image:height\" content=\"2052\" \/>\n\t<meta property=\"og:image:type\" content=\"image\/jpeg\" \/>\n<meta name=\"twitter:card\" content=\"summary_large_image\" \/>\n<script type=\"application\/ld+json\" class=\"yoast-schema-graph\">{\"@context\":\"https:\/\/schema.org\",\"@graph\":[{\"@type\":\"WebPage\",\"@id\":\"https:\/\/bsartstudio.vn\/en\/?post_type=product&p=855\",\"url\":\"https:\/\/bsartstudio.vn\/en\/?post_type=product&p=855\",\"name\":\"Ly g\u1ed1m s\u1ee9 \\\"Chim V\u00e0ng 2\\\" - B\/S Art Studio\",\"isPartOf\":{\"@id\":\"https:\/\/bsartstudio.vn\/ja\/#website\"},\"primaryImageOfPage\":{\"@id\":\"https:\/\/bsartstudio.vn\/en\/?post_type=product&p=855#primaryimage\"},\"image\":{\"@id\":\"https:\/\/bsartstudio.vn\/en\/?post_type=product&p=855#primaryimage\"},\"thumbnailUrl\":\"https:\/\/bsartstudio.vn\/wp-content\/uploads\/2020\/03\/IMG_2030.jpg\",\"datePublished\":\"2020-03-23T09:26:27+00:00\",\"dateModified\":\"2020-04-28T05:25:58+00:00\",\"breadcrumb\":{\"@id\":\"https:\/\/bsartstudio.vn\/en\/?post_type=product&p=855#breadcrumb\"},\"inLanguage\":\"vi-VN\",\"potentialAction\":[{\"@type\":\"ReadAction\",\"target\":[\"https:\/\/bsartstudio.vn\/en\/?post_type=product&p=855\"]}]},{\"@type\":\"ImageObject\",\"inLanguage\":\"vi-VN\",\"@id\":\"https:\/\/bsartstudio.vn\/en\/?post_type=product&p=855#primaryimage\",\"url\":\"https:\/\/bsartstudio.vn\/wp-content\/uploads\/2020\/03\/IMG_2030.jpg\",\"contentUrl\":\"https:\/\/bsartstudio.vn\/wp-content\/uploads\/2020\/03\/IMG_2030.jpg\",\"width\":1920,\"height\":2052},{\"@type\":\"BreadcrumbList\",\"@id\":\"https:\/\/bsartstudio.vn\/en\/?post_type=product&p=855#breadcrumb\",\"itemListElement\":[{\"@type\":\"ListItem\",\"position\":1,\"name\":\"Home\",\"item\":\"https:\/\/bsartstudio.vn\/en\/\"},{\"@type\":\"ListItem\",\"position\":2,\"name\":\"Shop\",\"item\":\"https:\/\/bsartstudio.vn\/en\/shop\/\"},{\"@type\":\"ListItem\",\"position\":3,\"name\":\"Ly g\u1ed1m s\u1ee9 &#8220;Chim V\u00e0ng 2&#8221;\"}]},{\"@type\":\"WebSite\",\"@id\":\"https:\/\/bsartstudio.vn\/ja\/#website\",\"url\":\"https:\/\/bsartstudio.vn\/ja\/\",\"name\":\"B\/S Art Studio\",\"description\":\"\",\"publisher\":{\"@id\":\"https:\/\/bsartstudio.vn\/ja\/#organization\"},\"potentialAction\":[{\"@type\":\"SearchAction\",\"target\":{\"@type\":\"EntryPoint\",\"urlTemplate\":\"https:\/\/bsartstudio.vn\/ja\/?s={search_term_string}\"},\"query-input\":{\"@type\":\"PropertyValueSpecification\",\"valueRequired\":true,\"valueName\":\"search_term_string\"}}],\"inLanguage\":\"vi-VN\"},{\"@type\":\"Organization\",\"@id\":\"https:\/\/bsartstudio.vn\/ja\/#organization\",\"name\":\"B\/S Art Studio\",\"url\":\"https:\/\/bsartstudio.vn\/ja\/\",\"logo\":{\"@type\":\"ImageObject\",\"inLanguage\":\"vi-VN\",\"@id\":\"https:\/\/bsartstudio.vn\/ja\/#\/schema\/logo\/image\/\",\"url\":\"https:\/\/bsartstudio.vn\/wp-content\/uploads\/2020\/03\/54526018_2272576089468053_1525084505319145472_n.jpg\",\"contentUrl\":\"https:\/\/bsartstudio.vn\/wp-content\/uploads\/2020\/03\/54526018_2272576089468053_1525084505319145472_n.jpg\",\"width\":958,\"height\":958,\"caption\":\"B\/S Art Studio\"},\"image\":{\"@id\":\"https:\/\/bsartstudio.vn\/ja\/#\/schema\/logo\/image\/\"}}]}<\/script>\n<!-- \/ Yoast SEO plugin. -->","yoast_head_json":{"title":"Ly g\u1ed1m s\u1ee9 \"Chim V\u00e0ng 2\" - B\/S Art Studio","robots":{"index":"index","follow":"follow","max-snippet":"max-snippet:-1","max-image-preview":"max-image-preview:large","max-video-preview":"max-video-preview:-1"},"canonical":"https:\/\/bsartstudio.vn\/en\/?post_type=product&p=855","og_locale":"vi_VN","og_type":"article","og_title":"Ly g\u1ed1m s\u1ee9 \"Chim V\u00e0ng 2\" - B\/S Art Studio","og_description":"\ud83e\udd2f C\u0103ng th\u1eb3ng trong c\u00f4ng vi\u1ec7c kh\u00f4ng ch\u1ec9 khi\u1ebfn b\u1ea1n m\u1ec7t m\u1ecfi m\u00e0 c\u00f2n \u1ea3nh h\u01b0\u1edfng l\u00e2u d\u00e0i \u0111\u1ebfn s\u1ee9c kh\u1ecfe. \ud83c\udf3f\u00a0M\u1ed9t g\u00f3c trang tr\u00ed \u0111\u1eb9p m\u1eaft tr\u00ean b\u00e0n l\u00e0m vi\u1ec7c s\u1ebd\u00a0 gi\u00fap b\u1ea1n c\u1ea3m th\u1ea5y tho\u1ea3i m\u00e1i v\u00e0 tr\u00e0n \u0111\u1ea7y n\u0103ng l\u01b0\u1ee3ng, t\u1ea1o ra nh\u1eefng \u00fd t\u01b0\u1edfng s\u00e1ng t\u1ea1o m\u1edbi \u0111\u1ec3 c\u00f4ng vi\u1ec7c \u0111\u01b0\u1ee3c c\u1ea3i thi\u1ec7n t\u1ed1t h\u01a1n. &nbsp; &nbsp; &nbsp; &nbsp; &nbsp;","og_url":"https:\/\/bsartstudio.vn\/en\/?post_type=product&p=855","og_site_name":"B\/S Art Studio","article_modified_time":"2020-04-28T05:25:58+00:00","og_image":[{"width":1920,"height":2052,"url":"https:\/\/bsartstudio.vn\/wp-content\/uploads\/2020\/03\/IMG_2030.jpg","type":"image\/jpeg"}],"twitter_card":"summary_large_image","schema":{"@context":"https:\/\/schema.org","@graph":[{"@type":"WebPage","@id":"https:\/\/bsartstudio.vn\/en\/?post_type=product&p=855","url":"https:\/\/bsartstudio.vn\/en\/?post_type=product&p=855","name":"Ly g\u1ed1m s\u1ee9 \"Chim V\u00e0ng 2\" - B\/S Art Studio","isPartOf":{"@id":"https:\/\/bsartstudio.vn\/ja\/#website"},"primaryImageOfPage":{"@id":"https:\/\/bsartstudio.vn\/en\/?post_type=product&p=855#primaryimage"},"image":{"@id":"https:\/\/bsartstudio.vn\/en\/?post_type=product&p=855#primaryimage"},"thumbnailUrl":"https:\/\/bsartstudio.vn\/wp-content\/uploads\/2020\/03\/IMG_2030.jpg","datePublished":"2020-03-23T09:26:27+00:00","dateModified":"2020-04-28T05:25:58+00:00","breadcrumb":{"@id":"https:\/\/bsartstudio.vn\/en\/?post_type=product&p=855#breadcrumb"},"inLanguage":"vi-VN","potentialAction":[{"@type":"ReadAction","target":["https:\/\/bsartstudio.vn\/en\/?post_type=product&p=855"]}]},{"@type":"ImageObject","inLanguage":"vi-VN","@id":"https:\/\/bsartstudio.vn\/en\/?post_type=product&p=855#primaryimage","url":"https:\/\/bsartstudio.vn\/wp-content\/uploads\/2020\/03\/IMG_2030.jpg","contentUrl":"https:\/\/bsartstudio.vn\/wp-content\/uploads\/2020\/03\/IMG_2030.jpg","width":1920,"height":2052},{"@type":"BreadcrumbList","@id":"https:\/\/bsartstudio.vn\/en\/?post_type=product&p=855#breadcrumb","itemListElement":[{"@type":"ListItem","position":1,"name":"Home","item":"https:\/\/bsartstudio.vn\/en\/"},{"@type":"ListItem","position":2,"name":"Shop","item":"https:\/\/bsartstudio.vn\/en\/shop\/"},{"@type":"ListItem","position":3,"name":"Ly g\u1ed1m s\u1ee9 &#8220;Chim V\u00e0ng 2&#8221;"}]},{"@type":"WebSite","@id":"https:\/\/bsartstudio.vn\/ja\/#website","url":"https:\/\/bsartstudio.vn\/ja\/","name":"B\/S Art Studio","description":"","publisher":{"@id":"https:\/\/bsartstudio.vn\/ja\/#organization"},"potentialAction":[{"@type":"SearchAction","target":{"@type":"EntryPoint","urlTemplate":"https:\/\/bsartstudio.vn\/ja\/?s={search_term_string}"},"query-input":{"@type":"PropertyValueSpecification","valueRequired":true,"valueName":"search_term_string"}}],"inLanguage":"vi-VN"},{"@type":"Organization","@id":"https:\/\/bsartstudio.vn\/ja\/#organization","name":"B\/S Art Studio","url":"https:\/\/bsartstudio.vn\/ja\/","logo":{"@type":"ImageObject","inLanguage":"vi-VN","@id":"https:\/\/bsartstudio.vn\/ja\/#\/schema\/logo\/image\/","url":"https:\/\/bsartstudio.vn\/wp-content\/uploads\/2020\/03\/54526018_2272576089468053_1525084505319145472_n.jpg","contentUrl":"https:\/\/bsartstudio.vn\/wp-content\/uploads\/2020\/03\/54526018_2272576089468053_1525084505319145472_n.jpg","width":958,"height":958,"caption":"B\/S Art Studio"},"image":{"@id":"https:\/\/bsartstudio.vn\/ja\/#\/schema\/logo\/image\/"}}]}},"_links":{"self":[{"href":"https:\/\/bsartstudio.vn\/vi\/wp-json\/wp\/v2\/product\/1760"}],"collection":[{"href":"https:\/\/bsartstudio.vn\/vi\/wp-json\/wp\/v2\/product"}],"about":[{"href":"https:\/\/bsartstudio.vn\/vi\/wp-json\/wp\/v2\/types\/product"}],"wp:featuredmedia":[{"embeddable":true,"href":"https:\/\/bsartstudio.vn\/vi\/wp-json\/wp\/v2\/media\/1525"}],"wp:attachment":[{"href":"https:\/\/bsartstudio.vn\/vi\/wp-json\/wp\/v2\/media?parent=1760"}],"wp:term":[{"taxonomy":"product_cat","embeddable":true,"href":"https:\/\/bsartstudio.vn\/vi\/wp-json\/wp\/v2\/product_cat?post=1760"},{"taxonomy":"product_tag","embeddable":true,"href":"https:\/\/bsartstudio.vn\/vi\/wp-json\/wp\/v2\/product_tag?post=1760"}],"curies":[{"name":"wp","href":"https:\/\/api.w.org\/{rel}","templated":true}]}}