{"id":1712,"date":"2020-03-24T18:58:44","date_gmt":"2020-03-24T11:58:44","guid":{"rendered":"https:\/\/bsartstudio.vn\/products\/non-la-hoa-dao\/"},"modified":"2025-11-27T12:51:01","modified_gmt":"2025-11-27T05:51:01","slug":"non-la-hoa-dao","status":"publish","type":"product","link":"https:\/\/bsartstudio.vn\/vi\/products\/non-la-hoa-dao\/","title":{"rendered":"N\u00f3n l\u00e1 &#8220;Hoa \u0110\u00e0o&#8221;"},"content":{"rendered":"<h1><span style=\"font-size: 18pt; color: #000000;\">N\u00f3n L\u00e1 Hoa Anh \u0110\u00e0o &#8211; N\u00f3n L\u00e1 Ngh\u1ec7 Thu\u1eadt Vi\u1ec7t Nam<\/span><\/h1>\n<p><span style=\"color: #000000;\"><span class=\"HwtZe\" lang=\"vi\"><span class=\"jCAhz ChMk0b\"><span class=\"ryNqvb\">\ud83c\udf37 N\u00f3n l\u00e1 l\u00e0 bi\u1ec3u t\u01b0\u1ee3ng v\u0103n h\u00f3a truy\u1ec1n th\u1ed1ng c\u1ee7a ng\u01b0\u1eddi Vi\u1ec7t.<\/span><\/span><\/span><\/span><\/p>\n<p><span style=\"color: #000000;\"><span class=\"HwtZe\" lang=\"vi\"><span class=\"jCAhz ChMk0b\"><span class=\"ryNqvb\"> N\u00f3n l\u00e1 t\u00f4n l\u00ean v\u1ebb \u0111\u1eb9p v\u00e0 s\u1ef1 duy\u00ean d\u00e1ng c\u1ee7a ng\u01b0\u1eddi ph\u1ee5 n\u1eef Vi\u1ec7t Nam trong t\u00e0 \u00e1o d\u00e0i.<\/span><\/span> <\/span><\/span><\/p>\n<p><span style=\"color: #000000;\"><span class=\"HwtZe\" lang=\"vi\"><span class=\"jCAhz ChMk0b\"><span class=\"ryNqvb\">N\u00f3n l\u00e1 kh\u00f4ng ch\u1ec9 l\u00e0 m\u1ed9t ph\u1ee5 ki\u1ec7n l\u00e0m \u0111\u1eb9p m\u00e0 c\u00f2n l\u00e0 m\u1ed9t t\u00e1c ph\u1ea9m ngh\u1ec7 thu\u1eadt.<\/span><\/span><\/span><\/span><\/p>\n","protected":false},"excerpt":{"rendered":"<p><span style=\"color: #000000;\">Ch\u1ea5t li\u1ec7u: L\u00e1 K\u00e8<\/span><br \/>\n<span style=\"color: #000000;\">M\u00e0u s\u1eafc: Acrylic<\/span><br \/>\n<span style=\"color: #000000;\">K\u00edch th\u01b0\u1edbc: 40 cm x 40 cm x 20 cm<\/span><\/p>\n<p><span style=\"color: #000000;\">N\u00f3n \u0111\u01b0\u1ee3c ph\u1ee7 m\u1ed9t l\u1edbp b\u1ea3o v\u1ec7, gi\u00fap gi\u1eef g\u00ecn h\u00ecnh \u1ea3nh tr\u00ean n\u00f3n l\u00e2u d\u00e0i.<\/span><\/p>\n","protected":false},"featured_media":9922,"template":"","meta":{"_et_pb_use_builder":"","_et_pb_old_content":"","_et_gb_content_width":""},"product_cat":[71,57],"product_tag":[718,719,717,716,476],"yoast_head":"<!-- This site is optimized with the Yoast SEO plugin v24.5 - https:\/\/yoast.com\/wordpress\/plugins\/seo\/ -->\n<title>N\u00f3n l\u00e1 &quot;Hoa \u0110\u00e0o&quot; - B\/S Art Studio<\/title>\n<meta name=\"description\" content=\"Cherry Blossom Conical Hat - Art design on Vietnamese conical Hat\" \/>\n<meta name=\"robots\" content=\"index, follow, max-snippet:-1, max-image-preview:large, max-video-preview:-1\" \/>\n<link rel=\"canonical\" href=\"https:\/\/bsartstudio.vn\/en\/products\/cherry-blossom-conical-hat\/\" \/>\n<meta property=\"og:locale\" content=\"vi_VN\" \/>\n<meta property=\"og:type\" content=\"article\" \/>\n<meta property=\"og:title\" content=\"N\u00f3n l\u00e1 &quot;Hoa \u0110\u00e0o&quot; - B\/S Art Studio\" \/>\n<meta property=\"og:description\" content=\"Cherry Blossom Conical Hat - Art design on Vietnamese conical Hat\" \/>\n<meta property=\"og:url\" content=\"https:\/\/bsartstudio.vn\/en\/products\/cherry-blossom-conical-hat\/\" \/>\n<meta property=\"og:site_name\" content=\"B\/S Art Studio\" \/>\n<meta property=\"article:modified_time\" content=\"2025-11-27T05:51:01+00:00\" \/>\n<meta property=\"og:image\" content=\"https:\/\/bsartstudio.vn\/wp-content\/uploads\/2020\/03\/Cherry-Blossom.jpg\" \/>\n\t<meta property=\"og:image:width\" content=\"1920\" \/>\n\t<meta property=\"og:image:height\" content=\"1920\" \/>\n\t<meta property=\"og:image:type\" content=\"image\/jpeg\" \/>\n<meta name=\"twitter:card\" content=\"summary_large_image\" \/>\n<script type=\"application\/ld+json\" class=\"yoast-schema-graph\">{\"@context\":\"https:\/\/schema.org\",\"@graph\":[{\"@type\":\"WebPage\",\"@id\":\"https:\/\/bsartstudio.vn\/en\/products\/cherry-blossom-conical-hat\/\",\"url\":\"https:\/\/bsartstudio.vn\/en\/products\/cherry-blossom-conical-hat\/\",\"name\":\"N\u00f3n l\u00e1 \\\"Hoa \u0110\u00e0o\\\" - B\/S Art Studio\",\"isPartOf\":{\"@id\":\"https:\/\/bsartstudio.vn\/ja\/#website\"},\"primaryImageOfPage\":{\"@id\":\"https:\/\/bsartstudio.vn\/en\/products\/cherry-blossom-conical-hat\/#primaryimage\"},\"image\":{\"@id\":\"https:\/\/bsartstudio.vn\/en\/products\/cherry-blossom-conical-hat\/#primaryimage\"},\"thumbnailUrl\":\"https:\/\/bsartstudio.vn\/wp-content\/uploads\/2020\/03\/Cherry-Blossom.jpg\",\"datePublished\":\"2020-03-24T11:58:44+00:00\",\"dateModified\":\"2025-11-27T05:51:01+00:00\",\"description\":\"Cherry Blossom Conical Hat - Art design on Vietnamese conical Hat\",\"breadcrumb\":{\"@id\":\"https:\/\/bsartstudio.vn\/en\/products\/cherry-blossom-conical-hat\/#breadcrumb\"},\"inLanguage\":\"vi-VN\",\"potentialAction\":[{\"@type\":\"ReadAction\",\"target\":[\"https:\/\/bsartstudio.vn\/en\/products\/cherry-blossom-conical-hat\/\"]}]},{\"@type\":\"ImageObject\",\"inLanguage\":\"vi-VN\",\"@id\":\"https:\/\/bsartstudio.vn\/en\/products\/cherry-blossom-conical-hat\/#primaryimage\",\"url\":\"https:\/\/bsartstudio.vn\/wp-content\/uploads\/2020\/03\/Cherry-Blossom.jpg\",\"contentUrl\":\"https:\/\/bsartstudio.vn\/wp-content\/uploads\/2020\/03\/Cherry-Blossom.jpg\",\"width\":1920,\"height\":1920,\"caption\":\"Cherry Blossom Conical Hat - Art design on Vietnamese conical Hat\"},{\"@type\":\"BreadcrumbList\",\"@id\":\"https:\/\/bsartstudio.vn\/en\/products\/cherry-blossom-conical-hat\/#breadcrumb\",\"itemListElement\":[{\"@type\":\"ListItem\",\"position\":1,\"name\":\"Home\",\"item\":\"https:\/\/bsartstudio.vn\/en\/\"},{\"@type\":\"ListItem\",\"position\":2,\"name\":\"Shop\",\"item\":\"https:\/\/bsartstudio.vn\/en\/shop\/\"},{\"@type\":\"ListItem\",\"position\":3,\"name\":\"N\u00f3n l\u00e1 &#8220;Hoa \u0110\u00e0o&#8221;\"}]},{\"@type\":\"WebSite\",\"@id\":\"https:\/\/bsartstudio.vn\/ja\/#website\",\"url\":\"https:\/\/bsartstudio.vn\/ja\/\",\"name\":\"B\/S Art Studio\",\"description\":\"\",\"publisher\":{\"@id\":\"https:\/\/bsartstudio.vn\/ja\/#organization\"},\"potentialAction\":[{\"@type\":\"SearchAction\",\"target\":{\"@type\":\"EntryPoint\",\"urlTemplate\":\"https:\/\/bsartstudio.vn\/ja\/?s={search_term_string}\"},\"query-input\":{\"@type\":\"PropertyValueSpecification\",\"valueRequired\":true,\"valueName\":\"search_term_string\"}}],\"inLanguage\":\"vi-VN\"},{\"@type\":\"Organization\",\"@id\":\"https:\/\/bsartstudio.vn\/ja\/#organization\",\"name\":\"B\/S Art Studio\",\"url\":\"https:\/\/bsartstudio.vn\/ja\/\",\"logo\":{\"@type\":\"ImageObject\",\"inLanguage\":\"vi-VN\",\"@id\":\"https:\/\/bsartstudio.vn\/ja\/#\/schema\/logo\/image\/\",\"url\":\"https:\/\/bsartstudio.vn\/wp-content\/uploads\/2020\/03\/54526018_2272576089468053_1525084505319145472_n.jpg\",\"contentUrl\":\"https:\/\/bsartstudio.vn\/wp-content\/uploads\/2020\/03\/54526018_2272576089468053_1525084505319145472_n.jpg\",\"width\":958,\"height\":958,\"caption\":\"B\/S Art Studio\"},\"image\":{\"@id\":\"https:\/\/bsartstudio.vn\/ja\/#\/schema\/logo\/image\/\"}}]}<\/script>\n<!-- \/ Yoast SEO plugin. -->","yoast_head_json":{"title":"N\u00f3n l\u00e1 \"Hoa \u0110\u00e0o\" - B\/S Art Studio","description":"Cherry Blossom Conical Hat - Art design on Vietnamese conical Hat","robots":{"index":"index","follow":"follow","max-snippet":"max-snippet:-1","max-image-preview":"max-image-preview:large","max-video-preview":"max-video-preview:-1"},"canonical":"https:\/\/bsartstudio.vn\/en\/products\/cherry-blossom-conical-hat\/","og_locale":"vi_VN","og_type":"article","og_title":"N\u00f3n l\u00e1 \"Hoa \u0110\u00e0o\" - B\/S Art Studio","og_description":"Cherry Blossom Conical Hat - Art design on Vietnamese conical Hat","og_url":"https:\/\/bsartstudio.vn\/en\/products\/cherry-blossom-conical-hat\/","og_site_name":"B\/S Art Studio","article_modified_time":"2025-11-27T05:51:01+00:00","og_image":[{"width":1920,"height":1920,"url":"https:\/\/bsartstudio.vn\/wp-content\/uploads\/2020\/03\/Cherry-Blossom.jpg","type":"image\/jpeg"}],"twitter_card":"summary_large_image","schema":{"@context":"https:\/\/schema.org","@graph":[{"@type":"WebPage","@id":"https:\/\/bsartstudio.vn\/en\/products\/cherry-blossom-conical-hat\/","url":"https:\/\/bsartstudio.vn\/en\/products\/cherry-blossom-conical-hat\/","name":"N\u00f3n l\u00e1 \"Hoa \u0110\u00e0o\" - B\/S Art Studio","isPartOf":{"@id":"https:\/\/bsartstudio.vn\/ja\/#website"},"primaryImageOfPage":{"@id":"https:\/\/bsartstudio.vn\/en\/products\/cherry-blossom-conical-hat\/#primaryimage"},"image":{"@id":"https:\/\/bsartstudio.vn\/en\/products\/cherry-blossom-conical-hat\/#primaryimage"},"thumbnailUrl":"https:\/\/bsartstudio.vn\/wp-content\/uploads\/2020\/03\/Cherry-Blossom.jpg","datePublished":"2020-03-24T11:58:44+00:00","dateModified":"2025-11-27T05:51:01+00:00","description":"Cherry Blossom Conical Hat - Art design on Vietnamese conical Hat","breadcrumb":{"@id":"https:\/\/bsartstudio.vn\/en\/products\/cherry-blossom-conical-hat\/#breadcrumb"},"inLanguage":"vi-VN","potentialAction":[{"@type":"ReadAction","target":["https:\/\/bsartstudio.vn\/en\/products\/cherry-blossom-conical-hat\/"]}]},{"@type":"ImageObject","inLanguage":"vi-VN","@id":"https:\/\/bsartstudio.vn\/en\/products\/cherry-blossom-conical-hat\/#primaryimage","url":"https:\/\/bsartstudio.vn\/wp-content\/uploads\/2020\/03\/Cherry-Blossom.jpg","contentUrl":"https:\/\/bsartstudio.vn\/wp-content\/uploads\/2020\/03\/Cherry-Blossom.jpg","width":1920,"height":1920,"caption":"Cherry Blossom Conical Hat - Art design on Vietnamese conical Hat"},{"@type":"BreadcrumbList","@id":"https:\/\/bsartstudio.vn\/en\/products\/cherry-blossom-conical-hat\/#breadcrumb","itemListElement":[{"@type":"ListItem","position":1,"name":"Home","item":"https:\/\/bsartstudio.vn\/en\/"},{"@type":"ListItem","position":2,"name":"Shop","item":"https:\/\/bsartstudio.vn\/en\/shop\/"},{"@type":"ListItem","position":3,"name":"N\u00f3n l\u00e1 &#8220;Hoa \u0110\u00e0o&#8221;"}]},{"@type":"WebSite","@id":"https:\/\/bsartstudio.vn\/ja\/#website","url":"https:\/\/bsartstudio.vn\/ja\/","name":"B\/S Art Studio","description":"","publisher":{"@id":"https:\/\/bsartstudio.vn\/ja\/#organization"},"potentialAction":[{"@type":"SearchAction","target":{"@type":"EntryPoint","urlTemplate":"https:\/\/bsartstudio.vn\/ja\/?s={search_term_string}"},"query-input":{"@type":"PropertyValueSpecification","valueRequired":true,"valueName":"search_term_string"}}],"inLanguage":"vi-VN"},{"@type":"Organization","@id":"https:\/\/bsartstudio.vn\/ja\/#organization","name":"B\/S Art Studio","url":"https:\/\/bsartstudio.vn\/ja\/","logo":{"@type":"ImageObject","inLanguage":"vi-VN","@id":"https:\/\/bsartstudio.vn\/ja\/#\/schema\/logo\/image\/","url":"https:\/\/bsartstudio.vn\/wp-content\/uploads\/2020\/03\/54526018_2272576089468053_1525084505319145472_n.jpg","contentUrl":"https:\/\/bsartstudio.vn\/wp-content\/uploads\/2020\/03\/54526018_2272576089468053_1525084505319145472_n.jpg","width":958,"height":958,"caption":"B\/S Art Studio"},"image":{"@id":"https:\/\/bsartstudio.vn\/ja\/#\/schema\/logo\/image\/"}}]}},"_links":{"self":[{"href":"https:\/\/bsartstudio.vn\/vi\/wp-json\/wp\/v2\/product\/1712"}],"collection":[{"href":"https:\/\/bsartstudio.vn\/vi\/wp-json\/wp\/v2\/product"}],"about":[{"href":"https:\/\/bsartstudio.vn\/vi\/wp-json\/wp\/v2\/types\/product"}],"wp:featuredmedia":[{"embeddable":true,"href":"https:\/\/bsartstudio.vn\/vi\/wp-json\/wp\/v2\/media\/9922"}],"wp:attachment":[{"href":"https:\/\/bsartstudio.vn\/vi\/wp-json\/wp\/v2\/media?parent=1712"}],"wp:term":[{"taxonomy":"product_cat","embeddable":true,"href":"https:\/\/bsartstudio.vn\/vi\/wp-json\/wp\/v2\/product_cat?post=1712"},{"taxonomy":"product_tag","embeddable":true,"href":"https:\/\/bsartstudio.vn\/vi\/wp-json\/wp\/v2\/product_tag?post=1712"}],"curies":[{"name":"wp","href":"https:\/\/api.w.org\/{rel}","templated":true}]}}