{"id":1703,"date":"2020-03-27T15:31:11","date_gmt":"2020-03-27T08:31:11","guid":{"rendered":"https:\/\/bsartstudio.vn\/products\/khan-tay-qua-hong-1\/"},"modified":"2020-04-28T12:15:45","modified_gmt":"2020-04-28T05:15:45","slug":"khan-tay-qua-hong-1","status":"publish","type":"product","link":"https:\/\/bsartstudio.vn\/vi\/products\/khan-tay-qua-hong-1\/","title":{"rendered":"Kh\u0103n tay &#8220;Qu\u1ea3 H\u1ed3ng 1&#8221;"},"content":{"rendered":"<p>Kh\u0103n tay &#8220;Qu\u1ea3 H\u1ed3ng 1&#8221;<\/p>\n<p>Ch\u1ea5t li\u1ec7u: Linen<br \/>\nM\u00e0u: Acrylic<br \/>\nK\u00edch th\u01b0\u1edbc: 30 cm x 30 cm<\/p>\n","protected":false},"excerpt":{"rendered":"<p>\ud83c\udf37Qu\u00e0 t\u1eb7ng \u0111\u1ed9c \u0111\u00e1o\ud83c\udf89<\/p>\n<p>N\u1ebfu b\u1ea1n \u0111ang t\u00ecm ki\u1ebfm m\u1ed9t m\u00f3n qu\u00e0 \u0111\u1ec3 t\u1eb7ng ng\u01b0\u1eddi th\u00e2n y\u00eau, B\/S Art Studio tin r\u1eb1ng nh\u1eefng chi\u1ebfc kh\u0103n tay v\u1edbi h\u1ecda ti\u1ebft \u0111\u1eb7c bi\u1ec7t c\u1ee7a ch\u00fang t\u00f4i s\u1ebd l\u00e0 m\u00f3n qu\u00e0 tuy\u1ec7t nh\u1ea5t.<\/p>\n<p>B\u1ed9 s\u01b0u t\u1eadp kh\u0103n tay v\u1edbi nh\u1eefng\u00a0 h\u00ecnh \u1ea3nh \u201cTr\u00e2u V\u00e0ng v\u00e0 C\u1eadu B\u00e9\u201d, \u201cTotoro c\u00f9ng n\u00f3n l\u00e1\u201d v\u00e0 nh\u1eefng h\u00ecnh \u1ea3nh vui nh\u1ed9n, \u0111\u00e1ng y\u00eau kh\u00e1c s\u1ebd mang \u0111\u1ebfn s\u1ef1 th\u00edch th\u00fa cho b\u1ea5t c\u1ee9 ai nh\u1eadn \u0111\u01b0\u1ee3c.<\/p>\n<p>Kh\u0103n tay kh\u00f4ng ch\u1ec9 l\u00e0 m\u1ed9t \u0111\u1ed3 d\u00f9ng th\u01b0\u1eddng ng\u00e0y m\u00e0 c\u00f2n l\u00e0 m\u1ed9t t\u00e1c ph\u1ea9m ngh\u1ec7 thu\u1eadt.<\/p>\n<p>&nbsp;<\/p>\n<p>&nbsp;<\/p>\n","protected":false},"featured_media":1635,"template":"","meta":{"_et_pb_use_builder":"","_et_pb_old_content":"","_et_gb_content_width":""},"product_cat":[67,72,57],"product_tag":[],"yoast_head":"<!-- This site is optimized with the Yoast SEO plugin v24.5 - https:\/\/yoast.com\/wordpress\/plugins\/seo\/ -->\n<title>Kh\u0103n tay &quot;Qu\u1ea3 H\u1ed3ng 1&quot; - B\/S Art Studio<\/title>\n<meta name=\"robots\" content=\"index, follow, max-snippet:-1, max-image-preview:large, max-video-preview:-1\" \/>\n<link rel=\"canonical\" href=\"https:\/\/bsartstudio.vn\/vi\/products\/khan-tay-qua-hong-1\/\" \/>\n<meta property=\"og:locale\" content=\"vi_VN\" \/>\n<meta property=\"og:type\" content=\"article\" \/>\n<meta property=\"og:title\" content=\"Kh\u0103n tay &quot;Qu\u1ea3 H\u1ed3ng 1&quot; - B\/S Art Studio\" \/>\n<meta property=\"og:description\" content=\"\ud83c\udf37Qu\u00e0 t\u1eb7ng \u0111\u1ed9c \u0111\u00e1o\ud83c\udf89 N\u1ebfu b\u1ea1n \u0111ang t\u00ecm ki\u1ebfm m\u1ed9t m\u00f3n qu\u00e0 \u0111\u1ec3 t\u1eb7ng ng\u01b0\u1eddi th\u00e2n y\u00eau, B\/S Art Studio tin r\u1eb1ng nh\u1eefng chi\u1ebfc kh\u0103n tay v\u1edbi h\u1ecda ti\u1ebft \u0111\u1eb7c bi\u1ec7t c\u1ee7a ch\u00fang t\u00f4i s\u1ebd l\u00e0 m\u00f3n qu\u00e0 tuy\u1ec7t nh\u1ea5t. B\u1ed9 s\u01b0u t\u1eadp kh\u0103n tay v\u1edbi nh\u1eefng\u00a0 h\u00ecnh \u1ea3nh \u201cTr\u00e2u V\u00e0ng v\u00e0 C\u1eadu B\u00e9\u201d, \u201cTotoro c\u00f9ng n\u00f3n l\u00e1\u201d v\u00e0 nh\u1eefng h\u00ecnh \u1ea3nh vui nh\u1ed9n, \u0111\u00e1ng y\u00eau kh\u00e1c s\u1ebd mang \u0111\u1ebfn s\u1ef1 th\u00edch th\u00fa cho b\u1ea5t c\u1ee9 ai nh\u1eadn \u0111\u01b0\u1ee3c. Kh\u0103n tay kh\u00f4ng ch\u1ec9 l\u00e0 m\u1ed9t \u0111\u1ed3 d\u00f9ng th\u01b0\u1eddng ng\u00e0y m\u00e0 c\u00f2n l\u00e0 m\u1ed9t t\u00e1c ph\u1ea9m ngh\u1ec7 thu\u1eadt. &nbsp; &nbsp;\" \/>\n<meta property=\"og:url\" content=\"https:\/\/bsartstudio.vn\/vi\/products\/khan-tay-qua-hong-1\/\" \/>\n<meta property=\"og:site_name\" content=\"B\/S Art Studio\" \/>\n<meta property=\"article:modified_time\" content=\"2020-04-28T05:15:45+00:00\" \/>\n<meta property=\"og:image\" content=\"https:\/\/bsartstudio.vn\/wp-content\/uploads\/2020\/03\/khan-chuot.jpg\" \/>\n\t<meta property=\"og:image:width\" content=\"1920\" \/>\n\t<meta property=\"og:image:height\" content=\"1836\" \/>\n\t<meta property=\"og:image:type\" content=\"image\/jpeg\" \/>\n<meta name=\"twitter:card\" content=\"summary_large_image\" \/>\n<script type=\"application\/ld+json\" class=\"yoast-schema-graph\">{\"@context\":\"https:\/\/schema.org\",\"@graph\":[{\"@type\":\"WebPage\",\"@id\":\"https:\/\/bsartstudio.vn\/vi\/products\/khan-tay-qua-hong-1\/\",\"url\":\"https:\/\/bsartstudio.vn\/vi\/products\/khan-tay-qua-hong-1\/\",\"name\":\"Kh\u0103n tay \\\"Qu\u1ea3 H\u1ed3ng 1\\\" - B\/S Art Studio\",\"isPartOf\":{\"@id\":\"https:\/\/bsartstudio.vn\/ja\/#website\"},\"primaryImageOfPage\":{\"@id\":\"https:\/\/bsartstudio.vn\/vi\/products\/khan-tay-qua-hong-1\/#primaryimage\"},\"image\":{\"@id\":\"https:\/\/bsartstudio.vn\/vi\/products\/khan-tay-qua-hong-1\/#primaryimage\"},\"thumbnailUrl\":\"https:\/\/bsartstudio.vn\/wp-content\/uploads\/2020\/03\/khan-chuot.jpg\",\"datePublished\":\"2020-03-27T08:31:11+00:00\",\"dateModified\":\"2020-04-28T05:15:45+00:00\",\"breadcrumb\":{\"@id\":\"https:\/\/bsartstudio.vn\/vi\/products\/khan-tay-qua-hong-1\/#breadcrumb\"},\"inLanguage\":\"vi-VN\",\"potentialAction\":[{\"@type\":\"ReadAction\",\"target\":[\"https:\/\/bsartstudio.vn\/vi\/products\/khan-tay-qua-hong-1\/\"]}]},{\"@type\":\"ImageObject\",\"inLanguage\":\"vi-VN\",\"@id\":\"https:\/\/bsartstudio.vn\/vi\/products\/khan-tay-qua-hong-1\/#primaryimage\",\"url\":\"https:\/\/bsartstudio.vn\/wp-content\/uploads\/2020\/03\/khan-chuot.jpg\",\"contentUrl\":\"https:\/\/bsartstudio.vn\/wp-content\/uploads\/2020\/03\/khan-chuot.jpg\",\"width\":1920,\"height\":1836},{\"@type\":\"BreadcrumbList\",\"@id\":\"https:\/\/bsartstudio.vn\/vi\/products\/khan-tay-qua-hong-1\/#breadcrumb\",\"itemListElement\":[{\"@type\":\"ListItem\",\"position\":1,\"name\":\"Home\",\"item\":\"https:\/\/bsartstudio.vn\/en\/\"},{\"@type\":\"ListItem\",\"position\":2,\"name\":\"Shop\",\"item\":\"https:\/\/bsartstudio.vn\/en\/shop\/\"},{\"@type\":\"ListItem\",\"position\":3,\"name\":\"Kh\u0103n tay &#8220;Qu\u1ea3 H\u1ed3ng 1&#8221;\"}]},{\"@type\":\"WebSite\",\"@id\":\"https:\/\/bsartstudio.vn\/ja\/#website\",\"url\":\"https:\/\/bsartstudio.vn\/ja\/\",\"name\":\"B\/S Art Studio\",\"description\":\"\",\"publisher\":{\"@id\":\"https:\/\/bsartstudio.vn\/ja\/#organization\"},\"potentialAction\":[{\"@type\":\"SearchAction\",\"target\":{\"@type\":\"EntryPoint\",\"urlTemplate\":\"https:\/\/bsartstudio.vn\/ja\/?s={search_term_string}\"},\"query-input\":{\"@type\":\"PropertyValueSpecification\",\"valueRequired\":true,\"valueName\":\"search_term_string\"}}],\"inLanguage\":\"vi-VN\"},{\"@type\":\"Organization\",\"@id\":\"https:\/\/bsartstudio.vn\/ja\/#organization\",\"name\":\"B\/S Art Studio\",\"url\":\"https:\/\/bsartstudio.vn\/ja\/\",\"logo\":{\"@type\":\"ImageObject\",\"inLanguage\":\"vi-VN\",\"@id\":\"https:\/\/bsartstudio.vn\/ja\/#\/schema\/logo\/image\/\",\"url\":\"https:\/\/bsartstudio.vn\/wp-content\/uploads\/2020\/03\/54526018_2272576089468053_1525084505319145472_n.jpg\",\"contentUrl\":\"https:\/\/bsartstudio.vn\/wp-content\/uploads\/2020\/03\/54526018_2272576089468053_1525084505319145472_n.jpg\",\"width\":958,\"height\":958,\"caption\":\"B\/S Art Studio\"},\"image\":{\"@id\":\"https:\/\/bsartstudio.vn\/ja\/#\/schema\/logo\/image\/\"}}]}<\/script>\n<!-- \/ Yoast SEO plugin. -->","yoast_head_json":{"title":"Kh\u0103n tay \"Qu\u1ea3 H\u1ed3ng 1\" - B\/S Art Studio","robots":{"index":"index","follow":"follow","max-snippet":"max-snippet:-1","max-image-preview":"max-image-preview:large","max-video-preview":"max-video-preview:-1"},"canonical":"https:\/\/bsartstudio.vn\/vi\/products\/khan-tay-qua-hong-1\/","og_locale":"vi_VN","og_type":"article","og_title":"Kh\u0103n tay \"Qu\u1ea3 H\u1ed3ng 1\" - B\/S Art Studio","og_description":"\ud83c\udf37Qu\u00e0 t\u1eb7ng \u0111\u1ed9c \u0111\u00e1o\ud83c\udf89 N\u1ebfu b\u1ea1n \u0111ang t\u00ecm ki\u1ebfm m\u1ed9t m\u00f3n qu\u00e0 \u0111\u1ec3 t\u1eb7ng ng\u01b0\u1eddi th\u00e2n y\u00eau, B\/S Art Studio tin r\u1eb1ng nh\u1eefng chi\u1ebfc kh\u0103n tay v\u1edbi h\u1ecda ti\u1ebft \u0111\u1eb7c bi\u1ec7t c\u1ee7a ch\u00fang t\u00f4i s\u1ebd l\u00e0 m\u00f3n qu\u00e0 tuy\u1ec7t nh\u1ea5t. B\u1ed9 s\u01b0u t\u1eadp kh\u0103n tay v\u1edbi nh\u1eefng\u00a0 h\u00ecnh \u1ea3nh \u201cTr\u00e2u V\u00e0ng v\u00e0 C\u1eadu B\u00e9\u201d, \u201cTotoro c\u00f9ng n\u00f3n l\u00e1\u201d v\u00e0 nh\u1eefng h\u00ecnh \u1ea3nh vui nh\u1ed9n, \u0111\u00e1ng y\u00eau kh\u00e1c s\u1ebd mang \u0111\u1ebfn s\u1ef1 th\u00edch th\u00fa cho b\u1ea5t c\u1ee9 ai nh\u1eadn \u0111\u01b0\u1ee3c. Kh\u0103n tay kh\u00f4ng ch\u1ec9 l\u00e0 m\u1ed9t \u0111\u1ed3 d\u00f9ng th\u01b0\u1eddng ng\u00e0y m\u00e0 c\u00f2n l\u00e0 m\u1ed9t t\u00e1c ph\u1ea9m ngh\u1ec7 thu\u1eadt. &nbsp; &nbsp;","og_url":"https:\/\/bsartstudio.vn\/vi\/products\/khan-tay-qua-hong-1\/","og_site_name":"B\/S Art Studio","article_modified_time":"2020-04-28T05:15:45+00:00","og_image":[{"width":1920,"height":1836,"url":"https:\/\/bsartstudio.vn\/wp-content\/uploads\/2020\/03\/khan-chuot.jpg","type":"image\/jpeg"}],"twitter_card":"summary_large_image","schema":{"@context":"https:\/\/schema.org","@graph":[{"@type":"WebPage","@id":"https:\/\/bsartstudio.vn\/vi\/products\/khan-tay-qua-hong-1\/","url":"https:\/\/bsartstudio.vn\/vi\/products\/khan-tay-qua-hong-1\/","name":"Kh\u0103n tay \"Qu\u1ea3 H\u1ed3ng 1\" - B\/S Art Studio","isPartOf":{"@id":"https:\/\/bsartstudio.vn\/ja\/#website"},"primaryImageOfPage":{"@id":"https:\/\/bsartstudio.vn\/vi\/products\/khan-tay-qua-hong-1\/#primaryimage"},"image":{"@id":"https:\/\/bsartstudio.vn\/vi\/products\/khan-tay-qua-hong-1\/#primaryimage"},"thumbnailUrl":"https:\/\/bsartstudio.vn\/wp-content\/uploads\/2020\/03\/khan-chuot.jpg","datePublished":"2020-03-27T08:31:11+00:00","dateModified":"2020-04-28T05:15:45+00:00","breadcrumb":{"@id":"https:\/\/bsartstudio.vn\/vi\/products\/khan-tay-qua-hong-1\/#breadcrumb"},"inLanguage":"vi-VN","potentialAction":[{"@type":"ReadAction","target":["https:\/\/bsartstudio.vn\/vi\/products\/khan-tay-qua-hong-1\/"]}]},{"@type":"ImageObject","inLanguage":"vi-VN","@id":"https:\/\/bsartstudio.vn\/vi\/products\/khan-tay-qua-hong-1\/#primaryimage","url":"https:\/\/bsartstudio.vn\/wp-content\/uploads\/2020\/03\/khan-chuot.jpg","contentUrl":"https:\/\/bsartstudio.vn\/wp-content\/uploads\/2020\/03\/khan-chuot.jpg","width":1920,"height":1836},{"@type":"BreadcrumbList","@id":"https:\/\/bsartstudio.vn\/vi\/products\/khan-tay-qua-hong-1\/#breadcrumb","itemListElement":[{"@type":"ListItem","position":1,"name":"Home","item":"https:\/\/bsartstudio.vn\/en\/"},{"@type":"ListItem","position":2,"name":"Shop","item":"https:\/\/bsartstudio.vn\/en\/shop\/"},{"@type":"ListItem","position":3,"name":"Kh\u0103n tay &#8220;Qu\u1ea3 H\u1ed3ng 1&#8221;"}]},{"@type":"WebSite","@id":"https:\/\/bsartstudio.vn\/ja\/#website","url":"https:\/\/bsartstudio.vn\/ja\/","name":"B\/S Art Studio","description":"","publisher":{"@id":"https:\/\/bsartstudio.vn\/ja\/#organization"},"potentialAction":[{"@type":"SearchAction","target":{"@type":"EntryPoint","urlTemplate":"https:\/\/bsartstudio.vn\/ja\/?s={search_term_string}"},"query-input":{"@type":"PropertyValueSpecification","valueRequired":true,"valueName":"search_term_string"}}],"inLanguage":"vi-VN"},{"@type":"Organization","@id":"https:\/\/bsartstudio.vn\/ja\/#organization","name":"B\/S Art Studio","url":"https:\/\/bsartstudio.vn\/ja\/","logo":{"@type":"ImageObject","inLanguage":"vi-VN","@id":"https:\/\/bsartstudio.vn\/ja\/#\/schema\/logo\/image\/","url":"https:\/\/bsartstudio.vn\/wp-content\/uploads\/2020\/03\/54526018_2272576089468053_1525084505319145472_n.jpg","contentUrl":"https:\/\/bsartstudio.vn\/wp-content\/uploads\/2020\/03\/54526018_2272576089468053_1525084505319145472_n.jpg","width":958,"height":958,"caption":"B\/S Art Studio"},"image":{"@id":"https:\/\/bsartstudio.vn\/ja\/#\/schema\/logo\/image\/"}}]}},"_links":{"self":[{"href":"https:\/\/bsartstudio.vn\/vi\/wp-json\/wp\/v2\/product\/1703"}],"collection":[{"href":"https:\/\/bsartstudio.vn\/vi\/wp-json\/wp\/v2\/product"}],"about":[{"href":"https:\/\/bsartstudio.vn\/vi\/wp-json\/wp\/v2\/types\/product"}],"wp:featuredmedia":[{"embeddable":true,"href":"https:\/\/bsartstudio.vn\/vi\/wp-json\/wp\/v2\/media\/1635"}],"wp:attachment":[{"href":"https:\/\/bsartstudio.vn\/vi\/wp-json\/wp\/v2\/media?parent=1703"}],"wp:term":[{"taxonomy":"product_cat","embeddable":true,"href":"https:\/\/bsartstudio.vn\/vi\/wp-json\/wp\/v2\/product_cat?post=1703"},{"taxonomy":"product_tag","embeddable":true,"href":"https:\/\/bsartstudio.vn\/vi\/wp-json\/wp\/v2\/product_tag?post=1703"}],"curies":[{"name":"wp","href":"https:\/\/api.w.org\/{rel}","templated":true}]}}