{"id":1060,"date":"2020-03-29T13:12:47","date_gmt":"2020-03-29T06:12:47","guid":{"rendered":"https:\/\/bsartstudio.vn\/products\/tui-loi-noi-cua-thien-nhien\/"},"modified":"2020-04-28T11:54:36","modified_gmt":"2020-04-28T04:54:36","slug":"tui-loi-noi-cua-thien-nhien","status":"publish","type":"product","link":"https:\/\/bsartstudio.vn\/vi\/products\/tui-loi-noi-cua-thien-nhien\/","title":{"rendered":"T\u00fai &#8220;L\u1eddi N\u00f3i c\u1ee7a Thi\u00ean Nhi\u00ean&#8221;"},"content":{"rendered":"<p>\ud83e\udd8b T\u00fai &#8220;L\u1eddi N\u00f3i c\u1ee7a Thi\u00ean Nhi\u00ean&#8221;<\/p>\n<p>Ch\u1ea5t li\u1ec7u: T\u00fai v\u1ea3i Tote<br \/>\nM\u00e0u: Acrylic, Artline<br \/>\nK\u00edch th\u01b0\u1edbc: 20 cm x 16 cm<\/p>\n<p>S\u1ea3n ph\u1ea9m n\u1eb1m trong b\u1ed9 s\u01b0u t\u1eadp &#8220;L\u1eddi n\u00f3i c\u1ee7a thi\u00ean nhi\u00ean&#8221;<\/p>\n","protected":false},"excerpt":{"rendered":"<p>\ud83e\udd8b S\u1ea3n ph\u1ea9m \u0111\u01b0\u1ee3c v\u1ebd tay v\u00e0 ch\u1ec9 c\u00f3 m\u1ed9t s\u1ea3n ph\u1ea9m duy nh\u1ea5t, kh\u00f4ng tr\u00f9ng l\u1eb7p h\u00ecnh \u1ea3nh thi\u1ebft k\u1ebf.<\/p>\n<p>T\u00fai th\u00edch h\u1ee3p \u0111\u1ec3 b\u1ea1n l\u00e0m qu\u00e0 t\u1eb7ng cho b\u1ea1n b\u00e8, ng\u01b0\u1eddi th\u00e2n. T\u00fai c\u00f3 k\u00edch th\u01b0\u1edbc ph\u00f9 h\u1ee3p \u0111\u1ec3 \u0111\u1ef1ng s\u00e1ch v\u1edf v\u00e0 c\u00e1c \u0111\u1ed3 d\u00f9ng kh\u00e1c m\u1ed9t c\u00e1ch tho\u1ea3i m\u00e1i.<\/p>\n","protected":false},"featured_media":1061,"template":"","meta":{"_et_pb_use_builder":"","_et_pb_old_content":"","_et_gb_content_width":""},"product_cat":[66,72,57],"product_tag":[],"yoast_head":"<!-- This site is optimized with the Yoast SEO plugin v24.5 - https:\/\/yoast.com\/wordpress\/plugins\/seo\/ -->\n<title>T\u00fai &quot;L\u1eddi N\u00f3i c\u1ee7a Thi\u00ean Nhi\u00ean&quot; - B\/S Art Studio<\/title>\n<meta name=\"robots\" content=\"index, follow, max-snippet:-1, max-image-preview:large, max-video-preview:-1\" \/>\n<link rel=\"canonical\" href=\"https:\/\/bsartstudio.vn\/vi\/products\/tui-loi-noi-cua-thien-nhien\/\" \/>\n<meta property=\"og:locale\" content=\"vi_VN\" \/>\n<meta property=\"og:type\" content=\"article\" \/>\n<meta property=\"og:title\" content=\"T\u00fai &quot;L\u1eddi N\u00f3i c\u1ee7a Thi\u00ean Nhi\u00ean&quot; - B\/S Art Studio\" \/>\n<meta property=\"og:description\" content=\"\ud83e\udd8b S\u1ea3n ph\u1ea9m \u0111\u01b0\u1ee3c v\u1ebd tay v\u00e0 ch\u1ec9 c\u00f3 m\u1ed9t s\u1ea3n ph\u1ea9m duy nh\u1ea5t, kh\u00f4ng tr\u00f9ng l\u1eb7p h\u00ecnh \u1ea3nh thi\u1ebft k\u1ebf. T\u00fai th\u00edch h\u1ee3p \u0111\u1ec3 b\u1ea1n l\u00e0m qu\u00e0 t\u1eb7ng cho b\u1ea1n b\u00e8, ng\u01b0\u1eddi th\u00e2n. T\u00fai c\u00f3 k\u00edch th\u01b0\u1edbc ph\u00f9 h\u1ee3p \u0111\u1ec3 \u0111\u1ef1ng s\u00e1ch v\u1edf v\u00e0 c\u00e1c \u0111\u1ed3 d\u00f9ng kh\u00e1c m\u1ed9t c\u00e1ch tho\u1ea3i m\u00e1i.\" \/>\n<meta property=\"og:url\" content=\"https:\/\/bsartstudio.vn\/vi\/products\/tui-loi-noi-cua-thien-nhien\/\" \/>\n<meta property=\"og:site_name\" content=\"B\/S Art Studio\" \/>\n<meta property=\"article:modified_time\" content=\"2020-04-28T04:54:36+00:00\" \/>\n<meta property=\"og:image\" content=\"https:\/\/bsartstudio.vn\/wp-content\/uploads\/2020\/03\/t\u00fai-b\u01b0\u1edbm-1.jpg\" \/>\n\t<meta property=\"og:image:width\" content=\"1920\" \/>\n\t<meta property=\"og:image:height\" content=\"2103\" \/>\n\t<meta property=\"og:image:type\" content=\"image\/jpeg\" \/>\n<meta name=\"twitter:card\" content=\"summary_large_image\" \/>\n<script type=\"application\/ld+json\" class=\"yoast-schema-graph\">{\"@context\":\"https:\/\/schema.org\",\"@graph\":[{\"@type\":\"WebPage\",\"@id\":\"https:\/\/bsartstudio.vn\/vi\/products\/tui-loi-noi-cua-thien-nhien\/\",\"url\":\"https:\/\/bsartstudio.vn\/vi\/products\/tui-loi-noi-cua-thien-nhien\/\",\"name\":\"T\u00fai \\\"L\u1eddi N\u00f3i c\u1ee7a Thi\u00ean Nhi\u00ean\\\" - B\/S Art Studio\",\"isPartOf\":{\"@id\":\"https:\/\/bsartstudio.vn\/ja\/#website\"},\"primaryImageOfPage\":{\"@id\":\"https:\/\/bsartstudio.vn\/vi\/products\/tui-loi-noi-cua-thien-nhien\/#primaryimage\"},\"image\":{\"@id\":\"https:\/\/bsartstudio.vn\/vi\/products\/tui-loi-noi-cua-thien-nhien\/#primaryimage\"},\"thumbnailUrl\":\"https:\/\/bsartstudio.vn\/wp-content\/uploads\/2020\/03\/t\u00fai-b\u01b0\u1edbm-1.jpg\",\"datePublished\":\"2020-03-29T06:12:47+00:00\",\"dateModified\":\"2020-04-28T04:54:36+00:00\",\"breadcrumb\":{\"@id\":\"https:\/\/bsartstudio.vn\/vi\/products\/tui-loi-noi-cua-thien-nhien\/#breadcrumb\"},\"inLanguage\":\"vi-VN\",\"potentialAction\":[{\"@type\":\"ReadAction\",\"target\":[\"https:\/\/bsartstudio.vn\/vi\/products\/tui-loi-noi-cua-thien-nhien\/\"]}]},{\"@type\":\"ImageObject\",\"inLanguage\":\"vi-VN\",\"@id\":\"https:\/\/bsartstudio.vn\/vi\/products\/tui-loi-noi-cua-thien-nhien\/#primaryimage\",\"url\":\"https:\/\/bsartstudio.vn\/wp-content\/uploads\/2020\/03\/t\u00fai-b\u01b0\u1edbm-1.jpg\",\"contentUrl\":\"https:\/\/bsartstudio.vn\/wp-content\/uploads\/2020\/03\/t\u00fai-b\u01b0\u1edbm-1.jpg\",\"width\":1920,\"height\":2103},{\"@type\":\"BreadcrumbList\",\"@id\":\"https:\/\/bsartstudio.vn\/vi\/products\/tui-loi-noi-cua-thien-nhien\/#breadcrumb\",\"itemListElement\":[{\"@type\":\"ListItem\",\"position\":1,\"name\":\"Home\",\"item\":\"https:\/\/bsartstudio.vn\/en\/\"},{\"@type\":\"ListItem\",\"position\":2,\"name\":\"Shop\",\"item\":\"https:\/\/bsartstudio.vn\/en\/shop\/\"},{\"@type\":\"ListItem\",\"position\":3,\"name\":\"T\u00fai &#8220;L\u1eddi N\u00f3i c\u1ee7a Thi\u00ean Nhi\u00ean&#8221;\"}]},{\"@type\":\"WebSite\",\"@id\":\"https:\/\/bsartstudio.vn\/ja\/#website\",\"url\":\"https:\/\/bsartstudio.vn\/ja\/\",\"name\":\"B\/S Art Studio\",\"description\":\"\",\"publisher\":{\"@id\":\"https:\/\/bsartstudio.vn\/ja\/#organization\"},\"potentialAction\":[{\"@type\":\"SearchAction\",\"target\":{\"@type\":\"EntryPoint\",\"urlTemplate\":\"https:\/\/bsartstudio.vn\/ja\/?s={search_term_string}\"},\"query-input\":{\"@type\":\"PropertyValueSpecification\",\"valueRequired\":true,\"valueName\":\"search_term_string\"}}],\"inLanguage\":\"vi-VN\"},{\"@type\":\"Organization\",\"@id\":\"https:\/\/bsartstudio.vn\/ja\/#organization\",\"name\":\"B\/S Art Studio\",\"url\":\"https:\/\/bsartstudio.vn\/ja\/\",\"logo\":{\"@type\":\"ImageObject\",\"inLanguage\":\"vi-VN\",\"@id\":\"https:\/\/bsartstudio.vn\/ja\/#\/schema\/logo\/image\/\",\"url\":\"https:\/\/bsartstudio.vn\/wp-content\/uploads\/2020\/03\/54526018_2272576089468053_1525084505319145472_n.jpg\",\"contentUrl\":\"https:\/\/bsartstudio.vn\/wp-content\/uploads\/2020\/03\/54526018_2272576089468053_1525084505319145472_n.jpg\",\"width\":958,\"height\":958,\"caption\":\"B\/S Art Studio\"},\"image\":{\"@id\":\"https:\/\/bsartstudio.vn\/ja\/#\/schema\/logo\/image\/\"}}]}<\/script>\n<!-- \/ Yoast SEO plugin. -->","yoast_head_json":{"title":"T\u00fai \"L\u1eddi N\u00f3i c\u1ee7a Thi\u00ean Nhi\u00ean\" - B\/S Art Studio","robots":{"index":"index","follow":"follow","max-snippet":"max-snippet:-1","max-image-preview":"max-image-preview:large","max-video-preview":"max-video-preview:-1"},"canonical":"https:\/\/bsartstudio.vn\/vi\/products\/tui-loi-noi-cua-thien-nhien\/","og_locale":"vi_VN","og_type":"article","og_title":"T\u00fai \"L\u1eddi N\u00f3i c\u1ee7a Thi\u00ean Nhi\u00ean\" - B\/S Art Studio","og_description":"\ud83e\udd8b S\u1ea3n ph\u1ea9m \u0111\u01b0\u1ee3c v\u1ebd tay v\u00e0 ch\u1ec9 c\u00f3 m\u1ed9t s\u1ea3n ph\u1ea9m duy nh\u1ea5t, kh\u00f4ng tr\u00f9ng l\u1eb7p h\u00ecnh \u1ea3nh thi\u1ebft k\u1ebf. T\u00fai th\u00edch h\u1ee3p \u0111\u1ec3 b\u1ea1n l\u00e0m qu\u00e0 t\u1eb7ng cho b\u1ea1n b\u00e8, ng\u01b0\u1eddi th\u00e2n. T\u00fai c\u00f3 k\u00edch th\u01b0\u1edbc ph\u00f9 h\u1ee3p \u0111\u1ec3 \u0111\u1ef1ng s\u00e1ch v\u1edf v\u00e0 c\u00e1c \u0111\u1ed3 d\u00f9ng kh\u00e1c m\u1ed9t c\u00e1ch tho\u1ea3i m\u00e1i.","og_url":"https:\/\/bsartstudio.vn\/vi\/products\/tui-loi-noi-cua-thien-nhien\/","og_site_name":"B\/S Art Studio","article_modified_time":"2020-04-28T04:54:36+00:00","og_image":[{"width":1920,"height":2103,"url":"https:\/\/bsartstudio.vn\/wp-content\/uploads\/2020\/03\/t\u00fai-b\u01b0\u1edbm-1.jpg","type":"image\/jpeg"}],"twitter_card":"summary_large_image","schema":{"@context":"https:\/\/schema.org","@graph":[{"@type":"WebPage","@id":"https:\/\/bsartstudio.vn\/vi\/products\/tui-loi-noi-cua-thien-nhien\/","url":"https:\/\/bsartstudio.vn\/vi\/products\/tui-loi-noi-cua-thien-nhien\/","name":"T\u00fai \"L\u1eddi N\u00f3i c\u1ee7a Thi\u00ean Nhi\u00ean\" - B\/S Art Studio","isPartOf":{"@id":"https:\/\/bsartstudio.vn\/ja\/#website"},"primaryImageOfPage":{"@id":"https:\/\/bsartstudio.vn\/vi\/products\/tui-loi-noi-cua-thien-nhien\/#primaryimage"},"image":{"@id":"https:\/\/bsartstudio.vn\/vi\/products\/tui-loi-noi-cua-thien-nhien\/#primaryimage"},"thumbnailUrl":"https:\/\/bsartstudio.vn\/wp-content\/uploads\/2020\/03\/t\u00fai-b\u01b0\u1edbm-1.jpg","datePublished":"2020-03-29T06:12:47+00:00","dateModified":"2020-04-28T04:54:36+00:00","breadcrumb":{"@id":"https:\/\/bsartstudio.vn\/vi\/products\/tui-loi-noi-cua-thien-nhien\/#breadcrumb"},"inLanguage":"vi-VN","potentialAction":[{"@type":"ReadAction","target":["https:\/\/bsartstudio.vn\/vi\/products\/tui-loi-noi-cua-thien-nhien\/"]}]},{"@type":"ImageObject","inLanguage":"vi-VN","@id":"https:\/\/bsartstudio.vn\/vi\/products\/tui-loi-noi-cua-thien-nhien\/#primaryimage","url":"https:\/\/bsartstudio.vn\/wp-content\/uploads\/2020\/03\/t\u00fai-b\u01b0\u1edbm-1.jpg","contentUrl":"https:\/\/bsartstudio.vn\/wp-content\/uploads\/2020\/03\/t\u00fai-b\u01b0\u1edbm-1.jpg","width":1920,"height":2103},{"@type":"BreadcrumbList","@id":"https:\/\/bsartstudio.vn\/vi\/products\/tui-loi-noi-cua-thien-nhien\/#breadcrumb","itemListElement":[{"@type":"ListItem","position":1,"name":"Home","item":"https:\/\/bsartstudio.vn\/en\/"},{"@type":"ListItem","position":2,"name":"Shop","item":"https:\/\/bsartstudio.vn\/en\/shop\/"},{"@type":"ListItem","position":3,"name":"T\u00fai &#8220;L\u1eddi N\u00f3i c\u1ee7a Thi\u00ean Nhi\u00ean&#8221;"}]},{"@type":"WebSite","@id":"https:\/\/bsartstudio.vn\/ja\/#website","url":"https:\/\/bsartstudio.vn\/ja\/","name":"B\/S Art Studio","description":"","publisher":{"@id":"https:\/\/bsartstudio.vn\/ja\/#organization"},"potentialAction":[{"@type":"SearchAction","target":{"@type":"EntryPoint","urlTemplate":"https:\/\/bsartstudio.vn\/ja\/?s={search_term_string}"},"query-input":{"@type":"PropertyValueSpecification","valueRequired":true,"valueName":"search_term_string"}}],"inLanguage":"vi-VN"},{"@type":"Organization","@id":"https:\/\/bsartstudio.vn\/ja\/#organization","name":"B\/S Art Studio","url":"https:\/\/bsartstudio.vn\/ja\/","logo":{"@type":"ImageObject","inLanguage":"vi-VN","@id":"https:\/\/bsartstudio.vn\/ja\/#\/schema\/logo\/image\/","url":"https:\/\/bsartstudio.vn\/wp-content\/uploads\/2020\/03\/54526018_2272576089468053_1525084505319145472_n.jpg","contentUrl":"https:\/\/bsartstudio.vn\/wp-content\/uploads\/2020\/03\/54526018_2272576089468053_1525084505319145472_n.jpg","width":958,"height":958,"caption":"B\/S Art Studio"},"image":{"@id":"https:\/\/bsartstudio.vn\/ja\/#\/schema\/logo\/image\/"}}]}},"_links":{"self":[{"href":"https:\/\/bsartstudio.vn\/vi\/wp-json\/wp\/v2\/product\/1060"}],"collection":[{"href":"https:\/\/bsartstudio.vn\/vi\/wp-json\/wp\/v2\/product"}],"about":[{"href":"https:\/\/bsartstudio.vn\/vi\/wp-json\/wp\/v2\/types\/product"}],"wp:featuredmedia":[{"embeddable":true,"href":"https:\/\/bsartstudio.vn\/vi\/wp-json\/wp\/v2\/media\/1061"}],"wp:attachment":[{"href":"https:\/\/bsartstudio.vn\/vi\/wp-json\/wp\/v2\/media?parent=1060"}],"wp:term":[{"taxonomy":"product_cat","embeddable":true,"href":"https:\/\/bsartstudio.vn\/vi\/wp-json\/wp\/v2\/product_cat?post=1060"},{"taxonomy":"product_tag","embeddable":true,"href":"https:\/\/bsartstudio.vn\/vi\/wp-json\/wp\/v2\/product_tag?post=1060"}],"curies":[{"name":"wp","href":"https:\/\/api.w.org\/{rel}","templated":true}]}}