{"id":1054,"date":"2020-03-29T15:32:22","date_gmt":"2020-03-29T08:32:22","guid":{"rendered":"https:\/\/bsartstudio.vn\/products\/giay-ve-hoa-tiet-dong-ho\/"},"modified":"2020-04-28T11:50:24","modified_gmt":"2020-04-28T04:50:24","slug":"giay-ve-hoa-tiet-dong-ho","status":"publish","type":"product","link":"https:\/\/bsartstudio.vn\/vi\/products\/giay-ve-hoa-tiet-dong-ho\/","title":{"rendered":"Gi\u00e0y v\u1ebd h\u1ecda ti\u1ebft &#8220;\u0110\u00f4ng H\u1ed3&#8221;"},"content":{"rendered":"<p>Gi\u00e0y v\u1ebd h\u1ecda ti\u1ebft &#8220;\u0110\u00f4ng H\u1ed3&#8221;<\/p>\n<p>Ch\u1ea5t li\u1ec7u: Gi\u00e0y hi\u1ec7u Ananas<\/p>\n<p>M\u00e0u: Acrylic, Artline<\/p>\n<p>Size: 37<\/p>\n<p><span style=\"font-family: 'Segoe UI',sans-serif; color: #222222; background: white;\">C\u00e1ch gi\u1eb7t: Ch\u00fang t\u00f4i s\u1eed d\u1ee5ng m\u00e0u acrylic v\u00e0 artline c\u00f3 th\u1ec3 ch\u1ed1ng n\u01b0\u1edbc, v\u00ec v\u1eady b\u1ea1n c\u00f3 th\u1ec3 mang gi\u00e0y trong nh\u1eefng ng\u00e0y m\u01b0a ho\u1eb7c gi\u1eb7t b\u1eb1ng kh\u0103n \u01b0\u1edbt v\u00e0 ch\u1ea5t t\u1ea9y r\u1eeda th\u00f4ng th\u01b0\u1eddng, nh\u01b0ng vui l\u00f2ng kh\u00f4ng ch\u00e0 m\u1ea1nh ho\u1eb7c s\u1eed d\u1ee5ng b\u1ea5t k\u1ef3 ch\u1ea5t t\u1ea9y n\u00e0o, kh\u00f4ng n\u00ean gi\u1eb7t m\u00e1y. Gi\u1eef gi\u00e0y tr\u00e1nh xa nhi\u1ec7t \u0111\u1ed9 cao ho\u1eb7c \u00e1nh s\u00e1ng m\u1eb7t tr\u1eddi trong th\u1eddi gian d\u00e0i.<\/span><\/p>\n","protected":false},"excerpt":{"rendered":"<p>\u201c\u0110\u00f4ng H\u1ed3\u201d l\u00e0 m\u1ed9t ngh\u1ec7 thu\u1eadt d\u00e2n gian l\u00e2u \u0111\u1eddi \u1edf Vi\u1ec7t Nam, nh\u1eefng h\u1ecda ti\u1ebft \u0110\u00f4ng H\u1ed3 th\u01b0\u1eddng c\u00f3 \u00fd ngh\u0129a v\u1ec1 m\u1ed9t cu\u1ed9c s\u1ed1ng \u0111\u01a1n gi\u1ea3n v\u00e0 h\u1ea1nh ph\u00fac. Heo l\u00e0 m\u1ed9t bi\u1ec3u t\u01b0\u1ee3ng cho s\u1ef1 \u1ea5m no, sung t\u00fac. S\u1ef1 k\u1ebft h\u1ee3p gi\u1eefa nh\u1eefng hoa v\u0103n \u0110\u00f4ng H\u1ed3 v\u00e0 Heo mang \u0111\u1ebfn s\u1ef1 c\u1ea7u ch\u00fac t\u1ed1t l\u00e0nh.<\/p>\n<p>Ng\u00e0y nay, tranh \u0110\u00f4ng H\u1ed3 \u0111ang d\u1ea7n bi\u1ebfn m\u1ea5t trong c\u00e1c gia \u0111\u00ecnh Vi\u1ec7t Nam v\u00e0o d\u1ecbp T\u1ebft. B\/S Art Studio \u0111\u00e3 v\u00e0 \u0111ang c\u1ed1 g\u1eafng mang \u0111\u1ebfn m\u1ed9t h\u01a1i th\u1edf m\u1edbi cho d\u00f2ng tranh \u0110\u00f4ng H\u1ed3 b\u1eb1ng c\u00e1ch k\u1ebft h\u1ee3p phong c\u00e1ch \u0110\u00f4ng H\u1ed3 v\u1edbi Doodle Art (nh\u1eefng h\u1ecda ti\u1ebft \u0111\u01a1n gi\u1ea3n \u0111\u01b0\u1ee3c t\u1ea1o ra m\u1ed9t c\u00e1ch ng\u1eabu h\u1ee9ng), ch\u1eb3ng h\u1ea1n nh\u01b0 s\u1ef1 k\u1ebft h\u1ee3p gi\u1eefa hoa v\u0103n \u0110\u00f4ng H\u1ed3 v\u00e0 12 con gi\u00e1p d\u1ef1a tr\u00ean l\u1ecbch \u00e2m c\u1ee7a Vi\u1ec7t Nam, v\u1edbi mong mu\u1ed1n c\u00f3 th\u1ec3 mang ngh\u1ec7 thu\u1eadt truy\u1ec1n th\u1ed1ng \u0111\u1ebfn g\u1ea7n ng\u01b0\u1eddi tr\u1ebb Vi\u1ec7t h\u01a1n.<\/p>\n","protected":false},"featured_media":1058,"template":"","meta":{"_et_pb_use_builder":"","_et_pb_old_content":"","_et_gb_content_width":""},"product_cat":[58,57],"product_tag":[],"yoast_head":"<!-- This site is optimized with the Yoast SEO plugin v24.5 - https:\/\/yoast.com\/wordpress\/plugins\/seo\/ -->\n<title>Gi\u00e0y v\u1ebd h\u1ecda ti\u1ebft &quot;\u0110\u00f4ng H\u1ed3&quot; - B\/S Art Studio<\/title>\n<meta name=\"robots\" content=\"index, follow, max-snippet:-1, max-image-preview:large, max-video-preview:-1\" \/>\n<link rel=\"canonical\" href=\"https:\/\/bsartstudio.vn\/vi\/products\/giay-ve-hoa-tiet-dong-ho\/\" \/>\n<meta property=\"og:locale\" content=\"vi_VN\" \/>\n<meta property=\"og:type\" content=\"article\" \/>\n<meta property=\"og:title\" content=\"Gi\u00e0y v\u1ebd h\u1ecda ti\u1ebft &quot;\u0110\u00f4ng H\u1ed3&quot; - B\/S Art Studio\" \/>\n<meta property=\"og:description\" content=\"\u201c\u0110\u00f4ng H\u1ed3\u201d l\u00e0 m\u1ed9t ngh\u1ec7 thu\u1eadt d\u00e2n gian l\u00e2u \u0111\u1eddi \u1edf Vi\u1ec7t Nam, nh\u1eefng h\u1ecda ti\u1ebft \u0110\u00f4ng H\u1ed3 th\u01b0\u1eddng c\u00f3 \u00fd ngh\u0129a v\u1ec1 m\u1ed9t cu\u1ed9c s\u1ed1ng \u0111\u01a1n gi\u1ea3n v\u00e0 h\u1ea1nh ph\u00fac. Heo l\u00e0 m\u1ed9t bi\u1ec3u t\u01b0\u1ee3ng cho s\u1ef1 \u1ea5m no, sung t\u00fac. S\u1ef1 k\u1ebft h\u1ee3p gi\u1eefa nh\u1eefng hoa v\u0103n \u0110\u00f4ng H\u1ed3 v\u00e0 Heo mang \u0111\u1ebfn s\u1ef1 c\u1ea7u ch\u00fac t\u1ed1t l\u00e0nh. Ng\u00e0y nay, tranh \u0110\u00f4ng H\u1ed3 \u0111ang d\u1ea7n bi\u1ebfn m\u1ea5t trong c\u00e1c gia \u0111\u00ecnh Vi\u1ec7t Nam v\u00e0o d\u1ecbp T\u1ebft. B\/S Art Studio \u0111\u00e3 v\u00e0 \u0111ang c\u1ed1 g\u1eafng mang \u0111\u1ebfn m\u1ed9t h\u01a1i th\u1edf m\u1edbi cho d\u00f2ng tranh \u0110\u00f4ng H\u1ed3 b\u1eb1ng c\u00e1ch k\u1ebft h\u1ee3p phong c\u00e1ch \u0110\u00f4ng H\u1ed3 v\u1edbi Doodle Art (nh\u1eefng h\u1ecda ti\u1ebft \u0111\u01a1n gi\u1ea3n \u0111\u01b0\u1ee3c t\u1ea1o ra m\u1ed9t c\u00e1ch ng\u1eabu h\u1ee9ng), ch\u1eb3ng h\u1ea1n nh\u01b0 s\u1ef1 k\u1ebft h\u1ee3p gi\u1eefa hoa v\u0103n \u0110\u00f4ng H\u1ed3 v\u00e0 12 con gi\u00e1p d\u1ef1a tr\u00ean l\u1ecbch \u00e2m c\u1ee7a Vi\u1ec7t Nam, v\u1edbi mong mu\u1ed1n c\u00f3 th\u1ec3 mang ngh\u1ec7 thu\u1eadt truy\u1ec1n th\u1ed1ng \u0111\u1ebfn g\u1ea7n ng\u01b0\u1eddi tr\u1ebb Vi\u1ec7t h\u01a1n.\" \/>\n<meta property=\"og:url\" content=\"https:\/\/bsartstudio.vn\/vi\/products\/giay-ve-hoa-tiet-dong-ho\/\" \/>\n<meta property=\"og:site_name\" content=\"B\/S Art Studio\" \/>\n<meta property=\"article:modified_time\" content=\"2020-04-28T04:50:24+00:00\" \/>\n<meta property=\"og:image\" content=\"https:\/\/bsartstudio.vn\/wp-content\/uploads\/2020\/03\/gi\u00e0y-\u0111\u00f4ng-h\u1ed3-v\u00e0ng-4.jpg\" \/>\n\t<meta property=\"og:image:width\" content=\"1920\" \/>\n\t<meta property=\"og:image:height\" content=\"1560\" \/>\n\t<meta property=\"og:image:type\" content=\"image\/jpeg\" \/>\n<meta name=\"twitter:card\" content=\"summary_large_image\" \/>\n<meta name=\"twitter:label1\" content=\"Est. reading time\" \/>\n\t<meta name=\"twitter:data1\" content=\"1 minute\" \/>\n<script type=\"application\/ld+json\" class=\"yoast-schema-graph\">{\"@context\":\"https:\/\/schema.org\",\"@graph\":[{\"@type\":\"WebPage\",\"@id\":\"https:\/\/bsartstudio.vn\/vi\/products\/giay-ve-hoa-tiet-dong-ho\/\",\"url\":\"https:\/\/bsartstudio.vn\/vi\/products\/giay-ve-hoa-tiet-dong-ho\/\",\"name\":\"Gi\u00e0y v\u1ebd h\u1ecda ti\u1ebft \\\"\u0110\u00f4ng H\u1ed3\\\" - B\/S Art Studio\",\"isPartOf\":{\"@id\":\"https:\/\/bsartstudio.vn\/ja\/#website\"},\"primaryImageOfPage\":{\"@id\":\"https:\/\/bsartstudio.vn\/vi\/products\/giay-ve-hoa-tiet-dong-ho\/#primaryimage\"},\"image\":{\"@id\":\"https:\/\/bsartstudio.vn\/vi\/products\/giay-ve-hoa-tiet-dong-ho\/#primaryimage\"},\"thumbnailUrl\":\"https:\/\/bsartstudio.vn\/wp-content\/uploads\/2020\/03\/gi\u00e0y-\u0111\u00f4ng-h\u1ed3-v\u00e0ng-4.jpg\",\"datePublished\":\"2020-03-29T08:32:22+00:00\",\"dateModified\":\"2020-04-28T04:50:24+00:00\",\"breadcrumb\":{\"@id\":\"https:\/\/bsartstudio.vn\/vi\/products\/giay-ve-hoa-tiet-dong-ho\/#breadcrumb\"},\"inLanguage\":\"vi-VN\",\"potentialAction\":[{\"@type\":\"ReadAction\",\"target\":[\"https:\/\/bsartstudio.vn\/vi\/products\/giay-ve-hoa-tiet-dong-ho\/\"]}]},{\"@type\":\"ImageObject\",\"inLanguage\":\"vi-VN\",\"@id\":\"https:\/\/bsartstudio.vn\/vi\/products\/giay-ve-hoa-tiet-dong-ho\/#primaryimage\",\"url\":\"https:\/\/bsartstudio.vn\/wp-content\/uploads\/2020\/03\/gi\u00e0y-\u0111\u00f4ng-h\u1ed3-v\u00e0ng-4.jpg\",\"contentUrl\":\"https:\/\/bsartstudio.vn\/wp-content\/uploads\/2020\/03\/gi\u00e0y-\u0111\u00f4ng-h\u1ed3-v\u00e0ng-4.jpg\",\"width\":1920,\"height\":1560},{\"@type\":\"BreadcrumbList\",\"@id\":\"https:\/\/bsartstudio.vn\/vi\/products\/giay-ve-hoa-tiet-dong-ho\/#breadcrumb\",\"itemListElement\":[{\"@type\":\"ListItem\",\"position\":1,\"name\":\"Home\",\"item\":\"https:\/\/bsartstudio.vn\/en\/\"},{\"@type\":\"ListItem\",\"position\":2,\"name\":\"Shop\",\"item\":\"https:\/\/bsartstudio.vn\/en\/shop\/\"},{\"@type\":\"ListItem\",\"position\":3,\"name\":\"Gi\u00e0y v\u1ebd h\u1ecda ti\u1ebft &#8220;\u0110\u00f4ng H\u1ed3&#8221;\"}]},{\"@type\":\"WebSite\",\"@id\":\"https:\/\/bsartstudio.vn\/ja\/#website\",\"url\":\"https:\/\/bsartstudio.vn\/ja\/\",\"name\":\"B\/S Art Studio\",\"description\":\"\",\"publisher\":{\"@id\":\"https:\/\/bsartstudio.vn\/ja\/#organization\"},\"potentialAction\":[{\"@type\":\"SearchAction\",\"target\":{\"@type\":\"EntryPoint\",\"urlTemplate\":\"https:\/\/bsartstudio.vn\/ja\/?s={search_term_string}\"},\"query-input\":{\"@type\":\"PropertyValueSpecification\",\"valueRequired\":true,\"valueName\":\"search_term_string\"}}],\"inLanguage\":\"vi-VN\"},{\"@type\":\"Organization\",\"@id\":\"https:\/\/bsartstudio.vn\/ja\/#organization\",\"name\":\"B\/S Art Studio\",\"url\":\"https:\/\/bsartstudio.vn\/ja\/\",\"logo\":{\"@type\":\"ImageObject\",\"inLanguage\":\"vi-VN\",\"@id\":\"https:\/\/bsartstudio.vn\/ja\/#\/schema\/logo\/image\/\",\"url\":\"https:\/\/bsartstudio.vn\/wp-content\/uploads\/2020\/03\/54526018_2272576089468053_1525084505319145472_n.jpg\",\"contentUrl\":\"https:\/\/bsartstudio.vn\/wp-content\/uploads\/2020\/03\/54526018_2272576089468053_1525084505319145472_n.jpg\",\"width\":958,\"height\":958,\"caption\":\"B\/S Art Studio\"},\"image\":{\"@id\":\"https:\/\/bsartstudio.vn\/ja\/#\/schema\/logo\/image\/\"}}]}<\/script>\n<!-- \/ Yoast SEO plugin. -->","yoast_head_json":{"title":"Gi\u00e0y v\u1ebd h\u1ecda ti\u1ebft \"\u0110\u00f4ng H\u1ed3\" - B\/S Art Studio","robots":{"index":"index","follow":"follow","max-snippet":"max-snippet:-1","max-image-preview":"max-image-preview:large","max-video-preview":"max-video-preview:-1"},"canonical":"https:\/\/bsartstudio.vn\/vi\/products\/giay-ve-hoa-tiet-dong-ho\/","og_locale":"vi_VN","og_type":"article","og_title":"Gi\u00e0y v\u1ebd h\u1ecda ti\u1ebft \"\u0110\u00f4ng H\u1ed3\" - B\/S Art Studio","og_description":"\u201c\u0110\u00f4ng H\u1ed3\u201d l\u00e0 m\u1ed9t ngh\u1ec7 thu\u1eadt d\u00e2n gian l\u00e2u \u0111\u1eddi \u1edf Vi\u1ec7t Nam, nh\u1eefng h\u1ecda ti\u1ebft \u0110\u00f4ng H\u1ed3 th\u01b0\u1eddng c\u00f3 \u00fd ngh\u0129a v\u1ec1 m\u1ed9t cu\u1ed9c s\u1ed1ng \u0111\u01a1n gi\u1ea3n v\u00e0 h\u1ea1nh ph\u00fac. Heo l\u00e0 m\u1ed9t bi\u1ec3u t\u01b0\u1ee3ng cho s\u1ef1 \u1ea5m no, sung t\u00fac. S\u1ef1 k\u1ebft h\u1ee3p gi\u1eefa nh\u1eefng hoa v\u0103n \u0110\u00f4ng H\u1ed3 v\u00e0 Heo mang \u0111\u1ebfn s\u1ef1 c\u1ea7u ch\u00fac t\u1ed1t l\u00e0nh. Ng\u00e0y nay, tranh \u0110\u00f4ng H\u1ed3 \u0111ang d\u1ea7n bi\u1ebfn m\u1ea5t trong c\u00e1c gia \u0111\u00ecnh Vi\u1ec7t Nam v\u00e0o d\u1ecbp T\u1ebft. B\/S Art Studio \u0111\u00e3 v\u00e0 \u0111ang c\u1ed1 g\u1eafng mang \u0111\u1ebfn m\u1ed9t h\u01a1i th\u1edf m\u1edbi cho d\u00f2ng tranh \u0110\u00f4ng H\u1ed3 b\u1eb1ng c\u00e1ch k\u1ebft h\u1ee3p phong c\u00e1ch \u0110\u00f4ng H\u1ed3 v\u1edbi Doodle Art (nh\u1eefng h\u1ecda ti\u1ebft \u0111\u01a1n gi\u1ea3n \u0111\u01b0\u1ee3c t\u1ea1o ra m\u1ed9t c\u00e1ch ng\u1eabu h\u1ee9ng), ch\u1eb3ng h\u1ea1n nh\u01b0 s\u1ef1 k\u1ebft h\u1ee3p gi\u1eefa hoa v\u0103n \u0110\u00f4ng H\u1ed3 v\u00e0 12 con gi\u00e1p d\u1ef1a tr\u00ean l\u1ecbch \u00e2m c\u1ee7a Vi\u1ec7t Nam, v\u1edbi mong mu\u1ed1n c\u00f3 th\u1ec3 mang ngh\u1ec7 thu\u1eadt truy\u1ec1n th\u1ed1ng \u0111\u1ebfn g\u1ea7n ng\u01b0\u1eddi tr\u1ebb Vi\u1ec7t h\u01a1n.","og_url":"https:\/\/bsartstudio.vn\/vi\/products\/giay-ve-hoa-tiet-dong-ho\/","og_site_name":"B\/S Art Studio","article_modified_time":"2020-04-28T04:50:24+00:00","og_image":[{"width":1920,"height":1560,"url":"https:\/\/bsartstudio.vn\/wp-content\/uploads\/2020\/03\/gi\u00e0y-\u0111\u00f4ng-h\u1ed3-v\u00e0ng-4.jpg","type":"image\/jpeg"}],"twitter_card":"summary_large_image","twitter_misc":{"Est. reading time":"1 minute"},"schema":{"@context":"https:\/\/schema.org","@graph":[{"@type":"WebPage","@id":"https:\/\/bsartstudio.vn\/vi\/products\/giay-ve-hoa-tiet-dong-ho\/","url":"https:\/\/bsartstudio.vn\/vi\/products\/giay-ve-hoa-tiet-dong-ho\/","name":"Gi\u00e0y v\u1ebd h\u1ecda ti\u1ebft \"\u0110\u00f4ng H\u1ed3\" - B\/S Art Studio","isPartOf":{"@id":"https:\/\/bsartstudio.vn\/ja\/#website"},"primaryImageOfPage":{"@id":"https:\/\/bsartstudio.vn\/vi\/products\/giay-ve-hoa-tiet-dong-ho\/#primaryimage"},"image":{"@id":"https:\/\/bsartstudio.vn\/vi\/products\/giay-ve-hoa-tiet-dong-ho\/#primaryimage"},"thumbnailUrl":"https:\/\/bsartstudio.vn\/wp-content\/uploads\/2020\/03\/gi\u00e0y-\u0111\u00f4ng-h\u1ed3-v\u00e0ng-4.jpg","datePublished":"2020-03-29T08:32:22+00:00","dateModified":"2020-04-28T04:50:24+00:00","breadcrumb":{"@id":"https:\/\/bsartstudio.vn\/vi\/products\/giay-ve-hoa-tiet-dong-ho\/#breadcrumb"},"inLanguage":"vi-VN","potentialAction":[{"@type":"ReadAction","target":["https:\/\/bsartstudio.vn\/vi\/products\/giay-ve-hoa-tiet-dong-ho\/"]}]},{"@type":"ImageObject","inLanguage":"vi-VN","@id":"https:\/\/bsartstudio.vn\/vi\/products\/giay-ve-hoa-tiet-dong-ho\/#primaryimage","url":"https:\/\/bsartstudio.vn\/wp-content\/uploads\/2020\/03\/gi\u00e0y-\u0111\u00f4ng-h\u1ed3-v\u00e0ng-4.jpg","contentUrl":"https:\/\/bsartstudio.vn\/wp-content\/uploads\/2020\/03\/gi\u00e0y-\u0111\u00f4ng-h\u1ed3-v\u00e0ng-4.jpg","width":1920,"height":1560},{"@type":"BreadcrumbList","@id":"https:\/\/bsartstudio.vn\/vi\/products\/giay-ve-hoa-tiet-dong-ho\/#breadcrumb","itemListElement":[{"@type":"ListItem","position":1,"name":"Home","item":"https:\/\/bsartstudio.vn\/en\/"},{"@type":"ListItem","position":2,"name":"Shop","item":"https:\/\/bsartstudio.vn\/en\/shop\/"},{"@type":"ListItem","position":3,"name":"Gi\u00e0y v\u1ebd h\u1ecda ti\u1ebft &#8220;\u0110\u00f4ng H\u1ed3&#8221;"}]},{"@type":"WebSite","@id":"https:\/\/bsartstudio.vn\/ja\/#website","url":"https:\/\/bsartstudio.vn\/ja\/","name":"B\/S Art Studio","description":"","publisher":{"@id":"https:\/\/bsartstudio.vn\/ja\/#organization"},"potentialAction":[{"@type":"SearchAction","target":{"@type":"EntryPoint","urlTemplate":"https:\/\/bsartstudio.vn\/ja\/?s={search_term_string}"},"query-input":{"@type":"PropertyValueSpecification","valueRequired":true,"valueName":"search_term_string"}}],"inLanguage":"vi-VN"},{"@type":"Organization","@id":"https:\/\/bsartstudio.vn\/ja\/#organization","name":"B\/S Art Studio","url":"https:\/\/bsartstudio.vn\/ja\/","logo":{"@type":"ImageObject","inLanguage":"vi-VN","@id":"https:\/\/bsartstudio.vn\/ja\/#\/schema\/logo\/image\/","url":"https:\/\/bsartstudio.vn\/wp-content\/uploads\/2020\/03\/54526018_2272576089468053_1525084505319145472_n.jpg","contentUrl":"https:\/\/bsartstudio.vn\/wp-content\/uploads\/2020\/03\/54526018_2272576089468053_1525084505319145472_n.jpg","width":958,"height":958,"caption":"B\/S Art Studio"},"image":{"@id":"https:\/\/bsartstudio.vn\/ja\/#\/schema\/logo\/image\/"}}]}},"_links":{"self":[{"href":"https:\/\/bsartstudio.vn\/vi\/wp-json\/wp\/v2\/product\/1054"}],"collection":[{"href":"https:\/\/bsartstudio.vn\/vi\/wp-json\/wp\/v2\/product"}],"about":[{"href":"https:\/\/bsartstudio.vn\/vi\/wp-json\/wp\/v2\/types\/product"}],"wp:featuredmedia":[{"embeddable":true,"href":"https:\/\/bsartstudio.vn\/vi\/wp-json\/wp\/v2\/media\/1058"}],"wp:attachment":[{"href":"https:\/\/bsartstudio.vn\/vi\/wp-json\/wp\/v2\/media?parent=1054"}],"wp:term":[{"taxonomy":"product_cat","embeddable":true,"href":"https:\/\/bsartstudio.vn\/vi\/wp-json\/wp\/v2\/product_cat?post=1054"},{"taxonomy":"product_tag","embeddable":true,"href":"https:\/\/bsartstudio.vn\/vi\/wp-json\/wp\/v2\/product_tag?post=1054"}],"curies":[{"name":"wp","href":"https:\/\/api.w.org\/{rel}","templated":true}]}}